{"id":10221,"date":"2025-12-01T07:49:53","date_gmt":"2025-12-01T06:49:53","guid":{"rendered":"https:\/\/arabian-mood.com\/?post_type=product&#038;p=10221"},"modified":"2026-04-27T00:28:44","modified_gmt":"2026-04-26T22:28:44","slug":"eau-de-parfum-reef-33-reef-perfumes","status":"publish","type":"product","link":"https:\/\/arabian-mood.com\/de\/produit\/eau-de-parfum-reef-33-reef-perfumes\/","title":{"rendered":"Eau de Parfum Reef 33 \u2013 Reef Parfums"},"content":{"rendered":"<section id=\"faq\"><span style=\"font-weight: 400;\">D\u00e9couvrez <strong>Riff 33<\/strong>, une <strong>Eau de Parfum unisex<\/strong> imagin\u00e9e par Reef, la maison qui redonne un souffle nouveau \u00e0 la <strong>orientalische Parf\u00fcmerie<\/strong> depuis 2020. Cette <strong>fragrance unisexe<\/strong> de 100 ml allie avec naturel \u00e9l\u00e9gance intemporelle et notes bois\u00e9es orientales, cr\u00e9\u00e9e avec passion par le ma\u00eetre parfumeur <strong>Kevin Mathys<\/strong>.<\/span><\/p>\n<h2><span style=\"font-weight: 400;\">Zoom sur Reef 33, un parfum envo\u00fbtant port\u00e9 par tous<\/span><\/h2>\n<p><span style=\"font-weight: 400;\">Cette eau de parfum se diff\u00e9rencie par sa composition olfactive audacieuse qui s\u00e9duira aussi bien les hommes que les femmes en qu\u00eate d&#8217;authenticit\u00e9. La pyramide olfactive s&#8217;articule autour de trois accords principaux soigneusement orchestr\u00e9s.<\/span><\/p>\n<p><span style=\"font-weight: 400;\">En premier, on retrouve le <strong>safran<\/strong> qui d\u00e9voile imm\u00e9diatement son caract\u00e8re pr\u00e9cieux. Cette <strong>\u00e9pice<\/strong> noble r\u00e9chauffe la peau d&#8217;une touche l\u00e9g\u00e8rement \u00e9pic\u00e9e. Le safran conf\u00e8re \u00e0 ce <strong>orientalisches Parf\u00fcm<\/strong> une signature imm\u00e9diatement reconnaissable.<\/span><\/p>\n<p><span style=\"font-weight: 400;\">Ensuite, le <strong>romarin<\/strong> fait irruption pour apporter une fra\u00eecheur aromatique inattendue. Cette <strong>note de c\u0153ur herbac\u00e9e<\/strong> \u00e9quilibre id\u00e9alement l&#8217;intensit\u00e9 du safran. Vous appr\u00e9cierez notamment l&#8217;harmonie subtile entre chaleur et vivacit\u00e9. C&#8217;est d&#8217;ailleurs cette dimension aromatique qui rend Reef 33 si polyvalent.<\/span><\/p>\n<p><span style=\"font-weight: 400;\">Enfin, la base repose sur le <strong>oud<\/strong>, ce <strong>bois mythique<\/strong> qui fascine les amateurs de <strong>parfumerie de luxe<\/strong>. Cet ingr\u00e9dient d\u00e9ploie une profondeur bois\u00e9e mystique et envo\u00fbtante et assure un sillage persistant. Cette essence pr\u00e9cieuse fait de Reef 33 un v\u00e9ritable <strong>parfum haut de gamme<\/strong>.<\/span><\/p>\n<h3><span style=\"font-weight: 400;\">Reef 33, une eau de parfum qui vous rend diff\u00e9rent ?<\/span><\/h3>\n<p><span style=\"font-weight: 400;\">Cette eau de parfum orientale convient \u00e0 toutes les occasions. Son flacon de 100ml offre une g\u00e9n\u00e9reuse contenance pour profiter longtemps de cette fragrance sophistiqu\u00e9e. La <strong>famille olfactive oriental-bois\u00e9<\/strong> en fait un choix id\u00e9al pour ceux qui recherchent un parfum distinctif, loin des senteurs conventionnelles.<\/span><\/p>\n<p><span style=\"font-weight: 400;\">Reef 33 s&#8217;adresse en l&#8217;occurrence aux personnalit\u00e9s affirm\u00e9es qui appr\u00e9cient les parfums raffin\u00e9s et les compositions audacieuses. C&#8217;est le parfum parfait pour marquer les esprits avec \u00e9l\u00e9gance. Mais ne vous arr\u00eatez pas en si bon chemin. Arabian Mood sait vous orienter vers les bijoux olfactifs les plus distinctifs. Profitez de cet instant pour commander \u00e9galement <\/span><a href=\"https:\/\/arabian-mood.com\/de\/product\/imperial-valley-200-ml-gissah\/\"><span style=\"font-weight: 400;\"><strong>Kaiserliches Tal<\/strong><\/span><\/a><span style=\"font-weight: 400;\">, un autre best-seller de la marque <strong>Reef Perfumes<\/strong>.<\/span><\/p>\n<h3><span style=\"font-weight: 400;\">Comment tirer le meilleur de Reef 33 ?<\/span><\/h3>\n<p><span style=\"font-weight: 400;\">Pour profiter pleinement de sa richesse, appliquez-le sur les zones de chaleur comme le cou ou les poignets, sans les frotter afin de pr\u00e9server l\u2019int\u00e9grit\u00e9 de ses notes bois\u00e9es et \u00e9pic\u00e9es. Cette technique permet au safran et au oud de se r\u00e9v\u00e9ler progressivement et d\u2019offrir un sillage plus profond et harmonieux.<\/span><\/p>\n<p><span style=\"font-weight: 400;\">Reef 33 r\u00e9v\u00e8le tout son potentiel lors des moments qui comptent. C\u2019est le parfum parfait lorsque vous souhaitez affirmer votre pr\u00e9sence avec \u00e9l\u00e9gance. Sa signature orientale et aromatique laisse un sillage discret mais m\u00e9morable, id\u00e9al pour ceux qui recherchent une fragrance authentique et pleine de caract\u00e8re.<\/span><\/p>\n<\/section>","protected":false},"excerpt":{"rendered":"<p><strong>Kopfnote<\/strong> : Safran royal.<br \/>\n<strong>Herznote<\/strong> : Romarin.<br \/>\n<strong>Hintergrundnotiz<\/strong> : Oud.<\/p>","protected":false},"featured_media":10222,"template":"","meta":[],"product_brand":[],"product_cat":[582],"product_tag":[],"class_list":{"0":"post-10221","1":"product","2":"type-product","3":"status-publish","4":"has-post-thumbnail","6":"product_cat-reef-perfumes","8":"first","9":"instock","10":"taxable","11":"shipping-taxable","12":"purchasable","13":"product-type-simple"},"yoast_head":"<!-- This site is optimized with the Yoast SEO plugin v27.5 - https:\/\/yoast.com\/product\/yoast-seo-wordpress\/ -->\n<title>Eau de parfum mixte Reef 33 100 ml | Reef Perfumes<\/title>\n<meta name=\"description\" content=\"Reef 33 est un parfum aux notes fra\u00eeches et bois\u00e9es, appr\u00e9ci\u00e9 pour son sillage \u00e9quilibr\u00e9 et sa bonne tenue. Commandez-le dans votre Arabian Mood !\" \/>\n<meta name=\"robots\" content=\"index, follow, max-snippet:-1, max-image-preview:large, max-video-preview:-1\" \/>\n<link rel=\"canonical\" href=\"https:\/\/arabian-mood.com\/de\/product\/eau-de-parfum-reef-33-reef-perfumes\/\" \/>\n<meta property=\"og:locale\" content=\"de_DE\" \/>\n<meta property=\"og:type\" content=\"article\" \/>\n<meta property=\"og:title\" content=\"Eau de parfum mixte Reef 33 100 ml | Reef Perfumes\" \/>\n<meta property=\"og:description\" content=\"Reef 33 est un parfum aux notes fra\u00eeches et bois\u00e9es, appr\u00e9ci\u00e9 pour son sillage \u00e9quilibr\u00e9 et sa bonne tenue. Commandez-le dans votre Arabian Mood !\" \/>\n<meta property=\"og:url\" content=\"https:\/\/arabian-mood.com\/de\/product\/eau-de-parfum-reef-33-reef-perfumes\/\" \/>\n<meta property=\"og:site_name\" content=\"Arabian Mood\" \/>\n<meta property=\"article:modified_time\" content=\"2026-04-26T22:28:44+00:00\" \/>\n<meta property=\"og:image\" content=\"https:\/\/arabian-mood.com\/wp-content\/uploads\/2025\/12\/reef-33.jpg\" \/>\n\t<meta property=\"og:image:width\" content=\"600\" \/>\n\t<meta property=\"og:image:height\" content=\"600\" \/>\n\t<meta property=\"og:image:type\" content=\"image\/jpeg\" \/>\n<meta name=\"twitter:card\" content=\"summary_large_image\" \/>\n<meta name=\"twitter:label1\" content=\"Gesch\u00e4tzte Lesezeit\" \/>\n\t<meta name=\"twitter:data1\" content=\"3\u00a0Minuten\" \/>\n<script type=\"application\/ld+json\" class=\"yoast-schema-graph\">{\"@context\":\"https:\\\/\\\/schema.org\",\"@graph\":[{\"@type\":\"WebPage\",\"@id\":\"https:\\\/\\\/arabian-mood.com\\\/produit\\\/eau-de-parfum-reef-33-reef-perfumes\\\/\",\"url\":\"https:\\\/\\\/arabian-mood.com\\\/produit\\\/eau-de-parfum-reef-33-reef-perfumes\\\/\",\"name\":\"Eau de parfum mixte Reef 33 100 ml | Reef Perfumes\",\"isPartOf\":{\"@id\":\"https:\\\/\\\/arabian-mood.com\\\/#website\"},\"primaryImageOfPage\":{\"@id\":\"https:\\\/\\\/arabian-mood.com\\\/produit\\\/eau-de-parfum-reef-33-reef-perfumes\\\/#primaryimage\"},\"image\":{\"@id\":\"https:\\\/\\\/arabian-mood.com\\\/produit\\\/eau-de-parfum-reef-33-reef-perfumes\\\/#primaryimage\"},\"thumbnailUrl\":\"https:\\\/\\\/arabian-mood.com\\\/wp-content\\\/uploads\\\/2025\\\/12\\\/reef-33.jpg\",\"datePublished\":\"2025-12-01T06:49:53+00:00\",\"dateModified\":\"2026-04-26T22:28:44+00:00\",\"description\":\"Reef 33 est un parfum aux notes fra\u00eeches et bois\u00e9es, appr\u00e9ci\u00e9 pour son sillage \u00e9quilibr\u00e9 et sa bonne tenue. Commandez-le dans votre Arabian Mood !\",\"breadcrumb\":{\"@id\":\"https:\\\/\\\/arabian-mood.com\\\/produit\\\/eau-de-parfum-reef-33-reef-perfumes\\\/#breadcrumb\"},\"inLanguage\":\"de\",\"potentialAction\":[{\"@type\":\"ReadAction\",\"target\":[\"https:\\\/\\\/arabian-mood.com\\\/produit\\\/eau-de-parfum-reef-33-reef-perfumes\\\/\"]}]},{\"@type\":\"ImageObject\",\"inLanguage\":\"de\",\"@id\":\"https:\\\/\\\/arabian-mood.com\\\/produit\\\/eau-de-parfum-reef-33-reef-perfumes\\\/#primaryimage\",\"url\":\"https:\\\/\\\/arabian-mood.com\\\/wp-content\\\/uploads\\\/2025\\\/12\\\/reef-33.jpg\",\"contentUrl\":\"https:\\\/\\\/arabian-mood.com\\\/wp-content\\\/uploads\\\/2025\\\/12\\\/reef-33.jpg\",\"width\":600,\"height\":600,\"caption\":\"Reef 33\"},{\"@type\":\"BreadcrumbList\",\"@id\":\"https:\\\/\\\/arabian-mood.com\\\/produit\\\/eau-de-parfum-reef-33-reef-perfumes\\\/#breadcrumb\",\"itemListElement\":[{\"@type\":\"ListItem\",\"position\":1,\"name\":\"Accueil\",\"item\":\"https:\\\/\\\/arabian-mood.com\\\/\"},{\"@type\":\"ListItem\",\"position\":2,\"name\":\"Boutique\",\"item\":\"https:\\\/\\\/arabian-mood.com\\\/boutique\\\/\"},{\"@type\":\"ListItem\",\"position\":3,\"name\":\"Eau de parfum Reef 33 &#8211; Reef Perfumes\"}]},{\"@type\":\"WebSite\",\"@id\":\"https:\\\/\\\/arabian-mood.com\\\/#website\",\"url\":\"https:\\\/\\\/arabian-mood.com\\\/\",\"name\":\"Arabian Mood\",\"description\":\"\",\"publisher\":{\"@id\":\"https:\\\/\\\/arabian-mood.com\\\/#organization\"},\"potentialAction\":[{\"@type\":\"SearchAction\",\"target\":{\"@type\":\"EntryPoint\",\"urlTemplate\":\"https:\\\/\\\/arabian-mood.com\\\/?s={search_term_string}\"},\"query-input\":{\"@type\":\"PropertyValueSpecification\",\"valueRequired\":true,\"valueName\":\"search_term_string\"}}],\"inLanguage\":\"de\"},{\"@type\":\"Organization\",\"@id\":\"https:\\\/\\\/arabian-mood.com\\\/#organization\",\"name\":\"Arabian Mood\",\"url\":\"https:\\\/\\\/arabian-mood.com\\\/\",\"logo\":{\"@type\":\"ImageObject\",\"inLanguage\":\"de\",\"@id\":\"https:\\\/\\\/arabian-mood.com\\\/#\\\/schema\\\/logo\\\/image\\\/\",\"url\":\"https:\\\/\\\/arabian-mood.com\\\/wp-content\\\/uploads\\\/2024\\\/09\\\/Groupe-11304.svg\",\"contentUrl\":\"https:\\\/\\\/arabian-mood.com\\\/wp-content\\\/uploads\\\/2024\\\/09\\\/Groupe-11304.svg\",\"width\":214,\"height\":27,\"caption\":\"Arabian Mood\"},\"image\":{\"@id\":\"https:\\\/\\\/arabian-mood.com\\\/#\\\/schema\\\/logo\\\/image\\\/\"},\"sameAs\":[\"https:\\\/\\\/www.instagram.com\\\/arabianmoodofficiel\\\/\"]}]}<\/script>\n<!-- \/ Yoast SEO plugin. -->","yoast_head_json":{"title":"Eau de parfum mixte Reef 33 100 ml | Reef Perfumes","description":"Reef 33 est un parfum aux notes fra\u00eeches et bois\u00e9es, appr\u00e9ci\u00e9 pour son sillage \u00e9quilibr\u00e9 et sa bonne tenue. Commandez-le dans votre Arabian Mood !","robots":{"index":"index","follow":"follow","max-snippet":"max-snippet:-1","max-image-preview":"max-image-preview:large","max-video-preview":"max-video-preview:-1"},"canonical":"https:\/\/arabian-mood.com\/de\/product\/eau-de-parfum-reef-33-reef-perfumes\/","og_locale":"de_DE","og_type":"article","og_title":"Eau de parfum mixte Reef 33 100 ml | Reef Perfumes","og_description":"Reef 33 est un parfum aux notes fra\u00eeches et bois\u00e9es, appr\u00e9ci\u00e9 pour son sillage \u00e9quilibr\u00e9 et sa bonne tenue. Commandez-le dans votre Arabian Mood !","og_url":"https:\/\/arabian-mood.com\/de\/product\/eau-de-parfum-reef-33-reef-perfumes\/","og_site_name":"Arabian Mood","article_modified_time":"2026-04-26T22:28:44+00:00","og_image":[{"width":600,"height":600,"url":"https:\/\/arabian-mood.com\/wp-content\/uploads\/2025\/12\/reef-33.jpg","type":"image\/jpeg"}],"twitter_card":"summary_large_image","twitter_misc":{"Gesch\u00e4tzte Lesezeit":"3\u00a0Minuten"},"schema":{"@context":"https:\/\/schema.org","@graph":[{"@type":"WebPage","@id":"https:\/\/arabian-mood.com\/produit\/eau-de-parfum-reef-33-reef-perfumes\/","url":"https:\/\/arabian-mood.com\/produit\/eau-de-parfum-reef-33-reef-perfumes\/","name":"Eau de parfum mixte Reef 33 100 ml | Reef Perfumes","isPartOf":{"@id":"https:\/\/arabian-mood.com\/#website"},"primaryImageOfPage":{"@id":"https:\/\/arabian-mood.com\/produit\/eau-de-parfum-reef-33-reef-perfumes\/#primaryimage"},"image":{"@id":"https:\/\/arabian-mood.com\/produit\/eau-de-parfum-reef-33-reef-perfumes\/#primaryimage"},"thumbnailUrl":"https:\/\/arabian-mood.com\/wp-content\/uploads\/2025\/12\/reef-33.jpg","datePublished":"2025-12-01T06:49:53+00:00","dateModified":"2026-04-26T22:28:44+00:00","description":"Reef 33 est un parfum aux notes fra\u00eeches et bois\u00e9es, appr\u00e9ci\u00e9 pour son sillage \u00e9quilibr\u00e9 et sa bonne tenue. Commandez-le dans votre Arabian Mood !","breadcrumb":{"@id":"https:\/\/arabian-mood.com\/produit\/eau-de-parfum-reef-33-reef-perfumes\/#breadcrumb"},"inLanguage":"de","potentialAction":[{"@type":"ReadAction","target":["https:\/\/arabian-mood.com\/produit\/eau-de-parfum-reef-33-reef-perfumes\/"]}]},{"@type":"ImageObject","inLanguage":"de","@id":"https:\/\/arabian-mood.com\/produit\/eau-de-parfum-reef-33-reef-perfumes\/#primaryimage","url":"https:\/\/arabian-mood.com\/wp-content\/uploads\/2025\/12\/reef-33.jpg","contentUrl":"https:\/\/arabian-mood.com\/wp-content\/uploads\/2025\/12\/reef-33.jpg","width":600,"height":600,"caption":"Reef 33"},{"@type":"BreadcrumbList","@id":"https:\/\/arabian-mood.com\/produit\/eau-de-parfum-reef-33-reef-perfumes\/#breadcrumb","itemListElement":[{"@type":"ListItem","position":1,"name":"Accueil","item":"https:\/\/arabian-mood.com\/"},{"@type":"ListItem","position":2,"name":"Boutique","item":"https:\/\/arabian-mood.com\/boutique\/"},{"@type":"ListItem","position":3,"name":"Eau de parfum Reef 33 &#8211; Reef Perfumes"}]},{"@type":"WebSite","@id":"https:\/\/arabian-mood.com\/#website","url":"https:\/\/arabian-mood.com\/","name":"Arabische Stimmung","description":"","publisher":{"@id":"https:\/\/arabian-mood.com\/#organization"},"potentialAction":[{"@type":"SearchAction","target":{"@type":"EntryPoint","urlTemplate":"https:\/\/arabian-mood.com\/?s={search_term_string}"},"query-input":{"@type":"PropertyValueSpecification","valueRequired":true,"valueName":"search_term_string"}}],"inLanguage":"de"},{"@type":"Organization","@id":"https:\/\/arabian-mood.com\/#organization","name":"Arabische Stimmung","url":"https:\/\/arabian-mood.com\/","logo":{"@type":"ImageObject","inLanguage":"de","@id":"https:\/\/arabian-mood.com\/#\/schema\/logo\/image\/","url":"https:\/\/arabian-mood.com\/wp-content\/uploads\/2024\/09\/Groupe-11304.svg","contentUrl":"https:\/\/arabian-mood.com\/wp-content\/uploads\/2024\/09\/Groupe-11304.svg","width":214,"height":27,"caption":"Arabian Mood"},"image":{"@id":"https:\/\/arabian-mood.com\/#\/schema\/logo\/image\/"},"sameAs":["https:\/\/www.instagram.com\/arabianmoodofficiel\/"]}]}},"_links":{"self":[{"href":"https:\/\/arabian-mood.com\/de\/wp-json\/wp\/v2\/product\/10221","targetHints":{"allow":["GET"]}}],"collection":[{"href":"https:\/\/arabian-mood.com\/de\/wp-json\/wp\/v2\/product"}],"about":[{"href":"https:\/\/arabian-mood.com\/de\/wp-json\/wp\/v2\/types\/product"}],"wp:featuredmedia":[{"embeddable":true,"href":"https:\/\/arabian-mood.com\/de\/wp-json\/wp\/v2\/media\/10222"}],"wp:attachment":[{"href":"https:\/\/arabian-mood.com\/de\/wp-json\/wp\/v2\/media?parent=10221"}],"wp:term":[{"taxonomy":"product_brand","embeddable":true,"href":"https:\/\/arabian-mood.com\/de\/wp-json\/wp\/v2\/product_brand?post=10221"},{"taxonomy":"product_cat","embeddable":true,"href":"https:\/\/arabian-mood.com\/de\/wp-json\/wp\/v2\/product_cat?post=10221"},{"taxonomy":"product_tag","embeddable":true,"href":"https:\/\/arabian-mood.com\/de\/wp-json\/wp\/v2\/product_tag?post=10221"}],"curies":[{"name":"wp","href":"https:\/\/api.w.org\/{rel}","templated":true}]}}