{"id":10234,"date":"2025-12-02T19:02:58","date_gmt":"2025-12-02T18:02:58","guid":{"rendered":"https:\/\/arabian-mood.com\/?post_type=product&#038;p=10234"},"modified":"2026-04-02T14:55:42","modified_gmt":"2026-04-02T12:55:42","slug":"eau-de-parfum-eternal-vanille-100-ml-lattafa","status":"publish","type":"product","link":"https:\/\/arabian-mood.com\/de\/produit\/eau-de-parfum-eternal-vanille-100-ml-lattafa\/","title":{"rendered":"Eau de Parfum Eternal Vanille 100 ml \u2013 Lattafa"},"content":{"rendered":"<p>Es gibt die Vanillen, die nach Dessert riechen, ekelhaft schon beim ersten Spr\u00fchen. Und dann gibt es <strong>Ewige Vanille<\/strong> German <strong>Lattafa Pride<\/strong>. Eine ganz andere Geschichte.<\/p>\n<h2>Eternal Vanille Lattafa: Die erwachsene Vanille, die wir nicht erwartet h\u00e4tten<\/h2>\n<p>Ver\u00f6ffentlicht 2025 und vom Parf\u00fcmeur signiert <strong>Jordi Fern\u00e1ndez<\/strong>, Eternal Vanille \u00f6ffnet sich mit einer frischen Note von <strong>Grapefruit<\/strong> und von <strong>beschneiden<\/strong>, bevor es in einem dezenten blumigen Herzen \u00fcbergeht\u2019<strong>Heliotrop<\/strong> und d\u2019<strong>Orchidee<\/strong>. Im Grunde spielt sich alles ab: <strong>Vanille<\/strong>, <strong>Benzoe<\/strong> und <strong>Bernstein<\/strong> formen wir gemeinsam etwas Warmes, Cremiges, leicht Holziges und Moschusartiges.<\/p>\n<p>Kein aggressiver Zucker, kein Bonbon-Effekt. Nur eine elegante, umh\u00fcllende Vanille, die wie eine zweite Natur auf der Haut bleibt. Die Vanille bleibt angenehm, vorausgesetzt, man dosiert sie bewusst. Sonst kann sie schnell schwer zu tragen werden. Aber eines ist sicher, Lattafa versteht es, die Inhaltsstoffe sorgf\u00e4ltig zu handhaben, um atemberaubende D\u00fcfte zu entwickeln.<\/p>\n<h3>Ewige Vanille: ein gourmandiger Duft auf den Punkt<\/h3>\n<p>Was <strong>Parf\u00fcm von Lattafa<\/strong> ist gemischt und er steht voll und ganz zu dieser Ausrichtung. Es ist f\u00fcr diejenigen geeignet, die gerne <strong>holzige und ambrierte D\u00fcfte<\/strong> aber die eine s\u00fc\u00dfe Note ohne Exzess w\u00fcnschen. Wenn Sie eine sehr ausgepr\u00e4gte Vanille f\u00fcr Desserts suchen, wenden Sie sich eher an <a href=\"https:\/\/arabian-mood.com\/de\/product\/bonbon-vanilla-100-ml-collection-bonbon-volare\/\"><strong>Bonbon Vanille<\/strong><\/a> German <strong>Ich werde fliegen<\/strong>. Aber wenn Sie ein modernes, erwachsenes und vielseitiges Vanillearoma w\u00fcnschen, sind Sie hier genau richtig.<\/p>\n<p>Eternal Vanille ist ein Duft, der mit seiner nat\u00fcrlichen kuscheligen Wirkung f\u00fcr den Herbst und Winter ma\u00dfgeschneidert ist. Er funktioniert auch sehr gut am Abend. Seine Haltbarkeit liegt bei etwa 8 Stunden mit einer m\u00e4\u00dfigen Sillage, was f\u00fcr Liebhaber starker Projektion diskret erscheinen mag.<\/p>\n<h3>Verdammt, abh\u00e4ngig zu werden\u2026<\/h3>\n<p>Eternal Vanille ist eines dieser Parf\u00fcms, das man beim ersten Spr\u00fchen nicht immer versteht, aber dann nicht mehr missen m\u00f6chte. Eine sichere Wahl in der Lattafa Pride-Reihe.<\/p>","protected":false},"excerpt":{"rendered":"<section class=\"elementor-section elementor-inner-section elementor-element elementor-element-bd10d66 elementor-section-boxed elementor-section-height-default elementor-section-height-default\" data-id=\"bd10d66\" data-element_type=\"section\">\n<div class=\"elementor-container elementor-column-gap-default\">\n<div class=\"elementor-column elementor-col-100 elementor-inner-column elementor-element elementor-element-40f0694\" data-id=\"40f0694\" data-element_type=\"column\">\n<div class=\"elementor-widget-wrap elementor-element-populated\">\n<div class=\"elementor-element elementor-element-c183d55 elementor-widget elementor-widget-woocommerce-product-short-description\" data-id=\"c183d55\" data-element_type=\"widget\" data-widget_type=\"woocommerce-product-short-description.default\">\n<div class=\"elementor-widget-container\">\n<div class=\"woocommerce-product-details__short-description\">\n<section class=\"elementor-section elementor-inner-section elementor-element elementor-element-bd10d66 elementor-section-boxed elementor-section-height-default elementor-section-height-default\" data-id=\"bd10d66\" data-element_type=\"section\">\n<div class=\"elementor-container elementor-column-gap-default\">\n<div class=\"elementor-column elementor-col-100 elementor-inner-column elementor-element elementor-element-40f0694\" data-id=\"40f0694\" data-element_type=\"column\">\n<div class=\"elementor-widget-wrap elementor-element-populated\">\n<div class=\"elementor-element elementor-element-c183d55 elementor-widget elementor-widget-woocommerce-product-short-description\" data-id=\"c183d55\" data-element_type=\"widget\" data-widget_type=\"woocommerce-product-short-description.default\">\n<div class=\"elementor-widget-container\">\n<div class=\"woocommerce-product-details__short-description\">\n<p><strong>Kopfnote<\/strong> Grapefruit, Pflaume<br \/>\n<strong>Herznote<\/strong> Heliotrop, Orchidee<br \/>\n<strong>Hintergrundnotiz<\/strong> Ambra, Benzoe, Vanille.<\/p>\n<\/div>\n<p><strong>Genre:\u00a0<\/strong>gemischt<\/p>\n<\/div>\n<\/div>\n<\/div>\n<\/div>\n<\/div>\n<\/section>\n<\/div>\n<\/div>\n<\/div>\n<\/div>\n<\/div>\n<\/div>\n<\/section>","protected":false},"featured_media":10235,"template":"","meta":[],"product_brand":[],"product_cat":[518,584,590,433],"product_tag":[],"class_list":{"0":"post-10234","1":"product","2":"type-product","3":"status-publish","4":"has-post-thumbnail","6":"product_cat-lattafa","7":"product_cat-parfum-dubai-femme","8":"product_cat-parfum-dubai-mixte","9":"product_cat-parfums-de-dubai","11":"first","12":"instock","13":"taxable","14":"shipping-taxable","15":"purchasable","16":"product-type-simple"},"yoast_head":"<!-- This site is optimized with the Yoast SEO plugin v27.6 - https:\/\/yoast.com\/product\/yoast-seo-wordpress\/ -->\n<title>Eau de parfum Eternal Vanille 100 ml - Lattafa<\/title>\n<meta name=\"description\" content=\"Vanille cr\u00e9meuse, ambre et bois : Eternal Vanille de Lattafa Pride est la fragrance gourmande sans exc\u00e8s. D\u00e9couvrez l\u00e0 d\u00e8s maintenant.\" \/>\n<meta name=\"robots\" content=\"index, follow, max-snippet:-1, max-image-preview:large, max-video-preview:-1\" \/>\n<link rel=\"canonical\" href=\"https:\/\/arabian-mood.com\/de\/product\/eau-de-parfum-eternal-vanille-100-ml-lattafa\/\" \/>\n<meta property=\"og:locale\" content=\"de_DE\" \/>\n<meta property=\"og:type\" content=\"article\" \/>\n<meta property=\"og:title\" content=\"Eau de parfum Eternal Vanille 100 ml - Lattafa\" \/>\n<meta property=\"og:description\" content=\"Vanille cr\u00e9meuse, ambre et bois : Eternal Vanille de Lattafa Pride est la fragrance gourmande sans exc\u00e8s. D\u00e9couvrez l\u00e0 d\u00e8s maintenant.\" \/>\n<meta property=\"og:url\" content=\"https:\/\/arabian-mood.com\/de\/product\/eau-de-parfum-eternal-vanille-100-ml-lattafa\/\" \/>\n<meta property=\"og:site_name\" content=\"Arabian Mood\" \/>\n<meta property=\"article:modified_time\" content=\"2026-04-02T12:55:42+00:00\" \/>\n<meta property=\"og:image\" content=\"https:\/\/arabian-mood.com\/wp-content\/uploads\/2025\/12\/Eternal-Vanille.jpg\" \/>\n\t<meta property=\"og:image:width\" content=\"597\" \/>\n\t<meta property=\"og:image:height\" content=\"597\" \/>\n\t<meta property=\"og:image:type\" content=\"image\/jpeg\" \/>\n<meta name=\"twitter:card\" content=\"summary_large_image\" \/>\n<meta name=\"twitter:label1\" content=\"Gesch\u00e4tzte Lesezeit\" \/>\n\t<meta name=\"twitter:data1\" content=\"2\u00a0Minuten\" \/>\n<script type=\"application\/ld+json\" class=\"yoast-schema-graph\">{\"@context\":\"https:\\\/\\\/schema.org\",\"@graph\":[{\"@type\":\"WebPage\",\"@id\":\"https:\\\/\\\/arabian-mood.com\\\/produit\\\/eau-de-parfum-eternal-vanille-100-ml-lattafa\\\/\",\"url\":\"https:\\\/\\\/arabian-mood.com\\\/produit\\\/eau-de-parfum-eternal-vanille-100-ml-lattafa\\\/\",\"name\":\"Eau de parfum Eternal Vanille 100 ml - Lattafa\",\"isPartOf\":{\"@id\":\"https:\\\/\\\/arabian-mood.com\\\/#website\"},\"primaryImageOfPage\":{\"@id\":\"https:\\\/\\\/arabian-mood.com\\\/produit\\\/eau-de-parfum-eternal-vanille-100-ml-lattafa\\\/#primaryimage\"},\"image\":{\"@id\":\"https:\\\/\\\/arabian-mood.com\\\/produit\\\/eau-de-parfum-eternal-vanille-100-ml-lattafa\\\/#primaryimage\"},\"thumbnailUrl\":\"https:\\\/\\\/arabian-mood.com\\\/wp-content\\\/uploads\\\/2025\\\/12\\\/Eternal-Vanille.jpg\",\"datePublished\":\"2025-12-02T18:02:58+00:00\",\"dateModified\":\"2026-04-02T12:55:42+00:00\",\"description\":\"Vanille cr\u00e9meuse, ambre et bois : Eternal Vanille de Lattafa Pride est la fragrance gourmande sans exc\u00e8s. D\u00e9couvrez l\u00e0 d\u00e8s maintenant.\",\"breadcrumb\":{\"@id\":\"https:\\\/\\\/arabian-mood.com\\\/produit\\\/eau-de-parfum-eternal-vanille-100-ml-lattafa\\\/#breadcrumb\"},\"inLanguage\":\"de\",\"potentialAction\":[{\"@type\":\"ReadAction\",\"target\":[\"https:\\\/\\\/arabian-mood.com\\\/produit\\\/eau-de-parfum-eternal-vanille-100-ml-lattafa\\\/\"]}]},{\"@type\":\"ImageObject\",\"inLanguage\":\"de\",\"@id\":\"https:\\\/\\\/arabian-mood.com\\\/produit\\\/eau-de-parfum-eternal-vanille-100-ml-lattafa\\\/#primaryimage\",\"url\":\"https:\\\/\\\/arabian-mood.com\\\/wp-content\\\/uploads\\\/2025\\\/12\\\/Eternal-Vanille.jpg\",\"contentUrl\":\"https:\\\/\\\/arabian-mood.com\\\/wp-content\\\/uploads\\\/2025\\\/12\\\/Eternal-Vanille.jpg\",\"width\":597,\"height\":597,\"caption\":\"Eternal Vanille Lattafa\"},{\"@type\":\"BreadcrumbList\",\"@id\":\"https:\\\/\\\/arabian-mood.com\\\/produit\\\/eau-de-parfum-eternal-vanille-100-ml-lattafa\\\/#breadcrumb\",\"itemListElement\":[{\"@type\":\"ListItem\",\"position\":1,\"name\":\"Accueil\",\"item\":\"https:\\\/\\\/arabian-mood.com\\\/\"},{\"@type\":\"ListItem\",\"position\":2,\"name\":\"Boutique\",\"item\":\"https:\\\/\\\/arabian-mood.com\\\/boutique\\\/\"},{\"@type\":\"ListItem\",\"position\":3,\"name\":\"Eau de parfum Eternal Vanille 100 ml &#8211; Lattafa\"}]},{\"@type\":\"WebSite\",\"@id\":\"https:\\\/\\\/arabian-mood.com\\\/#website\",\"url\":\"https:\\\/\\\/arabian-mood.com\\\/\",\"name\":\"Arabian Mood\",\"description\":\"\",\"publisher\":{\"@id\":\"https:\\\/\\\/arabian-mood.com\\\/#organization\"},\"potentialAction\":[{\"@type\":\"SearchAction\",\"target\":{\"@type\":\"EntryPoint\",\"urlTemplate\":\"https:\\\/\\\/arabian-mood.com\\\/?s={search_term_string}\"},\"query-input\":{\"@type\":\"PropertyValueSpecification\",\"valueRequired\":true,\"valueName\":\"search_term_string\"}}],\"inLanguage\":\"de\"},{\"@type\":\"Organization\",\"@id\":\"https:\\\/\\\/arabian-mood.com\\\/#organization\",\"name\":\"Arabian Mood\",\"url\":\"https:\\\/\\\/arabian-mood.com\\\/\",\"logo\":{\"@type\":\"ImageObject\",\"inLanguage\":\"de\",\"@id\":\"https:\\\/\\\/arabian-mood.com\\\/#\\\/schema\\\/logo\\\/image\\\/\",\"url\":\"https:\\\/\\\/arabian-mood.com\\\/wp-content\\\/uploads\\\/2024\\\/09\\\/Groupe-11304.svg\",\"contentUrl\":\"https:\\\/\\\/arabian-mood.com\\\/wp-content\\\/uploads\\\/2024\\\/09\\\/Groupe-11304.svg\",\"width\":214,\"height\":27,\"caption\":\"Arabian Mood\"},\"image\":{\"@id\":\"https:\\\/\\\/arabian-mood.com\\\/#\\\/schema\\\/logo\\\/image\\\/\"},\"sameAs\":[\"https:\\\/\\\/www.instagram.com\\\/arabianmoodofficiel\\\/\"]}]}<\/script>\n<!-- \/ Yoast SEO plugin. -->","yoast_head_json":{"title":"Eau de Parfum Eternal Vanille 100 ml - Lattafa","description":"Cremige Vanille, Ambra und Holz: Eternal Vanille von Lattafa Pride ist der gourmandige Duft, ohne zu \u00fcbertreiben. Entdecke ihn jetzt.","robots":{"index":"index","follow":"follow","max-snippet":"max-snippet:-1","max-image-preview":"max-image-preview:large","max-video-preview":"max-video-preview:-1"},"canonical":"https:\/\/arabian-mood.com\/de\/product\/eau-de-parfum-eternal-vanille-100-ml-lattafa\/","og_locale":"de_DE","og_type":"article","og_title":"Eau de parfum Eternal Vanille 100 ml - Lattafa","og_description":"Vanille cr\u00e9meuse, ambre et bois : Eternal Vanille de Lattafa Pride est la fragrance gourmande sans exc\u00e8s. D\u00e9couvrez l\u00e0 d\u00e8s maintenant.","og_url":"https:\/\/arabian-mood.com\/de\/product\/eau-de-parfum-eternal-vanille-100-ml-lattafa\/","og_site_name":"Arabian Mood","article_modified_time":"2026-04-02T12:55:42+00:00","og_image":[{"width":597,"height":597,"url":"https:\/\/arabian-mood.com\/wp-content\/uploads\/2025\/12\/Eternal-Vanille.jpg","type":"image\/jpeg"}],"twitter_card":"summary_large_image","twitter_misc":{"Gesch\u00e4tzte Lesezeit":"2\u00a0Minuten"},"schema":{"@context":"https:\/\/schema.org","@graph":[{"@type":"WebPage","@id":"https:\/\/arabian-mood.com\/produit\/eau-de-parfum-eternal-vanille-100-ml-lattafa\/","url":"https:\/\/arabian-mood.com\/produit\/eau-de-parfum-eternal-vanille-100-ml-lattafa\/","name":"Eau de Parfum Eternal Vanille 100 ml - Lattafa","isPartOf":{"@id":"https:\/\/arabian-mood.com\/#website"},"primaryImageOfPage":{"@id":"https:\/\/arabian-mood.com\/produit\/eau-de-parfum-eternal-vanille-100-ml-lattafa\/#primaryimage"},"image":{"@id":"https:\/\/arabian-mood.com\/produit\/eau-de-parfum-eternal-vanille-100-ml-lattafa\/#primaryimage"},"thumbnailUrl":"https:\/\/arabian-mood.com\/wp-content\/uploads\/2025\/12\/Eternal-Vanille.jpg","datePublished":"2025-12-02T18:02:58+00:00","dateModified":"2026-04-02T12:55:42+00:00","description":"Cremige Vanille, Ambra und Holz: Eternal Vanille von Lattafa Pride ist der gourmandige Duft, ohne zu \u00fcbertreiben. Entdecke ihn jetzt.","breadcrumb":{"@id":"https:\/\/arabian-mood.com\/produit\/eau-de-parfum-eternal-vanille-100-ml-lattafa\/#breadcrumb"},"inLanguage":"de","potentialAction":[{"@type":"ReadAction","target":["https:\/\/arabian-mood.com\/produit\/eau-de-parfum-eternal-vanille-100-ml-lattafa\/"]}]},{"@type":"ImageObject","inLanguage":"de","@id":"https:\/\/arabian-mood.com\/produit\/eau-de-parfum-eternal-vanille-100-ml-lattafa\/#primaryimage","url":"https:\/\/arabian-mood.com\/wp-content\/uploads\/2025\/12\/Eternal-Vanille.jpg","contentUrl":"https:\/\/arabian-mood.com\/wp-content\/uploads\/2025\/12\/Eternal-Vanille.jpg","width":597,"height":597,"caption":"Eternal Vanille Lattafa"},{"@type":"BreadcrumbList","@id":"https:\/\/arabian-mood.com\/produit\/eau-de-parfum-eternal-vanille-100-ml-lattafa\/#breadcrumb","itemListElement":[{"@type":"ListItem","position":1,"name":"Accueil","item":"https:\/\/arabian-mood.com\/"},{"@type":"ListItem","position":2,"name":"Boutique","item":"https:\/\/arabian-mood.com\/boutique\/"},{"@type":"ListItem","position":3,"name":"Eau de parfum Eternal Vanille 100 ml &#8211; Lattafa"}]},{"@type":"WebSite","@id":"https:\/\/arabian-mood.com\/#website","url":"https:\/\/arabian-mood.com\/","name":"Arabische Stimmung","description":"","publisher":{"@id":"https:\/\/arabian-mood.com\/#organization"},"potentialAction":[{"@type":"SearchAction","target":{"@type":"EntryPoint","urlTemplate":"https:\/\/arabian-mood.com\/?s={search_term_string}"},"query-input":{"@type":"PropertyValueSpecification","valueRequired":true,"valueName":"search_term_string"}}],"inLanguage":"de"},{"@type":"Organization","@id":"https:\/\/arabian-mood.com\/#organization","name":"Arabische Stimmung","url":"https:\/\/arabian-mood.com\/","logo":{"@type":"ImageObject","inLanguage":"de","@id":"https:\/\/arabian-mood.com\/#\/schema\/logo\/image\/","url":"https:\/\/arabian-mood.com\/wp-content\/uploads\/2024\/09\/Groupe-11304.svg","contentUrl":"https:\/\/arabian-mood.com\/wp-content\/uploads\/2024\/09\/Groupe-11304.svg","width":214,"height":27,"caption":"Arabian Mood"},"image":{"@id":"https:\/\/arabian-mood.com\/#\/schema\/logo\/image\/"},"sameAs":["https:\/\/www.instagram.com\/arabianmoodofficiel\/"]}]}},"_links":{"self":[{"href":"https:\/\/arabian-mood.com\/de\/wp-json\/wp\/v2\/product\/10234","targetHints":{"allow":["GET"]}}],"collection":[{"href":"https:\/\/arabian-mood.com\/de\/wp-json\/wp\/v2\/product"}],"about":[{"href":"https:\/\/arabian-mood.com\/de\/wp-json\/wp\/v2\/types\/product"}],"wp:featuredmedia":[{"embeddable":true,"href":"https:\/\/arabian-mood.com\/de\/wp-json\/wp\/v2\/media\/10235"}],"wp:attachment":[{"href":"https:\/\/arabian-mood.com\/de\/wp-json\/wp\/v2\/media?parent=10234"}],"wp:term":[{"taxonomy":"product_brand","embeddable":true,"href":"https:\/\/arabian-mood.com\/de\/wp-json\/wp\/v2\/product_brand?post=10234"},{"taxonomy":"product_cat","embeddable":true,"href":"https:\/\/arabian-mood.com\/de\/wp-json\/wp\/v2\/product_cat?post=10234"},{"taxonomy":"product_tag","embeddable":true,"href":"https:\/\/arabian-mood.com\/de\/wp-json\/wp\/v2\/product_tag?post=10234"}],"curies":[{"name":"wp","href":"https:\/\/api.w.org\/{rel}","templated":true}]}}