{"id":10464,"date":"2026-01-25T08:35:36","date_gmt":"2026-01-25T07:35:36","guid":{"rendered":"https:\/\/arabian-mood.com\/?post_type=product&#038;p=10464"},"modified":"2026-02-02T09:24:23","modified_gmt":"2026-02-02T08:24:23","slug":"eau-de-parfum-terra-rayhaan-100-ml","status":"publish","type":"product","link":"https:\/\/arabian-mood.com\/de\/produit\/eau-de-parfum-terra-rayhaan-100-ml\/","title":{"rendered":"Eau de Parfum Terra Rayhaan \u2013 100 ml"},"content":{"rendered":"","protected":false},"excerpt":{"rendered":"<p><strong>Kopfnoten:<\/strong> Bergamotte, Kardamom, Zitrone, Elemi, Sichuan-Pfeffer<br \/>\n<strong>Herznote:<\/strong> Absinth, Anis, Koriander, Kreuzk\u00fcmmel, Orangenbl\u00fcte, Geranie, Patschuli, Rose, Safran<br \/>\n<strong>Basisnoten:<\/strong> Amber, Ambra, Benzoe, Birke, Zistrose, Weihrauch, Maltol, Moschus, Opoponax, Oud, Vanille<\/p>\n<p><strong>Genre:<\/strong> m\u00e4nnlich<\/p>","protected":false},"featured_media":10465,"template":"","meta":[],"product_brand":[],"product_cat":[585,433,592],"product_tag":[],"class_list":{"0":"post-10464","1":"product","2":"type-product","3":"status-publish","4":"has-post-thumbnail","6":"product_cat-parfum-dubai-homme","7":"product_cat-parfums-de-dubai","8":"product_cat-rayhaan-perfumes","10":"first","11":"instock","12":"taxable","13":"shipping-taxable","14":"purchasable","15":"product-type-simple"},"yoast_head":"<!-- This site is optimized with the Yoast SEO plugin v27.5 - https:\/\/yoast.com\/product\/yoast-seo-wordpress\/ -->\n<title>Terra Rayhaan 100 ml | Eau de parfum pour hommes<\/title>\n<meta name=\"description\" content=\"D\u00e9couvrez Terra Rayhaan, un parfum oriental bois\u00e9 et \u00e9pic\u00e9 intense qui marie cardamome, encens et oud pour une signature olfactive puissante et raffin\u00e9e.\" \/>\n<meta name=\"robots\" content=\"index, follow, max-snippet:-1, max-image-preview:large, max-video-preview:-1\" \/>\n<link rel=\"canonical\" href=\"https:\/\/arabian-mood.com\/de\/product\/eau-de-parfum-terra-rayhaan-100-ml\/\" \/>\n<meta property=\"og:locale\" content=\"de_DE\" \/>\n<meta property=\"og:type\" content=\"article\" \/>\n<meta property=\"og:title\" content=\"Terra Rayhaan 100 ml | Eau de parfum pour hommes\" \/>\n<meta property=\"og:description\" content=\"D\u00e9couvrez Terra Rayhaan, un parfum oriental bois\u00e9 et \u00e9pic\u00e9 intense qui marie cardamome, encens et oud pour une signature olfactive puissante et raffin\u00e9e.\" \/>\n<meta property=\"og:url\" content=\"https:\/\/arabian-mood.com\/de\/product\/eau-de-parfum-terra-rayhaan-100-ml\/\" \/>\n<meta property=\"og:site_name\" content=\"Arabian Mood\" \/>\n<meta property=\"article:modified_time\" content=\"2026-02-02T08:24:23+00:00\" \/>\n<meta property=\"og:image\" content=\"https:\/\/arabian-mood.com\/wp-content\/uploads\/2026\/01\/terra-rayhaan.jpg\" \/>\n\t<meta property=\"og:image:width\" content=\"600\" \/>\n\t<meta property=\"og:image:height\" content=\"600\" \/>\n\t<meta property=\"og:image:type\" content=\"image\/jpeg\" \/>\n<meta name=\"twitter:card\" content=\"summary_large_image\" \/>\n<meta name=\"twitter:label1\" content=\"Gesch\u00e4tzte Lesezeit\" \/>\n\t<meta name=\"twitter:data1\" content=\"1\u00a0Minute\" \/>\n<script type=\"application\/ld+json\" class=\"yoast-schema-graph\">{\"@context\":\"https:\\\/\\\/schema.org\",\"@graph\":[{\"@type\":\"WebPage\",\"@id\":\"https:\\\/\\\/arabian-mood.com\\\/produit\\\/eau-de-parfum-terra-rayhaan-100-ml\\\/\",\"url\":\"https:\\\/\\\/arabian-mood.com\\\/produit\\\/eau-de-parfum-terra-rayhaan-100-ml\\\/\",\"name\":\"Terra Rayhaan 100 ml | Eau de parfum pour hommes\",\"isPartOf\":{\"@id\":\"https:\\\/\\\/arabian-mood.com\\\/#website\"},\"primaryImageOfPage\":{\"@id\":\"https:\\\/\\\/arabian-mood.com\\\/produit\\\/eau-de-parfum-terra-rayhaan-100-ml\\\/#primaryimage\"},\"image\":{\"@id\":\"https:\\\/\\\/arabian-mood.com\\\/produit\\\/eau-de-parfum-terra-rayhaan-100-ml\\\/#primaryimage\"},\"thumbnailUrl\":\"https:\\\/\\\/arabian-mood.com\\\/wp-content\\\/uploads\\\/2026\\\/01\\\/terra-rayhaan.jpg\",\"datePublished\":\"2026-01-25T07:35:36+00:00\",\"dateModified\":\"2026-02-02T08:24:23+00:00\",\"description\":\"D\u00e9couvrez Terra Rayhaan, un parfum oriental bois\u00e9 et \u00e9pic\u00e9 intense qui marie cardamome, encens et oud pour une signature olfactive puissante et raffin\u00e9e.\",\"breadcrumb\":{\"@id\":\"https:\\\/\\\/arabian-mood.com\\\/produit\\\/eau-de-parfum-terra-rayhaan-100-ml\\\/#breadcrumb\"},\"inLanguage\":\"de\",\"potentialAction\":[{\"@type\":\"ReadAction\",\"target\":[\"https:\\\/\\\/arabian-mood.com\\\/produit\\\/eau-de-parfum-terra-rayhaan-100-ml\\\/\"]}]},{\"@type\":\"ImageObject\",\"inLanguage\":\"de\",\"@id\":\"https:\\\/\\\/arabian-mood.com\\\/produit\\\/eau-de-parfum-terra-rayhaan-100-ml\\\/#primaryimage\",\"url\":\"https:\\\/\\\/arabian-mood.com\\\/wp-content\\\/uploads\\\/2026\\\/01\\\/terra-rayhaan.jpg\",\"contentUrl\":\"https:\\\/\\\/arabian-mood.com\\\/wp-content\\\/uploads\\\/2026\\\/01\\\/terra-rayhaan.jpg\",\"width\":600,\"height\":600,\"caption\":\"terra rayhaan\"},{\"@type\":\"BreadcrumbList\",\"@id\":\"https:\\\/\\\/arabian-mood.com\\\/produit\\\/eau-de-parfum-terra-rayhaan-100-ml\\\/#breadcrumb\",\"itemListElement\":[{\"@type\":\"ListItem\",\"position\":1,\"name\":\"Accueil\",\"item\":\"https:\\\/\\\/arabian-mood.com\\\/\"},{\"@type\":\"ListItem\",\"position\":2,\"name\":\"Boutique\",\"item\":\"https:\\\/\\\/arabian-mood.com\\\/boutique\\\/\"},{\"@type\":\"ListItem\",\"position\":3,\"name\":\"Eau de parfum Terra Rayhaan &#8211; 100 ml\"}]},{\"@type\":\"WebSite\",\"@id\":\"https:\\\/\\\/arabian-mood.com\\\/#website\",\"url\":\"https:\\\/\\\/arabian-mood.com\\\/\",\"name\":\"Arabian Mood\",\"description\":\"\",\"publisher\":{\"@id\":\"https:\\\/\\\/arabian-mood.com\\\/#organization\"},\"potentialAction\":[{\"@type\":\"SearchAction\",\"target\":{\"@type\":\"EntryPoint\",\"urlTemplate\":\"https:\\\/\\\/arabian-mood.com\\\/?s={search_term_string}\"},\"query-input\":{\"@type\":\"PropertyValueSpecification\",\"valueRequired\":true,\"valueName\":\"search_term_string\"}}],\"inLanguage\":\"de\"},{\"@type\":\"Organization\",\"@id\":\"https:\\\/\\\/arabian-mood.com\\\/#organization\",\"name\":\"Arabian Mood\",\"url\":\"https:\\\/\\\/arabian-mood.com\\\/\",\"logo\":{\"@type\":\"ImageObject\",\"inLanguage\":\"de\",\"@id\":\"https:\\\/\\\/arabian-mood.com\\\/#\\\/schema\\\/logo\\\/image\\\/\",\"url\":\"https:\\\/\\\/arabian-mood.com\\\/wp-content\\\/uploads\\\/2024\\\/09\\\/Groupe-11304.svg\",\"contentUrl\":\"https:\\\/\\\/arabian-mood.com\\\/wp-content\\\/uploads\\\/2024\\\/09\\\/Groupe-11304.svg\",\"width\":214,\"height\":27,\"caption\":\"Arabian Mood\"},\"image\":{\"@id\":\"https:\\\/\\\/arabian-mood.com\\\/#\\\/schema\\\/logo\\\/image\\\/\"},\"sameAs\":[\"https:\\\/\\\/www.instagram.com\\\/arabianmoodofficiel\\\/\"]}]}<\/script>\n<!-- \/ Yoast SEO plugin. -->","yoast_head_json":{"title":"Terra Rayhaan 100 ml | Eau de Parfum f\u00fcr Herren","description":"Entdecken Sie Terra Rayhaan, einen intensiven orientalisch-holzigen und w\u00fcrzigen Duft, der Kardamom, Weihrauch und Oud f\u00fcr eine kraftvolle und raffinierte Duftsignatur vereint.","robots":{"index":"index","follow":"follow","max-snippet":"max-snippet:-1","max-image-preview":"max-image-preview:large","max-video-preview":"max-video-preview:-1"},"canonical":"https:\/\/arabian-mood.com\/de\/product\/eau-de-parfum-terra-rayhaan-100-ml\/","og_locale":"de_DE","og_type":"article","og_title":"Terra Rayhaan 100 ml | Eau de parfum pour hommes","og_description":"D\u00e9couvrez Terra Rayhaan, un parfum oriental bois\u00e9 et \u00e9pic\u00e9 intense qui marie cardamome, encens et oud pour une signature olfactive puissante et raffin\u00e9e.","og_url":"https:\/\/arabian-mood.com\/de\/product\/eau-de-parfum-terra-rayhaan-100-ml\/","og_site_name":"Arabian Mood","article_modified_time":"2026-02-02T08:24:23+00:00","og_image":[{"width":600,"height":600,"url":"https:\/\/arabian-mood.com\/wp-content\/uploads\/2026\/01\/terra-rayhaan.jpg","type":"image\/jpeg"}],"twitter_card":"summary_large_image","twitter_misc":{"Gesch\u00e4tzte Lesezeit":"1\u00a0Minute"},"schema":{"@context":"https:\/\/schema.org","@graph":[{"@type":"WebPage","@id":"https:\/\/arabian-mood.com\/produit\/eau-de-parfum-terra-rayhaan-100-ml\/","url":"https:\/\/arabian-mood.com\/produit\/eau-de-parfum-terra-rayhaan-100-ml\/","name":"Terra Rayhaan 100 ml | Eau de Parfum f\u00fcr Herren","isPartOf":{"@id":"https:\/\/arabian-mood.com\/#website"},"primaryImageOfPage":{"@id":"https:\/\/arabian-mood.com\/produit\/eau-de-parfum-terra-rayhaan-100-ml\/#primaryimage"},"image":{"@id":"https:\/\/arabian-mood.com\/produit\/eau-de-parfum-terra-rayhaan-100-ml\/#primaryimage"},"thumbnailUrl":"https:\/\/arabian-mood.com\/wp-content\/uploads\/2026\/01\/terra-rayhaan.jpg","datePublished":"2026-01-25T07:35:36+00:00","dateModified":"2026-02-02T08:24:23+00:00","description":"Entdecken Sie Terra Rayhaan, einen intensiven orientalisch-holzigen und w\u00fcrzigen Duft, der Kardamom, Weihrauch und Oud f\u00fcr eine kraftvolle und raffinierte Duftsignatur vereint.","breadcrumb":{"@id":"https:\/\/arabian-mood.com\/produit\/eau-de-parfum-terra-rayhaan-100-ml\/#breadcrumb"},"inLanguage":"de","potentialAction":[{"@type":"ReadAction","target":["https:\/\/arabian-mood.com\/produit\/eau-de-parfum-terra-rayhaan-100-ml\/"]}]},{"@type":"ImageObject","inLanguage":"de","@id":"https:\/\/arabian-mood.com\/produit\/eau-de-parfum-terra-rayhaan-100-ml\/#primaryimage","url":"https:\/\/arabian-mood.com\/wp-content\/uploads\/2026\/01\/terra-rayhaan.jpg","contentUrl":"https:\/\/arabian-mood.com\/wp-content\/uploads\/2026\/01\/terra-rayhaan.jpg","width":600,"height":600,"caption":"terra rayhaan"},{"@type":"BreadcrumbList","@id":"https:\/\/arabian-mood.com\/produit\/eau-de-parfum-terra-rayhaan-100-ml\/#breadcrumb","itemListElement":[{"@type":"ListItem","position":1,"name":"Accueil","item":"https:\/\/arabian-mood.com\/"},{"@type":"ListItem","position":2,"name":"Boutique","item":"https:\/\/arabian-mood.com\/boutique\/"},{"@type":"ListItem","position":3,"name":"Eau de parfum Terra Rayhaan &#8211; 100 ml"}]},{"@type":"WebSite","@id":"https:\/\/arabian-mood.com\/#website","url":"https:\/\/arabian-mood.com\/","name":"Arabische Stimmung","description":"","publisher":{"@id":"https:\/\/arabian-mood.com\/#organization"},"potentialAction":[{"@type":"SearchAction","target":{"@type":"EntryPoint","urlTemplate":"https:\/\/arabian-mood.com\/?s={search_term_string}"},"query-input":{"@type":"PropertyValueSpecification","valueRequired":true,"valueName":"search_term_string"}}],"inLanguage":"de"},{"@type":"Organization","@id":"https:\/\/arabian-mood.com\/#organization","name":"Arabische Stimmung","url":"https:\/\/arabian-mood.com\/","logo":{"@type":"ImageObject","inLanguage":"de","@id":"https:\/\/arabian-mood.com\/#\/schema\/logo\/image\/","url":"https:\/\/arabian-mood.com\/wp-content\/uploads\/2024\/09\/Groupe-11304.svg","contentUrl":"https:\/\/arabian-mood.com\/wp-content\/uploads\/2024\/09\/Groupe-11304.svg","width":214,"height":27,"caption":"Arabian Mood"},"image":{"@id":"https:\/\/arabian-mood.com\/#\/schema\/logo\/image\/"},"sameAs":["https:\/\/www.instagram.com\/arabianmoodofficiel\/"]}]}},"_links":{"self":[{"href":"https:\/\/arabian-mood.com\/de\/wp-json\/wp\/v2\/product\/10464","targetHints":{"allow":["GET"]}}],"collection":[{"href":"https:\/\/arabian-mood.com\/de\/wp-json\/wp\/v2\/product"}],"about":[{"href":"https:\/\/arabian-mood.com\/de\/wp-json\/wp\/v2\/types\/product"}],"wp:featuredmedia":[{"embeddable":true,"href":"https:\/\/arabian-mood.com\/de\/wp-json\/wp\/v2\/media\/10465"}],"wp:attachment":[{"href":"https:\/\/arabian-mood.com\/de\/wp-json\/wp\/v2\/media?parent=10464"}],"wp:term":[{"taxonomy":"product_brand","embeddable":true,"href":"https:\/\/arabian-mood.com\/de\/wp-json\/wp\/v2\/product_brand?post=10464"},{"taxonomy":"product_cat","embeddable":true,"href":"https:\/\/arabian-mood.com\/de\/wp-json\/wp\/v2\/product_cat?post=10464"},{"taxonomy":"product_tag","embeddable":true,"href":"https:\/\/arabian-mood.com\/de\/wp-json\/wp\/v2\/product_tag?post=10464"}],"curies":[{"name":"wp","href":"https:\/\/api.w.org\/{rel}","templated":true}]}}