{"id":3915,"date":"2021-11-03T10:10:47","date_gmt":"2021-11-03T09:10:47","guid":{"rendered":"https:\/\/arabian-mood.com\/produit\/kalemat\/"},"modified":"2026-02-26T18:16:53","modified_gmt":"2026-02-26T17:16:53","slug":"kalemat-arabian-oud","status":"publish","type":"product","link":"https:\/\/arabian-mood.com\/de\/produit\/kalemat-arabian-oud\/","title":{"rendered":"Kalemat 100 ml \u2013 Arabian Oud"},"content":{"rendered":"<h2 style=\"text-align: center;\">Kalemat, die Signatur von Arabian Oud<\/h2>\n<p style=\"text-align: center;\">Da ein Duft tausend Worte wert ist, erliegen Sie dem Reiz <strong>Kalemat Arabian Oud<\/strong>.<\/p>\n<p style=\"text-align: center;\">Wiederholt gew\u00e4hlt zu <strong>Festival der Parf\u00fcmerie FIFI AWARDS<\/strong> wie\u201c<strong>bester Duft der Welt<\/strong>\u201cDer charakteristische Duft der Marke wird sicher f\u00fcr Gespr\u00e4chsstoff sorgen.<\/p>\n<h3 style=\"text-align: center;\"><strong>Beschreibung\u00a0<\/strong><\/h3>\n<p style=\"text-align: center;\">Das Eau de Parfum wird in einer Symphonie warmer Noten lebendig. Zun\u00e4chst machen sich Anis, Muskatnuss und Zimt in der Kopfnote bemerkbar. Die Entwicklung ist deutlich gourmandiger mit dieser subtilen Mischung aus Honig und Rosmarin. Der Duft schlie\u00dft diesen Notenreigen ab und st\u00fctzt sich auf au\u00dfergew\u00f6hnliche Rohstoffe: Moschus, Ambra und Oud.<\/p>\n<p style=\"text-align: center;\">Der Duft findet in einer eleganten, schlichten Schatulle seinen Platz. Mit dem Wunsch, uns in eine Welt einzuladen, in der W\u00f6rter nur in einem olfaktorischen Stil Bedeutung finden, \u00fcbersetzt dieses Eau de Parfum den Hymnus des Nahen Ostens perfekt.<\/p>\n<h2 style=\"text-align: center;\"><b>Auf welche Weise kann man die Duftspur Ihres Parfums Kalemat Arabian Oud intensivieren?<\/b><\/h2>\n<p style=\"text-align: center;\">Die bekannteste Technik zur Intensivierung Ihres Duftes ist die Technik des <strong>Schichten<\/strong>. Leining ist eine sehr begehrte Methode in der Welt des <strong>Nischenparf\u00fcmerie<\/strong>. Diese aus dem Nahen Osten stammende Methode besteht darin, mehrere D\u00fcfte zu \u00fcberlagern, um Ihren Ausstrahlung zu intensivieren. Bei Arabian Mood empfehlen wir, Ihr Kalemat mit einem <strong>Vanilleduft<\/strong> wie der sehr ber\u00fchmte <strong><a href=\"https:\/\/arabian-mood.com\/de\/product\/parfum-rosewood-arabian-oud\/\">Rosenholz<\/a><\/strong>.<\/p>\n<h2 style=\"text-align: center;\"><b>F\u00fcr wen ist das Eau de Parfum Kalemat von Arabian Oud bestimmt?<\/b><\/h2>\n<p style=\"text-align: center;\">\u00a0Ob Sie eine Frau auf der Suche nach einer olfaktorischen Reise sind oder ein moderner Gesch\u00e4ftsmann, dieser Duft wird Ihre Erwartungen erf\u00fcllen. Konzipiert, um sowohl in der eisigen K\u00e4lte des Winters als auch unter den sch\u00f6nen Sonnenstrahlen des Sommers getragen zu werden, wird Kalemat von Arabian Oud Sie weiterhin faszinieren.<\/p>\n<p>&nbsp;<\/p>\n<p>&nbsp;<\/p>","protected":false},"excerpt":{"rendered":"<p><strong>Kopfnote<\/strong> Anis, Heidelbeere<br \/>\n<strong>Herznote<\/strong> Kaschmirholz, Blumige Noten, Rosmarin<br \/>\n<strong>Hintergrundnotiz<\/strong> Bernstein, Honig, Moschus<\/p>\n<p><strong>Genre:<\/strong> gemischt<\/p>","protected":false},"featured_media":7529,"template":"","meta":[],"product_brand":[],"product_cat":[519,152,433],"product_tag":[],"class_list":{"0":"post-3915","1":"product","2":"type-product","3":"status-publish","4":"has-post-thumbnail","6":"product_cat-arabian-oud","7":"product_cat-mixte","8":"product_cat-parfums-de-dubai","10":"first","11":"instock","12":"sale","13":"purchasable","14":"product-type-simple"},"yoast_head":"<!-- This site is optimized with the Yoast SEO plugin v27.4 - https:\/\/yoast.com\/product\/yoast-seo-wordpress\/ -->\n<title>Kalemat Arabian Oud | Eau de parfum 100 ml<\/title>\n<meta name=\"description\" content=\"Le parfum Kalemat By Arabian Oud a \u00e9t\u00e9 \u00e9lu \u00e0 plusieurs reprises \u00ab meilleurs parfums au monde \u00bb. La fragrance signature de la maison de parfum.\" \/>\n<meta name=\"robots\" content=\"index, follow, max-snippet:-1, max-image-preview:large, max-video-preview:-1\" \/>\n<link rel=\"canonical\" href=\"https:\/\/arabian-mood.com\/de\/product\/kalemat-arabian-oud\/\" \/>\n<meta property=\"og:locale\" content=\"de_DE\" \/>\n<meta property=\"og:type\" content=\"article\" \/>\n<meta property=\"og:title\" content=\"Kalemat Arabian Oud | Eau de parfum 100 ml\" \/>\n<meta property=\"og:description\" content=\"Le parfum Kalemat By Arabian Oud a \u00e9t\u00e9 \u00e9lu \u00e0 plusieurs reprises \u00ab meilleurs parfums au monde \u00bb. La fragrance signature de la maison de parfum.\" \/>\n<meta property=\"og:url\" content=\"https:\/\/arabian-mood.com\/de\/product\/kalemat-arabian-oud\/\" \/>\n<meta property=\"og:site_name\" content=\"Arabian Mood\" \/>\n<meta property=\"article:modified_time\" content=\"2026-02-26T17:16:53+00:00\" \/>\n<meta property=\"og:image\" content=\"https:\/\/arabian-mood.com\/wp-content\/uploads\/2021\/11\/KALEMAT-3.png\" \/>\n\t<meta property=\"og:image:width\" content=\"900\" \/>\n\t<meta property=\"og:image:height\" content=\"900\" \/>\n\t<meta property=\"og:image:type\" content=\"image\/png\" \/>\n<meta name=\"twitter:card\" content=\"summary_large_image\" \/>\n<meta name=\"twitter:label1\" content=\"Gesch\u00e4tzte Lesezeit\" \/>\n\t<meta name=\"twitter:data1\" content=\"2\u00a0Minuten\" \/>\n<script type=\"application\/ld+json\" class=\"yoast-schema-graph\">{\"@context\":\"https:\\\/\\\/schema.org\",\"@graph\":[{\"@type\":\"WebPage\",\"@id\":\"https:\\\/\\\/arabian-mood.com\\\/produit\\\/kalemat-arabian-oud\\\/\",\"url\":\"https:\\\/\\\/arabian-mood.com\\\/produit\\\/kalemat-arabian-oud\\\/\",\"name\":\"Kalemat Arabian Oud | Eau de parfum 100 ml\",\"isPartOf\":{\"@id\":\"https:\\\/\\\/arabian-mood.com\\\/#website\"},\"primaryImageOfPage\":{\"@id\":\"https:\\\/\\\/arabian-mood.com\\\/produit\\\/kalemat-arabian-oud\\\/#primaryimage\"},\"image\":{\"@id\":\"https:\\\/\\\/arabian-mood.com\\\/produit\\\/kalemat-arabian-oud\\\/#primaryimage\"},\"thumbnailUrl\":\"https:\\\/\\\/arabian-mood.com\\\/wp-content\\\/uploads\\\/2021\\\/11\\\/KALEMAT-3.png\",\"datePublished\":\"2021-11-03T09:10:47+00:00\",\"dateModified\":\"2026-02-26T17:16:53+00:00\",\"description\":\"Le parfum Kalemat By Arabian Oud a \u00e9t\u00e9 \u00e9lu \u00e0 plusieurs reprises \u00ab meilleurs parfums au monde \u00bb. La fragrance signature de la maison de parfum.\",\"breadcrumb\":{\"@id\":\"https:\\\/\\\/arabian-mood.com\\\/produit\\\/kalemat-arabian-oud\\\/#breadcrumb\"},\"inLanguage\":\"de\",\"potentialAction\":[{\"@type\":\"ReadAction\",\"target\":[\"https:\\\/\\\/arabian-mood.com\\\/produit\\\/kalemat-arabian-oud\\\/\"]}]},{\"@type\":\"ImageObject\",\"inLanguage\":\"de\",\"@id\":\"https:\\\/\\\/arabian-mood.com\\\/produit\\\/kalemat-arabian-oud\\\/#primaryimage\",\"url\":\"https:\\\/\\\/arabian-mood.com\\\/wp-content\\\/uploads\\\/2021\\\/11\\\/KALEMAT-3.png\",\"contentUrl\":\"https:\\\/\\\/arabian-mood.com\\\/wp-content\\\/uploads\\\/2021\\\/11\\\/KALEMAT-3.png\",\"width\":900,\"height\":900,\"caption\":\"PARFUM KALEMAT\"},{\"@type\":\"BreadcrumbList\",\"@id\":\"https:\\\/\\\/arabian-mood.com\\\/produit\\\/kalemat-arabian-oud\\\/#breadcrumb\",\"itemListElement\":[{\"@type\":\"ListItem\",\"position\":1,\"name\":\"Accueil\",\"item\":\"https:\\\/\\\/arabian-mood.com\\\/\"},{\"@type\":\"ListItem\",\"position\":2,\"name\":\"Boutique\",\"item\":\"https:\\\/\\\/arabian-mood.com\\\/boutique\\\/\"},{\"@type\":\"ListItem\",\"position\":3,\"name\":\"Kalemat 100 ml &#8211; Arabian Oud\"}]},{\"@type\":\"WebSite\",\"@id\":\"https:\\\/\\\/arabian-mood.com\\\/#website\",\"url\":\"https:\\\/\\\/arabian-mood.com\\\/\",\"name\":\"Arabian Mood\",\"description\":\"\",\"publisher\":{\"@id\":\"https:\\\/\\\/arabian-mood.com\\\/#organization\"},\"potentialAction\":[{\"@type\":\"SearchAction\",\"target\":{\"@type\":\"EntryPoint\",\"urlTemplate\":\"https:\\\/\\\/arabian-mood.com\\\/?s={search_term_string}\"},\"query-input\":{\"@type\":\"PropertyValueSpecification\",\"valueRequired\":true,\"valueName\":\"search_term_string\"}}],\"inLanguage\":\"de\"},{\"@type\":\"Organization\",\"@id\":\"https:\\\/\\\/arabian-mood.com\\\/#organization\",\"name\":\"Arabian Mood\",\"url\":\"https:\\\/\\\/arabian-mood.com\\\/\",\"logo\":{\"@type\":\"ImageObject\",\"inLanguage\":\"de\",\"@id\":\"https:\\\/\\\/arabian-mood.com\\\/#\\\/schema\\\/logo\\\/image\\\/\",\"url\":\"https:\\\/\\\/arabian-mood.com\\\/wp-content\\\/uploads\\\/2024\\\/09\\\/Groupe-11304.svg\",\"contentUrl\":\"https:\\\/\\\/arabian-mood.com\\\/wp-content\\\/uploads\\\/2024\\\/09\\\/Groupe-11304.svg\",\"width\":214,\"height\":27,\"caption\":\"Arabian Mood\"},\"image\":{\"@id\":\"https:\\\/\\\/arabian-mood.com\\\/#\\\/schema\\\/logo\\\/image\\\/\"},\"sameAs\":[\"https:\\\/\\\/www.instagram.com\\\/arabianmoodofficiel\\\/\"]}]}<\/script>\n<!-- \/ Yoast SEO plugin. -->","yoast_head_json":{"title":"Kalemat Arabian Oud | Eau de Parfum 100 ml","description":"Das Parfum Kalemat von Arabian Oud wurde mehrfach zum \u00abbesten Parfum der Welt\u00bb gew\u00e4hlt. Der charakteristische Duft des Parf\u00fcmhauses.","robots":{"index":"index","follow":"follow","max-snippet":"max-snippet:-1","max-image-preview":"max-image-preview:large","max-video-preview":"max-video-preview:-1"},"canonical":"https:\/\/arabian-mood.com\/de\/product\/kalemat-arabian-oud\/","og_locale":"de_DE","og_type":"article","og_title":"Kalemat Arabian Oud | Eau de parfum 100 ml","og_description":"Le parfum Kalemat By Arabian Oud a \u00e9t\u00e9 \u00e9lu \u00e0 plusieurs reprises \u00ab meilleurs parfums au monde \u00bb. La fragrance signature de la maison de parfum.","og_url":"https:\/\/arabian-mood.com\/de\/product\/kalemat-arabian-oud\/","og_site_name":"Arabian Mood","article_modified_time":"2026-02-26T17:16:53+00:00","og_image":[{"width":900,"height":900,"url":"https:\/\/arabian-mood.com\/wp-content\/uploads\/2021\/11\/KALEMAT-3.png","type":"image\/png"}],"twitter_card":"summary_large_image","twitter_misc":{"Gesch\u00e4tzte Lesezeit":"2\u00a0Minuten"},"schema":{"@context":"https:\/\/schema.org","@graph":[{"@type":"WebPage","@id":"https:\/\/arabian-mood.com\/produit\/kalemat-arabian-oud\/","url":"https:\/\/arabian-mood.com\/produit\/kalemat-arabian-oud\/","name":"Kalemat Arabian Oud | Eau de Parfum 100 ml","isPartOf":{"@id":"https:\/\/arabian-mood.com\/#website"},"primaryImageOfPage":{"@id":"https:\/\/arabian-mood.com\/produit\/kalemat-arabian-oud\/#primaryimage"},"image":{"@id":"https:\/\/arabian-mood.com\/produit\/kalemat-arabian-oud\/#primaryimage"},"thumbnailUrl":"https:\/\/arabian-mood.com\/wp-content\/uploads\/2021\/11\/KALEMAT-3.png","datePublished":"2021-11-03T09:10:47+00:00","dateModified":"2026-02-26T17:16:53+00:00","description":"Das Parfum Kalemat von Arabian Oud wurde mehrfach zum \u00abbesten Parfum der Welt\u00bb gew\u00e4hlt. Der charakteristische Duft des Parf\u00fcmhauses.","breadcrumb":{"@id":"https:\/\/arabian-mood.com\/produit\/kalemat-arabian-oud\/#breadcrumb"},"inLanguage":"de","potentialAction":[{"@type":"ReadAction","target":["https:\/\/arabian-mood.com\/produit\/kalemat-arabian-oud\/"]}]},{"@type":"ImageObject","inLanguage":"de","@id":"https:\/\/arabian-mood.com\/produit\/kalemat-arabian-oud\/#primaryimage","url":"https:\/\/arabian-mood.com\/wp-content\/uploads\/2021\/11\/KALEMAT-3.png","contentUrl":"https:\/\/arabian-mood.com\/wp-content\/uploads\/2021\/11\/KALEMAT-3.png","width":900,"height":900,"caption":"PARFUM KALEMAT"},{"@type":"BreadcrumbList","@id":"https:\/\/arabian-mood.com\/produit\/kalemat-arabian-oud\/#breadcrumb","itemListElement":[{"@type":"ListItem","position":1,"name":"Accueil","item":"https:\/\/arabian-mood.com\/"},{"@type":"ListItem","position":2,"name":"Boutique","item":"https:\/\/arabian-mood.com\/boutique\/"},{"@type":"ListItem","position":3,"name":"Kalemat 100 ml &#8211; Arabian Oud"}]},{"@type":"WebSite","@id":"https:\/\/arabian-mood.com\/#website","url":"https:\/\/arabian-mood.com\/","name":"Arabische Stimmung","description":"","publisher":{"@id":"https:\/\/arabian-mood.com\/#organization"},"potentialAction":[{"@type":"SearchAction","target":{"@type":"EntryPoint","urlTemplate":"https:\/\/arabian-mood.com\/?s={search_term_string}"},"query-input":{"@type":"PropertyValueSpecification","valueRequired":true,"valueName":"search_term_string"}}],"inLanguage":"de"},{"@type":"Organization","@id":"https:\/\/arabian-mood.com\/#organization","name":"Arabische Stimmung","url":"https:\/\/arabian-mood.com\/","logo":{"@type":"ImageObject","inLanguage":"de","@id":"https:\/\/arabian-mood.com\/#\/schema\/logo\/image\/","url":"https:\/\/arabian-mood.com\/wp-content\/uploads\/2024\/09\/Groupe-11304.svg","contentUrl":"https:\/\/arabian-mood.com\/wp-content\/uploads\/2024\/09\/Groupe-11304.svg","width":214,"height":27,"caption":"Arabian Mood"},"image":{"@id":"https:\/\/arabian-mood.com\/#\/schema\/logo\/image\/"},"sameAs":["https:\/\/www.instagram.com\/arabianmoodofficiel\/"]}]}},"_links":{"self":[{"href":"https:\/\/arabian-mood.com\/de\/wp-json\/wp\/v2\/product\/3915","targetHints":{"allow":["GET"]}}],"collection":[{"href":"https:\/\/arabian-mood.com\/de\/wp-json\/wp\/v2\/product"}],"about":[{"href":"https:\/\/arabian-mood.com\/de\/wp-json\/wp\/v2\/types\/product"}],"wp:featuredmedia":[{"embeddable":true,"href":"https:\/\/arabian-mood.com\/de\/wp-json\/wp\/v2\/media\/7529"}],"wp:attachment":[{"href":"https:\/\/arabian-mood.com\/de\/wp-json\/wp\/v2\/media?parent=3915"}],"wp:term":[{"taxonomy":"product_brand","embeddable":true,"href":"https:\/\/arabian-mood.com\/de\/wp-json\/wp\/v2\/product_brand?post=3915"},{"taxonomy":"product_cat","embeddable":true,"href":"https:\/\/arabian-mood.com\/de\/wp-json\/wp\/v2\/product_cat?post=3915"},{"taxonomy":"product_tag","embeddable":true,"href":"https:\/\/arabian-mood.com\/de\/wp-json\/wp\/v2\/product_tag?post=3915"}],"curies":[{"name":"wp","href":"https:\/\/api.w.org\/{rel}","templated":true}]}}