{"id":3937,"date":"2021-11-03T10:10:47","date_gmt":"2021-11-03T09:10:47","guid":{"rendered":"https:\/\/arabian-mood.com\/produit\/bussma\/"},"modified":"2026-02-23T13:48:30","modified_gmt":"2026-02-23T12:48:30","slug":"parfum-bussma-arabian-oud","status":"publish","type":"product","link":"https:\/\/arabian-mood.com\/de\/produit\/parfum-bussma-arabian-oud\/","title":{"rendered":"Bussma 100 ml \u2013 Arabian Oud"},"content":{"rendered":"<h1 style=\"text-align: center;\">Bussma Von Arabian Oud<\/h1>\n<p style=\"text-align: center;\">Das Parfum Bussma von Arabian Oud ist die perfekte Mischung aus s\u00fc\u00dfen orientalischen Noten. Intensiv und raffiniert, ist Bussma das Parfum des perfekten Gentleman.<\/p>\n<p style=\"text-align: center;\"><strong>Duftnoten<\/strong><\/p>\n<p style=\"text-align: center;\">Das Parf\u00fcm Bussma mischt harmonisch Bergamotte mit subtilen Aromen aromatischer Pflanzen, alles auf einer Basis von edlen H\u00f6lzern. Eine raffinierte und frische Komposition, die Moschus, Tonkabohne, Vanille und Praline vereint.<\/p>\n<h2 style=\"text-align: center;\">Anwendungshinweise f\u00fcr Ihr Parf\u00fcm Bussma By Arabian Oud:<\/h2>\n<p style=\"text-align: center;\">Begleiten Sie Ihren Duft mit einem s\u00fc\u00dfen Parfum\u00f6l oder dem wundersch\u00f6nen Duft \u201c<span style=\"color: #000000;\"><a style=\"color: #000000;\" href=\"https:\/\/arabian-mood.com\/de\/product\/musc-vanille\/\">Musc Vanille vom Parf\u00fcmhaus Alhambra\u201d<\/a><\/span>, Dar\u00fcber hinaus wird seine Aura nur noch intensiver und verf\u00fchrerischer. Die Mischung zweier Duftstoffe schafft eine einzigartige Kombination, die Ihren Duft noch pers\u00f6nlicher macht.<\/p>\n<p style=\"text-align: center;\"><strong>Die Geschichte des Parfumeurs<\/strong><\/p>\n<p style=\"text-align: center;\">Das Haus Arabian Oud begann seine Geschichte in den 1980er Jahren im K\u00f6nigreich Arabien. Zwischen Tradition und Moderne zeichnete sich die Marke schnell durch ihre ber\u00fchmte, jahrtausendealte Zutat, das \u00abOUD\u00bb, aus. Sie wurde mehrfach bei der Verleihung des ber\u00fchmten FIFI AWARDS Festivals ausgezeichnet. Diese Parfumeure, die in einem rein avantgardistischen Stil arbeiten, haben es von New York \u00fcber Dubai bis nach Kuala Lumpur verstanden, die Codes der modernen Parf\u00fcmerie zu ver\u00e4ndern.<\/p>","protected":false},"excerpt":{"rendered":"<div class=\"woocommerce-product-details__short-description\">\n<ul>\n<li><strong>Kopfnoten<\/strong> Bergamotte, Safran<\/li>\n<li><strong>Herznote:<\/strong> Ambra, Vanille<\/li>\n<li><strong>Grundnotizen:<\/strong> Zedernholz, Tonkabohne, wei\u00dfer Moschus<\/li>\n<\/ul>\n<p><strong>Genre:<\/strong> m\u00e4nnlich<\/p>\n<\/div>","protected":false},"featured_media":7527,"template":"","meta":[],"product_brand":[],"product_cat":[519,152,433],"product_tag":[],"class_list":{"0":"post-3937","1":"product","2":"type-product","3":"status-publish","4":"has-post-thumbnail","6":"product_cat-arabian-oud","7":"product_cat-mixte","8":"product_cat-parfums-de-dubai","10":"first","11":"instock","12":"sale","13":"purchasable","14":"product-type-simple"},"yoast_head":"<!-- This site is optimized with the Yoast SEO plugin v27.5 - https:\/\/yoast.com\/product\/yoast-seo-wordpress\/ -->\n<title>Eau de parafum Bussma 100 ml | Arabian Oud<\/title>\n<meta name=\"description\" content=\"Le parfum Bussma Arabian Oud est le parfait m\u00e9lange des notes oriental. Intense et sophistiqu\u00e9 il est le parfum du parfait gentleman.\" \/>\n<meta name=\"robots\" content=\"index, follow, max-snippet:-1, max-image-preview:large, max-video-preview:-1\" \/>\n<link rel=\"canonical\" href=\"https:\/\/arabian-mood.com\/de\/product\/parfum-bussma-arabian-oud\/\" \/>\n<meta property=\"og:locale\" content=\"de_DE\" \/>\n<meta property=\"og:type\" content=\"article\" \/>\n<meta property=\"og:title\" content=\"Eau de parafum Bussma 100 ml | Arabian Oud\" \/>\n<meta property=\"og:description\" content=\"Le parfum Bussma Arabian Oud est le parfait m\u00e9lange des notes oriental. Intense et sophistiqu\u00e9 il est le parfum du parfait gentleman.\" \/>\n<meta property=\"og:url\" content=\"https:\/\/arabian-mood.com\/de\/product\/parfum-bussma-arabian-oud\/\" \/>\n<meta property=\"og:site_name\" content=\"Arabian Mood\" \/>\n<meta property=\"article:modified_time\" content=\"2026-02-23T12:48:30+00:00\" \/>\n<meta property=\"og:image\" content=\"https:\/\/arabian-mood.com\/wp-content\/uploads\/2021\/11\/BUSSMA-3.png\" \/>\n\t<meta property=\"og:image:width\" content=\"900\" \/>\n\t<meta property=\"og:image:height\" content=\"900\" \/>\n\t<meta property=\"og:image:type\" content=\"image\/png\" \/>\n<meta name=\"twitter:card\" content=\"summary_large_image\" \/>\n<meta name=\"twitter:label1\" content=\"Gesch\u00e4tzte Lesezeit\" \/>\n\t<meta name=\"twitter:data1\" content=\"2\u00a0Minuten\" \/>\n<script type=\"application\/ld+json\" class=\"yoast-schema-graph\">{\"@context\":\"https:\\\/\\\/schema.org\",\"@graph\":[{\"@type\":\"WebPage\",\"@id\":\"https:\\\/\\\/arabian-mood.com\\\/produit\\\/parfum-bussma-arabian-oud\\\/\",\"url\":\"https:\\\/\\\/arabian-mood.com\\\/produit\\\/parfum-bussma-arabian-oud\\\/\",\"name\":\"Eau de parafum Bussma 100 ml | Arabian Oud\",\"isPartOf\":{\"@id\":\"https:\\\/\\\/arabian-mood.com\\\/#website\"},\"primaryImageOfPage\":{\"@id\":\"https:\\\/\\\/arabian-mood.com\\\/produit\\\/parfum-bussma-arabian-oud\\\/#primaryimage\"},\"image\":{\"@id\":\"https:\\\/\\\/arabian-mood.com\\\/produit\\\/parfum-bussma-arabian-oud\\\/#primaryimage\"},\"thumbnailUrl\":\"https:\\\/\\\/arabian-mood.com\\\/wp-content\\\/uploads\\\/2021\\\/11\\\/BUSSMA-3.png\",\"datePublished\":\"2021-11-03T09:10:47+00:00\",\"dateModified\":\"2026-02-23T12:48:30+00:00\",\"description\":\"Le parfum Bussma Arabian Oud est le parfait m\u00e9lange des notes oriental. Intense et sophistiqu\u00e9 il est le parfum du parfait gentleman.\",\"breadcrumb\":{\"@id\":\"https:\\\/\\\/arabian-mood.com\\\/produit\\\/parfum-bussma-arabian-oud\\\/#breadcrumb\"},\"inLanguage\":\"de\",\"potentialAction\":[{\"@type\":\"ReadAction\",\"target\":[\"https:\\\/\\\/arabian-mood.com\\\/produit\\\/parfum-bussma-arabian-oud\\\/\"]}]},{\"@type\":\"ImageObject\",\"inLanguage\":\"de\",\"@id\":\"https:\\\/\\\/arabian-mood.com\\\/produit\\\/parfum-bussma-arabian-oud\\\/#primaryimage\",\"url\":\"https:\\\/\\\/arabian-mood.com\\\/wp-content\\\/uploads\\\/2021\\\/11\\\/BUSSMA-3.png\",\"contentUrl\":\"https:\\\/\\\/arabian-mood.com\\\/wp-content\\\/uploads\\\/2021\\\/11\\\/BUSSMA-3.png\",\"width\":900,\"height\":900,\"caption\":\"BUSSMA Arabian Oud\"},{\"@type\":\"BreadcrumbList\",\"@id\":\"https:\\\/\\\/arabian-mood.com\\\/produit\\\/parfum-bussma-arabian-oud\\\/#breadcrumb\",\"itemListElement\":[{\"@type\":\"ListItem\",\"position\":1,\"name\":\"Accueil\",\"item\":\"https:\\\/\\\/arabian-mood.com\\\/\"},{\"@type\":\"ListItem\",\"position\":2,\"name\":\"Boutique\",\"item\":\"https:\\\/\\\/arabian-mood.com\\\/boutique\\\/\"},{\"@type\":\"ListItem\",\"position\":3,\"name\":\"Bussma 100 ml &#8211; Arabian Oud\"}]},{\"@type\":\"WebSite\",\"@id\":\"https:\\\/\\\/arabian-mood.com\\\/#website\",\"url\":\"https:\\\/\\\/arabian-mood.com\\\/\",\"name\":\"Arabian Mood\",\"description\":\"\",\"publisher\":{\"@id\":\"https:\\\/\\\/arabian-mood.com\\\/#organization\"},\"potentialAction\":[{\"@type\":\"SearchAction\",\"target\":{\"@type\":\"EntryPoint\",\"urlTemplate\":\"https:\\\/\\\/arabian-mood.com\\\/?s={search_term_string}\"},\"query-input\":{\"@type\":\"PropertyValueSpecification\",\"valueRequired\":true,\"valueName\":\"search_term_string\"}}],\"inLanguage\":\"de\"},{\"@type\":\"Organization\",\"@id\":\"https:\\\/\\\/arabian-mood.com\\\/#organization\",\"name\":\"Arabian Mood\",\"url\":\"https:\\\/\\\/arabian-mood.com\\\/\",\"logo\":{\"@type\":\"ImageObject\",\"inLanguage\":\"de\",\"@id\":\"https:\\\/\\\/arabian-mood.com\\\/#\\\/schema\\\/logo\\\/image\\\/\",\"url\":\"https:\\\/\\\/arabian-mood.com\\\/wp-content\\\/uploads\\\/2024\\\/09\\\/Groupe-11304.svg\",\"contentUrl\":\"https:\\\/\\\/arabian-mood.com\\\/wp-content\\\/uploads\\\/2024\\\/09\\\/Groupe-11304.svg\",\"width\":214,\"height\":27,\"caption\":\"Arabian Mood\"},\"image\":{\"@id\":\"https:\\\/\\\/arabian-mood.com\\\/#\\\/schema\\\/logo\\\/image\\\/\"},\"sameAs\":[\"https:\\\/\\\/www.instagram.com\\\/arabianmoodofficiel\\\/\"]}]}<\/script>\n<!-- \/ Yoast SEO plugin. -->","yoast_head_json":{"title":"Eau de Parfum Bussma 100 ml | Arabian Oud","description":"Das Parf\u00fcm Bussma Arabian Oud ist die perfekte Mischung orientalischer Noten. Intensiv und raffiniert ist es das Parf\u00fcm des perfekten Gentlemans.","robots":{"index":"index","follow":"follow","max-snippet":"max-snippet:-1","max-image-preview":"max-image-preview:large","max-video-preview":"max-video-preview:-1"},"canonical":"https:\/\/arabian-mood.com\/de\/product\/parfum-bussma-arabian-oud\/","og_locale":"de_DE","og_type":"article","og_title":"Eau de parafum Bussma 100 ml | Arabian Oud","og_description":"Le parfum Bussma Arabian Oud est le parfait m\u00e9lange des notes oriental. Intense et sophistiqu\u00e9 il est le parfum du parfait gentleman.","og_url":"https:\/\/arabian-mood.com\/de\/product\/parfum-bussma-arabian-oud\/","og_site_name":"Arabian Mood","article_modified_time":"2026-02-23T12:48:30+00:00","og_image":[{"width":900,"height":900,"url":"https:\/\/arabian-mood.com\/wp-content\/uploads\/2021\/11\/BUSSMA-3.png","type":"image\/png"}],"twitter_card":"summary_large_image","twitter_misc":{"Gesch\u00e4tzte Lesezeit":"2\u00a0Minuten"},"schema":{"@context":"https:\/\/schema.org","@graph":[{"@type":"WebPage","@id":"https:\/\/arabian-mood.com\/produit\/parfum-bussma-arabian-oud\/","url":"https:\/\/arabian-mood.com\/produit\/parfum-bussma-arabian-oud\/","name":"Eau de Parfum Bussma 100 ml | Arabian Oud","isPartOf":{"@id":"https:\/\/arabian-mood.com\/#website"},"primaryImageOfPage":{"@id":"https:\/\/arabian-mood.com\/produit\/parfum-bussma-arabian-oud\/#primaryimage"},"image":{"@id":"https:\/\/arabian-mood.com\/produit\/parfum-bussma-arabian-oud\/#primaryimage"},"thumbnailUrl":"https:\/\/arabian-mood.com\/wp-content\/uploads\/2021\/11\/BUSSMA-3.png","datePublished":"2021-11-03T09:10:47+00:00","dateModified":"2026-02-23T12:48:30+00:00","description":"Das Parf\u00fcm Bussma Arabian Oud ist die perfekte Mischung orientalischer Noten. Intensiv und raffiniert ist es das Parf\u00fcm des perfekten Gentlemans.","breadcrumb":{"@id":"https:\/\/arabian-mood.com\/produit\/parfum-bussma-arabian-oud\/#breadcrumb"},"inLanguage":"de","potentialAction":[{"@type":"ReadAction","target":["https:\/\/arabian-mood.com\/produit\/parfum-bussma-arabian-oud\/"]}]},{"@type":"ImageObject","inLanguage":"de","@id":"https:\/\/arabian-mood.com\/produit\/parfum-bussma-arabian-oud\/#primaryimage","url":"https:\/\/arabian-mood.com\/wp-content\/uploads\/2021\/11\/BUSSMA-3.png","contentUrl":"https:\/\/arabian-mood.com\/wp-content\/uploads\/2021\/11\/BUSSMA-3.png","width":900,"height":900,"caption":"BUSSMA Arabian Oud"},{"@type":"BreadcrumbList","@id":"https:\/\/arabian-mood.com\/produit\/parfum-bussma-arabian-oud\/#breadcrumb","itemListElement":[{"@type":"ListItem","position":1,"name":"Accueil","item":"https:\/\/arabian-mood.com\/"},{"@type":"ListItem","position":2,"name":"Boutique","item":"https:\/\/arabian-mood.com\/boutique\/"},{"@type":"ListItem","position":3,"name":"Bussma 100 ml &#8211; Arabian Oud"}]},{"@type":"WebSite","@id":"https:\/\/arabian-mood.com\/#website","url":"https:\/\/arabian-mood.com\/","name":"Arabische Stimmung","description":"","publisher":{"@id":"https:\/\/arabian-mood.com\/#organization"},"potentialAction":[{"@type":"SearchAction","target":{"@type":"EntryPoint","urlTemplate":"https:\/\/arabian-mood.com\/?s={search_term_string}"},"query-input":{"@type":"PropertyValueSpecification","valueRequired":true,"valueName":"search_term_string"}}],"inLanguage":"de"},{"@type":"Organization","@id":"https:\/\/arabian-mood.com\/#organization","name":"Arabische Stimmung","url":"https:\/\/arabian-mood.com\/","logo":{"@type":"ImageObject","inLanguage":"de","@id":"https:\/\/arabian-mood.com\/#\/schema\/logo\/image\/","url":"https:\/\/arabian-mood.com\/wp-content\/uploads\/2024\/09\/Groupe-11304.svg","contentUrl":"https:\/\/arabian-mood.com\/wp-content\/uploads\/2024\/09\/Groupe-11304.svg","width":214,"height":27,"caption":"Arabian Mood"},"image":{"@id":"https:\/\/arabian-mood.com\/#\/schema\/logo\/image\/"},"sameAs":["https:\/\/www.instagram.com\/arabianmoodofficiel\/"]}]}},"_links":{"self":[{"href":"https:\/\/arabian-mood.com\/de\/wp-json\/wp\/v2\/product\/3937","targetHints":{"allow":["GET"]}}],"collection":[{"href":"https:\/\/arabian-mood.com\/de\/wp-json\/wp\/v2\/product"}],"about":[{"href":"https:\/\/arabian-mood.com\/de\/wp-json\/wp\/v2\/types\/product"}],"wp:featuredmedia":[{"embeddable":true,"href":"https:\/\/arabian-mood.com\/de\/wp-json\/wp\/v2\/media\/7527"}],"wp:attachment":[{"href":"https:\/\/arabian-mood.com\/de\/wp-json\/wp\/v2\/media?parent=3937"}],"wp:term":[{"taxonomy":"product_brand","embeddable":true,"href":"https:\/\/arabian-mood.com\/de\/wp-json\/wp\/v2\/product_brand?post=3937"},{"taxonomy":"product_cat","embeddable":true,"href":"https:\/\/arabian-mood.com\/de\/wp-json\/wp\/v2\/product_cat?post=3937"},{"taxonomy":"product_tag","embeddable":true,"href":"https:\/\/arabian-mood.com\/de\/wp-json\/wp\/v2\/product_tag?post=3937"}],"curies":[{"name":"wp","href":"https:\/\/api.w.org\/{rel}","templated":true}]}}