{"id":7806,"date":"2024-03-29T12:45:39","date_gmt":"2024-03-29T11:45:39","guid":{"rendered":"https:\/\/arabian-mood.com\/produit\/oud-mood\/"},"modified":"2026-01-20T13:23:26","modified_gmt":"2026-01-20T12:23:26","slug":"oud-mood","status":"publish","type":"product","link":"https:\/\/arabian-mood.com\/de\/produit\/oud-mood\/","title":{"rendered":"Alte Stimmung"},"content":{"rendered":"<p>Oud Mood By Lattafa<br \/>\nLe parfum Oud Mood By Lattafa est une fragrance mixte. Gourmand et chaud, le m\u00e9lange du caramel et de la vanille est un vrai d\u00e9lice.<\/p>\n<p>Description Olfactive<\/p>\n<p>La chaleur du caramel, la douceur de la f\u00e8ve tonka et la finesse du v\u00e9tiver fusionnent dans l\u2019intensit\u00e9 de Oud Mood By Lattafa pour cr\u00e9er un parfum qui calme les esprits. Cette fragrance moderne de safran opulent, d\u2019Oud g\u00e9n\u00e9reux et de caramel vous ira droit au c\u0153ur. Ce m\u00e9lange bois\u00e9 est arrondi par la vanille, qui termine ce parfum plein d\u2019assurance sur une touche sucr\u00e9e subtile.<\/p>\n<p>Conseil d\u2019utilisation pour votre parfum Oud Mood By Lattafa<\/p>\n<p>Vous pouvez accompagner votre oud mood par une huile de parfum sucr\u00e9 ou par la magnifique fragrance musk vanille de la parfumerie Maison Alhambra, de surcroit, son sillage ne sera que plus intense et envoutant. Le m\u00e9lange de deux fragrance cr\u00e9e un combo unique, ce qui rendra votre parfum Oud Mood By Lattafa encore plus personnel.<\/p>\n<p>L\u2019histoire du parfumeur<\/p>\n<p>Fond\u00e9e dans les ann\u00e9es 80, avec une vision initial de satisfaire la client\u00e8le des pays du golf. Des d\u00e9cennies plus tard, Lattafa \u00e0 impos\u00e9 sa vision \u00e0 la parfumerie moderne. Du packaging \u00e0 la fragrance, les cr\u00e9ations ne laisse pas de place au hasard. Avec plusieurs succ\u00e8s a son actifs, son inspiration n\u2019en finit pas de nous charmer. L\u2019objectif de la maison est simple : vous mettre un pied dans la parfumerie de luxe \u00e0 moindre prix. Entre culture et modernit\u00e9, les best-seller de la marques refl\u00e8tent le savoir faire des cr\u00e9ateur de parfum \u00e0 Dubai. Des conception uniques \u00e0 base de mati\u00e8re premi\u00e8re noble, le Oud, le Musc, la vanille et bien tant d\u2019autre. Aujourd\u2019hui, avec plusieurs ann\u00e9es d\u2019exp\u00e9rience dans le monde de la parfumerie, la maison Lattafa Perfumes est LE parfumeur du moment \u00e0 Dubai.<\/p>","protected":false},"excerpt":{"rendered":"<p>Notes de t\u00eate : Safran, piment et rose.<br \/>\nNotes de coeur : Patchouli, caramel, oud et notes fleuries.<br \/>\nNotes de fond : Musc, encens, ambre, r\u00e9sine et notes bois\u00e9es.<\/p>","protected":false},"featured_media":7656,"template":"","meta":[],"product_brand":[],"product_cat":[591],"product_tag":[],"class_list":{"0":"post-7806","1":"product","2":"type-product","3":"status-publish","4":"has-post-thumbnail","6":"product_cat-rupture-de-stock","8":"first","9":"outofstock","10":"sale","11":"purchasable","12":"product-type-simple"},"yoast_head":"<!-- This site is optimized with the Yoast SEO plugin v27.5 - https:\/\/yoast.com\/product\/yoast-seo-wordpress\/ -->\n<title>OUD MOOD - Arabian Mood<\/title>\n<meta name=\"robots\" content=\"index, follow, max-snippet:-1, max-image-preview:large, max-video-preview:-1\" \/>\n<link rel=\"canonical\" href=\"https:\/\/arabian-mood.com\/de\/product\/oud-mood\/\" \/>\n<meta property=\"og:locale\" content=\"de_DE\" \/>\n<meta property=\"og:type\" content=\"article\" \/>\n<meta property=\"og:title\" content=\"OUD MOOD - Arabian Mood\" \/>\n<meta property=\"og:description\" content=\"Notes de t\u00eate : Safran, piment et rose. Notes de coeur : Patchouli, caramel, oud et notes fleuries. Notes de fond : Musc, encens, ambre, r\u00e9sine et notes bois\u00e9es.\" \/>\n<meta property=\"og:url\" content=\"https:\/\/arabian-mood.com\/de\/product\/oud-mood\/\" \/>\n<meta property=\"og:site_name\" content=\"Arabian Mood\" \/>\n<meta property=\"article:modified_time\" content=\"2026-01-20T12:23:26+00:00\" \/>\n<meta property=\"og:image\" content=\"https:\/\/arabian-mood.com\/wp-content\/uploads\/2024\/03\/oud-mood.png\" \/>\n\t<meta property=\"og:image:width\" content=\"900\" \/>\n\t<meta property=\"og:image:height\" content=\"900\" \/>\n\t<meta property=\"og:image:type\" content=\"image\/png\" \/>\n<meta name=\"twitter:card\" content=\"summary_large_image\" \/>\n<meta name=\"twitter:label1\" content=\"Gesch\u00e4tzte Lesezeit\" \/>\n\t<meta name=\"twitter:data1\" content=\"2\u00a0Minuten\" \/>\n<script type=\"application\/ld+json\" class=\"yoast-schema-graph\">{\"@context\":\"https:\\\/\\\/schema.org\",\"@graph\":[{\"@type\":\"WebPage\",\"@id\":\"https:\\\/\\\/arabian-mood.com\\\/produit\\\/oud-mood\\\/\",\"url\":\"https:\\\/\\\/arabian-mood.com\\\/produit\\\/oud-mood\\\/\",\"name\":\"OUD MOOD - Arabian Mood\",\"isPartOf\":{\"@id\":\"https:\\\/\\\/arabian-mood.com\\\/#website\"},\"primaryImageOfPage\":{\"@id\":\"https:\\\/\\\/arabian-mood.com\\\/produit\\\/oud-mood\\\/#primaryimage\"},\"image\":{\"@id\":\"https:\\\/\\\/arabian-mood.com\\\/produit\\\/oud-mood\\\/#primaryimage\"},\"thumbnailUrl\":\"https:\\\/\\\/arabian-mood.com\\\/wp-content\\\/uploads\\\/2024\\\/03\\\/oud-mood.png\",\"datePublished\":\"2024-03-29T11:45:39+00:00\",\"dateModified\":\"2026-01-20T12:23:26+00:00\",\"breadcrumb\":{\"@id\":\"https:\\\/\\\/arabian-mood.com\\\/produit\\\/oud-mood\\\/#breadcrumb\"},\"inLanguage\":\"de\",\"potentialAction\":[{\"@type\":\"ReadAction\",\"target\":[\"https:\\\/\\\/arabian-mood.com\\\/produit\\\/oud-mood\\\/\"]}]},{\"@type\":\"ImageObject\",\"inLanguage\":\"de\",\"@id\":\"https:\\\/\\\/arabian-mood.com\\\/produit\\\/oud-mood\\\/#primaryimage\",\"url\":\"https:\\\/\\\/arabian-mood.com\\\/wp-content\\\/uploads\\\/2024\\\/03\\\/oud-mood.png\",\"contentUrl\":\"https:\\\/\\\/arabian-mood.com\\\/wp-content\\\/uploads\\\/2024\\\/03\\\/oud-mood.png\",\"width\":900,\"height\":900},{\"@type\":\"BreadcrumbList\",\"@id\":\"https:\\\/\\\/arabian-mood.com\\\/produit\\\/oud-mood\\\/#breadcrumb\",\"itemListElement\":[{\"@type\":\"ListItem\",\"position\":1,\"name\":\"Accueil\",\"item\":\"https:\\\/\\\/arabian-mood.com\\\/\"},{\"@type\":\"ListItem\",\"position\":2,\"name\":\"Boutique\",\"item\":\"https:\\\/\\\/arabian-mood.com\\\/boutique\\\/\"},{\"@type\":\"ListItem\",\"position\":3,\"name\":\"OUD MOOD\"}]},{\"@type\":\"WebSite\",\"@id\":\"https:\\\/\\\/arabian-mood.com\\\/#website\",\"url\":\"https:\\\/\\\/arabian-mood.com\\\/\",\"name\":\"Arabian Mood\",\"description\":\"\",\"publisher\":{\"@id\":\"https:\\\/\\\/arabian-mood.com\\\/#organization\"},\"potentialAction\":[{\"@type\":\"SearchAction\",\"target\":{\"@type\":\"EntryPoint\",\"urlTemplate\":\"https:\\\/\\\/arabian-mood.com\\\/?s={search_term_string}\"},\"query-input\":{\"@type\":\"PropertyValueSpecification\",\"valueRequired\":true,\"valueName\":\"search_term_string\"}}],\"inLanguage\":\"de\"},{\"@type\":\"Organization\",\"@id\":\"https:\\\/\\\/arabian-mood.com\\\/#organization\",\"name\":\"Arabian Mood\",\"url\":\"https:\\\/\\\/arabian-mood.com\\\/\",\"logo\":{\"@type\":\"ImageObject\",\"inLanguage\":\"de\",\"@id\":\"https:\\\/\\\/arabian-mood.com\\\/#\\\/schema\\\/logo\\\/image\\\/\",\"url\":\"https:\\\/\\\/arabian-mood.com\\\/wp-content\\\/uploads\\\/2024\\\/09\\\/Groupe-11304.svg\",\"contentUrl\":\"https:\\\/\\\/arabian-mood.com\\\/wp-content\\\/uploads\\\/2024\\\/09\\\/Groupe-11304.svg\",\"width\":214,\"height\":27,\"caption\":\"Arabian Mood\"},\"image\":{\"@id\":\"https:\\\/\\\/arabian-mood.com\\\/#\\\/schema\\\/logo\\\/image\\\/\"},\"sameAs\":[\"https:\\\/\\\/www.instagram.com\\\/arabianmoodofficiel\\\/\"]}]}<\/script>\n<!-- \/ Yoast SEO plugin. -->","yoast_head_json":{"title":"OUD MOOD - Arabian Mood","robots":{"index":"index","follow":"follow","max-snippet":"max-snippet:-1","max-image-preview":"max-image-preview:large","max-video-preview":"max-video-preview:-1"},"canonical":"https:\/\/arabian-mood.com\/de\/product\/oud-mood\/","og_locale":"de_DE","og_type":"article","og_title":"OUD MOOD - Arabian Mood","og_description":"Notes de t\u00eate : Safran, piment et rose. Notes de coeur : Patchouli, caramel, oud et notes fleuries. Notes de fond : Musc, encens, ambre, r\u00e9sine et notes bois\u00e9es.","og_url":"https:\/\/arabian-mood.com\/de\/product\/oud-mood\/","og_site_name":"Arabian Mood","article_modified_time":"2026-01-20T12:23:26+00:00","og_image":[{"width":900,"height":900,"url":"https:\/\/arabian-mood.com\/wp-content\/uploads\/2024\/03\/oud-mood.png","type":"image\/png"}],"twitter_card":"summary_large_image","twitter_misc":{"Gesch\u00e4tzte Lesezeit":"2\u00a0Minuten"},"schema":{"@context":"https:\/\/schema.org","@graph":[{"@type":"WebPage","@id":"https:\/\/arabian-mood.com\/produit\/oud-mood\/","url":"https:\/\/arabian-mood.com\/produit\/oud-mood\/","name":"OUD MOOD - Arabian Mood","isPartOf":{"@id":"https:\/\/arabian-mood.com\/#website"},"primaryImageOfPage":{"@id":"https:\/\/arabian-mood.com\/produit\/oud-mood\/#primaryimage"},"image":{"@id":"https:\/\/arabian-mood.com\/produit\/oud-mood\/#primaryimage"},"thumbnailUrl":"https:\/\/arabian-mood.com\/wp-content\/uploads\/2024\/03\/oud-mood.png","datePublished":"2024-03-29T11:45:39+00:00","dateModified":"2026-01-20T12:23:26+00:00","breadcrumb":{"@id":"https:\/\/arabian-mood.com\/produit\/oud-mood\/#breadcrumb"},"inLanguage":"de","potentialAction":[{"@type":"ReadAction","target":["https:\/\/arabian-mood.com\/produit\/oud-mood\/"]}]},{"@type":"ImageObject","inLanguage":"de","@id":"https:\/\/arabian-mood.com\/produit\/oud-mood\/#primaryimage","url":"https:\/\/arabian-mood.com\/wp-content\/uploads\/2024\/03\/oud-mood.png","contentUrl":"https:\/\/arabian-mood.com\/wp-content\/uploads\/2024\/03\/oud-mood.png","width":900,"height":900},{"@type":"BreadcrumbList","@id":"https:\/\/arabian-mood.com\/produit\/oud-mood\/#breadcrumb","itemListElement":[{"@type":"ListItem","position":1,"name":"Accueil","item":"https:\/\/arabian-mood.com\/"},{"@type":"ListItem","position":2,"name":"Boutique","item":"https:\/\/arabian-mood.com\/boutique\/"},{"@type":"ListItem","position":3,"name":"OUD MOOD"}]},{"@type":"WebSite","@id":"https:\/\/arabian-mood.com\/#website","url":"https:\/\/arabian-mood.com\/","name":"Arabische Stimmung","description":"","publisher":{"@id":"https:\/\/arabian-mood.com\/#organization"},"potentialAction":[{"@type":"SearchAction","target":{"@type":"EntryPoint","urlTemplate":"https:\/\/arabian-mood.com\/?s={search_term_string}"},"query-input":{"@type":"PropertyValueSpecification","valueRequired":true,"valueName":"search_term_string"}}],"inLanguage":"de"},{"@type":"Organization","@id":"https:\/\/arabian-mood.com\/#organization","name":"Arabische Stimmung","url":"https:\/\/arabian-mood.com\/","logo":{"@type":"ImageObject","inLanguage":"de","@id":"https:\/\/arabian-mood.com\/#\/schema\/logo\/image\/","url":"https:\/\/arabian-mood.com\/wp-content\/uploads\/2024\/09\/Groupe-11304.svg","contentUrl":"https:\/\/arabian-mood.com\/wp-content\/uploads\/2024\/09\/Groupe-11304.svg","width":214,"height":27,"caption":"Arabian Mood"},"image":{"@id":"https:\/\/arabian-mood.com\/#\/schema\/logo\/image\/"},"sameAs":["https:\/\/www.instagram.com\/arabianmoodofficiel\/"]}]}},"_links":{"self":[{"href":"https:\/\/arabian-mood.com\/de\/wp-json\/wp\/v2\/product\/7806","targetHints":{"allow":["GET"]}}],"collection":[{"href":"https:\/\/arabian-mood.com\/de\/wp-json\/wp\/v2\/product"}],"about":[{"href":"https:\/\/arabian-mood.com\/de\/wp-json\/wp\/v2\/types\/product"}],"wp:featuredmedia":[{"embeddable":true,"href":"https:\/\/arabian-mood.com\/de\/wp-json\/wp\/v2\/media\/7656"}],"wp:attachment":[{"href":"https:\/\/arabian-mood.com\/de\/wp-json\/wp\/v2\/media?parent=7806"}],"wp:term":[{"taxonomy":"product_brand","embeddable":true,"href":"https:\/\/arabian-mood.com\/de\/wp-json\/wp\/v2\/product_brand?post=7806"},{"taxonomy":"product_cat","embeddable":true,"href":"https:\/\/arabian-mood.com\/de\/wp-json\/wp\/v2\/product_cat?post=7806"},{"taxonomy":"product_tag","embeddable":true,"href":"https:\/\/arabian-mood.com\/de\/wp-json\/wp\/v2\/product_tag?post=7806"}],"curies":[{"name":"wp","href":"https:\/\/api.w.org\/{rel}","templated":true}]}}