{"id":7858,"date":"2024-03-29T12:45:51","date_gmt":"2024-03-29T11:45:51","guid":{"rendered":"https:\/\/arabian-mood.com\/produit\/qissa-pink\/"},"modified":"2026-01-20T13:08:09","modified_gmt":"2026-01-20T12:08:09","slug":"qissa-pink","status":"publish","type":"product","link":"https:\/\/arabian-mood.com\/de\/produit\/qissa-pink\/","title":{"rendered":"QISSA PINK &#8211; PARIS CORNER &#8211; PARIS CORNER"},"content":{"rendered":"<p>Qissa Pink pour Femme de Paris Corner &#8211; un parfum qui tisse une histoire de gr\u00e2ce, d&#8217;\u00e9l\u00e9gance et de beaut\u00e9 des moments enchanteurs de la vie. Ce parfum capture l&#8217;essence d&#8217;une histoire captivante racont\u00e9e \u00e0 travers des notes qui c\u00e9l\u00e8brent la f\u00e9minit\u00e9, la romance et le charme intemporel.<\/p>\n<p>En t\u00eate, Qissa Pink s&#8217;ouvre sur un m\u00e9lange croquant et frais de pomme et de noix de coco. La douceur vive de la pomme se m\u00eale \u00e0 l\u2019allure tropicale de la noix de coco, cr\u00e9ant une introduction d\u00e9licieuse et revigorante qui pr\u00e9pare le terrain pour le voyage enchanteur \u00e0 venir.<\/p>\n<p>Au fur et \u00e0 mesure que le parfum se d\u00e9ploie, les notes de c\u0153ur prennent vie, r\u00e9v\u00e9lant un bouquet harmonieux de violette, de jasmin et de rose. La violette ajoute une touche de d\u00e9licatesse et une douceur poudr\u00e9e, tandis que le jasmin insuffle \u00e0 la composition une allure florale enivrante et enivrante. La rose, symbole \u00e9ternel de l&#8217;amour, ajoute une \u00e9l\u00e9gance romantique et intemporelle qui persiste dans le c\u0153ur.<\/p>\n<p>Enfin, les notes de fond offrent une base durable et r\u00e9confortante. Le bois de c\u00e8dre et le bois de santal cr\u00e9ent une profondeur bois\u00e9e et \u00e9l\u00e9gante, ajoutant une touche de sophistication au parfum. Le patchouli ajoute une richesse terreuse, tandis que la vanille et le sucre apportent une \u00e9treinte chaleureuse et douce, \u00e9voquant des sentiments de chaleur et de sensualit\u00e9.<\/p>","protected":false},"excerpt":{"rendered":"<p>T\u00eate : pomme, noix de coco<\/p>\n<p>Milieu : Violette, Jasmin, Rose<\/p>\n<p>Base : Bois de c\u00e8dre, Bois de santal, Patchouli, Vanille, Sucre<\/p>","protected":false},"featured_media":7751,"template":"","meta":[],"product_brand":[],"product_cat":[591],"product_tag":[],"class_list":{"0":"post-7858","1":"product","2":"type-product","3":"status-publish","4":"has-post-thumbnail","6":"product_cat-rupture-de-stock","8":"first","9":"outofstock","10":"purchasable","11":"product-type-simple"},"yoast_head":"<!-- This site is optimized with the Yoast SEO plugin v27.4 - https:\/\/yoast.com\/product\/yoast-seo-wordpress\/ -->\n<title>QISSA PINK - PARIS CORNER - PARIS CORNER - Arabian Mood<\/title>\n<meta name=\"robots\" content=\"index, follow, max-snippet:-1, max-image-preview:large, max-video-preview:-1\" \/>\n<link rel=\"canonical\" href=\"https:\/\/arabian-mood.com\/de\/product\/qissa-pink\/\" \/>\n<meta property=\"og:locale\" content=\"de_DE\" \/>\n<meta property=\"og:type\" content=\"article\" \/>\n<meta property=\"og:title\" content=\"QISSA PINK - PARIS CORNER - PARIS CORNER - Arabian Mood\" \/>\n<meta property=\"og:description\" content=\"T\u00eate : pomme, noix de coco  Milieu : Violette, Jasmin, Rose  Base : Bois de c\u00e8dre, Bois de santal, Patchouli, Vanille, Sucre\" \/>\n<meta property=\"og:url\" content=\"https:\/\/arabian-mood.com\/de\/product\/qissa-pink\/\" \/>\n<meta property=\"og:site_name\" content=\"Arabian Mood\" \/>\n<meta property=\"article:modified_time\" content=\"2026-01-20T12:08:09+00:00\" \/>\n<meta property=\"og:image\" content=\"https:\/\/arabian-mood.com\/wp-content\/uploads\/2024\/03\/qissa-pink.png\" \/>\n\t<meta property=\"og:image:width\" content=\"900\" \/>\n\t<meta property=\"og:image:height\" content=\"900\" \/>\n\t<meta property=\"og:image:type\" content=\"image\/png\" \/>\n<meta name=\"twitter:card\" content=\"summary_large_image\" \/>\n<meta name=\"twitter:label1\" content=\"Gesch\u00e4tzte Lesezeit\" \/>\n\t<meta name=\"twitter:data1\" content=\"1\u00a0Minute\" \/>\n<script type=\"application\/ld+json\" class=\"yoast-schema-graph\">{\"@context\":\"https:\\\/\\\/schema.org\",\"@graph\":[{\"@type\":\"WebPage\",\"@id\":\"https:\\\/\\\/arabian-mood.com\\\/produit\\\/qissa-pink\\\/\",\"url\":\"https:\\\/\\\/arabian-mood.com\\\/produit\\\/qissa-pink\\\/\",\"name\":\"QISSA PINK - PARIS CORNER - PARIS CORNER - Arabian Mood\",\"isPartOf\":{\"@id\":\"https:\\\/\\\/arabian-mood.com\\\/#website\"},\"primaryImageOfPage\":{\"@id\":\"https:\\\/\\\/arabian-mood.com\\\/produit\\\/qissa-pink\\\/#primaryimage\"},\"image\":{\"@id\":\"https:\\\/\\\/arabian-mood.com\\\/produit\\\/qissa-pink\\\/#primaryimage\"},\"thumbnailUrl\":\"https:\\\/\\\/arabian-mood.com\\\/wp-content\\\/uploads\\\/2024\\\/03\\\/qissa-pink.png\",\"datePublished\":\"2024-03-29T11:45:51+00:00\",\"dateModified\":\"2026-01-20T12:08:09+00:00\",\"breadcrumb\":{\"@id\":\"https:\\\/\\\/arabian-mood.com\\\/produit\\\/qissa-pink\\\/#breadcrumb\"},\"inLanguage\":\"de\",\"potentialAction\":[{\"@type\":\"ReadAction\",\"target\":[\"https:\\\/\\\/arabian-mood.com\\\/produit\\\/qissa-pink\\\/\"]}]},{\"@type\":\"ImageObject\",\"inLanguage\":\"de\",\"@id\":\"https:\\\/\\\/arabian-mood.com\\\/produit\\\/qissa-pink\\\/#primaryimage\",\"url\":\"https:\\\/\\\/arabian-mood.com\\\/wp-content\\\/uploads\\\/2024\\\/03\\\/qissa-pink.png\",\"contentUrl\":\"https:\\\/\\\/arabian-mood.com\\\/wp-content\\\/uploads\\\/2024\\\/03\\\/qissa-pink.png\",\"width\":900,\"height\":900},{\"@type\":\"BreadcrumbList\",\"@id\":\"https:\\\/\\\/arabian-mood.com\\\/produit\\\/qissa-pink\\\/#breadcrumb\",\"itemListElement\":[{\"@type\":\"ListItem\",\"position\":1,\"name\":\"Accueil\",\"item\":\"https:\\\/\\\/arabian-mood.com\\\/\"},{\"@type\":\"ListItem\",\"position\":2,\"name\":\"Boutique\",\"item\":\"https:\\\/\\\/arabian-mood.com\\\/boutique\\\/\"},{\"@type\":\"ListItem\",\"position\":3,\"name\":\"QISSA PINK &#8211; PARIS CORNER &#8211; PARIS CORNER\"}]},{\"@type\":\"WebSite\",\"@id\":\"https:\\\/\\\/arabian-mood.com\\\/#website\",\"url\":\"https:\\\/\\\/arabian-mood.com\\\/\",\"name\":\"Arabian Mood\",\"description\":\"\",\"publisher\":{\"@id\":\"https:\\\/\\\/arabian-mood.com\\\/#organization\"},\"potentialAction\":[{\"@type\":\"SearchAction\",\"target\":{\"@type\":\"EntryPoint\",\"urlTemplate\":\"https:\\\/\\\/arabian-mood.com\\\/?s={search_term_string}\"},\"query-input\":{\"@type\":\"PropertyValueSpecification\",\"valueRequired\":true,\"valueName\":\"search_term_string\"}}],\"inLanguage\":\"de\"},{\"@type\":\"Organization\",\"@id\":\"https:\\\/\\\/arabian-mood.com\\\/#organization\",\"name\":\"Arabian Mood\",\"url\":\"https:\\\/\\\/arabian-mood.com\\\/\",\"logo\":{\"@type\":\"ImageObject\",\"inLanguage\":\"de\",\"@id\":\"https:\\\/\\\/arabian-mood.com\\\/#\\\/schema\\\/logo\\\/image\\\/\",\"url\":\"https:\\\/\\\/arabian-mood.com\\\/wp-content\\\/uploads\\\/2024\\\/09\\\/Groupe-11304.svg\",\"contentUrl\":\"https:\\\/\\\/arabian-mood.com\\\/wp-content\\\/uploads\\\/2024\\\/09\\\/Groupe-11304.svg\",\"width\":214,\"height\":27,\"caption\":\"Arabian Mood\"},\"image\":{\"@id\":\"https:\\\/\\\/arabian-mood.com\\\/#\\\/schema\\\/logo\\\/image\\\/\"},\"sameAs\":[\"https:\\\/\\\/www.instagram.com\\\/arabianmoodofficiel\\\/\"]}]}<\/script>\n<!-- \/ Yoast SEO plugin. -->","yoast_head_json":{"title":"QISSA PINK - PARIS CORNER - PARIS CORNER - Arabian Mood","robots":{"index":"index","follow":"follow","max-snippet":"max-snippet:-1","max-image-preview":"max-image-preview:large","max-video-preview":"max-video-preview:-1"},"canonical":"https:\/\/arabian-mood.com\/de\/product\/qissa-pink\/","og_locale":"de_DE","og_type":"article","og_title":"QISSA PINK - PARIS CORNER - PARIS CORNER - Arabian Mood","og_description":"T\u00eate : pomme, noix de coco  Milieu : Violette, Jasmin, Rose  Base : Bois de c\u00e8dre, Bois de santal, Patchouli, Vanille, Sucre","og_url":"https:\/\/arabian-mood.com\/de\/product\/qissa-pink\/","og_site_name":"Arabian Mood","article_modified_time":"2026-01-20T12:08:09+00:00","og_image":[{"width":900,"height":900,"url":"https:\/\/arabian-mood.com\/wp-content\/uploads\/2024\/03\/qissa-pink.png","type":"image\/png"}],"twitter_card":"summary_large_image","twitter_misc":{"Gesch\u00e4tzte Lesezeit":"1\u00a0Minute"},"schema":{"@context":"https:\/\/schema.org","@graph":[{"@type":"WebPage","@id":"https:\/\/arabian-mood.com\/produit\/qissa-pink\/","url":"https:\/\/arabian-mood.com\/produit\/qissa-pink\/","name":"QISSA PINK - PARIS CORNER - PARIS CORNER - Arabian Mood","isPartOf":{"@id":"https:\/\/arabian-mood.com\/#website"},"primaryImageOfPage":{"@id":"https:\/\/arabian-mood.com\/produit\/qissa-pink\/#primaryimage"},"image":{"@id":"https:\/\/arabian-mood.com\/produit\/qissa-pink\/#primaryimage"},"thumbnailUrl":"https:\/\/arabian-mood.com\/wp-content\/uploads\/2024\/03\/qissa-pink.png","datePublished":"2024-03-29T11:45:51+00:00","dateModified":"2026-01-20T12:08:09+00:00","breadcrumb":{"@id":"https:\/\/arabian-mood.com\/produit\/qissa-pink\/#breadcrumb"},"inLanguage":"de","potentialAction":[{"@type":"ReadAction","target":["https:\/\/arabian-mood.com\/produit\/qissa-pink\/"]}]},{"@type":"ImageObject","inLanguage":"de","@id":"https:\/\/arabian-mood.com\/produit\/qissa-pink\/#primaryimage","url":"https:\/\/arabian-mood.com\/wp-content\/uploads\/2024\/03\/qissa-pink.png","contentUrl":"https:\/\/arabian-mood.com\/wp-content\/uploads\/2024\/03\/qissa-pink.png","width":900,"height":900},{"@type":"BreadcrumbList","@id":"https:\/\/arabian-mood.com\/produit\/qissa-pink\/#breadcrumb","itemListElement":[{"@type":"ListItem","position":1,"name":"Accueil","item":"https:\/\/arabian-mood.com\/"},{"@type":"ListItem","position":2,"name":"Boutique","item":"https:\/\/arabian-mood.com\/boutique\/"},{"@type":"ListItem","position":3,"name":"QISSA PINK &#8211; PARIS CORNER &#8211; PARIS CORNER"}]},{"@type":"WebSite","@id":"https:\/\/arabian-mood.com\/#website","url":"https:\/\/arabian-mood.com\/","name":"Arabische Stimmung","description":"","publisher":{"@id":"https:\/\/arabian-mood.com\/#organization"},"potentialAction":[{"@type":"SearchAction","target":{"@type":"EntryPoint","urlTemplate":"https:\/\/arabian-mood.com\/?s={search_term_string}"},"query-input":{"@type":"PropertyValueSpecification","valueRequired":true,"valueName":"search_term_string"}}],"inLanguage":"de"},{"@type":"Organization","@id":"https:\/\/arabian-mood.com\/#organization","name":"Arabische Stimmung","url":"https:\/\/arabian-mood.com\/","logo":{"@type":"ImageObject","inLanguage":"de","@id":"https:\/\/arabian-mood.com\/#\/schema\/logo\/image\/","url":"https:\/\/arabian-mood.com\/wp-content\/uploads\/2024\/09\/Groupe-11304.svg","contentUrl":"https:\/\/arabian-mood.com\/wp-content\/uploads\/2024\/09\/Groupe-11304.svg","width":214,"height":27,"caption":"Arabian Mood"},"image":{"@id":"https:\/\/arabian-mood.com\/#\/schema\/logo\/image\/"},"sameAs":["https:\/\/www.instagram.com\/arabianmoodofficiel\/"]}]}},"_links":{"self":[{"href":"https:\/\/arabian-mood.com\/de\/wp-json\/wp\/v2\/product\/7858","targetHints":{"allow":["GET"]}}],"collection":[{"href":"https:\/\/arabian-mood.com\/de\/wp-json\/wp\/v2\/product"}],"about":[{"href":"https:\/\/arabian-mood.com\/de\/wp-json\/wp\/v2\/types\/product"}],"wp:featuredmedia":[{"embeddable":true,"href":"https:\/\/arabian-mood.com\/de\/wp-json\/wp\/v2\/media\/7751"}],"wp:attachment":[{"href":"https:\/\/arabian-mood.com\/de\/wp-json\/wp\/v2\/media?parent=7858"}],"wp:term":[{"taxonomy":"product_brand","embeddable":true,"href":"https:\/\/arabian-mood.com\/de\/wp-json\/wp\/v2\/product_brand?post=7858"},{"taxonomy":"product_cat","embeddable":true,"href":"https:\/\/arabian-mood.com\/de\/wp-json\/wp\/v2\/product_cat?post=7858"},{"taxonomy":"product_tag","embeddable":true,"href":"https:\/\/arabian-mood.com\/de\/wp-json\/wp\/v2\/product_tag?post=7858"}],"curies":[{"name":"wp","href":"https:\/\/api.w.org\/{rel}","templated":true}]}}