{"id":8112,"date":"2024-08-09T11:39:25","date_gmt":"2024-08-09T09:39:25","guid":{"rendered":"https:\/\/arabian-mood.com\/produit\/mid-day-swim-loui-martin\/"},"modified":"2026-01-20T12:47:16","modified_gmt":"2026-01-20T11:47:16","slug":"mittagsschwimmen-loui-martin","status":"publish","type":"product","link":"https:\/\/arabian-mood.com\/de\/produit\/mid-day-swim-loui-martin\/","title":{"rendered":"MITTAGSSCHWIMMEN \u2013 LOUI MARTIN"},"content":{"rendered":"<p>Tauchen Sie ein in die erfrischende Umarmung von Loui Martins Mid Day Swim. Inspiriert von sonnenverw\u00f6hnten Momenten der Entspannung am Pool, f\u00e4ngt dieser Duft die Essenz eines sorglosen Nachmittagsbades ein. Er \u00f6ffnet sich mit spritzigen Noten von zitroniger Bergamotte und saftiger Mandarine und entwickelt sich in ein Herz aus zarten Orangenbl\u00fcten, das das Gef\u00fchl sanfter Brisen auf der Haut hervorruft.<br \/>\nW\u00e4hrend sich der Duft entfaltet, kommt eine ruhige Mischung aus aromatischen Kr\u00e4utern und ozonischen Akkorden zum Vorschein, die an die Frische des Wassers in einem Pool erinnert. Schlie\u00dflich verbleibt eine Basis aus mildem Zedernholz und leichtem Moschus, die eine Spur subtiler Raffinesse hinterl\u00e4sst, die die Ruhe eines entspannten Schwimmens widerspiegelt.<\/p>\n<p>Inspiration : Afternoon Swim Louis Vuitton<\/p>","protected":false},"excerpt":{"rendered":"<p>Kopfnote: Mandarine<\/p>\n<p>Herznote: Orange<\/p>\n<p>Basisnote: Bergamotte<\/p>","protected":false},"featured_media":8092,"template":"","meta":[],"product_brand":[],"product_cat":[591],"product_tag":[],"class_list":{"0":"post-8112","1":"product","2":"type-product","3":"status-publish","4":"has-post-thumbnail","6":"product_cat-rupture-de-stock","8":"first","9":"instock","10":"purchasable","11":"product-type-simple"},"yoast_head":"<!-- This site is optimized with the Yoast SEO plugin v27.5 - https:\/\/yoast.com\/product\/yoast-seo-wordpress\/ -->\n<title>MID DAY SWIM - LOUI MARTIN - Arabian Mood<\/title>\n<meta name=\"robots\" content=\"index, follow, max-snippet:-1, max-image-preview:large, max-video-preview:-1\" \/>\n<link rel=\"canonical\" href=\"https:\/\/arabian-mood.com\/de\/product\/mittagsschwimmen-loui-martin\/\" \/>\n<meta property=\"og:locale\" content=\"de_DE\" \/>\n<meta property=\"og:type\" content=\"article\" \/>\n<meta property=\"og:title\" content=\"MID DAY SWIM - LOUI MARTIN - Arabian Mood\" \/>\n<meta property=\"og:description\" content=\"Notes de t\u00eate\u00a0: Mandarine  Notes de coeur\u00a0:\u00a0 Orange  Notes de fond\u00a0: Bergamotte\" \/>\n<meta property=\"og:url\" content=\"https:\/\/arabian-mood.com\/de\/product\/mittagsschwimmen-loui-martin\/\" \/>\n<meta property=\"og:site_name\" content=\"Arabian Mood\" \/>\n<meta property=\"article:modified_time\" content=\"2026-01-20T11:47:16+00:00\" \/>\n<meta property=\"og:image\" content=\"https:\/\/arabian-mood.com\/wp-content\/uploads\/2024\/08\/MID-DAY-SWIM-LOUI-MARTIN-.png\" \/>\n\t<meta property=\"og:image:width\" content=\"900\" \/>\n\t<meta property=\"og:image:height\" content=\"900\" \/>\n\t<meta property=\"og:image:type\" content=\"image\/png\" \/>\n<meta name=\"twitter:card\" content=\"summary_large_image\" \/>\n<meta name=\"twitter:label1\" content=\"Gesch\u00e4tzte Lesezeit\" \/>\n\t<meta name=\"twitter:data1\" content=\"1\u00a0Minute\" \/>\n<script type=\"application\/ld+json\" class=\"yoast-schema-graph\">{\"@context\":\"https:\\\/\\\/schema.org\",\"@graph\":[{\"@type\":\"WebPage\",\"@id\":\"https:\\\/\\\/arabian-mood.com\\\/produit\\\/mid-day-swim-loui-martin\\\/\",\"url\":\"https:\\\/\\\/arabian-mood.com\\\/produit\\\/mid-day-swim-loui-martin\\\/\",\"name\":\"MID DAY SWIM - LOUI MARTIN - Arabian Mood\",\"isPartOf\":{\"@id\":\"https:\\\/\\\/arabian-mood.com\\\/#website\"},\"primaryImageOfPage\":{\"@id\":\"https:\\\/\\\/arabian-mood.com\\\/produit\\\/mid-day-swim-loui-martin\\\/#primaryimage\"},\"image\":{\"@id\":\"https:\\\/\\\/arabian-mood.com\\\/produit\\\/mid-day-swim-loui-martin\\\/#primaryimage\"},\"thumbnailUrl\":\"https:\\\/\\\/arabian-mood.com\\\/wp-content\\\/uploads\\\/2024\\\/08\\\/MID-DAY-SWIM-LOUI-MARTIN-.png\",\"datePublished\":\"2024-08-09T09:39:25+00:00\",\"dateModified\":\"2026-01-20T11:47:16+00:00\",\"breadcrumb\":{\"@id\":\"https:\\\/\\\/arabian-mood.com\\\/produit\\\/mid-day-swim-loui-martin\\\/#breadcrumb\"},\"inLanguage\":\"de\",\"potentialAction\":[{\"@type\":\"ReadAction\",\"target\":[\"https:\\\/\\\/arabian-mood.com\\\/produit\\\/mid-day-swim-loui-martin\\\/\"]}]},{\"@type\":\"ImageObject\",\"inLanguage\":\"de\",\"@id\":\"https:\\\/\\\/arabian-mood.com\\\/produit\\\/mid-day-swim-loui-martin\\\/#primaryimage\",\"url\":\"https:\\\/\\\/arabian-mood.com\\\/wp-content\\\/uploads\\\/2024\\\/08\\\/MID-DAY-SWIM-LOUI-MARTIN-.png\",\"contentUrl\":\"https:\\\/\\\/arabian-mood.com\\\/wp-content\\\/uploads\\\/2024\\\/08\\\/MID-DAY-SWIM-LOUI-MARTIN-.png\",\"width\":900,\"height\":900},{\"@type\":\"BreadcrumbList\",\"@id\":\"https:\\\/\\\/arabian-mood.com\\\/produit\\\/mid-day-swim-loui-martin\\\/#breadcrumb\",\"itemListElement\":[{\"@type\":\"ListItem\",\"position\":1,\"name\":\"Accueil\",\"item\":\"https:\\\/\\\/arabian-mood.com\\\/\"},{\"@type\":\"ListItem\",\"position\":2,\"name\":\"Boutique\",\"item\":\"https:\\\/\\\/arabian-mood.com\\\/boutique\\\/\"},{\"@type\":\"ListItem\",\"position\":3,\"name\":\"MID DAY SWIM &#8211; LOUI MARTIN\"}]},{\"@type\":\"WebSite\",\"@id\":\"https:\\\/\\\/arabian-mood.com\\\/#website\",\"url\":\"https:\\\/\\\/arabian-mood.com\\\/\",\"name\":\"Arabian Mood\",\"description\":\"\",\"publisher\":{\"@id\":\"https:\\\/\\\/arabian-mood.com\\\/#organization\"},\"potentialAction\":[{\"@type\":\"SearchAction\",\"target\":{\"@type\":\"EntryPoint\",\"urlTemplate\":\"https:\\\/\\\/arabian-mood.com\\\/?s={search_term_string}\"},\"query-input\":{\"@type\":\"PropertyValueSpecification\",\"valueRequired\":true,\"valueName\":\"search_term_string\"}}],\"inLanguage\":\"de\"},{\"@type\":\"Organization\",\"@id\":\"https:\\\/\\\/arabian-mood.com\\\/#organization\",\"name\":\"Arabian Mood\",\"url\":\"https:\\\/\\\/arabian-mood.com\\\/\",\"logo\":{\"@type\":\"ImageObject\",\"inLanguage\":\"de\",\"@id\":\"https:\\\/\\\/arabian-mood.com\\\/#\\\/schema\\\/logo\\\/image\\\/\",\"url\":\"https:\\\/\\\/arabian-mood.com\\\/wp-content\\\/uploads\\\/2024\\\/09\\\/Groupe-11304.svg\",\"contentUrl\":\"https:\\\/\\\/arabian-mood.com\\\/wp-content\\\/uploads\\\/2024\\\/09\\\/Groupe-11304.svg\",\"width\":214,\"height\":27,\"caption\":\"Arabian Mood\"},\"image\":{\"@id\":\"https:\\\/\\\/arabian-mood.com\\\/#\\\/schema\\\/logo\\\/image\\\/\"},\"sameAs\":[\"https:\\\/\\\/www.instagram.com\\\/arabianmoodofficiel\\\/\"]}]}<\/script>\n<!-- \/ Yoast SEO plugin. -->","yoast_head_json":{"title":"MITTAGSSCHWIMMEN - LOUI MARTIN - Arabische Stimmung","robots":{"index":"index","follow":"follow","max-snippet":"max-snippet:-1","max-image-preview":"max-image-preview:large","max-video-preview":"max-video-preview:-1"},"canonical":"https:\/\/arabian-mood.com\/de\/product\/mittagsschwimmen-loui-martin\/","og_locale":"de_DE","og_type":"article","og_title":"MID DAY SWIM - LOUI MARTIN - Arabian Mood","og_description":"Notes de t\u00eate\u00a0: Mandarine  Notes de coeur\u00a0:\u00a0 Orange  Notes de fond\u00a0: Bergamotte","og_url":"https:\/\/arabian-mood.com\/de\/product\/mittagsschwimmen-loui-martin\/","og_site_name":"Arabian Mood","article_modified_time":"2026-01-20T11:47:16+00:00","og_image":[{"width":900,"height":900,"url":"https:\/\/arabian-mood.com\/wp-content\/uploads\/2024\/08\/MID-DAY-SWIM-LOUI-MARTIN-.png","type":"image\/png"}],"twitter_card":"summary_large_image","twitter_misc":{"Gesch\u00e4tzte Lesezeit":"1\u00a0Minute"},"schema":{"@context":"https:\/\/schema.org","@graph":[{"@type":"WebPage","@id":"https:\/\/arabian-mood.com\/produit\/mid-day-swim-loui-martin\/","url":"https:\/\/arabian-mood.com\/produit\/mid-day-swim-loui-martin\/","name":"MITTAGSSCHWIMMEN - LOUI MARTIN - Arabische Stimmung","isPartOf":{"@id":"https:\/\/arabian-mood.com\/#website"},"primaryImageOfPage":{"@id":"https:\/\/arabian-mood.com\/produit\/mid-day-swim-loui-martin\/#primaryimage"},"image":{"@id":"https:\/\/arabian-mood.com\/produit\/mid-day-swim-loui-martin\/#primaryimage"},"thumbnailUrl":"https:\/\/arabian-mood.com\/wp-content\/uploads\/2024\/08\/MID-DAY-SWIM-LOUI-MARTIN-.png","datePublished":"2024-08-09T09:39:25+00:00","dateModified":"2026-01-20T11:47:16+00:00","breadcrumb":{"@id":"https:\/\/arabian-mood.com\/produit\/mid-day-swim-loui-martin\/#breadcrumb"},"inLanguage":"de","potentialAction":[{"@type":"ReadAction","target":["https:\/\/arabian-mood.com\/produit\/mid-day-swim-loui-martin\/"]}]},{"@type":"ImageObject","inLanguage":"de","@id":"https:\/\/arabian-mood.com\/produit\/mid-day-swim-loui-martin\/#primaryimage","url":"https:\/\/arabian-mood.com\/wp-content\/uploads\/2024\/08\/MID-DAY-SWIM-LOUI-MARTIN-.png","contentUrl":"https:\/\/arabian-mood.com\/wp-content\/uploads\/2024\/08\/MID-DAY-SWIM-LOUI-MARTIN-.png","width":900,"height":900},{"@type":"BreadcrumbList","@id":"https:\/\/arabian-mood.com\/produit\/mid-day-swim-loui-martin\/#breadcrumb","itemListElement":[{"@type":"ListItem","position":1,"name":"Accueil","item":"https:\/\/arabian-mood.com\/"},{"@type":"ListItem","position":2,"name":"Boutique","item":"https:\/\/arabian-mood.com\/boutique\/"},{"@type":"ListItem","position":3,"name":"MID DAY SWIM &#8211; LOUI MARTIN"}]},{"@type":"WebSite","@id":"https:\/\/arabian-mood.com\/#website","url":"https:\/\/arabian-mood.com\/","name":"Arabische Stimmung","description":"","publisher":{"@id":"https:\/\/arabian-mood.com\/#organization"},"potentialAction":[{"@type":"SearchAction","target":{"@type":"EntryPoint","urlTemplate":"https:\/\/arabian-mood.com\/?s={search_term_string}"},"query-input":{"@type":"PropertyValueSpecification","valueRequired":true,"valueName":"search_term_string"}}],"inLanguage":"de"},{"@type":"Organization","@id":"https:\/\/arabian-mood.com\/#organization","name":"Arabische Stimmung","url":"https:\/\/arabian-mood.com\/","logo":{"@type":"ImageObject","inLanguage":"de","@id":"https:\/\/arabian-mood.com\/#\/schema\/logo\/image\/","url":"https:\/\/arabian-mood.com\/wp-content\/uploads\/2024\/09\/Groupe-11304.svg","contentUrl":"https:\/\/arabian-mood.com\/wp-content\/uploads\/2024\/09\/Groupe-11304.svg","width":214,"height":27,"caption":"Arabian Mood"},"image":{"@id":"https:\/\/arabian-mood.com\/#\/schema\/logo\/image\/"},"sameAs":["https:\/\/www.instagram.com\/arabianmoodofficiel\/"]}]}},"_links":{"self":[{"href":"https:\/\/arabian-mood.com\/de\/wp-json\/wp\/v2\/product\/8112","targetHints":{"allow":["GET"]}}],"collection":[{"href":"https:\/\/arabian-mood.com\/de\/wp-json\/wp\/v2\/product"}],"about":[{"href":"https:\/\/arabian-mood.com\/de\/wp-json\/wp\/v2\/types\/product"}],"wp:featuredmedia":[{"embeddable":true,"href":"https:\/\/arabian-mood.com\/de\/wp-json\/wp\/v2\/media\/8092"}],"wp:attachment":[{"href":"https:\/\/arabian-mood.com\/de\/wp-json\/wp\/v2\/media?parent=8112"}],"wp:term":[{"taxonomy":"product_brand","embeddable":true,"href":"https:\/\/arabian-mood.com\/de\/wp-json\/wp\/v2\/product_brand?post=8112"},{"taxonomy":"product_cat","embeddable":true,"href":"https:\/\/arabian-mood.com\/de\/wp-json\/wp\/v2\/product_cat?post=8112"},{"taxonomy":"product_tag","embeddable":true,"href":"https:\/\/arabian-mood.com\/de\/wp-json\/wp\/v2\/product_tag?post=8112"}],"curies":[{"name":"wp","href":"https:\/\/api.w.org\/{rel}","templated":true}]}}