{"id":8114,"date":"2024-08-09T11:39:25","date_gmt":"2024-08-09T09:39:25","guid":{"rendered":"https:\/\/arabian-mood.com\/produit\/matier-noire-loui-martin\/"},"modified":"2026-01-20T12:47:41","modified_gmt":"2026-01-20T11:47:41","slug":"matier-noire-loui-martin","status":"publish","type":"product","link":"https:\/\/arabian-mood.com\/de\/produit\/matier-noire-loui-martin\/","title":{"rendered":"MATIER NOIRE &#8211; LOUI MARTIN"},"content":{"rendered":"<p>Ce jus m\u00e9taphorique d\u00e9bute par un assemblage fruit\u00e9 de sirop de cassis et de notes aquatiques. Ainsi, Mati\u00e8re Noire affiche d&#8217;embl\u00e9e son c\u00f4t\u00e9 sombre, tout en \u00e9tant frais et juteux. Puis, son c\u0153ur se charge de fleurs. C&#8217;est d&#8217;ailleurs de l\u00e0 que lui vient toute son \u00e9l\u00e9gance. En outre, Mati\u00e8re Noire contient du cyclamen, du narcisse, du jasmin sambac et de la rose. Ces ingr\u00e9dients a\u00e9riens apportent plus de contraste \u00e0 cette essence ce qui lui fait gagner en amplitude. C&#8217;est un peu comme si la nuit noire \u00e9tait soudainement travers\u00e9e par une com\u00e8te lumineuse. \u00c0 cet instant, Mati\u00e8re Noire s&#8217;enrichit de bois pr\u00e9cieux. Il contient du patchouli, de l\u2019agarwood du Laos, de l\u2019encens et du benjoin. Le tout est absolument troublant et en devient presque irr\u00e9el.<\/p>\n<p>Inspiration : Mati\u00e8re Noir Louis Vuitton<\/p>","protected":false},"excerpt":{"rendered":"<p>Notes de t\u00eate\u00a0: Sirop de cassis et Notes aquatiques<\/p>\n<p>Notes de coeur\u00a0:\u00a0 Rose, Cyclamen, Narcissus, Jasmin Sambac<\/p>\n<p>Notes de fond\u00a0: Oud, Patchouli, Encens, Benjoin<\/p>","protected":false},"featured_media":0,"template":"","meta":[],"product_brand":[],"product_cat":[591],"product_tag":[],"class_list":{"0":"post-8114","1":"product","2":"type-product","3":"status-publish","5":"product_cat-rupture-de-stock","7":"first","8":"outofstock","9":"sale","10":"purchasable","11":"product-type-simple"},"yoast_head":"<!-- This site is optimized with the Yoast SEO plugin v27.6 - https:\/\/yoast.com\/product\/yoast-seo-wordpress\/ -->\n<title>MATIER NOIRE - LOUI MARTIN - Arabian Mood<\/title>\n<meta name=\"robots\" content=\"index, follow, max-snippet:-1, max-image-preview:large, max-video-preview:-1\" \/>\n<link rel=\"canonical\" href=\"https:\/\/arabian-mood.com\/de\/product\/matier-noire-loui-martin\/\" \/>\n<meta property=\"og:locale\" content=\"de_DE\" \/>\n<meta property=\"og:type\" content=\"article\" \/>\n<meta property=\"og:title\" content=\"MATIER NOIRE - LOUI MARTIN - Arabian Mood\" \/>\n<meta property=\"og:description\" content=\"Notes de t\u00eate\u00a0: Sirop de cassis et Notes aquatiques  Notes de coeur\u00a0:\u00a0 Rose, Cyclamen, Narcissus, Jasmin Sambac  Notes de fond\u00a0: Oud, Patchouli, Encens, Benjoin\" \/>\n<meta property=\"og:url\" content=\"https:\/\/arabian-mood.com\/de\/product\/matier-noire-loui-martin\/\" \/>\n<meta property=\"og:site_name\" content=\"Arabian Mood\" \/>\n<meta property=\"article:modified_time\" content=\"2026-01-20T11:47:41+00:00\" \/>\n<meta name=\"twitter:card\" content=\"summary_large_image\" \/>\n<meta name=\"twitter:label1\" content=\"Gesch\u00e4tzte Lesezeit\" \/>\n\t<meta name=\"twitter:data1\" content=\"1\u00a0Minute\" \/>\n<script type=\"application\/ld+json\" class=\"yoast-schema-graph\">{\"@context\":\"https:\\\/\\\/schema.org\",\"@graph\":[{\"@type\":\"WebPage\",\"@id\":\"https:\\\/\\\/arabian-mood.com\\\/produit\\\/matier-noire-loui-martin\\\/\",\"url\":\"https:\\\/\\\/arabian-mood.com\\\/produit\\\/matier-noire-loui-martin\\\/\",\"name\":\"MATIER NOIRE - LOUI MARTIN - Arabian Mood\",\"isPartOf\":{\"@id\":\"https:\\\/\\\/arabian-mood.com\\\/#website\"},\"datePublished\":\"2024-08-09T09:39:25+00:00\",\"dateModified\":\"2026-01-20T11:47:41+00:00\",\"breadcrumb\":{\"@id\":\"https:\\\/\\\/arabian-mood.com\\\/produit\\\/matier-noire-loui-martin\\\/#breadcrumb\"},\"inLanguage\":\"de\",\"potentialAction\":[{\"@type\":\"ReadAction\",\"target\":[\"https:\\\/\\\/arabian-mood.com\\\/produit\\\/matier-noire-loui-martin\\\/\"]}]},{\"@type\":\"BreadcrumbList\",\"@id\":\"https:\\\/\\\/arabian-mood.com\\\/produit\\\/matier-noire-loui-martin\\\/#breadcrumb\",\"itemListElement\":[{\"@type\":\"ListItem\",\"position\":1,\"name\":\"Accueil\",\"item\":\"https:\\\/\\\/arabian-mood.com\\\/\"},{\"@type\":\"ListItem\",\"position\":2,\"name\":\"Boutique\",\"item\":\"https:\\\/\\\/arabian-mood.com\\\/boutique\\\/\"},{\"@type\":\"ListItem\",\"position\":3,\"name\":\"MATIER NOIRE &#8211; LOUI MARTIN\"}]},{\"@type\":\"WebSite\",\"@id\":\"https:\\\/\\\/arabian-mood.com\\\/#website\",\"url\":\"https:\\\/\\\/arabian-mood.com\\\/\",\"name\":\"Arabian Mood\",\"description\":\"\",\"publisher\":{\"@id\":\"https:\\\/\\\/arabian-mood.com\\\/#organization\"},\"potentialAction\":[{\"@type\":\"SearchAction\",\"target\":{\"@type\":\"EntryPoint\",\"urlTemplate\":\"https:\\\/\\\/arabian-mood.com\\\/?s={search_term_string}\"},\"query-input\":{\"@type\":\"PropertyValueSpecification\",\"valueRequired\":true,\"valueName\":\"search_term_string\"}}],\"inLanguage\":\"de\"},{\"@type\":\"Organization\",\"@id\":\"https:\\\/\\\/arabian-mood.com\\\/#organization\",\"name\":\"Arabian Mood\",\"url\":\"https:\\\/\\\/arabian-mood.com\\\/\",\"logo\":{\"@type\":\"ImageObject\",\"inLanguage\":\"de\",\"@id\":\"https:\\\/\\\/arabian-mood.com\\\/#\\\/schema\\\/logo\\\/image\\\/\",\"url\":\"https:\\\/\\\/arabian-mood.com\\\/wp-content\\\/uploads\\\/2024\\\/09\\\/Groupe-11304.svg\",\"contentUrl\":\"https:\\\/\\\/arabian-mood.com\\\/wp-content\\\/uploads\\\/2024\\\/09\\\/Groupe-11304.svg\",\"width\":214,\"height\":27,\"caption\":\"Arabian Mood\"},\"image\":{\"@id\":\"https:\\\/\\\/arabian-mood.com\\\/#\\\/schema\\\/logo\\\/image\\\/\"},\"sameAs\":[\"https:\\\/\\\/www.instagram.com\\\/arabianmoodofficiel\\\/\"]}]}<\/script>\n<!-- \/ Yoast SEO plugin. -->","yoast_head_json":{"title":"MATIER NOIRE - LOUI MARTIN - Arabian Mood","robots":{"index":"index","follow":"follow","max-snippet":"max-snippet:-1","max-image-preview":"max-image-preview:large","max-video-preview":"max-video-preview:-1"},"canonical":"https:\/\/arabian-mood.com\/de\/product\/matier-noire-loui-martin\/","og_locale":"de_DE","og_type":"article","og_title":"MATIER NOIRE - LOUI MARTIN - Arabian Mood","og_description":"Notes de t\u00eate\u00a0: Sirop de cassis et Notes aquatiques  Notes de coeur\u00a0:\u00a0 Rose, Cyclamen, Narcissus, Jasmin Sambac  Notes de fond\u00a0: Oud, Patchouli, Encens, Benjoin","og_url":"https:\/\/arabian-mood.com\/de\/product\/matier-noire-loui-martin\/","og_site_name":"Arabian Mood","article_modified_time":"2026-01-20T11:47:41+00:00","twitter_card":"summary_large_image","twitter_misc":{"Gesch\u00e4tzte Lesezeit":"1\u00a0Minute"},"schema":{"@context":"https:\/\/schema.org","@graph":[{"@type":"WebPage","@id":"https:\/\/arabian-mood.com\/produit\/matier-noire-loui-martin\/","url":"https:\/\/arabian-mood.com\/produit\/matier-noire-loui-martin\/","name":"MATIER NOIRE - LOUI MARTIN - Arabian Mood","isPartOf":{"@id":"https:\/\/arabian-mood.com\/#website"},"datePublished":"2024-08-09T09:39:25+00:00","dateModified":"2026-01-20T11:47:41+00:00","breadcrumb":{"@id":"https:\/\/arabian-mood.com\/produit\/matier-noire-loui-martin\/#breadcrumb"},"inLanguage":"de","potentialAction":[{"@type":"ReadAction","target":["https:\/\/arabian-mood.com\/produit\/matier-noire-loui-martin\/"]}]},{"@type":"BreadcrumbList","@id":"https:\/\/arabian-mood.com\/produit\/matier-noire-loui-martin\/#breadcrumb","itemListElement":[{"@type":"ListItem","position":1,"name":"Accueil","item":"https:\/\/arabian-mood.com\/"},{"@type":"ListItem","position":2,"name":"Boutique","item":"https:\/\/arabian-mood.com\/boutique\/"},{"@type":"ListItem","position":3,"name":"MATIER NOIRE &#8211; LOUI MARTIN"}]},{"@type":"WebSite","@id":"https:\/\/arabian-mood.com\/#website","url":"https:\/\/arabian-mood.com\/","name":"Arabische Stimmung","description":"","publisher":{"@id":"https:\/\/arabian-mood.com\/#organization"},"potentialAction":[{"@type":"SearchAction","target":{"@type":"EntryPoint","urlTemplate":"https:\/\/arabian-mood.com\/?s={search_term_string}"},"query-input":{"@type":"PropertyValueSpecification","valueRequired":true,"valueName":"search_term_string"}}],"inLanguage":"de"},{"@type":"Organization","@id":"https:\/\/arabian-mood.com\/#organization","name":"Arabische Stimmung","url":"https:\/\/arabian-mood.com\/","logo":{"@type":"ImageObject","inLanguage":"de","@id":"https:\/\/arabian-mood.com\/#\/schema\/logo\/image\/","url":"https:\/\/arabian-mood.com\/wp-content\/uploads\/2024\/09\/Groupe-11304.svg","contentUrl":"https:\/\/arabian-mood.com\/wp-content\/uploads\/2024\/09\/Groupe-11304.svg","width":214,"height":27,"caption":"Arabian Mood"},"image":{"@id":"https:\/\/arabian-mood.com\/#\/schema\/logo\/image\/"},"sameAs":["https:\/\/www.instagram.com\/arabianmoodofficiel\/"]}]}},"_links":{"self":[{"href":"https:\/\/arabian-mood.com\/de\/wp-json\/wp\/v2\/product\/8114","targetHints":{"allow":["GET"]}}],"collection":[{"href":"https:\/\/arabian-mood.com\/de\/wp-json\/wp\/v2\/product"}],"about":[{"href":"https:\/\/arabian-mood.com\/de\/wp-json\/wp\/v2\/types\/product"}],"wp:attachment":[{"href":"https:\/\/arabian-mood.com\/de\/wp-json\/wp\/v2\/media?parent=8114"}],"wp:term":[{"taxonomy":"product_brand","embeddable":true,"href":"https:\/\/arabian-mood.com\/de\/wp-json\/wp\/v2\/product_brand?post=8114"},{"taxonomy":"product_cat","embeddable":true,"href":"https:\/\/arabian-mood.com\/de\/wp-json\/wp\/v2\/product_cat?post=8114"},{"taxonomy":"product_tag","embeddable":true,"href":"https:\/\/arabian-mood.com\/de\/wp-json\/wp\/v2\/product_tag?post=8114"}],"curies":[{"name":"wp","href":"https:\/\/api.w.org\/{rel}","templated":true}]}}