{"id":8232,"date":"2024-09-08T16:43:34","date_gmt":"2024-09-08T14:43:34","guid":{"rendered":"https:\/\/arabian-mood.com\/?post_type=product&#038;p=8232"},"modified":"2025-11-05T17:05:31","modified_gmt":"2025-11-05T16:05:31","slug":"bint-hooran-rose-passion-ard-al-zaafaran","status":"publish","type":"product","link":"https:\/\/arabian-mood.com\/de\/produit\/bint-hooran-rose-passion-ard-al-zaafaran\/","title":{"rendered":"Bint Hooran Rose Passion \u2013 Ard Al Zaafaran"},"content":{"rendered":"<p>Hier ist Bint Hooran Rose Passion, ein s\u00fc\u00dfer und k\u00f6stlicher Duft. Hergestellt aus den besten Zutaten aus dem Herzen des Nahen Ostens, ist Bint Hooran Rose Passion eine harmonische Mischung aus saftigen kandierten Fr\u00fcchten und k\u00f6stlichem Vanillesirup. Der Duft \u00f6ffnet sich mit einer Explosion saftiger gr\u00fcner Mandarine und schwarzer Johannisbeeren, die zu einem Herzen aus prickelnden kandierten Bl\u00fcten wie Gardenie und Erdbeere f\u00fchren. Dieser exquisite Duft ist perfekt f\u00fcr alle, die die Anziehungskraft eines gut ausbalancierten und raffinierten Parf\u00fcms sch\u00e4tzen.<\/p>\n<p>&nbsp;<\/p>\n<p><strong>Inspiration: YARA CANDY LATTAFA<\/strong><\/p>","protected":false},"excerpt":{"rendered":"<p><strong>Kopfnoten<\/strong> Mandarine gr\u00fcn, Cassis.<\/p>\n<p><strong>Herznote<\/strong> Erdbeerbonbons, Gardenie.<\/p>\n<p><strong>Basisnoten<\/strong> Sandelholz, Vanillesirup, Moschus, Bernstein.<\/p>","protected":false},"featured_media":8370,"template":"","meta":[],"product_brand":[],"product_cat":[578,518,584,433],"product_tag":[],"class_list":{"0":"post-8232","1":"product","2":"type-product","3":"status-publish","4":"has-post-thumbnail","6":"product_cat-ard-al-zaafaran","7":"product_cat-lattafa","8":"product_cat-parfum-dubai-femme","9":"product_cat-parfums-de-dubai","11":"first","12":"instock","13":"sale","14":"taxable","15":"shipping-taxable","16":"purchasable","17":"product-type-simple"},"yoast_head":"<!-- This site is optimized with the Yoast SEO plugin v27.5 - https:\/\/yoast.com\/product\/yoast-seo-wordpress\/ -->\n<title>Bint Hooran Rose Passion - Ard Al zaafaran - Arabian Mood<\/title>\n<meta name=\"robots\" content=\"index, follow, max-snippet:-1, max-image-preview:large, max-video-preview:-1\" \/>\n<link rel=\"canonical\" href=\"https:\/\/arabian-mood.com\/de\/product\/bint-hooran-rose-passion-ard-al-zaafaran\/\" \/>\n<meta property=\"og:locale\" content=\"de_DE\" \/>\n<meta property=\"og:type\" content=\"article\" \/>\n<meta property=\"og:title\" content=\"Bint Hooran Rose Passion - Ard Al zaafaran - Arabian Mood\" \/>\n<meta property=\"og:description\" content=\"Notes de t\u00eate : mandarine verte, cassis.  Notes de coeur : Bonbons aux fraises, gard\u00e9nia.  Notes de fond : bois de santal, sirop de vanille, musc, ambre.\" \/>\n<meta property=\"og:url\" content=\"https:\/\/arabian-mood.com\/de\/product\/bint-hooran-rose-passion-ard-al-zaafaran\/\" \/>\n<meta property=\"og:site_name\" content=\"Arabian Mood\" \/>\n<meta property=\"article:modified_time\" content=\"2025-11-05T16:05:31+00:00\" \/>\n<meta property=\"og:image\" content=\"https:\/\/arabian-mood.com\/wp-content\/uploads\/2024\/09\/bint-hooran-rose-passion.png\" \/>\n\t<meta property=\"og:image:width\" content=\"900\" \/>\n\t<meta property=\"og:image:height\" content=\"900\" \/>\n\t<meta property=\"og:image:type\" content=\"image\/png\" \/>\n<meta name=\"twitter:card\" content=\"summary_large_image\" \/>\n<script type=\"application\/ld+json\" class=\"yoast-schema-graph\">{\"@context\":\"https:\\\/\\\/schema.org\",\"@graph\":[{\"@type\":\"WebPage\",\"@id\":\"https:\\\/\\\/arabian-mood.com\\\/produit\\\/bint-hooran-rose-passion-ard-al-zaafaran\\\/\",\"url\":\"https:\\\/\\\/arabian-mood.com\\\/produit\\\/bint-hooran-rose-passion-ard-al-zaafaran\\\/\",\"name\":\"Bint Hooran Rose Passion - Ard Al zaafaran - Arabian Mood\",\"isPartOf\":{\"@id\":\"https:\\\/\\\/arabian-mood.com\\\/#website\"},\"primaryImageOfPage\":{\"@id\":\"https:\\\/\\\/arabian-mood.com\\\/produit\\\/bint-hooran-rose-passion-ard-al-zaafaran\\\/#primaryimage\"},\"image\":{\"@id\":\"https:\\\/\\\/arabian-mood.com\\\/produit\\\/bint-hooran-rose-passion-ard-al-zaafaran\\\/#primaryimage\"},\"thumbnailUrl\":\"https:\\\/\\\/arabian-mood.com\\\/wp-content\\\/uploads\\\/2024\\\/09\\\/bint-hooran-rose-passion.png\",\"datePublished\":\"2024-09-08T14:43:34+00:00\",\"dateModified\":\"2025-11-05T16:05:31+00:00\",\"breadcrumb\":{\"@id\":\"https:\\\/\\\/arabian-mood.com\\\/produit\\\/bint-hooran-rose-passion-ard-al-zaafaran\\\/#breadcrumb\"},\"inLanguage\":\"de\",\"potentialAction\":[{\"@type\":\"ReadAction\",\"target\":[\"https:\\\/\\\/arabian-mood.com\\\/produit\\\/bint-hooran-rose-passion-ard-al-zaafaran\\\/\"]}]},{\"@type\":\"ImageObject\",\"inLanguage\":\"de\",\"@id\":\"https:\\\/\\\/arabian-mood.com\\\/produit\\\/bint-hooran-rose-passion-ard-al-zaafaran\\\/#primaryimage\",\"url\":\"https:\\\/\\\/arabian-mood.com\\\/wp-content\\\/uploads\\\/2024\\\/09\\\/bint-hooran-rose-passion.png\",\"contentUrl\":\"https:\\\/\\\/arabian-mood.com\\\/wp-content\\\/uploads\\\/2024\\\/09\\\/bint-hooran-rose-passion.png\",\"width\":900,\"height\":900,\"caption\":\"bint hoorn rose passion Yara candy\"},{\"@type\":\"BreadcrumbList\",\"@id\":\"https:\\\/\\\/arabian-mood.com\\\/produit\\\/bint-hooran-rose-passion-ard-al-zaafaran\\\/#breadcrumb\",\"itemListElement\":[{\"@type\":\"ListItem\",\"position\":1,\"name\":\"Accueil\",\"item\":\"https:\\\/\\\/arabian-mood.com\\\/\"},{\"@type\":\"ListItem\",\"position\":2,\"name\":\"Boutique\",\"item\":\"https:\\\/\\\/arabian-mood.com\\\/boutique\\\/\"},{\"@type\":\"ListItem\",\"position\":3,\"name\":\"Bint Hooran Rose Passion &#8211; Ard Al zaafaran\"}]},{\"@type\":\"WebSite\",\"@id\":\"https:\\\/\\\/arabian-mood.com\\\/#website\",\"url\":\"https:\\\/\\\/arabian-mood.com\\\/\",\"name\":\"Arabian Mood\",\"description\":\"\",\"publisher\":{\"@id\":\"https:\\\/\\\/arabian-mood.com\\\/#organization\"},\"potentialAction\":[{\"@type\":\"SearchAction\",\"target\":{\"@type\":\"EntryPoint\",\"urlTemplate\":\"https:\\\/\\\/arabian-mood.com\\\/?s={search_term_string}\"},\"query-input\":{\"@type\":\"PropertyValueSpecification\",\"valueRequired\":true,\"valueName\":\"search_term_string\"}}],\"inLanguage\":\"de\"},{\"@type\":\"Organization\",\"@id\":\"https:\\\/\\\/arabian-mood.com\\\/#organization\",\"name\":\"Arabian Mood\",\"url\":\"https:\\\/\\\/arabian-mood.com\\\/\",\"logo\":{\"@type\":\"ImageObject\",\"inLanguage\":\"de\",\"@id\":\"https:\\\/\\\/arabian-mood.com\\\/#\\\/schema\\\/logo\\\/image\\\/\",\"url\":\"https:\\\/\\\/arabian-mood.com\\\/wp-content\\\/uploads\\\/2024\\\/09\\\/Groupe-11304.svg\",\"contentUrl\":\"https:\\\/\\\/arabian-mood.com\\\/wp-content\\\/uploads\\\/2024\\\/09\\\/Groupe-11304.svg\",\"width\":214,\"height\":27,\"caption\":\"Arabian Mood\"},\"image\":{\"@id\":\"https:\\\/\\\/arabian-mood.com\\\/#\\\/schema\\\/logo\\\/image\\\/\"},\"sameAs\":[\"https:\\\/\\\/www.instagram.com\\\/arabianmoodofficiel\\\/\"]}]}<\/script>\n<!-- \/ Yoast SEO plugin. -->","yoast_head_json":{"title":"Bint Hooran Rose Passion - Ard Al zaafaran - Arabian Mood","robots":{"index":"index","follow":"follow","max-snippet":"max-snippet:-1","max-image-preview":"max-image-preview:large","max-video-preview":"max-video-preview:-1"},"canonical":"https:\/\/arabian-mood.com\/de\/product\/bint-hooran-rose-passion-ard-al-zaafaran\/","og_locale":"de_DE","og_type":"article","og_title":"Bint Hooran Rose Passion - Ard Al zaafaran - Arabian Mood","og_description":"Notes de t\u00eate : mandarine verte, cassis.  Notes de coeur : Bonbons aux fraises, gard\u00e9nia.  Notes de fond : bois de santal, sirop de vanille, musc, ambre.","og_url":"https:\/\/arabian-mood.com\/de\/product\/bint-hooran-rose-passion-ard-al-zaafaran\/","og_site_name":"Arabian Mood","article_modified_time":"2025-11-05T16:05:31+00:00","og_image":[{"width":900,"height":900,"url":"https:\/\/arabian-mood.com\/wp-content\/uploads\/2024\/09\/bint-hooran-rose-passion.png","type":"image\/png"}],"twitter_card":"summary_large_image","schema":{"@context":"https:\/\/schema.org","@graph":[{"@type":"WebPage","@id":"https:\/\/arabian-mood.com\/produit\/bint-hooran-rose-passion-ard-al-zaafaran\/","url":"https:\/\/arabian-mood.com\/produit\/bint-hooran-rose-passion-ard-al-zaafaran\/","name":"Bint Hooran Rose Passion - Ard Al zaafaran - Arabian Mood","isPartOf":{"@id":"https:\/\/arabian-mood.com\/#website"},"primaryImageOfPage":{"@id":"https:\/\/arabian-mood.com\/produit\/bint-hooran-rose-passion-ard-al-zaafaran\/#primaryimage"},"image":{"@id":"https:\/\/arabian-mood.com\/produit\/bint-hooran-rose-passion-ard-al-zaafaran\/#primaryimage"},"thumbnailUrl":"https:\/\/arabian-mood.com\/wp-content\/uploads\/2024\/09\/bint-hooran-rose-passion.png","datePublished":"2024-09-08T14:43:34+00:00","dateModified":"2025-11-05T16:05:31+00:00","breadcrumb":{"@id":"https:\/\/arabian-mood.com\/produit\/bint-hooran-rose-passion-ard-al-zaafaran\/#breadcrumb"},"inLanguage":"de","potentialAction":[{"@type":"ReadAction","target":["https:\/\/arabian-mood.com\/produit\/bint-hooran-rose-passion-ard-al-zaafaran\/"]}]},{"@type":"ImageObject","inLanguage":"de","@id":"https:\/\/arabian-mood.com\/produit\/bint-hooran-rose-passion-ard-al-zaafaran\/#primaryimage","url":"https:\/\/arabian-mood.com\/wp-content\/uploads\/2024\/09\/bint-hooran-rose-passion.png","contentUrl":"https:\/\/arabian-mood.com\/wp-content\/uploads\/2024\/09\/bint-hooran-rose-passion.png","width":900,"height":900,"caption":"bint hoorn rose passion Yara candy"},{"@type":"BreadcrumbList","@id":"https:\/\/arabian-mood.com\/produit\/bint-hooran-rose-passion-ard-al-zaafaran\/#breadcrumb","itemListElement":[{"@type":"ListItem","position":1,"name":"Accueil","item":"https:\/\/arabian-mood.com\/"},{"@type":"ListItem","position":2,"name":"Boutique","item":"https:\/\/arabian-mood.com\/boutique\/"},{"@type":"ListItem","position":3,"name":"Bint Hooran Rose Passion &#8211; Ard Al zaafaran"}]},{"@type":"WebSite","@id":"https:\/\/arabian-mood.com\/#website","url":"https:\/\/arabian-mood.com\/","name":"Arabische Stimmung","description":"","publisher":{"@id":"https:\/\/arabian-mood.com\/#organization"},"potentialAction":[{"@type":"SearchAction","target":{"@type":"EntryPoint","urlTemplate":"https:\/\/arabian-mood.com\/?s={search_term_string}"},"query-input":{"@type":"PropertyValueSpecification","valueRequired":true,"valueName":"search_term_string"}}],"inLanguage":"de"},{"@type":"Organization","@id":"https:\/\/arabian-mood.com\/#organization","name":"Arabische Stimmung","url":"https:\/\/arabian-mood.com\/","logo":{"@type":"ImageObject","inLanguage":"de","@id":"https:\/\/arabian-mood.com\/#\/schema\/logo\/image\/","url":"https:\/\/arabian-mood.com\/wp-content\/uploads\/2024\/09\/Groupe-11304.svg","contentUrl":"https:\/\/arabian-mood.com\/wp-content\/uploads\/2024\/09\/Groupe-11304.svg","width":214,"height":27,"caption":"Arabian Mood"},"image":{"@id":"https:\/\/arabian-mood.com\/#\/schema\/logo\/image\/"},"sameAs":["https:\/\/www.instagram.com\/arabianmoodofficiel\/"]}]}},"_links":{"self":[{"href":"https:\/\/arabian-mood.com\/de\/wp-json\/wp\/v2\/product\/8232","targetHints":{"allow":["GET"]}}],"collection":[{"href":"https:\/\/arabian-mood.com\/de\/wp-json\/wp\/v2\/product"}],"about":[{"href":"https:\/\/arabian-mood.com\/de\/wp-json\/wp\/v2\/types\/product"}],"wp:featuredmedia":[{"embeddable":true,"href":"https:\/\/arabian-mood.com\/de\/wp-json\/wp\/v2\/media\/8370"}],"wp:attachment":[{"href":"https:\/\/arabian-mood.com\/de\/wp-json\/wp\/v2\/media?parent=8232"}],"wp:term":[{"taxonomy":"product_brand","embeddable":true,"href":"https:\/\/arabian-mood.com\/de\/wp-json\/wp\/v2\/product_brand?post=8232"},{"taxonomy":"product_cat","embeddable":true,"href":"https:\/\/arabian-mood.com\/de\/wp-json\/wp\/v2\/product_cat?post=8232"},{"taxonomy":"product_tag","embeddable":true,"href":"https:\/\/arabian-mood.com\/de\/wp-json\/wp\/v2\/product_tag?post=8232"}],"curies":[{"name":"wp","href":"https:\/\/api.w.org\/{rel}","templated":true}]}}