{"id":8371,"date":"2024-10-19T11:12:59","date_gmt":"2024-10-19T09:12:59","guid":{"rendered":"https:\/\/arabian-mood.com\/?post_type=product&#038;p=8371"},"modified":"2026-03-17T15:08:15","modified_gmt":"2026-03-17T14:08:15","slug":"liquid-brun-french-avenue","status":"publish","type":"product","link":"https:\/\/arabian-mood.com\/de\/produit\/liquid-brun-french-avenue\/","title":{"rendered":"Fl\u00fcssiges Brun \u2013 Franz\u00f6sische Allee"},"content":{"rendered":"<p><span style=\"font-weight: 400;\">Quand <\/span><b>Franz\u00f6sische Allee<\/b><span style=\"font-weight: 400;\"> d\u00e9voile <\/span><b>Liquid Brun<\/b><span style=\"font-weight: 400;\">, ce n&#8217;est pas un simple parfum qui voit le jour, c&#8217;est toute une exp\u00e9rience sensorielle qui prend vie. Dans l&#8217;univers des <\/span><b>fragrances bois\u00e9es<\/b><span style=\"font-weight: 400;\">, il se d\u00e9marque par son audace \u00e0 m\u00e9langer l&#8217;inattendu. Imaginez la fra\u00eecheur p\u00e9tillante de la <\/span><b>Bergamotte<\/b><span style=\"font-weight: 400;\"> qui rencontre la douceur de la <\/span><b>Orangenbl\u00fcte<\/b><span style=\"font-weight: 400;\">, avant de laisser place \u00e0 un <\/span><b>c\u0153ur \u00e9pic\u00e9<\/b><span style=\"font-weight: 400;\"> qui r\u00e9chauffe l&#8217;\u00e2me.<\/span><\/p>\n<h2><b>Liquid Brun : quand l&#8217;audace se fait parfum<\/b><\/h2>\n<p><span style=\"font-weight: 400;\">Ce qui rend ce parfum si sp\u00e9cial ? C&#8217;est une histoire qui prend vie sur votre peau. Un narratif olfactif qui d\u00e9bute tout en fra\u00eecheur avec des <\/span><b>Zitrusfr\u00fcchte<\/b><span style=\"font-weight: 400;\"> qui vous r\u00e9veillent les sens. Si vous aimez les <\/span><b>parfums fruit\u00e9s<\/b><span style=\"font-weight: 400;\"> de ce genre, alors tentez l&#8217;exp\u00e9rience olfactive propos\u00e9e par<\/span><a href=\"https:\/\/arabian-mood.com\/de\/product\/tropical-kiss-french-avenue\/\"> <b>Tropischer Kuss<\/b><\/a><span style=\"font-weight: 400;\">. \u00c0 travers cette fragrance, French Avenue vous transporte au c\u0153ur d&#8217;un joyau olfactif ultra-exotique.<\/span><\/p>\n<p><span style=\"font-weight: 400;\">Puis, la <\/span><b>Zimt<\/b><span style=\"font-weight: 400;\"> und die <\/span><b>cardamome<\/b><span style=\"font-weight: 400;\"> entrent en sc\u00e8ne, des \u00e9pices qui rappellent les voyages lointains et les moments chaleureux. Et quand on pense avoir tout d\u00e9couvert, la <\/span><b>vanille bourbon<\/b><span style=\"font-weight: 400;\"> fait son apparition, enveloppant le tout d&#8217;une douceur presque addictive.<\/span><\/p>\n<p><span style=\"font-weight: 400;\">Le <\/span><b>bois d&#8217;elemi<\/b><span style=\"font-weight: 400;\"> est la signature finale, comme un dernier clin d&#8217;\u0153il qui rend le parfum inoubliable. Et c&#8217;est vrai ! Ce <\/span><b>orientalisches Parf\u00fcm<\/b><span style=\"font-weight: 400;\"> vous suit toute la journ\u00e9e sans jamais vous lasser. Les gens se retournent, cherchent \u00e0 savoir d&#8217;o\u00f9 vient cette odeur si particuli\u00e8re. En plus, Liquid Brun de French Avenue sait s&#8217;adapter aux diff\u00e9rentes situations. Vous pourrez de ce fait le porter \u00e0 n&#8217;importe quel moment.<\/span><\/p>\n<h3><b>Dans les secrets de Liquid Brun<\/b><\/h3>\n<p><span style=\"font-weight: 400;\">Les personnes qui l&#8217;ont d\u00e9j\u00e0 adopt\u00e9 soulignent \u00e9galement sa capacit\u00e9 \u00e0 laisser un sillage parfaitement dos\u00e9. Ni trop intense pour g\u00eaner votre entourage, ni trop discret pour passer inaper\u00e7u. C&#8217;est ce qu&#8217;on appelle en <\/span><b>parfumerie<\/b><span style=\"font-weight: 400;\"> &#8220;l&#8217;art du sillage ma\u00eetris\u00e9&#8221;. Quand vous passez, les gens ne sont pas submerg\u00e9s, mais plut\u00f4t intrigu\u00e9s.<\/span><\/p>\n<p><span style=\"font-weight: 400;\">Porter Liquid Brun, c&#8217;est comme enfiler un costume sur mesure. Il s&#8217;adapte \u00e0 votre peau, \u00e0 votre chimie personnelle, pour cr\u00e9er quelque chose d&#8217;unique. Sur certains, les notes \u00e9pic\u00e9es ressortiront davantage. Sur d&#8217;autres, ce sera la douceur de la vanille qui primera. Cette adaptabilit\u00e9 fait de cette fragrance un parfum si personnel, malgr\u00e9 sa pr\u00e9sence marqu\u00e9e. Sinon, changez d&#8217;ambiance avec \u0650<\/span><a href=\"https:\/\/arabian-mood.com\/de\/product\/qissa-delicious\/\"><b>Qissa Delicious<\/b><\/a><span style=\"font-weight: 400;\">, un parfum gourmand sign\u00e9 <\/span><b>Pariser Ecke<\/b><span style=\"font-weight: 400;\">.<\/span><\/p>\n<p><span style=\"font-weight: 400;\">French Avenue a par ailleurs employ\u00e9 tout son savoir-faire pour permettre \u00e0 ce parfum de durer. Les parfumeurs ont en effet travaill\u00e9 sur un \u00e9quilibre pr\u00e9cis entre les diff\u00e9rentes notes pour assurer une \u00e9volution harmonieuse tout au long de la journ\u00e9e. La cl\u00e9 ? L&#8217;interaction entre les \u00e9pices et les <\/span><b>notes bois\u00e9es<\/b><span style=\"font-weight: 400;\"> qui agissent comme des <\/span><b>fixateurs naturels<\/b><span style=\"font-weight: 400;\">. R\u00e9sultat : pas besoin de se resprayer toutes les deux heures. Le parfum vit avec vous.<\/span><\/p>\n<h3><b>L&#8217;accord parfait avec les saisons<\/b><\/h3>\n<p><span style=\"font-weight: 400;\">Bien que Liquid Brun brille particuli\u00e8rement pendant les soir\u00e9es d&#8217;automne et les froides journ\u00e9es d&#8217;hiver, il sait aussi se faire d\u00e9sirable en \u00e9t\u00e9. Les notes fra\u00eeches de t\u00eate prennent alors le dessus, offrant une version plus l\u00e9g\u00e8re, mais tout aussi captivante de la fragrance. C&#8217;est ce qu&#8217;on appelle un <\/span><b>parfum quatre saisons<\/b><span style=\"font-weight: 400;\">, capable de vous accompagner tout au long de l&#8217;ann\u00e9e.<\/span><\/p>\n<p><span style=\"font-weight: 400;\">Si vous cherchez un parfum qui sort des sentiers battus tout en restant \u00e9l\u00e9gant, celui-ci pourrait bien devenir votre nouvelle signature. Dans le flot des nouveaut\u00e9s 2024, Liquid Brun se pose l\u00e0, comme une \u00e9vidence pour ceux qui aiment les parfums qui ont quelque chose \u00e0 raconter. Commandez votre flacon et entrez dans la l\u00e9gende<\/span><\/p>\n<p>&nbsp;<\/p>","protected":false},"excerpt":{"rendered":"<p><strong>Kopfnoten<\/strong>\u00a0<strong>: <\/strong>Cannelle, bergamote, cardamome, fleur d&#8217;oranger<\/p>\n<p><strong>Notes de\u00a0Coeur \u00a0: <\/strong>Bourbon Vanille, Elemi<\/p>\n<p><strong>Notes de Fond : <\/strong>musc, pralin\u00e9, ambroxan, bois de guiac<\/p>\n<p>&nbsp;<\/p>","protected":false},"featured_media":8858,"template":"","meta":[],"product_brand":[],"product_cat":[20,152,433],"product_tag":[],"class_list":{"0":"post-8371","1":"product","2":"type-product","3":"status-publish","4":"has-post-thumbnail","6":"product_cat-french-avenue","7":"product_cat-mixte","8":"product_cat-parfums-de-dubai","10":"first","11":"outofstock","12":"sale","13":"purchasable","14":"product-type-simple"},"yoast_head":"<!-- This site is optimized with the Yoast SEO plugin v27.5 - https:\/\/yoast.com\/product\/yoast-seo-wordpress\/ -->\n<title>Eau de parfum Liquid Brun 100 ml | French Avenue<\/title>\n<meta name=\"description\" content=\"Liquid Brun French Avenue : fra\u00eecheur des agrumes, chaleur des \u00e9pices et douceur de la vanille bourbon. Une cr\u00e9ation olfactive pour les audacieux.\" \/>\n<meta name=\"robots\" content=\"index, follow, max-snippet:-1, max-image-preview:large, max-video-preview:-1\" \/>\n<link rel=\"canonical\" href=\"https:\/\/arabian-mood.com\/de\/product\/liquid-brun-french-avenue\/\" \/>\n<meta property=\"og:locale\" content=\"de_DE\" \/>\n<meta property=\"og:type\" content=\"article\" \/>\n<meta property=\"og:title\" content=\"Eau de parfum Liquid Brun 100 ml | French Avenue\" \/>\n<meta property=\"og:description\" content=\"Liquid Brun French Avenue : fra\u00eecheur des agrumes, chaleur des \u00e9pices et douceur de la vanille bourbon. Une cr\u00e9ation olfactive pour les audacieux.\" \/>\n<meta property=\"og:url\" content=\"https:\/\/arabian-mood.com\/de\/product\/liquid-brun-french-avenue\/\" \/>\n<meta property=\"og:site_name\" content=\"Arabian Mood\" \/>\n<meta property=\"article:modified_time\" content=\"2026-03-17T14:08:15+00:00\" \/>\n<meta property=\"og:image\" content=\"https:\/\/arabian-mood.com\/wp-content\/uploads\/2024\/10\/liquidbrunedp_1-1.jpg\" \/>\n\t<meta property=\"og:image:width\" content=\"600\" \/>\n\t<meta property=\"og:image:height\" content=\"600\" \/>\n\t<meta property=\"og:image:type\" content=\"image\/jpeg\" \/>\n<meta name=\"twitter:card\" content=\"summary_large_image\" \/>\n<meta name=\"twitter:label1\" content=\"Gesch\u00e4tzte Lesezeit\" \/>\n\t<meta name=\"twitter:data1\" content=\"4\u00a0Minuten\" \/>\n<script type=\"application\/ld+json\" class=\"yoast-schema-graph\">{\"@context\":\"https:\\\/\\\/schema.org\",\"@graph\":[{\"@type\":\"WebPage\",\"@id\":\"https:\\\/\\\/arabian-mood.com\\\/produit\\\/liquid-brun-french-avenue\\\/\",\"url\":\"https:\\\/\\\/arabian-mood.com\\\/produit\\\/liquid-brun-french-avenue\\\/\",\"name\":\"Eau de parfum Liquid Brun 100 ml | French Avenue\",\"isPartOf\":{\"@id\":\"https:\\\/\\\/arabian-mood.com\\\/#website\"},\"primaryImageOfPage\":{\"@id\":\"https:\\\/\\\/arabian-mood.com\\\/produit\\\/liquid-brun-french-avenue\\\/#primaryimage\"},\"image\":{\"@id\":\"https:\\\/\\\/arabian-mood.com\\\/produit\\\/liquid-brun-french-avenue\\\/#primaryimage\"},\"thumbnailUrl\":\"https:\\\/\\\/arabian-mood.com\\\/wp-content\\\/uploads\\\/2024\\\/10\\\/liquidbrunedp_1-1.jpg\",\"datePublished\":\"2024-10-19T09:12:59+00:00\",\"dateModified\":\"2026-03-17T14:08:15+00:00\",\"description\":\"Liquid Brun French Avenue : fra\u00eecheur des agrumes, chaleur des \u00e9pices et douceur de la vanille bourbon. Une cr\u00e9ation olfactive pour les audacieux.\",\"breadcrumb\":{\"@id\":\"https:\\\/\\\/arabian-mood.com\\\/produit\\\/liquid-brun-french-avenue\\\/#breadcrumb\"},\"inLanguage\":\"de\",\"potentialAction\":[{\"@type\":\"ReadAction\",\"target\":[\"https:\\\/\\\/arabian-mood.com\\\/produit\\\/liquid-brun-french-avenue\\\/\"]}]},{\"@type\":\"ImageObject\",\"inLanguage\":\"de\",\"@id\":\"https:\\\/\\\/arabian-mood.com\\\/produit\\\/liquid-brun-french-avenue\\\/#primaryimage\",\"url\":\"https:\\\/\\\/arabian-mood.com\\\/wp-content\\\/uploads\\\/2024\\\/10\\\/liquidbrunedp_1-1.jpg\",\"contentUrl\":\"https:\\\/\\\/arabian-mood.com\\\/wp-content\\\/uploads\\\/2024\\\/10\\\/liquidbrunedp_1-1.jpg\",\"width\":600,\"height\":600,\"caption\":\"Liquid Brun French Avenue\"},{\"@type\":\"BreadcrumbList\",\"@id\":\"https:\\\/\\\/arabian-mood.com\\\/produit\\\/liquid-brun-french-avenue\\\/#breadcrumb\",\"itemListElement\":[{\"@type\":\"ListItem\",\"position\":1,\"name\":\"Accueil\",\"item\":\"https:\\\/\\\/arabian-mood.com\\\/\"},{\"@type\":\"ListItem\",\"position\":2,\"name\":\"Boutique\",\"item\":\"https:\\\/\\\/arabian-mood.com\\\/boutique\\\/\"},{\"@type\":\"ListItem\",\"position\":3,\"name\":\"Liquid Brun &#8211; French Avenue\"}]},{\"@type\":\"WebSite\",\"@id\":\"https:\\\/\\\/arabian-mood.com\\\/#website\",\"url\":\"https:\\\/\\\/arabian-mood.com\\\/\",\"name\":\"Arabian Mood\",\"description\":\"\",\"publisher\":{\"@id\":\"https:\\\/\\\/arabian-mood.com\\\/#organization\"},\"potentialAction\":[{\"@type\":\"SearchAction\",\"target\":{\"@type\":\"EntryPoint\",\"urlTemplate\":\"https:\\\/\\\/arabian-mood.com\\\/?s={search_term_string}\"},\"query-input\":{\"@type\":\"PropertyValueSpecification\",\"valueRequired\":true,\"valueName\":\"search_term_string\"}}],\"inLanguage\":\"de\"},{\"@type\":\"Organization\",\"@id\":\"https:\\\/\\\/arabian-mood.com\\\/#organization\",\"name\":\"Arabian Mood\",\"url\":\"https:\\\/\\\/arabian-mood.com\\\/\",\"logo\":{\"@type\":\"ImageObject\",\"inLanguage\":\"de\",\"@id\":\"https:\\\/\\\/arabian-mood.com\\\/#\\\/schema\\\/logo\\\/image\\\/\",\"url\":\"https:\\\/\\\/arabian-mood.com\\\/wp-content\\\/uploads\\\/2024\\\/09\\\/Groupe-11304.svg\",\"contentUrl\":\"https:\\\/\\\/arabian-mood.com\\\/wp-content\\\/uploads\\\/2024\\\/09\\\/Groupe-11304.svg\",\"width\":214,\"height\":27,\"caption\":\"Arabian Mood\"},\"image\":{\"@id\":\"https:\\\/\\\/arabian-mood.com\\\/#\\\/schema\\\/logo\\\/image\\\/\"},\"sameAs\":[\"https:\\\/\\\/www.instagram.com\\\/arabianmoodofficiel\\\/\"]}]}<\/script>\n<!-- \/ Yoast SEO plugin. -->","yoast_head_json":{"title":"Eau de parfum Liquid Brun 100 ml | French Avenue","description":"Liquid Brun French Avenue : fra\u00eecheur des agrumes, chaleur des \u00e9pices et douceur de la vanille bourbon. Une cr\u00e9ation olfactive pour les audacieux.","robots":{"index":"index","follow":"follow","max-snippet":"max-snippet:-1","max-image-preview":"max-image-preview:large","max-video-preview":"max-video-preview:-1"},"canonical":"https:\/\/arabian-mood.com\/de\/product\/liquid-brun-french-avenue\/","og_locale":"de_DE","og_type":"article","og_title":"Eau de parfum Liquid Brun 100 ml | French Avenue","og_description":"Liquid Brun French Avenue : fra\u00eecheur des agrumes, chaleur des \u00e9pices et douceur de la vanille bourbon. Une cr\u00e9ation olfactive pour les audacieux.","og_url":"https:\/\/arabian-mood.com\/de\/product\/liquid-brun-french-avenue\/","og_site_name":"Arabian Mood","article_modified_time":"2026-03-17T14:08:15+00:00","og_image":[{"width":600,"height":600,"url":"https:\/\/arabian-mood.com\/wp-content\/uploads\/2024\/10\/liquidbrunedp_1-1.jpg","type":"image\/jpeg"}],"twitter_card":"summary_large_image","twitter_misc":{"Gesch\u00e4tzte Lesezeit":"4\u00a0Minuten"},"schema":{"@context":"https:\/\/schema.org","@graph":[{"@type":"WebPage","@id":"https:\/\/arabian-mood.com\/produit\/liquid-brun-french-avenue\/","url":"https:\/\/arabian-mood.com\/produit\/liquid-brun-french-avenue\/","name":"Eau de parfum Liquid Brun 100 ml | French Avenue","isPartOf":{"@id":"https:\/\/arabian-mood.com\/#website"},"primaryImageOfPage":{"@id":"https:\/\/arabian-mood.com\/produit\/liquid-brun-french-avenue\/#primaryimage"},"image":{"@id":"https:\/\/arabian-mood.com\/produit\/liquid-brun-french-avenue\/#primaryimage"},"thumbnailUrl":"https:\/\/arabian-mood.com\/wp-content\/uploads\/2024\/10\/liquidbrunedp_1-1.jpg","datePublished":"2024-10-19T09:12:59+00:00","dateModified":"2026-03-17T14:08:15+00:00","description":"Liquid Brun French Avenue : fra\u00eecheur des agrumes, chaleur des \u00e9pices et douceur de la vanille bourbon. Une cr\u00e9ation olfactive pour les audacieux.","breadcrumb":{"@id":"https:\/\/arabian-mood.com\/produit\/liquid-brun-french-avenue\/#breadcrumb"},"inLanguage":"de","potentialAction":[{"@type":"ReadAction","target":["https:\/\/arabian-mood.com\/produit\/liquid-brun-french-avenue\/"]}]},{"@type":"ImageObject","inLanguage":"de","@id":"https:\/\/arabian-mood.com\/produit\/liquid-brun-french-avenue\/#primaryimage","url":"https:\/\/arabian-mood.com\/wp-content\/uploads\/2024\/10\/liquidbrunedp_1-1.jpg","contentUrl":"https:\/\/arabian-mood.com\/wp-content\/uploads\/2024\/10\/liquidbrunedp_1-1.jpg","width":600,"height":600,"caption":"Liquid Brun French Avenue"},{"@type":"BreadcrumbList","@id":"https:\/\/arabian-mood.com\/produit\/liquid-brun-french-avenue\/#breadcrumb","itemListElement":[{"@type":"ListItem","position":1,"name":"Accueil","item":"https:\/\/arabian-mood.com\/"},{"@type":"ListItem","position":2,"name":"Boutique","item":"https:\/\/arabian-mood.com\/boutique\/"},{"@type":"ListItem","position":3,"name":"Liquid Brun &#8211; French Avenue"}]},{"@type":"WebSite","@id":"https:\/\/arabian-mood.com\/#website","url":"https:\/\/arabian-mood.com\/","name":"Arabische Stimmung","description":"","publisher":{"@id":"https:\/\/arabian-mood.com\/#organization"},"potentialAction":[{"@type":"SearchAction","target":{"@type":"EntryPoint","urlTemplate":"https:\/\/arabian-mood.com\/?s={search_term_string}"},"query-input":{"@type":"PropertyValueSpecification","valueRequired":true,"valueName":"search_term_string"}}],"inLanguage":"de"},{"@type":"Organization","@id":"https:\/\/arabian-mood.com\/#organization","name":"Arabische Stimmung","url":"https:\/\/arabian-mood.com\/","logo":{"@type":"ImageObject","inLanguage":"de","@id":"https:\/\/arabian-mood.com\/#\/schema\/logo\/image\/","url":"https:\/\/arabian-mood.com\/wp-content\/uploads\/2024\/09\/Groupe-11304.svg","contentUrl":"https:\/\/arabian-mood.com\/wp-content\/uploads\/2024\/09\/Groupe-11304.svg","width":214,"height":27,"caption":"Arabian Mood"},"image":{"@id":"https:\/\/arabian-mood.com\/#\/schema\/logo\/image\/"},"sameAs":["https:\/\/www.instagram.com\/arabianmoodofficiel\/"]}]}},"_links":{"self":[{"href":"https:\/\/arabian-mood.com\/de\/wp-json\/wp\/v2\/product\/8371","targetHints":{"allow":["GET"]}}],"collection":[{"href":"https:\/\/arabian-mood.com\/de\/wp-json\/wp\/v2\/product"}],"about":[{"href":"https:\/\/arabian-mood.com\/de\/wp-json\/wp\/v2\/types\/product"}],"wp:featuredmedia":[{"embeddable":true,"href":"https:\/\/arabian-mood.com\/de\/wp-json\/wp\/v2\/media\/8858"}],"wp:attachment":[{"href":"https:\/\/arabian-mood.com\/de\/wp-json\/wp\/v2\/media?parent=8371"}],"wp:term":[{"taxonomy":"product_brand","embeddable":true,"href":"https:\/\/arabian-mood.com\/de\/wp-json\/wp\/v2\/product_brand?post=8371"},{"taxonomy":"product_cat","embeddable":true,"href":"https:\/\/arabian-mood.com\/de\/wp-json\/wp\/v2\/product_cat?post=8371"},{"taxonomy":"product_tag","embeddable":true,"href":"https:\/\/arabian-mood.com\/de\/wp-json\/wp\/v2\/product_tag?post=8371"}],"curies":[{"name":"wp","href":"https:\/\/api.w.org\/{rel}","templated":true}]}}