{"id":8381,"date":"2024-10-19T15:38:28","date_gmt":"2024-10-19T13:38:28","guid":{"rendered":"https:\/\/arabian-mood.com\/?post_type=product&#038;p=8381"},"modified":"2025-06-20T13:12:07","modified_gmt":"2025-06-20T11:12:07","slug":"her-confession-lattafa","status":"publish","type":"product","link":"https:\/\/arabian-mood.com\/de\/produit\/her-confession-lattafa\/","title":{"rendered":"Her Confession &#8211; Lattafa"},"content":{"rendered":"<p>Chez <strong>Lattafa Parfums<\/strong>, l&#8217;art de la parfumerie s&#8217;exprime avec raffinement et \u00e9l\u00e9gance. Leur nouvelle cr\u00e9ation, <strong>Her Confession<\/strong>, lanc\u00e9e en 2024, captive les sens avec un m\u00e9lange subtil de chaleur, de myst\u00e8re et de douceur. C&#8217;est donc la signature olfactive id\u00e9ale pour ceux et celle qui respire la confiance et le charme.<\/p>\n<h2>Description d\u00e9taill\u00e9e du parfum Her Confession Lattafa<\/h2>\n<p>D\u00e8s les premi\u00e8res notes, ce <strong>orientalisches Parf\u00fcm <\/strong>\u00a0d\u00e9voile une ouverture captivante, o\u00f9 la <strong>Zimt<\/strong>, die <strong>lavande<\/strong> und die <strong>Mandarine<\/strong> se conjuguent pour cr\u00e9er une invitation \u00e0 la d\u00e9couverte. Cette introduction intrigue et s\u00e9duit. Elle pr\u00e9pare \u00e9galement les sens \u00e0 l&#8217;\u00e9volution fascinante de la fragrance.<\/p>\n<p>Au c\u0153ur du parfum, un luxueux <strong>bouquet floral<\/strong> s&#8217;\u00e9panouit. L\u2019<strong>iris<\/strong>, le <strong>cypr\u00e8s<\/strong>, le <strong>Benzoe<\/strong> se marient avec gr\u00e2ce, apportant richesse et profondeur. Mais ce n&#8217;est pas tout, car le <strong>mahanial<\/strong> vient rehausser cette composition d&#8217;une touche subtile, mais envo\u00fbtante.<\/p>\n<p>Lorsque le parfum atteint sa phase de fond, les notes de <strong>Vanille<\/strong>, d\u2019<strong>encens<\/strong> German <strong>Tonkabohne<\/strong>, de <strong>patchouli<\/strong>, de <strong>c\u00e8dre<\/strong> et d\u2019<strong>Bernstein<\/strong> offrent une base sensuelle et durable. Ce final chaleureux et \u00e9l\u00e9gant laisse un sillage captivant, une empreinte olfactive qui vous accompagnera tout au long de la journ\u00e9e.<\/p>\n<h3>Her Confession by Lattafa : la fragrance de la femme et de l&#8217;homme moderne<\/h3>\n<p>Was <strong>gemischte D\u00fcfte<\/strong> se r\u00e9v\u00e8le ainsi comme un v\u00e9ritable joyau moderne, pour ceux et celle qui respire la confiance, le charme et une touche de myst\u00e8re. Que ce soit pour un rendez-vous, une soir\u00e9e entre amis ou une journ\u00e9e au bureau, cette fragrance saura s&#8217;adapter \u00e0 toutes vos envies et vous faire briller de mille feux.<\/p>\n<p>Lattafa a aussi pens\u00e9 aux hommes avec une version totalement masculine. Messieurs, prenez donc le temps de d\u00e9couvrir<a href=\"https:\/\/arabian-mood.com\/de\/product\/his-confession-lattafa\/\"> <strong>His Confession<\/strong><\/a>. Ce parfum audacieux incarne la masculinit\u00e9 moderne. Il fera de vous l&#8217;homme \u00e0 observer, l&#8217;homme \u00e0 suivre\u00a0!<\/p>\n<p>Avec sa composition \u00e9quilibr\u00e9e, sa dur\u00e9e de tenue remarquable et son flacon \u00e9l\u00e9gant, Her Confession s&#8217;impose comme une valeur s\u00fbre. Il fait d&#8217;ailleurs partie des cr\u00e9ations les plus convoit\u00e9es de la maison Lattafa.<\/p>\n<h3>Un parfum mixte promis \u00e0 un bel avenir<\/h3>\n<p>R\u00e9put\u00e9e pour ses parfums de haute qualit\u00e9 et abordables, inspir\u00e9s des grandes marques de luxe du Moyen-Orient. Cette marque signe ici une <strong>fragrance unisexe<\/strong> qui saura s\u00e9duire toutes les personnes en qu\u00eate d&#8217;une signature olfactive sophistiqu\u00e9e.<\/p>","protected":false},"excerpt":{"rendered":"<p><strong>Notes de T\u00eate :<\/strong> Mystique, Cannelle<\/p>\n<p><strong>Notes de C\u0153ur :<\/strong> Tub\u00e9reuse, Mahonial, Jasmin, Encens<\/p>\n<p><strong>Notes de Fond :<\/strong> Vanille, F\u00e8ve de tonka, Musc<\/p>","protected":false},"featured_media":8382,"template":"","meta":[],"product_brand":[],"product_cat":[518,152,433],"product_tag":[],"class_list":{"0":"post-8381","1":"product","2":"type-product","3":"status-publish","4":"has-post-thumbnail","6":"product_cat-lattafa","7":"product_cat-mixte","8":"product_cat-parfums-de-dubai","10":"first","11":"instock","12":"sale","13":"purchasable","14":"product-type-simple"},"yoast_head":"<!-- This site is optimized with the Yoast SEO plugin v27.5 - https:\/\/yoast.com\/product\/yoast-seo-wordpress\/ -->\n<title>Her Confession - Lattafa<\/title>\n<meta name=\"description\" content=\"D\u00e9couvrez le parfum captivant Her Confession de Lattafa. Une fragrance sophistiqu\u00e9e m\u00ealant cannelle, jasmin et vanille. Laissez-vous tenter !\" \/>\n<meta name=\"robots\" content=\"index, follow, max-snippet:-1, max-image-preview:large, max-video-preview:-1\" \/>\n<link rel=\"canonical\" href=\"https:\/\/arabian-mood.com\/de\/product\/her-confession-lattafa\/\" \/>\n<meta property=\"og:locale\" content=\"de_DE\" \/>\n<meta property=\"og:type\" content=\"article\" \/>\n<meta property=\"og:title\" content=\"Her Confession - Lattafa\" \/>\n<meta property=\"og:description\" content=\"D\u00e9couvrez le parfum captivant Her Confession de Lattafa. Une fragrance sophistiqu\u00e9e m\u00ealant cannelle, jasmin et vanille. Laissez-vous tenter !\" \/>\n<meta property=\"og:url\" content=\"https:\/\/arabian-mood.com\/de\/product\/her-confession-lattafa\/\" \/>\n<meta property=\"og:site_name\" content=\"Arabian Mood\" \/>\n<meta property=\"article:modified_time\" content=\"2025-06-20T11:12:07+00:00\" \/>\n<meta property=\"og:image\" content=\"https:\/\/arabian-mood.com\/wp-content\/uploads\/2024\/10\/her-confession-lattafa.png\" \/>\n\t<meta property=\"og:image:width\" content=\"900\" \/>\n\t<meta property=\"og:image:height\" content=\"900\" \/>\n\t<meta property=\"og:image:type\" content=\"image\/png\" \/>\n<meta name=\"twitter:card\" content=\"summary_large_image\" \/>\n<meta name=\"twitter:label1\" content=\"Gesch\u00e4tzte Lesezeit\" \/>\n\t<meta name=\"twitter:data1\" content=\"3\u00a0Minuten\" \/>\n<script type=\"application\/ld+json\" class=\"yoast-schema-graph\">{\"@context\":\"https:\\\/\\\/schema.org\",\"@graph\":[{\"@type\":\"WebPage\",\"@id\":\"https:\\\/\\\/arabian-mood.com\\\/produit\\\/her-confession-lattafa\\\/\",\"url\":\"https:\\\/\\\/arabian-mood.com\\\/produit\\\/her-confession-lattafa\\\/\",\"name\":\"Her Confession - Lattafa\",\"isPartOf\":{\"@id\":\"https:\\\/\\\/arabian-mood.com\\\/#website\"},\"primaryImageOfPage\":{\"@id\":\"https:\\\/\\\/arabian-mood.com\\\/produit\\\/her-confession-lattafa\\\/#primaryimage\"},\"image\":{\"@id\":\"https:\\\/\\\/arabian-mood.com\\\/produit\\\/her-confession-lattafa\\\/#primaryimage\"},\"thumbnailUrl\":\"https:\\\/\\\/arabian-mood.com\\\/wp-content\\\/uploads\\\/2024\\\/10\\\/her-confession-lattafa.png\",\"datePublished\":\"2024-10-19T13:38:28+00:00\",\"dateModified\":\"2025-06-20T11:12:07+00:00\",\"description\":\"D\u00e9couvrez le parfum captivant Her Confession de Lattafa. Une fragrance sophistiqu\u00e9e m\u00ealant cannelle, jasmin et vanille. Laissez-vous tenter !\",\"breadcrumb\":{\"@id\":\"https:\\\/\\\/arabian-mood.com\\\/produit\\\/her-confession-lattafa\\\/#breadcrumb\"},\"inLanguage\":\"de\",\"potentialAction\":[{\"@type\":\"ReadAction\",\"target\":[\"https:\\\/\\\/arabian-mood.com\\\/produit\\\/her-confession-lattafa\\\/\"]}]},{\"@type\":\"ImageObject\",\"inLanguage\":\"de\",\"@id\":\"https:\\\/\\\/arabian-mood.com\\\/produit\\\/her-confession-lattafa\\\/#primaryimage\",\"url\":\"https:\\\/\\\/arabian-mood.com\\\/wp-content\\\/uploads\\\/2024\\\/10\\\/her-confession-lattafa.png\",\"contentUrl\":\"https:\\\/\\\/arabian-mood.com\\\/wp-content\\\/uploads\\\/2024\\\/10\\\/her-confession-lattafa.png\",\"width\":900,\"height\":900,\"caption\":\"flacon du parfum her confession\"},{\"@type\":\"BreadcrumbList\",\"@id\":\"https:\\\/\\\/arabian-mood.com\\\/produit\\\/her-confession-lattafa\\\/#breadcrumb\",\"itemListElement\":[{\"@type\":\"ListItem\",\"position\":1,\"name\":\"Accueil\",\"item\":\"https:\\\/\\\/arabian-mood.com\\\/\"},{\"@type\":\"ListItem\",\"position\":2,\"name\":\"Boutique\",\"item\":\"https:\\\/\\\/arabian-mood.com\\\/boutique\\\/\"},{\"@type\":\"ListItem\",\"position\":3,\"name\":\"Her Confession &#8211; Lattafa\"}]},{\"@type\":\"WebSite\",\"@id\":\"https:\\\/\\\/arabian-mood.com\\\/#website\",\"url\":\"https:\\\/\\\/arabian-mood.com\\\/\",\"name\":\"Arabian Mood\",\"description\":\"\",\"publisher\":{\"@id\":\"https:\\\/\\\/arabian-mood.com\\\/#organization\"},\"potentialAction\":[{\"@type\":\"SearchAction\",\"target\":{\"@type\":\"EntryPoint\",\"urlTemplate\":\"https:\\\/\\\/arabian-mood.com\\\/?s={search_term_string}\"},\"query-input\":{\"@type\":\"PropertyValueSpecification\",\"valueRequired\":true,\"valueName\":\"search_term_string\"}}],\"inLanguage\":\"de\"},{\"@type\":\"Organization\",\"@id\":\"https:\\\/\\\/arabian-mood.com\\\/#organization\",\"name\":\"Arabian Mood\",\"url\":\"https:\\\/\\\/arabian-mood.com\\\/\",\"logo\":{\"@type\":\"ImageObject\",\"inLanguage\":\"de\",\"@id\":\"https:\\\/\\\/arabian-mood.com\\\/#\\\/schema\\\/logo\\\/image\\\/\",\"url\":\"https:\\\/\\\/arabian-mood.com\\\/wp-content\\\/uploads\\\/2024\\\/09\\\/Groupe-11304.svg\",\"contentUrl\":\"https:\\\/\\\/arabian-mood.com\\\/wp-content\\\/uploads\\\/2024\\\/09\\\/Groupe-11304.svg\",\"width\":214,\"height\":27,\"caption\":\"Arabian Mood\"},\"image\":{\"@id\":\"https:\\\/\\\/arabian-mood.com\\\/#\\\/schema\\\/logo\\\/image\\\/\"},\"sameAs\":[\"https:\\\/\\\/www.instagram.com\\\/arabianmoodofficiel\\\/\"]}]}<\/script>\n<!-- \/ Yoast SEO plugin. -->","yoast_head_json":{"title":"Her Confession - Lattafa","description":"D\u00e9couvrez le parfum captivant Her Confession de Lattafa. Une fragrance sophistiqu\u00e9e m\u00ealant cannelle, jasmin et vanille. Laissez-vous tenter !","robots":{"index":"index","follow":"follow","max-snippet":"max-snippet:-1","max-image-preview":"max-image-preview:large","max-video-preview":"max-video-preview:-1"},"canonical":"https:\/\/arabian-mood.com\/de\/product\/her-confession-lattafa\/","og_locale":"de_DE","og_type":"article","og_title":"Her Confession - Lattafa","og_description":"D\u00e9couvrez le parfum captivant Her Confession de Lattafa. Une fragrance sophistiqu\u00e9e m\u00ealant cannelle, jasmin et vanille. Laissez-vous tenter !","og_url":"https:\/\/arabian-mood.com\/de\/product\/her-confession-lattafa\/","og_site_name":"Arabian Mood","article_modified_time":"2025-06-20T11:12:07+00:00","og_image":[{"width":900,"height":900,"url":"https:\/\/arabian-mood.com\/wp-content\/uploads\/2024\/10\/her-confession-lattafa.png","type":"image\/png"}],"twitter_card":"summary_large_image","twitter_misc":{"Gesch\u00e4tzte Lesezeit":"3\u00a0Minuten"},"schema":{"@context":"https:\/\/schema.org","@graph":[{"@type":"WebPage","@id":"https:\/\/arabian-mood.com\/produit\/her-confession-lattafa\/","url":"https:\/\/arabian-mood.com\/produit\/her-confession-lattafa\/","name":"Her Confession - Lattafa","isPartOf":{"@id":"https:\/\/arabian-mood.com\/#website"},"primaryImageOfPage":{"@id":"https:\/\/arabian-mood.com\/produit\/her-confession-lattafa\/#primaryimage"},"image":{"@id":"https:\/\/arabian-mood.com\/produit\/her-confession-lattafa\/#primaryimage"},"thumbnailUrl":"https:\/\/arabian-mood.com\/wp-content\/uploads\/2024\/10\/her-confession-lattafa.png","datePublished":"2024-10-19T13:38:28+00:00","dateModified":"2025-06-20T11:12:07+00:00","description":"D\u00e9couvrez le parfum captivant Her Confession de Lattafa. Une fragrance sophistiqu\u00e9e m\u00ealant cannelle, jasmin et vanille. Laissez-vous tenter !","breadcrumb":{"@id":"https:\/\/arabian-mood.com\/produit\/her-confession-lattafa\/#breadcrumb"},"inLanguage":"de","potentialAction":[{"@type":"ReadAction","target":["https:\/\/arabian-mood.com\/produit\/her-confession-lattafa\/"]}]},{"@type":"ImageObject","inLanguage":"de","@id":"https:\/\/arabian-mood.com\/produit\/her-confession-lattafa\/#primaryimage","url":"https:\/\/arabian-mood.com\/wp-content\/uploads\/2024\/10\/her-confession-lattafa.png","contentUrl":"https:\/\/arabian-mood.com\/wp-content\/uploads\/2024\/10\/her-confession-lattafa.png","width":900,"height":900,"caption":"flacon du parfum her confession"},{"@type":"BreadcrumbList","@id":"https:\/\/arabian-mood.com\/produit\/her-confession-lattafa\/#breadcrumb","itemListElement":[{"@type":"ListItem","position":1,"name":"Accueil","item":"https:\/\/arabian-mood.com\/"},{"@type":"ListItem","position":2,"name":"Boutique","item":"https:\/\/arabian-mood.com\/boutique\/"},{"@type":"ListItem","position":3,"name":"Her Confession &#8211; Lattafa"}]},{"@type":"WebSite","@id":"https:\/\/arabian-mood.com\/#website","url":"https:\/\/arabian-mood.com\/","name":"Arabische Stimmung","description":"","publisher":{"@id":"https:\/\/arabian-mood.com\/#organization"},"potentialAction":[{"@type":"SearchAction","target":{"@type":"EntryPoint","urlTemplate":"https:\/\/arabian-mood.com\/?s={search_term_string}"},"query-input":{"@type":"PropertyValueSpecification","valueRequired":true,"valueName":"search_term_string"}}],"inLanguage":"de"},{"@type":"Organization","@id":"https:\/\/arabian-mood.com\/#organization","name":"Arabische Stimmung","url":"https:\/\/arabian-mood.com\/","logo":{"@type":"ImageObject","inLanguage":"de","@id":"https:\/\/arabian-mood.com\/#\/schema\/logo\/image\/","url":"https:\/\/arabian-mood.com\/wp-content\/uploads\/2024\/09\/Groupe-11304.svg","contentUrl":"https:\/\/arabian-mood.com\/wp-content\/uploads\/2024\/09\/Groupe-11304.svg","width":214,"height":27,"caption":"Arabian Mood"},"image":{"@id":"https:\/\/arabian-mood.com\/#\/schema\/logo\/image\/"},"sameAs":["https:\/\/www.instagram.com\/arabianmoodofficiel\/"]}]}},"_links":{"self":[{"href":"https:\/\/arabian-mood.com\/de\/wp-json\/wp\/v2\/product\/8381","targetHints":{"allow":["GET"]}}],"collection":[{"href":"https:\/\/arabian-mood.com\/de\/wp-json\/wp\/v2\/product"}],"about":[{"href":"https:\/\/arabian-mood.com\/de\/wp-json\/wp\/v2\/types\/product"}],"wp:featuredmedia":[{"embeddable":true,"href":"https:\/\/arabian-mood.com\/de\/wp-json\/wp\/v2\/media\/8382"}],"wp:attachment":[{"href":"https:\/\/arabian-mood.com\/de\/wp-json\/wp\/v2\/media?parent=8381"}],"wp:term":[{"taxonomy":"product_brand","embeddable":true,"href":"https:\/\/arabian-mood.com\/de\/wp-json\/wp\/v2\/product_brand?post=8381"},{"taxonomy":"product_cat","embeddable":true,"href":"https:\/\/arabian-mood.com\/de\/wp-json\/wp\/v2\/product_cat?post=8381"},{"taxonomy":"product_tag","embeddable":true,"href":"https:\/\/arabian-mood.com\/de\/wp-json\/wp\/v2\/product_tag?post=8381"}],"curies":[{"name":"wp","href":"https:\/\/api.w.org\/{rel}","templated":true}]}}