{"id":8490,"date":"2024-11-07T19:10:25","date_gmt":"2024-11-07T18:10:25","guid":{"rendered":"https:\/\/arabian-mood.com\/?post_type=product&#038;p=8490"},"modified":"2025-11-05T17:05:31","modified_gmt":"2025-11-05T16:05:31","slug":"yara-candy-lattafa","status":"publish","type":"product","link":"https:\/\/arabian-mood.com\/de\/produit\/yara-candy-lattafa\/","title":{"rendered":"Yara Candy \u2013 Lattafa"},"content":{"rendered":"<p>Stellen Sie sich einen Duft vor, der Sie wie ein Geheimnis, das ins Ohr gefl\u00fcstert wird, begleitet. <strong>Yara Bonbon<\/strong> German <strong>Lattafa<\/strong> Genau dieser Duft verspricht, Ihre sinnlichsten Emotionen zu wecken. Noch bevor Sie seinem s\u00fcchtig machenden Duft erliegen, werden Ihre Augen von seinem prachtvollen Flakon hypnotisiert, der kaum einen Zweifel an dem olfaktorischen Genuss l\u00e4sst, den er birgt.<\/p>\n<h2>Yara Candy von Lattafa: Ein Duft, der den Moment einf\u00e4ngt<\/h2>\n<p>von Anfang an, dieses <strong>orientalisches Parf\u00fcm f\u00fcr Damen<\/strong> entfaltet seine volle olfaktorische Kraft. Er schafft es, die Sinne zu wecken, dank eines fruchtigen Duos aus <strong>Johannisbeere<\/strong> und von <strong>Mandarine-Verr\u00e4ter<\/strong> die in frischen Noten explodieren.<\/p>\n<p>Dann, der\u00a0<strong>Erdbeer-Sprudel-Bonbon<\/strong> bl\u00fcht im Herzen des Duftes auf. Eine Zutat, die uns besonders an die besten Erinnerungen s\u00fc\u00dfer jugendlicher Leckereien erinnert, aber mit der Raffinesse einer reifen Frau. <strong>Gardenie<\/strong> Einblumen-Parfum, das den einfachen Duft in ein wahres olfaktorisches Meisterwerk verwandelt.<\/p>\n<p>Die Basisnoten enth\u00fcllen die ganze Tiefe von Yara Candy. Die\u00a0<strong>Vanille<\/strong>, die\u2019<strong>Bernstein<\/strong>, le <strong>Sandelholz<\/strong> und das <strong>Musk<\/strong> vermischen sich zu einer einzigartigen Harmonie. Das Ergebnis? Ein Duft, der Sie wie eine Aura der Verf\u00fchrung begleitet.<\/p>\n<p>Das Design dieses\u00a0<strong>Damenparf\u00fcm<\/strong> darf auch nichts dem Zufall \u00fcberlassen. Farbig, modern, wird er sowohl ein Objekt der Begierde auf Ihrem Nachttisch als auch ein Begleiter Ihrer glamour\u00f6sesten Abende sein.<\/p>\n<h3>Warum Yara Candy verfallen?<\/h3>\n<p>Lattafa hat weit mehr als nur einen Duft kreiert. Es ist eine Einladung auf eine Reise, ein Versprechen f\u00fcr au\u00dfergew\u00f6hnliche Momente. Egal, f\u00fcr welchen Anlass Sie sich entscheiden, diesem Duft zu vertrauen, er wird ein idealer Begleiter sein.<\/p>\n<p>Lassen Sie sich die einmalige Gelegenheit nicht entgehen, das Yara Candy Parfum zu entdecken, das Ihren Alltag ver\u00e4ndern wird. Jeder Flakon verspricht, Sie verf\u00fchrerisch zu machen. G\u00f6nnen Sie sich also die olfaktorische Ausnahme und erneuern Sie Ihr Vertrauen in Lattafa, die bereits Parfumliebhaber auf der ganzen Welt mit D\u00fcften wie\u00a0<a href=\"https:\/\/arabian-mood.com\/de\/product\/oud-mood\/\"><strong>Oud-Stimmung<\/strong><\/a> zum Beispiel.<\/p>\n<h3>Wie benutzt man es richtig?<\/h3>\n<p>Experten-Tipp: Auf die Pulspunkte spr\u00fchen: Handgelenke, Nacken, hinter den Ohren. So entfaltet der Duft sein Potenzial und zieht alle Blicke auf sich. Z\u00f6gern Sie nicht l\u00e4nger und g\u00f6nnen Sie sich Yara Candy, ein Duft, der erlebt werden kann, aber auch geteilt werden kann und Ihnen entspricht.<\/p>","protected":false},"excerpt":{"rendered":"<p><strong>Kopfnoten:<\/strong> Johannisbeere und gr\u00fcne Mandarine;<\/p>\n<p><strong>Herznote<\/strong> Erdbeer-Fizz-Bonbon und Gard\u00e9nia ,<\/p>\n<p><strong>Basisnoten:<\/strong> sind Vanille, Ambra, Sandelholz und Moschus.<\/p>","protected":false},"featured_media":8491,"template":"","meta":[],"product_brand":[],"product_cat":[518,584,433],"product_tag":[],"class_list":{"0":"post-8490","1":"product","2":"type-product","3":"status-publish","4":"has-post-thumbnail","6":"product_cat-lattafa","7":"product_cat-parfum-dubai-femme","8":"product_cat-parfums-de-dubai","10":"first","11":"instock","12":"sale","13":"taxable","14":"shipping-taxable","15":"purchasable","16":"product-type-simple"},"yoast_head":"<!-- This site is optimized with the Yoast SEO plugin v27.5 - https:\/\/yoast.com\/product\/yoast-seo-wordpress\/ -->\n<title>Yara Candy - Lattafa - Arabian Mood<\/title>\n<meta name=\"description\" content=\"D\u00e9couvrez Yara Candy de Lattafa, le parfum pour femmes gourmand qui transforme votre quotidien en moment de pure s\u00e9duction.\" \/>\n<meta name=\"robots\" content=\"index, follow, max-snippet:-1, max-image-preview:large, max-video-preview:-1\" \/>\n<link rel=\"canonical\" href=\"https:\/\/arabian-mood.com\/de\/product\/yara-candy-lattafa\/\" \/>\n<meta property=\"og:locale\" content=\"de_DE\" \/>\n<meta property=\"og:type\" content=\"article\" \/>\n<meta property=\"og:title\" content=\"Yara Candy - Lattafa - Arabian Mood\" \/>\n<meta property=\"og:description\" content=\"D\u00e9couvrez Yara Candy de Lattafa, le parfum pour femmes gourmand qui transforme votre quotidien en moment de pure s\u00e9duction.\" \/>\n<meta property=\"og:url\" content=\"https:\/\/arabian-mood.com\/de\/product\/yara-candy-lattafa\/\" \/>\n<meta property=\"og:site_name\" content=\"Arabian Mood\" \/>\n<meta property=\"article:modified_time\" content=\"2025-11-05T16:05:31+00:00\" \/>\n<meta property=\"og:image\" content=\"https:\/\/arabian-mood.com\/wp-content\/uploads\/2024\/11\/yara-candy-lattafa.png\" \/>\n\t<meta property=\"og:image:width\" content=\"900\" \/>\n\t<meta property=\"og:image:height\" content=\"900\" \/>\n\t<meta property=\"og:image:type\" content=\"image\/png\" \/>\n<meta name=\"twitter:card\" content=\"summary_large_image\" \/>\n<meta name=\"twitter:label1\" content=\"Gesch\u00e4tzte Lesezeit\" \/>\n\t<meta name=\"twitter:data1\" content=\"3\u00a0Minuten\" \/>\n<script type=\"application\/ld+json\" class=\"yoast-schema-graph\">{\"@context\":\"https:\\\/\\\/schema.org\",\"@graph\":[{\"@type\":\"WebPage\",\"@id\":\"https:\\\/\\\/arabian-mood.com\\\/produit\\\/yara-candy-lattafa\\\/\",\"url\":\"https:\\\/\\\/arabian-mood.com\\\/produit\\\/yara-candy-lattafa\\\/\",\"name\":\"Yara Candy - Lattafa - Arabian Mood\",\"isPartOf\":{\"@id\":\"https:\\\/\\\/arabian-mood.com\\\/#website\"},\"primaryImageOfPage\":{\"@id\":\"https:\\\/\\\/arabian-mood.com\\\/produit\\\/yara-candy-lattafa\\\/#primaryimage\"},\"image\":{\"@id\":\"https:\\\/\\\/arabian-mood.com\\\/produit\\\/yara-candy-lattafa\\\/#primaryimage\"},\"thumbnailUrl\":\"https:\\\/\\\/arabian-mood.com\\\/wp-content\\\/uploads\\\/2024\\\/11\\\/yara-candy-lattafa.png\",\"datePublished\":\"2024-11-07T18:10:25+00:00\",\"dateModified\":\"2025-11-05T16:05:31+00:00\",\"description\":\"D\u00e9couvrez Yara Candy de Lattafa, le parfum pour femmes gourmand qui transforme votre quotidien en moment de pure s\u00e9duction.\",\"breadcrumb\":{\"@id\":\"https:\\\/\\\/arabian-mood.com\\\/produit\\\/yara-candy-lattafa\\\/#breadcrumb\"},\"inLanguage\":\"de\",\"potentialAction\":[{\"@type\":\"ReadAction\",\"target\":[\"https:\\\/\\\/arabian-mood.com\\\/produit\\\/yara-candy-lattafa\\\/\"]}]},{\"@type\":\"ImageObject\",\"inLanguage\":\"de\",\"@id\":\"https:\\\/\\\/arabian-mood.com\\\/produit\\\/yara-candy-lattafa\\\/#primaryimage\",\"url\":\"https:\\\/\\\/arabian-mood.com\\\/wp-content\\\/uploads\\\/2024\\\/11\\\/yara-candy-lattafa.png\",\"contentUrl\":\"https:\\\/\\\/arabian-mood.com\\\/wp-content\\\/uploads\\\/2024\\\/11\\\/yara-candy-lattafa.png\",\"width\":900,\"height\":900,\"caption\":\"parfum yara candy lattafa\"},{\"@type\":\"BreadcrumbList\",\"@id\":\"https:\\\/\\\/arabian-mood.com\\\/produit\\\/yara-candy-lattafa\\\/#breadcrumb\",\"itemListElement\":[{\"@type\":\"ListItem\",\"position\":1,\"name\":\"Accueil\",\"item\":\"https:\\\/\\\/arabian-mood.com\\\/\"},{\"@type\":\"ListItem\",\"position\":2,\"name\":\"Boutique\",\"item\":\"https:\\\/\\\/arabian-mood.com\\\/boutique\\\/\"},{\"@type\":\"ListItem\",\"position\":3,\"name\":\"Yara Candy &#8211; Lattafa\"}]},{\"@type\":\"WebSite\",\"@id\":\"https:\\\/\\\/arabian-mood.com\\\/#website\",\"url\":\"https:\\\/\\\/arabian-mood.com\\\/\",\"name\":\"Arabian Mood\",\"description\":\"\",\"publisher\":{\"@id\":\"https:\\\/\\\/arabian-mood.com\\\/#organization\"},\"potentialAction\":[{\"@type\":\"SearchAction\",\"target\":{\"@type\":\"EntryPoint\",\"urlTemplate\":\"https:\\\/\\\/arabian-mood.com\\\/?s={search_term_string}\"},\"query-input\":{\"@type\":\"PropertyValueSpecification\",\"valueRequired\":true,\"valueName\":\"search_term_string\"}}],\"inLanguage\":\"de\"},{\"@type\":\"Organization\",\"@id\":\"https:\\\/\\\/arabian-mood.com\\\/#organization\",\"name\":\"Arabian Mood\",\"url\":\"https:\\\/\\\/arabian-mood.com\\\/\",\"logo\":{\"@type\":\"ImageObject\",\"inLanguage\":\"de\",\"@id\":\"https:\\\/\\\/arabian-mood.com\\\/#\\\/schema\\\/logo\\\/image\\\/\",\"url\":\"https:\\\/\\\/arabian-mood.com\\\/wp-content\\\/uploads\\\/2024\\\/09\\\/Groupe-11304.svg\",\"contentUrl\":\"https:\\\/\\\/arabian-mood.com\\\/wp-content\\\/uploads\\\/2024\\\/09\\\/Groupe-11304.svg\",\"width\":214,\"height\":27,\"caption\":\"Arabian Mood\"},\"image\":{\"@id\":\"https:\\\/\\\/arabian-mood.com\\\/#\\\/schema\\\/logo\\\/image\\\/\"},\"sameAs\":[\"https:\\\/\\\/www.instagram.com\\\/arabianmoodofficiel\\\/\"]}]}<\/script>\n<!-- \/ Yoast SEO plugin. -->","yoast_head_json":{"title":"Yara Candy - Lattafa - Arabian Mood","description":"Entdecken Sie Yara Candy von Lattafa, den gourmandigen Damenduft, der Ihren Alltag in einen Moment purer Verf\u00fchrung verwandelt.","robots":{"index":"index","follow":"follow","max-snippet":"max-snippet:-1","max-image-preview":"max-image-preview:large","max-video-preview":"max-video-preview:-1"},"canonical":"https:\/\/arabian-mood.com\/de\/product\/yara-candy-lattafa\/","og_locale":"de_DE","og_type":"article","og_title":"Yara Candy - Lattafa - Arabian Mood","og_description":"D\u00e9couvrez Yara Candy de Lattafa, le parfum pour femmes gourmand qui transforme votre quotidien en moment de pure s\u00e9duction.","og_url":"https:\/\/arabian-mood.com\/de\/product\/yara-candy-lattafa\/","og_site_name":"Arabian Mood","article_modified_time":"2025-11-05T16:05:31+00:00","og_image":[{"width":900,"height":900,"url":"https:\/\/arabian-mood.com\/wp-content\/uploads\/2024\/11\/yara-candy-lattafa.png","type":"image\/png"}],"twitter_card":"summary_large_image","twitter_misc":{"Gesch\u00e4tzte Lesezeit":"3\u00a0Minuten"},"schema":{"@context":"https:\/\/schema.org","@graph":[{"@type":"WebPage","@id":"https:\/\/arabian-mood.com\/produit\/yara-candy-lattafa\/","url":"https:\/\/arabian-mood.com\/produit\/yara-candy-lattafa\/","name":"Yara Candy - Lattafa - Arabian Mood","isPartOf":{"@id":"https:\/\/arabian-mood.com\/#website"},"primaryImageOfPage":{"@id":"https:\/\/arabian-mood.com\/produit\/yara-candy-lattafa\/#primaryimage"},"image":{"@id":"https:\/\/arabian-mood.com\/produit\/yara-candy-lattafa\/#primaryimage"},"thumbnailUrl":"https:\/\/arabian-mood.com\/wp-content\/uploads\/2024\/11\/yara-candy-lattafa.png","datePublished":"2024-11-07T18:10:25+00:00","dateModified":"2025-11-05T16:05:31+00:00","description":"Entdecken Sie Yara Candy von Lattafa, den gourmandigen Damenduft, der Ihren Alltag in einen Moment purer Verf\u00fchrung verwandelt.","breadcrumb":{"@id":"https:\/\/arabian-mood.com\/produit\/yara-candy-lattafa\/#breadcrumb"},"inLanguage":"de","potentialAction":[{"@type":"ReadAction","target":["https:\/\/arabian-mood.com\/produit\/yara-candy-lattafa\/"]}]},{"@type":"ImageObject","inLanguage":"de","@id":"https:\/\/arabian-mood.com\/produit\/yara-candy-lattafa\/#primaryimage","url":"https:\/\/arabian-mood.com\/wp-content\/uploads\/2024\/11\/yara-candy-lattafa.png","contentUrl":"https:\/\/arabian-mood.com\/wp-content\/uploads\/2024\/11\/yara-candy-lattafa.png","width":900,"height":900,"caption":"parfum yara candy lattafa"},{"@type":"BreadcrumbList","@id":"https:\/\/arabian-mood.com\/produit\/yara-candy-lattafa\/#breadcrumb","itemListElement":[{"@type":"ListItem","position":1,"name":"Accueil","item":"https:\/\/arabian-mood.com\/"},{"@type":"ListItem","position":2,"name":"Boutique","item":"https:\/\/arabian-mood.com\/boutique\/"},{"@type":"ListItem","position":3,"name":"Yara Candy &#8211; Lattafa"}]},{"@type":"WebSite","@id":"https:\/\/arabian-mood.com\/#website","url":"https:\/\/arabian-mood.com\/","name":"Arabische Stimmung","description":"","publisher":{"@id":"https:\/\/arabian-mood.com\/#organization"},"potentialAction":[{"@type":"SearchAction","target":{"@type":"EntryPoint","urlTemplate":"https:\/\/arabian-mood.com\/?s={search_term_string}"},"query-input":{"@type":"PropertyValueSpecification","valueRequired":true,"valueName":"search_term_string"}}],"inLanguage":"de"},{"@type":"Organization","@id":"https:\/\/arabian-mood.com\/#organization","name":"Arabische Stimmung","url":"https:\/\/arabian-mood.com\/","logo":{"@type":"ImageObject","inLanguage":"de","@id":"https:\/\/arabian-mood.com\/#\/schema\/logo\/image\/","url":"https:\/\/arabian-mood.com\/wp-content\/uploads\/2024\/09\/Groupe-11304.svg","contentUrl":"https:\/\/arabian-mood.com\/wp-content\/uploads\/2024\/09\/Groupe-11304.svg","width":214,"height":27,"caption":"Arabian Mood"},"image":{"@id":"https:\/\/arabian-mood.com\/#\/schema\/logo\/image\/"},"sameAs":["https:\/\/www.instagram.com\/arabianmoodofficiel\/"]}]}},"_links":{"self":[{"href":"https:\/\/arabian-mood.com\/de\/wp-json\/wp\/v2\/product\/8490","targetHints":{"allow":["GET"]}}],"collection":[{"href":"https:\/\/arabian-mood.com\/de\/wp-json\/wp\/v2\/product"}],"about":[{"href":"https:\/\/arabian-mood.com\/de\/wp-json\/wp\/v2\/types\/product"}],"wp:featuredmedia":[{"embeddable":true,"href":"https:\/\/arabian-mood.com\/de\/wp-json\/wp\/v2\/media\/8491"}],"wp:attachment":[{"href":"https:\/\/arabian-mood.com\/de\/wp-json\/wp\/v2\/media?parent=8490"}],"wp:term":[{"taxonomy":"product_brand","embeddable":true,"href":"https:\/\/arabian-mood.com\/de\/wp-json\/wp\/v2\/product_brand?post=8490"},{"taxonomy":"product_cat","embeddable":true,"href":"https:\/\/arabian-mood.com\/de\/wp-json\/wp\/v2\/product_cat?post=8490"},{"taxonomy":"product_tag","embeddable":true,"href":"https:\/\/arabian-mood.com\/de\/wp-json\/wp\/v2\/product_tag?post=8490"}],"curies":[{"name":"wp","href":"https:\/\/api.w.org\/{rel}","templated":true}]}}