{"id":8687,"date":"2024-12-19T19:44:29","date_gmt":"2024-12-19T18:44:29","guid":{"rendered":"https:\/\/arabian-mood.com\/?post_type=product&#038;p=8687"},"modified":"2025-12-03T17:01:17","modified_gmt":"2025-12-03T16:01:17","slug":"mashrabiya-lattafa-parfum-mixte","status":"publish","type":"product","link":"https:\/\/arabian-mood.com\/de\/produit\/mashrabiya-lattafa-parfum-mixte\/","title":{"rendered":"Mashrabiya &#8211; Lattafa"},"content":{"rendered":"<p>De la maison de Lattafa vient Mashrabya, un parfum unisexe qui allie sans effort la sophistication moderne \u00e0 la tradition intemporelle. Il s&#8217;ouvre sur l&#8217;attrait vibrant de l&#8217;accord de shisha aux pommes et un soup\u00e7on \u00e9pic\u00e9 de poivre rose, donnant un ton audacieux mais invitant. Au c\u0153ur, la cannelle chaude, les dattes succulentes et le tabac fum\u00e9 cr\u00e9ent un noyau riche et opulent. Le voyage se termine par la douceur indulgente de la vanille et du caramel, \u00e9quilibr\u00e9e par la profondeur terreuse du patchouli, laissant une impression luxueuse et inoubliable pour tous ceux qui le portent.<\/p>","protected":false},"excerpt":{"rendered":"<p><strong>Kopfnoten<\/strong> : Accord pomme, poivre rose.<br \/>\n<strong>Herznoten<\/strong> : Cannelle, dattes, tabac.<br \/>\n<strong>Basisnoten<\/strong> : Vanille, caramel, patchouli.<\/p>","protected":false},"featured_media":8688,"template":"","meta":[],"product_brand":[],"product_cat":[518,590,433],"product_tag":[],"class_list":{"0":"post-8687","1":"product","2":"type-product","3":"status-publish","4":"has-post-thumbnail","6":"product_cat-lattafa","7":"product_cat-parfum-dubai-mixte","8":"product_cat-parfums-de-dubai","10":"first","11":"instock","12":"taxable","13":"shipping-taxable","14":"purchasable","15":"product-type-simple"},"yoast_head":"<!-- This site is optimized with the Yoast SEO plugin v27.5 - https:\/\/yoast.com\/product\/yoast-seo-wordpress\/ -->\n<title>Mashrabiya - Lattafa - Arabian Mood<\/title>\n<meta name=\"robots\" content=\"index, follow, max-snippet:-1, max-image-preview:large, max-video-preview:-1\" \/>\n<link rel=\"canonical\" href=\"https:\/\/arabian-mood.com\/de\/product\/mashrabiya-lattafa-parfum-mixte\/\" \/>\n<meta property=\"og:locale\" content=\"de_DE\" \/>\n<meta property=\"og:type\" content=\"article\" \/>\n<meta property=\"og:title\" content=\"Mashrabiya - Lattafa - Arabian Mood\" \/>\n<meta property=\"og:description\" content=\"Notes de t\u00eate : Accord pomme, poivre rose. Notes de c\u0153ur : Cannelle, dattes, tabac. Notes de fond : Vanille, caramel, patchouli.\" \/>\n<meta property=\"og:url\" content=\"https:\/\/arabian-mood.com\/de\/product\/mashrabiya-lattafa-parfum-mixte\/\" \/>\n<meta property=\"og:site_name\" content=\"Arabian Mood\" \/>\n<meta property=\"article:modified_time\" content=\"2025-12-03T16:01:17+00:00\" \/>\n<meta property=\"og:image\" content=\"https:\/\/arabian-mood.com\/wp-content\/uploads\/2024\/12\/MASHRABIYA-LATTAFA-1.png\" \/>\n\t<meta property=\"og:image:width\" content=\"900\" \/>\n\t<meta property=\"og:image:height\" content=\"900\" \/>\n\t<meta property=\"og:image:type\" content=\"image\/png\" \/>\n<meta name=\"twitter:card\" content=\"summary_large_image\" \/>\n<meta name=\"twitter:label1\" content=\"Gesch\u00e4tzte Lesezeit\" \/>\n\t<meta name=\"twitter:data1\" content=\"1\u00a0Minute\" \/>\n<script type=\"application\/ld+json\" class=\"yoast-schema-graph\">{\"@context\":\"https:\\\/\\\/schema.org\",\"@graph\":[{\"@type\":\"WebPage\",\"@id\":\"https:\\\/\\\/arabian-mood.com\\\/produit\\\/mashrabiya-lattafa-parfum-mixte\\\/\",\"url\":\"https:\\\/\\\/arabian-mood.com\\\/produit\\\/mashrabiya-lattafa-parfum-mixte\\\/\",\"name\":\"Mashrabiya - Lattafa - Arabian Mood\",\"isPartOf\":{\"@id\":\"https:\\\/\\\/arabian-mood.com\\\/#website\"},\"primaryImageOfPage\":{\"@id\":\"https:\\\/\\\/arabian-mood.com\\\/produit\\\/mashrabiya-lattafa-parfum-mixte\\\/#primaryimage\"},\"image\":{\"@id\":\"https:\\\/\\\/arabian-mood.com\\\/produit\\\/mashrabiya-lattafa-parfum-mixte\\\/#primaryimage\"},\"thumbnailUrl\":\"https:\\\/\\\/arabian-mood.com\\\/wp-content\\\/uploads\\\/2024\\\/12\\\/MASHRABIYA-LATTAFA-1.png\",\"datePublished\":\"2024-12-19T18:44:29+00:00\",\"dateModified\":\"2025-12-03T16:01:17+00:00\",\"breadcrumb\":{\"@id\":\"https:\\\/\\\/arabian-mood.com\\\/produit\\\/mashrabiya-lattafa-parfum-mixte\\\/#breadcrumb\"},\"inLanguage\":\"de\",\"potentialAction\":[{\"@type\":\"ReadAction\",\"target\":[\"https:\\\/\\\/arabian-mood.com\\\/produit\\\/mashrabiya-lattafa-parfum-mixte\\\/\"]}]},{\"@type\":\"ImageObject\",\"inLanguage\":\"de\",\"@id\":\"https:\\\/\\\/arabian-mood.com\\\/produit\\\/mashrabiya-lattafa-parfum-mixte\\\/#primaryimage\",\"url\":\"https:\\\/\\\/arabian-mood.com\\\/wp-content\\\/uploads\\\/2024\\\/12\\\/MASHRABIYA-LATTAFA-1.png\",\"contentUrl\":\"https:\\\/\\\/arabian-mood.com\\\/wp-content\\\/uploads\\\/2024\\\/12\\\/MASHRABIYA-LATTAFA-1.png\",\"width\":900,\"height\":900,\"caption\":\"mahrabiya lattafa parfum mixte\"},{\"@type\":\"BreadcrumbList\",\"@id\":\"https:\\\/\\\/arabian-mood.com\\\/produit\\\/mashrabiya-lattafa-parfum-mixte\\\/#breadcrumb\",\"itemListElement\":[{\"@type\":\"ListItem\",\"position\":1,\"name\":\"Accueil\",\"item\":\"https:\\\/\\\/arabian-mood.com\\\/\"},{\"@type\":\"ListItem\",\"position\":2,\"name\":\"Boutique\",\"item\":\"https:\\\/\\\/arabian-mood.com\\\/boutique\\\/\"},{\"@type\":\"ListItem\",\"position\":3,\"name\":\"Mashrabiya &#8211; Lattafa\"}]},{\"@type\":\"WebSite\",\"@id\":\"https:\\\/\\\/arabian-mood.com\\\/#website\",\"url\":\"https:\\\/\\\/arabian-mood.com\\\/\",\"name\":\"Arabian Mood\",\"description\":\"\",\"publisher\":{\"@id\":\"https:\\\/\\\/arabian-mood.com\\\/#organization\"},\"potentialAction\":[{\"@type\":\"SearchAction\",\"target\":{\"@type\":\"EntryPoint\",\"urlTemplate\":\"https:\\\/\\\/arabian-mood.com\\\/?s={search_term_string}\"},\"query-input\":{\"@type\":\"PropertyValueSpecification\",\"valueRequired\":true,\"valueName\":\"search_term_string\"}}],\"inLanguage\":\"de\"},{\"@type\":\"Organization\",\"@id\":\"https:\\\/\\\/arabian-mood.com\\\/#organization\",\"name\":\"Arabian Mood\",\"url\":\"https:\\\/\\\/arabian-mood.com\\\/\",\"logo\":{\"@type\":\"ImageObject\",\"inLanguage\":\"de\",\"@id\":\"https:\\\/\\\/arabian-mood.com\\\/#\\\/schema\\\/logo\\\/image\\\/\",\"url\":\"https:\\\/\\\/arabian-mood.com\\\/wp-content\\\/uploads\\\/2024\\\/09\\\/Groupe-11304.svg\",\"contentUrl\":\"https:\\\/\\\/arabian-mood.com\\\/wp-content\\\/uploads\\\/2024\\\/09\\\/Groupe-11304.svg\",\"width\":214,\"height\":27,\"caption\":\"Arabian Mood\"},\"image\":{\"@id\":\"https:\\\/\\\/arabian-mood.com\\\/#\\\/schema\\\/logo\\\/image\\\/\"},\"sameAs\":[\"https:\\\/\\\/www.instagram.com\\\/arabianmoodofficiel\\\/\"]}]}<\/script>\n<!-- \/ Yoast SEO plugin. -->","yoast_head_json":{"title":"Mashrabiya - Lattafa - Arabian Mood","robots":{"index":"index","follow":"follow","max-snippet":"max-snippet:-1","max-image-preview":"max-image-preview:large","max-video-preview":"max-video-preview:-1"},"canonical":"https:\/\/arabian-mood.com\/de\/product\/mashrabiya-lattafa-parfum-mixte\/","og_locale":"de_DE","og_type":"article","og_title":"Mashrabiya - Lattafa - Arabian Mood","og_description":"Notes de t\u00eate : Accord pomme, poivre rose. Notes de c\u0153ur : Cannelle, dattes, tabac. Notes de fond : Vanille, caramel, patchouli.","og_url":"https:\/\/arabian-mood.com\/de\/product\/mashrabiya-lattafa-parfum-mixte\/","og_site_name":"Arabian Mood","article_modified_time":"2025-12-03T16:01:17+00:00","og_image":[{"width":900,"height":900,"url":"https:\/\/arabian-mood.com\/wp-content\/uploads\/2024\/12\/MASHRABIYA-LATTAFA-1.png","type":"image\/png"}],"twitter_card":"summary_large_image","twitter_misc":{"Gesch\u00e4tzte Lesezeit":"1\u00a0Minute"},"schema":{"@context":"https:\/\/schema.org","@graph":[{"@type":"WebPage","@id":"https:\/\/arabian-mood.com\/produit\/mashrabiya-lattafa-parfum-mixte\/","url":"https:\/\/arabian-mood.com\/produit\/mashrabiya-lattafa-parfum-mixte\/","name":"Mashrabiya - Lattafa - Arabian Mood","isPartOf":{"@id":"https:\/\/arabian-mood.com\/#website"},"primaryImageOfPage":{"@id":"https:\/\/arabian-mood.com\/produit\/mashrabiya-lattafa-parfum-mixte\/#primaryimage"},"image":{"@id":"https:\/\/arabian-mood.com\/produit\/mashrabiya-lattafa-parfum-mixte\/#primaryimage"},"thumbnailUrl":"https:\/\/arabian-mood.com\/wp-content\/uploads\/2024\/12\/MASHRABIYA-LATTAFA-1.png","datePublished":"2024-12-19T18:44:29+00:00","dateModified":"2025-12-03T16:01:17+00:00","breadcrumb":{"@id":"https:\/\/arabian-mood.com\/produit\/mashrabiya-lattafa-parfum-mixte\/#breadcrumb"},"inLanguage":"de","potentialAction":[{"@type":"ReadAction","target":["https:\/\/arabian-mood.com\/produit\/mashrabiya-lattafa-parfum-mixte\/"]}]},{"@type":"ImageObject","inLanguage":"de","@id":"https:\/\/arabian-mood.com\/produit\/mashrabiya-lattafa-parfum-mixte\/#primaryimage","url":"https:\/\/arabian-mood.com\/wp-content\/uploads\/2024\/12\/MASHRABIYA-LATTAFA-1.png","contentUrl":"https:\/\/arabian-mood.com\/wp-content\/uploads\/2024\/12\/MASHRABIYA-LATTAFA-1.png","width":900,"height":900,"caption":"mahrabiya lattafa parfum mixte"},{"@type":"BreadcrumbList","@id":"https:\/\/arabian-mood.com\/produit\/mashrabiya-lattafa-parfum-mixte\/#breadcrumb","itemListElement":[{"@type":"ListItem","position":1,"name":"Accueil","item":"https:\/\/arabian-mood.com\/"},{"@type":"ListItem","position":2,"name":"Boutique","item":"https:\/\/arabian-mood.com\/boutique\/"},{"@type":"ListItem","position":3,"name":"Mashrabiya &#8211; Lattafa"}]},{"@type":"WebSite","@id":"https:\/\/arabian-mood.com\/#website","url":"https:\/\/arabian-mood.com\/","name":"Arabische Stimmung","description":"","publisher":{"@id":"https:\/\/arabian-mood.com\/#organization"},"potentialAction":[{"@type":"SearchAction","target":{"@type":"EntryPoint","urlTemplate":"https:\/\/arabian-mood.com\/?s={search_term_string}"},"query-input":{"@type":"PropertyValueSpecification","valueRequired":true,"valueName":"search_term_string"}}],"inLanguage":"de"},{"@type":"Organization","@id":"https:\/\/arabian-mood.com\/#organization","name":"Arabische Stimmung","url":"https:\/\/arabian-mood.com\/","logo":{"@type":"ImageObject","inLanguage":"de","@id":"https:\/\/arabian-mood.com\/#\/schema\/logo\/image\/","url":"https:\/\/arabian-mood.com\/wp-content\/uploads\/2024\/09\/Groupe-11304.svg","contentUrl":"https:\/\/arabian-mood.com\/wp-content\/uploads\/2024\/09\/Groupe-11304.svg","width":214,"height":27,"caption":"Arabian Mood"},"image":{"@id":"https:\/\/arabian-mood.com\/#\/schema\/logo\/image\/"},"sameAs":["https:\/\/www.instagram.com\/arabianmoodofficiel\/"]}]}},"_links":{"self":[{"href":"https:\/\/arabian-mood.com\/de\/wp-json\/wp\/v2\/product\/8687","targetHints":{"allow":["GET"]}}],"collection":[{"href":"https:\/\/arabian-mood.com\/de\/wp-json\/wp\/v2\/product"}],"about":[{"href":"https:\/\/arabian-mood.com\/de\/wp-json\/wp\/v2\/types\/product"}],"wp:featuredmedia":[{"embeddable":true,"href":"https:\/\/arabian-mood.com\/de\/wp-json\/wp\/v2\/media\/8688"}],"wp:attachment":[{"href":"https:\/\/arabian-mood.com\/de\/wp-json\/wp\/v2\/media?parent=8687"}],"wp:term":[{"taxonomy":"product_brand","embeddable":true,"href":"https:\/\/arabian-mood.com\/de\/wp-json\/wp\/v2\/product_brand?post=8687"},{"taxonomy":"product_cat","embeddable":true,"href":"https:\/\/arabian-mood.com\/de\/wp-json\/wp\/v2\/product_cat?post=8687"},{"taxonomy":"product_tag","embeddable":true,"href":"https:\/\/arabian-mood.com\/de\/wp-json\/wp\/v2\/product_tag?post=8687"}],"curies":[{"name":"wp","href":"https:\/\/api.w.org\/{rel}","templated":true}]}}