{"id":8852,"date":"2025-01-22T18:15:41","date_gmt":"2025-01-22T17:15:41","guid":{"rendered":"https:\/\/arabian-mood.com\/?post_type=product&#038;p=8852"},"modified":"2026-03-17T14:50:41","modified_gmt":"2026-03-17T13:50:41","slug":"marshmallow-blush-paris-corner","status":"publish","type":"product","link":"https:\/\/arabian-mood.com\/de\/produit\/marshmallow-blush-paris-corner\/","title":{"rendered":"Marshmallow Blush &#8211; Paris Corner"},"content":{"rendered":"<p>Envie d&#8217;un parfum qui sent le <strong>bonbon sucr\u00e9<\/strong> ? Laissez-vous tenter par <strong>Marshmallow Blush<\/strong> German <strong>Pariser Ecke<\/strong>. Sa fragrance douce et sucr\u00e9e sent tellement bon qu&#8217;elle donne envie de la porter tous les jours !<\/p>\n<h2>Marshmallow Blush : une odeur \u00e0 croquer<\/h2>\n<p>Dans son joli flacon rose pastel avec des touches dor\u00e9es, ce parfum est d\u00e9j\u00e0 une petite merveille \u00e0 regarder. Lorsque vous le poserez sur votre coiffeuse, il rehaussera le standing de votre d\u00e9coration int\u00e9rieure. La bouteille en elle-m\u00eame donne d\u00e9j\u00e0 envie de d\u00e9couvrir le parfum qu&#8217;elle renferme.<\/p>\n<p>Imaginez l&#8217;odeur fra\u00eeche des\u00a0<strong>fraises<\/strong>, des <strong>framboises<\/strong> et du <strong>citron<\/strong> qui se m\u00e9langent&#8230; C&#8217;est exactement comme \u00e7a que commence la pyramide olfactive de ce parfum ! Puis arrive une touche de <strong>Orangenbl\u00fcte<\/strong> qui apporte douceur et myst\u00e8re. Mais le meilleur reste \u00e0 venir&#8230;<\/p>\n<h3>La guimauve, ingr\u00e9dient star du parfum Marshmallow Blush<\/h3>\n<p>Le v\u00e9ritable coup de c\u0153ur, c&#8217;est quand la note de guimauve, aussi pr\u00e9sente dans <a href=\"https:\/\/arabian-mood.com\/de\/product\/divine-cherry-hamidi\/\"><strong>Divine Cherry<\/strong><\/a> by <strong>Hamidi<\/strong>, se d\u00e9voile. M\u00e9lang\u00e9e au <strong>Musk<\/strong> et \u00e0 une touche de bonbon, elle cr\u00e9e une odeur si agr\u00e9able qu&#8217;on ne peut plus s&#8217;en passer. Vous aurez d&#8217;ailleurs l&#8217;impression de porter un nuage de douceur sucr\u00e9e toute la journ\u00e9e !<\/p>\n<p>Une fois que vous aurez essay\u00e9 Marshmallow Blush, impossible de revenir en arri\u00e8re. Son\u00a0<strong>odeur sucr\u00e9e<\/strong>, mais pas \u00e9c\u0153urante, sa douceur qui dure toute la journ\u00e9e, ainsi que son c\u00f4t\u00e9 \u00e0 la fois gourmand et \u00e9l\u00e9gant&#8230; n&#8217;auront aucun mal \u00e0 vous faire succomber !<\/p>\n<h3>Une touche sucr\u00e9e bienvenue dans votre quotidien\u00a0!<\/h3>\n<p>Vous vous demandez encore si ce parfum est fait pour vous ? Alors, laissez-vous tenter ! Sa fragrance unique, mais aussi son flacon magnifique et son odeur de guimauve irr\u00e9sistible vont vous s\u00e9duire d\u00e8s la premi\u00e8re vaporisation.<\/p>\n<p>D\u00e9marquez-vous en optant pour une touche de douceur sucr\u00e9e au quotidien. N&#8217;attendez plus pour d\u00e9couvrir Marshmallow Blush. Ce\u00a0<strong>Gourmand-Parfum<\/strong> et raffin\u00e9 va vite devenir votre nouveau favori !<\/p>","protected":false},"excerpt":{"rendered":"<p><strong>Kopfnoten:<\/strong> Fraise, framboise, citron<\/p>\n<p><strong>HERZNOTIZEN:<\/strong> Ambroxan, fleur d&#8217;oranger, cr\u00e8me fouett\u00e9e<\/p>\n<p><strong>HINTERGRUNDNOTIZEN:<\/strong> Musc, guimauve, vanille<\/p>","protected":false},"featured_media":8853,"template":"","meta":[],"product_brand":[],"product_cat":[590,433,523],"product_tag":[],"class_list":{"0":"post-8852","1":"product","2":"type-product","3":"status-publish","4":"has-post-thumbnail","6":"product_cat-parfum-dubai-mixte","7":"product_cat-parfums-de-dubai","8":"product_cat-paris-corner","10":"first","11":"instock","12":"purchasable","13":"product-type-simple"},"yoast_head":"<!-- This site is optimized with the Yoast SEO plugin v27.5 - https:\/\/yoast.com\/product\/yoast-seo-wordpress\/ -->\n<title>Eau de parfum Marshmallow Blush - Paris Corner | Arabian Mood<\/title>\n<meta name=\"description\" content=\"Marshmallow Blush : un parfum gourmand sign\u00e9 Paris Corner aux notes de guimauve qui vous renvoient dans les bancs de l&#039;\u00e9cole.\" \/>\n<meta name=\"robots\" content=\"index, follow, max-snippet:-1, max-image-preview:large, max-video-preview:-1\" \/>\n<link rel=\"canonical\" href=\"https:\/\/arabian-mood.com\/de\/product\/marshmallow-blush-paris-corner\/\" \/>\n<meta property=\"og:locale\" content=\"de_DE\" \/>\n<meta property=\"og:type\" content=\"article\" \/>\n<meta property=\"og:title\" content=\"Eau de parfum Marshmallow Blush - Paris Corner | Arabian Mood\" \/>\n<meta property=\"og:description\" content=\"Marshmallow Blush : un parfum gourmand sign\u00e9 Paris Corner aux notes de guimauve qui vous renvoient dans les bancs de l&#039;\u00e9cole.\" \/>\n<meta property=\"og:url\" content=\"https:\/\/arabian-mood.com\/de\/product\/marshmallow-blush-paris-corner\/\" \/>\n<meta property=\"og:site_name\" content=\"Arabian Mood\" \/>\n<meta property=\"article:modified_time\" content=\"2026-03-17T13:50:41+00:00\" \/>\n<meta property=\"og:image\" content=\"https:\/\/arabian-mood.com\/wp-content\/uploads\/2025\/01\/marshmallow-blush-paris-corner.png\" \/>\n\t<meta property=\"og:image:width\" content=\"600\" \/>\n\t<meta property=\"og:image:height\" content=\"600\" \/>\n\t<meta property=\"og:image:type\" content=\"image\/png\" \/>\n<meta name=\"twitter:card\" content=\"summary_large_image\" \/>\n<meta name=\"twitter:label1\" content=\"Gesch\u00e4tzte Lesezeit\" \/>\n\t<meta name=\"twitter:data1\" content=\"2\u00a0Minuten\" \/>\n<script type=\"application\/ld+json\" class=\"yoast-schema-graph\">{\"@context\":\"https:\\\/\\\/schema.org\",\"@graph\":[{\"@type\":\"WebPage\",\"@id\":\"https:\\\/\\\/arabian-mood.com\\\/produit\\\/marshmallow-blush-paris-corner\\\/\",\"url\":\"https:\\\/\\\/arabian-mood.com\\\/produit\\\/marshmallow-blush-paris-corner\\\/\",\"name\":\"Eau de parfum Marshmallow Blush - Paris Corner | Arabian Mood\",\"isPartOf\":{\"@id\":\"https:\\\/\\\/arabian-mood.com\\\/#website\"},\"primaryImageOfPage\":{\"@id\":\"https:\\\/\\\/arabian-mood.com\\\/produit\\\/marshmallow-blush-paris-corner\\\/#primaryimage\"},\"image\":{\"@id\":\"https:\\\/\\\/arabian-mood.com\\\/produit\\\/marshmallow-blush-paris-corner\\\/#primaryimage\"},\"thumbnailUrl\":\"https:\\\/\\\/arabian-mood.com\\\/wp-content\\\/uploads\\\/2025\\\/01\\\/marshmallow-blush-paris-corner.png\",\"datePublished\":\"2025-01-22T17:15:41+00:00\",\"dateModified\":\"2026-03-17T13:50:41+00:00\",\"description\":\"Marshmallow Blush : un parfum gourmand sign\u00e9 Paris Corner aux notes de guimauve qui vous renvoient dans les bancs de l'\u00e9cole.\",\"breadcrumb\":{\"@id\":\"https:\\\/\\\/arabian-mood.com\\\/produit\\\/marshmallow-blush-paris-corner\\\/#breadcrumb\"},\"inLanguage\":\"de\",\"potentialAction\":[{\"@type\":\"ReadAction\",\"target\":[\"https:\\\/\\\/arabian-mood.com\\\/produit\\\/marshmallow-blush-paris-corner\\\/\"]}]},{\"@type\":\"ImageObject\",\"inLanguage\":\"de\",\"@id\":\"https:\\\/\\\/arabian-mood.com\\\/produit\\\/marshmallow-blush-paris-corner\\\/#primaryimage\",\"url\":\"https:\\\/\\\/arabian-mood.com\\\/wp-content\\\/uploads\\\/2025\\\/01\\\/marshmallow-blush-paris-corner.png\",\"contentUrl\":\"https:\\\/\\\/arabian-mood.com\\\/wp-content\\\/uploads\\\/2025\\\/01\\\/marshmallow-blush-paris-corner.png\",\"width\":600,\"height\":600,\"caption\":\"marshmallow blush Paris corner\"},{\"@type\":\"BreadcrumbList\",\"@id\":\"https:\\\/\\\/arabian-mood.com\\\/produit\\\/marshmallow-blush-paris-corner\\\/#breadcrumb\",\"itemListElement\":[{\"@type\":\"ListItem\",\"position\":1,\"name\":\"Accueil\",\"item\":\"https:\\\/\\\/arabian-mood.com\\\/\"},{\"@type\":\"ListItem\",\"position\":2,\"name\":\"Boutique\",\"item\":\"https:\\\/\\\/arabian-mood.com\\\/boutique\\\/\"},{\"@type\":\"ListItem\",\"position\":3,\"name\":\"Marshmallow Blush &#8211; Paris Corner\"}]},{\"@type\":\"WebSite\",\"@id\":\"https:\\\/\\\/arabian-mood.com\\\/#website\",\"url\":\"https:\\\/\\\/arabian-mood.com\\\/\",\"name\":\"Arabian Mood\",\"description\":\"\",\"publisher\":{\"@id\":\"https:\\\/\\\/arabian-mood.com\\\/#organization\"},\"potentialAction\":[{\"@type\":\"SearchAction\",\"target\":{\"@type\":\"EntryPoint\",\"urlTemplate\":\"https:\\\/\\\/arabian-mood.com\\\/?s={search_term_string}\"},\"query-input\":{\"@type\":\"PropertyValueSpecification\",\"valueRequired\":true,\"valueName\":\"search_term_string\"}}],\"inLanguage\":\"de\"},{\"@type\":\"Organization\",\"@id\":\"https:\\\/\\\/arabian-mood.com\\\/#organization\",\"name\":\"Arabian Mood\",\"url\":\"https:\\\/\\\/arabian-mood.com\\\/\",\"logo\":{\"@type\":\"ImageObject\",\"inLanguage\":\"de\",\"@id\":\"https:\\\/\\\/arabian-mood.com\\\/#\\\/schema\\\/logo\\\/image\\\/\",\"url\":\"https:\\\/\\\/arabian-mood.com\\\/wp-content\\\/uploads\\\/2024\\\/09\\\/Groupe-11304.svg\",\"contentUrl\":\"https:\\\/\\\/arabian-mood.com\\\/wp-content\\\/uploads\\\/2024\\\/09\\\/Groupe-11304.svg\",\"width\":214,\"height\":27,\"caption\":\"Arabian Mood\"},\"image\":{\"@id\":\"https:\\\/\\\/arabian-mood.com\\\/#\\\/schema\\\/logo\\\/image\\\/\"},\"sameAs\":[\"https:\\\/\\\/www.instagram.com\\\/arabianmoodofficiel\\\/\"]}]}<\/script>\n<!-- \/ Yoast SEO plugin. -->","yoast_head_json":{"title":"Eau de parfum Marshmallow Blush - Paris Corner | Arabian Mood","description":"Marshmallow Blush : un parfum gourmand sign\u00e9 Paris Corner aux notes de guimauve qui vous renvoient dans les bancs de l'\u00e9cole.","robots":{"index":"index","follow":"follow","max-snippet":"max-snippet:-1","max-image-preview":"max-image-preview:large","max-video-preview":"max-video-preview:-1"},"canonical":"https:\/\/arabian-mood.com\/de\/product\/marshmallow-blush-paris-corner\/","og_locale":"de_DE","og_type":"article","og_title":"Eau de parfum Marshmallow Blush - Paris Corner | Arabian Mood","og_description":"Marshmallow Blush : un parfum gourmand sign\u00e9 Paris Corner aux notes de guimauve qui vous renvoient dans les bancs de l'\u00e9cole.","og_url":"https:\/\/arabian-mood.com\/de\/product\/marshmallow-blush-paris-corner\/","og_site_name":"Arabian Mood","article_modified_time":"2026-03-17T13:50:41+00:00","og_image":[{"width":600,"height":600,"url":"https:\/\/arabian-mood.com\/wp-content\/uploads\/2025\/01\/marshmallow-blush-paris-corner.png","type":"image\/png"}],"twitter_card":"summary_large_image","twitter_misc":{"Gesch\u00e4tzte Lesezeit":"2\u00a0Minuten"},"schema":{"@context":"https:\/\/schema.org","@graph":[{"@type":"WebPage","@id":"https:\/\/arabian-mood.com\/produit\/marshmallow-blush-paris-corner\/","url":"https:\/\/arabian-mood.com\/produit\/marshmallow-blush-paris-corner\/","name":"Eau de parfum Marshmallow Blush - Paris Corner | Arabian Mood","isPartOf":{"@id":"https:\/\/arabian-mood.com\/#website"},"primaryImageOfPage":{"@id":"https:\/\/arabian-mood.com\/produit\/marshmallow-blush-paris-corner\/#primaryimage"},"image":{"@id":"https:\/\/arabian-mood.com\/produit\/marshmallow-blush-paris-corner\/#primaryimage"},"thumbnailUrl":"https:\/\/arabian-mood.com\/wp-content\/uploads\/2025\/01\/marshmallow-blush-paris-corner.png","datePublished":"2025-01-22T17:15:41+00:00","dateModified":"2026-03-17T13:50:41+00:00","description":"Marshmallow Blush : un parfum gourmand sign\u00e9 Paris Corner aux notes de guimauve qui vous renvoient dans les bancs de l'\u00e9cole.","breadcrumb":{"@id":"https:\/\/arabian-mood.com\/produit\/marshmallow-blush-paris-corner\/#breadcrumb"},"inLanguage":"de","potentialAction":[{"@type":"ReadAction","target":["https:\/\/arabian-mood.com\/produit\/marshmallow-blush-paris-corner\/"]}]},{"@type":"ImageObject","inLanguage":"de","@id":"https:\/\/arabian-mood.com\/produit\/marshmallow-blush-paris-corner\/#primaryimage","url":"https:\/\/arabian-mood.com\/wp-content\/uploads\/2025\/01\/marshmallow-blush-paris-corner.png","contentUrl":"https:\/\/arabian-mood.com\/wp-content\/uploads\/2025\/01\/marshmallow-blush-paris-corner.png","width":600,"height":600,"caption":"marshmallow blush Paris corner"},{"@type":"BreadcrumbList","@id":"https:\/\/arabian-mood.com\/produit\/marshmallow-blush-paris-corner\/#breadcrumb","itemListElement":[{"@type":"ListItem","position":1,"name":"Accueil","item":"https:\/\/arabian-mood.com\/"},{"@type":"ListItem","position":2,"name":"Boutique","item":"https:\/\/arabian-mood.com\/boutique\/"},{"@type":"ListItem","position":3,"name":"Marshmallow Blush &#8211; Paris Corner"}]},{"@type":"WebSite","@id":"https:\/\/arabian-mood.com\/#website","url":"https:\/\/arabian-mood.com\/","name":"Arabische Stimmung","description":"","publisher":{"@id":"https:\/\/arabian-mood.com\/#organization"},"potentialAction":[{"@type":"SearchAction","target":{"@type":"EntryPoint","urlTemplate":"https:\/\/arabian-mood.com\/?s={search_term_string}"},"query-input":{"@type":"PropertyValueSpecification","valueRequired":true,"valueName":"search_term_string"}}],"inLanguage":"de"},{"@type":"Organization","@id":"https:\/\/arabian-mood.com\/#organization","name":"Arabische Stimmung","url":"https:\/\/arabian-mood.com\/","logo":{"@type":"ImageObject","inLanguage":"de","@id":"https:\/\/arabian-mood.com\/#\/schema\/logo\/image\/","url":"https:\/\/arabian-mood.com\/wp-content\/uploads\/2024\/09\/Groupe-11304.svg","contentUrl":"https:\/\/arabian-mood.com\/wp-content\/uploads\/2024\/09\/Groupe-11304.svg","width":214,"height":27,"caption":"Arabian Mood"},"image":{"@id":"https:\/\/arabian-mood.com\/#\/schema\/logo\/image\/"},"sameAs":["https:\/\/www.instagram.com\/arabianmoodofficiel\/"]}]}},"_links":{"self":[{"href":"https:\/\/arabian-mood.com\/de\/wp-json\/wp\/v2\/product\/8852","targetHints":{"allow":["GET"]}}],"collection":[{"href":"https:\/\/arabian-mood.com\/de\/wp-json\/wp\/v2\/product"}],"about":[{"href":"https:\/\/arabian-mood.com\/de\/wp-json\/wp\/v2\/types\/product"}],"wp:featuredmedia":[{"embeddable":true,"href":"https:\/\/arabian-mood.com\/de\/wp-json\/wp\/v2\/media\/8853"}],"wp:attachment":[{"href":"https:\/\/arabian-mood.com\/de\/wp-json\/wp\/v2\/media?parent=8852"}],"wp:term":[{"taxonomy":"product_brand","embeddable":true,"href":"https:\/\/arabian-mood.com\/de\/wp-json\/wp\/v2\/product_brand?post=8852"},{"taxonomy":"product_cat","embeddable":true,"href":"https:\/\/arabian-mood.com\/de\/wp-json\/wp\/v2\/product_cat?post=8852"},{"taxonomy":"product_tag","embeddable":true,"href":"https:\/\/arabian-mood.com\/de\/wp-json\/wp\/v2\/product_tag?post=8852"}],"curies":[{"name":"wp","href":"https:\/\/api.w.org\/{rel}","templated":true}]}}