{"id":9399,"date":"2025-06-28T18:00:45","date_gmt":"2025-06-28T16:00:45","guid":{"rendered":"https:\/\/arabian-mood.com\/?post_type=product&#038;p=9399"},"modified":"2026-02-24T18:15:42","modified_gmt":"2026-02-24T17:15:42","slug":"eau-de-parfum-one-and-only-200-ml-gissah","status":"publish","type":"product","link":"https:\/\/arabian-mood.com\/de\/produit\/eau-de-parfum-one-and-only-200-ml-gissah\/","title":{"rendered":"Eau de Parfum One and Only 200 ml \u2013 Gissah"},"content":{"rendered":"","protected":false},"excerpt":{"rendered":"<section class=\"elementor-section elementor-inner-section elementor-element elementor-element-bd10d66 elementor-section-boxed elementor-section-height-default elementor-section-height-default\" data-id=\"bd10d66\" data-element_type=\"section\">\n<div class=\"elementor-container elementor-column-gap-default\">\n<div class=\"elementor-column elementor-col-100 elementor-inner-column elementor-element elementor-element-40f0694\" data-id=\"40f0694\" data-element_type=\"column\">\n<div class=\"elementor-widget-wrap elementor-element-populated\">\n<div class=\"elementor-element elementor-element-c183d55 elementor-widget elementor-widget-woocommerce-product-short-description\" data-id=\"c183d55\" data-element_type=\"widget\" data-widget_type=\"woocommerce-product-short-description.default\">\n<div class=\"elementor-widget-container\">\n<div class=\"woocommerce-product-details__short-description\">\n<p><strong>Kopfnote<\/strong> : Bergamote, Fruit de la passion, P\u00eache<br \/>\n<strong>Herznote<\/strong> : Jasmin, Fleur de g\u00e9ranium, Caramel<br \/>\n<strong>Hintergrundnotiz<\/strong> : Patchouli, Ambre gris de Madagascar, Musc blanc<\/p>\n<\/div>\n<\/div>\n<\/div>\n<\/div>\n<\/div>\n<\/div>\n<\/section>\n<section class=\"elementor-section elementor-inner-section elementor-element elementor-element-17b17a1 elementor-section-boxed elementor-section-height-default elementor-section-height-default\" data-id=\"17b17a1\" data-element_type=\"section\">\n<div class=\"elementor-container elementor-column-gap-default\">\n<div class=\"elementor-column elementor-col-100 elementor-inner-column elementor-element elementor-element-4db61de\" data-id=\"4db61de\" data-element_type=\"column\">\n<div class=\"elementor-widget-wrap elementor-element-populated\">\n<div class=\"elementor-element elementor-element-371ef5b elementor-widget elementor-widget-heading\" data-id=\"371ef5b\" data-element_type=\"widget\" data-settings=\"{&quot;ee_display_conditions_enable&quot;:&quot;yes&quot;,&quot;ee_display_conditions_output&quot;:&quot;yes&quot;}\" data-widget_type=\"heading.default\">\n<div class=\"elementor-widget-container\"><\/div>\n<\/div>\n<\/div>\n<\/div>\n<\/div>\n<\/section>","protected":false},"featured_media":9400,"template":"","meta":[],"product_brand":[],"product_cat":[580],"product_tag":[],"class_list":{"0":"post-9399","1":"product","2":"type-product","3":"status-publish","4":"has-post-thumbnail","6":"product_cat-gissah-perfumes","8":"first","9":"instock","10":"sale","11":"taxable","12":"shipping-taxable","13":"purchasable","14":"product-type-simple"},"yoast_head":"<!-- This site is optimized with the Yoast SEO plugin v27.4 - https:\/\/yoast.com\/product\/yoast-seo-wordpress\/ -->\n<title>Eau de parfum One and Only 200 ml - Gissah - Arabian Mood<\/title>\n<meta name=\"robots\" content=\"index, follow, max-snippet:-1, max-image-preview:large, max-video-preview:-1\" \/>\n<link rel=\"canonical\" href=\"https:\/\/arabian-mood.com\/de\/product\/eau-de-parfum-one-and-only-200-ml-gissah\/\" \/>\n<meta property=\"og:locale\" content=\"de_DE\" \/>\n<meta property=\"og:type\" content=\"article\" \/>\n<meta property=\"og:title\" content=\"Eau de parfum One and Only 200 ml - Gissah - Arabian Mood\" \/>\n<meta property=\"og:description\" content=\"Note de t\u00eate : Bergamote, Fruit de la passion, P\u00eache Note de c\u0153ur : Jasmin, Fleur de g\u00e9ranium, Caramel Note de fond : Patchouli, Ambre gris de Madagascar, Musc blanc\" \/>\n<meta property=\"og:url\" content=\"https:\/\/arabian-mood.com\/de\/product\/eau-de-parfum-one-and-only-200-ml-gissah\/\" \/>\n<meta property=\"og:site_name\" content=\"Arabian Mood\" \/>\n<meta property=\"article:modified_time\" content=\"2026-02-24T17:15:42+00:00\" \/>\n<meta property=\"og:image\" content=\"https:\/\/arabian-mood.com\/wp-content\/uploads\/2025\/06\/one-and-only-gissah.jpg\" \/>\n\t<meta property=\"og:image:width\" content=\"600\" \/>\n\t<meta property=\"og:image:height\" content=\"600\" \/>\n\t<meta property=\"og:image:type\" content=\"image\/jpeg\" \/>\n<meta name=\"twitter:card\" content=\"summary_large_image\" \/>\n<meta name=\"twitter:label1\" content=\"Gesch\u00e4tzte Lesezeit\" \/>\n\t<meta name=\"twitter:data1\" content=\"1\u00a0Minute\" \/>\n<script type=\"application\/ld+json\" class=\"yoast-schema-graph\">{\"@context\":\"https:\\\/\\\/schema.org\",\"@graph\":[{\"@type\":\"WebPage\",\"@id\":\"https:\\\/\\\/arabian-mood.com\\\/produit\\\/eau-de-parfum-one-and-only-200-ml-gissah\\\/\",\"url\":\"https:\\\/\\\/arabian-mood.com\\\/produit\\\/eau-de-parfum-one-and-only-200-ml-gissah\\\/\",\"name\":\"Eau de parfum One and Only 200 ml - Gissah - Arabian Mood\",\"isPartOf\":{\"@id\":\"https:\\\/\\\/arabian-mood.com\\\/#website\"},\"primaryImageOfPage\":{\"@id\":\"https:\\\/\\\/arabian-mood.com\\\/produit\\\/eau-de-parfum-one-and-only-200-ml-gissah\\\/#primaryimage\"},\"image\":{\"@id\":\"https:\\\/\\\/arabian-mood.com\\\/produit\\\/eau-de-parfum-one-and-only-200-ml-gissah\\\/#primaryimage\"},\"thumbnailUrl\":\"https:\\\/\\\/arabian-mood.com\\\/wp-content\\\/uploads\\\/2025\\\/06\\\/one-and-only-gissah.jpg\",\"datePublished\":\"2025-06-28T16:00:45+00:00\",\"dateModified\":\"2026-02-24T17:15:42+00:00\",\"breadcrumb\":{\"@id\":\"https:\\\/\\\/arabian-mood.com\\\/produit\\\/eau-de-parfum-one-and-only-200-ml-gissah\\\/#breadcrumb\"},\"inLanguage\":\"de\",\"potentialAction\":[{\"@type\":\"ReadAction\",\"target\":[\"https:\\\/\\\/arabian-mood.com\\\/produit\\\/eau-de-parfum-one-and-only-200-ml-gissah\\\/\"]}]},{\"@type\":\"ImageObject\",\"inLanguage\":\"de\",\"@id\":\"https:\\\/\\\/arabian-mood.com\\\/produit\\\/eau-de-parfum-one-and-only-200-ml-gissah\\\/#primaryimage\",\"url\":\"https:\\\/\\\/arabian-mood.com\\\/wp-content\\\/uploads\\\/2025\\\/06\\\/one-and-only-gissah.jpg\",\"contentUrl\":\"https:\\\/\\\/arabian-mood.com\\\/wp-content\\\/uploads\\\/2025\\\/06\\\/one-and-only-gissah.jpg\",\"width\":600,\"height\":600,\"caption\":\"one and only gissah\"},{\"@type\":\"BreadcrumbList\",\"@id\":\"https:\\\/\\\/arabian-mood.com\\\/produit\\\/eau-de-parfum-one-and-only-200-ml-gissah\\\/#breadcrumb\",\"itemListElement\":[{\"@type\":\"ListItem\",\"position\":1,\"name\":\"Accueil\",\"item\":\"https:\\\/\\\/arabian-mood.com\\\/\"},{\"@type\":\"ListItem\",\"position\":2,\"name\":\"Boutique\",\"item\":\"https:\\\/\\\/arabian-mood.com\\\/boutique\\\/\"},{\"@type\":\"ListItem\",\"position\":3,\"name\":\"Eau de parfum One and Only 200 ml &#8211; Gissah\"}]},{\"@type\":\"WebSite\",\"@id\":\"https:\\\/\\\/arabian-mood.com\\\/#website\",\"url\":\"https:\\\/\\\/arabian-mood.com\\\/\",\"name\":\"Arabian Mood\",\"description\":\"\",\"publisher\":{\"@id\":\"https:\\\/\\\/arabian-mood.com\\\/#organization\"},\"potentialAction\":[{\"@type\":\"SearchAction\",\"target\":{\"@type\":\"EntryPoint\",\"urlTemplate\":\"https:\\\/\\\/arabian-mood.com\\\/?s={search_term_string}\"},\"query-input\":{\"@type\":\"PropertyValueSpecification\",\"valueRequired\":true,\"valueName\":\"search_term_string\"}}],\"inLanguage\":\"de\"},{\"@type\":\"Organization\",\"@id\":\"https:\\\/\\\/arabian-mood.com\\\/#organization\",\"name\":\"Arabian Mood\",\"url\":\"https:\\\/\\\/arabian-mood.com\\\/\",\"logo\":{\"@type\":\"ImageObject\",\"inLanguage\":\"de\",\"@id\":\"https:\\\/\\\/arabian-mood.com\\\/#\\\/schema\\\/logo\\\/image\\\/\",\"url\":\"https:\\\/\\\/arabian-mood.com\\\/wp-content\\\/uploads\\\/2024\\\/09\\\/Groupe-11304.svg\",\"contentUrl\":\"https:\\\/\\\/arabian-mood.com\\\/wp-content\\\/uploads\\\/2024\\\/09\\\/Groupe-11304.svg\",\"width\":214,\"height\":27,\"caption\":\"Arabian Mood\"},\"image\":{\"@id\":\"https:\\\/\\\/arabian-mood.com\\\/#\\\/schema\\\/logo\\\/image\\\/\"},\"sameAs\":[\"https:\\\/\\\/www.instagram.com\\\/arabianmoodofficiel\\\/\"]}]}<\/script>\n<!-- \/ Yoast SEO plugin. -->","yoast_head_json":{"title":"Eau de parfum One and Only 200 ml - Gissah - Arabian Mood","robots":{"index":"index","follow":"follow","max-snippet":"max-snippet:-1","max-image-preview":"max-image-preview:large","max-video-preview":"max-video-preview:-1"},"canonical":"https:\/\/arabian-mood.com\/de\/product\/eau-de-parfum-one-and-only-200-ml-gissah\/","og_locale":"de_DE","og_type":"article","og_title":"Eau de parfum One and Only 200 ml - Gissah - Arabian Mood","og_description":"Note de t\u00eate : Bergamote, Fruit de la passion, P\u00eache Note de c\u0153ur : Jasmin, Fleur de g\u00e9ranium, Caramel Note de fond : Patchouli, Ambre gris de Madagascar, Musc blanc","og_url":"https:\/\/arabian-mood.com\/de\/product\/eau-de-parfum-one-and-only-200-ml-gissah\/","og_site_name":"Arabian Mood","article_modified_time":"2026-02-24T17:15:42+00:00","og_image":[{"width":600,"height":600,"url":"https:\/\/arabian-mood.com\/wp-content\/uploads\/2025\/06\/one-and-only-gissah.jpg","type":"image\/jpeg"}],"twitter_card":"summary_large_image","twitter_misc":{"Gesch\u00e4tzte Lesezeit":"1\u00a0Minute"},"schema":{"@context":"https:\/\/schema.org","@graph":[{"@type":"WebPage","@id":"https:\/\/arabian-mood.com\/produit\/eau-de-parfum-one-and-only-200-ml-gissah\/","url":"https:\/\/arabian-mood.com\/produit\/eau-de-parfum-one-and-only-200-ml-gissah\/","name":"Eau de parfum One and Only 200 ml - Gissah - Arabian Mood","isPartOf":{"@id":"https:\/\/arabian-mood.com\/#website"},"primaryImageOfPage":{"@id":"https:\/\/arabian-mood.com\/produit\/eau-de-parfum-one-and-only-200-ml-gissah\/#primaryimage"},"image":{"@id":"https:\/\/arabian-mood.com\/produit\/eau-de-parfum-one-and-only-200-ml-gissah\/#primaryimage"},"thumbnailUrl":"https:\/\/arabian-mood.com\/wp-content\/uploads\/2025\/06\/one-and-only-gissah.jpg","datePublished":"2025-06-28T16:00:45+00:00","dateModified":"2026-02-24T17:15:42+00:00","breadcrumb":{"@id":"https:\/\/arabian-mood.com\/produit\/eau-de-parfum-one-and-only-200-ml-gissah\/#breadcrumb"},"inLanguage":"de","potentialAction":[{"@type":"ReadAction","target":["https:\/\/arabian-mood.com\/produit\/eau-de-parfum-one-and-only-200-ml-gissah\/"]}]},{"@type":"ImageObject","inLanguage":"de","@id":"https:\/\/arabian-mood.com\/produit\/eau-de-parfum-one-and-only-200-ml-gissah\/#primaryimage","url":"https:\/\/arabian-mood.com\/wp-content\/uploads\/2025\/06\/one-and-only-gissah.jpg","contentUrl":"https:\/\/arabian-mood.com\/wp-content\/uploads\/2025\/06\/one-and-only-gissah.jpg","width":600,"height":600,"caption":"one and only gissah"},{"@type":"BreadcrumbList","@id":"https:\/\/arabian-mood.com\/produit\/eau-de-parfum-one-and-only-200-ml-gissah\/#breadcrumb","itemListElement":[{"@type":"ListItem","position":1,"name":"Accueil","item":"https:\/\/arabian-mood.com\/"},{"@type":"ListItem","position":2,"name":"Boutique","item":"https:\/\/arabian-mood.com\/boutique\/"},{"@type":"ListItem","position":3,"name":"Eau de parfum One and Only 200 ml &#8211; Gissah"}]},{"@type":"WebSite","@id":"https:\/\/arabian-mood.com\/#website","url":"https:\/\/arabian-mood.com\/","name":"Arabische Stimmung","description":"","publisher":{"@id":"https:\/\/arabian-mood.com\/#organization"},"potentialAction":[{"@type":"SearchAction","target":{"@type":"EntryPoint","urlTemplate":"https:\/\/arabian-mood.com\/?s={search_term_string}"},"query-input":{"@type":"PropertyValueSpecification","valueRequired":true,"valueName":"search_term_string"}}],"inLanguage":"de"},{"@type":"Organization","@id":"https:\/\/arabian-mood.com\/#organization","name":"Arabische Stimmung","url":"https:\/\/arabian-mood.com\/","logo":{"@type":"ImageObject","inLanguage":"de","@id":"https:\/\/arabian-mood.com\/#\/schema\/logo\/image\/","url":"https:\/\/arabian-mood.com\/wp-content\/uploads\/2024\/09\/Groupe-11304.svg","contentUrl":"https:\/\/arabian-mood.com\/wp-content\/uploads\/2024\/09\/Groupe-11304.svg","width":214,"height":27,"caption":"Arabian Mood"},"image":{"@id":"https:\/\/arabian-mood.com\/#\/schema\/logo\/image\/"},"sameAs":["https:\/\/www.instagram.com\/arabianmoodofficiel\/"]}]}},"_links":{"self":[{"href":"https:\/\/arabian-mood.com\/de\/wp-json\/wp\/v2\/product\/9399","targetHints":{"allow":["GET"]}}],"collection":[{"href":"https:\/\/arabian-mood.com\/de\/wp-json\/wp\/v2\/product"}],"about":[{"href":"https:\/\/arabian-mood.com\/de\/wp-json\/wp\/v2\/types\/product"}],"wp:featuredmedia":[{"embeddable":true,"href":"https:\/\/arabian-mood.com\/de\/wp-json\/wp\/v2\/media\/9400"}],"wp:attachment":[{"href":"https:\/\/arabian-mood.com\/de\/wp-json\/wp\/v2\/media?parent=9399"}],"wp:term":[{"taxonomy":"product_brand","embeddable":true,"href":"https:\/\/arabian-mood.com\/de\/wp-json\/wp\/v2\/product_brand?post=9399"},{"taxonomy":"product_cat","embeddable":true,"href":"https:\/\/arabian-mood.com\/de\/wp-json\/wp\/v2\/product_cat?post=9399"},{"taxonomy":"product_tag","embeddable":true,"href":"https:\/\/arabian-mood.com\/de\/wp-json\/wp\/v2\/product_tag?post=9399"}],"curies":[{"name":"wp","href":"https:\/\/api.w.org\/{rel}","templated":true}]}}