{"id":9430,"date":"2025-07-07T09:37:14","date_gmt":"2025-07-07T07:37:14","guid":{"rendered":"https:\/\/arabian-mood.com\/?post_type=product&#038;p=9430"},"modified":"2025-12-03T17:25:39","modified_gmt":"2025-12-03T16:25:39","slug":"unbezwingbare-pariser-ecke","status":"publish","type":"product","link":"https:\/\/arabian-mood.com\/de\/produit\/indomitable-paris-corner\/","title":{"rendered":"Unbeugsam 100 ml | Paris Corner"},"content":{"rendered":"<p>Sie suchen einen Duft, der Sie zum L\u00e4cheln bringt? Dann entscheiden Sie sich f\u00fcr\u2019<strong>Unbezwingbar Paris Corner<\/strong>. Dieser Unisex-Duft hat etwas Besonderes: Er schafft es, gleichzeitig erfrischend und warm zu sein. Paris Corner trifft mit diesem Duft den richtigen Ton<\/p>\n<h2>Unbezwingbares Paris Corner: der optimistische Duft<\/h2>\n<p>Um dieses olfaktorische Spektakel zu beginnen, hat Paris Corner beschlossen, auf die <strong>Klementine<\/strong> und zu der\u2019<strong>Orange<\/strong>. Diese beiden Fr\u00fcchte erzeugen ein sofortiges Gef\u00fchl von Frische, wie ein k\u00fchler Lufthauch an einem Sommermorgen. Die S\u00e4ure dieser <strong>Zitrusfr\u00fcchte<\/strong> Erweckt die Sinne augenblicklich, ohne jemals zu aggressiv zu sein. Diese fruchtige Kopfnote ist ideal f\u00fcr den Start in den Tag. Sie bringt tats\u00e4chlich die Dosis Positivit\u00e4t, die wir uns alle beim Aufwachen w\u00fcnschen. Einfach, aber effektiv. Augen auf mit<a href=\"https:\/\/arabian-mood.com\/de\/product\/tropical-kiss-french-avenue\/\"> <strong>Tropischer Kuss<\/strong><\/a>, ein weiterer ultra-erfrischender Duft.<\/p>\n<p>Die Dinge werden interessant, wenn die <strong>Apfel<\/strong> tritt bei <strong>Holz<\/strong>. Diese fruchtig-holzige Kombination macht die Komposition noch einzigartiger. Der Apfel bewahrt eine gewisse Frische und bringt gleichzeitig eine genussvolle F\u00fclle mit sich. <strong>Schwarzer Pfeffer<\/strong> Und er hat die Aufgabe, das Ganze zu beleben. Ohne diese Note bliebe der Duft zur\u00fcckhaltend. Mit ihr wird er fesselnd.<\/p>\n<p>Endlich, die <strong>Neroli<\/strong>, die\u2019<strong>Bernstein<\/strong> und das <strong>wei\u00dfe Moschus<\/strong> bilden eine bemerkenswerte Dreierkombination im Hintergrund. Neroli sorgt f\u00fcr Frische, Ambra f\u00fcr W\u00e4rme und wei\u00dfer Moschus f\u00fcr Sanftheit.<\/p>\n<h3>Unbezwingbares Paris Corner: der Duft zum Teilen!<\/h3>\n<p>Seine Vielseitigkeit ist die St\u00e4rke dieses <strong>orientalisches Parf\u00fcm<\/strong> signiert Paris Corner. M\u00e4nner und Frauen m\u00f6gen es, was es zu einer cleveren Wahl f\u00fcr Paare macht, die es lieben, ihre D\u00fcfte zu teilen.<\/p>\n<p>Seine Ausstrahlung ist bescheiden, perfekt f\u00fcr den Alltag oder f\u00fcr informelle Anl\u00e4sse. Man sp\u00fcrt ihn, ohne dass er aufdringlich wird. Genau das, was Sie f\u00fcr den t\u00e4glichen Gebrauch brauchen.<\/p>\n<h3>Die clevere Wahl der orientalischen Parf\u00fcmerie<\/h3>\n<p>Indomitable Paris Corner beweist einmal mehr, dass man Qualit\u00e4t haben kann, ohne sich zu ruinieren. Dieser Duft konkurriert mit weitaus teureren Kreationen, mit Ausnahme des Preises. Er begleitet diejenigen, die das Leben von der positiven Seite sehen und keine Angst haben, das zu zeigen. Ein Duft, der einfach Selbstvertrauen gibt.<\/p>","protected":false},"excerpt":{"rendered":"<section class=\"elementor-section elementor-inner-section elementor-element elementor-element-bd10d66 elementor-section-boxed elementor-section-height-default elementor-section-height-default\" data-id=\"bd10d66\" data-element_type=\"section\">\n<div class=\"elementor-container elementor-column-gap-default\">\n<div class=\"elementor-column elementor-col-100 elementor-inner-column elementor-element elementor-element-40f0694\" data-id=\"40f0694\" data-element_type=\"column\">\n<div class=\"elementor-widget-wrap elementor-element-populated\">\n<div class=\"elementor-element elementor-element-c183d55 elementor-widget elementor-widget-woocommerce-product-short-description\" data-id=\"c183d55\" data-element_type=\"widget\" data-widget_type=\"woocommerce-product-short-description.default\">\n<div class=\"elementor-widget-container\">\n<div class=\"woocommerce-product-details__short-description\">\n<p><strong>Kopfnote<\/strong> Clementine, Orange<br \/>\n<strong>Herznote<\/strong> Holzige Noten, Apfel, schwarzer Pfeffer<br \/>\n<strong>Hintergrundnotiz<\/strong> Neroli, Amber, wei\u00dfer Moschus<\/p>\n<\/div>\n<\/div>\n<\/div>\n<\/div>\n<\/div>\n<\/div>\n<\/section>","protected":false},"featured_media":9431,"template":"","meta":[],"product_brand":[],"product_cat":[590,523],"product_tag":[],"class_list":{"0":"post-9430","1":"product","2":"type-product","3":"status-publish","4":"has-post-thumbnail","6":"product_cat-parfum-dubai-mixte","7":"product_cat-paris-corner","9":"first","10":"instock","11":"taxable","12":"shipping-taxable","13":"purchasable","14":"product-type-simple"},"yoast_head":"<!-- This site is optimized with the Yoast SEO plugin v27.6 - https:\/\/yoast.com\/product\/yoast-seo-wordpress\/ -->\n<title>Indomitable 100 ml | Paris Corner<\/title>\n<meta name=\"description\" content=\"Envie d\u2019un parfum qui met de bonne humeur ? Indomitable Paris Corner m\u00eale fra\u00eecheur et caract\u00e8re. Une belle d\u00e9couverte \u00e0 petit prix, \u00e0 essayer.\" \/>\n<meta name=\"robots\" content=\"index, follow, max-snippet:-1, max-image-preview:large, max-video-preview:-1\" \/>\n<link rel=\"canonical\" href=\"https:\/\/arabian-mood.com\/de\/product\/unbezwingbare-pariser-ecke\/\" \/>\n<meta property=\"og:locale\" content=\"de_DE\" \/>\n<meta property=\"og:type\" content=\"article\" \/>\n<meta property=\"og:title\" content=\"Indomitable 100 ml | Paris Corner\" \/>\n<meta property=\"og:description\" content=\"Envie d\u2019un parfum qui met de bonne humeur ? Indomitable Paris Corner m\u00eale fra\u00eecheur et caract\u00e8re. Une belle d\u00e9couverte \u00e0 petit prix, \u00e0 essayer.\" \/>\n<meta property=\"og:url\" content=\"https:\/\/arabian-mood.com\/de\/product\/unbezwingbare-pariser-ecke\/\" \/>\n<meta property=\"og:site_name\" content=\"Arabian Mood\" \/>\n<meta property=\"article:modified_time\" content=\"2025-12-03T16:25:39+00:00\" \/>\n<meta property=\"og:image\" content=\"https:\/\/arabian-mood.com\/wp-content\/uploads\/2025\/07\/indomitable-paris-corner.jpg\" \/>\n\t<meta property=\"og:image:width\" content=\"600\" \/>\n\t<meta property=\"og:image:height\" content=\"600\" \/>\n\t<meta property=\"og:image:type\" content=\"image\/jpeg\" \/>\n<meta name=\"twitter:card\" content=\"summary_large_image\" \/>\n<meta name=\"twitter:label1\" content=\"Gesch\u00e4tzte Lesezeit\" \/>\n\t<meta name=\"twitter:data1\" content=\"2\u00a0Minuten\" \/>\n<script type=\"application\/ld+json\" class=\"yoast-schema-graph\">{\"@context\":\"https:\\\/\\\/schema.org\",\"@graph\":[{\"@type\":\"WebPage\",\"@id\":\"https:\\\/\\\/arabian-mood.com\\\/produit\\\/indomitable-paris-corner\\\/\",\"url\":\"https:\\\/\\\/arabian-mood.com\\\/produit\\\/indomitable-paris-corner\\\/\",\"name\":\"Indomitable 100 ml | Paris Corner\",\"isPartOf\":{\"@id\":\"https:\\\/\\\/arabian-mood.com\\\/#website\"},\"primaryImageOfPage\":{\"@id\":\"https:\\\/\\\/arabian-mood.com\\\/produit\\\/indomitable-paris-corner\\\/#primaryimage\"},\"image\":{\"@id\":\"https:\\\/\\\/arabian-mood.com\\\/produit\\\/indomitable-paris-corner\\\/#primaryimage\"},\"thumbnailUrl\":\"https:\\\/\\\/arabian-mood.com\\\/wp-content\\\/uploads\\\/2025\\\/07\\\/indomitable-paris-corner.jpg\",\"datePublished\":\"2025-07-07T07:37:14+00:00\",\"dateModified\":\"2025-12-03T16:25:39+00:00\",\"description\":\"Envie d\u2019un parfum qui met de bonne humeur ? Indomitable Paris Corner m\u00eale fra\u00eecheur et caract\u00e8re. Une belle d\u00e9couverte \u00e0 petit prix, \u00e0 essayer.\",\"breadcrumb\":{\"@id\":\"https:\\\/\\\/arabian-mood.com\\\/produit\\\/indomitable-paris-corner\\\/#breadcrumb\"},\"inLanguage\":\"de\",\"potentialAction\":[{\"@type\":\"ReadAction\",\"target\":[\"https:\\\/\\\/arabian-mood.com\\\/produit\\\/indomitable-paris-corner\\\/\"]}]},{\"@type\":\"ImageObject\",\"inLanguage\":\"de\",\"@id\":\"https:\\\/\\\/arabian-mood.com\\\/produit\\\/indomitable-paris-corner\\\/#primaryimage\",\"url\":\"https:\\\/\\\/arabian-mood.com\\\/wp-content\\\/uploads\\\/2025\\\/07\\\/indomitable-paris-corner.jpg\",\"contentUrl\":\"https:\\\/\\\/arabian-mood.com\\\/wp-content\\\/uploads\\\/2025\\\/07\\\/indomitable-paris-corner.jpg\",\"width\":600,\"height\":600,\"caption\":\"indomitable paris corner\"},{\"@type\":\"BreadcrumbList\",\"@id\":\"https:\\\/\\\/arabian-mood.com\\\/produit\\\/indomitable-paris-corner\\\/#breadcrumb\",\"itemListElement\":[{\"@type\":\"ListItem\",\"position\":1,\"name\":\"Accueil\",\"item\":\"https:\\\/\\\/arabian-mood.com\\\/\"},{\"@type\":\"ListItem\",\"position\":2,\"name\":\"Boutique\",\"item\":\"https:\\\/\\\/arabian-mood.com\\\/boutique\\\/\"},{\"@type\":\"ListItem\",\"position\":3,\"name\":\"Indomitable 100 ml | Paris Corner\"}]},{\"@type\":\"WebSite\",\"@id\":\"https:\\\/\\\/arabian-mood.com\\\/#website\",\"url\":\"https:\\\/\\\/arabian-mood.com\\\/\",\"name\":\"Arabian Mood\",\"description\":\"\",\"publisher\":{\"@id\":\"https:\\\/\\\/arabian-mood.com\\\/#organization\"},\"potentialAction\":[{\"@type\":\"SearchAction\",\"target\":{\"@type\":\"EntryPoint\",\"urlTemplate\":\"https:\\\/\\\/arabian-mood.com\\\/?s={search_term_string}\"},\"query-input\":{\"@type\":\"PropertyValueSpecification\",\"valueRequired\":true,\"valueName\":\"search_term_string\"}}],\"inLanguage\":\"de\"},{\"@type\":\"Organization\",\"@id\":\"https:\\\/\\\/arabian-mood.com\\\/#organization\",\"name\":\"Arabian Mood\",\"url\":\"https:\\\/\\\/arabian-mood.com\\\/\",\"logo\":{\"@type\":\"ImageObject\",\"inLanguage\":\"de\",\"@id\":\"https:\\\/\\\/arabian-mood.com\\\/#\\\/schema\\\/logo\\\/image\\\/\",\"url\":\"https:\\\/\\\/arabian-mood.com\\\/wp-content\\\/uploads\\\/2024\\\/09\\\/Groupe-11304.svg\",\"contentUrl\":\"https:\\\/\\\/arabian-mood.com\\\/wp-content\\\/uploads\\\/2024\\\/09\\\/Groupe-11304.svg\",\"width\":214,\"height\":27,\"caption\":\"Arabian Mood\"},\"image\":{\"@id\":\"https:\\\/\\\/arabian-mood.com\\\/#\\\/schema\\\/logo\\\/image\\\/\"},\"sameAs\":[\"https:\\\/\\\/www.instagram.com\\\/arabianmoodofficiel\\\/\"]}]}<\/script>\n<!-- \/ Yoast SEO plugin. -->","yoast_head_json":{"title":"Unbeugsam 100 ml | Paris Corner","description":"Lust auf einen Duft, der gute Laune macht? Indomitable Paris Corner vereint Frische und Charakter. Eine sch\u00f6ne Entdeckung zu einem kleinen Preis, die man ausprobieren sollte.","robots":{"index":"index","follow":"follow","max-snippet":"max-snippet:-1","max-image-preview":"max-image-preview:large","max-video-preview":"max-video-preview:-1"},"canonical":"https:\/\/arabian-mood.com\/de\/product\/unbezwingbare-pariser-ecke\/","og_locale":"de_DE","og_type":"article","og_title":"Indomitable 100 ml | Paris Corner","og_description":"Envie d\u2019un parfum qui met de bonne humeur ? Indomitable Paris Corner m\u00eale fra\u00eecheur et caract\u00e8re. Une belle d\u00e9couverte \u00e0 petit prix, \u00e0 essayer.","og_url":"https:\/\/arabian-mood.com\/de\/product\/unbezwingbare-pariser-ecke\/","og_site_name":"Arabian Mood","article_modified_time":"2025-12-03T16:25:39+00:00","og_image":[{"width":600,"height":600,"url":"https:\/\/arabian-mood.com\/wp-content\/uploads\/2025\/07\/indomitable-paris-corner.jpg","type":"image\/jpeg"}],"twitter_card":"summary_large_image","twitter_misc":{"Gesch\u00e4tzte Lesezeit":"2\u00a0Minuten"},"schema":{"@context":"https:\/\/schema.org","@graph":[{"@type":"WebPage","@id":"https:\/\/arabian-mood.com\/produit\/indomitable-paris-corner\/","url":"https:\/\/arabian-mood.com\/produit\/indomitable-paris-corner\/","name":"Unbeugsam 100 ml | Paris Corner","isPartOf":{"@id":"https:\/\/arabian-mood.com\/#website"},"primaryImageOfPage":{"@id":"https:\/\/arabian-mood.com\/produit\/indomitable-paris-corner\/#primaryimage"},"image":{"@id":"https:\/\/arabian-mood.com\/produit\/indomitable-paris-corner\/#primaryimage"},"thumbnailUrl":"https:\/\/arabian-mood.com\/wp-content\/uploads\/2025\/07\/indomitable-paris-corner.jpg","datePublished":"2025-07-07T07:37:14+00:00","dateModified":"2025-12-03T16:25:39+00:00","description":"Lust auf einen Duft, der gute Laune macht? Indomitable Paris Corner vereint Frische und Charakter. Eine sch\u00f6ne Entdeckung zu einem kleinen Preis, die man ausprobieren sollte.","breadcrumb":{"@id":"https:\/\/arabian-mood.com\/produit\/indomitable-paris-corner\/#breadcrumb"},"inLanguage":"de","potentialAction":[{"@type":"ReadAction","target":["https:\/\/arabian-mood.com\/produit\/indomitable-paris-corner\/"]}]},{"@type":"ImageObject","inLanguage":"de","@id":"https:\/\/arabian-mood.com\/produit\/indomitable-paris-corner\/#primaryimage","url":"https:\/\/arabian-mood.com\/wp-content\/uploads\/2025\/07\/indomitable-paris-corner.jpg","contentUrl":"https:\/\/arabian-mood.com\/wp-content\/uploads\/2025\/07\/indomitable-paris-corner.jpg","width":600,"height":600,"caption":"indomitable paris corner"},{"@type":"BreadcrumbList","@id":"https:\/\/arabian-mood.com\/produit\/indomitable-paris-corner\/#breadcrumb","itemListElement":[{"@type":"ListItem","position":1,"name":"Accueil","item":"https:\/\/arabian-mood.com\/"},{"@type":"ListItem","position":2,"name":"Boutique","item":"https:\/\/arabian-mood.com\/boutique\/"},{"@type":"ListItem","position":3,"name":"Indomitable 100 ml | Paris Corner"}]},{"@type":"WebSite","@id":"https:\/\/arabian-mood.com\/#website","url":"https:\/\/arabian-mood.com\/","name":"Arabische Stimmung","description":"","publisher":{"@id":"https:\/\/arabian-mood.com\/#organization"},"potentialAction":[{"@type":"SearchAction","target":{"@type":"EntryPoint","urlTemplate":"https:\/\/arabian-mood.com\/?s={search_term_string}"},"query-input":{"@type":"PropertyValueSpecification","valueRequired":true,"valueName":"search_term_string"}}],"inLanguage":"de"},{"@type":"Organization","@id":"https:\/\/arabian-mood.com\/#organization","name":"Arabische Stimmung","url":"https:\/\/arabian-mood.com\/","logo":{"@type":"ImageObject","inLanguage":"de","@id":"https:\/\/arabian-mood.com\/#\/schema\/logo\/image\/","url":"https:\/\/arabian-mood.com\/wp-content\/uploads\/2024\/09\/Groupe-11304.svg","contentUrl":"https:\/\/arabian-mood.com\/wp-content\/uploads\/2024\/09\/Groupe-11304.svg","width":214,"height":27,"caption":"Arabian Mood"},"image":{"@id":"https:\/\/arabian-mood.com\/#\/schema\/logo\/image\/"},"sameAs":["https:\/\/www.instagram.com\/arabianmoodofficiel\/"]}]}},"_links":{"self":[{"href":"https:\/\/arabian-mood.com\/de\/wp-json\/wp\/v2\/product\/9430","targetHints":{"allow":["GET"]}}],"collection":[{"href":"https:\/\/arabian-mood.com\/de\/wp-json\/wp\/v2\/product"}],"about":[{"href":"https:\/\/arabian-mood.com\/de\/wp-json\/wp\/v2\/types\/product"}],"wp:featuredmedia":[{"embeddable":true,"href":"https:\/\/arabian-mood.com\/de\/wp-json\/wp\/v2\/media\/9431"}],"wp:attachment":[{"href":"https:\/\/arabian-mood.com\/de\/wp-json\/wp\/v2\/media?parent=9430"}],"wp:term":[{"taxonomy":"product_brand","embeddable":true,"href":"https:\/\/arabian-mood.com\/de\/wp-json\/wp\/v2\/product_brand?post=9430"},{"taxonomy":"product_cat","embeddable":true,"href":"https:\/\/arabian-mood.com\/de\/wp-json\/wp\/v2\/product_cat?post=9430"},{"taxonomy":"product_tag","embeddable":true,"href":"https:\/\/arabian-mood.com\/de\/wp-json\/wp\/v2\/product_tag?post=9430"}],"curies":[{"name":"wp","href":"https:\/\/api.w.org\/{rel}","templated":true}]}}