{"id":9721,"date":"2025-09-18T19:22:50","date_gmt":"2025-09-18T17:22:50","guid":{"rendered":"https:\/\/arabian-mood.com\/?post_type=product&#038;p=9721"},"modified":"2026-01-06T11:55:48","modified_gmt":"2026-01-06T10:55:48","slug":"eau-de-parfum-nebras-elixir","status":"publish","type":"product","link":"https:\/\/arabian-mood.com\/de\/produit\/eau-de-parfum-nebras-elixir\/","title":{"rendered":"Eau de Parfum Nebras \u00c9lixir 100 ml \u2013 Lattafa"},"content":{"rendered":"<p><strong>Lattafa<\/strong> hat gerade eine Neuheit vorgestellt, der eine gl\u00e4nzende Zukunft beschieden ist. Dieser neue Duft riecht so gut wie ein Luxusdessert. Sichern Sie sich <strong>Nebras Elixier<\/strong> German <strong>Lattafa Pride<\/strong> vor allen anderen. Tats\u00e4chlich ist diese olfaktorische Exklusivit\u00e4t derzeit nur bei Arabian Mood erh\u00e4ltlich. Seine cremigen und s\u00fc\u00dfen Noten werden jeden Ihrer Tage zu einem Moment puren Vergn\u00fcgens machen.<\/p>\n<h2>Nebras \u00c9lixir, der Gourmetduft, der Ihre Kindheitserinnerungen weckt<\/h2>\n<p>Die Geschichte beginnt zuerst mit dem <strong>Bonbon<\/strong>, le <strong>Milch<\/strong> und die <strong>Creme<\/strong> die sich zu einer k\u00f6stlichen Kopfnote vermischen. Doch diese Gourmandise bleibt elegant und niemals vulg\u00e4r.<\/p>\n<p>Viele entdecken diesen Duft zuf\u00e4llig und sind sofort verzaubert. Seine einzigartige Pers\u00f6nlichkeit bleibt im Ged\u00e4chtnis, weit \u00fcber die \u00fcberall erh\u00e4ltlichen klassischen D\u00fcfte hinaus.<\/p>\n<h3>Lattafa Pride : eine aufstrebende Marke<\/h3>\n<p>Lattafa hat sich heute als Referenz in der Welt erschwinglicher orientalischer Parfums etabliert. Diese Marke versteht vollkommen, was Liebhaber sch\u00f6ner D\u00fcfte suchen, ohne dabei ein Verm\u00f6gen ausgeben zu m\u00fcssen.<\/p>\n<p>Nebras \u00c9lixir passt perfekt zu dieser Philosophie. Ein Qualit\u00e4tsduft mit hochwertigen Rohstoffen, angeboten zu einem unschlagbaren Preis.<\/p>\n<h3>Wie entwickelt sich das Parf\u00fcm Nebras \u00c9lixir auf Ihrer Haut?<\/h3>\n<p>Erstkontakt: diese ber\u00fchmten <strong>milchige Noten<\/strong> die \u00fcberraschen und verf\u00fchren. Dann die\u2019<strong>Heliotrop<\/strong> tritt auf und bringt eine sehr feminine, pudrige Dimension. Die <strong>Zuckerrohr<\/strong> erh\u00e4lt diesen Eindruck von absoluter Weichheit.<\/p>\n<p>Nach ein paar Stunden\u2019<strong>Ambroxan<\/strong> offenbart sich. Dieses moderne Molek\u00fcl verleiht dem Parf\u00fcm eine unerwartete Tiefe. <strong>Vanille<\/strong> und das <strong>Musk<\/strong> f\u00fcllen diese Basis anschlie\u00dfend mit Sinnlichkeit und Halt auf.<\/p>\n<h3>Wer sollte sich f\u00fcr Nebras \u00c9lixir entscheiden?<\/h3>\n<p>Dieser Duft findet Anklang bei Menschen, die ihre s\u00fc\u00dfe Seite annehmen. M\u00e4nner und Frauen gleicherma\u00dfen sch\u00e4tzen diesen Unisex-Duft mit seinem <strong><a href=\"https:\/\/arabian-mood.com\/de\/product\/minya-lush-coco-paris-corner\/\">Minya Lush Coco<\/a><\/strong>. Sicherlich, die Liebhaber <strong>orientalische Parf\u00fcms<\/strong> y finden ihr Gl\u00fcck, aber nicht nur. Auch wer normalerweise eher klassische D\u00fcfte bevorzugt, l\u00e4sst sich oft von seiner Originalit\u00e4t verf\u00fchren.<\/p>\n<p>Porter Nebras \u00c9lixir und g\u00f6nnen Sie sich eine Blase des Wohlbefindens. Jeder Atemzug erinnert an die einfachen Freuden des Lebens. Dieses beruhigende Gef\u00fchl begleitet Sie ganz nat\u00fcrlich durch Ihren Tag.<\/p>","protected":false},"excerpt":{"rendered":"<section class=\"elementor-section elementor-inner-section elementor-element elementor-element-bd10d66 elementor-section-boxed elementor-section-height-default elementor-section-height-default\" data-id=\"bd10d66\" data-element_type=\"section\">\n<div class=\"elementor-container elementor-column-gap-default\">\n<div class=\"elementor-column elementor-col-100 elementor-inner-column elementor-element elementor-element-40f0694\" data-id=\"40f0694\" data-element_type=\"column\">\n<div class=\"elementor-widget-wrap elementor-element-populated\">\n<div class=\"elementor-element elementor-element-c183d55 elementor-widget elementor-widget-woocommerce-product-short-description\" data-id=\"c183d55\" data-element_type=\"widget\" data-widget_type=\"woocommerce-product-short-description.default\">\n<div class=\"elementor-widget-container\">\n<div class=\"woocommerce-product-details__short-description\">\n<section class=\"elementor-section elementor-inner-section elementor-element elementor-element-bd10d66 elementor-section-boxed elementor-section-height-default elementor-section-height-default\" data-id=\"bd10d66\" data-element_type=\"section\">\n<div class=\"elementor-container elementor-column-gap-default\">\n<div class=\"elementor-column elementor-col-100 elementor-inner-column elementor-element elementor-element-40f0694\" data-id=\"40f0694\" data-element_type=\"column\">\n<div class=\"elementor-widget-wrap elementor-element-populated\">\n<div class=\"elementor-element elementor-element-c183d55 elementor-widget elementor-widget-woocommerce-product-short-description\" data-id=\"c183d55\" data-element_type=\"widget\" data-widget_type=\"woocommerce-product-short-description.default\">\n<div class=\"elementor-widget-container\">\n<div class=\"woocommerce-product-details__short-description\">\n<p><strong>Kopfnote<\/strong> Bonbon, Creme, Milch.<br \/>\n<strong>Herznote<\/strong> Zuckerrohr, Heliotrop.<br \/>\n<strong>Hintergrundnotiz<\/strong> Ambroxan, Moschus, Vanille.<\/p>\n<\/div>\n<\/div>\n<\/div>\n<\/div>\n<\/div>\n<\/div>\n<\/section>\n<\/div>\n<\/div>\n<\/div>\n<\/div>\n<\/div>\n<\/div>\n<\/section>","protected":false},"featured_media":9722,"template":"","meta":[],"product_brand":[],"product_cat":[518,590,433],"product_tag":[],"class_list":{"0":"post-9721","1":"product","2":"type-product","3":"status-publish","4":"has-post-thumbnail","6":"product_cat-lattafa","7":"product_cat-parfum-dubai-mixte","8":"product_cat-parfums-de-dubai","10":"first","11":"instock","12":"sale","13":"taxable","14":"shipping-taxable","15":"purchasable","16":"product-type-simple"},"yoast_head":"<!-- This site is optimized with the Yoast SEO plugin v27.4 - https:\/\/yoast.com\/product\/yoast-seo-wordpress\/ -->\n<title>Eau de parfum Nebras \u00c9lixir 100 ml - Lattafa<\/title>\n<meta name=\"description\" content=\"D\u00e9couvrez l&#039;Nebras \u00c9lixir Lattafa Pride, un parfum gourmand \u00e0 base de vanille et de musc. Best-seller \u00e0 prix mini. Commandez maintenant !\" \/>\n<meta name=\"robots\" content=\"index, follow, max-snippet:-1, max-image-preview:large, max-video-preview:-1\" \/>\n<link rel=\"canonical\" href=\"https:\/\/arabian-mood.com\/de\/product\/eau-de-parfum-nebras-elixir\/\" \/>\n<meta property=\"og:locale\" content=\"de_DE\" \/>\n<meta property=\"og:type\" content=\"article\" \/>\n<meta property=\"og:title\" content=\"Eau de parfum Nebras \u00c9lixir 100 ml - Lattafa\" \/>\n<meta property=\"og:description\" content=\"D\u00e9couvrez l&#039;Nebras \u00c9lixir Lattafa Pride, un parfum gourmand \u00e0 base de vanille et de musc. Best-seller \u00e0 prix mini. Commandez maintenant !\" \/>\n<meta property=\"og:url\" content=\"https:\/\/arabian-mood.com\/de\/product\/eau-de-parfum-nebras-elixir\/\" \/>\n<meta property=\"og:site_name\" content=\"Arabian Mood\" \/>\n<meta property=\"article:modified_time\" content=\"2026-01-06T10:55:48+00:00\" \/>\n<meta property=\"og:image\" content=\"https:\/\/arabian-mood.com\/wp-content\/uploads\/2025\/09\/nebras-elixir-lattafa.jpg\" \/>\n\t<meta property=\"og:image:width\" content=\"600\" \/>\n\t<meta property=\"og:image:height\" content=\"600\" \/>\n\t<meta property=\"og:image:type\" content=\"image\/jpeg\" \/>\n<meta name=\"twitter:card\" content=\"summary_large_image\" \/>\n<meta name=\"twitter:label1\" content=\"Gesch\u00e4tzte Lesezeit\" \/>\n\t<meta name=\"twitter:data1\" content=\"2\u00a0Minuten\" \/>\n<script type=\"application\/ld+json\" class=\"yoast-schema-graph\">{\"@context\":\"https:\\\/\\\/schema.org\",\"@graph\":[{\"@type\":\"WebPage\",\"@id\":\"https:\\\/\\\/arabian-mood.com\\\/produit\\\/eau-de-parfum-nebras-elixir\\\/\",\"url\":\"https:\\\/\\\/arabian-mood.com\\\/produit\\\/eau-de-parfum-nebras-elixir\\\/\",\"name\":\"Eau de parfum Nebras \u00c9lixir 100 ml - Lattafa\",\"isPartOf\":{\"@id\":\"https:\\\/\\\/arabian-mood.com\\\/#website\"},\"primaryImageOfPage\":{\"@id\":\"https:\\\/\\\/arabian-mood.com\\\/produit\\\/eau-de-parfum-nebras-elixir\\\/#primaryimage\"},\"image\":{\"@id\":\"https:\\\/\\\/arabian-mood.com\\\/produit\\\/eau-de-parfum-nebras-elixir\\\/#primaryimage\"},\"thumbnailUrl\":\"https:\\\/\\\/arabian-mood.com\\\/wp-content\\\/uploads\\\/2025\\\/09\\\/nebras-elixir-lattafa.jpg\",\"datePublished\":\"2025-09-18T17:22:50+00:00\",\"dateModified\":\"2026-01-06T10:55:48+00:00\",\"description\":\"D\u00e9couvrez l'Nebras \u00c9lixir Lattafa Pride, un parfum gourmand \u00e0 base de vanille et de musc. Best-seller \u00e0 prix mini. Commandez maintenant !\",\"breadcrumb\":{\"@id\":\"https:\\\/\\\/arabian-mood.com\\\/produit\\\/eau-de-parfum-nebras-elixir\\\/#breadcrumb\"},\"inLanguage\":\"de\",\"potentialAction\":[{\"@type\":\"ReadAction\",\"target\":[\"https:\\\/\\\/arabian-mood.com\\\/produit\\\/eau-de-parfum-nebras-elixir\\\/\"]}]},{\"@type\":\"ImageObject\",\"inLanguage\":\"de\",\"@id\":\"https:\\\/\\\/arabian-mood.com\\\/produit\\\/eau-de-parfum-nebras-elixir\\\/#primaryimage\",\"url\":\"https:\\\/\\\/arabian-mood.com\\\/wp-content\\\/uploads\\\/2025\\\/09\\\/nebras-elixir-lattafa.jpg\",\"contentUrl\":\"https:\\\/\\\/arabian-mood.com\\\/wp-content\\\/uploads\\\/2025\\\/09\\\/nebras-elixir-lattafa.jpg\",\"width\":600,\"height\":600,\"caption\":\"Nebras Elixir Lattafa\"},{\"@type\":\"BreadcrumbList\",\"@id\":\"https:\\\/\\\/arabian-mood.com\\\/produit\\\/eau-de-parfum-nebras-elixir\\\/#breadcrumb\",\"itemListElement\":[{\"@type\":\"ListItem\",\"position\":1,\"name\":\"Accueil\",\"item\":\"https:\\\/\\\/arabian-mood.com\\\/\"},{\"@type\":\"ListItem\",\"position\":2,\"name\":\"Boutique\",\"item\":\"https:\\\/\\\/arabian-mood.com\\\/boutique\\\/\"},{\"@type\":\"ListItem\",\"position\":3,\"name\":\"Eau de parfum Nebras \u00c9lixir 100 ml &#8211; Lattafa\"}]},{\"@type\":\"WebSite\",\"@id\":\"https:\\\/\\\/arabian-mood.com\\\/#website\",\"url\":\"https:\\\/\\\/arabian-mood.com\\\/\",\"name\":\"Arabian Mood\",\"description\":\"\",\"publisher\":{\"@id\":\"https:\\\/\\\/arabian-mood.com\\\/#organization\"},\"potentialAction\":[{\"@type\":\"SearchAction\",\"target\":{\"@type\":\"EntryPoint\",\"urlTemplate\":\"https:\\\/\\\/arabian-mood.com\\\/?s={search_term_string}\"},\"query-input\":{\"@type\":\"PropertyValueSpecification\",\"valueRequired\":true,\"valueName\":\"search_term_string\"}}],\"inLanguage\":\"de\"},{\"@type\":\"Organization\",\"@id\":\"https:\\\/\\\/arabian-mood.com\\\/#organization\",\"name\":\"Arabian Mood\",\"url\":\"https:\\\/\\\/arabian-mood.com\\\/\",\"logo\":{\"@type\":\"ImageObject\",\"inLanguage\":\"de\",\"@id\":\"https:\\\/\\\/arabian-mood.com\\\/#\\\/schema\\\/logo\\\/image\\\/\",\"url\":\"https:\\\/\\\/arabian-mood.com\\\/wp-content\\\/uploads\\\/2024\\\/09\\\/Groupe-11304.svg\",\"contentUrl\":\"https:\\\/\\\/arabian-mood.com\\\/wp-content\\\/uploads\\\/2024\\\/09\\\/Groupe-11304.svg\",\"width\":214,\"height\":27,\"caption\":\"Arabian Mood\"},\"image\":{\"@id\":\"https:\\\/\\\/arabian-mood.com\\\/#\\\/schema\\\/logo\\\/image\\\/\"},\"sameAs\":[\"https:\\\/\\\/www.instagram.com\\\/arabianmoodofficiel\\\/\"]}]}<\/script>\n<!-- \/ Yoast SEO plugin. -->","yoast_head_json":{"title":"Eau de Parfum Nebras \u00c9lixir 100 ml - Lattafa","description":"Entdecken Sie das Lattafa Pride Nebras \u00c9lixir, einen Gourmetduft auf Basis von Vanille und Moschus. Bestseller zu einem kleinen Preis. Bestellen Sie jetzt!","robots":{"index":"index","follow":"follow","max-snippet":"max-snippet:-1","max-image-preview":"max-image-preview:large","max-video-preview":"max-video-preview:-1"},"canonical":"https:\/\/arabian-mood.com\/de\/product\/eau-de-parfum-nebras-elixir\/","og_locale":"de_DE","og_type":"article","og_title":"Eau de parfum Nebras \u00c9lixir 100 ml - Lattafa","og_description":"D\u00e9couvrez l'Nebras \u00c9lixir Lattafa Pride, un parfum gourmand \u00e0 base de vanille et de musc. Best-seller \u00e0 prix mini. Commandez maintenant !","og_url":"https:\/\/arabian-mood.com\/de\/product\/eau-de-parfum-nebras-elixir\/","og_site_name":"Arabian Mood","article_modified_time":"2026-01-06T10:55:48+00:00","og_image":[{"width":600,"height":600,"url":"https:\/\/arabian-mood.com\/wp-content\/uploads\/2025\/09\/nebras-elixir-lattafa.jpg","type":"image\/jpeg"}],"twitter_card":"summary_large_image","twitter_misc":{"Gesch\u00e4tzte Lesezeit":"2\u00a0Minuten"},"schema":{"@context":"https:\/\/schema.org","@graph":[{"@type":"WebPage","@id":"https:\/\/arabian-mood.com\/produit\/eau-de-parfum-nebras-elixir\/","url":"https:\/\/arabian-mood.com\/produit\/eau-de-parfum-nebras-elixir\/","name":"Eau de Parfum Nebras \u00c9lixir 100 ml - Lattafa","isPartOf":{"@id":"https:\/\/arabian-mood.com\/#website"},"primaryImageOfPage":{"@id":"https:\/\/arabian-mood.com\/produit\/eau-de-parfum-nebras-elixir\/#primaryimage"},"image":{"@id":"https:\/\/arabian-mood.com\/produit\/eau-de-parfum-nebras-elixir\/#primaryimage"},"thumbnailUrl":"https:\/\/arabian-mood.com\/wp-content\/uploads\/2025\/09\/nebras-elixir-lattafa.jpg","datePublished":"2025-09-18T17:22:50+00:00","dateModified":"2026-01-06T10:55:48+00:00","description":"Entdecken Sie das Lattafa Pride Nebras \u00c9lixir, einen Gourmetduft auf Basis von Vanille und Moschus. Bestseller zu einem kleinen Preis. Bestellen Sie jetzt!","breadcrumb":{"@id":"https:\/\/arabian-mood.com\/produit\/eau-de-parfum-nebras-elixir\/#breadcrumb"},"inLanguage":"de","potentialAction":[{"@type":"ReadAction","target":["https:\/\/arabian-mood.com\/produit\/eau-de-parfum-nebras-elixir\/"]}]},{"@type":"ImageObject","inLanguage":"de","@id":"https:\/\/arabian-mood.com\/produit\/eau-de-parfum-nebras-elixir\/#primaryimage","url":"https:\/\/arabian-mood.com\/wp-content\/uploads\/2025\/09\/nebras-elixir-lattafa.jpg","contentUrl":"https:\/\/arabian-mood.com\/wp-content\/uploads\/2025\/09\/nebras-elixir-lattafa.jpg","width":600,"height":600,"caption":"Nebras Elixir Lattafa"},{"@type":"BreadcrumbList","@id":"https:\/\/arabian-mood.com\/produit\/eau-de-parfum-nebras-elixir\/#breadcrumb","itemListElement":[{"@type":"ListItem","position":1,"name":"Accueil","item":"https:\/\/arabian-mood.com\/"},{"@type":"ListItem","position":2,"name":"Boutique","item":"https:\/\/arabian-mood.com\/boutique\/"},{"@type":"ListItem","position":3,"name":"Eau de parfum Nebras \u00c9lixir 100 ml &#8211; Lattafa"}]},{"@type":"WebSite","@id":"https:\/\/arabian-mood.com\/#website","url":"https:\/\/arabian-mood.com\/","name":"Arabische Stimmung","description":"","publisher":{"@id":"https:\/\/arabian-mood.com\/#organization"},"potentialAction":[{"@type":"SearchAction","target":{"@type":"EntryPoint","urlTemplate":"https:\/\/arabian-mood.com\/?s={search_term_string}"},"query-input":{"@type":"PropertyValueSpecification","valueRequired":true,"valueName":"search_term_string"}}],"inLanguage":"de"},{"@type":"Organization","@id":"https:\/\/arabian-mood.com\/#organization","name":"Arabische Stimmung","url":"https:\/\/arabian-mood.com\/","logo":{"@type":"ImageObject","inLanguage":"de","@id":"https:\/\/arabian-mood.com\/#\/schema\/logo\/image\/","url":"https:\/\/arabian-mood.com\/wp-content\/uploads\/2024\/09\/Groupe-11304.svg","contentUrl":"https:\/\/arabian-mood.com\/wp-content\/uploads\/2024\/09\/Groupe-11304.svg","width":214,"height":27,"caption":"Arabian Mood"},"image":{"@id":"https:\/\/arabian-mood.com\/#\/schema\/logo\/image\/"},"sameAs":["https:\/\/www.instagram.com\/arabianmoodofficiel\/"]}]}},"_links":{"self":[{"href":"https:\/\/arabian-mood.com\/de\/wp-json\/wp\/v2\/product\/9721","targetHints":{"allow":["GET"]}}],"collection":[{"href":"https:\/\/arabian-mood.com\/de\/wp-json\/wp\/v2\/product"}],"about":[{"href":"https:\/\/arabian-mood.com\/de\/wp-json\/wp\/v2\/types\/product"}],"wp:featuredmedia":[{"embeddable":true,"href":"https:\/\/arabian-mood.com\/de\/wp-json\/wp\/v2\/media\/9722"}],"wp:attachment":[{"href":"https:\/\/arabian-mood.com\/de\/wp-json\/wp\/v2\/media?parent=9721"}],"wp:term":[{"taxonomy":"product_brand","embeddable":true,"href":"https:\/\/arabian-mood.com\/de\/wp-json\/wp\/v2\/product_brand?post=9721"},{"taxonomy":"product_cat","embeddable":true,"href":"https:\/\/arabian-mood.com\/de\/wp-json\/wp\/v2\/product_cat?post=9721"},{"taxonomy":"product_tag","embeddable":true,"href":"https:\/\/arabian-mood.com\/de\/wp-json\/wp\/v2\/product_tag?post=9721"}],"curies":[{"name":"wp","href":"https:\/\/api.w.org\/{rel}","templated":true}]}}