{"id":9736,"date":"2025-09-22T14:50:03","date_gmt":"2025-09-22T12:50:03","guid":{"rendered":"https:\/\/arabian-mood.com\/?post_type=product&#038;p=9736"},"modified":"2026-01-06T11:55:35","modified_gmt":"2026-01-06T10:55:35","slug":"eau-de-parfum-azm-100ml-paris-corner","status":"publish","type":"product","link":"https:\/\/arabian-mood.com\/de\/produit\/eau-de-parfum-azm-100ml-paris-corner\/","title":{"rendered":"Eau de Parfum AZM 100ml \u2013 Paris Corner"},"content":{"rendered":"<section class=\"about-us\">Die Marke Paris Corner hat gerade einen starken Auftritt hingelegt mit <strong>AZM Pariser Ecke<\/strong>, das ist der brandneue Duft, der bereits f\u00fcr Aufsehen sorgt. 2025 auf den Markt gebracht, ist dieser <strong>gemischte D\u00fcfte<\/strong> verspricht ein originelles Dufterlebnis zu einem erschwinglichen Preis. Aber h\u00e4lt es wirklich, was es verspricht? Wir sagen Ihnen alles.<\/p>\n<h2>Warum sorgt das Parfum AZM Paris Corner f\u00fcr so viel Begeisterung?<\/h2>\n<p>Seit seiner Ver\u00f6ffentlichung ist AZM von Paris Corner in den sozialen Netzwerken ein voller Erfolg. Der Grund? Dieses <strong>Eau de Parfum unisex<\/strong> Kombination aus selten zusammen vorkommenden Noten: saftige Fr\u00fcchte, zarte Blumen und warme H\u00f6lzer. Alles in einer 100-ml-Flasche, die nicht die Welt kostet.<\/p>\n<p>Paris Corner ist keine einmalige Angelegenheit. Dieses Haus mit Sitz in <strong>Dubai<\/strong> ist tats\u00e4chlich daf\u00fcr bekannt, zu erstellen <strong>orientalische Parf\u00fcms<\/strong> Qualit\u00e4t ohne \u00fcberh\u00f6hte Preise. Mit AZM zielt die Marke klar auf ein junges Publikum ab, das sich abheben m\u00f6chte, ohne sich zu ruinieren.<\/p>\n<h3>Wie riecht der neue Duft AZM Paris Corner genau?<\/h3>\n<p>Schon bei der ersten Anwendung besticht er durch seine ultra-frischen Fruchtnoten. <strong>Fischen<\/strong>, <strong>Birne<\/strong> und <strong>Mandarine<\/strong> erzeugen Sie eine energische Er\u00f6ffnung, die durch einen Hauch von <strong>Rum<\/strong> \u00fcberraschend, aber nicht unangenehm.<\/p>\n<p>Nach ein paar Minuten werden die Dinge weicher. Die <strong>Tuberose<\/strong> und das <strong>Jasmin<\/strong> \u00fcbernehmen mit ihren sinnlichen florale Noten. Hier zeigt das AZM Paris Corner Eau de Parfum seine Unisex-Note: weder zu feminin noch zu maskulin.<\/p>\n<p>Abschlie\u00dfend, <strong>Sandelholz<\/strong>, <strong>Vanille<\/strong>, <strong>Musk<\/strong> und <strong>Vetiver<\/strong> verbinden sich, um einen Duft zu kreieren, der den ganzen Tag h\u00e4lt. Nicht schlecht f\u00fcr ein Parf\u00fcm zum Schn\u00e4ppchenpreis.<\/p>\n<h3>AZM Paris Corner passt sich jeder Haut an<\/h3>\n<p>Wissen Sie auch, dass dieser Duft je nach Tr\u00e4ger unterschiedlich riecht. Auf manchen H\u00e4uten dominieren die fruchtigen Noten. Auf anderen kommt eher die holzige Seite zum Vorschein. Diese Anpassungsf\u00e4higkeit macht \u00fcbrigens den ganzen Charme moderner Unisex-D\u00fcfte aus.<\/p>\n<p>Mann oder Frau, egal. AZM Paris Corner setzt auf totale Inklusivit\u00e4t. Sie k\u00f6nnen es sogar mit Ihrem Partner teilen oder es ohne Stress verschenken, da es f\u00fcr wirklich jeden geeignet ist. Praktisch und wirtschaftlich.<\/p>\n<h2>Wie lange h\u00e4lt es auf der Haut?<\/h2>\n<p>Aber verfliegt dieser Unisex-Duft in zwei Stunden wie manche anderen? <strong>g\u00fcnstige Parf\u00fcms<\/strong> Gute Nachrichten: Die Haltbarkeit ist eher gut. Je nach Hauttyp rechnest du mit 6 bis 9 Stunden.<\/p>\n<p>Auf fettiger oder trockener Haut h\u00e4lt er zwar weniger lange. Aber er ist trotzdem recht leistungsf\u00e4hig! Seine lange Haltbarkeit erkl\u00e4rt sich durch die super anhaltenden Basisnoten. Moschus und Sandelholz haften wirklich auf der Haut und strahlen selbst am Ende des Tages noch aus. Ein Pluspunkt f\u00fcr den neuen Duft von AZM Paris Corner.<\/p>\n<p>Dieser Neuanfang ist also die Gelegenheit f\u00fcr Sie, Ihr <strong>pers\u00f6nliche Parf\u00fcmsammlung<\/strong>. Und das Mindeste, was man sagen kann, ist, dass Paris Corner nicht unt\u00e4tig war. Tats\u00e4chlich beschr\u00e4nken sich seine Neuheiten nicht nur auf AZM. Zum Beispiel, meine Damen, k\u00f6nnen Sie auch entdecken\u00a0<a href=\"https:\/\/arabian-mood.com\/de\/product\/eau-de-parfum-qissa-gala-paris-corner\/\"><strong>Qissa Gala<\/strong><\/a>, das Parf\u00fcm, das Ihre Tage erhellt!<\/p>\n<h3>Kaufen Sie es zum besten Preis bei Arabian Mood!<\/h3>\n<p>Vorsicht <strong>Duplikate<\/strong> die bereits im Umlauf sind. Um die echte Version zu kaufen, bevorzugen Sie\u00a0<a href=\"https:\/\/arabian-mood.com\/de\/\"><strong>Arabische Stimmung<\/strong><\/a>, die <strong>vertrauensw\u00fcrdige Parf\u00fcmerie spezialisiert auf orientalische D\u00fcfte<\/strong>.<\/p>\n<p>Das 100-ml-Format ist gro\u00dfz\u00fcgig und sollte Ihnen selbst bei t\u00e4glicher Anwendung mehrere Monate reichen. Die Flasche ist schlicht, aber edel, mit einem gut dosierenden Spray. Nichts Auff\u00e4lliges, aber solide.<\/p>\n<h3>Endg\u00fcltiges Urteil \u00fcber AZM Paris Corner, Neuheit f\u00fcr Herbst 2025<\/h3>\n<p>Was <strong>Dubai-Parf\u00fcm<\/strong> erf\u00fcllt seinen Zweck. F\u00fcr diejenigen, die einen originellen, vielseitigen und erschwinglichen Duft suchen, ist dies eine ausgezeichnete Wahl. Die Komposition ist ausgewogen, die Haltbarkeit zufriedenstellend und der Unisex-Ansatz h\u00e4lt, was er verspricht.<\/p>\n<p>Einziger kleiner Nachteil: auf mancher Haut, die <strong>fruchtige Noten<\/strong> k\u00f6nnen am Anfang etwas zu dominant sein. Aber das gleicht sich schnell aus. Alles in allem ist Paris Corner hier ein erfolgreicher Start gelungen, der definitiv Ihre Aufmerksamkeit verdient. Lust auf AZM Paris Corner? Legen Sie los, Ihre Nase wird nicht entt\u00e4uscht sein.<\/p>\n<\/section>","protected":false},"excerpt":{"rendered":"<p><strong>Kopfnote<\/strong> Mandarine, Pfirsich, Birne, Rum.<br \/>\n<strong>Herznote<\/strong> Jasmin, Tuberose.<br \/>\n<strong>Hintergrundnotiz<\/strong> Sandelholz, Moschus, Vanille, Vetiver.<\/p>","protected":false},"featured_media":9750,"template":"","meta":[],"product_brand":[],"product_cat":[590,433,523],"product_tag":[],"class_list":{"0":"post-9736","1":"product","2":"type-product","3":"status-publish","4":"has-post-thumbnail","6":"product_cat-parfum-dubai-mixte","7":"product_cat-parfums-de-dubai","8":"product_cat-paris-corner","10":"first","11":"instock","12":"sale","13":"taxable","14":"shipping-taxable","15":"purchasable","16":"product-type-simple"},"yoast_head":"<!-- This site is optimized with the Yoast SEO plugin v27.6 - https:\/\/yoast.com\/product\/yoast-seo-wordpress\/ -->\n<title>Eau de parfum AZM 100ml \u2013 Paris Corner<\/title>\n<meta name=\"description\" content=\"D\u00e9couvrez AZM Paris Corner, un parfum mixte floral fruit\u00e9 lanc\u00e9 en 2025, id\u00e9al pour ceux qui aiment les senteurs fra\u00eeches et raffin\u00e9es.\" \/>\n<meta name=\"robots\" content=\"index, follow, max-snippet:-1, max-image-preview:large, max-video-preview:-1\" \/>\n<link rel=\"canonical\" href=\"https:\/\/arabian-mood.com\/de\/product\/eau-de-parfum-azm-100ml-paris-corner\/\" \/>\n<meta property=\"og:locale\" content=\"de_DE\" \/>\n<meta property=\"og:type\" content=\"article\" \/>\n<meta property=\"og:title\" content=\"Eau de parfum AZM 100ml \u2013 Paris Corner\" \/>\n<meta property=\"og:description\" content=\"D\u00e9couvrez AZM Paris Corner, un parfum mixte floral fruit\u00e9 lanc\u00e9 en 2025, id\u00e9al pour ceux qui aiment les senteurs fra\u00eeches et raffin\u00e9es.\" \/>\n<meta property=\"og:url\" content=\"https:\/\/arabian-mood.com\/de\/product\/eau-de-parfum-azm-100ml-paris-corner\/\" \/>\n<meta property=\"og:site_name\" content=\"Arabian Mood\" \/>\n<meta property=\"article:modified_time\" content=\"2026-01-06T10:55:35+00:00\" \/>\n<meta property=\"og:image\" content=\"https:\/\/arabian-mood.com\/wp-content\/uploads\/2025\/09\/AZM-paris-corner.jpg\" \/>\n\t<meta property=\"og:image:width\" content=\"600\" \/>\n\t<meta property=\"og:image:height\" content=\"600\" \/>\n\t<meta property=\"og:image:type\" content=\"image\/jpeg\" \/>\n<meta name=\"twitter:card\" content=\"summary_large_image\" \/>\n<meta name=\"twitter:label1\" content=\"Gesch\u00e4tzte Lesezeit\" \/>\n\t<meta name=\"twitter:data1\" content=\"4\u00a0Minuten\" \/>\n<script type=\"application\/ld+json\" class=\"yoast-schema-graph\">{\"@context\":\"https:\\\/\\\/schema.org\",\"@graph\":[{\"@type\":\"WebPage\",\"@id\":\"https:\\\/\\\/arabian-mood.com\\\/produit\\\/eau-de-parfum-azm-100ml-paris-corner\\\/\",\"url\":\"https:\\\/\\\/arabian-mood.com\\\/produit\\\/eau-de-parfum-azm-100ml-paris-corner\\\/\",\"name\":\"Eau de parfum AZM 100ml \u2013 Paris Corner\",\"isPartOf\":{\"@id\":\"https:\\\/\\\/arabian-mood.com\\\/#website\"},\"primaryImageOfPage\":{\"@id\":\"https:\\\/\\\/arabian-mood.com\\\/produit\\\/eau-de-parfum-azm-100ml-paris-corner\\\/#primaryimage\"},\"image\":{\"@id\":\"https:\\\/\\\/arabian-mood.com\\\/produit\\\/eau-de-parfum-azm-100ml-paris-corner\\\/#primaryimage\"},\"thumbnailUrl\":\"https:\\\/\\\/arabian-mood.com\\\/wp-content\\\/uploads\\\/2025\\\/09\\\/AZM-paris-corner.jpg\",\"datePublished\":\"2025-09-22T12:50:03+00:00\",\"dateModified\":\"2026-01-06T10:55:35+00:00\",\"description\":\"D\u00e9couvrez AZM Paris Corner, un parfum mixte floral fruit\u00e9 lanc\u00e9 en 2025, id\u00e9al pour ceux qui aiment les senteurs fra\u00eeches et raffin\u00e9es.\",\"breadcrumb\":{\"@id\":\"https:\\\/\\\/arabian-mood.com\\\/produit\\\/eau-de-parfum-azm-100ml-paris-corner\\\/#breadcrumb\"},\"inLanguage\":\"de\",\"potentialAction\":[{\"@type\":\"ReadAction\",\"target\":[\"https:\\\/\\\/arabian-mood.com\\\/produit\\\/eau-de-parfum-azm-100ml-paris-corner\\\/\"]}]},{\"@type\":\"ImageObject\",\"inLanguage\":\"de\",\"@id\":\"https:\\\/\\\/arabian-mood.com\\\/produit\\\/eau-de-parfum-azm-100ml-paris-corner\\\/#primaryimage\",\"url\":\"https:\\\/\\\/arabian-mood.com\\\/wp-content\\\/uploads\\\/2025\\\/09\\\/AZM-paris-corner.jpg\",\"contentUrl\":\"https:\\\/\\\/arabian-mood.com\\\/wp-content\\\/uploads\\\/2025\\\/09\\\/AZM-paris-corner.jpg\",\"width\":600,\"height\":600,\"caption\":\"AZM paris corner\"},{\"@type\":\"BreadcrumbList\",\"@id\":\"https:\\\/\\\/arabian-mood.com\\\/produit\\\/eau-de-parfum-azm-100ml-paris-corner\\\/#breadcrumb\",\"itemListElement\":[{\"@type\":\"ListItem\",\"position\":1,\"name\":\"Accueil\",\"item\":\"https:\\\/\\\/arabian-mood.com\\\/\"},{\"@type\":\"ListItem\",\"position\":2,\"name\":\"Boutique\",\"item\":\"https:\\\/\\\/arabian-mood.com\\\/boutique\\\/\"},{\"@type\":\"ListItem\",\"position\":3,\"name\":\"Eau de parfum AZM 100ml \u2013 Paris Corner\"}]},{\"@type\":\"WebSite\",\"@id\":\"https:\\\/\\\/arabian-mood.com\\\/#website\",\"url\":\"https:\\\/\\\/arabian-mood.com\\\/\",\"name\":\"Arabian Mood\",\"description\":\"\",\"publisher\":{\"@id\":\"https:\\\/\\\/arabian-mood.com\\\/#organization\"},\"potentialAction\":[{\"@type\":\"SearchAction\",\"target\":{\"@type\":\"EntryPoint\",\"urlTemplate\":\"https:\\\/\\\/arabian-mood.com\\\/?s={search_term_string}\"},\"query-input\":{\"@type\":\"PropertyValueSpecification\",\"valueRequired\":true,\"valueName\":\"search_term_string\"}}],\"inLanguage\":\"de\"},{\"@type\":\"Organization\",\"@id\":\"https:\\\/\\\/arabian-mood.com\\\/#organization\",\"name\":\"Arabian Mood\",\"url\":\"https:\\\/\\\/arabian-mood.com\\\/\",\"logo\":{\"@type\":\"ImageObject\",\"inLanguage\":\"de\",\"@id\":\"https:\\\/\\\/arabian-mood.com\\\/#\\\/schema\\\/logo\\\/image\\\/\",\"url\":\"https:\\\/\\\/arabian-mood.com\\\/wp-content\\\/uploads\\\/2024\\\/09\\\/Groupe-11304.svg\",\"contentUrl\":\"https:\\\/\\\/arabian-mood.com\\\/wp-content\\\/uploads\\\/2024\\\/09\\\/Groupe-11304.svg\",\"width\":214,\"height\":27,\"caption\":\"Arabian Mood\"},\"image\":{\"@id\":\"https:\\\/\\\/arabian-mood.com\\\/#\\\/schema\\\/logo\\\/image\\\/\"},\"sameAs\":[\"https:\\\/\\\/www.instagram.com\\\/arabianmoodofficiel\\\/\"]}]}<\/script>\n<!-- \/ Yoast SEO plugin. -->","yoast_head_json":{"title":"Eau de Parfum AZM 100ml \u2013 Paris Corner","description":"Entdecken Sie AZM Paris Corner, einen blumig-fruchtigen Unisex-Duft, der 2025 auf den Markt kommt und sich ideal f\u00fcr Liebhaber frischer und raffinierter D\u00fcfte eignet.","robots":{"index":"index","follow":"follow","max-snippet":"max-snippet:-1","max-image-preview":"max-image-preview:large","max-video-preview":"max-video-preview:-1"},"canonical":"https:\/\/arabian-mood.com\/de\/product\/eau-de-parfum-azm-100ml-paris-corner\/","og_locale":"de_DE","og_type":"article","og_title":"Eau de parfum AZM 100ml \u2013 Paris Corner","og_description":"D\u00e9couvrez AZM Paris Corner, un parfum mixte floral fruit\u00e9 lanc\u00e9 en 2025, id\u00e9al pour ceux qui aiment les senteurs fra\u00eeches et raffin\u00e9es.","og_url":"https:\/\/arabian-mood.com\/de\/product\/eau-de-parfum-azm-100ml-paris-corner\/","og_site_name":"Arabian Mood","article_modified_time":"2026-01-06T10:55:35+00:00","og_image":[{"width":600,"height":600,"url":"https:\/\/arabian-mood.com\/wp-content\/uploads\/2025\/09\/AZM-paris-corner.jpg","type":"image\/jpeg"}],"twitter_card":"summary_large_image","twitter_misc":{"Gesch\u00e4tzte Lesezeit":"4\u00a0Minuten"},"schema":{"@context":"https:\/\/schema.org","@graph":[{"@type":"WebPage","@id":"https:\/\/arabian-mood.com\/produit\/eau-de-parfum-azm-100ml-paris-corner\/","url":"https:\/\/arabian-mood.com\/produit\/eau-de-parfum-azm-100ml-paris-corner\/","name":"Eau de Parfum AZM 100ml \u2013 Paris Corner","isPartOf":{"@id":"https:\/\/arabian-mood.com\/#website"},"primaryImageOfPage":{"@id":"https:\/\/arabian-mood.com\/produit\/eau-de-parfum-azm-100ml-paris-corner\/#primaryimage"},"image":{"@id":"https:\/\/arabian-mood.com\/produit\/eau-de-parfum-azm-100ml-paris-corner\/#primaryimage"},"thumbnailUrl":"https:\/\/arabian-mood.com\/wp-content\/uploads\/2025\/09\/AZM-paris-corner.jpg","datePublished":"2025-09-22T12:50:03+00:00","dateModified":"2026-01-06T10:55:35+00:00","description":"Entdecken Sie AZM Paris Corner, einen blumig-fruchtigen Unisex-Duft, der 2025 auf den Markt kommt und sich ideal f\u00fcr Liebhaber frischer und raffinierter D\u00fcfte eignet.","breadcrumb":{"@id":"https:\/\/arabian-mood.com\/produit\/eau-de-parfum-azm-100ml-paris-corner\/#breadcrumb"},"inLanguage":"de","potentialAction":[{"@type":"ReadAction","target":["https:\/\/arabian-mood.com\/produit\/eau-de-parfum-azm-100ml-paris-corner\/"]}]},{"@type":"ImageObject","inLanguage":"de","@id":"https:\/\/arabian-mood.com\/produit\/eau-de-parfum-azm-100ml-paris-corner\/#primaryimage","url":"https:\/\/arabian-mood.com\/wp-content\/uploads\/2025\/09\/AZM-paris-corner.jpg","contentUrl":"https:\/\/arabian-mood.com\/wp-content\/uploads\/2025\/09\/AZM-paris-corner.jpg","width":600,"height":600,"caption":"AZM paris corner"},{"@type":"BreadcrumbList","@id":"https:\/\/arabian-mood.com\/produit\/eau-de-parfum-azm-100ml-paris-corner\/#breadcrumb","itemListElement":[{"@type":"ListItem","position":1,"name":"Accueil","item":"https:\/\/arabian-mood.com\/"},{"@type":"ListItem","position":2,"name":"Boutique","item":"https:\/\/arabian-mood.com\/boutique\/"},{"@type":"ListItem","position":3,"name":"Eau de parfum AZM 100ml \u2013 Paris Corner"}]},{"@type":"WebSite","@id":"https:\/\/arabian-mood.com\/#website","url":"https:\/\/arabian-mood.com\/","name":"Arabische Stimmung","description":"","publisher":{"@id":"https:\/\/arabian-mood.com\/#organization"},"potentialAction":[{"@type":"SearchAction","target":{"@type":"EntryPoint","urlTemplate":"https:\/\/arabian-mood.com\/?s={search_term_string}"},"query-input":{"@type":"PropertyValueSpecification","valueRequired":true,"valueName":"search_term_string"}}],"inLanguage":"de"},{"@type":"Organization","@id":"https:\/\/arabian-mood.com\/#organization","name":"Arabische Stimmung","url":"https:\/\/arabian-mood.com\/","logo":{"@type":"ImageObject","inLanguage":"de","@id":"https:\/\/arabian-mood.com\/#\/schema\/logo\/image\/","url":"https:\/\/arabian-mood.com\/wp-content\/uploads\/2024\/09\/Groupe-11304.svg","contentUrl":"https:\/\/arabian-mood.com\/wp-content\/uploads\/2024\/09\/Groupe-11304.svg","width":214,"height":27,"caption":"Arabian Mood"},"image":{"@id":"https:\/\/arabian-mood.com\/#\/schema\/logo\/image\/"},"sameAs":["https:\/\/www.instagram.com\/arabianmoodofficiel\/"]}]}},"_links":{"self":[{"href":"https:\/\/arabian-mood.com\/de\/wp-json\/wp\/v2\/product\/9736","targetHints":{"allow":["GET"]}}],"collection":[{"href":"https:\/\/arabian-mood.com\/de\/wp-json\/wp\/v2\/product"}],"about":[{"href":"https:\/\/arabian-mood.com\/de\/wp-json\/wp\/v2\/types\/product"}],"wp:featuredmedia":[{"embeddable":true,"href":"https:\/\/arabian-mood.com\/de\/wp-json\/wp\/v2\/media\/9750"}],"wp:attachment":[{"href":"https:\/\/arabian-mood.com\/de\/wp-json\/wp\/v2\/media?parent=9736"}],"wp:term":[{"taxonomy":"product_brand","embeddable":true,"href":"https:\/\/arabian-mood.com\/de\/wp-json\/wp\/v2\/product_brand?post=9736"},{"taxonomy":"product_cat","embeddable":true,"href":"https:\/\/arabian-mood.com\/de\/wp-json\/wp\/v2\/product_cat?post=9736"},{"taxonomy":"product_tag","embeddable":true,"href":"https:\/\/arabian-mood.com\/de\/wp-json\/wp\/v2\/product_tag?post=9736"}],"curies":[{"name":"wp","href":"https:\/\/api.w.org\/{rel}","templated":true}]}}