{"id":10236,"date":"2025-12-02T19:09:50","date_gmt":"2025-12-02T18:09:50","guid":{"rendered":"https:\/\/arabian-mood.com\/?post_type=product&#038;p=10236"},"modified":"2026-03-06T18:35:02","modified_gmt":"2026-03-06T17:35:02","slug":"eau-de-parfum-musamam-black-intense-100-ml-lattafa","status":"publish","type":"product","link":"https:\/\/arabian-mood.com\/en\/produit\/eau-de-parfum-musamam-black-intense-100-ml-lattafa\/","title":{"rendered":"Eau de parfum Musamam Black Intense 100 ml &#8211; Lattafa"},"content":{"rendered":"","protected":false},"excerpt":{"rendered":"<section class=\"elementor-section elementor-inner-section elementor-element elementor-element-bd10d66 elementor-section-boxed elementor-section-height-default elementor-section-height-default\" data-id=\"bd10d66\" data-element_type=\"section\">\n<div class=\"elementor-container elementor-column-gap-default\">\n<div class=\"elementor-column elementor-col-100 elementor-inner-column elementor-element elementor-element-40f0694\" data-id=\"40f0694\" data-element_type=\"column\">\n<div class=\"elementor-widget-wrap elementor-element-populated\">\n<div class=\"elementor-element elementor-element-c183d55 elementor-widget elementor-widget-woocommerce-product-short-description\" data-id=\"c183d55\" data-element_type=\"widget\" data-widget_type=\"woocommerce-product-short-description.default\">\n<div class=\"elementor-widget-container\">\n<div class=\"woocommerce-product-details__short-description\">\n<section class=\"elementor-section elementor-inner-section elementor-element elementor-element-bd10d66 elementor-section-boxed elementor-section-height-default elementor-section-height-default\" data-id=\"bd10d66\" data-element_type=\"section\">\n<div class=\"elementor-container elementor-column-gap-default\">\n<div class=\"elementor-column elementor-col-100 elementor-inner-column elementor-element elementor-element-40f0694\" data-id=\"40f0694\" data-element_type=\"column\">\n<div class=\"elementor-widget-wrap elementor-element-populated\">\n<div class=\"elementor-element elementor-element-c183d55 elementor-widget elementor-widget-woocommerce-product-short-description\" data-id=\"c183d55\" data-element_type=\"widget\" data-widget_type=\"woocommerce-product-short-description.default\">\n<div class=\"elementor-widget-container\">\n<div class=\"woocommerce-product-details__short-description\">\n<p><strong>Note de t\u00eate<\/strong> : Bergamote, Lavande, Noix de muscade, Sauge<br \/>\n<strong>Note de c\u0153ur<\/strong> : C\u00e8dre, G\u00e9ranium, Mahonial, Rosyfolia<br \/>\n<strong>Note de fond<\/strong> : Ambrofix, Cocoapulse, \u00c9rable, F\u00e8ve de tonka, Patchouli.<\/p>\n<\/div>\n<p><strong>Genre : <\/strong>mixte<\/p>\n<\/div>\n<\/div>\n<\/div>\n<\/div>\n<\/div>\n<\/section>\n<\/div>\n<\/div>\n<\/div>\n<\/div>\n<\/div>\n<\/div>\n<\/section>","protected":false},"featured_media":10237,"template":"","meta":[],"product_brand":[],"product_cat":[518,584,590,433],"product_tag":[],"class_list":{"0":"post-10236","1":"product","2":"type-product","3":"status-publish","4":"has-post-thumbnail","6":"product_cat-lattafa","7":"product_cat-parfum-dubai-femme","8":"product_cat-parfum-dubai-mixte","9":"product_cat-parfums-de-dubai","11":"first","12":"outofstock","13":"taxable","14":"shipping-taxable","15":"purchasable","16":"product-type-simple"},"yoast_head":"<!-- This site is optimized with the Yoast SEO plugin v27.4 - https:\/\/yoast.com\/product\/yoast-seo-wordpress\/ -->\n<title>Eau de parfum Musamam Black Intense 100 ml - Lattafa<\/title>\n<meta name=\"robots\" content=\"index, follow, max-snippet:-1, max-image-preview:large, max-video-preview:-1\" \/>\n<link rel=\"canonical\" href=\"https:\/\/arabian-mood.com\/en\/product\/eau-de-parfum-musamam-black-intense-100-ml-lattafa\/\" \/>\n<meta property=\"og:locale\" content=\"en_US\" \/>\n<meta property=\"og:type\" content=\"article\" \/>\n<meta property=\"og:title\" content=\"Eau de parfum Musamam Black Intense 100 ml - Lattafa\" \/>\n<meta property=\"og:description\" content=\"Note de t\u00eate : Bergamote, Lavande, Noix de muscade, Sauge Note de c\u0153ur : C\u00e8dre, G\u00e9ranium, Mahonial, Rosyfolia Note de fond : Ambrofix, Cocoapulse, \u00c9rable, F\u00e8ve de tonka, Patchouli.   Genre : mixte\" \/>\n<meta property=\"og:url\" content=\"https:\/\/arabian-mood.com\/en\/product\/eau-de-parfum-musamam-black-intense-100-ml-lattafa\/\" \/>\n<meta property=\"og:site_name\" content=\"Arabian Mood\" \/>\n<meta property=\"article:modified_time\" content=\"2026-03-06T17:35:02+00:00\" \/>\n<meta property=\"og:image\" content=\"https:\/\/arabian-mood.com\/wp-content\/uploads\/2025\/12\/Musamam-Black-Intense.jpg\" \/>\n\t<meta property=\"og:image:width\" content=\"600\" \/>\n\t<meta property=\"og:image:height\" content=\"600\" \/>\n\t<meta property=\"og:image:type\" content=\"image\/jpeg\" \/>\n<meta name=\"twitter:card\" content=\"summary_large_image\" \/>\n<meta name=\"twitter:label1\" content=\"Est. reading time\" \/>\n\t<meta name=\"twitter:data1\" content=\"1 minute\" \/>\n<script type=\"application\/ld+json\" class=\"yoast-schema-graph\">{\"@context\":\"https:\\\/\\\/schema.org\",\"@graph\":[{\"@type\":\"WebPage\",\"@id\":\"https:\\\/\\\/arabian-mood.com\\\/produit\\\/eau-de-parfum-musamam-black-intense-100-ml-lattafa\\\/\",\"url\":\"https:\\\/\\\/arabian-mood.com\\\/produit\\\/eau-de-parfum-musamam-black-intense-100-ml-lattafa\\\/\",\"name\":\"Eau de parfum Musamam Black Intense 100 ml - Lattafa\",\"isPartOf\":{\"@id\":\"https:\\\/\\\/arabian-mood.com\\\/#website\"},\"primaryImageOfPage\":{\"@id\":\"https:\\\/\\\/arabian-mood.com\\\/produit\\\/eau-de-parfum-musamam-black-intense-100-ml-lattafa\\\/#primaryimage\"},\"image\":{\"@id\":\"https:\\\/\\\/arabian-mood.com\\\/produit\\\/eau-de-parfum-musamam-black-intense-100-ml-lattafa\\\/#primaryimage\"},\"thumbnailUrl\":\"https:\\\/\\\/arabian-mood.com\\\/wp-content\\\/uploads\\\/2025\\\/12\\\/Musamam-Black-Intense.jpg\",\"datePublished\":\"2025-12-02T18:09:50+00:00\",\"dateModified\":\"2026-03-06T17:35:02+00:00\",\"breadcrumb\":{\"@id\":\"https:\\\/\\\/arabian-mood.com\\\/produit\\\/eau-de-parfum-musamam-black-intense-100-ml-lattafa\\\/#breadcrumb\"},\"inLanguage\":\"en-US\",\"potentialAction\":[{\"@type\":\"ReadAction\",\"target\":[\"https:\\\/\\\/arabian-mood.com\\\/produit\\\/eau-de-parfum-musamam-black-intense-100-ml-lattafa\\\/\"]}]},{\"@type\":\"ImageObject\",\"inLanguage\":\"en-US\",\"@id\":\"https:\\\/\\\/arabian-mood.com\\\/produit\\\/eau-de-parfum-musamam-black-intense-100-ml-lattafa\\\/#primaryimage\",\"url\":\"https:\\\/\\\/arabian-mood.com\\\/wp-content\\\/uploads\\\/2025\\\/12\\\/Musamam-Black-Intense.jpg\",\"contentUrl\":\"https:\\\/\\\/arabian-mood.com\\\/wp-content\\\/uploads\\\/2025\\\/12\\\/Musamam-Black-Intense.jpg\",\"width\":600,\"height\":600,\"caption\":\"Musamam Black Intense\"},{\"@type\":\"BreadcrumbList\",\"@id\":\"https:\\\/\\\/arabian-mood.com\\\/produit\\\/eau-de-parfum-musamam-black-intense-100-ml-lattafa\\\/#breadcrumb\",\"itemListElement\":[{\"@type\":\"ListItem\",\"position\":1,\"name\":\"Accueil\",\"item\":\"https:\\\/\\\/arabian-mood.com\\\/\"},{\"@type\":\"ListItem\",\"position\":2,\"name\":\"Boutique\",\"item\":\"https:\\\/\\\/arabian-mood.com\\\/boutique\\\/\"},{\"@type\":\"ListItem\",\"position\":3,\"name\":\"Eau de parfum Musamam Black Intense 100 ml &#8211; Lattafa\"}]},{\"@type\":\"WebSite\",\"@id\":\"https:\\\/\\\/arabian-mood.com\\\/#website\",\"url\":\"https:\\\/\\\/arabian-mood.com\\\/\",\"name\":\"Arabian Mood\",\"description\":\"\",\"publisher\":{\"@id\":\"https:\\\/\\\/arabian-mood.com\\\/#organization\"},\"potentialAction\":[{\"@type\":\"SearchAction\",\"target\":{\"@type\":\"EntryPoint\",\"urlTemplate\":\"https:\\\/\\\/arabian-mood.com\\\/?s={search_term_string}\"},\"query-input\":{\"@type\":\"PropertyValueSpecification\",\"valueRequired\":true,\"valueName\":\"search_term_string\"}}],\"inLanguage\":\"en-US\"},{\"@type\":\"Organization\",\"@id\":\"https:\\\/\\\/arabian-mood.com\\\/#organization\",\"name\":\"Arabian Mood\",\"url\":\"https:\\\/\\\/arabian-mood.com\\\/\",\"logo\":{\"@type\":\"ImageObject\",\"inLanguage\":\"en-US\",\"@id\":\"https:\\\/\\\/arabian-mood.com\\\/#\\\/schema\\\/logo\\\/image\\\/\",\"url\":\"https:\\\/\\\/arabian-mood.com\\\/wp-content\\\/uploads\\\/2024\\\/09\\\/Groupe-11304.svg\",\"contentUrl\":\"https:\\\/\\\/arabian-mood.com\\\/wp-content\\\/uploads\\\/2024\\\/09\\\/Groupe-11304.svg\",\"width\":214,\"height\":27,\"caption\":\"Arabian Mood\"},\"image\":{\"@id\":\"https:\\\/\\\/arabian-mood.com\\\/#\\\/schema\\\/logo\\\/image\\\/\"},\"sameAs\":[\"https:\\\/\\\/www.instagram.com\\\/arabianmoodofficiel\\\/\"]}]}<\/script>\n<!-- \/ Yoast SEO plugin. -->","yoast_head_json":{"title":"Eau de parfum Musamam Black Intense 100 ml - Lattafa","robots":{"index":"index","follow":"follow","max-snippet":"max-snippet:-1","max-image-preview":"max-image-preview:large","max-video-preview":"max-video-preview:-1"},"canonical":"https:\/\/arabian-mood.com\/en\/product\/eau-de-parfum-musamam-black-intense-100-ml-lattafa\/","og_locale":"en_US","og_type":"article","og_title":"Eau de parfum Musamam Black Intense 100 ml - Lattafa","og_description":"Note de t\u00eate : Bergamote, Lavande, Noix de muscade, Sauge Note de c\u0153ur : C\u00e8dre, G\u00e9ranium, Mahonial, Rosyfolia Note de fond : Ambrofix, Cocoapulse, \u00c9rable, F\u00e8ve de tonka, Patchouli.   Genre : mixte","og_url":"https:\/\/arabian-mood.com\/en\/product\/eau-de-parfum-musamam-black-intense-100-ml-lattafa\/","og_site_name":"Arabian Mood","article_modified_time":"2026-03-06T17:35:02+00:00","og_image":[{"width":600,"height":600,"url":"https:\/\/arabian-mood.com\/wp-content\/uploads\/2025\/12\/Musamam-Black-Intense.jpg","type":"image\/jpeg"}],"twitter_card":"summary_large_image","twitter_misc":{"Est. reading time":"1 minute"},"schema":{"@context":"https:\/\/schema.org","@graph":[{"@type":"WebPage","@id":"https:\/\/arabian-mood.com\/produit\/eau-de-parfum-musamam-black-intense-100-ml-lattafa\/","url":"https:\/\/arabian-mood.com\/produit\/eau-de-parfum-musamam-black-intense-100-ml-lattafa\/","name":"Eau de parfum Musamam Black Intense 100 ml - Lattafa","isPartOf":{"@id":"https:\/\/arabian-mood.com\/#website"},"primaryImageOfPage":{"@id":"https:\/\/arabian-mood.com\/produit\/eau-de-parfum-musamam-black-intense-100-ml-lattafa\/#primaryimage"},"image":{"@id":"https:\/\/arabian-mood.com\/produit\/eau-de-parfum-musamam-black-intense-100-ml-lattafa\/#primaryimage"},"thumbnailUrl":"https:\/\/arabian-mood.com\/wp-content\/uploads\/2025\/12\/Musamam-Black-Intense.jpg","datePublished":"2025-12-02T18:09:50+00:00","dateModified":"2026-03-06T17:35:02+00:00","breadcrumb":{"@id":"https:\/\/arabian-mood.com\/produit\/eau-de-parfum-musamam-black-intense-100-ml-lattafa\/#breadcrumb"},"inLanguage":"en-US","potentialAction":[{"@type":"ReadAction","target":["https:\/\/arabian-mood.com\/produit\/eau-de-parfum-musamam-black-intense-100-ml-lattafa\/"]}]},{"@type":"ImageObject","inLanguage":"en-US","@id":"https:\/\/arabian-mood.com\/produit\/eau-de-parfum-musamam-black-intense-100-ml-lattafa\/#primaryimage","url":"https:\/\/arabian-mood.com\/wp-content\/uploads\/2025\/12\/Musamam-Black-Intense.jpg","contentUrl":"https:\/\/arabian-mood.com\/wp-content\/uploads\/2025\/12\/Musamam-Black-Intense.jpg","width":600,"height":600,"caption":"Musamam Black Intense"},{"@type":"BreadcrumbList","@id":"https:\/\/arabian-mood.com\/produit\/eau-de-parfum-musamam-black-intense-100-ml-lattafa\/#breadcrumb","itemListElement":[{"@type":"ListItem","position":1,"name":"Accueil","item":"https:\/\/arabian-mood.com\/"},{"@type":"ListItem","position":2,"name":"Boutique","item":"https:\/\/arabian-mood.com\/boutique\/"},{"@type":"ListItem","position":3,"name":"Eau de parfum Musamam Black Intense 100 ml &#8211; Lattafa"}]},{"@type":"WebSite","@id":"https:\/\/arabian-mood.com\/#website","url":"https:\/\/arabian-mood.com\/","name":"Arabian Mood","description":"","publisher":{"@id":"https:\/\/arabian-mood.com\/#organization"},"potentialAction":[{"@type":"SearchAction","target":{"@type":"EntryPoint","urlTemplate":"https:\/\/arabian-mood.com\/?s={search_term_string}"},"query-input":{"@type":"PropertyValueSpecification","valueRequired":true,"valueName":"search_term_string"}}],"inLanguage":"en-US"},{"@type":"Organization","@id":"https:\/\/arabian-mood.com\/#organization","name":"Arabian Mood","url":"https:\/\/arabian-mood.com\/","logo":{"@type":"ImageObject","inLanguage":"en-US","@id":"https:\/\/arabian-mood.com\/#\/schema\/logo\/image\/","url":"https:\/\/arabian-mood.com\/wp-content\/uploads\/2024\/09\/Groupe-11304.svg","contentUrl":"https:\/\/arabian-mood.com\/wp-content\/uploads\/2024\/09\/Groupe-11304.svg","width":214,"height":27,"caption":"Arabian Mood"},"image":{"@id":"https:\/\/arabian-mood.com\/#\/schema\/logo\/image\/"},"sameAs":["https:\/\/www.instagram.com\/arabianmoodofficiel\/"]}]}},"_links":{"self":[{"href":"https:\/\/arabian-mood.com\/en\/wp-json\/wp\/v2\/product\/10236","targetHints":{"allow":["GET"]}}],"collection":[{"href":"https:\/\/arabian-mood.com\/en\/wp-json\/wp\/v2\/product"}],"about":[{"href":"https:\/\/arabian-mood.com\/en\/wp-json\/wp\/v2\/types\/product"}],"wp:featuredmedia":[{"embeddable":true,"href":"https:\/\/arabian-mood.com\/en\/wp-json\/wp\/v2\/media\/10237"}],"wp:attachment":[{"href":"https:\/\/arabian-mood.com\/en\/wp-json\/wp\/v2\/media?parent=10236"}],"wp:term":[{"taxonomy":"product_brand","embeddable":true,"href":"https:\/\/arabian-mood.com\/en\/wp-json\/wp\/v2\/product_brand?post=10236"},{"taxonomy":"product_cat","embeddable":true,"href":"https:\/\/arabian-mood.com\/en\/wp-json\/wp\/v2\/product_cat?post=10236"},{"taxonomy":"product_tag","embeddable":true,"href":"https:\/\/arabian-mood.com\/en\/wp-json\/wp\/v2\/product_tag?post=10236"}],"curies":[{"name":"wp","href":"https:\/\/api.w.org\/{rel}","templated":true}]}}