{"id":10489,"date":"2026-02-02T15:13:21","date_gmt":"2026-02-02T14:13:21","guid":{"rendered":"https:\/\/arabian-mood.com\/?post_type=product&#038;p=10489"},"modified":"2026-02-02T15:18:26","modified_gmt":"2026-02-02T14:18:26","slug":"red-velvet-dream-100-ml-collection-bohemio-volare","status":"publish","type":"product","link":"https:\/\/arabian-mood.com\/en\/produit\/red-velvet-dream-100-ml-collection-bohemio-volare\/","title":{"rendered":"Red Velvet Dream 100 ml (Bohemio Collection) \u2013 Volar\u00e9"},"content":{"rendered":"","protected":false},"excerpt":{"rendered":"<p><strong>Top notes<\/strong> Framboise, Fruits rouges, Fruits secs<br \/>\n<strong>Heart notes:<\/strong> C\u00e8dre, Patchouli, Vin rouge<br \/>\n<strong>Background notes<\/strong> : Alcool, Caramel, Cuir, Sucre brun<\/p>\n<p><strong>Genre<\/strong> mixed<\/p>","protected":false},"featured_media":10490,"template":"","meta":[],"product_brand":[],"product_cat":[584,433,577],"product_tag":[],"class_list":{"0":"post-10489","1":"product","2":"type-product","3":"status-publish","4":"has-post-thumbnail","6":"product_cat-parfum-dubai-femme","7":"product_cat-parfums-de-dubai","8":"product_cat-volare","10":"first","11":"instock","12":"taxable","13":"shipping-taxable","14":"purchasable","15":"product-type-simple"},"yoast_head":"<!-- This site is optimized with the Yoast SEO plugin v27.5 - https:\/\/yoast.com\/product\/yoast-seo-wordpress\/ -->\n<title>Eau de parfum Red Velvet Dream 100 ml | Volar\u00e9<\/title>\n<meta name=\"description\" content=\"Craquez pour Red Velvet Dream de Volar\u00e9 (collection Bohemio), un parfum fruit\u00e9, gourmand et sensuel aux accords de fruits rouges, vin et caramel.\" \/>\n<meta name=\"robots\" content=\"index, follow, max-snippet:-1, max-image-preview:large, max-video-preview:-1\" \/>\n<link rel=\"canonical\" href=\"https:\/\/arabian-mood.com\/en\/product\/red-velvet-dream-100-ml-collection-bohemio-volare\/\" \/>\n<meta property=\"og:locale\" content=\"en_US\" \/>\n<meta property=\"og:type\" content=\"article\" \/>\n<meta property=\"og:title\" content=\"Eau de parfum Red Velvet Dream 100 ml | Volar\u00e9\" \/>\n<meta property=\"og:description\" content=\"Craquez pour Red Velvet Dream de Volar\u00e9 (collection Bohemio), un parfum fruit\u00e9, gourmand et sensuel aux accords de fruits rouges, vin et caramel.\" \/>\n<meta property=\"og:url\" content=\"https:\/\/arabian-mood.com\/en\/product\/red-velvet-dream-100-ml-collection-bohemio-volare\/\" \/>\n<meta property=\"og:site_name\" content=\"Arabian Mood\" \/>\n<meta property=\"article:modified_time\" content=\"2026-02-02T14:18:26+00:00\" \/>\n<meta property=\"og:image\" content=\"https:\/\/arabian-mood.com\/wp-content\/uploads\/2026\/02\/Red-Velvet-Dream.png\" \/>\n\t<meta property=\"og:image:width\" content=\"600\" \/>\n\t<meta property=\"og:image:height\" content=\"600\" \/>\n\t<meta property=\"og:image:type\" content=\"image\/png\" \/>\n<meta name=\"twitter:card\" content=\"summary_large_image\" \/>\n<meta name=\"twitter:label1\" content=\"Est. reading time\" \/>\n\t<meta name=\"twitter:data1\" content=\"1 minute\" \/>\n<script type=\"application\/ld+json\" class=\"yoast-schema-graph\">{\"@context\":\"https:\\\/\\\/schema.org\",\"@graph\":[{\"@type\":\"WebPage\",\"@id\":\"https:\\\/\\\/arabian-mood.com\\\/produit\\\/red-velvet-dream-100-ml-collection-bohemio-volare\\\/\",\"url\":\"https:\\\/\\\/arabian-mood.com\\\/produit\\\/red-velvet-dream-100-ml-collection-bohemio-volare\\\/\",\"name\":\"Eau de parfum Red Velvet Dream 100 ml | Volar\u00e9\",\"isPartOf\":{\"@id\":\"https:\\\/\\\/arabian-mood.com\\\/#website\"},\"primaryImageOfPage\":{\"@id\":\"https:\\\/\\\/arabian-mood.com\\\/produit\\\/red-velvet-dream-100-ml-collection-bohemio-volare\\\/#primaryimage\"},\"image\":{\"@id\":\"https:\\\/\\\/arabian-mood.com\\\/produit\\\/red-velvet-dream-100-ml-collection-bohemio-volare\\\/#primaryimage\"},\"thumbnailUrl\":\"https:\\\/\\\/arabian-mood.com\\\/wp-content\\\/uploads\\\/2026\\\/02\\\/Red-Velvet-Dream.png\",\"datePublished\":\"2026-02-02T14:13:21+00:00\",\"dateModified\":\"2026-02-02T14:18:26+00:00\",\"description\":\"Craquez pour Red Velvet Dream de Volar\u00e9 (collection Bohemio), un parfum fruit\u00e9, gourmand et sensuel aux accords de fruits rouges, vin et caramel.\",\"breadcrumb\":{\"@id\":\"https:\\\/\\\/arabian-mood.com\\\/produit\\\/red-velvet-dream-100-ml-collection-bohemio-volare\\\/#breadcrumb\"},\"inLanguage\":\"en-US\",\"potentialAction\":[{\"@type\":\"ReadAction\",\"target\":[\"https:\\\/\\\/arabian-mood.com\\\/produit\\\/red-velvet-dream-100-ml-collection-bohemio-volare\\\/\"]}]},{\"@type\":\"ImageObject\",\"inLanguage\":\"en-US\",\"@id\":\"https:\\\/\\\/arabian-mood.com\\\/produit\\\/red-velvet-dream-100-ml-collection-bohemio-volare\\\/#primaryimage\",\"url\":\"https:\\\/\\\/arabian-mood.com\\\/wp-content\\\/uploads\\\/2026\\\/02\\\/Red-Velvet-Dream.png\",\"contentUrl\":\"https:\\\/\\\/arabian-mood.com\\\/wp-content\\\/uploads\\\/2026\\\/02\\\/Red-Velvet-Dream.png\",\"width\":600,\"height\":600,\"caption\":\"Red Velvet Dream\"},{\"@type\":\"BreadcrumbList\",\"@id\":\"https:\\\/\\\/arabian-mood.com\\\/produit\\\/red-velvet-dream-100-ml-collection-bohemio-volare\\\/#breadcrumb\",\"itemListElement\":[{\"@type\":\"ListItem\",\"position\":1,\"name\":\"Accueil\",\"item\":\"https:\\\/\\\/arabian-mood.com\\\/\"},{\"@type\":\"ListItem\",\"position\":2,\"name\":\"Boutique\",\"item\":\"https:\\\/\\\/arabian-mood.com\\\/boutique\\\/\"},{\"@type\":\"ListItem\",\"position\":3,\"name\":\"Red Velvet Dream 100 ml (Collection Bohemio) &#8211; Volar\u00e9\"}]},{\"@type\":\"WebSite\",\"@id\":\"https:\\\/\\\/arabian-mood.com\\\/#website\",\"url\":\"https:\\\/\\\/arabian-mood.com\\\/\",\"name\":\"Arabian Mood\",\"description\":\"\",\"publisher\":{\"@id\":\"https:\\\/\\\/arabian-mood.com\\\/#organization\"},\"potentialAction\":[{\"@type\":\"SearchAction\",\"target\":{\"@type\":\"EntryPoint\",\"urlTemplate\":\"https:\\\/\\\/arabian-mood.com\\\/?s={search_term_string}\"},\"query-input\":{\"@type\":\"PropertyValueSpecification\",\"valueRequired\":true,\"valueName\":\"search_term_string\"}}],\"inLanguage\":\"en-US\"},{\"@type\":\"Organization\",\"@id\":\"https:\\\/\\\/arabian-mood.com\\\/#organization\",\"name\":\"Arabian Mood\",\"url\":\"https:\\\/\\\/arabian-mood.com\\\/\",\"logo\":{\"@type\":\"ImageObject\",\"inLanguage\":\"en-US\",\"@id\":\"https:\\\/\\\/arabian-mood.com\\\/#\\\/schema\\\/logo\\\/image\\\/\",\"url\":\"https:\\\/\\\/arabian-mood.com\\\/wp-content\\\/uploads\\\/2024\\\/09\\\/Groupe-11304.svg\",\"contentUrl\":\"https:\\\/\\\/arabian-mood.com\\\/wp-content\\\/uploads\\\/2024\\\/09\\\/Groupe-11304.svg\",\"width\":214,\"height\":27,\"caption\":\"Arabian Mood\"},\"image\":{\"@id\":\"https:\\\/\\\/arabian-mood.com\\\/#\\\/schema\\\/logo\\\/image\\\/\"},\"sameAs\":[\"https:\\\/\\\/www.instagram.com\\\/arabianmoodofficiel\\\/\"]}]}<\/script>\n<!-- \/ Yoast SEO plugin. -->","yoast_head_json":{"title":"Eau de parfum Red Velvet Dream 100 ml | Volar\u00e9","description":"Craquez pour Red Velvet Dream de Volar\u00e9 (collection Bohemio), un parfum fruit\u00e9, gourmand et sensuel aux accords de fruits rouges, vin et caramel.","robots":{"index":"index","follow":"follow","max-snippet":"max-snippet:-1","max-image-preview":"max-image-preview:large","max-video-preview":"max-video-preview:-1"},"canonical":"https:\/\/arabian-mood.com\/en\/product\/red-velvet-dream-100-ml-collection-bohemio-volare\/","og_locale":"en_US","og_type":"article","og_title":"Eau de parfum Red Velvet Dream 100 ml | Volar\u00e9","og_description":"Craquez pour Red Velvet Dream de Volar\u00e9 (collection Bohemio), un parfum fruit\u00e9, gourmand et sensuel aux accords de fruits rouges, vin et caramel.","og_url":"https:\/\/arabian-mood.com\/en\/product\/red-velvet-dream-100-ml-collection-bohemio-volare\/","og_site_name":"Arabian Mood","article_modified_time":"2026-02-02T14:18:26+00:00","og_image":[{"width":600,"height":600,"url":"https:\/\/arabian-mood.com\/wp-content\/uploads\/2026\/02\/Red-Velvet-Dream.png","type":"image\/png"}],"twitter_card":"summary_large_image","twitter_misc":{"Est. reading time":"1 minute"},"schema":{"@context":"https:\/\/schema.org","@graph":[{"@type":"WebPage","@id":"https:\/\/arabian-mood.com\/produit\/red-velvet-dream-100-ml-collection-bohemio-volare\/","url":"https:\/\/arabian-mood.com\/produit\/red-velvet-dream-100-ml-collection-bohemio-volare\/","name":"Eau de parfum Red Velvet Dream 100 ml | Volar\u00e9","isPartOf":{"@id":"https:\/\/arabian-mood.com\/#website"},"primaryImageOfPage":{"@id":"https:\/\/arabian-mood.com\/produit\/red-velvet-dream-100-ml-collection-bohemio-volare\/#primaryimage"},"image":{"@id":"https:\/\/arabian-mood.com\/produit\/red-velvet-dream-100-ml-collection-bohemio-volare\/#primaryimage"},"thumbnailUrl":"https:\/\/arabian-mood.com\/wp-content\/uploads\/2026\/02\/Red-Velvet-Dream.png","datePublished":"2026-02-02T14:13:21+00:00","dateModified":"2026-02-02T14:18:26+00:00","description":"Craquez pour Red Velvet Dream de Volar\u00e9 (collection Bohemio), un parfum fruit\u00e9, gourmand et sensuel aux accords de fruits rouges, vin et caramel.","breadcrumb":{"@id":"https:\/\/arabian-mood.com\/produit\/red-velvet-dream-100-ml-collection-bohemio-volare\/#breadcrumb"},"inLanguage":"en-US","potentialAction":[{"@type":"ReadAction","target":["https:\/\/arabian-mood.com\/produit\/red-velvet-dream-100-ml-collection-bohemio-volare\/"]}]},{"@type":"ImageObject","inLanguage":"en-US","@id":"https:\/\/arabian-mood.com\/produit\/red-velvet-dream-100-ml-collection-bohemio-volare\/#primaryimage","url":"https:\/\/arabian-mood.com\/wp-content\/uploads\/2026\/02\/Red-Velvet-Dream.png","contentUrl":"https:\/\/arabian-mood.com\/wp-content\/uploads\/2026\/02\/Red-Velvet-Dream.png","width":600,"height":600,"caption":"Red Velvet Dream"},{"@type":"BreadcrumbList","@id":"https:\/\/arabian-mood.com\/produit\/red-velvet-dream-100-ml-collection-bohemio-volare\/#breadcrumb","itemListElement":[{"@type":"ListItem","position":1,"name":"Accueil","item":"https:\/\/arabian-mood.com\/"},{"@type":"ListItem","position":2,"name":"Boutique","item":"https:\/\/arabian-mood.com\/boutique\/"},{"@type":"ListItem","position":3,"name":"Red Velvet Dream 100 ml (Collection Bohemio) &#8211; Volar\u00e9"}]},{"@type":"WebSite","@id":"https:\/\/arabian-mood.com\/#website","url":"https:\/\/arabian-mood.com\/","name":"Arabian Mood","description":"","publisher":{"@id":"https:\/\/arabian-mood.com\/#organization"},"potentialAction":[{"@type":"SearchAction","target":{"@type":"EntryPoint","urlTemplate":"https:\/\/arabian-mood.com\/?s={search_term_string}"},"query-input":{"@type":"PropertyValueSpecification","valueRequired":true,"valueName":"search_term_string"}}],"inLanguage":"en-US"},{"@type":"Organization","@id":"https:\/\/arabian-mood.com\/#organization","name":"Arabian Mood","url":"https:\/\/arabian-mood.com\/","logo":{"@type":"ImageObject","inLanguage":"en-US","@id":"https:\/\/arabian-mood.com\/#\/schema\/logo\/image\/","url":"https:\/\/arabian-mood.com\/wp-content\/uploads\/2024\/09\/Groupe-11304.svg","contentUrl":"https:\/\/arabian-mood.com\/wp-content\/uploads\/2024\/09\/Groupe-11304.svg","width":214,"height":27,"caption":"Arabian Mood"},"image":{"@id":"https:\/\/arabian-mood.com\/#\/schema\/logo\/image\/"},"sameAs":["https:\/\/www.instagram.com\/arabianmoodofficiel\/"]}]}},"_links":{"self":[{"href":"https:\/\/arabian-mood.com\/en\/wp-json\/wp\/v2\/product\/10489","targetHints":{"allow":["GET"]}}],"collection":[{"href":"https:\/\/arabian-mood.com\/en\/wp-json\/wp\/v2\/product"}],"about":[{"href":"https:\/\/arabian-mood.com\/en\/wp-json\/wp\/v2\/types\/product"}],"wp:featuredmedia":[{"embeddable":true,"href":"https:\/\/arabian-mood.com\/en\/wp-json\/wp\/v2\/media\/10490"}],"wp:attachment":[{"href":"https:\/\/arabian-mood.com\/en\/wp-json\/wp\/v2\/media?parent=10489"}],"wp:term":[{"taxonomy":"product_brand","embeddable":true,"href":"https:\/\/arabian-mood.com\/en\/wp-json\/wp\/v2\/product_brand?post=10489"},{"taxonomy":"product_cat","embeddable":true,"href":"https:\/\/arabian-mood.com\/en\/wp-json\/wp\/v2\/product_cat?post=10489"},{"taxonomy":"product_tag","embeddable":true,"href":"https:\/\/arabian-mood.com\/en\/wp-json\/wp\/v2\/product_tag?post=10489"}],"curies":[{"name":"wp","href":"https:\/\/api.w.org\/{rel}","templated":true}]}}