{"id":3926,"date":"2021-11-03T10:10:47","date_gmt":"2021-11-03T09:10:47","guid":{"rendered":"https:\/\/arabian-mood.com\/produit\/aseel-special-edition\/"},"modified":"2026-02-23T13:49:55","modified_gmt":"2026-02-23T12:49:55","slug":"aseel-special-edition","status":"publish","type":"product","link":"https:\/\/arabian-mood.com\/en\/produit\/aseel-special-edition\/","title":{"rendered":"Aseel Special Edition 100 ml \u2013 Arabian Oud"},"content":{"rendered":"<p style=\"text-align: center;\">Aseel Special Edition de la maison Arabian Oud est un parfum aguicheur, qui ne cessera de vous \u00e9blouir.\u00a0Suave et complexe, il se portera parfaitement pour lui comme pour elle.<\/p>\n<p style=\"text-align: center;\">En ouverture, mandarine et note d\u2019ozone interpr\u00e8tent une symphonie effervescente pour les sens. Suivi par un coeur doux de rose et de fleur d\u2019oranger. Enfin, la gourmandise prend forme avec ce m\u00e9lange parfait de praline et de vanille. V\u00e9ritable arme de s\u00e9duction, le parfum Aseel Special Edition By Arabian Oud ne cessera de vous \u00e9merveiller.<\/p>\n<p style=\"text-align: center;\">Comme par habitude, la maison Arabian Oud a le sens du d\u00e9tail dans son ADN. Ici, le parfum n\u2019est pas qu\u2019une simple odeur mais une histoire qui se vit. Avec son \u00e9crin luxueux \u00a0en forme de fer \u00e0 cheval,<span class=\"Apple-converted-space\">\u00a0 <\/span>Aseel Special Edition nous rappelle la passion \u00e9questre dans la culture Arabe.<span class=\"Apple-converted-space\">\u00a0<\/span><\/p>\n<p style=\"text-align: center;\">La maison de parfum Arabian Oud commence son histoire dans les ann\u00e9es 80 dans le royaume d\u2019Arabie. Entre tradition et modernit\u00e9, la marque se distingue rapidement avec son fameux ingr\u00e9dient mill\u00e9naire le \u00ab\u00a0OUD\u00a0\u00bb.<\/p>\n<p style=\"text-align: center;\">De New-work \u00e0 Kuala Lumpur en passant par la ville lumi\u00e8re, ces parfumeurs ont su changer les codes de la parfumerie. R\u00e9compens\u00e9 \u00e0 plusieurs reprises au fameux festival des FIFI AWARDS .<\/p>","protected":false},"excerpt":{"rendered":"<div class=\"woocommerce-product-details__short-description\">\n<p><strong>Top note<\/strong> : Mandarine, Notes d\u2019ozone<br \/>\n<strong>Heart note<\/strong> : Fleur d\u2019oranger, Rose<br \/>\n<strong>Background note<\/strong> : Ambre gris, Notes bois\u00e9es, Praline, Vanille<\/p>\n<p><strong>Genre<\/strong> masculin<\/p>\n<\/div>","protected":false},"featured_media":7540,"template":"","meta":[],"product_brand":[],"product_cat":[519,152,433],"product_tag":[],"class_list":{"0":"post-3926","1":"product","2":"type-product","3":"status-publish","4":"has-post-thumbnail","6":"product_cat-arabian-oud","7":"product_cat-mixte","8":"product_cat-parfums-de-dubai","10":"first","11":"instock","12":"sale","13":"purchasable","14":"product-type-simple"},"yoast_head":"<!-- This site is optimized with the Yoast SEO plugin v27.5 - https:\/\/yoast.com\/product\/yoast-seo-wordpress\/ -->\n<title>Aseel Special Edition 100 ml | Arabian Oud<\/title>\n<meta name=\"description\" content=\"Un parfum cr\u00e9\u00e9 pour incarner le luxe selon Arabian Oud. Aseel Special Edition , d\u00e9peint une beaut\u00e9 olfactive qui vous envoutera.\" \/>\n<meta name=\"robots\" content=\"index, follow, max-snippet:-1, max-image-preview:large, max-video-preview:-1\" \/>\n<link rel=\"canonical\" href=\"https:\/\/arabian-mood.com\/en\/product\/aseel-special-edition\/\" \/>\n<meta property=\"og:locale\" content=\"en_US\" \/>\n<meta property=\"og:type\" content=\"article\" \/>\n<meta property=\"og:title\" content=\"Aseel Special Edition 100 ml | Arabian Oud\" \/>\n<meta property=\"og:description\" content=\"Un parfum cr\u00e9\u00e9 pour incarner le luxe selon Arabian Oud. Aseel Special Edition , d\u00e9peint une beaut\u00e9 olfactive qui vous envoutera.\" \/>\n<meta property=\"og:url\" content=\"https:\/\/arabian-mood.com\/en\/product\/aseel-special-edition\/\" \/>\n<meta property=\"og:site_name\" content=\"Arabian Mood\" \/>\n<meta property=\"article:modified_time\" content=\"2026-02-23T12:49:55+00:00\" \/>\n<meta property=\"og:image\" content=\"https:\/\/arabian-mood.com\/wp-content\/uploads\/2021\/11\/ASEEL-SPECIAL-EDITION-3.png\" \/>\n\t<meta property=\"og:image:width\" content=\"900\" \/>\n\t<meta property=\"og:image:height\" content=\"900\" \/>\n\t<meta property=\"og:image:type\" content=\"image\/png\" \/>\n<meta name=\"twitter:card\" content=\"summary_large_image\" \/>\n<meta name=\"twitter:label1\" content=\"Est. reading time\" \/>\n\t<meta name=\"twitter:data1\" content=\"2 minutes\" \/>\n<script type=\"application\/ld+json\" class=\"yoast-schema-graph\">{\"@context\":\"https:\\\/\\\/schema.org\",\"@graph\":[{\"@type\":\"WebPage\",\"@id\":\"https:\\\/\\\/arabian-mood.com\\\/produit\\\/aseel-special-edition\\\/\",\"url\":\"https:\\\/\\\/arabian-mood.com\\\/produit\\\/aseel-special-edition\\\/\",\"name\":\"Aseel Special Edition 100 ml | Arabian Oud\",\"isPartOf\":{\"@id\":\"https:\\\/\\\/arabian-mood.com\\\/#website\"},\"primaryImageOfPage\":{\"@id\":\"https:\\\/\\\/arabian-mood.com\\\/produit\\\/aseel-special-edition\\\/#primaryimage\"},\"image\":{\"@id\":\"https:\\\/\\\/arabian-mood.com\\\/produit\\\/aseel-special-edition\\\/#primaryimage\"},\"thumbnailUrl\":\"https:\\\/\\\/arabian-mood.com\\\/wp-content\\\/uploads\\\/2021\\\/11\\\/ASEEL-SPECIAL-EDITION-3.png\",\"datePublished\":\"2021-11-03T09:10:47+00:00\",\"dateModified\":\"2026-02-23T12:49:55+00:00\",\"description\":\"Un parfum cr\u00e9\u00e9 pour incarner le luxe selon Arabian Oud. Aseel Special Edition , d\u00e9peint une beaut\u00e9 olfactive qui vous envoutera.\",\"breadcrumb\":{\"@id\":\"https:\\\/\\\/arabian-mood.com\\\/produit\\\/aseel-special-edition\\\/#breadcrumb\"},\"inLanguage\":\"en-US\",\"potentialAction\":[{\"@type\":\"ReadAction\",\"target\":[\"https:\\\/\\\/arabian-mood.com\\\/produit\\\/aseel-special-edition\\\/\"]}]},{\"@type\":\"ImageObject\",\"inLanguage\":\"en-US\",\"@id\":\"https:\\\/\\\/arabian-mood.com\\\/produit\\\/aseel-special-edition\\\/#primaryimage\",\"url\":\"https:\\\/\\\/arabian-mood.com\\\/wp-content\\\/uploads\\\/2021\\\/11\\\/ASEEL-SPECIAL-EDITION-3.png\",\"contentUrl\":\"https:\\\/\\\/arabian-mood.com\\\/wp-content\\\/uploads\\\/2021\\\/11\\\/ASEEL-SPECIAL-EDITION-3.png\",\"width\":900,\"height\":900,\"caption\":\"PARFUM ASEEL SPECIAL EDITION\"},{\"@type\":\"BreadcrumbList\",\"@id\":\"https:\\\/\\\/arabian-mood.com\\\/produit\\\/aseel-special-edition\\\/#breadcrumb\",\"itemListElement\":[{\"@type\":\"ListItem\",\"position\":1,\"name\":\"Accueil\",\"item\":\"https:\\\/\\\/arabian-mood.com\\\/\"},{\"@type\":\"ListItem\",\"position\":2,\"name\":\"Boutique\",\"item\":\"https:\\\/\\\/arabian-mood.com\\\/boutique\\\/\"},{\"@type\":\"ListItem\",\"position\":3,\"name\":\"Aseel Special Edition 100 ml &#8211; Arabian Oud\"}]},{\"@type\":\"WebSite\",\"@id\":\"https:\\\/\\\/arabian-mood.com\\\/#website\",\"url\":\"https:\\\/\\\/arabian-mood.com\\\/\",\"name\":\"Arabian Mood\",\"description\":\"\",\"publisher\":{\"@id\":\"https:\\\/\\\/arabian-mood.com\\\/#organization\"},\"potentialAction\":[{\"@type\":\"SearchAction\",\"target\":{\"@type\":\"EntryPoint\",\"urlTemplate\":\"https:\\\/\\\/arabian-mood.com\\\/?s={search_term_string}\"},\"query-input\":{\"@type\":\"PropertyValueSpecification\",\"valueRequired\":true,\"valueName\":\"search_term_string\"}}],\"inLanguage\":\"en-US\"},{\"@type\":\"Organization\",\"@id\":\"https:\\\/\\\/arabian-mood.com\\\/#organization\",\"name\":\"Arabian Mood\",\"url\":\"https:\\\/\\\/arabian-mood.com\\\/\",\"logo\":{\"@type\":\"ImageObject\",\"inLanguage\":\"en-US\",\"@id\":\"https:\\\/\\\/arabian-mood.com\\\/#\\\/schema\\\/logo\\\/image\\\/\",\"url\":\"https:\\\/\\\/arabian-mood.com\\\/wp-content\\\/uploads\\\/2024\\\/09\\\/Groupe-11304.svg\",\"contentUrl\":\"https:\\\/\\\/arabian-mood.com\\\/wp-content\\\/uploads\\\/2024\\\/09\\\/Groupe-11304.svg\",\"width\":214,\"height\":27,\"caption\":\"Arabian Mood\"},\"image\":{\"@id\":\"https:\\\/\\\/arabian-mood.com\\\/#\\\/schema\\\/logo\\\/image\\\/\"},\"sameAs\":[\"https:\\\/\\\/www.instagram.com\\\/arabianmoodofficiel\\\/\"]}]}<\/script>\n<!-- \/ Yoast SEO plugin. -->","yoast_head_json":{"title":"Aseel Special Edition 100 ml | Arabian Oud","description":"Un parfum cr\u00e9\u00e9 pour incarner le luxe selon Arabian Oud. Aseel Special Edition , d\u00e9peint une beaut\u00e9 olfactive qui vous envoutera.","robots":{"index":"index","follow":"follow","max-snippet":"max-snippet:-1","max-image-preview":"max-image-preview:large","max-video-preview":"max-video-preview:-1"},"canonical":"https:\/\/arabian-mood.com\/en\/product\/aseel-special-edition\/","og_locale":"en_US","og_type":"article","og_title":"Aseel Special Edition 100 ml | Arabian Oud","og_description":"Un parfum cr\u00e9\u00e9 pour incarner le luxe selon Arabian Oud. Aseel Special Edition , d\u00e9peint une beaut\u00e9 olfactive qui vous envoutera.","og_url":"https:\/\/arabian-mood.com\/en\/product\/aseel-special-edition\/","og_site_name":"Arabian Mood","article_modified_time":"2026-02-23T12:49:55+00:00","og_image":[{"width":900,"height":900,"url":"https:\/\/arabian-mood.com\/wp-content\/uploads\/2021\/11\/ASEEL-SPECIAL-EDITION-3.png","type":"image\/png"}],"twitter_card":"summary_large_image","twitter_misc":{"Est. reading time":"2 minutes"},"schema":{"@context":"https:\/\/schema.org","@graph":[{"@type":"WebPage","@id":"https:\/\/arabian-mood.com\/produit\/aseel-special-edition\/","url":"https:\/\/arabian-mood.com\/produit\/aseel-special-edition\/","name":"Aseel Special Edition 100 ml | Arabian Oud","isPartOf":{"@id":"https:\/\/arabian-mood.com\/#website"},"primaryImageOfPage":{"@id":"https:\/\/arabian-mood.com\/produit\/aseel-special-edition\/#primaryimage"},"image":{"@id":"https:\/\/arabian-mood.com\/produit\/aseel-special-edition\/#primaryimage"},"thumbnailUrl":"https:\/\/arabian-mood.com\/wp-content\/uploads\/2021\/11\/ASEEL-SPECIAL-EDITION-3.png","datePublished":"2021-11-03T09:10:47+00:00","dateModified":"2026-02-23T12:49:55+00:00","description":"Un parfum cr\u00e9\u00e9 pour incarner le luxe selon Arabian Oud. Aseel Special Edition , d\u00e9peint une beaut\u00e9 olfactive qui vous envoutera.","breadcrumb":{"@id":"https:\/\/arabian-mood.com\/produit\/aseel-special-edition\/#breadcrumb"},"inLanguage":"en-US","potentialAction":[{"@type":"ReadAction","target":["https:\/\/arabian-mood.com\/produit\/aseel-special-edition\/"]}]},{"@type":"ImageObject","inLanguage":"en-US","@id":"https:\/\/arabian-mood.com\/produit\/aseel-special-edition\/#primaryimage","url":"https:\/\/arabian-mood.com\/wp-content\/uploads\/2021\/11\/ASEEL-SPECIAL-EDITION-3.png","contentUrl":"https:\/\/arabian-mood.com\/wp-content\/uploads\/2021\/11\/ASEEL-SPECIAL-EDITION-3.png","width":900,"height":900,"caption":"PARFUM ASEEL SPECIAL EDITION"},{"@type":"BreadcrumbList","@id":"https:\/\/arabian-mood.com\/produit\/aseel-special-edition\/#breadcrumb","itemListElement":[{"@type":"ListItem","position":1,"name":"Accueil","item":"https:\/\/arabian-mood.com\/"},{"@type":"ListItem","position":2,"name":"Boutique","item":"https:\/\/arabian-mood.com\/boutique\/"},{"@type":"ListItem","position":3,"name":"Aseel Special Edition 100 ml &#8211; Arabian Oud"}]},{"@type":"WebSite","@id":"https:\/\/arabian-mood.com\/#website","url":"https:\/\/arabian-mood.com\/","name":"Arabian Mood","description":"","publisher":{"@id":"https:\/\/arabian-mood.com\/#organization"},"potentialAction":[{"@type":"SearchAction","target":{"@type":"EntryPoint","urlTemplate":"https:\/\/arabian-mood.com\/?s={search_term_string}"},"query-input":{"@type":"PropertyValueSpecification","valueRequired":true,"valueName":"search_term_string"}}],"inLanguage":"en-US"},{"@type":"Organization","@id":"https:\/\/arabian-mood.com\/#organization","name":"Arabian Mood","url":"https:\/\/arabian-mood.com\/","logo":{"@type":"ImageObject","inLanguage":"en-US","@id":"https:\/\/arabian-mood.com\/#\/schema\/logo\/image\/","url":"https:\/\/arabian-mood.com\/wp-content\/uploads\/2024\/09\/Groupe-11304.svg","contentUrl":"https:\/\/arabian-mood.com\/wp-content\/uploads\/2024\/09\/Groupe-11304.svg","width":214,"height":27,"caption":"Arabian Mood"},"image":{"@id":"https:\/\/arabian-mood.com\/#\/schema\/logo\/image\/"},"sameAs":["https:\/\/www.instagram.com\/arabianmoodofficiel\/"]}]}},"_links":{"self":[{"href":"https:\/\/arabian-mood.com\/en\/wp-json\/wp\/v2\/product\/3926","targetHints":{"allow":["GET"]}}],"collection":[{"href":"https:\/\/arabian-mood.com\/en\/wp-json\/wp\/v2\/product"}],"about":[{"href":"https:\/\/arabian-mood.com\/en\/wp-json\/wp\/v2\/types\/product"}],"wp:featuredmedia":[{"embeddable":true,"href":"https:\/\/arabian-mood.com\/en\/wp-json\/wp\/v2\/media\/7540"}],"wp:attachment":[{"href":"https:\/\/arabian-mood.com\/en\/wp-json\/wp\/v2\/media?parent=3926"}],"wp:term":[{"taxonomy":"product_brand","embeddable":true,"href":"https:\/\/arabian-mood.com\/en\/wp-json\/wp\/v2\/product_brand?post=3926"},{"taxonomy":"product_cat","embeddable":true,"href":"https:\/\/arabian-mood.com\/en\/wp-json\/wp\/v2\/product_cat?post=3926"},{"taxonomy":"product_tag","embeddable":true,"href":"https:\/\/arabian-mood.com\/en\/wp-json\/wp\/v2\/product_tag?post=3926"}],"curies":[{"name":"wp","href":"https:\/\/api.w.org\/{rel}","templated":true}]}}