{"id":4829,"date":"2021-12-17T17:19:49","date_gmt":"2021-12-17T16:19:49","guid":{"rendered":"https:\/\/arabian-mood.com\/?post_type=product&#038;p=4829"},"modified":"2023-09-05T10:15:17","modified_gmt":"2023-09-05T08:15:17","slug":"spray-dinterieur-oud-vanilla","status":"publish","type":"product","link":"https:\/\/arabian-mood.com\/en\/produit\/spray-dinterieur-oud-vanilla\/","title":{"rendered":"Spray Textile Oud &#038; Vanilla"},"content":{"rendered":"<p><strong>Conseil d&#8217;utilisation :<\/strong><\/p>\n<p>Pulv\u00e9risez votre spray\u00a0Oud &amp; Vanilla dans l&#8217;air int\u00e9rieur pour rendre votre ambiance plus agr\u00e9able ainsi que sur vos textiles de maison\u00a0(rideaux, canap\u00e9, etc). Vous d\u00e9couvrirez un parfum d&#8217;int\u00e9rieur magique et luxueux qui ravira vos sens, cr\u00e9ant une atmosph\u00e8re\u00a0de fraicheur et de propret\u00e9.<\/p>","protected":false},"excerpt":{"rendered":"<p>Le parfum d\u2019int\u00e9rieur\u00a0Oud &amp; Vanilla lib\u00e8re une note de t\u00eate douce et gourmande de plumeria et de vanille, prolong\u00e9e par la senteur \u00e9l\u00e9gante du Oud.<\/p>\n<p>En une simple vaporisation, personnalisez instantan\u00e9ment votre int\u00e9rieur et cr\u00e9ez une atmosph\u00e8re chaleureuse.<\/p>","protected":false},"featured_media":4831,"template":"","meta":[],"product_brand":[],"product_cat":[437,442],"product_tag":[],"class_list":{"0":"post-4829","1":"product","2":"type-product","3":"status-publish","4":"has-post-thumbnail","6":"product_cat-maison","7":"product_cat-spray-dinterieur-maison","9":"first","10":"outofstock","11":"sale","12":"taxable","13":"shipping-taxable","14":"purchasable","15":"product-type-simple"},"yoast_head":"<!-- This site is optimized with the Yoast SEO plugin v27.6 - https:\/\/yoast.com\/product\/yoast-seo-wordpress\/ -->\n<title>spray d&#039;int\u00e9rieur Oud &amp; Vanilla<\/title>\n<meta name=\"description\" content=\"Ce spray d\u2019int\u00e9rieur Oud &amp; Vanilla apaisera votre ambiance. Laissez-vous envahir par les effluves de ce parfum d\u2019int\u00e9rieur .\" \/>\n<meta name=\"robots\" content=\"index, follow, max-snippet:-1, max-image-preview:large, max-video-preview:-1\" \/>\n<link rel=\"canonical\" href=\"https:\/\/arabian-mood.com\/en\/product\/spray-dinterieur-oud-vanilla\/\" \/>\n<meta property=\"og:locale\" content=\"en_US\" \/>\n<meta property=\"og:type\" content=\"article\" \/>\n<meta property=\"og:title\" content=\"spray d&#039;int\u00e9rieur Oud &amp; Vanilla\" \/>\n<meta property=\"og:description\" content=\"Ce spray d\u2019int\u00e9rieur Oud &amp; Vanilla apaisera votre ambiance. Laissez-vous envahir par les effluves de ce parfum d\u2019int\u00e9rieur .\" \/>\n<meta property=\"og:url\" content=\"https:\/\/arabian-mood.com\/en\/product\/spray-dinterieur-oud-vanilla\/\" \/>\n<meta property=\"og:site_name\" content=\"Arabian Mood\" \/>\n<meta property=\"article:modified_time\" content=\"2023-09-05T08:15:17+00:00\" \/>\n<meta property=\"og:image\" content=\"https:\/\/arabian-mood.com\/wp-content\/uploads\/2021\/12\/OUD-VANILLE.png\" \/>\n\t<meta property=\"og:image:width\" content=\"1000\" \/>\n\t<meta property=\"og:image:height\" content=\"1000\" \/>\n\t<meta property=\"og:image:type\" content=\"image\/png\" \/>\n<meta name=\"twitter:card\" content=\"summary_large_image\" \/>\n<meta name=\"twitter:label1\" content=\"Est. reading time\" \/>\n\t<meta name=\"twitter:data1\" content=\"1 minute\" \/>\n<script type=\"application\/ld+json\" class=\"yoast-schema-graph\">{\"@context\":\"https:\\\/\\\/schema.org\",\"@graph\":[{\"@type\":\"WebPage\",\"@id\":\"https:\\\/\\\/arabian-mood.com\\\/produit\\\/spray-dinterieur-oud-vanilla\\\/\",\"url\":\"https:\\\/\\\/arabian-mood.com\\\/produit\\\/spray-dinterieur-oud-vanilla\\\/\",\"name\":\"spray d'int\u00e9rieur Oud & Vanilla\",\"isPartOf\":{\"@id\":\"https:\\\/\\\/arabian-mood.com\\\/#website\"},\"primaryImageOfPage\":{\"@id\":\"https:\\\/\\\/arabian-mood.com\\\/produit\\\/spray-dinterieur-oud-vanilla\\\/#primaryimage\"},\"image\":{\"@id\":\"https:\\\/\\\/arabian-mood.com\\\/produit\\\/spray-dinterieur-oud-vanilla\\\/#primaryimage\"},\"thumbnailUrl\":\"https:\\\/\\\/uxid.fra1.digitaloceanspaces.com\\\/arabian-mood\\\/wp-content\\\/uploads\\\/2021\\\/12\\\/22161747\\\/OUD-VANILLE.png\",\"datePublished\":\"2021-12-17T16:19:49+00:00\",\"dateModified\":\"2023-09-05T08:15:17+00:00\",\"description\":\"Ce spray d\u2019int\u00e9rieur Oud & Vanilla apaisera votre ambiance. Laissez-vous envahir par les effluves de ce parfum d\u2019int\u00e9rieur .\",\"breadcrumb\":{\"@id\":\"https:\\\/\\\/arabian-mood.com\\\/produit\\\/spray-dinterieur-oud-vanilla\\\/#breadcrumb\"},\"inLanguage\":\"en-US\",\"potentialAction\":[{\"@type\":\"ReadAction\",\"target\":[\"https:\\\/\\\/arabian-mood.com\\\/produit\\\/spray-dinterieur-oud-vanilla\\\/\"]}]},{\"@type\":\"ImageObject\",\"inLanguage\":\"en-US\",\"@id\":\"https:\\\/\\\/arabian-mood.com\\\/produit\\\/spray-dinterieur-oud-vanilla\\\/#primaryimage\",\"url\":\"https:\\\/\\\/uxid.fra1.digitaloceanspaces.com\\\/arabian-mood\\\/wp-content\\\/uploads\\\/2021\\\/12\\\/22161747\\\/OUD-VANILLE.png\",\"contentUrl\":\"https:\\\/\\\/uxid.fra1.digitaloceanspaces.com\\\/arabian-mood\\\/wp-content\\\/uploads\\\/2021\\\/12\\\/22161747\\\/OUD-VANILLE.png\",\"width\":1000,\"height\":1000},{\"@type\":\"BreadcrumbList\",\"@id\":\"https:\\\/\\\/arabian-mood.com\\\/produit\\\/spray-dinterieur-oud-vanilla\\\/#breadcrumb\",\"itemListElement\":[{\"@type\":\"ListItem\",\"position\":1,\"name\":\"Accueil\",\"item\":\"https:\\\/\\\/arabian-mood.com\\\/\"},{\"@type\":\"ListItem\",\"position\":2,\"name\":\"Boutique\",\"item\":\"https:\\\/\\\/arabian-mood.com\\\/boutique\\\/\"},{\"@type\":\"ListItem\",\"position\":3,\"name\":\"Spray Textile Oud &#038; Vanilla\"}]},{\"@type\":\"WebSite\",\"@id\":\"https:\\\/\\\/arabian-mood.com\\\/#website\",\"url\":\"https:\\\/\\\/arabian-mood.com\\\/\",\"name\":\"Arabian Mood\",\"description\":\"\",\"publisher\":{\"@id\":\"https:\\\/\\\/arabian-mood.com\\\/#organization\"},\"potentialAction\":[{\"@type\":\"SearchAction\",\"target\":{\"@type\":\"EntryPoint\",\"urlTemplate\":\"https:\\\/\\\/arabian-mood.com\\\/?s={search_term_string}\"},\"query-input\":{\"@type\":\"PropertyValueSpecification\",\"valueRequired\":true,\"valueName\":\"search_term_string\"}}],\"inLanguage\":\"en-US\"},{\"@type\":\"Organization\",\"@id\":\"https:\\\/\\\/arabian-mood.com\\\/#organization\",\"name\":\"Arabian Mood\",\"url\":\"https:\\\/\\\/arabian-mood.com\\\/\",\"logo\":{\"@type\":\"ImageObject\",\"inLanguage\":\"en-US\",\"@id\":\"https:\\\/\\\/arabian-mood.com\\\/#\\\/schema\\\/logo\\\/image\\\/\",\"url\":\"https:\\\/\\\/arabian-mood.com\\\/wp-content\\\/uploads\\\/2024\\\/09\\\/Groupe-11304.svg\",\"contentUrl\":\"https:\\\/\\\/arabian-mood.com\\\/wp-content\\\/uploads\\\/2024\\\/09\\\/Groupe-11304.svg\",\"width\":214,\"height\":27,\"caption\":\"Arabian Mood\"},\"image\":{\"@id\":\"https:\\\/\\\/arabian-mood.com\\\/#\\\/schema\\\/logo\\\/image\\\/\"},\"sameAs\":[\"https:\\\/\\\/www.instagram.com\\\/arabianmoodofficiel\\\/\"]}]}<\/script>\n<!-- \/ Yoast SEO plugin. -->","yoast_head_json":{"title":"spray d'int\u00e9rieur Oud & Vanilla","description":"Ce spray d\u2019int\u00e9rieur Oud & Vanilla apaisera votre ambiance. Laissez-vous envahir par les effluves de ce parfum d\u2019int\u00e9rieur .","robots":{"index":"index","follow":"follow","max-snippet":"max-snippet:-1","max-image-preview":"max-image-preview:large","max-video-preview":"max-video-preview:-1"},"canonical":"https:\/\/arabian-mood.com\/en\/product\/spray-dinterieur-oud-vanilla\/","og_locale":"en_US","og_type":"article","og_title":"spray d'int\u00e9rieur Oud & Vanilla","og_description":"Ce spray d\u2019int\u00e9rieur Oud & Vanilla apaisera votre ambiance. Laissez-vous envahir par les effluves de ce parfum d\u2019int\u00e9rieur .","og_url":"https:\/\/arabian-mood.com\/en\/product\/spray-dinterieur-oud-vanilla\/","og_site_name":"Arabian Mood","article_modified_time":"2023-09-05T08:15:17+00:00","og_image":[{"width":1000,"height":1000,"url":"https:\/\/arabian-mood.com\/wp-content\/uploads\/2021\/12\/OUD-VANILLE.png","type":"image\/png"}],"twitter_card":"summary_large_image","twitter_misc":{"Est. reading time":"1 minute"},"schema":{"@context":"https:\/\/schema.org","@graph":[{"@type":"WebPage","@id":"https:\/\/arabian-mood.com\/produit\/spray-dinterieur-oud-vanilla\/","url":"https:\/\/arabian-mood.com\/produit\/spray-dinterieur-oud-vanilla\/","name":"spray d'int\u00e9rieur Oud & Vanilla","isPartOf":{"@id":"https:\/\/arabian-mood.com\/#website"},"primaryImageOfPage":{"@id":"https:\/\/arabian-mood.com\/produit\/spray-dinterieur-oud-vanilla\/#primaryimage"},"image":{"@id":"https:\/\/arabian-mood.com\/produit\/spray-dinterieur-oud-vanilla\/#primaryimage"},"thumbnailUrl":"https:\/\/uxid.fra1.digitaloceanspaces.com\/arabian-mood\/wp-content\/uploads\/2021\/12\/22161747\/OUD-VANILLE.png","datePublished":"2021-12-17T16:19:49+00:00","dateModified":"2023-09-05T08:15:17+00:00","description":"Ce spray d\u2019int\u00e9rieur Oud & Vanilla apaisera votre ambiance. Laissez-vous envahir par les effluves de ce parfum d\u2019int\u00e9rieur .","breadcrumb":{"@id":"https:\/\/arabian-mood.com\/produit\/spray-dinterieur-oud-vanilla\/#breadcrumb"},"inLanguage":"en-US","potentialAction":[{"@type":"ReadAction","target":["https:\/\/arabian-mood.com\/produit\/spray-dinterieur-oud-vanilla\/"]}]},{"@type":"ImageObject","inLanguage":"en-US","@id":"https:\/\/arabian-mood.com\/produit\/spray-dinterieur-oud-vanilla\/#primaryimage","url":"https:\/\/uxid.fra1.digitaloceanspaces.com\/arabian-mood\/wp-content\/uploads\/2021\/12\/22161747\/OUD-VANILLE.png","contentUrl":"https:\/\/uxid.fra1.digitaloceanspaces.com\/arabian-mood\/wp-content\/uploads\/2021\/12\/22161747\/OUD-VANILLE.png","width":1000,"height":1000},{"@type":"BreadcrumbList","@id":"https:\/\/arabian-mood.com\/produit\/spray-dinterieur-oud-vanilla\/#breadcrumb","itemListElement":[{"@type":"ListItem","position":1,"name":"Accueil","item":"https:\/\/arabian-mood.com\/"},{"@type":"ListItem","position":2,"name":"Boutique","item":"https:\/\/arabian-mood.com\/boutique\/"},{"@type":"ListItem","position":3,"name":"Spray Textile Oud &#038; Vanilla"}]},{"@type":"WebSite","@id":"https:\/\/arabian-mood.com\/#website","url":"https:\/\/arabian-mood.com\/","name":"Arabian Mood","description":"","publisher":{"@id":"https:\/\/arabian-mood.com\/#organization"},"potentialAction":[{"@type":"SearchAction","target":{"@type":"EntryPoint","urlTemplate":"https:\/\/arabian-mood.com\/?s={search_term_string}"},"query-input":{"@type":"PropertyValueSpecification","valueRequired":true,"valueName":"search_term_string"}}],"inLanguage":"en-US"},{"@type":"Organization","@id":"https:\/\/arabian-mood.com\/#organization","name":"Arabian Mood","url":"https:\/\/arabian-mood.com\/","logo":{"@type":"ImageObject","inLanguage":"en-US","@id":"https:\/\/arabian-mood.com\/#\/schema\/logo\/image\/","url":"https:\/\/arabian-mood.com\/wp-content\/uploads\/2024\/09\/Groupe-11304.svg","contentUrl":"https:\/\/arabian-mood.com\/wp-content\/uploads\/2024\/09\/Groupe-11304.svg","width":214,"height":27,"caption":"Arabian Mood"},"image":{"@id":"https:\/\/arabian-mood.com\/#\/schema\/logo\/image\/"},"sameAs":["https:\/\/www.instagram.com\/arabianmoodofficiel\/"]}]}},"_links":{"self":[{"href":"https:\/\/arabian-mood.com\/en\/wp-json\/wp\/v2\/product\/4829","targetHints":{"allow":["GET"]}}],"collection":[{"href":"https:\/\/arabian-mood.com\/en\/wp-json\/wp\/v2\/product"}],"about":[{"href":"https:\/\/arabian-mood.com\/en\/wp-json\/wp\/v2\/types\/product"}],"wp:featuredmedia":[{"embeddable":true,"href":"https:\/\/arabian-mood.com\/en\/wp-json\/wp\/v2\/media\/4831"}],"wp:attachment":[{"href":"https:\/\/arabian-mood.com\/en\/wp-json\/wp\/v2\/media?parent=4829"}],"wp:term":[{"taxonomy":"product_brand","embeddable":true,"href":"https:\/\/arabian-mood.com\/en\/wp-json\/wp\/v2\/product_brand?post=4829"},{"taxonomy":"product_cat","embeddable":true,"href":"https:\/\/arabian-mood.com\/en\/wp-json\/wp\/v2\/product_cat?post=4829"},{"taxonomy":"product_tag","embeddable":true,"href":"https:\/\/arabian-mood.com\/en\/wp-json\/wp\/v2\/product_tag?post=4829"}],"curies":[{"name":"wp","href":"https:\/\/api.w.org\/{rel}","templated":true}]}}