{"id":6773,"date":"2023-10-23T17:08:23","date_gmt":"2023-10-23T15:08:23","guid":{"rendered":"https:\/\/arabian-mood.com\/?post_type=product&#038;p=6773"},"modified":"2025-10-13T09:38:07","modified_gmt":"2025-10-13T07:38:07","slug":"bab-al-wardi-ard-al-zaafaran","status":"publish","type":"product","link":"https:\/\/arabian-mood.com\/en\/produit\/bab-al-wardi-ard-al-zaafaran\/","title":{"rendered":"Bab Al Wardi &#8211; Ard Al Zaafaran"},"content":{"rendered":"<p><strong>Bab Al Wardi<\/strong> sent la <strong>rose<\/strong> d\u00e8s les premi\u00e8res secondes. Ce parfum d&#8217;<strong>Ard al Zaafaran<\/strong> mise tout sur le jasmin et les fleurs blanches pour s\u00e9duire les femmes qui aiment porter du parfum tous les jours. Contrairement \u00e0 beaucoup de <strong>oriental perfumes<\/strong> jug\u00e9s trop lourds, celui-ci reste agr\u00e9able m\u00eame en plein \u00e9t\u00e9.<\/p>\n<h2>Bab Al Wardi d&#8217;Ard Al Zaafaran : un parfum qui sent bon l&#8217;Orient<\/h2>\n<p>Ce qui surprend d\u2019abord dans ce <strong>parfum oriental pour femme<\/strong>, c\u2019est sa fra\u00eecheur vive d\u00e8s les premi\u00e8res notes. Le <strong>cassis<\/strong> et les <strong>agrumes<\/strong> r\u00e9veillent les sens, un peu comme une gorg\u00e9e de th\u00e9 \u00e0 la menthe par une journ\u00e9e chaude. Mais cette sensation ne dure pas longtemps, car le parfum d\u00e9voile vite son c\u00f4t\u00e9 oriental plus intense.<\/p>\n<p>La note de c\u0153ur se d\u00e9voile ensuite, avec le\u00a0<strong>jasmin<\/strong> qui se m\u00e9lange avec la rose pour cr\u00e9er un bouquet floral qui sent admirablement bon. Ces <strong>fleurs blanches<\/strong> donnent une touche douce et apaisante, comparable \u00e0 un coin de fra\u00eecheur au c\u0153ur d\u2019un vieux riad.<\/p>\n<p>Mais c&#8217;est vraiment sur la fin que ce\u00a0<strong>parfum f\u00e9minin<\/strong> montre toute sa personnalit\u00e9. Le <strong>musk<\/strong> et la <strong>vanille<\/strong> s&#8217;installent confortablement sur la peau et y restent des heures. Cette note de fond apporte de une chaleur qui colle parfaitement \u00e0 l&#8217;id\u00e9e qu&#8217;on se fait d&#8217;un bon <strong>parfum de Duba\u00ef pour femme<\/strong>.<\/p>\n<h3>Bab Al Wardi : un parfum purement oriental<\/h3>\n<p>Pas besoin de remettre du parfum toutes les deux heures avec cette fragrance. En effet, elle a une tenue remarquable qui tient facilement pendant plusieurs heures. C&#8217;est parfait pour celles qui veulent un <strong>parfum fiable<\/strong>, que ce soit pour aller travailler ou pour une occasion sp\u00e9ciale.<\/p>\n<p>Le sillage est quant \u00e0 lui \u00e0 point ! Ni trop discret au point qu&#8217;on ne le sent pas, ni trop fort au point de d\u00e9ranger les autres. Les gens vont remarquer que vous sentez bon sans que ce soit agressif. C&#8217;est exactement ce qu&#8217;on attend d&#8217;un parfum de qualit\u00e9. En plus de Bab Al Wardi, nous vous conseillons vivement de commander\u00a0<a href=\"https:\/\/arabian-mood.com\/en\/product\/eau-de-parfum-oud-and-rose-ahmed-al-maghribi\/\"><strong>Oud &amp; Rose<\/strong><\/a> d&#8217;<strong>Ahmed Al Maghribi<\/strong>. Celui-ci marie cette prestigieuse fleur \u00e0 des bois pr\u00e9cieux pour vous rendre charmante \u00e0 l&#8217;oriental !<\/p>\n<h3>Un joli flacon qui fait plaisir<\/h3>\n<p>Ard al Zaafaran a pens\u00e9 \u00e0 tout, m\u00eame \u00e0 l&#8217;emballage. Le flacon de Bab Al Wardi est vraiment joli, avec sa teinte ambr\u00e9e. Les petits d\u00e9tails dor\u00e9s lui donnent, quant \u00e0 eux, un c\u00f4t\u00e9 luxueux sans en faire des tonnes.<\/p>","protected":false},"excerpt":{"rendered":"<p><strong>Note de t\u00eate<\/strong> : Agrumes, c\u00e8dre, rose<br \/>\n<strong>Note de c\u0153ur<\/strong> : Fleurs, oud, poivre rose, pamplemousse<br \/>\n<strong>Note de fond<\/strong> : Ambre, c\u00e8dre, notes bois\u00e9es, oud, patchouli<\/p>","protected":false},"featured_media":6774,"template":"","meta":[],"product_brand":[],"product_cat":[578,433],"product_tag":[],"class_list":{"0":"post-6773","1":"product","2":"type-product","3":"status-publish","4":"has-post-thumbnail","6":"product_cat-ard-al-zaafaran","7":"product_cat-parfums-de-dubai","9":"first","10":"instock","11":"sale","12":"taxable","13":"shipping-taxable","14":"purchasable","15":"product-type-simple"},"yoast_head":"<!-- This site is optimized with the Yoast SEO plugin v27.4 - https:\/\/yoast.com\/product\/yoast-seo-wordpress\/ -->\n<title>Bab Al Wardi - Ard Al Zaafaran - Arabian Mood<\/title>\n<meta name=\"description\" content=\"D\u00e9couvrez Bab Al Wardi d\u2019Ard Al Zaafaran, un parfum oriental f\u00e9minin au design girly et ultra soign\u00e9. Agrumes, rose, oud et ambre au rendez-vous !\" \/>\n<meta name=\"robots\" content=\"index, follow, max-snippet:-1, max-image-preview:large, max-video-preview:-1\" \/>\n<link rel=\"canonical\" href=\"https:\/\/arabian-mood.com\/en\/product\/bab-al-wardi-ard-al-zaafaran\/\" \/>\n<meta property=\"og:locale\" content=\"en_US\" \/>\n<meta property=\"og:type\" content=\"article\" \/>\n<meta property=\"og:title\" content=\"Bab Al Wardi - Ard Al Zaafaran - Arabian Mood\" \/>\n<meta property=\"og:description\" content=\"D\u00e9couvrez Bab Al Wardi d\u2019Ard Al Zaafaran, un parfum oriental f\u00e9minin au design girly et ultra soign\u00e9. Agrumes, rose, oud et ambre au rendez-vous !\" \/>\n<meta property=\"og:url\" content=\"https:\/\/arabian-mood.com\/en\/product\/bab-al-wardi-ard-al-zaafaran\/\" \/>\n<meta property=\"og:site_name\" content=\"Arabian Mood\" \/>\n<meta property=\"article:modified_time\" content=\"2025-10-13T07:38:07+00:00\" \/>\n<meta property=\"og:image\" content=\"https:\/\/arabian-mood.com\/wp-content\/uploads\/2023\/10\/bab-al-wardi-ard-al-zaafaran-521x521-1.jpg\" \/>\n\t<meta property=\"og:image:width\" content=\"521\" \/>\n\t<meta property=\"og:image:height\" content=\"521\" \/>\n\t<meta property=\"og:image:type\" content=\"image\/jpeg\" \/>\n<meta name=\"twitter:card\" content=\"summary_large_image\" \/>\n<meta name=\"twitter:label1\" content=\"Est. reading time\" \/>\n\t<meta name=\"twitter:data1\" content=\"3 minutes\" \/>\n<script type=\"application\/ld+json\" class=\"yoast-schema-graph\">{\"@context\":\"https:\\\/\\\/schema.org\",\"@graph\":[{\"@type\":\"WebPage\",\"@id\":\"https:\\\/\\\/arabian-mood.com\\\/produit\\\/bab-al-wardi-ard-al-zaafaran\\\/\",\"url\":\"https:\\\/\\\/arabian-mood.com\\\/produit\\\/bab-al-wardi-ard-al-zaafaran\\\/\",\"name\":\"Bab Al Wardi - Ard Al Zaafaran - Arabian Mood\",\"isPartOf\":{\"@id\":\"https:\\\/\\\/arabian-mood.com\\\/#website\"},\"primaryImageOfPage\":{\"@id\":\"https:\\\/\\\/arabian-mood.com\\\/produit\\\/bab-al-wardi-ard-al-zaafaran\\\/#primaryimage\"},\"image\":{\"@id\":\"https:\\\/\\\/arabian-mood.com\\\/produit\\\/bab-al-wardi-ard-al-zaafaran\\\/#primaryimage\"},\"thumbnailUrl\":\"https:\\\/\\\/arabian-mood.com\\\/wp-content\\\/uploads\\\/2023\\\/10\\\/bab-al-wardi-ard-al-zaafaran-521x521-1.jpg\",\"datePublished\":\"2023-10-23T15:08:23+00:00\",\"dateModified\":\"2025-10-13T07:38:07+00:00\",\"description\":\"D\u00e9couvrez Bab Al Wardi d\u2019Ard Al Zaafaran, un parfum oriental f\u00e9minin au design girly et ultra soign\u00e9. Agrumes, rose, oud et ambre au rendez-vous !\",\"breadcrumb\":{\"@id\":\"https:\\\/\\\/arabian-mood.com\\\/produit\\\/bab-al-wardi-ard-al-zaafaran\\\/#breadcrumb\"},\"inLanguage\":\"en-US\",\"potentialAction\":[{\"@type\":\"ReadAction\",\"target\":[\"https:\\\/\\\/arabian-mood.com\\\/produit\\\/bab-al-wardi-ard-al-zaafaran\\\/\"]}]},{\"@type\":\"ImageObject\",\"inLanguage\":\"en-US\",\"@id\":\"https:\\\/\\\/arabian-mood.com\\\/produit\\\/bab-al-wardi-ard-al-zaafaran\\\/#primaryimage\",\"url\":\"https:\\\/\\\/arabian-mood.com\\\/wp-content\\\/uploads\\\/2023\\\/10\\\/bab-al-wardi-ard-al-zaafaran-521x521-1.jpg\",\"contentUrl\":\"https:\\\/\\\/arabian-mood.com\\\/wp-content\\\/uploads\\\/2023\\\/10\\\/bab-al-wardi-ard-al-zaafaran-521x521-1.jpg\",\"width\":521,\"height\":521,\"caption\":\"bab al wardi\"},{\"@type\":\"BreadcrumbList\",\"@id\":\"https:\\\/\\\/arabian-mood.com\\\/produit\\\/bab-al-wardi-ard-al-zaafaran\\\/#breadcrumb\",\"itemListElement\":[{\"@type\":\"ListItem\",\"position\":1,\"name\":\"Accueil\",\"item\":\"https:\\\/\\\/arabian-mood.com\\\/\"},{\"@type\":\"ListItem\",\"position\":2,\"name\":\"Boutique\",\"item\":\"https:\\\/\\\/arabian-mood.com\\\/boutique\\\/\"},{\"@type\":\"ListItem\",\"position\":3,\"name\":\"Bab Al Wardi &#8211; Ard Al Zaafaran\"}]},{\"@type\":\"WebSite\",\"@id\":\"https:\\\/\\\/arabian-mood.com\\\/#website\",\"url\":\"https:\\\/\\\/arabian-mood.com\\\/\",\"name\":\"Arabian Mood\",\"description\":\"\",\"publisher\":{\"@id\":\"https:\\\/\\\/arabian-mood.com\\\/#organization\"},\"potentialAction\":[{\"@type\":\"SearchAction\",\"target\":{\"@type\":\"EntryPoint\",\"urlTemplate\":\"https:\\\/\\\/arabian-mood.com\\\/?s={search_term_string}\"},\"query-input\":{\"@type\":\"PropertyValueSpecification\",\"valueRequired\":true,\"valueName\":\"search_term_string\"}}],\"inLanguage\":\"en-US\"},{\"@type\":\"Organization\",\"@id\":\"https:\\\/\\\/arabian-mood.com\\\/#organization\",\"name\":\"Arabian Mood\",\"url\":\"https:\\\/\\\/arabian-mood.com\\\/\",\"logo\":{\"@type\":\"ImageObject\",\"inLanguage\":\"en-US\",\"@id\":\"https:\\\/\\\/arabian-mood.com\\\/#\\\/schema\\\/logo\\\/image\\\/\",\"url\":\"https:\\\/\\\/arabian-mood.com\\\/wp-content\\\/uploads\\\/2024\\\/09\\\/Groupe-11304.svg\",\"contentUrl\":\"https:\\\/\\\/arabian-mood.com\\\/wp-content\\\/uploads\\\/2024\\\/09\\\/Groupe-11304.svg\",\"width\":214,\"height\":27,\"caption\":\"Arabian Mood\"},\"image\":{\"@id\":\"https:\\\/\\\/arabian-mood.com\\\/#\\\/schema\\\/logo\\\/image\\\/\"},\"sameAs\":[\"https:\\\/\\\/www.instagram.com\\\/arabianmoodofficiel\\\/\"]}]}<\/script>\n<!-- \/ Yoast SEO plugin. -->","yoast_head_json":{"title":"Bab Al Wardi - Ard Al Zaafaran - Arabian Mood","description":"D\u00e9couvrez Bab Al Wardi d\u2019Ard Al Zaafaran, un parfum oriental f\u00e9minin au design girly et ultra soign\u00e9. Agrumes, rose, oud et ambre au rendez-vous !","robots":{"index":"index","follow":"follow","max-snippet":"max-snippet:-1","max-image-preview":"max-image-preview:large","max-video-preview":"max-video-preview:-1"},"canonical":"https:\/\/arabian-mood.com\/en\/product\/bab-al-wardi-ard-al-zaafaran\/","og_locale":"en_US","og_type":"article","og_title":"Bab Al Wardi - Ard Al Zaafaran - Arabian Mood","og_description":"D\u00e9couvrez Bab Al Wardi d\u2019Ard Al Zaafaran, un parfum oriental f\u00e9minin au design girly et ultra soign\u00e9. Agrumes, rose, oud et ambre au rendez-vous !","og_url":"https:\/\/arabian-mood.com\/en\/product\/bab-al-wardi-ard-al-zaafaran\/","og_site_name":"Arabian Mood","article_modified_time":"2025-10-13T07:38:07+00:00","og_image":[{"width":521,"height":521,"url":"https:\/\/arabian-mood.com\/wp-content\/uploads\/2023\/10\/bab-al-wardi-ard-al-zaafaran-521x521-1.jpg","type":"image\/jpeg"}],"twitter_card":"summary_large_image","twitter_misc":{"Est. reading time":"3 minutes"},"schema":{"@context":"https:\/\/schema.org","@graph":[{"@type":"WebPage","@id":"https:\/\/arabian-mood.com\/produit\/bab-al-wardi-ard-al-zaafaran\/","url":"https:\/\/arabian-mood.com\/produit\/bab-al-wardi-ard-al-zaafaran\/","name":"Bab Al Wardi - Ard Al Zaafaran - Arabian Mood","isPartOf":{"@id":"https:\/\/arabian-mood.com\/#website"},"primaryImageOfPage":{"@id":"https:\/\/arabian-mood.com\/produit\/bab-al-wardi-ard-al-zaafaran\/#primaryimage"},"image":{"@id":"https:\/\/arabian-mood.com\/produit\/bab-al-wardi-ard-al-zaafaran\/#primaryimage"},"thumbnailUrl":"https:\/\/arabian-mood.com\/wp-content\/uploads\/2023\/10\/bab-al-wardi-ard-al-zaafaran-521x521-1.jpg","datePublished":"2023-10-23T15:08:23+00:00","dateModified":"2025-10-13T07:38:07+00:00","description":"D\u00e9couvrez Bab Al Wardi d\u2019Ard Al Zaafaran, un parfum oriental f\u00e9minin au design girly et ultra soign\u00e9. Agrumes, rose, oud et ambre au rendez-vous !","breadcrumb":{"@id":"https:\/\/arabian-mood.com\/produit\/bab-al-wardi-ard-al-zaafaran\/#breadcrumb"},"inLanguage":"en-US","potentialAction":[{"@type":"ReadAction","target":["https:\/\/arabian-mood.com\/produit\/bab-al-wardi-ard-al-zaafaran\/"]}]},{"@type":"ImageObject","inLanguage":"en-US","@id":"https:\/\/arabian-mood.com\/produit\/bab-al-wardi-ard-al-zaafaran\/#primaryimage","url":"https:\/\/arabian-mood.com\/wp-content\/uploads\/2023\/10\/bab-al-wardi-ard-al-zaafaran-521x521-1.jpg","contentUrl":"https:\/\/arabian-mood.com\/wp-content\/uploads\/2023\/10\/bab-al-wardi-ard-al-zaafaran-521x521-1.jpg","width":521,"height":521,"caption":"bab al wardi"},{"@type":"BreadcrumbList","@id":"https:\/\/arabian-mood.com\/produit\/bab-al-wardi-ard-al-zaafaran\/#breadcrumb","itemListElement":[{"@type":"ListItem","position":1,"name":"Accueil","item":"https:\/\/arabian-mood.com\/"},{"@type":"ListItem","position":2,"name":"Boutique","item":"https:\/\/arabian-mood.com\/boutique\/"},{"@type":"ListItem","position":3,"name":"Bab Al Wardi &#8211; Ard Al Zaafaran"}]},{"@type":"WebSite","@id":"https:\/\/arabian-mood.com\/#website","url":"https:\/\/arabian-mood.com\/","name":"Arabian Mood","description":"","publisher":{"@id":"https:\/\/arabian-mood.com\/#organization"},"potentialAction":[{"@type":"SearchAction","target":{"@type":"EntryPoint","urlTemplate":"https:\/\/arabian-mood.com\/?s={search_term_string}"},"query-input":{"@type":"PropertyValueSpecification","valueRequired":true,"valueName":"search_term_string"}}],"inLanguage":"en-US"},{"@type":"Organization","@id":"https:\/\/arabian-mood.com\/#organization","name":"Arabian Mood","url":"https:\/\/arabian-mood.com\/","logo":{"@type":"ImageObject","inLanguage":"en-US","@id":"https:\/\/arabian-mood.com\/#\/schema\/logo\/image\/","url":"https:\/\/arabian-mood.com\/wp-content\/uploads\/2024\/09\/Groupe-11304.svg","contentUrl":"https:\/\/arabian-mood.com\/wp-content\/uploads\/2024\/09\/Groupe-11304.svg","width":214,"height":27,"caption":"Arabian Mood"},"image":{"@id":"https:\/\/arabian-mood.com\/#\/schema\/logo\/image\/"},"sameAs":["https:\/\/www.instagram.com\/arabianmoodofficiel\/"]}]}},"_links":{"self":[{"href":"https:\/\/arabian-mood.com\/en\/wp-json\/wp\/v2\/product\/6773","targetHints":{"allow":["GET"]}}],"collection":[{"href":"https:\/\/arabian-mood.com\/en\/wp-json\/wp\/v2\/product"}],"about":[{"href":"https:\/\/arabian-mood.com\/en\/wp-json\/wp\/v2\/types\/product"}],"wp:featuredmedia":[{"embeddable":true,"href":"https:\/\/arabian-mood.com\/en\/wp-json\/wp\/v2\/media\/6774"}],"wp:attachment":[{"href":"https:\/\/arabian-mood.com\/en\/wp-json\/wp\/v2\/media?parent=6773"}],"wp:term":[{"taxonomy":"product_brand","embeddable":true,"href":"https:\/\/arabian-mood.com\/en\/wp-json\/wp\/v2\/product_brand?post=6773"},{"taxonomy":"product_cat","embeddable":true,"href":"https:\/\/arabian-mood.com\/en\/wp-json\/wp\/v2\/product_cat?post=6773"},{"taxonomy":"product_tag","embeddable":true,"href":"https:\/\/arabian-mood.com\/en\/wp-json\/wp\/v2\/product_tag?post=6773"}],"curies":[{"name":"wp","href":"https:\/\/api.w.org\/{rel}","templated":true}]}}