{"id":7814,"date":"2024-03-29T12:45:39","date_gmt":"2024-03-29T11:45:39","guid":{"rendered":"https:\/\/arabian-mood.com\/produit\/qaed-al-fursan\/"},"modified":"2026-01-20T13:14:13","modified_gmt":"2026-01-20T12:14:13","slug":"qaed-al-fursan","status":"publish","type":"product","link":"https:\/\/arabian-mood.com\/en\/produit\/qaed-al-fursan\/","title":{"rendered":"Qayed Al Fursan"},"content":{"rendered":"<p>Qaed Al Fursan By Lattafa<br \/>\nEntre fra\u00eecheur, puret\u00e9 et dynamisme, Qaed al fursan de la maison Lattafa Perfumes est une r\u00e9f\u00e9rence incontournable. Dot\u00e9 d\u2019une \u00e9l\u00e9gance qui parle d\u2019elle-m\u00eame, cette fragrance cr\u00e9\u00e9 la surprise d\u00e9s les premiers instants.<\/p>\n<p>Description olfactive<\/p>\n<p>D\u2019entr\u00e9, les notes exotiques d\u2019ananas et de bergamote explosent en t\u00eate de cette fragrance aguichante. Une touche sensuelle et douce apport\u00e9 par le m\u00e9lange subtile de la rose et du jasmin se font ainsi ressentir dans ces notes de coeur. De surcro\u00eet, cette arme olfactive se termine sur un fond d\u2019ambre et de vanille gourmande.<\/p>\n<p>Qaed al fursan By Lattafa renferme son \u00e9ffluve dans une bouteille aux formes classiques avec un bouchon aimant\u00e9 . Avec subtilit\u00e9, la gravure d\u2019un cheval pur sang sur l\u2019\u00e9crin nous renvoie directement au sens de la traduction du nom donn\u00e9 \u00e0 ce chef-d\u2019oeuvre \u201cle maitre des cavaliers\u201d<\/p>\n<p>Comment utiliser votre parfum Qaed Al Fursan By Lattafa ?<\/p>\n<p>Vous pouvez accompagner votre Qaed al fursan By lattafa par une huile de parfum sucr\u00e9 ou par la magnifique fragrance musk vanille de la parfumerie Maison Alhambra, de surcroit, son sillage ne sera que plus intense et envoutant. Le m\u00e9lange de deux fragrance cr\u00e9e un combo unique, ce qui rendra votre effluve encore plus personnel.<\/p>\n<p>L\u2019histoire du parfumeur<\/p>\n<p>Fond\u00e9e dans les ann\u00e9es 80, avec une vision initial de satisfaire la client\u00e8le des pays du golf. Des d\u00e9cennies plus tard, Lattafa \u00e0 impos\u00e9 sa vision \u00e0 la parfumerie moderne. Du packaging \u00e0 la fragrance, les cr\u00e9ations ne laisse pas de place au hasard. Avec plusieurs succ\u00e8s a son actifs, son inspiration n\u2019en finit pas de nous charmer. L\u2019objectif de la maison est simple : vous mettre un pied dans la parfumerie de luxe \u00e0 moindre prix. Entre culture et modernit\u00e9, les best-seller de la marques refl\u00e8tent le savoir faire des cr\u00e9ateur de parfum \u00e0 Dubai. Des conception uniques \u00e0 base de mati\u00e8re premi\u00e8re noble, le Oud, le Musc, la vanille et bien tant d\u2019autre. Aujourd\u2019hui, avec plusieurs ann\u00e9es d\u2019exp\u00e9rience dans le monde de la parfumerie, la maison Lattafa Perfumes est LE parfumeur du moment \u00e0 Dubai.<\/p>","protected":false},"excerpt":{"rendered":"<p>Notes de t\u00eate: , Ananas, Musc Blanc<\/p>\n<p>Notes de c\u0153ur: Jasmin, Rose<\/p>\n<p>Notes de fond: Bois de Oud, Bois de C\u00e8dre, Ambre<\/p>","protected":false},"featured_media":3822,"template":"","meta":[],"product_brand":[],"product_cat":[591],"product_tag":[],"class_list":{"0":"post-7814","1":"product","2":"type-product","3":"status-publish","4":"has-post-thumbnail","6":"product_cat-rupture-de-stock","8":"first","9":"instock","10":"sale","11":"purchasable","12":"product-type-simple"},"yoast_head":"<!-- This site is optimized with the Yoast SEO plugin v27.5 - https:\/\/yoast.com\/product\/yoast-seo-wordpress\/ -->\n<title>QAED AL FURSAN - Arabian Mood<\/title>\n<meta name=\"robots\" content=\"index, follow, max-snippet:-1, max-image-preview:large, max-video-preview:-1\" \/>\n<link rel=\"canonical\" href=\"https:\/\/arabian-mood.com\/en\/product\/qaed-al-fursan\/\" \/>\n<meta property=\"og:locale\" content=\"en_US\" \/>\n<meta property=\"og:type\" content=\"article\" \/>\n<meta property=\"og:title\" content=\"QAED AL FURSAN - Arabian Mood\" \/>\n<meta property=\"og:description\" content=\"Notes de t\u00eate: , Ananas, Musc Blanc  Notes de c\u0153ur: Jasmin, Rose  Notes de fond: Bois de Oud, Bois de C\u00e8dre, Ambre\" \/>\n<meta property=\"og:url\" content=\"https:\/\/arabian-mood.com\/en\/product\/qaed-al-fursan\/\" \/>\n<meta property=\"og:site_name\" content=\"Arabian Mood\" \/>\n<meta property=\"article:modified_time\" content=\"2026-01-20T12:14:13+00:00\" \/>\n<meta property=\"og:image\" content=\"https:\/\/arabian-mood.com\/wp-content\/uploads\/2021\/11\/QAED-AL-FURSAN.png\" \/>\n\t<meta property=\"og:image:width\" content=\"570\" \/>\n\t<meta property=\"og:image:height\" content=\"730\" \/>\n\t<meta property=\"og:image:type\" content=\"image\/png\" \/>\n<meta name=\"twitter:card\" content=\"summary_large_image\" \/>\n<meta name=\"twitter:label1\" content=\"Est. reading time\" \/>\n\t<meta name=\"twitter:data1\" content=\"2 minutes\" \/>\n<script type=\"application\/ld+json\" class=\"yoast-schema-graph\">{\"@context\":\"https:\\\/\\\/schema.org\",\"@graph\":[{\"@type\":\"WebPage\",\"@id\":\"https:\\\/\\\/arabian-mood.com\\\/produit\\\/qaed-al-fursan\\\/\",\"url\":\"https:\\\/\\\/arabian-mood.com\\\/produit\\\/qaed-al-fursan\\\/\",\"name\":\"QAED AL FURSAN - Arabian Mood\",\"isPartOf\":{\"@id\":\"https:\\\/\\\/arabian-mood.com\\\/#website\"},\"primaryImageOfPage\":{\"@id\":\"https:\\\/\\\/arabian-mood.com\\\/produit\\\/qaed-al-fursan\\\/#primaryimage\"},\"image\":{\"@id\":\"https:\\\/\\\/arabian-mood.com\\\/produit\\\/qaed-al-fursan\\\/#primaryimage\"},\"thumbnailUrl\":\"https:\\\/\\\/arabian-mood.com\\\/wp-content\\\/uploads\\\/2021\\\/11\\\/QAED-AL-FURSAN.png\",\"datePublished\":\"2024-03-29T11:45:39+00:00\",\"dateModified\":\"2026-01-20T12:14:13+00:00\",\"breadcrumb\":{\"@id\":\"https:\\\/\\\/arabian-mood.com\\\/produit\\\/qaed-al-fursan\\\/#breadcrumb\"},\"inLanguage\":\"en-US\",\"potentialAction\":[{\"@type\":\"ReadAction\",\"target\":[\"https:\\\/\\\/arabian-mood.com\\\/produit\\\/qaed-al-fursan\\\/\"]}]},{\"@type\":\"ImageObject\",\"inLanguage\":\"en-US\",\"@id\":\"https:\\\/\\\/arabian-mood.com\\\/produit\\\/qaed-al-fursan\\\/#primaryimage\",\"url\":\"https:\\\/\\\/arabian-mood.com\\\/wp-content\\\/uploads\\\/2021\\\/11\\\/QAED-AL-FURSAN.png\",\"contentUrl\":\"https:\\\/\\\/arabian-mood.com\\\/wp-content\\\/uploads\\\/2021\\\/11\\\/QAED-AL-FURSAN.png\",\"width\":570,\"height\":730},{\"@type\":\"BreadcrumbList\",\"@id\":\"https:\\\/\\\/arabian-mood.com\\\/produit\\\/qaed-al-fursan\\\/#breadcrumb\",\"itemListElement\":[{\"@type\":\"ListItem\",\"position\":1,\"name\":\"Accueil\",\"item\":\"https:\\\/\\\/arabian-mood.com\\\/\"},{\"@type\":\"ListItem\",\"position\":2,\"name\":\"Boutique\",\"item\":\"https:\\\/\\\/arabian-mood.com\\\/boutique\\\/\"},{\"@type\":\"ListItem\",\"position\":3,\"name\":\"QAED AL FURSAN\"}]},{\"@type\":\"WebSite\",\"@id\":\"https:\\\/\\\/arabian-mood.com\\\/#website\",\"url\":\"https:\\\/\\\/arabian-mood.com\\\/\",\"name\":\"Arabian Mood\",\"description\":\"\",\"publisher\":{\"@id\":\"https:\\\/\\\/arabian-mood.com\\\/#organization\"},\"potentialAction\":[{\"@type\":\"SearchAction\",\"target\":{\"@type\":\"EntryPoint\",\"urlTemplate\":\"https:\\\/\\\/arabian-mood.com\\\/?s={search_term_string}\"},\"query-input\":{\"@type\":\"PropertyValueSpecification\",\"valueRequired\":true,\"valueName\":\"search_term_string\"}}],\"inLanguage\":\"en-US\"},{\"@type\":\"Organization\",\"@id\":\"https:\\\/\\\/arabian-mood.com\\\/#organization\",\"name\":\"Arabian Mood\",\"url\":\"https:\\\/\\\/arabian-mood.com\\\/\",\"logo\":{\"@type\":\"ImageObject\",\"inLanguage\":\"en-US\",\"@id\":\"https:\\\/\\\/arabian-mood.com\\\/#\\\/schema\\\/logo\\\/image\\\/\",\"url\":\"https:\\\/\\\/arabian-mood.com\\\/wp-content\\\/uploads\\\/2024\\\/09\\\/Groupe-11304.svg\",\"contentUrl\":\"https:\\\/\\\/arabian-mood.com\\\/wp-content\\\/uploads\\\/2024\\\/09\\\/Groupe-11304.svg\",\"width\":214,\"height\":27,\"caption\":\"Arabian Mood\"},\"image\":{\"@id\":\"https:\\\/\\\/arabian-mood.com\\\/#\\\/schema\\\/logo\\\/image\\\/\"},\"sameAs\":[\"https:\\\/\\\/www.instagram.com\\\/arabianmoodofficiel\\\/\"]}]}<\/script>\n<!-- \/ Yoast SEO plugin. -->","yoast_head_json":{"title":"QAED AL FURSAN - Arabian Mood","robots":{"index":"index","follow":"follow","max-snippet":"max-snippet:-1","max-image-preview":"max-image-preview:large","max-video-preview":"max-video-preview:-1"},"canonical":"https:\/\/arabian-mood.com\/en\/product\/qaed-al-fursan\/","og_locale":"en_US","og_type":"article","og_title":"QAED AL FURSAN - Arabian Mood","og_description":"Notes de t\u00eate: , Ananas, Musc Blanc  Notes de c\u0153ur: Jasmin, Rose  Notes de fond: Bois de Oud, Bois de C\u00e8dre, Ambre","og_url":"https:\/\/arabian-mood.com\/en\/product\/qaed-al-fursan\/","og_site_name":"Arabian Mood","article_modified_time":"2026-01-20T12:14:13+00:00","og_image":[{"width":570,"height":730,"url":"https:\/\/arabian-mood.com\/wp-content\/uploads\/2021\/11\/QAED-AL-FURSAN.png","type":"image\/png"}],"twitter_card":"summary_large_image","twitter_misc":{"Est. reading time":"2 minutes"},"schema":{"@context":"https:\/\/schema.org","@graph":[{"@type":"WebPage","@id":"https:\/\/arabian-mood.com\/produit\/qaed-al-fursan\/","url":"https:\/\/arabian-mood.com\/produit\/qaed-al-fursan\/","name":"QAED AL FURSAN - Arabian Mood","isPartOf":{"@id":"https:\/\/arabian-mood.com\/#website"},"primaryImageOfPage":{"@id":"https:\/\/arabian-mood.com\/produit\/qaed-al-fursan\/#primaryimage"},"image":{"@id":"https:\/\/arabian-mood.com\/produit\/qaed-al-fursan\/#primaryimage"},"thumbnailUrl":"https:\/\/arabian-mood.com\/wp-content\/uploads\/2021\/11\/QAED-AL-FURSAN.png","datePublished":"2024-03-29T11:45:39+00:00","dateModified":"2026-01-20T12:14:13+00:00","breadcrumb":{"@id":"https:\/\/arabian-mood.com\/produit\/qaed-al-fursan\/#breadcrumb"},"inLanguage":"en-US","potentialAction":[{"@type":"ReadAction","target":["https:\/\/arabian-mood.com\/produit\/qaed-al-fursan\/"]}]},{"@type":"ImageObject","inLanguage":"en-US","@id":"https:\/\/arabian-mood.com\/produit\/qaed-al-fursan\/#primaryimage","url":"https:\/\/arabian-mood.com\/wp-content\/uploads\/2021\/11\/QAED-AL-FURSAN.png","contentUrl":"https:\/\/arabian-mood.com\/wp-content\/uploads\/2021\/11\/QAED-AL-FURSAN.png","width":570,"height":730},{"@type":"BreadcrumbList","@id":"https:\/\/arabian-mood.com\/produit\/qaed-al-fursan\/#breadcrumb","itemListElement":[{"@type":"ListItem","position":1,"name":"Accueil","item":"https:\/\/arabian-mood.com\/"},{"@type":"ListItem","position":2,"name":"Boutique","item":"https:\/\/arabian-mood.com\/boutique\/"},{"@type":"ListItem","position":3,"name":"QAED AL FURSAN"}]},{"@type":"WebSite","@id":"https:\/\/arabian-mood.com\/#website","url":"https:\/\/arabian-mood.com\/","name":"Arabian Mood","description":"","publisher":{"@id":"https:\/\/arabian-mood.com\/#organization"},"potentialAction":[{"@type":"SearchAction","target":{"@type":"EntryPoint","urlTemplate":"https:\/\/arabian-mood.com\/?s={search_term_string}"},"query-input":{"@type":"PropertyValueSpecification","valueRequired":true,"valueName":"search_term_string"}}],"inLanguage":"en-US"},{"@type":"Organization","@id":"https:\/\/arabian-mood.com\/#organization","name":"Arabian Mood","url":"https:\/\/arabian-mood.com\/","logo":{"@type":"ImageObject","inLanguage":"en-US","@id":"https:\/\/arabian-mood.com\/#\/schema\/logo\/image\/","url":"https:\/\/arabian-mood.com\/wp-content\/uploads\/2024\/09\/Groupe-11304.svg","contentUrl":"https:\/\/arabian-mood.com\/wp-content\/uploads\/2024\/09\/Groupe-11304.svg","width":214,"height":27,"caption":"Arabian Mood"},"image":{"@id":"https:\/\/arabian-mood.com\/#\/schema\/logo\/image\/"},"sameAs":["https:\/\/www.instagram.com\/arabianmoodofficiel\/"]}]}},"_links":{"self":[{"href":"https:\/\/arabian-mood.com\/en\/wp-json\/wp\/v2\/product\/7814","targetHints":{"allow":["GET"]}}],"collection":[{"href":"https:\/\/arabian-mood.com\/en\/wp-json\/wp\/v2\/product"}],"about":[{"href":"https:\/\/arabian-mood.com\/en\/wp-json\/wp\/v2\/types\/product"}],"wp:featuredmedia":[{"embeddable":true,"href":"https:\/\/arabian-mood.com\/en\/wp-json\/wp\/v2\/media\/3822"}],"wp:attachment":[{"href":"https:\/\/arabian-mood.com\/en\/wp-json\/wp\/v2\/media?parent=7814"}],"wp:term":[{"taxonomy":"product_brand","embeddable":true,"href":"https:\/\/arabian-mood.com\/en\/wp-json\/wp\/v2\/product_brand?post=7814"},{"taxonomy":"product_cat","embeddable":true,"href":"https:\/\/arabian-mood.com\/en\/wp-json\/wp\/v2\/product_cat?post=7814"},{"taxonomy":"product_tag","embeddable":true,"href":"https:\/\/arabian-mood.com\/en\/wp-json\/wp\/v2\/product_tag?post=7814"}],"curies":[{"name":"wp","href":"https:\/\/api.w.org\/{rel}","templated":true}]}}