{"id":7856,"date":"2024-03-29T12:45:51","date_gmt":"2024-03-29T11:45:51","guid":{"rendered":"https:\/\/arabian-mood.com\/produit\/white-as-tuberose\/"},"modified":"2026-01-20T12:34:42","modified_gmt":"2026-01-20T11:34:42","slug":"white-as-tuberose","status":"publish","type":"product","link":"https:\/\/arabian-mood.com\/en\/produit\/white-as-tuberose\/","title":{"rendered":"White as tuberose &#8211; Fragrance World"},"content":{"rendered":"<p>Plus blanc que blanc, un accord musc immacul\u00e9 mis en lumi\u00e8re par les notes vibrantes de n\u00e9roli. Sculpt\u00e9 par la main du parfumeur ce monolithe de muscs vole en \u00e9clats, r\u00e9v\u00e9lant un c\u0153ur floral irradiant d\u2019une blancheur nouvelle. V\u00e9ritable caresse \u00e0 fleur de peau, ce bouquet floral d&#8217;absolu de fleur d&#8217;oranger et de rose bulgare s&#8217;\u00e9veille au toucher poudr\u00e9 des muscs, de l&#8217;ambrette et du beurre d&#8217;iris pallida.<\/p>","protected":false},"excerpt":{"rendered":"<p>Note de t\u00eate : Musc blanc, N\u00e9roli , Ambrette<br \/>\nNote de coeur : Iris, Fleur d&#8217;oranger, Rose de Bulgarie<br \/>\nNote de fond : Lait, Bois de santal, ambre blanche<\/p>","protected":false},"featured_media":7747,"template":"","meta":[],"product_brand":[],"product_cat":[591],"product_tag":[],"class_list":{"0":"post-7856","1":"product","2":"type-product","3":"status-publish","4":"has-post-thumbnail","6":"product_cat-rupture-de-stock","8":"first","9":"outofstock","10":"purchasable","11":"product-type-simple"},"yoast_head":"<!-- This site is optimized with the Yoast SEO plugin v27.4 - https:\/\/yoast.com\/product\/yoast-seo-wordpress\/ -->\n<title>White as tuberose - Fragrance World - Arabian Mood<\/title>\n<meta name=\"robots\" content=\"index, follow, max-snippet:-1, max-image-preview:large, max-video-preview:-1\" \/>\n<link rel=\"canonical\" href=\"https:\/\/arabian-mood.com\/en\/product\/white-as-tuberose\/\" \/>\n<meta property=\"og:locale\" content=\"en_US\" \/>\n<meta property=\"og:type\" content=\"article\" \/>\n<meta property=\"og:title\" content=\"White as tuberose - Fragrance World - Arabian Mood\" \/>\n<meta property=\"og:description\" content=\"Note de t\u00eate : Musc blanc, N\u00e9roli , Ambrette Note de coeur : Iris, Fleur d&#039;oranger, Rose de Bulgarie Note de fond : Lait, Bois de santal, ambre blanche\" \/>\n<meta property=\"og:url\" content=\"https:\/\/arabian-mood.com\/en\/product\/white-as-tuberose\/\" \/>\n<meta property=\"og:site_name\" content=\"Arabian Mood\" \/>\n<meta property=\"article:modified_time\" content=\"2026-01-20T11:34:42+00:00\" \/>\n<meta property=\"og:image\" content=\"https:\/\/arabian-mood.com\/wp-content\/uploads\/2024\/03\/white-as-tuberose.png\" \/>\n\t<meta property=\"og:image:width\" content=\"900\" \/>\n\t<meta property=\"og:image:height\" content=\"900\" \/>\n\t<meta property=\"og:image:type\" content=\"image\/png\" \/>\n<meta name=\"twitter:card\" content=\"summary_large_image\" \/>\n<script type=\"application\/ld+json\" class=\"yoast-schema-graph\">{\"@context\":\"https:\\\/\\\/schema.org\",\"@graph\":[{\"@type\":\"WebPage\",\"@id\":\"https:\\\/\\\/arabian-mood.com\\\/produit\\\/white-as-tuberose\\\/\",\"url\":\"https:\\\/\\\/arabian-mood.com\\\/produit\\\/white-as-tuberose\\\/\",\"name\":\"White as tuberose - Fragrance World - Arabian Mood\",\"isPartOf\":{\"@id\":\"https:\\\/\\\/arabian-mood.com\\\/#website\"},\"primaryImageOfPage\":{\"@id\":\"https:\\\/\\\/arabian-mood.com\\\/produit\\\/white-as-tuberose\\\/#primaryimage\"},\"image\":{\"@id\":\"https:\\\/\\\/arabian-mood.com\\\/produit\\\/white-as-tuberose\\\/#primaryimage\"},\"thumbnailUrl\":\"https:\\\/\\\/arabian-mood.com\\\/wp-content\\\/uploads\\\/2024\\\/03\\\/white-as-tuberose.png\",\"datePublished\":\"2024-03-29T11:45:51+00:00\",\"dateModified\":\"2026-01-20T11:34:42+00:00\",\"breadcrumb\":{\"@id\":\"https:\\\/\\\/arabian-mood.com\\\/produit\\\/white-as-tuberose\\\/#breadcrumb\"},\"inLanguage\":\"en-US\",\"potentialAction\":[{\"@type\":\"ReadAction\",\"target\":[\"https:\\\/\\\/arabian-mood.com\\\/produit\\\/white-as-tuberose\\\/\"]}]},{\"@type\":\"ImageObject\",\"inLanguage\":\"en-US\",\"@id\":\"https:\\\/\\\/arabian-mood.com\\\/produit\\\/white-as-tuberose\\\/#primaryimage\",\"url\":\"https:\\\/\\\/arabian-mood.com\\\/wp-content\\\/uploads\\\/2024\\\/03\\\/white-as-tuberose.png\",\"contentUrl\":\"https:\\\/\\\/arabian-mood.com\\\/wp-content\\\/uploads\\\/2024\\\/03\\\/white-as-tuberose.png\",\"width\":900,\"height\":900},{\"@type\":\"BreadcrumbList\",\"@id\":\"https:\\\/\\\/arabian-mood.com\\\/produit\\\/white-as-tuberose\\\/#breadcrumb\",\"itemListElement\":[{\"@type\":\"ListItem\",\"position\":1,\"name\":\"Accueil\",\"item\":\"https:\\\/\\\/arabian-mood.com\\\/\"},{\"@type\":\"ListItem\",\"position\":2,\"name\":\"Boutique\",\"item\":\"https:\\\/\\\/arabian-mood.com\\\/boutique\\\/\"},{\"@type\":\"ListItem\",\"position\":3,\"name\":\"White as tuberose &#8211; Fragrance World\"}]},{\"@type\":\"WebSite\",\"@id\":\"https:\\\/\\\/arabian-mood.com\\\/#website\",\"url\":\"https:\\\/\\\/arabian-mood.com\\\/\",\"name\":\"Arabian Mood\",\"description\":\"\",\"publisher\":{\"@id\":\"https:\\\/\\\/arabian-mood.com\\\/#organization\"},\"potentialAction\":[{\"@type\":\"SearchAction\",\"target\":{\"@type\":\"EntryPoint\",\"urlTemplate\":\"https:\\\/\\\/arabian-mood.com\\\/?s={search_term_string}\"},\"query-input\":{\"@type\":\"PropertyValueSpecification\",\"valueRequired\":true,\"valueName\":\"search_term_string\"}}],\"inLanguage\":\"en-US\"},{\"@type\":\"Organization\",\"@id\":\"https:\\\/\\\/arabian-mood.com\\\/#organization\",\"name\":\"Arabian Mood\",\"url\":\"https:\\\/\\\/arabian-mood.com\\\/\",\"logo\":{\"@type\":\"ImageObject\",\"inLanguage\":\"en-US\",\"@id\":\"https:\\\/\\\/arabian-mood.com\\\/#\\\/schema\\\/logo\\\/image\\\/\",\"url\":\"https:\\\/\\\/arabian-mood.com\\\/wp-content\\\/uploads\\\/2024\\\/09\\\/Groupe-11304.svg\",\"contentUrl\":\"https:\\\/\\\/arabian-mood.com\\\/wp-content\\\/uploads\\\/2024\\\/09\\\/Groupe-11304.svg\",\"width\":214,\"height\":27,\"caption\":\"Arabian Mood\"},\"image\":{\"@id\":\"https:\\\/\\\/arabian-mood.com\\\/#\\\/schema\\\/logo\\\/image\\\/\"},\"sameAs\":[\"https:\\\/\\\/www.instagram.com\\\/arabianmoodofficiel\\\/\"]}]}<\/script>\n<!-- \/ Yoast SEO plugin. -->","yoast_head_json":{"title":"White as tuberose - Fragrance World - Arabian Mood","robots":{"index":"index","follow":"follow","max-snippet":"max-snippet:-1","max-image-preview":"max-image-preview:large","max-video-preview":"max-video-preview:-1"},"canonical":"https:\/\/arabian-mood.com\/en\/product\/white-as-tuberose\/","og_locale":"en_US","og_type":"article","og_title":"White as tuberose - Fragrance World - Arabian Mood","og_description":"Note de t\u00eate : Musc blanc, N\u00e9roli , Ambrette Note de coeur : Iris, Fleur d'oranger, Rose de Bulgarie Note de fond : Lait, Bois de santal, ambre blanche","og_url":"https:\/\/arabian-mood.com\/en\/product\/white-as-tuberose\/","og_site_name":"Arabian Mood","article_modified_time":"2026-01-20T11:34:42+00:00","og_image":[{"width":900,"height":900,"url":"https:\/\/arabian-mood.com\/wp-content\/uploads\/2024\/03\/white-as-tuberose.png","type":"image\/png"}],"twitter_card":"summary_large_image","schema":{"@context":"https:\/\/schema.org","@graph":[{"@type":"WebPage","@id":"https:\/\/arabian-mood.com\/produit\/white-as-tuberose\/","url":"https:\/\/arabian-mood.com\/produit\/white-as-tuberose\/","name":"White as tuberose - Fragrance World - Arabian Mood","isPartOf":{"@id":"https:\/\/arabian-mood.com\/#website"},"primaryImageOfPage":{"@id":"https:\/\/arabian-mood.com\/produit\/white-as-tuberose\/#primaryimage"},"image":{"@id":"https:\/\/arabian-mood.com\/produit\/white-as-tuberose\/#primaryimage"},"thumbnailUrl":"https:\/\/arabian-mood.com\/wp-content\/uploads\/2024\/03\/white-as-tuberose.png","datePublished":"2024-03-29T11:45:51+00:00","dateModified":"2026-01-20T11:34:42+00:00","breadcrumb":{"@id":"https:\/\/arabian-mood.com\/produit\/white-as-tuberose\/#breadcrumb"},"inLanguage":"en-US","potentialAction":[{"@type":"ReadAction","target":["https:\/\/arabian-mood.com\/produit\/white-as-tuberose\/"]}]},{"@type":"ImageObject","inLanguage":"en-US","@id":"https:\/\/arabian-mood.com\/produit\/white-as-tuberose\/#primaryimage","url":"https:\/\/arabian-mood.com\/wp-content\/uploads\/2024\/03\/white-as-tuberose.png","contentUrl":"https:\/\/arabian-mood.com\/wp-content\/uploads\/2024\/03\/white-as-tuberose.png","width":900,"height":900},{"@type":"BreadcrumbList","@id":"https:\/\/arabian-mood.com\/produit\/white-as-tuberose\/#breadcrumb","itemListElement":[{"@type":"ListItem","position":1,"name":"Accueil","item":"https:\/\/arabian-mood.com\/"},{"@type":"ListItem","position":2,"name":"Boutique","item":"https:\/\/arabian-mood.com\/boutique\/"},{"@type":"ListItem","position":3,"name":"White as tuberose &#8211; Fragrance World"}]},{"@type":"WebSite","@id":"https:\/\/arabian-mood.com\/#website","url":"https:\/\/arabian-mood.com\/","name":"Arabian Mood","description":"","publisher":{"@id":"https:\/\/arabian-mood.com\/#organization"},"potentialAction":[{"@type":"SearchAction","target":{"@type":"EntryPoint","urlTemplate":"https:\/\/arabian-mood.com\/?s={search_term_string}"},"query-input":{"@type":"PropertyValueSpecification","valueRequired":true,"valueName":"search_term_string"}}],"inLanguage":"en-US"},{"@type":"Organization","@id":"https:\/\/arabian-mood.com\/#organization","name":"Arabian Mood","url":"https:\/\/arabian-mood.com\/","logo":{"@type":"ImageObject","inLanguage":"en-US","@id":"https:\/\/arabian-mood.com\/#\/schema\/logo\/image\/","url":"https:\/\/arabian-mood.com\/wp-content\/uploads\/2024\/09\/Groupe-11304.svg","contentUrl":"https:\/\/arabian-mood.com\/wp-content\/uploads\/2024\/09\/Groupe-11304.svg","width":214,"height":27,"caption":"Arabian Mood"},"image":{"@id":"https:\/\/arabian-mood.com\/#\/schema\/logo\/image\/"},"sameAs":["https:\/\/www.instagram.com\/arabianmoodofficiel\/"]}]}},"_links":{"self":[{"href":"https:\/\/arabian-mood.com\/en\/wp-json\/wp\/v2\/product\/7856","targetHints":{"allow":["GET"]}}],"collection":[{"href":"https:\/\/arabian-mood.com\/en\/wp-json\/wp\/v2\/product"}],"about":[{"href":"https:\/\/arabian-mood.com\/en\/wp-json\/wp\/v2\/types\/product"}],"wp:featuredmedia":[{"embeddable":true,"href":"https:\/\/arabian-mood.com\/en\/wp-json\/wp\/v2\/media\/7747"}],"wp:attachment":[{"href":"https:\/\/arabian-mood.com\/en\/wp-json\/wp\/v2\/media?parent=7856"}],"wp:term":[{"taxonomy":"product_brand","embeddable":true,"href":"https:\/\/arabian-mood.com\/en\/wp-json\/wp\/v2\/product_brand?post=7856"},{"taxonomy":"product_cat","embeddable":true,"href":"https:\/\/arabian-mood.com\/en\/wp-json\/wp\/v2\/product_cat?post=7856"},{"taxonomy":"product_tag","embeddable":true,"href":"https:\/\/arabian-mood.com\/en\/wp-json\/wp\/v2\/product_tag?post=7856"}],"curies":[{"name":"wp","href":"https:\/\/api.w.org\/{rel}","templated":true}]}}