{"id":7862,"date":"2024-03-29T12:45:51","date_gmt":"2024-03-29T11:45:51","guid":{"rendered":"https:\/\/arabian-mood.com\/produit\/voux-turquoise\/"},"modified":"2025-01-17T16:52:03","modified_gmt":"2025-01-17T15:52:03","slug":"voux-turquoise","status":"publish","type":"product","link":"https:\/\/arabian-mood.com\/en\/produit\/voux-turquoise\/","title":{"rendered":"Eau de Parfum Voux Turquoise \u2013 Emir by Paris Corner"},"content":{"rendered":"<p>The\u2019<strong>Voux Turquoise Eau de Parfum<\/strong> stands out in the collection <strong>Paris Corner<\/strong> like an ode to summer freshness. It captures the very essence of <strong>Mediterranean<\/strong>, Combining <strong>Marine notes<\/strong> and <strong>Southern Italian citrus fruits<\/strong>. Let yourself be seduced by its unusual scent and its simply sumptuous bottle.<\/p>\n<h2>Turquoise combines sea and sun<\/h2>\n<p>The fragrance opens with <strong>Hesperidian notes<\/strong> sparkling notes that evoke the Italian citrus orchards. This invigorating top note, composed in particular of\u2019<strong>Sicilian orange<\/strong>, of <strong>Calabrian bergamot<\/strong> and of <strong>lemon,<\/strong> infuses a positive and invigorating energy, characteristic of <strong>summer perfumes<\/strong> of quality. Fruity notes thus enhance this first impression.<\/p>\n<p>The heart of Turquoise Dew reveals its true personality through marine notes.\u2019<strong>Ambergris<\/strong>\u00a0combines with the <strong>Madagascar vanilla<\/strong>. The combination of the two creates a remarkable contrast between aquatic freshness and exotic sweetness.<\/p>\n<p>Finally, the cottony warmth of\u00a0<strong>musk<\/strong> adds a sensual dimension to the composition. This base note ensures the <strong>perfume outfit<\/strong> while giving it an aura of purity and elegance. It enhances the entire fragrance as well as elevates its status.<\/p>\n<h3>Turquoise Scarf: the ideal companion for warm days<\/h3>\n<p>This <strong>summer perfume<\/strong> It establishes itself as the perfect choice for periods of high heat. Its balanced composition between freshness and sensuality makes it a versatile fragrance, suitable for both sunny days and summer evenings. The <strong>Floral and sweet notes<\/strong> intertwine harmoniously. They also give rise to a sillage that is both distinct and pleasant. Indulge yourself with a <strong>Exotic escapade<\/strong> trying as well <a href=\"https:\/\/arabian-mood.com\/en\/product\/ophidian-mango-bliss\/\"><strong>Ophidian Mango Bliss<\/strong><\/a>, a refreshing scent that reveals your effervescent spirit.<\/p>\n<h3>An olfactory feat by Paris Corner<\/h3>\n<p>This fragrance once again demonstrates Paris Corner's expertise in the art of composing <strong>contemporary fragrances<\/strong> and alluring. Voux Turquoise embodies the promise of an endless summer, where marine freshness and sun-kissed sweetness meet in perfect harmony.<\/p>","protected":false},"excerpt":{"rendered":"<p>Top notes: Sicilian orange, Calabrian bergamot, and lemon<br \/>\nHeart notes: fruit<br \/>\nBase notes: White musk, Madagascar vanilla, and amber<\/p>","protected":false},"featured_media":7759,"template":"","meta":[],"product_brand":[],"product_cat":[433,523],"product_tag":[],"class_list":{"0":"post-7862","1":"product","2":"type-product","3":"status-publish","4":"has-post-thumbnail","6":"product_cat-parfums-de-dubai","7":"product_cat-paris-corner","9":"first","10":"outofstock","11":"sale","12":"purchasable","13":"product-type-simple"},"yoast_head":"<!-- This site is optimized with the Yoast SEO plugin v27.5 - https:\/\/yoast.com\/product\/yoast-seo-wordpress\/ -->\n<title>Eau de parfum Voux Turquoise - Emir by Paris Corner<\/title>\n<meta name=\"description\" content=\"D\u00e9couvrez Voux Turquoise : un parfum d&#039;\u00e9t\u00e9 aux notes d&#039;agrumes italiens et de vanille de Madagascar. Une fra\u00eecheur irr\u00e9sistible pour l&#039;\u00e9t\u00e9.\" \/>\n<meta name=\"robots\" content=\"index, follow, max-snippet:-1, max-image-preview:large, max-video-preview:-1\" \/>\n<link rel=\"canonical\" href=\"https:\/\/arabian-mood.com\/en\/product\/voux-turquoise\/\" \/>\n<meta property=\"og:locale\" content=\"en_US\" \/>\n<meta property=\"og:type\" content=\"article\" \/>\n<meta property=\"og:title\" content=\"Eau de parfum Voux Turquoise - Emir by Paris Corner\" \/>\n<meta property=\"og:description\" content=\"D\u00e9couvrez Voux Turquoise : un parfum d&#039;\u00e9t\u00e9 aux notes d&#039;agrumes italiens et de vanille de Madagascar. Une fra\u00eecheur irr\u00e9sistible pour l&#039;\u00e9t\u00e9.\" \/>\n<meta property=\"og:url\" content=\"https:\/\/arabian-mood.com\/en\/product\/voux-turquoise\/\" \/>\n<meta property=\"og:site_name\" content=\"Arabian Mood\" \/>\n<meta property=\"article:modified_time\" content=\"2025-01-17T15:52:03+00:00\" \/>\n<meta property=\"og:image\" content=\"https:\/\/arabian-mood.com\/wp-content\/uploads\/2024\/03\/voux-turquoise.png\" \/>\n\t<meta property=\"og:image:width\" content=\"900\" \/>\n\t<meta property=\"og:image:height\" content=\"900\" \/>\n\t<meta property=\"og:image:type\" content=\"image\/png\" \/>\n<meta name=\"twitter:card\" content=\"summary_large_image\" \/>\n<meta name=\"twitter:label1\" content=\"Est. reading time\" \/>\n\t<meta name=\"twitter:data1\" content=\"2 minutes\" \/>\n<script type=\"application\/ld+json\" class=\"yoast-schema-graph\">{\"@context\":\"https:\\\/\\\/schema.org\",\"@graph\":[{\"@type\":\"WebPage\",\"@id\":\"https:\\\/\\\/arabian-mood.com\\\/produit\\\/voux-turquoise\\\/\",\"url\":\"https:\\\/\\\/arabian-mood.com\\\/produit\\\/voux-turquoise\\\/\",\"name\":\"Eau de parfum Voux Turquoise - Emir by Paris Corner\",\"isPartOf\":{\"@id\":\"https:\\\/\\\/arabian-mood.com\\\/#website\"},\"primaryImageOfPage\":{\"@id\":\"https:\\\/\\\/arabian-mood.com\\\/produit\\\/voux-turquoise\\\/#primaryimage\"},\"image\":{\"@id\":\"https:\\\/\\\/arabian-mood.com\\\/produit\\\/voux-turquoise\\\/#primaryimage\"},\"thumbnailUrl\":\"https:\\\/\\\/arabian-mood.com\\\/wp-content\\\/uploads\\\/2024\\\/03\\\/voux-turquoise.png\",\"datePublished\":\"2024-03-29T11:45:51+00:00\",\"dateModified\":\"2025-01-17T15:52:03+00:00\",\"description\":\"D\u00e9couvrez Voux Turquoise : un parfum d'\u00e9t\u00e9 aux notes d'agrumes italiens et de vanille de Madagascar. Une fra\u00eecheur irr\u00e9sistible pour l'\u00e9t\u00e9.\",\"breadcrumb\":{\"@id\":\"https:\\\/\\\/arabian-mood.com\\\/produit\\\/voux-turquoise\\\/#breadcrumb\"},\"inLanguage\":\"en-US\",\"potentialAction\":[{\"@type\":\"ReadAction\",\"target\":[\"https:\\\/\\\/arabian-mood.com\\\/produit\\\/voux-turquoise\\\/\"]}]},{\"@type\":\"ImageObject\",\"inLanguage\":\"en-US\",\"@id\":\"https:\\\/\\\/arabian-mood.com\\\/produit\\\/voux-turquoise\\\/#primaryimage\",\"url\":\"https:\\\/\\\/arabian-mood.com\\\/wp-content\\\/uploads\\\/2024\\\/03\\\/voux-turquoise.png\",\"contentUrl\":\"https:\\\/\\\/arabian-mood.com\\\/wp-content\\\/uploads\\\/2024\\\/03\\\/voux-turquoise.png\",\"width\":900,\"height\":900,\"caption\":\"Voux Turquoise Paris Corner\"},{\"@type\":\"BreadcrumbList\",\"@id\":\"https:\\\/\\\/arabian-mood.com\\\/produit\\\/voux-turquoise\\\/#breadcrumb\",\"itemListElement\":[{\"@type\":\"ListItem\",\"position\":1,\"name\":\"Accueil\",\"item\":\"https:\\\/\\\/arabian-mood.com\\\/\"},{\"@type\":\"ListItem\",\"position\":2,\"name\":\"Boutique\",\"item\":\"https:\\\/\\\/arabian-mood.com\\\/boutique\\\/\"},{\"@type\":\"ListItem\",\"position\":3,\"name\":\"Eau de parfum Voux Turquoise &#8211; Emir by Paris Corner\"}]},{\"@type\":\"WebSite\",\"@id\":\"https:\\\/\\\/arabian-mood.com\\\/#website\",\"url\":\"https:\\\/\\\/arabian-mood.com\\\/\",\"name\":\"Arabian Mood\",\"description\":\"\",\"publisher\":{\"@id\":\"https:\\\/\\\/arabian-mood.com\\\/#organization\"},\"potentialAction\":[{\"@type\":\"SearchAction\",\"target\":{\"@type\":\"EntryPoint\",\"urlTemplate\":\"https:\\\/\\\/arabian-mood.com\\\/?s={search_term_string}\"},\"query-input\":{\"@type\":\"PropertyValueSpecification\",\"valueRequired\":true,\"valueName\":\"search_term_string\"}}],\"inLanguage\":\"en-US\"},{\"@type\":\"Organization\",\"@id\":\"https:\\\/\\\/arabian-mood.com\\\/#organization\",\"name\":\"Arabian Mood\",\"url\":\"https:\\\/\\\/arabian-mood.com\\\/\",\"logo\":{\"@type\":\"ImageObject\",\"inLanguage\":\"en-US\",\"@id\":\"https:\\\/\\\/arabian-mood.com\\\/#\\\/schema\\\/logo\\\/image\\\/\",\"url\":\"https:\\\/\\\/arabian-mood.com\\\/wp-content\\\/uploads\\\/2024\\\/09\\\/Groupe-11304.svg\",\"contentUrl\":\"https:\\\/\\\/arabian-mood.com\\\/wp-content\\\/uploads\\\/2024\\\/09\\\/Groupe-11304.svg\",\"width\":214,\"height\":27,\"caption\":\"Arabian Mood\"},\"image\":{\"@id\":\"https:\\\/\\\/arabian-mood.com\\\/#\\\/schema\\\/logo\\\/image\\\/\"},\"sameAs\":[\"https:\\\/\\\/www.instagram.com\\\/arabianmoodofficiel\\\/\"]}]}<\/script>\n<!-- \/ Yoast SEO plugin. -->","yoast_head_json":{"title":"Eau de Parfum Voux Turquoise - Emir by Paris Corner","description":"Discover Voux Turquoise: a summer fragrance with notes of Italian citrus and Madagascar vanilla. Irresistible freshness for summer.","robots":{"index":"index","follow":"follow","max-snippet":"max-snippet:-1","max-image-preview":"max-image-preview:large","max-video-preview":"max-video-preview:-1"},"canonical":"https:\/\/arabian-mood.com\/en\/product\/voux-turquoise\/","og_locale":"en_US","og_type":"article","og_title":"Eau de parfum Voux Turquoise - Emir by Paris Corner","og_description":"D\u00e9couvrez Voux Turquoise : un parfum d'\u00e9t\u00e9 aux notes d'agrumes italiens et de vanille de Madagascar. Une fra\u00eecheur irr\u00e9sistible pour l'\u00e9t\u00e9.","og_url":"https:\/\/arabian-mood.com\/en\/product\/voux-turquoise\/","og_site_name":"Arabian Mood","article_modified_time":"2025-01-17T15:52:03+00:00","og_image":[{"width":900,"height":900,"url":"https:\/\/arabian-mood.com\/wp-content\/uploads\/2024\/03\/voux-turquoise.png","type":"image\/png"}],"twitter_card":"summary_large_image","twitter_misc":{"Est. reading time":"2 minutes"},"schema":{"@context":"https:\/\/schema.org","@graph":[{"@type":"WebPage","@id":"https:\/\/arabian-mood.com\/produit\/voux-turquoise\/","url":"https:\/\/arabian-mood.com\/produit\/voux-turquoise\/","name":"Eau de Parfum Voux Turquoise - Emir by Paris Corner","isPartOf":{"@id":"https:\/\/arabian-mood.com\/#website"},"primaryImageOfPage":{"@id":"https:\/\/arabian-mood.com\/produit\/voux-turquoise\/#primaryimage"},"image":{"@id":"https:\/\/arabian-mood.com\/produit\/voux-turquoise\/#primaryimage"},"thumbnailUrl":"https:\/\/arabian-mood.com\/wp-content\/uploads\/2024\/03\/voux-turquoise.png","datePublished":"2024-03-29T11:45:51+00:00","dateModified":"2025-01-17T15:52:03+00:00","description":"Discover Voux Turquoise: a summer fragrance with notes of Italian citrus and Madagascar vanilla. Irresistible freshness for summer.","breadcrumb":{"@id":"https:\/\/arabian-mood.com\/produit\/voux-turquoise\/#breadcrumb"},"inLanguage":"en-US","potentialAction":[{"@type":"ReadAction","target":["https:\/\/arabian-mood.com\/produit\/voux-turquoise\/"]}]},{"@type":"ImageObject","inLanguage":"en-US","@id":"https:\/\/arabian-mood.com\/produit\/voux-turquoise\/#primaryimage","url":"https:\/\/arabian-mood.com\/wp-content\/uploads\/2024\/03\/voux-turquoise.png","contentUrl":"https:\/\/arabian-mood.com\/wp-content\/uploads\/2024\/03\/voux-turquoise.png","width":900,"height":900,"caption":"Voux Turquoise Paris Corner"},{"@type":"BreadcrumbList","@id":"https:\/\/arabian-mood.com\/produit\/voux-turquoise\/#breadcrumb","itemListElement":[{"@type":"ListItem","position":1,"name":"Accueil","item":"https:\/\/arabian-mood.com\/"},{"@type":"ListItem","position":2,"name":"Boutique","item":"https:\/\/arabian-mood.com\/boutique\/"},{"@type":"ListItem","position":3,"name":"Eau de parfum Voux Turquoise &#8211; Emir by Paris Corner"}]},{"@type":"WebSite","@id":"https:\/\/arabian-mood.com\/#website","url":"https:\/\/arabian-mood.com\/","name":"Arabian Mood","description":"","publisher":{"@id":"https:\/\/arabian-mood.com\/#organization"},"potentialAction":[{"@type":"SearchAction","target":{"@type":"EntryPoint","urlTemplate":"https:\/\/arabian-mood.com\/?s={search_term_string}"},"query-input":{"@type":"PropertyValueSpecification","valueRequired":true,"valueName":"search_term_string"}}],"inLanguage":"en-US"},{"@type":"Organization","@id":"https:\/\/arabian-mood.com\/#organization","name":"Arabian Mood","url":"https:\/\/arabian-mood.com\/","logo":{"@type":"ImageObject","inLanguage":"en-US","@id":"https:\/\/arabian-mood.com\/#\/schema\/logo\/image\/","url":"https:\/\/arabian-mood.com\/wp-content\/uploads\/2024\/09\/Groupe-11304.svg","contentUrl":"https:\/\/arabian-mood.com\/wp-content\/uploads\/2024\/09\/Groupe-11304.svg","width":214,"height":27,"caption":"Arabian Mood"},"image":{"@id":"https:\/\/arabian-mood.com\/#\/schema\/logo\/image\/"},"sameAs":["https:\/\/www.instagram.com\/arabianmoodofficiel\/"]}]}},"_links":{"self":[{"href":"https:\/\/arabian-mood.com\/en\/wp-json\/wp\/v2\/product\/7862","targetHints":{"allow":["GET"]}}],"collection":[{"href":"https:\/\/arabian-mood.com\/en\/wp-json\/wp\/v2\/product"}],"about":[{"href":"https:\/\/arabian-mood.com\/en\/wp-json\/wp\/v2\/types\/product"}],"wp:featuredmedia":[{"embeddable":true,"href":"https:\/\/arabian-mood.com\/en\/wp-json\/wp\/v2\/media\/7759"}],"wp:attachment":[{"href":"https:\/\/arabian-mood.com\/en\/wp-json\/wp\/v2\/media?parent=7862"}],"wp:term":[{"taxonomy":"product_brand","embeddable":true,"href":"https:\/\/arabian-mood.com\/en\/wp-json\/wp\/v2\/product_brand?post=7862"},{"taxonomy":"product_cat","embeddable":true,"href":"https:\/\/arabian-mood.com\/en\/wp-json\/wp\/v2\/product_cat?post=7862"},{"taxonomy":"product_tag","embeddable":true,"href":"https:\/\/arabian-mood.com\/en\/wp-json\/wp\/v2\/product_tag?post=7862"}],"curies":[{"name":"wp","href":"https:\/\/api.w.org\/{rel}","templated":true}]}}