{"id":7868,"date":"2024-03-29T12:45:51","date_gmt":"2024-03-29T11:45:51","guid":{"rendered":"https:\/\/arabian-mood.com\/produit\/khair-pistachio\/"},"modified":"2025-12-03T17:13:30","modified_gmt":"2025-12-03T16:13:30","slug":"khair-pistachio-paris-corner","status":"publish","type":"product","link":"https:\/\/arabian-mood.com\/en\/produit\/khair-pistachio-paris-corner\/","title":{"rendered":"Khair Pistachio &#8211; Paris Corner"},"content":{"rendered":"<p>Cherchez-vous un <strong>oriental fragrance<\/strong> diff\u00e9rent des autres ? <strong>Khair Pistachio<\/strong> de <strong>Paris Corner<\/strong> est la d\u00e9couverte parfum\u00e9e de 2023 qu&#8217;il vous faut essayer. Ce parfum venu de Duba\u00ef change des fragrances habituels gr\u00e2ce \u00e0 son odeur qui se focalisent sur la <strong>pistache<\/strong>.<\/p>\n<h2>Khair Pistachio : la touche gourmande de Duba\u00ef<\/h2>\n<p class=\"\" data-start=\"0\" data-end=\"158\">Contrairement aux <strong>oriental perfumes<\/strong> classiques, souvent centr\u00e9s sur le musc, l\u2019ambre ou le oud, celui-ci se d\u00e9marque par ses notes gourmandes de pistache. Il ouvre ainsi la voie \u00e0 d&#8217;autres parfums. Ajoutez une deuxi\u00e8me touche de gourmandise \u00e0 votre \u00e9tag\u00e8re avec <a href=\"https:\/\/sem.lubeckserver.click\/produit\/khair-fusion\/?original-host=arabian-mood.com\"><strong>Khair Fusion<\/strong><\/a>, un parfum fruit\u00e9 et sucr\u00e9 qui met en \u00e9vidence le lychee.<\/p>\n<p>En plus d&#8217;\u00eatre d\u00e9licieux, Khair Pistachio se pr\u00e9sente dans un beau flacon aux\u00a0<strong>influences orientales<\/strong>. La marque Paris Corner a choisi un nom qui \u00e9voque la France pour ajouter une touche de prestige \u00e0 sa collection de <strong>parfums duba\u00efote<\/strong>. Cette combinaison de style oriental et d&#8217;\u00e9l\u00e9gance fran\u00e7aise rend ce <strong>parfum gourmand<\/strong> encore plus attirant.<\/p>\n<h3>Pourquoi choisir Khair Pistachio\u00a0?<\/h3>\n<p>Lorsqu&#8217;on le porte, on vit une vraie aventure olfactive. Au d\u00e9but, vous sentez tout de suite les notes gourmandes de pistache. Le parfum \u00e9volue ensuite vers des <strong>notes florales<\/strong> accompagn\u00e9es d&#8217;une touche bois\u00e9e subtile. \u00c0 la fin, il laisse un sillage sucr\u00e9 qui rappelle une d\u00e9licieuse p\u00e2tisserie orientale. Ce <strong>parfum Duba\u00ef<\/strong> parvient ainsi \u00e0 faire de votre journ\u00e9e une r\u00e9elle exp\u00e9rience sensorielle d&#8217;une rare intensit\u00e9.<\/p>\n<p>Ce parfum oriental \u00e0 la pistache vous offre quelque chose de vraiment nouveau. Si vous aimez les parfums originaux et gourmands, le Khair Pistachio de Paris Corner est fait pour vous.<br \/>\n.<\/p>\n<h3>Une r\u00e9v\u00e9lation parfum\u00e9e de l&#8217;ann\u00e9e 2023<\/h3>\n<p class=\"\" data-start=\"130\" data-end=\"281\">Lancez-vous donc \u00e0 la d\u00e9couverte de Khair Pistachio, un <strong>parfum \u00e0 la pistache<\/strong> originaire de Duba\u00ef, dont le succ\u00e8s fulgurant intrigue autant qu\u2019il s\u00e9duit. Une fois que vous l&#8217;aurez essay\u00e9, vous comprendrez pourquoi tant de personnes ne peuvent plus s&#8217;en passer.<\/p>","protected":false},"excerpt":{"rendered":"<p>Note de t\u00eate : Pistache<br \/>\nNote de coeur : Muguet, Cr\u00e8me, Pivoine<br \/>\nNote de fond : Barbe \u00e0 papa, Vanille, F\u00e8ve tonka<\/p>","protected":false},"featured_media":9254,"template":"","meta":[],"product_brand":[],"product_cat":[590,433,523],"product_tag":[],"class_list":{"0":"post-7868","1":"product","2":"type-product","3":"status-publish","4":"has-post-thumbnail","6":"product_cat-parfum-dubai-mixte","7":"product_cat-parfums-de-dubai","8":"product_cat-paris-corner","10":"first","11":"instock","12":"purchasable","13":"product-type-simple"},"yoast_head":"<!-- This site is optimized with the Yoast SEO plugin v27.4 - https:\/\/yoast.com\/product\/yoast-seo-wordpress\/ -->\n<title>Khair Pistachio - Paris Corner | Parfum oriental \u00e0 la pistache<\/title>\n<meta name=\"robots\" content=\"index, follow, max-snippet:-1, max-image-preview:large, max-video-preview:-1\" \/>\n<link rel=\"canonical\" href=\"https:\/\/arabian-mood.com\/en\/product\/khair-pistachio-paris-corner\/\" \/>\n<meta property=\"og:locale\" content=\"en_US\" \/>\n<meta property=\"og:type\" content=\"article\" \/>\n<meta property=\"og:title\" content=\"Khair Pistachio - Paris Corner | Parfum oriental \u00e0 la pistache\" \/>\n<meta property=\"og:description\" content=\"Note de t\u00eate : Pistache Note de coeur : Muguet, Cr\u00e8me, Pivoine Note de fond : Barbe \u00e0 papa, Vanille, F\u00e8ve tonka\" \/>\n<meta property=\"og:url\" content=\"https:\/\/arabian-mood.com\/en\/product\/khair-pistachio-paris-corner\/\" \/>\n<meta property=\"og:site_name\" content=\"Arabian Mood\" \/>\n<meta property=\"article:modified_time\" content=\"2025-12-03T16:13:30+00:00\" \/>\n<meta property=\"og:image\" content=\"https:\/\/arabian-mood.com\/wp-content\/uploads\/2024\/03\/khair-pistachio-100ml-paris-corner.jpg\" \/>\n\t<meta property=\"og:image:width\" content=\"600\" \/>\n\t<meta property=\"og:image:height\" content=\"600\" \/>\n\t<meta property=\"og:image:type\" content=\"image\/jpeg\" \/>\n<meta name=\"twitter:card\" content=\"summary_large_image\" \/>\n<meta name=\"twitter:label1\" content=\"Est. reading time\" \/>\n\t<meta name=\"twitter:data1\" content=\"2 minutes\" \/>\n<script type=\"application\/ld+json\" class=\"yoast-schema-graph\">{\"@context\":\"https:\\\/\\\/schema.org\",\"@graph\":[{\"@type\":\"WebPage\",\"@id\":\"https:\\\/\\\/arabian-mood.com\\\/produit\\\/khair-pistachio-paris-corner\\\/\",\"url\":\"https:\\\/\\\/arabian-mood.com\\\/produit\\\/khair-pistachio-paris-corner\\\/\",\"name\":\"Khair Pistachio - Paris Corner | Parfum oriental \u00e0 la pistache\",\"isPartOf\":{\"@id\":\"https:\\\/\\\/arabian-mood.com\\\/#website\"},\"primaryImageOfPage\":{\"@id\":\"https:\\\/\\\/arabian-mood.com\\\/produit\\\/khair-pistachio-paris-corner\\\/#primaryimage\"},\"image\":{\"@id\":\"https:\\\/\\\/arabian-mood.com\\\/produit\\\/khair-pistachio-paris-corner\\\/#primaryimage\"},\"thumbnailUrl\":\"https:\\\/\\\/arabian-mood.com\\\/wp-content\\\/uploads\\\/2024\\\/03\\\/khair-pistachio-100ml-paris-corner.jpg\",\"datePublished\":\"2024-03-29T11:45:51+00:00\",\"dateModified\":\"2025-12-03T16:13:30+00:00\",\"breadcrumb\":{\"@id\":\"https:\\\/\\\/arabian-mood.com\\\/produit\\\/khair-pistachio-paris-corner\\\/#breadcrumb\"},\"inLanguage\":\"en-US\",\"potentialAction\":[{\"@type\":\"ReadAction\",\"target\":[\"https:\\\/\\\/arabian-mood.com\\\/produit\\\/khair-pistachio-paris-corner\\\/\"]}]},{\"@type\":\"ImageObject\",\"inLanguage\":\"en-US\",\"@id\":\"https:\\\/\\\/arabian-mood.com\\\/produit\\\/khair-pistachio-paris-corner\\\/#primaryimage\",\"url\":\"https:\\\/\\\/arabian-mood.com\\\/wp-content\\\/uploads\\\/2024\\\/03\\\/khair-pistachio-100ml-paris-corner.jpg\",\"contentUrl\":\"https:\\\/\\\/arabian-mood.com\\\/wp-content\\\/uploads\\\/2024\\\/03\\\/khair-pistachio-100ml-paris-corner.jpg\",\"width\":600,\"height\":600,\"caption\":\"khair pistachio paris corner\"},{\"@type\":\"BreadcrumbList\",\"@id\":\"https:\\\/\\\/arabian-mood.com\\\/produit\\\/khair-pistachio-paris-corner\\\/#breadcrumb\",\"itemListElement\":[{\"@type\":\"ListItem\",\"position\":1,\"name\":\"Accueil\",\"item\":\"https:\\\/\\\/arabian-mood.com\\\/\"},{\"@type\":\"ListItem\",\"position\":2,\"name\":\"Boutique\",\"item\":\"https:\\\/\\\/arabian-mood.com\\\/boutique\\\/\"},{\"@type\":\"ListItem\",\"position\":3,\"name\":\"Khair Pistachio &#8211; Paris Corner\"}]},{\"@type\":\"WebSite\",\"@id\":\"https:\\\/\\\/arabian-mood.com\\\/#website\",\"url\":\"https:\\\/\\\/arabian-mood.com\\\/\",\"name\":\"Arabian Mood\",\"description\":\"\",\"publisher\":{\"@id\":\"https:\\\/\\\/arabian-mood.com\\\/#organization\"},\"potentialAction\":[{\"@type\":\"SearchAction\",\"target\":{\"@type\":\"EntryPoint\",\"urlTemplate\":\"https:\\\/\\\/arabian-mood.com\\\/?s={search_term_string}\"},\"query-input\":{\"@type\":\"PropertyValueSpecification\",\"valueRequired\":true,\"valueName\":\"search_term_string\"}}],\"inLanguage\":\"en-US\"},{\"@type\":\"Organization\",\"@id\":\"https:\\\/\\\/arabian-mood.com\\\/#organization\",\"name\":\"Arabian Mood\",\"url\":\"https:\\\/\\\/arabian-mood.com\\\/\",\"logo\":{\"@type\":\"ImageObject\",\"inLanguage\":\"en-US\",\"@id\":\"https:\\\/\\\/arabian-mood.com\\\/#\\\/schema\\\/logo\\\/image\\\/\",\"url\":\"https:\\\/\\\/arabian-mood.com\\\/wp-content\\\/uploads\\\/2024\\\/09\\\/Groupe-11304.svg\",\"contentUrl\":\"https:\\\/\\\/arabian-mood.com\\\/wp-content\\\/uploads\\\/2024\\\/09\\\/Groupe-11304.svg\",\"width\":214,\"height\":27,\"caption\":\"Arabian Mood\"},\"image\":{\"@id\":\"https:\\\/\\\/arabian-mood.com\\\/#\\\/schema\\\/logo\\\/image\\\/\"},\"sameAs\":[\"https:\\\/\\\/www.instagram.com\\\/arabianmoodofficiel\\\/\"]}]}<\/script>\n<!-- \/ Yoast SEO plugin. -->","yoast_head_json":{"title":"Khair Pistachio - Paris Corner | Parfum oriental \u00e0 la pistache","robots":{"index":"index","follow":"follow","max-snippet":"max-snippet:-1","max-image-preview":"max-image-preview:large","max-video-preview":"max-video-preview:-1"},"canonical":"https:\/\/arabian-mood.com\/en\/product\/khair-pistachio-paris-corner\/","og_locale":"en_US","og_type":"article","og_title":"Khair Pistachio - Paris Corner | Parfum oriental \u00e0 la pistache","og_description":"Note de t\u00eate : Pistache Note de coeur : Muguet, Cr\u00e8me, Pivoine Note de fond : Barbe \u00e0 papa, Vanille, F\u00e8ve tonka","og_url":"https:\/\/arabian-mood.com\/en\/product\/khair-pistachio-paris-corner\/","og_site_name":"Arabian Mood","article_modified_time":"2025-12-03T16:13:30+00:00","og_image":[{"width":600,"height":600,"url":"https:\/\/arabian-mood.com\/wp-content\/uploads\/2024\/03\/khair-pistachio-100ml-paris-corner.jpg","type":"image\/jpeg"}],"twitter_card":"summary_large_image","twitter_misc":{"Est. reading time":"2 minutes"},"schema":{"@context":"https:\/\/schema.org","@graph":[{"@type":"WebPage","@id":"https:\/\/arabian-mood.com\/produit\/khair-pistachio-paris-corner\/","url":"https:\/\/arabian-mood.com\/produit\/khair-pistachio-paris-corner\/","name":"Khair Pistachio - Paris Corner | Parfum oriental \u00e0 la pistache","isPartOf":{"@id":"https:\/\/arabian-mood.com\/#website"},"primaryImageOfPage":{"@id":"https:\/\/arabian-mood.com\/produit\/khair-pistachio-paris-corner\/#primaryimage"},"image":{"@id":"https:\/\/arabian-mood.com\/produit\/khair-pistachio-paris-corner\/#primaryimage"},"thumbnailUrl":"https:\/\/arabian-mood.com\/wp-content\/uploads\/2024\/03\/khair-pistachio-100ml-paris-corner.jpg","datePublished":"2024-03-29T11:45:51+00:00","dateModified":"2025-12-03T16:13:30+00:00","breadcrumb":{"@id":"https:\/\/arabian-mood.com\/produit\/khair-pistachio-paris-corner\/#breadcrumb"},"inLanguage":"en-US","potentialAction":[{"@type":"ReadAction","target":["https:\/\/arabian-mood.com\/produit\/khair-pistachio-paris-corner\/"]}]},{"@type":"ImageObject","inLanguage":"en-US","@id":"https:\/\/arabian-mood.com\/produit\/khair-pistachio-paris-corner\/#primaryimage","url":"https:\/\/arabian-mood.com\/wp-content\/uploads\/2024\/03\/khair-pistachio-100ml-paris-corner.jpg","contentUrl":"https:\/\/arabian-mood.com\/wp-content\/uploads\/2024\/03\/khair-pistachio-100ml-paris-corner.jpg","width":600,"height":600,"caption":"khair pistachio paris corner"},{"@type":"BreadcrumbList","@id":"https:\/\/arabian-mood.com\/produit\/khair-pistachio-paris-corner\/#breadcrumb","itemListElement":[{"@type":"ListItem","position":1,"name":"Accueil","item":"https:\/\/arabian-mood.com\/"},{"@type":"ListItem","position":2,"name":"Boutique","item":"https:\/\/arabian-mood.com\/boutique\/"},{"@type":"ListItem","position":3,"name":"Khair Pistachio &#8211; Paris Corner"}]},{"@type":"WebSite","@id":"https:\/\/arabian-mood.com\/#website","url":"https:\/\/arabian-mood.com\/","name":"Arabian Mood","description":"","publisher":{"@id":"https:\/\/arabian-mood.com\/#organization"},"potentialAction":[{"@type":"SearchAction","target":{"@type":"EntryPoint","urlTemplate":"https:\/\/arabian-mood.com\/?s={search_term_string}"},"query-input":{"@type":"PropertyValueSpecification","valueRequired":true,"valueName":"search_term_string"}}],"inLanguage":"en-US"},{"@type":"Organization","@id":"https:\/\/arabian-mood.com\/#organization","name":"Arabian Mood","url":"https:\/\/arabian-mood.com\/","logo":{"@type":"ImageObject","inLanguage":"en-US","@id":"https:\/\/arabian-mood.com\/#\/schema\/logo\/image\/","url":"https:\/\/arabian-mood.com\/wp-content\/uploads\/2024\/09\/Groupe-11304.svg","contentUrl":"https:\/\/arabian-mood.com\/wp-content\/uploads\/2024\/09\/Groupe-11304.svg","width":214,"height":27,"caption":"Arabian Mood"},"image":{"@id":"https:\/\/arabian-mood.com\/#\/schema\/logo\/image\/"},"sameAs":["https:\/\/www.instagram.com\/arabianmoodofficiel\/"]}]}},"_links":{"self":[{"href":"https:\/\/arabian-mood.com\/en\/wp-json\/wp\/v2\/product\/7868","targetHints":{"allow":["GET"]}}],"collection":[{"href":"https:\/\/arabian-mood.com\/en\/wp-json\/wp\/v2\/product"}],"about":[{"href":"https:\/\/arabian-mood.com\/en\/wp-json\/wp\/v2\/types\/product"}],"wp:featuredmedia":[{"embeddable":true,"href":"https:\/\/arabian-mood.com\/en\/wp-json\/wp\/v2\/media\/9254"}],"wp:attachment":[{"href":"https:\/\/arabian-mood.com\/en\/wp-json\/wp\/v2\/media?parent=7868"}],"wp:term":[{"taxonomy":"product_brand","embeddable":true,"href":"https:\/\/arabian-mood.com\/en\/wp-json\/wp\/v2\/product_brand?post=7868"},{"taxonomy":"product_cat","embeddable":true,"href":"https:\/\/arabian-mood.com\/en\/wp-json\/wp\/v2\/product_cat?post=7868"},{"taxonomy":"product_tag","embeddable":true,"href":"https:\/\/arabian-mood.com\/en\/wp-json\/wp\/v2\/product_tag?post=7868"}],"curies":[{"name":"wp","href":"https:\/\/api.w.org\/{rel}","templated":true}]}}