{"id":8122,"date":"2024-08-09T11:39:25","date_gmt":"2024-08-09T09:39:25","guid":{"rendered":"https:\/\/arabian-mood.com\/produit\/taskeen-caramel-cascade\/"},"modified":"2025-12-03T17:13:30","modified_gmt":"2025-12-03T16:13:30","slug":"taskeen-caramel-cascade","status":"publish","type":"product","link":"https:\/\/arabian-mood.com\/en\/produit\/taskeen-caramel-cascade\/","title":{"rendered":"Taskeen Caramel Cascade 100ml \u2013 Paris Corner"},"content":{"rendered":"<p>Plongez dans un monde de douceur irr\u00e9sistible avec <strong>Taskeen Caramel Cascade<\/strong>, une eau de parfum sign\u00e9e <strong>Paris Corner<\/strong>. Cette fragrance ne se contente pas de vous envelopper d&#8217;un voile parfum\u00e9. Elle a le pouvoir de transformer votre journ\u00e9e ordinaire en moment extraordinaire. Appliquez-le sur votre corps et d\u00e9couvrez la sensation de bien-\u00eatre absolu procur\u00e9e par ce <strong>Gourmand perfume<\/strong>.<\/p>\n<h2>Taskeen Caramel Cascade : une gourmandise qui vous suit partout<\/h2>\n<p>Cette aventure olfactive est inaugur\u00e9e avec une note de t\u00eate gourmande compos\u00e9e de <strong>caramel fondant<\/strong> and of <strong>notes cr\u00e9meuses de lait<\/strong>. Cette ouverture parvient ainsi \u00e0 \u00e9veiller instantan\u00e9ment les sens. Vous aurez l&#8217;impression de croquer dans votre dessert pr\u00e9f\u00e9r\u00e9, celui qui vous ram\u00e8ne \u00e0 vos souvenirs les plus doux.<\/p>\n<p>Puis, vient ce moment o\u00f9 la\u00a0<strong>tonka bean<\/strong> fait la rencontre du <strong>miel dor\u00e9<\/strong>. Cette combinaison cr\u00e9e une chaleur qui se d\u00e9ploie sur votre peau, attirant les compliments \u00e0 chaque passage. Vos proches voudront d&#8217;ailleurs savoir quel est ce parfum qui vous entoure d&#8217;une aura si captivante.<\/p>\n<h3>Le sillage de Taskeen Caramel Cascade marque les esprits<\/h3>\n<p>Le pouvoir olfactif de ce parfum atteint son apog\u00e9e lorsqu&#8217;on passe aux notes de t\u00eate. En effet, il se r\u00e9v\u00e8le au fil des heures et d\u00e9voile ses diverses facettes. La <strong>vanilla<\/strong> and the <strong>White musk<\/strong> s&#8217;associent pour cr\u00e9er un sillage qui vous accompagne du matin au soir. C&#8217;est d&#8217;ailleurs cette tenue exceptionnelle qui fait toute la diff\u00e9rence. Pourquoi se contenter d&#8217;un parfum qui s&#8217;\u00e9vapore quand vous pouvez avoir une pr\u00e9sence olfactive qui vous distingue toute la journ\u00e9e ?<\/p>\n<p>Unisexe et pr\u00e9sent\u00e9 dans un flacon g\u00e9n\u00e9reux de 100 ml, Taskeen Caramel Cascade de Paris Corner est con\u00e7u pour ceux qui osent affirmer leur personnalit\u00e9. Il s&#8217;adapte \u00e0 chaque instant de votre vie avec une \u00e9l\u00e9gance naturelle. Succombez aussi \u00e0\u00a0<a href=\"https:\/\/arabian-mood.com\/en\/product\/eau-de-parfum-teriaq-lattafa\/\"><strong>Teriaq Lattafa<\/strong><\/a>, another <strong>parfum gourmand au caramel<\/strong>.<\/p>\n<h3>Votre signature olfactive vous attend<\/h3>\n<p>Pourquoi attendre pour d\u00e9couvrir ce que tant d&#8217;autres ont d\u00e9j\u00e0 adopt\u00e9 comme leur parfum signature ? Taskeen Caramel Cascade n&#8217;est pas simplement un achat, c&#8217;est un investissement dans votre bien-\u00eatre quotidien, dans la fa\u00e7on dont vous vous pr\u00e9sentez au monde. Laissez cette cascade de caramel envelopper votre quotidien d&#8217;une douceur exquise. Commandez d\u00e8s maintenant et rejoignez ceux qui ont transform\u00e9 leur routine en exp\u00e9rience sensorielle unique. Votre flacon de bonheur vous attend. Quelques clics suffisent en effet pour que cette parenth\u00e8se gourmande vienne enrichir votre <strong>perfume collection<\/strong>.<\/p>","protected":false},"excerpt":{"rendered":"<p>Plongez dans un monde de douceur irr\u00e9sistible avec Taskeen Caramel Cascade, une eau de parfum sign\u00e9e Paris Corner. Cette fragrance<\/p>","protected":false},"featured_media":9059,"template":"","meta":[],"product_brand":[],"product_cat":[590,152,433,523],"product_tag":[],"class_list":{"0":"post-8122","1":"product","2":"type-product","3":"status-publish","4":"has-post-thumbnail","6":"product_cat-parfum-dubai-mixte","7":"product_cat-mixte","8":"product_cat-parfums-de-dubai","9":"product_cat-paris-corner","11":"first","12":"instock","13":"purchasable","14":"product-type-simple"},"yoast_head":"<!-- This site is optimized with the Yoast SEO plugin v27.5 - https:\/\/yoast.com\/product\/yoast-seo-wordpress\/ -->\n<title>Taskeen Caramel Cascade 100ml | Paris Corner<\/title>\n<meta name=\"description\" content=\"D\u00e9couvrez Taskeen Caramel Cascade, un parfum gourmand \u00e0 base de caramel qui transforme votre quotidien ordinaire en instant extraordinaire.\" \/>\n<meta name=\"robots\" content=\"index, follow, max-snippet:-1, max-image-preview:large, max-video-preview:-1\" \/>\n<link rel=\"canonical\" href=\"https:\/\/arabian-mood.com\/en\/product\/taskeen-caramel-cascade\/\" \/>\n<meta property=\"og:locale\" content=\"en_US\" \/>\n<meta property=\"og:type\" content=\"article\" \/>\n<meta property=\"og:title\" content=\"Taskeen Caramel Cascade 100ml | Paris Corner\" \/>\n<meta property=\"og:description\" content=\"D\u00e9couvrez Taskeen Caramel Cascade, un parfum gourmand \u00e0 base de caramel qui transforme votre quotidien ordinaire en instant extraordinaire.\" \/>\n<meta property=\"og:url\" content=\"https:\/\/arabian-mood.com\/en\/product\/taskeen-caramel-cascade\/\" \/>\n<meta property=\"og:site_name\" content=\"Arabian Mood\" \/>\n<meta property=\"article:modified_time\" content=\"2025-12-03T16:13:30+00:00\" \/>\n<meta property=\"og:image\" content=\"https:\/\/arabian-mood.com\/wp-content\/uploads\/2024\/08\/parfum-paris-corner-taskeen-caramel-cascade-parfum-tropiway.jpg\" \/>\n\t<meta property=\"og:image:width\" content=\"600\" \/>\n\t<meta property=\"og:image:height\" content=\"600\" \/>\n\t<meta property=\"og:image:type\" content=\"image\/jpeg\" \/>\n<meta name=\"twitter:card\" content=\"summary_large_image\" \/>\n<meta name=\"twitter:label1\" content=\"Est. reading time\" \/>\n\t<meta name=\"twitter:data1\" content=\"3 minutes\" \/>\n<script type=\"application\/ld+json\" class=\"yoast-schema-graph\">{\"@context\":\"https:\\\/\\\/schema.org\",\"@graph\":[{\"@type\":\"WebPage\",\"@id\":\"https:\\\/\\\/arabian-mood.com\\\/produit\\\/taskeen-caramel-cascade\\\/\",\"url\":\"https:\\\/\\\/arabian-mood.com\\\/produit\\\/taskeen-caramel-cascade\\\/\",\"name\":\"Taskeen Caramel Cascade 100ml | Paris Corner\",\"isPartOf\":{\"@id\":\"https:\\\/\\\/arabian-mood.com\\\/#website\"},\"primaryImageOfPage\":{\"@id\":\"https:\\\/\\\/arabian-mood.com\\\/produit\\\/taskeen-caramel-cascade\\\/#primaryimage\"},\"image\":{\"@id\":\"https:\\\/\\\/arabian-mood.com\\\/produit\\\/taskeen-caramel-cascade\\\/#primaryimage\"},\"thumbnailUrl\":\"https:\\\/\\\/arabian-mood.com\\\/wp-content\\\/uploads\\\/2024\\\/08\\\/parfum-paris-corner-taskeen-caramel-cascade-parfum-tropiway.jpg\",\"datePublished\":\"2024-08-09T09:39:25+00:00\",\"dateModified\":\"2025-12-03T16:13:30+00:00\",\"description\":\"D\u00e9couvrez Taskeen Caramel Cascade, un parfum gourmand \u00e0 base de caramel qui transforme votre quotidien ordinaire en instant extraordinaire.\",\"breadcrumb\":{\"@id\":\"https:\\\/\\\/arabian-mood.com\\\/produit\\\/taskeen-caramel-cascade\\\/#breadcrumb\"},\"inLanguage\":\"en-US\",\"potentialAction\":[{\"@type\":\"ReadAction\",\"target\":[\"https:\\\/\\\/arabian-mood.com\\\/produit\\\/taskeen-caramel-cascade\\\/\"]}]},{\"@type\":\"ImageObject\",\"inLanguage\":\"en-US\",\"@id\":\"https:\\\/\\\/arabian-mood.com\\\/produit\\\/taskeen-caramel-cascade\\\/#primaryimage\",\"url\":\"https:\\\/\\\/arabian-mood.com\\\/wp-content\\\/uploads\\\/2024\\\/08\\\/parfum-paris-corner-taskeen-caramel-cascade-parfum-tropiway.jpg\",\"contentUrl\":\"https:\\\/\\\/arabian-mood.com\\\/wp-content\\\/uploads\\\/2024\\\/08\\\/parfum-paris-corner-taskeen-caramel-cascade-parfum-tropiway.jpg\",\"width\":600,\"height\":600,\"caption\":\"taskeen caramel cascade parsi corner\"},{\"@type\":\"BreadcrumbList\",\"@id\":\"https:\\\/\\\/arabian-mood.com\\\/produit\\\/taskeen-caramel-cascade\\\/#breadcrumb\",\"itemListElement\":[{\"@type\":\"ListItem\",\"position\":1,\"name\":\"Accueil\",\"item\":\"https:\\\/\\\/arabian-mood.com\\\/\"},{\"@type\":\"ListItem\",\"position\":2,\"name\":\"Boutique\",\"item\":\"https:\\\/\\\/arabian-mood.com\\\/boutique\\\/\"},{\"@type\":\"ListItem\",\"position\":3,\"name\":\"Taskeen Caramel Cascade 100ml \u2013 Paris Corner\"}]},{\"@type\":\"WebSite\",\"@id\":\"https:\\\/\\\/arabian-mood.com\\\/#website\",\"url\":\"https:\\\/\\\/arabian-mood.com\\\/\",\"name\":\"Arabian Mood\",\"description\":\"\",\"publisher\":{\"@id\":\"https:\\\/\\\/arabian-mood.com\\\/#organization\"},\"potentialAction\":[{\"@type\":\"SearchAction\",\"target\":{\"@type\":\"EntryPoint\",\"urlTemplate\":\"https:\\\/\\\/arabian-mood.com\\\/?s={search_term_string}\"},\"query-input\":{\"@type\":\"PropertyValueSpecification\",\"valueRequired\":true,\"valueName\":\"search_term_string\"}}],\"inLanguage\":\"en-US\"},{\"@type\":\"Organization\",\"@id\":\"https:\\\/\\\/arabian-mood.com\\\/#organization\",\"name\":\"Arabian Mood\",\"url\":\"https:\\\/\\\/arabian-mood.com\\\/\",\"logo\":{\"@type\":\"ImageObject\",\"inLanguage\":\"en-US\",\"@id\":\"https:\\\/\\\/arabian-mood.com\\\/#\\\/schema\\\/logo\\\/image\\\/\",\"url\":\"https:\\\/\\\/arabian-mood.com\\\/wp-content\\\/uploads\\\/2024\\\/09\\\/Groupe-11304.svg\",\"contentUrl\":\"https:\\\/\\\/arabian-mood.com\\\/wp-content\\\/uploads\\\/2024\\\/09\\\/Groupe-11304.svg\",\"width\":214,\"height\":27,\"caption\":\"Arabian Mood\"},\"image\":{\"@id\":\"https:\\\/\\\/arabian-mood.com\\\/#\\\/schema\\\/logo\\\/image\\\/\"},\"sameAs\":[\"https:\\\/\\\/www.instagram.com\\\/arabianmoodofficiel\\\/\"]}]}<\/script>\n<!-- \/ Yoast SEO plugin. -->","yoast_head_json":{"title":"Taskeen Caramel Cascade 100ml | Paris Corner","description":"D\u00e9couvrez Taskeen Caramel Cascade, un parfum gourmand \u00e0 base de caramel qui transforme votre quotidien ordinaire en instant extraordinaire.","robots":{"index":"index","follow":"follow","max-snippet":"max-snippet:-1","max-image-preview":"max-image-preview:large","max-video-preview":"max-video-preview:-1"},"canonical":"https:\/\/arabian-mood.com\/en\/product\/taskeen-caramel-cascade\/","og_locale":"en_US","og_type":"article","og_title":"Taskeen Caramel Cascade 100ml | Paris Corner","og_description":"D\u00e9couvrez Taskeen Caramel Cascade, un parfum gourmand \u00e0 base de caramel qui transforme votre quotidien ordinaire en instant extraordinaire.","og_url":"https:\/\/arabian-mood.com\/en\/product\/taskeen-caramel-cascade\/","og_site_name":"Arabian Mood","article_modified_time":"2025-12-03T16:13:30+00:00","og_image":[{"width":600,"height":600,"url":"https:\/\/arabian-mood.com\/wp-content\/uploads\/2024\/08\/parfum-paris-corner-taskeen-caramel-cascade-parfum-tropiway.jpg","type":"image\/jpeg"}],"twitter_card":"summary_large_image","twitter_misc":{"Est. reading time":"3 minutes"},"schema":{"@context":"https:\/\/schema.org","@graph":[{"@type":"WebPage","@id":"https:\/\/arabian-mood.com\/produit\/taskeen-caramel-cascade\/","url":"https:\/\/arabian-mood.com\/produit\/taskeen-caramel-cascade\/","name":"Taskeen Caramel Cascade 100ml | Paris Corner","isPartOf":{"@id":"https:\/\/arabian-mood.com\/#website"},"primaryImageOfPage":{"@id":"https:\/\/arabian-mood.com\/produit\/taskeen-caramel-cascade\/#primaryimage"},"image":{"@id":"https:\/\/arabian-mood.com\/produit\/taskeen-caramel-cascade\/#primaryimage"},"thumbnailUrl":"https:\/\/arabian-mood.com\/wp-content\/uploads\/2024\/08\/parfum-paris-corner-taskeen-caramel-cascade-parfum-tropiway.jpg","datePublished":"2024-08-09T09:39:25+00:00","dateModified":"2025-12-03T16:13:30+00:00","description":"D\u00e9couvrez Taskeen Caramel Cascade, un parfum gourmand \u00e0 base de caramel qui transforme votre quotidien ordinaire en instant extraordinaire.","breadcrumb":{"@id":"https:\/\/arabian-mood.com\/produit\/taskeen-caramel-cascade\/#breadcrumb"},"inLanguage":"en-US","potentialAction":[{"@type":"ReadAction","target":["https:\/\/arabian-mood.com\/produit\/taskeen-caramel-cascade\/"]}]},{"@type":"ImageObject","inLanguage":"en-US","@id":"https:\/\/arabian-mood.com\/produit\/taskeen-caramel-cascade\/#primaryimage","url":"https:\/\/arabian-mood.com\/wp-content\/uploads\/2024\/08\/parfum-paris-corner-taskeen-caramel-cascade-parfum-tropiway.jpg","contentUrl":"https:\/\/arabian-mood.com\/wp-content\/uploads\/2024\/08\/parfum-paris-corner-taskeen-caramel-cascade-parfum-tropiway.jpg","width":600,"height":600,"caption":"taskeen caramel cascade parsi corner"},{"@type":"BreadcrumbList","@id":"https:\/\/arabian-mood.com\/produit\/taskeen-caramel-cascade\/#breadcrumb","itemListElement":[{"@type":"ListItem","position":1,"name":"Accueil","item":"https:\/\/arabian-mood.com\/"},{"@type":"ListItem","position":2,"name":"Boutique","item":"https:\/\/arabian-mood.com\/boutique\/"},{"@type":"ListItem","position":3,"name":"Taskeen Caramel Cascade 100ml \u2013 Paris Corner"}]},{"@type":"WebSite","@id":"https:\/\/arabian-mood.com\/#website","url":"https:\/\/arabian-mood.com\/","name":"Arabian Mood","description":"","publisher":{"@id":"https:\/\/arabian-mood.com\/#organization"},"potentialAction":[{"@type":"SearchAction","target":{"@type":"EntryPoint","urlTemplate":"https:\/\/arabian-mood.com\/?s={search_term_string}"},"query-input":{"@type":"PropertyValueSpecification","valueRequired":true,"valueName":"search_term_string"}}],"inLanguage":"en-US"},{"@type":"Organization","@id":"https:\/\/arabian-mood.com\/#organization","name":"Arabian Mood","url":"https:\/\/arabian-mood.com\/","logo":{"@type":"ImageObject","inLanguage":"en-US","@id":"https:\/\/arabian-mood.com\/#\/schema\/logo\/image\/","url":"https:\/\/arabian-mood.com\/wp-content\/uploads\/2024\/09\/Groupe-11304.svg","contentUrl":"https:\/\/arabian-mood.com\/wp-content\/uploads\/2024\/09\/Groupe-11304.svg","width":214,"height":27,"caption":"Arabian Mood"},"image":{"@id":"https:\/\/arabian-mood.com\/#\/schema\/logo\/image\/"},"sameAs":["https:\/\/www.instagram.com\/arabianmoodofficiel\/"]}]}},"_links":{"self":[{"href":"https:\/\/arabian-mood.com\/en\/wp-json\/wp\/v2\/product\/8122","targetHints":{"allow":["GET"]}}],"collection":[{"href":"https:\/\/arabian-mood.com\/en\/wp-json\/wp\/v2\/product"}],"about":[{"href":"https:\/\/arabian-mood.com\/en\/wp-json\/wp\/v2\/types\/product"}],"wp:featuredmedia":[{"embeddable":true,"href":"https:\/\/arabian-mood.com\/en\/wp-json\/wp\/v2\/media\/9059"}],"wp:attachment":[{"href":"https:\/\/arabian-mood.com\/en\/wp-json\/wp\/v2\/media?parent=8122"}],"wp:term":[{"taxonomy":"product_brand","embeddable":true,"href":"https:\/\/arabian-mood.com\/en\/wp-json\/wp\/v2\/product_brand?post=8122"},{"taxonomy":"product_cat","embeddable":true,"href":"https:\/\/arabian-mood.com\/en\/wp-json\/wp\/v2\/product_cat?post=8122"},{"taxonomy":"product_tag","embeddable":true,"href":"https:\/\/arabian-mood.com\/en\/wp-json\/wp\/v2\/product_tag?post=8122"}],"curies":[{"name":"wp","href":"https:\/\/api.w.org\/{rel}","templated":true}]}}