{"id":8319,"date":"2024-10-01T16:23:46","date_gmt":"2024-10-01T14:23:46","guid":{"rendered":"https:\/\/arabian-mood.com\/?post_type=product&#038;p=8319"},"modified":"2026-01-06T12:05:27","modified_gmt":"2026-01-06T11:05:27","slug":"khair-confection-paris-corner","status":"publish","type":"product","link":"https:\/\/arabian-mood.com\/en\/produit\/khair-confection-paris-corner\/","title":{"rendered":"Khair Confection \u2013 PARIS CORNER"},"content":{"rendered":"<p>Are you looking for a perfume that will envelop you in softness all day long? <strong>Khair Confection<\/strong> German <strong>Paris Corner<\/strong> could well become your new favorite. Indeed, this <strong>oriental fragrance<\/strong> For men and women, a blend of fruity, floral, and gourmand notes creates an extraordinary scent experience.<\/p>\n<h2>Discovery of Khair Confection: a perfect blend of sweetness<\/h2>\n<p>You just received your order, you spray this <strong>perfume water<\/strong> for the first time, and here, it's a genuine explosion of freshness that surprises and takes hold of you. The note of <strong>pear<\/strong> welcomes you immediately with its fruity, light touch that puts you in a good mood. This freshness pairs perfectly with the cream <strong>whipped cream<\/strong> that brings comforting sweetness.<\/p>\n<p>What makes this perfume truly interesting is the way it evolves on your skin. After the initial\u00a0<strong>fruity notes<\/strong>, the <strong>Jasmine<\/strong> and the\u2019<strong>ylang-ylang<\/strong> reveal themselves and add a floral dimension that gives depth to the perfume. These <strong>exotic flowers<\/strong> just provide the right amount of elegance without being too strong.<\/p>\n<p>But the real pleasure of Khair Confection comes from its base notes. The blend of\u00a0<strong>Cashmeran<\/strong>, of <strong>sandalwood<\/strong>, of <strong>marshmallow<\/strong> and of <strong>vanilla<\/strong> creates a warm, enveloping sensation that lasts a long time. These ingredients also ensure the fragrance remains pleasant throughout the day.<\/p>\n<h3>Why choose Khair Confection?<\/h3>\n<p>This isn't necessarily a perfume you save just for special occasions. You can in fact wear it every day, to work or on your outings. Its gentle scent appeals to everyone and adapts to all situations. Take the time to discover and appreciate it as well. <a href=\"https:\/\/arabian-mood.com\/en\/product\/khair-fusion\/\"><strong>Khair Fusion<\/strong><\/a>, one <strong>Gourmand perfume<\/strong> and a fruity one of the same kind.<\/p>\n<p>You will appreciate its remarkable and easy-to-wear quality. It doesn't take up too much space, but leaves a positive impression on those around you. If you like fragrances that blend sweetness and character, Khair Confection is for you. Indeed, it brings that sweet touch that puts you in a good mood without ever being too intense or cloying.<\/p>\n<h3>A fragrance that has the power to change your everyday<\/h3>\n<p>Try Khair Confection and discover how a simple fragrance can transform your day and make those you encounter smile.<\/p>","protected":false},"excerpt":{"rendered":"<p><strong>Top notes<\/strong> pear, whipped cream<br \/>\n<strong>Mid-notes<\/strong> Jasmine, Ylang ylang, bubble gum<br \/>\n<strong>Background notes<\/strong> sandalwood, marshmallow, vanilla.<\/p>","protected":false},"featured_media":9016,"template":"","meta":[],"product_brand":[],"product_cat":[590,152,433,523],"product_tag":[],"class_list":{"0":"post-8319","1":"product","2":"type-product","3":"status-publish","4":"has-post-thumbnail","6":"product_cat-parfum-dubai-mixte","7":"product_cat-mixte","8":"product_cat-parfums-de-dubai","9":"product_cat-paris-corner","11":"first","12":"instock","13":"sale","14":"purchasable","15":"product-type-simple"},"yoast_head":"<!-- This site is optimized with the Yoast SEO plugin v27.6 - https:\/\/yoast.com\/product\/yoast-seo-wordpress\/ -->\n<title>Khair Confection - PARIS CORNER - Arabian Mood<\/title>\n<meta name=\"description\" content=\"Khair Confection : parfum gourmand de Paris Corner m\u00ealant poire, cr\u00e8me et vanille pour une douceur irr\u00e9sistible. D\u00e9couvrez cette fragrance d\u00e8s aujourd&#039;hui !\" \/>\n<meta name=\"robots\" content=\"index, follow, max-snippet:-1, max-image-preview:large, max-video-preview:-1\" \/>\n<link rel=\"canonical\" href=\"https:\/\/arabian-mood.com\/en\/product\/khair-confection-paris-corner\/\" \/>\n<meta property=\"og:locale\" content=\"en_US\" \/>\n<meta property=\"og:type\" content=\"article\" \/>\n<meta property=\"og:title\" content=\"Khair Confection - PARIS CORNER - Arabian Mood\" \/>\n<meta property=\"og:description\" content=\"Khair Confection : parfum gourmand de Paris Corner m\u00ealant poire, cr\u00e8me et vanille pour une douceur irr\u00e9sistible. D\u00e9couvrez cette fragrance d\u00e8s aujourd&#039;hui !\" \/>\n<meta property=\"og:url\" content=\"https:\/\/arabian-mood.com\/en\/product\/khair-confection-paris-corner\/\" \/>\n<meta property=\"og:site_name\" content=\"Arabian Mood\" \/>\n<meta property=\"article:modified_time\" content=\"2026-01-06T11:05:27+00:00\" \/>\n<meta property=\"og:image\" content=\"https:\/\/arabian-mood.com\/wp-content\/uploads\/2024\/10\/khair-fusion.jpg\" \/>\n\t<meta property=\"og:image:width\" content=\"600\" \/>\n\t<meta property=\"og:image:height\" content=\"600\" \/>\n\t<meta property=\"og:image:type\" content=\"image\/jpeg\" \/>\n<meta name=\"twitter:card\" content=\"summary_large_image\" \/>\n<meta name=\"twitter:label1\" content=\"Est. reading time\" \/>\n\t<meta name=\"twitter:data1\" content=\"3 minutes\" \/>\n<script type=\"application\/ld+json\" class=\"yoast-schema-graph\">{\"@context\":\"https:\\\/\\\/schema.org\",\"@graph\":[{\"@type\":\"WebPage\",\"@id\":\"https:\\\/\\\/arabian-mood.com\\\/produit\\\/khair-confection-paris-corner\\\/\",\"url\":\"https:\\\/\\\/arabian-mood.com\\\/produit\\\/khair-confection-paris-corner\\\/\",\"name\":\"Khair Confection - PARIS CORNER - Arabian Mood\",\"isPartOf\":{\"@id\":\"https:\\\/\\\/arabian-mood.com\\\/#website\"},\"primaryImageOfPage\":{\"@id\":\"https:\\\/\\\/arabian-mood.com\\\/produit\\\/khair-confection-paris-corner\\\/#primaryimage\"},\"image\":{\"@id\":\"https:\\\/\\\/arabian-mood.com\\\/produit\\\/khair-confection-paris-corner\\\/#primaryimage\"},\"thumbnailUrl\":\"https:\\\/\\\/arabian-mood.com\\\/wp-content\\\/uploads\\\/2024\\\/10\\\/khair-fusion.jpg\",\"datePublished\":\"2024-10-01T14:23:46+00:00\",\"dateModified\":\"2026-01-06T11:05:27+00:00\",\"description\":\"Khair Confection : parfum gourmand de Paris Corner m\u00ealant poire, cr\u00e8me et vanille pour une douceur irr\u00e9sistible. D\u00e9couvrez cette fragrance d\u00e8s aujourd'hui !\",\"breadcrumb\":{\"@id\":\"https:\\\/\\\/arabian-mood.com\\\/produit\\\/khair-confection-paris-corner\\\/#breadcrumb\"},\"inLanguage\":\"en-US\",\"potentialAction\":[{\"@type\":\"ReadAction\",\"target\":[\"https:\\\/\\\/arabian-mood.com\\\/produit\\\/khair-confection-paris-corner\\\/\"]}]},{\"@type\":\"ImageObject\",\"inLanguage\":\"en-US\",\"@id\":\"https:\\\/\\\/arabian-mood.com\\\/produit\\\/khair-confection-paris-corner\\\/#primaryimage\",\"url\":\"https:\\\/\\\/arabian-mood.com\\\/wp-content\\\/uploads\\\/2024\\\/10\\\/khair-fusion.jpg\",\"contentUrl\":\"https:\\\/\\\/arabian-mood.com\\\/wp-content\\\/uploads\\\/2024\\\/10\\\/khair-fusion.jpg\",\"width\":600,\"height\":600,\"caption\":\"khair confection paris corner\"},{\"@type\":\"BreadcrumbList\",\"@id\":\"https:\\\/\\\/arabian-mood.com\\\/produit\\\/khair-confection-paris-corner\\\/#breadcrumb\",\"itemListElement\":[{\"@type\":\"ListItem\",\"position\":1,\"name\":\"Accueil\",\"item\":\"https:\\\/\\\/arabian-mood.com\\\/\"},{\"@type\":\"ListItem\",\"position\":2,\"name\":\"Boutique\",\"item\":\"https:\\\/\\\/arabian-mood.com\\\/boutique\\\/\"},{\"@type\":\"ListItem\",\"position\":3,\"name\":\"Khair Confection &#8211; PARIS CORNER\"}]},{\"@type\":\"WebSite\",\"@id\":\"https:\\\/\\\/arabian-mood.com\\\/#website\",\"url\":\"https:\\\/\\\/arabian-mood.com\\\/\",\"name\":\"Arabian Mood\",\"description\":\"\",\"publisher\":{\"@id\":\"https:\\\/\\\/arabian-mood.com\\\/#organization\"},\"potentialAction\":[{\"@type\":\"SearchAction\",\"target\":{\"@type\":\"EntryPoint\",\"urlTemplate\":\"https:\\\/\\\/arabian-mood.com\\\/?s={search_term_string}\"},\"query-input\":{\"@type\":\"PropertyValueSpecification\",\"valueRequired\":true,\"valueName\":\"search_term_string\"}}],\"inLanguage\":\"en-US\"},{\"@type\":\"Organization\",\"@id\":\"https:\\\/\\\/arabian-mood.com\\\/#organization\",\"name\":\"Arabian Mood\",\"url\":\"https:\\\/\\\/arabian-mood.com\\\/\",\"logo\":{\"@type\":\"ImageObject\",\"inLanguage\":\"en-US\",\"@id\":\"https:\\\/\\\/arabian-mood.com\\\/#\\\/schema\\\/logo\\\/image\\\/\",\"url\":\"https:\\\/\\\/arabian-mood.com\\\/wp-content\\\/uploads\\\/2024\\\/09\\\/Groupe-11304.svg\",\"contentUrl\":\"https:\\\/\\\/arabian-mood.com\\\/wp-content\\\/uploads\\\/2024\\\/09\\\/Groupe-11304.svg\",\"width\":214,\"height\":27,\"caption\":\"Arabian Mood\"},\"image\":{\"@id\":\"https:\\\/\\\/arabian-mood.com\\\/#\\\/schema\\\/logo\\\/image\\\/\"},\"sameAs\":[\"https:\\\/\\\/www.instagram.com\\\/arabianmoodofficiel\\\/\"]}]}<\/script>\n<!-- \/ Yoast SEO plugin. -->","yoast_head_json":{"title":"Khair Confection - PARIS CORNER - Arabian Mood","description":"Khair Confection: A gourmand perfume from Paris Corner, blending pear, cream, and vanilla for irresistible sweetness. Discover this fragrance today!","robots":{"index":"index","follow":"follow","max-snippet":"max-snippet:-1","max-image-preview":"max-image-preview:large","max-video-preview":"max-video-preview:-1"},"canonical":"https:\/\/arabian-mood.com\/en\/product\/khair-confection-paris-corner\/","og_locale":"en_US","og_type":"article","og_title":"Khair Confection - PARIS CORNER - Arabian Mood","og_description":"Khair Confection : parfum gourmand de Paris Corner m\u00ealant poire, cr\u00e8me et vanille pour une douceur irr\u00e9sistible. D\u00e9couvrez cette fragrance d\u00e8s aujourd'hui !","og_url":"https:\/\/arabian-mood.com\/en\/product\/khair-confection-paris-corner\/","og_site_name":"Arabian Mood","article_modified_time":"2026-01-06T11:05:27+00:00","og_image":[{"width":600,"height":600,"url":"https:\/\/arabian-mood.com\/wp-content\/uploads\/2024\/10\/khair-fusion.jpg","type":"image\/jpeg"}],"twitter_card":"summary_large_image","twitter_misc":{"Est. reading time":"3 minutes"},"schema":{"@context":"https:\/\/schema.org","@graph":[{"@type":"WebPage","@id":"https:\/\/arabian-mood.com\/produit\/khair-confection-paris-corner\/","url":"https:\/\/arabian-mood.com\/produit\/khair-confection-paris-corner\/","name":"Khair Confection - PARIS CORNER - Arabian Mood","isPartOf":{"@id":"https:\/\/arabian-mood.com\/#website"},"primaryImageOfPage":{"@id":"https:\/\/arabian-mood.com\/produit\/khair-confection-paris-corner\/#primaryimage"},"image":{"@id":"https:\/\/arabian-mood.com\/produit\/khair-confection-paris-corner\/#primaryimage"},"thumbnailUrl":"https:\/\/arabian-mood.com\/wp-content\/uploads\/2024\/10\/khair-fusion.jpg","datePublished":"2024-10-01T14:23:46+00:00","dateModified":"2026-01-06T11:05:27+00:00","description":"Khair Confection: A gourmand perfume from Paris Corner, blending pear, cream, and vanilla for irresistible sweetness. Discover this fragrance today!","breadcrumb":{"@id":"https:\/\/arabian-mood.com\/produit\/khair-confection-paris-corner\/#breadcrumb"},"inLanguage":"en-US","potentialAction":[{"@type":"ReadAction","target":["https:\/\/arabian-mood.com\/produit\/khair-confection-paris-corner\/"]}]},{"@type":"ImageObject","inLanguage":"en-US","@id":"https:\/\/arabian-mood.com\/produit\/khair-confection-paris-corner\/#primaryimage","url":"https:\/\/arabian-mood.com\/wp-content\/uploads\/2024\/10\/khair-fusion.jpg","contentUrl":"https:\/\/arabian-mood.com\/wp-content\/uploads\/2024\/10\/khair-fusion.jpg","width":600,"height":600,"caption":"khair confection paris corner"},{"@type":"BreadcrumbList","@id":"https:\/\/arabian-mood.com\/produit\/khair-confection-paris-corner\/#breadcrumb","itemListElement":[{"@type":"ListItem","position":1,"name":"Accueil","item":"https:\/\/arabian-mood.com\/"},{"@type":"ListItem","position":2,"name":"Boutique","item":"https:\/\/arabian-mood.com\/boutique\/"},{"@type":"ListItem","position":3,"name":"Khair Confection &#8211; PARIS CORNER"}]},{"@type":"WebSite","@id":"https:\/\/arabian-mood.com\/#website","url":"https:\/\/arabian-mood.com\/","name":"Arabian Mood","description":"","publisher":{"@id":"https:\/\/arabian-mood.com\/#organization"},"potentialAction":[{"@type":"SearchAction","target":{"@type":"EntryPoint","urlTemplate":"https:\/\/arabian-mood.com\/?s={search_term_string}"},"query-input":{"@type":"PropertyValueSpecification","valueRequired":true,"valueName":"search_term_string"}}],"inLanguage":"en-US"},{"@type":"Organization","@id":"https:\/\/arabian-mood.com\/#organization","name":"Arabian Mood","url":"https:\/\/arabian-mood.com\/","logo":{"@type":"ImageObject","inLanguage":"en-US","@id":"https:\/\/arabian-mood.com\/#\/schema\/logo\/image\/","url":"https:\/\/arabian-mood.com\/wp-content\/uploads\/2024\/09\/Groupe-11304.svg","contentUrl":"https:\/\/arabian-mood.com\/wp-content\/uploads\/2024\/09\/Groupe-11304.svg","width":214,"height":27,"caption":"Arabian Mood"},"image":{"@id":"https:\/\/arabian-mood.com\/#\/schema\/logo\/image\/"},"sameAs":["https:\/\/www.instagram.com\/arabianmoodofficiel\/"]}]}},"_links":{"self":[{"href":"https:\/\/arabian-mood.com\/en\/wp-json\/wp\/v2\/product\/8319","targetHints":{"allow":["GET"]}}],"collection":[{"href":"https:\/\/arabian-mood.com\/en\/wp-json\/wp\/v2\/product"}],"about":[{"href":"https:\/\/arabian-mood.com\/en\/wp-json\/wp\/v2\/types\/product"}],"wp:featuredmedia":[{"embeddable":true,"href":"https:\/\/arabian-mood.com\/en\/wp-json\/wp\/v2\/media\/9016"}],"wp:attachment":[{"href":"https:\/\/arabian-mood.com\/en\/wp-json\/wp\/v2\/media?parent=8319"}],"wp:term":[{"taxonomy":"product_brand","embeddable":true,"href":"https:\/\/arabian-mood.com\/en\/wp-json\/wp\/v2\/product_brand?post=8319"},{"taxonomy":"product_cat","embeddable":true,"href":"https:\/\/arabian-mood.com\/en\/wp-json\/wp\/v2\/product_cat?post=8319"},{"taxonomy":"product_tag","embeddable":true,"href":"https:\/\/arabian-mood.com\/en\/wp-json\/wp\/v2\/product_tag?post=8319"}],"curies":[{"name":"wp","href":"https:\/\/api.w.org\/{rel}","templated":true}]}}