{"id":8476,"date":"2024-11-07T12:46:21","date_gmt":"2024-11-07T11:46:21","guid":{"rendered":"https:\/\/arabian-mood.com\/?post_type=product&#038;p=8476"},"modified":"2026-01-06T12:04:43","modified_gmt":"2026-01-06T11:04:43","slug":"minya-paris-corner","status":"publish","type":"product","link":"https:\/\/arabian-mood.com\/en\/produit\/minya-paris-corner\/","title":{"rendered":"Minya - Paris Corner"},"content":{"rendered":"<p>Plongez dans un monde sucr\u00e9e avec \u00a0<strong>Minya Paris corner<\/strong> , un <strong>parfum<\/strong> gourmand con\u00e7u pour satisfaire vos sens avec son d\u00e9licieux m\u00e9lange de pistache et d&#8217;amande. Au fur et \u00e0 mesure que le c\u0153ur se d\u00e9ploie, le jasmin doux et l&#8217;h\u00e9liotrope se fondent dans la chaleur du cachemeran, cr\u00e9ant une \u00e9treinte sensuelle. La finition est un m\u00e9lange luxueux de bois de santal, de vanille et de caramel sal\u00e9, laissant une douceur d\u00e9licieuse et persistante sur la peau. Minya est l&#8217;indulgence ultime pour ceux qui aspirent \u00e0 une exp\u00e9rience riche et gourmande, envelopp\u00e9e d&#8217;\u00e9l\u00e9gance et de sophistication.<\/p>","protected":false},"excerpt":{"rendered":"<p><strong>NOTES DE T\u00caTE<\/strong> <strong>:<\/strong> Pistache, Amande.<br \/>\n<strong>NOTES DE C\u0152UR :<\/strong> Jasmin, H\u00e9liotrope, Cashmeran.<br \/>\n<strong>NOTES DE FOND :<\/strong> Bois de santal, vanille, caramel .<\/p>","protected":false},"featured_media":8479,"template":"","meta":[],"product_brand":[],"product_cat":[584,585,590,152,433,523],"product_tag":[],"class_list":{"0":"post-8476","1":"product","2":"type-product","3":"status-publish","4":"has-post-thumbnail","6":"product_cat-parfum-dubai-femme","7":"product_cat-parfum-dubai-homme","8":"product_cat-parfum-dubai-mixte","9":"product_cat-mixte","10":"product_cat-parfums-de-dubai","11":"product_cat-paris-corner","13":"first","14":"instock","15":"sale","16":"purchasable","17":"product-type-simple"},"yoast_head":"<!-- This site is optimized with the Yoast SEO plugin v27.4 - https:\/\/yoast.com\/product\/yoast-seo-wordpress\/ -->\n<title>Minya - Paris Corner - Arabian Mood<\/title>\n<meta name=\"description\" content=\"Minya de Paris Cornerest un parfum mixte gourmand et sucr\u00e9. Sophistiqu\u00e9 et enivrant, il refl\u00e9tera le luxe des les premiers instants.\" \/>\n<meta name=\"robots\" content=\"index, follow, max-snippet:-1, max-image-preview:large, max-video-preview:-1\" \/>\n<link rel=\"canonical\" href=\"https:\/\/arabian-mood.com\/en\/product\/minya-paris-corner\/\" \/>\n<meta property=\"og:locale\" content=\"en_US\" \/>\n<meta property=\"og:type\" content=\"article\" \/>\n<meta property=\"og:title\" content=\"Minya - Paris Corner - Arabian Mood\" \/>\n<meta property=\"og:description\" content=\"Minya de Paris Cornerest un parfum mixte gourmand et sucr\u00e9. Sophistiqu\u00e9 et enivrant, il refl\u00e9tera le luxe des les premiers instants.\" \/>\n<meta property=\"og:url\" content=\"https:\/\/arabian-mood.com\/en\/product\/minya-paris-corner\/\" \/>\n<meta property=\"og:site_name\" content=\"Arabian Mood\" \/>\n<meta property=\"article:modified_time\" content=\"2026-01-06T11:04:43+00:00\" \/>\n<meta property=\"og:image\" content=\"https:\/\/arabian-mood.com\/wp-content\/uploads\/2024\/11\/parfum-minya-paris-corner.png\" \/>\n\t<meta property=\"og:image:width\" content=\"900\" \/>\n\t<meta property=\"og:image:height\" content=\"900\" \/>\n\t<meta property=\"og:image:type\" content=\"image\/png\" \/>\n<meta name=\"twitter:card\" content=\"summary_large_image\" \/>\n<meta name=\"twitter:label1\" content=\"Est. reading time\" \/>\n\t<meta name=\"twitter:data1\" content=\"1 minute\" \/>\n<script type=\"application\/ld+json\" class=\"yoast-schema-graph\">{\"@context\":\"https:\\\/\\\/schema.org\",\"@graph\":[{\"@type\":\"WebPage\",\"@id\":\"https:\\\/\\\/arabian-mood.com\\\/produit\\\/minya-paris-corner\\\/\",\"url\":\"https:\\\/\\\/arabian-mood.com\\\/produit\\\/minya-paris-corner\\\/\",\"name\":\"Minya - Paris Corner - Arabian Mood\",\"isPartOf\":{\"@id\":\"https:\\\/\\\/arabian-mood.com\\\/#website\"},\"primaryImageOfPage\":{\"@id\":\"https:\\\/\\\/arabian-mood.com\\\/produit\\\/minya-paris-corner\\\/#primaryimage\"},\"image\":{\"@id\":\"https:\\\/\\\/arabian-mood.com\\\/produit\\\/minya-paris-corner\\\/#primaryimage\"},\"thumbnailUrl\":\"https:\\\/\\\/arabian-mood.com\\\/wp-content\\\/uploads\\\/2024\\\/11\\\/parfum-minya-paris-corner.png\",\"datePublished\":\"2024-11-07T11:46:21+00:00\",\"dateModified\":\"2026-01-06T11:04:43+00:00\",\"description\":\"Minya de Paris Cornerest un parfum mixte gourmand et sucr\u00e9. Sophistiqu\u00e9 et enivrant, il refl\u00e9tera le luxe des les premiers instants.\",\"breadcrumb\":{\"@id\":\"https:\\\/\\\/arabian-mood.com\\\/produit\\\/minya-paris-corner\\\/#breadcrumb\"},\"inLanguage\":\"en-US\",\"potentialAction\":[{\"@type\":\"ReadAction\",\"target\":[\"https:\\\/\\\/arabian-mood.com\\\/produit\\\/minya-paris-corner\\\/\"]}]},{\"@type\":\"ImageObject\",\"inLanguage\":\"en-US\",\"@id\":\"https:\\\/\\\/arabian-mood.com\\\/produit\\\/minya-paris-corner\\\/#primaryimage\",\"url\":\"https:\\\/\\\/arabian-mood.com\\\/wp-content\\\/uploads\\\/2024\\\/11\\\/parfum-minya-paris-corner.png\",\"contentUrl\":\"https:\\\/\\\/arabian-mood.com\\\/wp-content\\\/uploads\\\/2024\\\/11\\\/parfum-minya-paris-corner.png\",\"width\":900,\"height\":900},{\"@type\":\"BreadcrumbList\",\"@id\":\"https:\\\/\\\/arabian-mood.com\\\/produit\\\/minya-paris-corner\\\/#breadcrumb\",\"itemListElement\":[{\"@type\":\"ListItem\",\"position\":1,\"name\":\"Accueil\",\"item\":\"https:\\\/\\\/arabian-mood.com\\\/\"},{\"@type\":\"ListItem\",\"position\":2,\"name\":\"Boutique\",\"item\":\"https:\\\/\\\/arabian-mood.com\\\/boutique\\\/\"},{\"@type\":\"ListItem\",\"position\":3,\"name\":\"Minya &#8211; Paris Corner\"}]},{\"@type\":\"WebSite\",\"@id\":\"https:\\\/\\\/arabian-mood.com\\\/#website\",\"url\":\"https:\\\/\\\/arabian-mood.com\\\/\",\"name\":\"Arabian Mood\",\"description\":\"\",\"publisher\":{\"@id\":\"https:\\\/\\\/arabian-mood.com\\\/#organization\"},\"potentialAction\":[{\"@type\":\"SearchAction\",\"target\":{\"@type\":\"EntryPoint\",\"urlTemplate\":\"https:\\\/\\\/arabian-mood.com\\\/?s={search_term_string}\"},\"query-input\":{\"@type\":\"PropertyValueSpecification\",\"valueRequired\":true,\"valueName\":\"search_term_string\"}}],\"inLanguage\":\"en-US\"},{\"@type\":\"Organization\",\"@id\":\"https:\\\/\\\/arabian-mood.com\\\/#organization\",\"name\":\"Arabian Mood\",\"url\":\"https:\\\/\\\/arabian-mood.com\\\/\",\"logo\":{\"@type\":\"ImageObject\",\"inLanguage\":\"en-US\",\"@id\":\"https:\\\/\\\/arabian-mood.com\\\/#\\\/schema\\\/logo\\\/image\\\/\",\"url\":\"https:\\\/\\\/arabian-mood.com\\\/wp-content\\\/uploads\\\/2024\\\/09\\\/Groupe-11304.svg\",\"contentUrl\":\"https:\\\/\\\/arabian-mood.com\\\/wp-content\\\/uploads\\\/2024\\\/09\\\/Groupe-11304.svg\",\"width\":214,\"height\":27,\"caption\":\"Arabian Mood\"},\"image\":{\"@id\":\"https:\\\/\\\/arabian-mood.com\\\/#\\\/schema\\\/logo\\\/image\\\/\"},\"sameAs\":[\"https:\\\/\\\/www.instagram.com\\\/arabianmoodofficiel\\\/\"]}]}<\/script>\n<!-- \/ Yoast SEO plugin. -->","yoast_head_json":{"title":"Minya - Paris Corner - Arabian Mood","description":"Minya de Paris Cornerest un parfum mixte gourmand et sucr\u00e9. Sophistiqu\u00e9 et enivrant, il refl\u00e9tera le luxe des les premiers instants.","robots":{"index":"index","follow":"follow","max-snippet":"max-snippet:-1","max-image-preview":"max-image-preview:large","max-video-preview":"max-video-preview:-1"},"canonical":"https:\/\/arabian-mood.com\/en\/product\/minya-paris-corner\/","og_locale":"en_US","og_type":"article","og_title":"Minya - Paris Corner - Arabian Mood","og_description":"Minya de Paris Cornerest un parfum mixte gourmand et sucr\u00e9. Sophistiqu\u00e9 et enivrant, il refl\u00e9tera le luxe des les premiers instants.","og_url":"https:\/\/arabian-mood.com\/en\/product\/minya-paris-corner\/","og_site_name":"Arabian Mood","article_modified_time":"2026-01-06T11:04:43+00:00","og_image":[{"width":900,"height":900,"url":"https:\/\/arabian-mood.com\/wp-content\/uploads\/2024\/11\/parfum-minya-paris-corner.png","type":"image\/png"}],"twitter_card":"summary_large_image","twitter_misc":{"Est. reading time":"1 minute"},"schema":{"@context":"https:\/\/schema.org","@graph":[{"@type":"WebPage","@id":"https:\/\/arabian-mood.com\/produit\/minya-paris-corner\/","url":"https:\/\/arabian-mood.com\/produit\/minya-paris-corner\/","name":"Minya - Paris Corner - Arabian Mood","isPartOf":{"@id":"https:\/\/arabian-mood.com\/#website"},"primaryImageOfPage":{"@id":"https:\/\/arabian-mood.com\/produit\/minya-paris-corner\/#primaryimage"},"image":{"@id":"https:\/\/arabian-mood.com\/produit\/minya-paris-corner\/#primaryimage"},"thumbnailUrl":"https:\/\/arabian-mood.com\/wp-content\/uploads\/2024\/11\/parfum-minya-paris-corner.png","datePublished":"2024-11-07T11:46:21+00:00","dateModified":"2026-01-06T11:04:43+00:00","description":"Minya de Paris Cornerest un parfum mixte gourmand et sucr\u00e9. Sophistiqu\u00e9 et enivrant, il refl\u00e9tera le luxe des les premiers instants.","breadcrumb":{"@id":"https:\/\/arabian-mood.com\/produit\/minya-paris-corner\/#breadcrumb"},"inLanguage":"en-US","potentialAction":[{"@type":"ReadAction","target":["https:\/\/arabian-mood.com\/produit\/minya-paris-corner\/"]}]},{"@type":"ImageObject","inLanguage":"en-US","@id":"https:\/\/arabian-mood.com\/produit\/minya-paris-corner\/#primaryimage","url":"https:\/\/arabian-mood.com\/wp-content\/uploads\/2024\/11\/parfum-minya-paris-corner.png","contentUrl":"https:\/\/arabian-mood.com\/wp-content\/uploads\/2024\/11\/parfum-minya-paris-corner.png","width":900,"height":900},{"@type":"BreadcrumbList","@id":"https:\/\/arabian-mood.com\/produit\/minya-paris-corner\/#breadcrumb","itemListElement":[{"@type":"ListItem","position":1,"name":"Accueil","item":"https:\/\/arabian-mood.com\/"},{"@type":"ListItem","position":2,"name":"Boutique","item":"https:\/\/arabian-mood.com\/boutique\/"},{"@type":"ListItem","position":3,"name":"Minya &#8211; Paris Corner"}]},{"@type":"WebSite","@id":"https:\/\/arabian-mood.com\/#website","url":"https:\/\/arabian-mood.com\/","name":"Arabian Mood","description":"","publisher":{"@id":"https:\/\/arabian-mood.com\/#organization"},"potentialAction":[{"@type":"SearchAction","target":{"@type":"EntryPoint","urlTemplate":"https:\/\/arabian-mood.com\/?s={search_term_string}"},"query-input":{"@type":"PropertyValueSpecification","valueRequired":true,"valueName":"search_term_string"}}],"inLanguage":"en-US"},{"@type":"Organization","@id":"https:\/\/arabian-mood.com\/#organization","name":"Arabian Mood","url":"https:\/\/arabian-mood.com\/","logo":{"@type":"ImageObject","inLanguage":"en-US","@id":"https:\/\/arabian-mood.com\/#\/schema\/logo\/image\/","url":"https:\/\/arabian-mood.com\/wp-content\/uploads\/2024\/09\/Groupe-11304.svg","contentUrl":"https:\/\/arabian-mood.com\/wp-content\/uploads\/2024\/09\/Groupe-11304.svg","width":214,"height":27,"caption":"Arabian Mood"},"image":{"@id":"https:\/\/arabian-mood.com\/#\/schema\/logo\/image\/"},"sameAs":["https:\/\/www.instagram.com\/arabianmoodofficiel\/"]}]}},"_links":{"self":[{"href":"https:\/\/arabian-mood.com\/en\/wp-json\/wp\/v2\/product\/8476","targetHints":{"allow":["GET"]}}],"collection":[{"href":"https:\/\/arabian-mood.com\/en\/wp-json\/wp\/v2\/product"}],"about":[{"href":"https:\/\/arabian-mood.com\/en\/wp-json\/wp\/v2\/types\/product"}],"wp:featuredmedia":[{"embeddable":true,"href":"https:\/\/arabian-mood.com\/en\/wp-json\/wp\/v2\/media\/8479"}],"wp:attachment":[{"href":"https:\/\/arabian-mood.com\/en\/wp-json\/wp\/v2\/media?parent=8476"}],"wp:term":[{"taxonomy":"product_brand","embeddable":true,"href":"https:\/\/arabian-mood.com\/en\/wp-json\/wp\/v2\/product_brand?post=8476"},{"taxonomy":"product_cat","embeddable":true,"href":"https:\/\/arabian-mood.com\/en\/wp-json\/wp\/v2\/product_cat?post=8476"},{"taxonomy":"product_tag","embeddable":true,"href":"https:\/\/arabian-mood.com\/en\/wp-json\/wp\/v2\/product_tag?post=8476"}],"curies":[{"name":"wp","href":"https:\/\/api.w.org\/{rel}","templated":true}]}}