{"id":8607,"date":"2024-12-04T16:30:13","date_gmt":"2024-12-04T15:30:13","guid":{"rendered":"https:\/\/arabian-mood.com\/?post_type=product&#038;p=8607"},"modified":"2026-02-25T22:11:26","modified_gmt":"2026-02-25T21:11:26","slug":"taraf-arabian-oud-parfum","status":"publish","type":"product","link":"https:\/\/arabian-mood.com\/en\/produit\/taraf-arabian-oud-parfum\/","title":{"rendered":"Taraf 100 ml - Arabian Oud"},"content":{"rendered":"<div>Imaginez respirer l&#8217;air d&#8217;un palais aux murs dor\u00e9s o\u00f9 m\u00eame les tapis co\u00fbtent plus cher qu&#8217;une voiture. <strong>Taraf d&#8217;Arabian Oud<\/strong> a r\u00e9ussi l&#8217;impossible, celui de capturer cette atmosph\u00e8re olfactive de luxe absolu et la mettre dans un flacon. Clairement, ce parfum ne joue pas dans la m\u00eame cat\u00e9gorie que vos fragrances habituelles. Et pourtant, il co\u00fbte bien moins cher que ce que vous imaginez.<\/div>\n<h2>Description de Taraf Arabian Oud, le parfum qui sent litt\u00e9ralement le luxe arabe<\/h2>\n<div>Pour cette partition olfactive, Arabian Oud a mis\u00e9 sur la <strong>bergamot<\/strong>, mais pas n&#8217;importe laquelle. En effet, ils ont opt\u00e9 pour la <strong>bergamote italienne<\/strong>, celle qui co\u00fbte trois fois plus cher mais qui sent incomparablement mieux. \u00c0 peine apr\u00e8s avoir vaporis\u00e9 le parfum, vous captez cette fra\u00eecheur citronn\u00e9e ultra-raffin\u00e9e qui fait tourner les t\u00eates.<\/div>\n<div><\/div>\n<div>The <strong>sauge<\/strong> vient ensuite ajouter ce c\u00f4t\u00e9 aromatique herbac\u00e9 qui \u00e9vite l&#8217;effet <strong>parfum sucr\u00e9 oriental<\/strong> classique. Cette ouverture fait imm\u00e9diatement comprendre \u00e0 votre entourage que vous ne portez pas un parfum low cost. \u00c7a sent le luxe, point.<\/div>\n<div><\/div>\n<div>Vous voulez savoir pourquoi Taraf sent aussi bon ? Parce qu&#8217;Arabian Oud a utilis\u00e9 de la <strong>rose bulgare<\/strong> authentique. Cette rose co\u00fbte environ 8 000 \u20ac le kilo d&#8217;absolu. C&#8217;est LA rose la plus recherch\u00e9e en <strong>parfumerie fine<\/strong>. Celle qu&#8217;on trouve dans les fragrances les plus c\u00e9l\u00e8bres de ce monde.<\/div>\n<div><\/div>\n<div>Mais Taraf vous donne acc\u00e8s \u00e0 cette qualit\u00e9 pour une fraction du prix. Quand elle se d\u00e9ploie au c\u0153ur du parfum, cette rose a une profondeur, une richesse, une noblesse qu&#8217;aucune rose synth\u00e9tique ne peut reproduire. Le <strong>Rosemary<\/strong> l&#8217;accompagne pour \u00e9viter que \u00e7a parte dans le trop fleuri.<\/div>\n<div><\/div>\n<div>Voil\u00e0 o\u00f9 Taraf Arabian Oud vous bloque vraiment : la base. Le cuir apporte la puissance animale qui colle \u00e0 votre peau. Le <strong>cedar wood<\/strong> structure l&#8217;ensemble avec une facette bois\u00e9e s\u00e8che masculine. Enfin, l&#8217;<strong>amber<\/strong> enveloppe l&#8217;ensemble de cette chaleur orientale addictive. Cette note de fond assure ainsi une tenue qui d\u00e9passe facilement les 10-12 heures.<\/div>\n<h3>Le secret de Taraf qu&#8217;Arabian Oud ne crie pas partout<\/h3>\n<div>L&#8217;histoire derri\u00e8re Taraf (qui signifie &#8220;raffinement ultime&#8221;) est juste incroyable. Les parfumeurs se sont inspir\u00e9s d&#8217;un <strong>palais arabe<\/strong> o\u00f9 m\u00eame les murs sont d\u00e9cor\u00e9s d&#8217;or. Pas une m\u00e9taphore marketing : un vrai palais r\u00e9serv\u00e9 aux <strong>familles royales<\/strong> ainsi qu&#8217;aux grandes fortunes du Golfe. Laissez-vous \u00e9galement tenter par <a href=\"https:\/\/arabian-mood.com\/en\/product\/madawi-white-arabian-oud\/\"><strong>Madawi White<\/strong><\/a>, la derni\u00e8re nouveaut\u00e9 d&#8217;Arabian Oud disponible chez Arabian Mood.<\/div>\n<div><\/div>\n<div>Ils ont notamment voulu capturer cette ambiance olfactive de luxe absolu, cette impression qu&#8217;on a quand on respire l&#8217;air dans ces lieux o\u00f9 chaque d\u00e9tail a \u00e9t\u00e9 pens\u00e9 pour l&#8217;excellence. Et franchement, ils ont r\u00e9ussi.<\/div>\n<h3>Pourquoi il vaut son prix ?<\/h3>\n<div>Comparez avec n&#8217;importe quel <strong>parfum occidental de luxe<\/strong>. Une composition avec bergamote italienne, rose bulgare authentique, cuir noble, \u00e7a se vend beaucoup plus cher chez les grandes maisons fran\u00e7aises. Par contre, Taraf d&#8217;Arabian Oud vous ouvre les portes de la parfumerie de luxe \u00e0 un prix ultra-accessible.<\/div>","protected":false},"excerpt":{"rendered":"<ul>\n<li><strong>Top notes<\/strong> Bergamote, Sauge<\/li>\n<li><strong>Notes de coeur :<\/strong> Rose de Bulgarie et Romarin<\/li>\n<li><strong>Background notes:<\/strong> Ambre, C\u00e8dre, Cuir.<\/li>\n<\/ul>\n<p><strong>Genre <\/strong>mixed<\/p>","protected":false},"featured_media":8608,"template":"","meta":[],"product_brand":[],"product_cat":[519,585,152,433],"product_tag":[],"class_list":{"0":"post-8607","1":"product","2":"type-product","3":"status-publish","4":"has-post-thumbnail","6":"product_cat-arabian-oud","7":"product_cat-parfum-dubai-homme","8":"product_cat-mixte","9":"product_cat-parfums-de-dubai","11":"first","12":"instock","13":"sale","14":"purchasable","15":"product-type-simple"},"yoast_head":"<!-- This site is optimized with the Yoast SEO plugin v27.6 - https:\/\/yoast.com\/product\/yoast-seo-wordpress\/ -->\n<title>Taraf Arabian Oud 100 ml | Eau de parfum pour homme et femme<\/title>\n<meta name=\"description\" content=\"D\u00e9couvrez l&#039;enchantement du parfum Taraf Arabian Oud, une fragrance qui transforme l&#039;exp\u00e9rience olfactive en un v\u00e9ritable voyage sensoriel.\" \/>\n<meta name=\"robots\" content=\"index, follow, max-snippet:-1, max-image-preview:large, max-video-preview:-1\" \/>\n<link rel=\"canonical\" href=\"https:\/\/arabian-mood.com\/en\/product\/taraf-arabian-oud-parfum\/\" \/>\n<meta property=\"og:locale\" content=\"en_US\" \/>\n<meta property=\"og:type\" content=\"article\" \/>\n<meta property=\"og:title\" content=\"Taraf Arabian Oud 100 ml | Eau de parfum pour homme et femme\" \/>\n<meta property=\"og:description\" content=\"D\u00e9couvrez l&#039;enchantement du parfum Taraf Arabian Oud, une fragrance qui transforme l&#039;exp\u00e9rience olfactive en un v\u00e9ritable voyage sensoriel.\" \/>\n<meta property=\"og:url\" content=\"https:\/\/arabian-mood.com\/en\/product\/taraf-arabian-oud-parfum\/\" \/>\n<meta property=\"og:site_name\" content=\"Arabian Mood\" \/>\n<meta property=\"article:modified_time\" content=\"2026-02-25T21:11:26+00:00\" \/>\n<meta property=\"og:image\" content=\"https:\/\/arabian-mood.com\/wp-content\/uploads\/2024\/12\/TARAF.png\" \/>\n\t<meta property=\"og:image:width\" content=\"900\" \/>\n\t<meta property=\"og:image:height\" content=\"900\" \/>\n\t<meta property=\"og:image:type\" content=\"image\/png\" \/>\n<meta name=\"twitter:card\" content=\"summary_large_image\" \/>\n<meta name=\"twitter:label1\" content=\"Est. reading time\" \/>\n\t<meta name=\"twitter:data1\" content=\"3 minutes\" \/>\n<script type=\"application\/ld+json\" class=\"yoast-schema-graph\">{\"@context\":\"https:\\\/\\\/schema.org\",\"@graph\":[{\"@type\":\"WebPage\",\"@id\":\"https:\\\/\\\/arabian-mood.com\\\/produit\\\/taraf-arabian-oud-parfum\\\/\",\"url\":\"https:\\\/\\\/arabian-mood.com\\\/produit\\\/taraf-arabian-oud-parfum\\\/\",\"name\":\"Taraf Arabian Oud 100 ml | Eau de parfum pour homme et femme\",\"isPartOf\":{\"@id\":\"https:\\\/\\\/arabian-mood.com\\\/#website\"},\"primaryImageOfPage\":{\"@id\":\"https:\\\/\\\/arabian-mood.com\\\/produit\\\/taraf-arabian-oud-parfum\\\/#primaryimage\"},\"image\":{\"@id\":\"https:\\\/\\\/arabian-mood.com\\\/produit\\\/taraf-arabian-oud-parfum\\\/#primaryimage\"},\"thumbnailUrl\":\"https:\\\/\\\/arabian-mood.com\\\/wp-content\\\/uploads\\\/2024\\\/12\\\/TARAF.png\",\"datePublished\":\"2024-12-04T15:30:13+00:00\",\"dateModified\":\"2026-02-25T21:11:26+00:00\",\"description\":\"D\u00e9couvrez l'enchantement du parfum Taraf Arabian Oud, une fragrance qui transforme l'exp\u00e9rience olfactive en un v\u00e9ritable voyage sensoriel.\",\"breadcrumb\":{\"@id\":\"https:\\\/\\\/arabian-mood.com\\\/produit\\\/taraf-arabian-oud-parfum\\\/#breadcrumb\"},\"inLanguage\":\"en-US\",\"potentialAction\":[{\"@type\":\"ReadAction\",\"target\":[\"https:\\\/\\\/arabian-mood.com\\\/produit\\\/taraf-arabian-oud-parfum\\\/\"]}]},{\"@type\":\"ImageObject\",\"inLanguage\":\"en-US\",\"@id\":\"https:\\\/\\\/arabian-mood.com\\\/produit\\\/taraf-arabian-oud-parfum\\\/#primaryimage\",\"url\":\"https:\\\/\\\/arabian-mood.com\\\/wp-content\\\/uploads\\\/2024\\\/12\\\/TARAF.png\",\"contentUrl\":\"https:\\\/\\\/arabian-mood.com\\\/wp-content\\\/uploads\\\/2024\\\/12\\\/TARAF.png\",\"width\":900,\"height\":900,\"caption\":\"parfum mixte Arabian Oud\"},{\"@type\":\"BreadcrumbList\",\"@id\":\"https:\\\/\\\/arabian-mood.com\\\/produit\\\/taraf-arabian-oud-parfum\\\/#breadcrumb\",\"itemListElement\":[{\"@type\":\"ListItem\",\"position\":1,\"name\":\"Accueil\",\"item\":\"https:\\\/\\\/arabian-mood.com\\\/\"},{\"@type\":\"ListItem\",\"position\":2,\"name\":\"Boutique\",\"item\":\"https:\\\/\\\/arabian-mood.com\\\/boutique\\\/\"},{\"@type\":\"ListItem\",\"position\":3,\"name\":\"Taraf 100 ml &#8211; Arabian Oud\"}]},{\"@type\":\"WebSite\",\"@id\":\"https:\\\/\\\/arabian-mood.com\\\/#website\",\"url\":\"https:\\\/\\\/arabian-mood.com\\\/\",\"name\":\"Arabian Mood\",\"description\":\"\",\"publisher\":{\"@id\":\"https:\\\/\\\/arabian-mood.com\\\/#organization\"},\"potentialAction\":[{\"@type\":\"SearchAction\",\"target\":{\"@type\":\"EntryPoint\",\"urlTemplate\":\"https:\\\/\\\/arabian-mood.com\\\/?s={search_term_string}\"},\"query-input\":{\"@type\":\"PropertyValueSpecification\",\"valueRequired\":true,\"valueName\":\"search_term_string\"}}],\"inLanguage\":\"en-US\"},{\"@type\":\"Organization\",\"@id\":\"https:\\\/\\\/arabian-mood.com\\\/#organization\",\"name\":\"Arabian Mood\",\"url\":\"https:\\\/\\\/arabian-mood.com\\\/\",\"logo\":{\"@type\":\"ImageObject\",\"inLanguage\":\"en-US\",\"@id\":\"https:\\\/\\\/arabian-mood.com\\\/#\\\/schema\\\/logo\\\/image\\\/\",\"url\":\"https:\\\/\\\/arabian-mood.com\\\/wp-content\\\/uploads\\\/2024\\\/09\\\/Groupe-11304.svg\",\"contentUrl\":\"https:\\\/\\\/arabian-mood.com\\\/wp-content\\\/uploads\\\/2024\\\/09\\\/Groupe-11304.svg\",\"width\":214,\"height\":27,\"caption\":\"Arabian Mood\"},\"image\":{\"@id\":\"https:\\\/\\\/arabian-mood.com\\\/#\\\/schema\\\/logo\\\/image\\\/\"},\"sameAs\":[\"https:\\\/\\\/www.instagram.com\\\/arabianmoodofficiel\\\/\"]}]}<\/script>\n<!-- \/ Yoast SEO plugin. -->","yoast_head_json":{"title":"Taraf Arabian Oud 100 ml | Eau de parfum pour homme et femme","description":"D\u00e9couvrez l'enchantement du parfum Taraf Arabian Oud, une fragrance qui transforme l'exp\u00e9rience olfactive en un v\u00e9ritable voyage sensoriel.","robots":{"index":"index","follow":"follow","max-snippet":"max-snippet:-1","max-image-preview":"max-image-preview:large","max-video-preview":"max-video-preview:-1"},"canonical":"https:\/\/arabian-mood.com\/en\/product\/taraf-arabian-oud-parfum\/","og_locale":"en_US","og_type":"article","og_title":"Taraf Arabian Oud 100 ml | Eau de parfum pour homme et femme","og_description":"D\u00e9couvrez l'enchantement du parfum Taraf Arabian Oud, une fragrance qui transforme l'exp\u00e9rience olfactive en un v\u00e9ritable voyage sensoriel.","og_url":"https:\/\/arabian-mood.com\/en\/product\/taraf-arabian-oud-parfum\/","og_site_name":"Arabian Mood","article_modified_time":"2026-02-25T21:11:26+00:00","og_image":[{"width":900,"height":900,"url":"https:\/\/arabian-mood.com\/wp-content\/uploads\/2024\/12\/TARAF.png","type":"image\/png"}],"twitter_card":"summary_large_image","twitter_misc":{"Est. reading time":"3 minutes"},"schema":{"@context":"https:\/\/schema.org","@graph":[{"@type":"WebPage","@id":"https:\/\/arabian-mood.com\/produit\/taraf-arabian-oud-parfum\/","url":"https:\/\/arabian-mood.com\/produit\/taraf-arabian-oud-parfum\/","name":"Taraf Arabian Oud 100 ml | Eau de parfum pour homme et femme","isPartOf":{"@id":"https:\/\/arabian-mood.com\/#website"},"primaryImageOfPage":{"@id":"https:\/\/arabian-mood.com\/produit\/taraf-arabian-oud-parfum\/#primaryimage"},"image":{"@id":"https:\/\/arabian-mood.com\/produit\/taraf-arabian-oud-parfum\/#primaryimage"},"thumbnailUrl":"https:\/\/arabian-mood.com\/wp-content\/uploads\/2024\/12\/TARAF.png","datePublished":"2024-12-04T15:30:13+00:00","dateModified":"2026-02-25T21:11:26+00:00","description":"D\u00e9couvrez l'enchantement du parfum Taraf Arabian Oud, une fragrance qui transforme l'exp\u00e9rience olfactive en un v\u00e9ritable voyage sensoriel.","breadcrumb":{"@id":"https:\/\/arabian-mood.com\/produit\/taraf-arabian-oud-parfum\/#breadcrumb"},"inLanguage":"en-US","potentialAction":[{"@type":"ReadAction","target":["https:\/\/arabian-mood.com\/produit\/taraf-arabian-oud-parfum\/"]}]},{"@type":"ImageObject","inLanguage":"en-US","@id":"https:\/\/arabian-mood.com\/produit\/taraf-arabian-oud-parfum\/#primaryimage","url":"https:\/\/arabian-mood.com\/wp-content\/uploads\/2024\/12\/TARAF.png","contentUrl":"https:\/\/arabian-mood.com\/wp-content\/uploads\/2024\/12\/TARAF.png","width":900,"height":900,"caption":"parfum mixte Arabian Oud"},{"@type":"BreadcrumbList","@id":"https:\/\/arabian-mood.com\/produit\/taraf-arabian-oud-parfum\/#breadcrumb","itemListElement":[{"@type":"ListItem","position":1,"name":"Accueil","item":"https:\/\/arabian-mood.com\/"},{"@type":"ListItem","position":2,"name":"Boutique","item":"https:\/\/arabian-mood.com\/boutique\/"},{"@type":"ListItem","position":3,"name":"Taraf 100 ml &#8211; Arabian Oud"}]},{"@type":"WebSite","@id":"https:\/\/arabian-mood.com\/#website","url":"https:\/\/arabian-mood.com\/","name":"Arabian Mood","description":"","publisher":{"@id":"https:\/\/arabian-mood.com\/#organization"},"potentialAction":[{"@type":"SearchAction","target":{"@type":"EntryPoint","urlTemplate":"https:\/\/arabian-mood.com\/?s={search_term_string}"},"query-input":{"@type":"PropertyValueSpecification","valueRequired":true,"valueName":"search_term_string"}}],"inLanguage":"en-US"},{"@type":"Organization","@id":"https:\/\/arabian-mood.com\/#organization","name":"Arabian Mood","url":"https:\/\/arabian-mood.com\/","logo":{"@type":"ImageObject","inLanguage":"en-US","@id":"https:\/\/arabian-mood.com\/#\/schema\/logo\/image\/","url":"https:\/\/arabian-mood.com\/wp-content\/uploads\/2024\/09\/Groupe-11304.svg","contentUrl":"https:\/\/arabian-mood.com\/wp-content\/uploads\/2024\/09\/Groupe-11304.svg","width":214,"height":27,"caption":"Arabian Mood"},"image":{"@id":"https:\/\/arabian-mood.com\/#\/schema\/logo\/image\/"},"sameAs":["https:\/\/www.instagram.com\/arabianmoodofficiel\/"]}]}},"_links":{"self":[{"href":"https:\/\/arabian-mood.com\/en\/wp-json\/wp\/v2\/product\/8607","targetHints":{"allow":["GET"]}}],"collection":[{"href":"https:\/\/arabian-mood.com\/en\/wp-json\/wp\/v2\/product"}],"about":[{"href":"https:\/\/arabian-mood.com\/en\/wp-json\/wp\/v2\/types\/product"}],"wp:featuredmedia":[{"embeddable":true,"href":"https:\/\/arabian-mood.com\/en\/wp-json\/wp\/v2\/media\/8608"}],"wp:attachment":[{"href":"https:\/\/arabian-mood.com\/en\/wp-json\/wp\/v2\/media?parent=8607"}],"wp:term":[{"taxonomy":"product_brand","embeddable":true,"href":"https:\/\/arabian-mood.com\/en\/wp-json\/wp\/v2\/product_brand?post=8607"},{"taxonomy":"product_cat","embeddable":true,"href":"https:\/\/arabian-mood.com\/en\/wp-json\/wp\/v2\/product_cat?post=8607"},{"taxonomy":"product_tag","embeddable":true,"href":"https:\/\/arabian-mood.com\/en\/wp-json\/wp\/v2\/product_tag?post=8607"}],"curies":[{"name":"wp","href":"https:\/\/api.w.org\/{rel}","templated":true}]}}