{"id":9214,"date":"2025-04-14T22:36:54","date_gmt":"2025-04-14T20:36:54","guid":{"rendered":"https:\/\/arabian-mood.com\/?post_type=product&#038;p=9214"},"modified":"2025-12-03T17:01:17","modified_gmt":"2025-12-03T16:01:17","slug":"khamrah-dukhan-lattafa","status":"publish","type":"product","link":"https:\/\/arabian-mood.com\/en\/produit\/khamrah-dukhan-lattafa\/","title":{"rendered":"Eau de parfum Khamrah Dukhan 100 ml &#8211; Lattafa"},"content":{"rendered":"<p>Le mot &#8220;Dukhan&#8221; signifie &#8220;fum\u00e9e&#8221; en arabe et fait penser aux anciennes <strong>traditions du Moyen-Orient<\/strong>. Depuis plusieurs si\u00e8cles, on y br\u00fble des parfums afin de cr\u00e9er un nuage de senteurs envo\u00fbtantes qui \u00e9merveille les sens. Ce mot d\u00e9voile clairement les intentions du parfum <strong>Khamrah Dukhan<\/strong>.<\/p>\n<h2>Khamrah Dukhan : un parfum fid\u00e8le aux traditions<\/h2>\n<p>Ce parfum a pour ambition de transformer cette ancienne pratique en une exp\u00e9rience moderne et \u00e9l\u00e9gante. Il \u00e9voque une fum\u00e9e qui s&#8217;\u00e9l\u00e8ve doucement dans l&#8217;air, portant avec elle des notes \u00e0 la fois sensuelles et profondes. Une composition olfactive pens\u00e9e pour plaire \u00e0 tous, quel que soit le genre.<\/p>\n<p>Ce parfum est destin\u00e9 \u00e0 conna\u00eetre un grand succ\u00e8s, et ce, pour plusieurs raisons, \u00e0 commencer par son m\u00e9lange d&#8217;odeurs riches et intenses. Le <strong>piment<\/strong> apporte une touche vibrante, que le <strong>tabac fum\u00e9<\/strong> intensifie avec \u00e9l\u00e9gance et caract\u00e8re. Enfin, l&#8217;<strong>amber<\/strong> chaud se joint \u00e0 ce balai olfactif pour envelopper le tout d&#8217;une chaleur r\u00e9confortante.<\/p>\n<h3>Khamrah Dukhan, un parfum intens\u00e9ment oriental<\/h3>\n<p>Les connaisseurs consid\u00e8rent qu&#8217;il s&#8217;agit d&#8217;une version plus orientale et charismatique du <a href=\"https:\/\/arabian-mood.com\/en\/product\/khamrah-lattafa-eau-de-parfum\/\"><strong>parfum Khamrah original<\/strong><\/a>. Avec une intensit\u00e9 plus marqu\u00e9e que son pr\u00e9d\u00e9cesseur, il s\u00e9duit par un m\u00e9lange d\u2019<strong>\u00e9pices<\/strong>, de <strong>bois<\/strong> et de <strong>notes sucr\u00e9es<\/strong>.<\/p>\n<p>Vous l&#8217;appr\u00e9cierez \u00e9norm\u00e9ment si vous aimez vous faire remarquer. Impossible de passer inaper\u00e7u : khamrah Dukhan enveloppe son porteur d&#8217;une aura magn\u00e9tique que nul ne peut ignorer. Son flacon reprend fid\u00e8lement le design embl\u00e9matique de son a\u00een\u00e9. Vous prendrez donc un r\u00e9el plaisir \u00e0 vous parfumer car, sa bouteille fait de son usage une exp\u00e9rience luxueuse.<\/p>\n<h3>Une exclusivit\u00e9 \u00e0 d\u00e9couvrir chez Arabian Mood<\/h3>\n<p>Fra\u00eechement r\u00e9v\u00e9l\u00e9 par <strong>Lattafa<\/strong>, Khamrah Dukhan vous attend d\u00e9j\u00e0 dans votre <strong>online perfumery<\/strong>, toujours soucieuse de vous offrir les derni\u00e8res cr\u00e9ations sans d\u00e9lai. Portez-le avant les autres et faites la tendance olfactive du moment. Profitez-en pour d\u00e9couvrir \u00e9galement le reste de nos nouveaut\u00e9s provenant de <strong>Duba\u00ef<\/strong>.<\/p>","protected":false},"excerpt":{"rendered":"<p><strong>Notes de t\u00eate :<\/strong> Mandarine, Piment, \u00c9pices fum\u00e9es<\/p>\n<p><strong>Notes de c\u0153ur :<\/strong> Ciste, Fleur d&#8217;oranger, Encens, Patchouli<\/p>\n<p><strong>Notes de fond :<\/strong> Tabac, Ambre, F\u00e8ve tonka, Benjoin, Pralin\u00e9<\/p>","protected":false},"featured_media":9216,"template":"","meta":[],"product_brand":[],"product_cat":[518,590,152,433],"product_tag":[],"class_list":{"0":"post-9214","1":"product","2":"type-product","3":"status-publish","4":"has-post-thumbnail","6":"product_cat-lattafa","7":"product_cat-parfum-dubai-mixte","8":"product_cat-mixte","9":"product_cat-parfums-de-dubai","11":"first","12":"instock","13":"sale","14":"taxable","15":"shipping-taxable","16":"purchasable","17":"product-type-simple"},"yoast_head":"<!-- This site is optimized with the Yoast SEO plugin v27.4 - https:\/\/yoast.com\/product\/yoast-seo-wordpress\/ -->\n<title>Eau de parfum Khamrah Dukhan 100 ml - Lattafa - Arabian Mood<\/title>\n<meta name=\"description\" content=\"Voici Khamrah Dukhan, une nouveaut\u00e9 olfactive sign\u00e9e Lattafa qui rassemble des notes \u00e9pic\u00e9es, bois\u00e9es et sucr\u00e9es. \u00c0 d\u00e9couvrir d&#039;urgence !\" \/>\n<meta name=\"robots\" content=\"index, follow, max-snippet:-1, max-image-preview:large, max-video-preview:-1\" \/>\n<link rel=\"canonical\" href=\"https:\/\/arabian-mood.com\/en\/product\/khamrah-dukhan-lattafa\/\" \/>\n<meta property=\"og:locale\" content=\"en_US\" \/>\n<meta property=\"og:type\" content=\"article\" \/>\n<meta property=\"og:title\" content=\"Eau de parfum Khamrah Dukhan 100 ml - Lattafa - Arabian Mood\" \/>\n<meta property=\"og:description\" content=\"Voici Khamrah Dukhan, une nouveaut\u00e9 olfactive sign\u00e9e Lattafa qui rassemble des notes \u00e9pic\u00e9es, bois\u00e9es et sucr\u00e9es. \u00c0 d\u00e9couvrir d&#039;urgence !\" \/>\n<meta property=\"og:url\" content=\"https:\/\/arabian-mood.com\/en\/product\/khamrah-dukhan-lattafa\/\" \/>\n<meta property=\"og:site_name\" content=\"Arabian Mood\" \/>\n<meta property=\"article:modified_time\" content=\"2025-12-03T16:01:17+00:00\" \/>\n<meta property=\"og:image\" content=\"https:\/\/arabian-mood.com\/wp-content\/uploads\/2025\/04\/khamrah-dukhan-lattafa.jpg\" \/>\n\t<meta property=\"og:image:width\" content=\"600\" \/>\n\t<meta property=\"og:image:height\" content=\"600\" \/>\n\t<meta property=\"og:image:type\" content=\"image\/jpeg\" \/>\n<meta name=\"twitter:card\" content=\"summary_large_image\" \/>\n<meta name=\"twitter:label1\" content=\"Est. reading time\" \/>\n\t<meta name=\"twitter:data1\" content=\"2 minutes\" \/>\n<script type=\"application\/ld+json\" class=\"yoast-schema-graph\">{\"@context\":\"https:\\\/\\\/schema.org\",\"@graph\":[{\"@type\":\"WebPage\",\"@id\":\"https:\\\/\\\/arabian-mood.com\\\/produit\\\/khamrah-dukhan-lattafa\\\/\",\"url\":\"https:\\\/\\\/arabian-mood.com\\\/produit\\\/khamrah-dukhan-lattafa\\\/\",\"name\":\"Eau de parfum Khamrah Dukhan 100 ml - Lattafa - Arabian Mood\",\"isPartOf\":{\"@id\":\"https:\\\/\\\/arabian-mood.com\\\/#website\"},\"primaryImageOfPage\":{\"@id\":\"https:\\\/\\\/arabian-mood.com\\\/produit\\\/khamrah-dukhan-lattafa\\\/#primaryimage\"},\"image\":{\"@id\":\"https:\\\/\\\/arabian-mood.com\\\/produit\\\/khamrah-dukhan-lattafa\\\/#primaryimage\"},\"thumbnailUrl\":\"https:\\\/\\\/arabian-mood.com\\\/wp-content\\\/uploads\\\/2025\\\/04\\\/khamrah-dukhan-lattafa.jpg\",\"datePublished\":\"2025-04-14T20:36:54+00:00\",\"dateModified\":\"2025-12-03T16:01:17+00:00\",\"description\":\"Voici Khamrah Dukhan, une nouveaut\u00e9 olfactive sign\u00e9e Lattafa qui rassemble des notes \u00e9pic\u00e9es, bois\u00e9es et sucr\u00e9es. \u00c0 d\u00e9couvrir d'urgence !\",\"breadcrumb\":{\"@id\":\"https:\\\/\\\/arabian-mood.com\\\/produit\\\/khamrah-dukhan-lattafa\\\/#breadcrumb\"},\"inLanguage\":\"en-US\",\"potentialAction\":[{\"@type\":\"ReadAction\",\"target\":[\"https:\\\/\\\/arabian-mood.com\\\/produit\\\/khamrah-dukhan-lattafa\\\/\"]}]},{\"@type\":\"ImageObject\",\"inLanguage\":\"en-US\",\"@id\":\"https:\\\/\\\/arabian-mood.com\\\/produit\\\/khamrah-dukhan-lattafa\\\/#primaryimage\",\"url\":\"https:\\\/\\\/arabian-mood.com\\\/wp-content\\\/uploads\\\/2025\\\/04\\\/khamrah-dukhan-lattafa.jpg\",\"contentUrl\":\"https:\\\/\\\/arabian-mood.com\\\/wp-content\\\/uploads\\\/2025\\\/04\\\/khamrah-dukhan-lattafa.jpg\",\"width\":600,\"height\":600,\"caption\":\"Khamrah dukhan Lattafa\"},{\"@type\":\"BreadcrumbList\",\"@id\":\"https:\\\/\\\/arabian-mood.com\\\/produit\\\/khamrah-dukhan-lattafa\\\/#breadcrumb\",\"itemListElement\":[{\"@type\":\"ListItem\",\"position\":1,\"name\":\"Accueil\",\"item\":\"https:\\\/\\\/arabian-mood.com\\\/\"},{\"@type\":\"ListItem\",\"position\":2,\"name\":\"Boutique\",\"item\":\"https:\\\/\\\/arabian-mood.com\\\/boutique\\\/\"},{\"@type\":\"ListItem\",\"position\":3,\"name\":\"Eau de parfum Khamrah Dukhan 100 ml &#8211; Lattafa\"}]},{\"@type\":\"WebSite\",\"@id\":\"https:\\\/\\\/arabian-mood.com\\\/#website\",\"url\":\"https:\\\/\\\/arabian-mood.com\\\/\",\"name\":\"Arabian Mood\",\"description\":\"\",\"publisher\":{\"@id\":\"https:\\\/\\\/arabian-mood.com\\\/#organization\"},\"potentialAction\":[{\"@type\":\"SearchAction\",\"target\":{\"@type\":\"EntryPoint\",\"urlTemplate\":\"https:\\\/\\\/arabian-mood.com\\\/?s={search_term_string}\"},\"query-input\":{\"@type\":\"PropertyValueSpecification\",\"valueRequired\":true,\"valueName\":\"search_term_string\"}}],\"inLanguage\":\"en-US\"},{\"@type\":\"Organization\",\"@id\":\"https:\\\/\\\/arabian-mood.com\\\/#organization\",\"name\":\"Arabian Mood\",\"url\":\"https:\\\/\\\/arabian-mood.com\\\/\",\"logo\":{\"@type\":\"ImageObject\",\"inLanguage\":\"en-US\",\"@id\":\"https:\\\/\\\/arabian-mood.com\\\/#\\\/schema\\\/logo\\\/image\\\/\",\"url\":\"https:\\\/\\\/arabian-mood.com\\\/wp-content\\\/uploads\\\/2024\\\/09\\\/Groupe-11304.svg\",\"contentUrl\":\"https:\\\/\\\/arabian-mood.com\\\/wp-content\\\/uploads\\\/2024\\\/09\\\/Groupe-11304.svg\",\"width\":214,\"height\":27,\"caption\":\"Arabian Mood\"},\"image\":{\"@id\":\"https:\\\/\\\/arabian-mood.com\\\/#\\\/schema\\\/logo\\\/image\\\/\"},\"sameAs\":[\"https:\\\/\\\/www.instagram.com\\\/arabianmoodofficiel\\\/\"]}]}<\/script>\n<!-- \/ Yoast SEO plugin. -->","yoast_head_json":{"title":"Eau de parfum Khamrah Dukhan 100 ml - Lattafa - Arabian Mood","description":"Voici Khamrah Dukhan, une nouveaut\u00e9 olfactive sign\u00e9e Lattafa qui rassemble des notes \u00e9pic\u00e9es, bois\u00e9es et sucr\u00e9es. \u00c0 d\u00e9couvrir d'urgence !","robots":{"index":"index","follow":"follow","max-snippet":"max-snippet:-1","max-image-preview":"max-image-preview:large","max-video-preview":"max-video-preview:-1"},"canonical":"https:\/\/arabian-mood.com\/en\/product\/khamrah-dukhan-lattafa\/","og_locale":"en_US","og_type":"article","og_title":"Eau de parfum Khamrah Dukhan 100 ml - Lattafa - Arabian Mood","og_description":"Voici Khamrah Dukhan, une nouveaut\u00e9 olfactive sign\u00e9e Lattafa qui rassemble des notes \u00e9pic\u00e9es, bois\u00e9es et sucr\u00e9es. \u00c0 d\u00e9couvrir d'urgence !","og_url":"https:\/\/arabian-mood.com\/en\/product\/khamrah-dukhan-lattafa\/","og_site_name":"Arabian Mood","article_modified_time":"2025-12-03T16:01:17+00:00","og_image":[{"width":600,"height":600,"url":"https:\/\/arabian-mood.com\/wp-content\/uploads\/2025\/04\/khamrah-dukhan-lattafa.jpg","type":"image\/jpeg"}],"twitter_card":"summary_large_image","twitter_misc":{"Est. reading time":"2 minutes"},"schema":{"@context":"https:\/\/schema.org","@graph":[{"@type":"WebPage","@id":"https:\/\/arabian-mood.com\/produit\/khamrah-dukhan-lattafa\/","url":"https:\/\/arabian-mood.com\/produit\/khamrah-dukhan-lattafa\/","name":"Eau de parfum Khamrah Dukhan 100 ml - Lattafa - Arabian Mood","isPartOf":{"@id":"https:\/\/arabian-mood.com\/#website"},"primaryImageOfPage":{"@id":"https:\/\/arabian-mood.com\/produit\/khamrah-dukhan-lattafa\/#primaryimage"},"image":{"@id":"https:\/\/arabian-mood.com\/produit\/khamrah-dukhan-lattafa\/#primaryimage"},"thumbnailUrl":"https:\/\/arabian-mood.com\/wp-content\/uploads\/2025\/04\/khamrah-dukhan-lattafa.jpg","datePublished":"2025-04-14T20:36:54+00:00","dateModified":"2025-12-03T16:01:17+00:00","description":"Voici Khamrah Dukhan, une nouveaut\u00e9 olfactive sign\u00e9e Lattafa qui rassemble des notes \u00e9pic\u00e9es, bois\u00e9es et sucr\u00e9es. \u00c0 d\u00e9couvrir d'urgence !","breadcrumb":{"@id":"https:\/\/arabian-mood.com\/produit\/khamrah-dukhan-lattafa\/#breadcrumb"},"inLanguage":"en-US","potentialAction":[{"@type":"ReadAction","target":["https:\/\/arabian-mood.com\/produit\/khamrah-dukhan-lattafa\/"]}]},{"@type":"ImageObject","inLanguage":"en-US","@id":"https:\/\/arabian-mood.com\/produit\/khamrah-dukhan-lattafa\/#primaryimage","url":"https:\/\/arabian-mood.com\/wp-content\/uploads\/2025\/04\/khamrah-dukhan-lattafa.jpg","contentUrl":"https:\/\/arabian-mood.com\/wp-content\/uploads\/2025\/04\/khamrah-dukhan-lattafa.jpg","width":600,"height":600,"caption":"Khamrah dukhan Lattafa"},{"@type":"BreadcrumbList","@id":"https:\/\/arabian-mood.com\/produit\/khamrah-dukhan-lattafa\/#breadcrumb","itemListElement":[{"@type":"ListItem","position":1,"name":"Accueil","item":"https:\/\/arabian-mood.com\/"},{"@type":"ListItem","position":2,"name":"Boutique","item":"https:\/\/arabian-mood.com\/boutique\/"},{"@type":"ListItem","position":3,"name":"Eau de parfum Khamrah Dukhan 100 ml &#8211; Lattafa"}]},{"@type":"WebSite","@id":"https:\/\/arabian-mood.com\/#website","url":"https:\/\/arabian-mood.com\/","name":"Arabian Mood","description":"","publisher":{"@id":"https:\/\/arabian-mood.com\/#organization"},"potentialAction":[{"@type":"SearchAction","target":{"@type":"EntryPoint","urlTemplate":"https:\/\/arabian-mood.com\/?s={search_term_string}"},"query-input":{"@type":"PropertyValueSpecification","valueRequired":true,"valueName":"search_term_string"}}],"inLanguage":"en-US"},{"@type":"Organization","@id":"https:\/\/arabian-mood.com\/#organization","name":"Arabian Mood","url":"https:\/\/arabian-mood.com\/","logo":{"@type":"ImageObject","inLanguage":"en-US","@id":"https:\/\/arabian-mood.com\/#\/schema\/logo\/image\/","url":"https:\/\/arabian-mood.com\/wp-content\/uploads\/2024\/09\/Groupe-11304.svg","contentUrl":"https:\/\/arabian-mood.com\/wp-content\/uploads\/2024\/09\/Groupe-11304.svg","width":214,"height":27,"caption":"Arabian Mood"},"image":{"@id":"https:\/\/arabian-mood.com\/#\/schema\/logo\/image\/"},"sameAs":["https:\/\/www.instagram.com\/arabianmoodofficiel\/"]}]}},"_links":{"self":[{"href":"https:\/\/arabian-mood.com\/en\/wp-json\/wp\/v2\/product\/9214","targetHints":{"allow":["GET"]}}],"collection":[{"href":"https:\/\/arabian-mood.com\/en\/wp-json\/wp\/v2\/product"}],"about":[{"href":"https:\/\/arabian-mood.com\/en\/wp-json\/wp\/v2\/types\/product"}],"wp:featuredmedia":[{"embeddable":true,"href":"https:\/\/arabian-mood.com\/en\/wp-json\/wp\/v2\/media\/9216"}],"wp:attachment":[{"href":"https:\/\/arabian-mood.com\/en\/wp-json\/wp\/v2\/media?parent=9214"}],"wp:term":[{"taxonomy":"product_brand","embeddable":true,"href":"https:\/\/arabian-mood.com\/en\/wp-json\/wp\/v2\/product_brand?post=9214"},{"taxonomy":"product_cat","embeddable":true,"href":"https:\/\/arabian-mood.com\/en\/wp-json\/wp\/v2\/product_cat?post=9214"},{"taxonomy":"product_tag","embeddable":true,"href":"https:\/\/arabian-mood.com\/en\/wp-json\/wp\/v2\/product_tag?post=9214"}],"curies":[{"name":"wp","href":"https:\/\/api.w.org\/{rel}","templated":true}]}}