{"id":9393,"date":"2025-06-28T17:46:07","date_gmt":"2025-06-28T15:46:07","guid":{"rendered":"https:\/\/arabian-mood.com\/?post_type=product&#038;p=9393"},"modified":"2026-02-24T18:18:41","modified_gmt":"2026-02-24T17:18:41","slug":"eau-de-parfum-la-luna-gissah","status":"publish","type":"product","link":"https:\/\/arabian-mood.com\/en\/produit\/eau-de-parfum-la-luna-gissah\/","title":{"rendered":"Eau de Parfum La Luna 200 ml \u2013 Gissah"},"content":{"rendered":"<div>You no longer want to feel like everyone else and are looking for something original? <strong>The Moon<\/strong> German <strong>Gissah<\/strong> It represents exactly what you need. A fragrance that dares, that surprises, but remains totally wearable for everyday use.<\/div>\n<div><\/div>\n<div>This <strong>200 ml unisex eau de parfum<\/strong> on top of that. As soon as you spray it the first time, you'll be hooked. It's <strong>sweet<\/strong> but not disgusting, <strong>Wooded<\/strong> but not too masculine, mysterious but approachable. In short, it's the kind of perfume that makes you wonder about the fragrance you're wearing.<\/div>\n<h2>La Luna by Gissah, a perfume that tells a story with every spray<\/h2>\n<div>At first, you feel the\u2019<strong>incense<\/strong>. Yes, it might sound intimidating said like that, but wait. Just after that, the <strong>raspberry<\/strong> and the\u2019<strong>apricot<\/strong> arrive and soften everything. The result? Something mystical yet delicious at the same time. This perfume will blow you away, believe it!<\/div>\n<div><\/div>\n<div>Then, it gets really interesting. The <strong>cotton candy<\/strong> (said like that it sounds like a kid's perfume) mixes with some <strong>sandalwood<\/strong> and of <strong>guaiac wood<\/strong>. And in the end, it leads to a <strong>sweet perfume<\/strong> without making candy (just like <a href=\"https:\/\/arabian-mood.com\/en\/product\/candy-licious-ahmed-al-maghribi\/\"><strong>Candy Licious<\/strong><\/a>), <strong>Wooded<\/strong> without smelling the forest. Just perfect.<\/div>\n<div><\/div>\n<div>And the end? The <strong>Patchouli<\/strong>, the <strong>tonka bean<\/strong> and the\u2019<strong>amberwood<\/strong> They settle gently onto your skin. Hours later, you still smell good. Really good.<\/div>\n<h3>Why you'll fall for La Luna by Gissah?<\/h3>\n<div>Man, woman, it doesn't matter: this perfume couldn't care less about your gender. It adapts to your skin, period. Besides, that's often what the best perfumes do.<\/div>\n<div><\/div>\n<div>Original without being alien: Do you want to stand out without looking like you went to the wrong aisle? The Luna Gissah strikes the perfect balance.<\/div>\n<div><\/div>\n<div>And besides, it really lasts: tired of having to reapply perfume every two hours? With its <strong>Eau de Parfum concentration<\/strong>, The Moon follows you all day (or even evening).<\/div>\n<div><\/div>\n<div>The 200 ml size is just royal: honestly, it's nice to be able to spray without counting. Especially when the perfume is good.<\/div>\n<div><\/div>\n<div>The price is a pleasure: for the quality you get, frankly, Gissah doesn't rip you off. That's rare these days.<\/div>\n<h3>When to wear it?<\/h3>\n<div>Honestly, wear it whenever you want. Seriously. Of course, it's still ideal for making a good impression on important occasions. But why deprive yourself of it on a daily basis?<\/div>\n<div><\/div>\n<div>If you like perfumes with character, La Luna by Gissah will be your everyday companion. It wears very well in autumn-winter (logical with all these <strong>warm notes<\/strong>, but summer also passes if you like the <strong>rich perfumes<\/strong>.<\/div>","protected":false},"excerpt":{"rendered":"<section class=\"elementor-section elementor-inner-section elementor-element elementor-element-bd10d66 elementor-section-boxed elementor-section-height-default elementor-section-height-default\" data-id=\"bd10d66\" data-element_type=\"section\">\n<div class=\"elementor-container elementor-column-gap-default\">\n<div class=\"elementor-column elementor-col-100 elementor-inner-column elementor-element elementor-element-40f0694\" data-id=\"40f0694\" data-element_type=\"column\">\n<div class=\"elementor-widget-wrap elementor-element-populated\">\n<div class=\"elementor-element elementor-element-c183d55 elementor-widget elementor-widget-woocommerce-product-short-description\" data-id=\"c183d55\" data-element_type=\"widget\" data-widget_type=\"woocommerce-product-short-description.default\">\n<div class=\"elementor-widget-container\">\n<div class=\"woocommerce-product-details__short-description\">\n<p><strong>Top note<\/strong> Incense, Raspberry, Apricot<br \/>\n<strong>Heart note<\/strong> Cotton candy notes, sandalwood, guaiac wood<br \/>\n<strong>Background note<\/strong> Patchouli, Tonka, Amber<\/p>\n<\/div>\n<\/div>\n<\/div>\n<\/div>\n<\/div>\n<\/div>\n<\/section>\n<section class=\"elementor-section elementor-inner-section elementor-element elementor-element-17b17a1 elementor-section-boxed elementor-section-height-default elementor-section-height-default\" data-id=\"17b17a1\" data-element_type=\"section\">\n<div class=\"elementor-container elementor-column-gap-default\">\n<div class=\"elementor-column elementor-col-100 elementor-inner-column elementor-element elementor-element-4db61de\" data-id=\"4db61de\" data-element_type=\"column\">\n<div class=\"elementor-widget-wrap elementor-element-populated\">\n<div class=\"elementor-element elementor-element-371ef5b elementor-widget elementor-widget-heading\" data-id=\"371ef5b\" data-element_type=\"widget\" data-settings=\"{&quot;ee_display_conditions_enable&quot;:&quot;yes&quot;,&quot;ee_display_conditions_output&quot;:&quot;yes&quot;}\" data-widget_type=\"heading.default\">\n<div class=\"elementor-widget-container\"><\/div>\n<\/div>\n<\/div>\n<\/div>\n<\/div>\n<\/section>","protected":false},"featured_media":9404,"template":"","meta":[],"product_brand":[],"product_cat":[580],"product_tag":[],"class_list":{"0":"post-9393","1":"product","2":"type-product","3":"status-publish","4":"has-post-thumbnail","6":"product_cat-gissah-perfumes","8":"first","9":"instock","10":"sale","11":"taxable","12":"shipping-taxable","13":"purchasable","14":"product-type-simple"},"yoast_head":"<!-- This site is optimized with the Yoast SEO plugin v27.6 - https:\/\/yoast.com\/product\/yoast-seo-wordpress\/ -->\n<title>Eau de parfum La Luna 200 ml | Gissah Perfumes<\/title>\n<meta name=\"description\" content=\"La Luna Gissah : eau de parfum mixte 200ml aux notes bois\u00e9es, ambr\u00e9es et gourmandes. Sillage puissant, tenue longue dur\u00e9e. D\u00e9couvrez ce parfum original !\" \/>\n<meta name=\"robots\" content=\"index, follow, max-snippet:-1, max-image-preview:large, max-video-preview:-1\" \/>\n<link rel=\"canonical\" href=\"https:\/\/arabian-mood.com\/en\/product\/eau-de-parfum-la-luna-gissah\/\" \/>\n<meta property=\"og:locale\" content=\"en_US\" \/>\n<meta property=\"og:type\" content=\"article\" \/>\n<meta property=\"og:title\" content=\"Eau de parfum La Luna 200 ml | Gissah Perfumes\" \/>\n<meta property=\"og:description\" content=\"La Luna Gissah : eau de parfum mixte 200ml aux notes bois\u00e9es, ambr\u00e9es et gourmandes. Sillage puissant, tenue longue dur\u00e9e. D\u00e9couvrez ce parfum original !\" \/>\n<meta property=\"og:url\" content=\"https:\/\/arabian-mood.com\/en\/product\/eau-de-parfum-la-luna-gissah\/\" \/>\n<meta property=\"og:site_name\" content=\"Arabian Mood\" \/>\n<meta property=\"article:modified_time\" content=\"2026-02-24T17:18:41+00:00\" \/>\n<meta property=\"og:image\" content=\"https:\/\/arabian-mood.com\/wp-content\/uploads\/2025\/06\/Capture.jpg\" \/>\n\t<meta property=\"og:image:width\" content=\"698\" \/>\n\t<meta property=\"og:image:height\" content=\"698\" \/>\n\t<meta property=\"og:image:type\" content=\"image\/jpeg\" \/>\n<meta name=\"twitter:card\" content=\"summary_large_image\" \/>\n<meta name=\"twitter:label1\" content=\"Est. reading time\" \/>\n\t<meta name=\"twitter:data1\" content=\"3 minutes\" \/>\n<script type=\"application\/ld+json\" class=\"yoast-schema-graph\">{\"@context\":\"https:\\\/\\\/schema.org\",\"@graph\":[{\"@type\":\"WebPage\",\"@id\":\"https:\\\/\\\/arabian-mood.com\\\/produit\\\/eau-de-parfum-la-luna-gissah\\\/\",\"url\":\"https:\\\/\\\/arabian-mood.com\\\/produit\\\/eau-de-parfum-la-luna-gissah\\\/\",\"name\":\"Eau de parfum La Luna 200 ml | Gissah Perfumes\",\"isPartOf\":{\"@id\":\"https:\\\/\\\/arabian-mood.com\\\/#website\"},\"primaryImageOfPage\":{\"@id\":\"https:\\\/\\\/arabian-mood.com\\\/produit\\\/eau-de-parfum-la-luna-gissah\\\/#primaryimage\"},\"image\":{\"@id\":\"https:\\\/\\\/arabian-mood.com\\\/produit\\\/eau-de-parfum-la-luna-gissah\\\/#primaryimage\"},\"thumbnailUrl\":\"https:\\\/\\\/arabian-mood.com\\\/wp-content\\\/uploads\\\/2025\\\/06\\\/Capture.jpg\",\"datePublished\":\"2025-06-28T15:46:07+00:00\",\"dateModified\":\"2026-02-24T17:18:41+00:00\",\"description\":\"La Luna Gissah : eau de parfum mixte 200ml aux notes bois\u00e9es, ambr\u00e9es et gourmandes. Sillage puissant, tenue longue dur\u00e9e. D\u00e9couvrez ce parfum original !\",\"breadcrumb\":{\"@id\":\"https:\\\/\\\/arabian-mood.com\\\/produit\\\/eau-de-parfum-la-luna-gissah\\\/#breadcrumb\"},\"inLanguage\":\"en-US\",\"potentialAction\":[{\"@type\":\"ReadAction\",\"target\":[\"https:\\\/\\\/arabian-mood.com\\\/produit\\\/eau-de-parfum-la-luna-gissah\\\/\"]}]},{\"@type\":\"ImageObject\",\"inLanguage\":\"en-US\",\"@id\":\"https:\\\/\\\/arabian-mood.com\\\/produit\\\/eau-de-parfum-la-luna-gissah\\\/#primaryimage\",\"url\":\"https:\\\/\\\/arabian-mood.com\\\/wp-content\\\/uploads\\\/2025\\\/06\\\/Capture.jpg\",\"contentUrl\":\"https:\\\/\\\/arabian-mood.com\\\/wp-content\\\/uploads\\\/2025\\\/06\\\/Capture.jpg\",\"width\":698,\"height\":698,\"caption\":\"la luna gissah\"},{\"@type\":\"BreadcrumbList\",\"@id\":\"https:\\\/\\\/arabian-mood.com\\\/produit\\\/eau-de-parfum-la-luna-gissah\\\/#breadcrumb\",\"itemListElement\":[{\"@type\":\"ListItem\",\"position\":1,\"name\":\"Accueil\",\"item\":\"https:\\\/\\\/arabian-mood.com\\\/\"},{\"@type\":\"ListItem\",\"position\":2,\"name\":\"Boutique\",\"item\":\"https:\\\/\\\/arabian-mood.com\\\/boutique\\\/\"},{\"@type\":\"ListItem\",\"position\":3,\"name\":\"Eau de parfum La Luna 200 ml &#8211; Gissah\"}]},{\"@type\":\"WebSite\",\"@id\":\"https:\\\/\\\/arabian-mood.com\\\/#website\",\"url\":\"https:\\\/\\\/arabian-mood.com\\\/\",\"name\":\"Arabian Mood\",\"description\":\"\",\"publisher\":{\"@id\":\"https:\\\/\\\/arabian-mood.com\\\/#organization\"},\"potentialAction\":[{\"@type\":\"SearchAction\",\"target\":{\"@type\":\"EntryPoint\",\"urlTemplate\":\"https:\\\/\\\/arabian-mood.com\\\/?s={search_term_string}\"},\"query-input\":{\"@type\":\"PropertyValueSpecification\",\"valueRequired\":true,\"valueName\":\"search_term_string\"}}],\"inLanguage\":\"en-US\"},{\"@type\":\"Organization\",\"@id\":\"https:\\\/\\\/arabian-mood.com\\\/#organization\",\"name\":\"Arabian Mood\",\"url\":\"https:\\\/\\\/arabian-mood.com\\\/\",\"logo\":{\"@type\":\"ImageObject\",\"inLanguage\":\"en-US\",\"@id\":\"https:\\\/\\\/arabian-mood.com\\\/#\\\/schema\\\/logo\\\/image\\\/\",\"url\":\"https:\\\/\\\/arabian-mood.com\\\/wp-content\\\/uploads\\\/2024\\\/09\\\/Groupe-11304.svg\",\"contentUrl\":\"https:\\\/\\\/arabian-mood.com\\\/wp-content\\\/uploads\\\/2024\\\/09\\\/Groupe-11304.svg\",\"width\":214,\"height\":27,\"caption\":\"Arabian Mood\"},\"image\":{\"@id\":\"https:\\\/\\\/arabian-mood.com\\\/#\\\/schema\\\/logo\\\/image\\\/\"},\"sameAs\":[\"https:\\\/\\\/www.instagram.com\\\/arabianmoodofficiel\\\/\"]}]}<\/script>\n<!-- \/ Yoast SEO plugin. -->","yoast_head_json":{"title":"Eau de Parfum La Luna 200 ml | Gissah Perfumes","description":"La Luna Gissah: Unisex Eau de Parfum 200ml with woody, amber, and gourmand notes. Powerful sillage, long-lasting. Discover this original fragrance!","robots":{"index":"index","follow":"follow","max-snippet":"max-snippet:-1","max-image-preview":"max-image-preview:large","max-video-preview":"max-video-preview:-1"},"canonical":"https:\/\/arabian-mood.com\/en\/product\/eau-de-parfum-la-luna-gissah\/","og_locale":"en_US","og_type":"article","og_title":"Eau de parfum La Luna 200 ml | Gissah Perfumes","og_description":"La Luna Gissah : eau de parfum mixte 200ml aux notes bois\u00e9es, ambr\u00e9es et gourmandes. Sillage puissant, tenue longue dur\u00e9e. D\u00e9couvrez ce parfum original !","og_url":"https:\/\/arabian-mood.com\/en\/product\/eau-de-parfum-la-luna-gissah\/","og_site_name":"Arabian Mood","article_modified_time":"2026-02-24T17:18:41+00:00","og_image":[{"width":698,"height":698,"url":"https:\/\/arabian-mood.com\/wp-content\/uploads\/2025\/06\/Capture.jpg","type":"image\/jpeg"}],"twitter_card":"summary_large_image","twitter_misc":{"Est. reading time":"3 minutes"},"schema":{"@context":"https:\/\/schema.org","@graph":[{"@type":"WebPage","@id":"https:\/\/arabian-mood.com\/produit\/eau-de-parfum-la-luna-gissah\/","url":"https:\/\/arabian-mood.com\/produit\/eau-de-parfum-la-luna-gissah\/","name":"Eau de Parfum La Luna 200 ml | Gissah Perfumes","isPartOf":{"@id":"https:\/\/arabian-mood.com\/#website"},"primaryImageOfPage":{"@id":"https:\/\/arabian-mood.com\/produit\/eau-de-parfum-la-luna-gissah\/#primaryimage"},"image":{"@id":"https:\/\/arabian-mood.com\/produit\/eau-de-parfum-la-luna-gissah\/#primaryimage"},"thumbnailUrl":"https:\/\/arabian-mood.com\/wp-content\/uploads\/2025\/06\/Capture.jpg","datePublished":"2025-06-28T15:46:07+00:00","dateModified":"2026-02-24T17:18:41+00:00","description":"La Luna Gissah: Unisex Eau de Parfum 200ml with woody, amber, and gourmand notes. Powerful sillage, long-lasting. Discover this original fragrance!","breadcrumb":{"@id":"https:\/\/arabian-mood.com\/produit\/eau-de-parfum-la-luna-gissah\/#breadcrumb"},"inLanguage":"en-US","potentialAction":[{"@type":"ReadAction","target":["https:\/\/arabian-mood.com\/produit\/eau-de-parfum-la-luna-gissah\/"]}]},{"@type":"ImageObject","inLanguage":"en-US","@id":"https:\/\/arabian-mood.com\/produit\/eau-de-parfum-la-luna-gissah\/#primaryimage","url":"https:\/\/arabian-mood.com\/wp-content\/uploads\/2025\/06\/Capture.jpg","contentUrl":"https:\/\/arabian-mood.com\/wp-content\/uploads\/2025\/06\/Capture.jpg","width":698,"height":698,"caption":"la luna gissah"},{"@type":"BreadcrumbList","@id":"https:\/\/arabian-mood.com\/produit\/eau-de-parfum-la-luna-gissah\/#breadcrumb","itemListElement":[{"@type":"ListItem","position":1,"name":"Accueil","item":"https:\/\/arabian-mood.com\/"},{"@type":"ListItem","position":2,"name":"Boutique","item":"https:\/\/arabian-mood.com\/boutique\/"},{"@type":"ListItem","position":3,"name":"Eau de parfum La Luna 200 ml &#8211; Gissah"}]},{"@type":"WebSite","@id":"https:\/\/arabian-mood.com\/#website","url":"https:\/\/arabian-mood.com\/","name":"Arabian Mood","description":"","publisher":{"@id":"https:\/\/arabian-mood.com\/#organization"},"potentialAction":[{"@type":"SearchAction","target":{"@type":"EntryPoint","urlTemplate":"https:\/\/arabian-mood.com\/?s={search_term_string}"},"query-input":{"@type":"PropertyValueSpecification","valueRequired":true,"valueName":"search_term_string"}}],"inLanguage":"en-US"},{"@type":"Organization","@id":"https:\/\/arabian-mood.com\/#organization","name":"Arabian Mood","url":"https:\/\/arabian-mood.com\/","logo":{"@type":"ImageObject","inLanguage":"en-US","@id":"https:\/\/arabian-mood.com\/#\/schema\/logo\/image\/","url":"https:\/\/arabian-mood.com\/wp-content\/uploads\/2024\/09\/Groupe-11304.svg","contentUrl":"https:\/\/arabian-mood.com\/wp-content\/uploads\/2024\/09\/Groupe-11304.svg","width":214,"height":27,"caption":"Arabian Mood"},"image":{"@id":"https:\/\/arabian-mood.com\/#\/schema\/logo\/image\/"},"sameAs":["https:\/\/www.instagram.com\/arabianmoodofficiel\/"]}]}},"_links":{"self":[{"href":"https:\/\/arabian-mood.com\/en\/wp-json\/wp\/v2\/product\/9393","targetHints":{"allow":["GET"]}}],"collection":[{"href":"https:\/\/arabian-mood.com\/en\/wp-json\/wp\/v2\/product"}],"about":[{"href":"https:\/\/arabian-mood.com\/en\/wp-json\/wp\/v2\/types\/product"}],"wp:featuredmedia":[{"embeddable":true,"href":"https:\/\/arabian-mood.com\/en\/wp-json\/wp\/v2\/media\/9404"}],"wp:attachment":[{"href":"https:\/\/arabian-mood.com\/en\/wp-json\/wp\/v2\/media?parent=9393"}],"wp:term":[{"taxonomy":"product_brand","embeddable":true,"href":"https:\/\/arabian-mood.com\/en\/wp-json\/wp\/v2\/product_brand?post=9393"},{"taxonomy":"product_cat","embeddable":true,"href":"https:\/\/arabian-mood.com\/en\/wp-json\/wp\/v2\/product_cat?post=9393"},{"taxonomy":"product_tag","embeddable":true,"href":"https:\/\/arabian-mood.com\/en\/wp-json\/wp\/v2\/product_tag?post=9393"}],"curies":[{"name":"wp","href":"https:\/\/api.w.org\/{rel}","templated":true}]}}