{"id":9430,"date":"2025-07-07T09:37:14","date_gmt":"2025-07-07T07:37:14","guid":{"rendered":"https:\/\/arabian-mood.com\/?post_type=product&#038;p=9430"},"modified":"2025-12-03T17:25:39","modified_gmt":"2025-12-03T16:25:39","slug":"unconquerable-paris-corner","status":"publish","type":"product","link":"https:\/\/arabian-mood.com\/en\/produit\/indomitable-paris-corner\/","title":{"rendered":"Indomitable 100 ml | Paris Corner"},"content":{"rendered":"<p>Are you looking for a fragrance that makes you want to smile? Then choose\u2019<strong>Indomitable Paris Corner<\/strong>. This unisex fragrance has something special: it manages to be both refreshing and warm. With this fragrance, Paris Corner strikes the right note.<\/p>\n<h2>Indomitable Paris Corner: The Optimistic Fragrance<\/h2>\n<p>To begin this olfactory spectacle, Paris Corner has chosen to rely on <strong>clementine<\/strong> and at the\u2019<strong>orange<\/strong>. These two fruits create an immediate sensation of freshness, like a breath of fresh air on a summer morning. The acidity of these <strong>citrus fruit<\/strong> Awakens the senses instantly without ever being aggressive. This fruity top note is ideal for starting the day. Indeed, it brings the dose of positivity we all seek upon waking. Simple, yet effective. Open your eyes with<a href=\"https:\/\/arabian-mood.com\/en\/product\/tropical-kiss-french-avenue\/\"> <strong>Tropical Kiss<\/strong><\/a>, another ultra-refreshing fragrance.<\/p>\n<p>Things get interesting when the <strong>apple<\/strong> join the <strong>boys<\/strong>. This fruity-woody combination makes the composition even more unique. The apple retains a certain freshness while bringing a gourmet roundness. The <strong>black pepper<\/strong> As for him, his mission is to awaken the whole. Without this note, the fragrance would remain mild. With it, it becomes captivating.<\/p>\n<p>Finally, the <strong>neroli<\/strong>, the\u2019<strong>amber<\/strong> and the <strong>White musk<\/strong> They form a remarkable trio in the background. Neroli refreshes, amber warms, and white musk softens.<\/p>\n<h3>Indomitable Paris Corner: The perfume to share!<\/h3>\n<p>Its versatility is its strength <strong>oriental fragrance<\/strong> signed Paris Corner. Men and women appreciate it, making it a smart choice for couples who like to share their fragrances.<\/p>\n<p>Its projection is reasonable, perfect for everyday wear or informal occasions. You can feel it without it becoming overpowering. Exactly what you need for daily use.<\/p>\n<h3>The smart choice for oriental perfumery<\/h3>\n<p>Indomitable Paris Corner once again proves that you can have quality without breaking the bank. This fragrance rivals much more expensive creations, except for the price. It accompanies those who see life on the bright side and aren't afraid to show it. A fragrance that simply gives you confidence.<\/p>","protected":false},"excerpt":{"rendered":"<section class=\"elementor-section elementor-inner-section elementor-element elementor-element-bd10d66 elementor-section-boxed elementor-section-height-default elementor-section-height-default\" data-id=\"bd10d66\" data-element_type=\"section\">\n<div class=\"elementor-container elementor-column-gap-default\">\n<div class=\"elementor-column elementor-col-100 elementor-inner-column elementor-element elementor-element-40f0694\" data-id=\"40f0694\" data-element_type=\"column\">\n<div class=\"elementor-widget-wrap elementor-element-populated\">\n<div class=\"elementor-element elementor-element-c183d55 elementor-widget elementor-widget-woocommerce-product-short-description\" data-id=\"c183d55\" data-element_type=\"widget\" data-widget_type=\"woocommerce-product-short-description.default\">\n<div class=\"elementor-widget-container\">\n<div class=\"woocommerce-product-details__short-description\">\n<p><strong>Top note<\/strong> Clementine, Orange<br \/>\n<strong>Heart note<\/strong> Woody notes, apple, black pepper<br \/>\n<strong>Background note<\/strong> Neroli, Amber, White Musk<\/p>\n<\/div>\n<\/div>\n<\/div>\n<\/div>\n<\/div>\n<\/div>\n<\/section>","protected":false},"featured_media":9431,"template":"","meta":[],"product_brand":[],"product_cat":[590,523],"product_tag":[],"class_list":{"0":"post-9430","1":"product","2":"type-product","3":"status-publish","4":"has-post-thumbnail","6":"product_cat-parfum-dubai-mixte","7":"product_cat-paris-corner","9":"first","10":"instock","11":"taxable","12":"shipping-taxable","13":"purchasable","14":"product-type-simple"},"yoast_head":"<!-- This site is optimized with the Yoast SEO plugin v27.6 - https:\/\/yoast.com\/product\/yoast-seo-wordpress\/ -->\n<title>Indomitable 100 ml | Paris Corner<\/title>\n<meta name=\"description\" content=\"Envie d\u2019un parfum qui met de bonne humeur ? Indomitable Paris Corner m\u00eale fra\u00eecheur et caract\u00e8re. Une belle d\u00e9couverte \u00e0 petit prix, \u00e0 essayer.\" \/>\n<meta name=\"robots\" content=\"index, follow, max-snippet:-1, max-image-preview:large, max-video-preview:-1\" \/>\n<link rel=\"canonical\" href=\"https:\/\/arabian-mood.com\/en\/product\/unconquerable-paris-corner\/\" \/>\n<meta property=\"og:locale\" content=\"en_US\" \/>\n<meta property=\"og:type\" content=\"article\" \/>\n<meta property=\"og:title\" content=\"Indomitable 100 ml | Paris Corner\" \/>\n<meta property=\"og:description\" content=\"Envie d\u2019un parfum qui met de bonne humeur ? Indomitable Paris Corner m\u00eale fra\u00eecheur et caract\u00e8re. Une belle d\u00e9couverte \u00e0 petit prix, \u00e0 essayer.\" \/>\n<meta property=\"og:url\" content=\"https:\/\/arabian-mood.com\/en\/product\/unconquerable-paris-corner\/\" \/>\n<meta property=\"og:site_name\" content=\"Arabian Mood\" \/>\n<meta property=\"article:modified_time\" content=\"2025-12-03T16:25:39+00:00\" \/>\n<meta property=\"og:image\" content=\"https:\/\/arabian-mood.com\/wp-content\/uploads\/2025\/07\/indomitable-paris-corner.jpg\" \/>\n\t<meta property=\"og:image:width\" content=\"600\" \/>\n\t<meta property=\"og:image:height\" content=\"600\" \/>\n\t<meta property=\"og:image:type\" content=\"image\/jpeg\" \/>\n<meta name=\"twitter:card\" content=\"summary_large_image\" \/>\n<meta name=\"twitter:label1\" content=\"Est. reading time\" \/>\n\t<meta name=\"twitter:data1\" content=\"2 minutes\" \/>\n<script type=\"application\/ld+json\" class=\"yoast-schema-graph\">{\"@context\":\"https:\\\/\\\/schema.org\",\"@graph\":[{\"@type\":\"WebPage\",\"@id\":\"https:\\\/\\\/arabian-mood.com\\\/produit\\\/indomitable-paris-corner\\\/\",\"url\":\"https:\\\/\\\/arabian-mood.com\\\/produit\\\/indomitable-paris-corner\\\/\",\"name\":\"Indomitable 100 ml | Paris Corner\",\"isPartOf\":{\"@id\":\"https:\\\/\\\/arabian-mood.com\\\/#website\"},\"primaryImageOfPage\":{\"@id\":\"https:\\\/\\\/arabian-mood.com\\\/produit\\\/indomitable-paris-corner\\\/#primaryimage\"},\"image\":{\"@id\":\"https:\\\/\\\/arabian-mood.com\\\/produit\\\/indomitable-paris-corner\\\/#primaryimage\"},\"thumbnailUrl\":\"https:\\\/\\\/arabian-mood.com\\\/wp-content\\\/uploads\\\/2025\\\/07\\\/indomitable-paris-corner.jpg\",\"datePublished\":\"2025-07-07T07:37:14+00:00\",\"dateModified\":\"2025-12-03T16:25:39+00:00\",\"description\":\"Envie d\u2019un parfum qui met de bonne humeur ? Indomitable Paris Corner m\u00eale fra\u00eecheur et caract\u00e8re. Une belle d\u00e9couverte \u00e0 petit prix, \u00e0 essayer.\",\"breadcrumb\":{\"@id\":\"https:\\\/\\\/arabian-mood.com\\\/produit\\\/indomitable-paris-corner\\\/#breadcrumb\"},\"inLanguage\":\"en-US\",\"potentialAction\":[{\"@type\":\"ReadAction\",\"target\":[\"https:\\\/\\\/arabian-mood.com\\\/produit\\\/indomitable-paris-corner\\\/\"]}]},{\"@type\":\"ImageObject\",\"inLanguage\":\"en-US\",\"@id\":\"https:\\\/\\\/arabian-mood.com\\\/produit\\\/indomitable-paris-corner\\\/#primaryimage\",\"url\":\"https:\\\/\\\/arabian-mood.com\\\/wp-content\\\/uploads\\\/2025\\\/07\\\/indomitable-paris-corner.jpg\",\"contentUrl\":\"https:\\\/\\\/arabian-mood.com\\\/wp-content\\\/uploads\\\/2025\\\/07\\\/indomitable-paris-corner.jpg\",\"width\":600,\"height\":600,\"caption\":\"indomitable paris corner\"},{\"@type\":\"BreadcrumbList\",\"@id\":\"https:\\\/\\\/arabian-mood.com\\\/produit\\\/indomitable-paris-corner\\\/#breadcrumb\",\"itemListElement\":[{\"@type\":\"ListItem\",\"position\":1,\"name\":\"Accueil\",\"item\":\"https:\\\/\\\/arabian-mood.com\\\/\"},{\"@type\":\"ListItem\",\"position\":2,\"name\":\"Boutique\",\"item\":\"https:\\\/\\\/arabian-mood.com\\\/boutique\\\/\"},{\"@type\":\"ListItem\",\"position\":3,\"name\":\"Indomitable 100 ml | Paris Corner\"}]},{\"@type\":\"WebSite\",\"@id\":\"https:\\\/\\\/arabian-mood.com\\\/#website\",\"url\":\"https:\\\/\\\/arabian-mood.com\\\/\",\"name\":\"Arabian Mood\",\"description\":\"\",\"publisher\":{\"@id\":\"https:\\\/\\\/arabian-mood.com\\\/#organization\"},\"potentialAction\":[{\"@type\":\"SearchAction\",\"target\":{\"@type\":\"EntryPoint\",\"urlTemplate\":\"https:\\\/\\\/arabian-mood.com\\\/?s={search_term_string}\"},\"query-input\":{\"@type\":\"PropertyValueSpecification\",\"valueRequired\":true,\"valueName\":\"search_term_string\"}}],\"inLanguage\":\"en-US\"},{\"@type\":\"Organization\",\"@id\":\"https:\\\/\\\/arabian-mood.com\\\/#organization\",\"name\":\"Arabian Mood\",\"url\":\"https:\\\/\\\/arabian-mood.com\\\/\",\"logo\":{\"@type\":\"ImageObject\",\"inLanguage\":\"en-US\",\"@id\":\"https:\\\/\\\/arabian-mood.com\\\/#\\\/schema\\\/logo\\\/image\\\/\",\"url\":\"https:\\\/\\\/arabian-mood.com\\\/wp-content\\\/uploads\\\/2024\\\/09\\\/Groupe-11304.svg\",\"contentUrl\":\"https:\\\/\\\/arabian-mood.com\\\/wp-content\\\/uploads\\\/2024\\\/09\\\/Groupe-11304.svg\",\"width\":214,\"height\":27,\"caption\":\"Arabian Mood\"},\"image\":{\"@id\":\"https:\\\/\\\/arabian-mood.com\\\/#\\\/schema\\\/logo\\\/image\\\/\"},\"sameAs\":[\"https:\\\/\\\/www.instagram.com\\\/arabianmoodofficiel\\\/\"]}]}<\/script>\n<!-- \/ Yoast SEO plugin. -->","yoast_head_json":{"title":"Indomitable 100 ml | Paris Corner","description":"Craving a perfume that puts you in a good mood? Indomitable Paris Corner blends freshness and character. A great find at a small price, worth trying.","robots":{"index":"index","follow":"follow","max-snippet":"max-snippet:-1","max-image-preview":"max-image-preview:large","max-video-preview":"max-video-preview:-1"},"canonical":"https:\/\/arabian-mood.com\/en\/product\/unconquerable-paris-corner\/","og_locale":"en_US","og_type":"article","og_title":"Indomitable 100 ml | Paris Corner","og_description":"Envie d\u2019un parfum qui met de bonne humeur ? Indomitable Paris Corner m\u00eale fra\u00eecheur et caract\u00e8re. Une belle d\u00e9couverte \u00e0 petit prix, \u00e0 essayer.","og_url":"https:\/\/arabian-mood.com\/en\/product\/unconquerable-paris-corner\/","og_site_name":"Arabian Mood","article_modified_time":"2025-12-03T16:25:39+00:00","og_image":[{"width":600,"height":600,"url":"https:\/\/arabian-mood.com\/wp-content\/uploads\/2025\/07\/indomitable-paris-corner.jpg","type":"image\/jpeg"}],"twitter_card":"summary_large_image","twitter_misc":{"Est. reading time":"2 minutes"},"schema":{"@context":"https:\/\/schema.org","@graph":[{"@type":"WebPage","@id":"https:\/\/arabian-mood.com\/produit\/indomitable-paris-corner\/","url":"https:\/\/arabian-mood.com\/produit\/indomitable-paris-corner\/","name":"Indomitable 100 ml | Paris Corner","isPartOf":{"@id":"https:\/\/arabian-mood.com\/#website"},"primaryImageOfPage":{"@id":"https:\/\/arabian-mood.com\/produit\/indomitable-paris-corner\/#primaryimage"},"image":{"@id":"https:\/\/arabian-mood.com\/produit\/indomitable-paris-corner\/#primaryimage"},"thumbnailUrl":"https:\/\/arabian-mood.com\/wp-content\/uploads\/2025\/07\/indomitable-paris-corner.jpg","datePublished":"2025-07-07T07:37:14+00:00","dateModified":"2025-12-03T16:25:39+00:00","description":"Craving a perfume that puts you in a good mood? Indomitable Paris Corner blends freshness and character. A great find at a small price, worth trying.","breadcrumb":{"@id":"https:\/\/arabian-mood.com\/produit\/indomitable-paris-corner\/#breadcrumb"},"inLanguage":"en-US","potentialAction":[{"@type":"ReadAction","target":["https:\/\/arabian-mood.com\/produit\/indomitable-paris-corner\/"]}]},{"@type":"ImageObject","inLanguage":"en-US","@id":"https:\/\/arabian-mood.com\/produit\/indomitable-paris-corner\/#primaryimage","url":"https:\/\/arabian-mood.com\/wp-content\/uploads\/2025\/07\/indomitable-paris-corner.jpg","contentUrl":"https:\/\/arabian-mood.com\/wp-content\/uploads\/2025\/07\/indomitable-paris-corner.jpg","width":600,"height":600,"caption":"indomitable paris corner"},{"@type":"BreadcrumbList","@id":"https:\/\/arabian-mood.com\/produit\/indomitable-paris-corner\/#breadcrumb","itemListElement":[{"@type":"ListItem","position":1,"name":"Accueil","item":"https:\/\/arabian-mood.com\/"},{"@type":"ListItem","position":2,"name":"Boutique","item":"https:\/\/arabian-mood.com\/boutique\/"},{"@type":"ListItem","position":3,"name":"Indomitable 100 ml | Paris Corner"}]},{"@type":"WebSite","@id":"https:\/\/arabian-mood.com\/#website","url":"https:\/\/arabian-mood.com\/","name":"Arabian Mood","description":"","publisher":{"@id":"https:\/\/arabian-mood.com\/#organization"},"potentialAction":[{"@type":"SearchAction","target":{"@type":"EntryPoint","urlTemplate":"https:\/\/arabian-mood.com\/?s={search_term_string}"},"query-input":{"@type":"PropertyValueSpecification","valueRequired":true,"valueName":"search_term_string"}}],"inLanguage":"en-US"},{"@type":"Organization","@id":"https:\/\/arabian-mood.com\/#organization","name":"Arabian Mood","url":"https:\/\/arabian-mood.com\/","logo":{"@type":"ImageObject","inLanguage":"en-US","@id":"https:\/\/arabian-mood.com\/#\/schema\/logo\/image\/","url":"https:\/\/arabian-mood.com\/wp-content\/uploads\/2024\/09\/Groupe-11304.svg","contentUrl":"https:\/\/arabian-mood.com\/wp-content\/uploads\/2024\/09\/Groupe-11304.svg","width":214,"height":27,"caption":"Arabian Mood"},"image":{"@id":"https:\/\/arabian-mood.com\/#\/schema\/logo\/image\/"},"sameAs":["https:\/\/www.instagram.com\/arabianmoodofficiel\/"]}]}},"_links":{"self":[{"href":"https:\/\/arabian-mood.com\/en\/wp-json\/wp\/v2\/product\/9430","targetHints":{"allow":["GET"]}}],"collection":[{"href":"https:\/\/arabian-mood.com\/en\/wp-json\/wp\/v2\/product"}],"about":[{"href":"https:\/\/arabian-mood.com\/en\/wp-json\/wp\/v2\/types\/product"}],"wp:featuredmedia":[{"embeddable":true,"href":"https:\/\/arabian-mood.com\/en\/wp-json\/wp\/v2\/media\/9431"}],"wp:attachment":[{"href":"https:\/\/arabian-mood.com\/en\/wp-json\/wp\/v2\/media?parent=9430"}],"wp:term":[{"taxonomy":"product_brand","embeddable":true,"href":"https:\/\/arabian-mood.com\/en\/wp-json\/wp\/v2\/product_brand?post=9430"},{"taxonomy":"product_cat","embeddable":true,"href":"https:\/\/arabian-mood.com\/en\/wp-json\/wp\/v2\/product_cat?post=9430"},{"taxonomy":"product_tag","embeddable":true,"href":"https:\/\/arabian-mood.com\/en\/wp-json\/wp\/v2\/product_tag?post=9430"}],"curies":[{"name":"wp","href":"https:\/\/api.w.org\/{rel}","templated":true}]}}