{"id":9559,"date":"2025-08-08T14:26:39","date_gmt":"2025-08-08T12:26:39","guid":{"rendered":"https:\/\/arabian-mood.com\/?post_type=product&#038;p=9559"},"modified":"2025-09-04T11:50:18","modified_gmt":"2025-09-04T09:50:18","slug":"viva-la-oud-100-ml-abdul-samad-al-qurashi","status":"publish","type":"product","link":"https:\/\/arabian-mood.com\/en\/produit\/viva-la-oud-100-ml-abdul-samad-al-qurashi\/","title":{"rendered":"Viva La Oud 100 ml &#8211; Abdul Samad Al Qurashi"},"content":{"rendered":"","protected":false},"excerpt":{"rendered":"<p><strong>Note de t\u00eate<\/strong> : Noix de muscade, Poivre noir, Safran.<br \/>\n<strong>Note de c\u0153ur<\/strong> : Bois de c\u00e8dre, Encens, Lys.<br \/>\n<strong>Note de fond<\/strong> : Bois de santal, Chyprole, Cuir, Patchouli.<\/p>","protected":false},"featured_media":9560,"template":"","meta":[],"product_brand":[],"product_cat":[581],"product_tag":[],"class_list":{"0":"post-9559","1":"product","2":"type-product","3":"status-publish","4":"has-post-thumbnail","6":"product_cat-abdul-samad-al-qurashi","8":"first","9":"instock","10":"taxable","11":"shipping-taxable","12":"purchasable","13":"product-type-simple"},"yoast_head":"<!-- This site is optimized with the Yoast SEO plugin v27.4 - https:\/\/yoast.com\/product\/yoast-seo-wordpress\/ -->\n<title>Viva La Oud 100 ml - Abdul Samad Al Qurashi<\/title>\n<meta name=\"robots\" content=\"index, follow, max-snippet:-1, max-image-preview:large, max-video-preview:-1\" \/>\n<link rel=\"canonical\" href=\"https:\/\/arabian-mood.com\/en\/product\/viva-la-oud-100-ml-abdul-samad-al-qurashi\/\" \/>\n<meta property=\"og:locale\" content=\"en_US\" \/>\n<meta property=\"og:type\" content=\"article\" \/>\n<meta property=\"og:title\" content=\"Viva La Oud 100 ml - Abdul Samad Al Qurashi\" \/>\n<meta property=\"og:description\" content=\"Note de t\u00eate : Noix de muscade, Poivre noir, Safran. Note de c\u0153ur : Bois de c\u00e8dre, Encens, Lys. Note de fond : Bois de santal, Chyprole, Cuir, Patchouli.\" \/>\n<meta property=\"og:url\" content=\"https:\/\/arabian-mood.com\/en\/product\/viva-la-oud-100-ml-abdul-samad-al-qurashi\/\" \/>\n<meta property=\"og:site_name\" content=\"Arabian Mood\" \/>\n<meta property=\"article:modified_time\" content=\"2025-09-04T09:50:18+00:00\" \/>\n<meta property=\"og:image\" content=\"https:\/\/arabian-mood.com\/wp-content\/uploads\/2025\/08\/Viva-La-Oud.jpg\" \/>\n\t<meta property=\"og:image:width\" content=\"600\" \/>\n\t<meta property=\"og:image:height\" content=\"600\" \/>\n\t<meta property=\"og:image:type\" content=\"image\/jpeg\" \/>\n<meta name=\"twitter:card\" content=\"summary_large_image\" \/>\n<meta name=\"twitter:label1\" content=\"Est. reading time\" \/>\n\t<meta name=\"twitter:data1\" content=\"1 minute\" \/>\n<script type=\"application\/ld+json\" class=\"yoast-schema-graph\">{\"@context\":\"https:\\\/\\\/schema.org\",\"@graph\":[{\"@type\":\"WebPage\",\"@id\":\"https:\\\/\\\/arabian-mood.com\\\/produit\\\/viva-la-oud-100-ml-abdul-samad-al-qurashi\\\/\",\"url\":\"https:\\\/\\\/arabian-mood.com\\\/produit\\\/viva-la-oud-100-ml-abdul-samad-al-qurashi\\\/\",\"name\":\"Viva La Oud 100 ml - Abdul Samad Al Qurashi\",\"isPartOf\":{\"@id\":\"https:\\\/\\\/arabian-mood.com\\\/#website\"},\"primaryImageOfPage\":{\"@id\":\"https:\\\/\\\/arabian-mood.com\\\/produit\\\/viva-la-oud-100-ml-abdul-samad-al-qurashi\\\/#primaryimage\"},\"image\":{\"@id\":\"https:\\\/\\\/arabian-mood.com\\\/produit\\\/viva-la-oud-100-ml-abdul-samad-al-qurashi\\\/#primaryimage\"},\"thumbnailUrl\":\"https:\\\/\\\/arabian-mood.com\\\/wp-content\\\/uploads\\\/2025\\\/08\\\/Viva-La-Oud.jpg\",\"datePublished\":\"2025-08-08T12:26:39+00:00\",\"dateModified\":\"2025-09-04T09:50:18+00:00\",\"breadcrumb\":{\"@id\":\"https:\\\/\\\/arabian-mood.com\\\/produit\\\/viva-la-oud-100-ml-abdul-samad-al-qurashi\\\/#breadcrumb\"},\"inLanguage\":\"en-US\",\"potentialAction\":[{\"@type\":\"ReadAction\",\"target\":[\"https:\\\/\\\/arabian-mood.com\\\/produit\\\/viva-la-oud-100-ml-abdul-samad-al-qurashi\\\/\"]}]},{\"@type\":\"ImageObject\",\"inLanguage\":\"en-US\",\"@id\":\"https:\\\/\\\/arabian-mood.com\\\/produit\\\/viva-la-oud-100-ml-abdul-samad-al-qurashi\\\/#primaryimage\",\"url\":\"https:\\\/\\\/arabian-mood.com\\\/wp-content\\\/uploads\\\/2025\\\/08\\\/Viva-La-Oud.jpg\",\"contentUrl\":\"https:\\\/\\\/arabian-mood.com\\\/wp-content\\\/uploads\\\/2025\\\/08\\\/Viva-La-Oud.jpg\",\"width\":600,\"height\":600,\"caption\":\"Viva La Oud\"},{\"@type\":\"BreadcrumbList\",\"@id\":\"https:\\\/\\\/arabian-mood.com\\\/produit\\\/viva-la-oud-100-ml-abdul-samad-al-qurashi\\\/#breadcrumb\",\"itemListElement\":[{\"@type\":\"ListItem\",\"position\":1,\"name\":\"Accueil\",\"item\":\"https:\\\/\\\/arabian-mood.com\\\/\"},{\"@type\":\"ListItem\",\"position\":2,\"name\":\"Boutique\",\"item\":\"https:\\\/\\\/arabian-mood.com\\\/boutique\\\/\"},{\"@type\":\"ListItem\",\"position\":3,\"name\":\"Viva La Oud 100 ml &#8211; Abdul Samad Al Qurashi\"}]},{\"@type\":\"WebSite\",\"@id\":\"https:\\\/\\\/arabian-mood.com\\\/#website\",\"url\":\"https:\\\/\\\/arabian-mood.com\\\/\",\"name\":\"Arabian Mood\",\"description\":\"\",\"publisher\":{\"@id\":\"https:\\\/\\\/arabian-mood.com\\\/#organization\"},\"potentialAction\":[{\"@type\":\"SearchAction\",\"target\":{\"@type\":\"EntryPoint\",\"urlTemplate\":\"https:\\\/\\\/arabian-mood.com\\\/?s={search_term_string}\"},\"query-input\":{\"@type\":\"PropertyValueSpecification\",\"valueRequired\":true,\"valueName\":\"search_term_string\"}}],\"inLanguage\":\"en-US\"},{\"@type\":\"Organization\",\"@id\":\"https:\\\/\\\/arabian-mood.com\\\/#organization\",\"name\":\"Arabian Mood\",\"url\":\"https:\\\/\\\/arabian-mood.com\\\/\",\"logo\":{\"@type\":\"ImageObject\",\"inLanguage\":\"en-US\",\"@id\":\"https:\\\/\\\/arabian-mood.com\\\/#\\\/schema\\\/logo\\\/image\\\/\",\"url\":\"https:\\\/\\\/arabian-mood.com\\\/wp-content\\\/uploads\\\/2024\\\/09\\\/Groupe-11304.svg\",\"contentUrl\":\"https:\\\/\\\/arabian-mood.com\\\/wp-content\\\/uploads\\\/2024\\\/09\\\/Groupe-11304.svg\",\"width\":214,\"height\":27,\"caption\":\"Arabian Mood\"},\"image\":{\"@id\":\"https:\\\/\\\/arabian-mood.com\\\/#\\\/schema\\\/logo\\\/image\\\/\"},\"sameAs\":[\"https:\\\/\\\/www.instagram.com\\\/arabianmoodofficiel\\\/\"]}]}<\/script>\n<!-- \/ Yoast SEO plugin. -->","yoast_head_json":{"title":"Viva La Oud 100 ml - Abdul Samad Al Qurashi","robots":{"index":"index","follow":"follow","max-snippet":"max-snippet:-1","max-image-preview":"max-image-preview:large","max-video-preview":"max-video-preview:-1"},"canonical":"https:\/\/arabian-mood.com\/en\/product\/viva-la-oud-100-ml-abdul-samad-al-qurashi\/","og_locale":"en_US","og_type":"article","og_title":"Viva La Oud 100 ml - Abdul Samad Al Qurashi","og_description":"Note de t\u00eate : Noix de muscade, Poivre noir, Safran. Note de c\u0153ur : Bois de c\u00e8dre, Encens, Lys. Note de fond : Bois de santal, Chyprole, Cuir, Patchouli.","og_url":"https:\/\/arabian-mood.com\/en\/product\/viva-la-oud-100-ml-abdul-samad-al-qurashi\/","og_site_name":"Arabian Mood","article_modified_time":"2025-09-04T09:50:18+00:00","og_image":[{"width":600,"height":600,"url":"https:\/\/arabian-mood.com\/wp-content\/uploads\/2025\/08\/Viva-La-Oud.jpg","type":"image\/jpeg"}],"twitter_card":"summary_large_image","twitter_misc":{"Est. reading time":"1 minute"},"schema":{"@context":"https:\/\/schema.org","@graph":[{"@type":"WebPage","@id":"https:\/\/arabian-mood.com\/produit\/viva-la-oud-100-ml-abdul-samad-al-qurashi\/","url":"https:\/\/arabian-mood.com\/produit\/viva-la-oud-100-ml-abdul-samad-al-qurashi\/","name":"Viva La Oud 100 ml - Abdul Samad Al Qurashi","isPartOf":{"@id":"https:\/\/arabian-mood.com\/#website"},"primaryImageOfPage":{"@id":"https:\/\/arabian-mood.com\/produit\/viva-la-oud-100-ml-abdul-samad-al-qurashi\/#primaryimage"},"image":{"@id":"https:\/\/arabian-mood.com\/produit\/viva-la-oud-100-ml-abdul-samad-al-qurashi\/#primaryimage"},"thumbnailUrl":"https:\/\/arabian-mood.com\/wp-content\/uploads\/2025\/08\/Viva-La-Oud.jpg","datePublished":"2025-08-08T12:26:39+00:00","dateModified":"2025-09-04T09:50:18+00:00","breadcrumb":{"@id":"https:\/\/arabian-mood.com\/produit\/viva-la-oud-100-ml-abdul-samad-al-qurashi\/#breadcrumb"},"inLanguage":"en-US","potentialAction":[{"@type":"ReadAction","target":["https:\/\/arabian-mood.com\/produit\/viva-la-oud-100-ml-abdul-samad-al-qurashi\/"]}]},{"@type":"ImageObject","inLanguage":"en-US","@id":"https:\/\/arabian-mood.com\/produit\/viva-la-oud-100-ml-abdul-samad-al-qurashi\/#primaryimage","url":"https:\/\/arabian-mood.com\/wp-content\/uploads\/2025\/08\/Viva-La-Oud.jpg","contentUrl":"https:\/\/arabian-mood.com\/wp-content\/uploads\/2025\/08\/Viva-La-Oud.jpg","width":600,"height":600,"caption":"Viva La Oud"},{"@type":"BreadcrumbList","@id":"https:\/\/arabian-mood.com\/produit\/viva-la-oud-100-ml-abdul-samad-al-qurashi\/#breadcrumb","itemListElement":[{"@type":"ListItem","position":1,"name":"Accueil","item":"https:\/\/arabian-mood.com\/"},{"@type":"ListItem","position":2,"name":"Boutique","item":"https:\/\/arabian-mood.com\/boutique\/"},{"@type":"ListItem","position":3,"name":"Viva La Oud 100 ml &#8211; Abdul Samad Al Qurashi"}]},{"@type":"WebSite","@id":"https:\/\/arabian-mood.com\/#website","url":"https:\/\/arabian-mood.com\/","name":"Arabian Mood","description":"","publisher":{"@id":"https:\/\/arabian-mood.com\/#organization"},"potentialAction":[{"@type":"SearchAction","target":{"@type":"EntryPoint","urlTemplate":"https:\/\/arabian-mood.com\/?s={search_term_string}"},"query-input":{"@type":"PropertyValueSpecification","valueRequired":true,"valueName":"search_term_string"}}],"inLanguage":"en-US"},{"@type":"Organization","@id":"https:\/\/arabian-mood.com\/#organization","name":"Arabian Mood","url":"https:\/\/arabian-mood.com\/","logo":{"@type":"ImageObject","inLanguage":"en-US","@id":"https:\/\/arabian-mood.com\/#\/schema\/logo\/image\/","url":"https:\/\/arabian-mood.com\/wp-content\/uploads\/2024\/09\/Groupe-11304.svg","contentUrl":"https:\/\/arabian-mood.com\/wp-content\/uploads\/2024\/09\/Groupe-11304.svg","width":214,"height":27,"caption":"Arabian Mood"},"image":{"@id":"https:\/\/arabian-mood.com\/#\/schema\/logo\/image\/"},"sameAs":["https:\/\/www.instagram.com\/arabianmoodofficiel\/"]}]}},"_links":{"self":[{"href":"https:\/\/arabian-mood.com\/en\/wp-json\/wp\/v2\/product\/9559","targetHints":{"allow":["GET"]}}],"collection":[{"href":"https:\/\/arabian-mood.com\/en\/wp-json\/wp\/v2\/product"}],"about":[{"href":"https:\/\/arabian-mood.com\/en\/wp-json\/wp\/v2\/types\/product"}],"wp:featuredmedia":[{"embeddable":true,"href":"https:\/\/arabian-mood.com\/en\/wp-json\/wp\/v2\/media\/9560"}],"wp:attachment":[{"href":"https:\/\/arabian-mood.com\/en\/wp-json\/wp\/v2\/media?parent=9559"}],"wp:term":[{"taxonomy":"product_brand","embeddable":true,"href":"https:\/\/arabian-mood.com\/en\/wp-json\/wp\/v2\/product_brand?post=9559"},{"taxonomy":"product_cat","embeddable":true,"href":"https:\/\/arabian-mood.com\/en\/wp-json\/wp\/v2\/product_cat?post=9559"},{"taxonomy":"product_tag","embeddable":true,"href":"https:\/\/arabian-mood.com\/en\/wp-json\/wp\/v2\/product_tag?post=9559"}],"curies":[{"name":"wp","href":"https:\/\/api.w.org\/{rel}","templated":true}]}}