{"id":10628,"date":"2026-03-01T14:38:53","date_gmt":"2026-03-01T13:38:53","guid":{"rendered":"https:\/\/arabian-mood.com\/?post_type=product&#038;p=10628"},"modified":"2026-03-01T14:40:10","modified_gmt":"2026-03-01T13:40:10","slug":"coffret-pegasus-karim-benzema-assaf","status":"publish","type":"product","link":"https:\/\/arabian-mood.com\/es\/produit\/coffret-pegasus-karim-benzema-assaf\/","title":{"rendered":"Coffret Pegasus Karim Benzema &#8211; Assaf"},"content":{"rendered":"","protected":false},"excerpt":{"rendered":"<p data-start=\"0\" data-end=\"35\">Coffret parfum mixte compos\u00e9 de :<\/p>\n<p data-start=\"37\" data-end=\"244\">\u2022 <strong data-start=\"39\" data-end=\"64\">Pegasus Wild \u2013 100 ml<\/strong><br data-start=\"64\" data-end=\"67\" \/>Parfum intense et \u00e9l\u00e9gant m\u00ealant fra\u00eecheur hesp\u00e9rid\u00e9e, c\u0153ur floral raffin\u00e9 et fond chaud bois\u00e9-vanill\u00e9 (bergamote, poivre rose, rose, jasmin, ambre, santal, patchouli, vanille).<\/p>\n<p data-start=\"246\" data-end=\"426\">\u2022 <strong data-start=\"248\" data-end=\"275\">Encens Pegasus \u2013 100 ml<\/strong><br data-start=\"275\" data-end=\"278\" \/>Fragrance orientale profonde et luxueuse, aux \u00e9pices nobles et accords bois\u00e9s cuir\u00e9s (safran, cardamome, cannelle, rose, santal, ambre, musc, cuir).<\/p>\n<p data-start=\"428\" data-end=\"639\" data-is-last-node=\"\" data-is-only-node=\"\">\u2022 <strong data-start=\"430\" data-end=\"458\">Pegasus Purrino \u2013 100 ml<\/strong><br data-start=\"458\" data-end=\"461\" \/>Composition fra\u00eeche et moderne, aux notes fruit\u00e9es lumineuses reposant sur un fond bois\u00e9 \u00e9l\u00e9gant (mandarine, orange, baie de geni\u00e8vre, fraise, jasmin, pomelo, patchouli, santal).<\/p>","protected":false},"featured_media":10629,"template":"","meta":[],"product_brand":[],"product_cat":[595],"product_tag":[],"class_list":{"0":"post-10628","1":"product","2":"type-product","3":"status-publish","4":"has-post-thumbnail","6":"product_cat-coffret-parfum","8":"first","9":"instock","10":"taxable","11":"shipping-taxable","12":"purchasable","13":"product-type-simple"},"yoast_head":"<!-- This site is optimized with the Yoast SEO plugin v27.6 - https:\/\/yoast.com\/product\/yoast-seo-wordpress\/ -->\n<title>Coffret Pegasus Karim Benzema - Assaf<\/title>\n<meta name=\"robots\" content=\"index, follow, max-snippet:-1, max-image-preview:large, max-video-preview:-1\" \/>\n<link rel=\"canonical\" href=\"https:\/\/arabian-mood.com\/es\/product\/coffret-pegasus-karim-benzema-assaf\/\" \/>\n<meta property=\"og:locale\" content=\"es_ES\" \/>\n<meta property=\"og:type\" content=\"article\" \/>\n<meta property=\"og:title\" content=\"Coffret Pegasus Karim Benzema - Assaf\" \/>\n<meta property=\"og:description\" content=\"Coffret parfum mixte compos\u00e9 de : \u2022 Pegasus Wild \u2013 100 mlParfum intense et \u00e9l\u00e9gant m\u00ealant fra\u00eecheur hesp\u00e9rid\u00e9e, c\u0153ur floral raffin\u00e9 et fond chaud bois\u00e9-vanill\u00e9 (bergamote, poivre rose, rose, jasmin, ambre, santal, patchouli, vanille). \u2022 Encens Pegasus \u2013 100 mlFragrance orientale profonde et luxueuse, aux \u00e9pices nobles et accords bois\u00e9s cuir\u00e9s (safran, cardamome, cannelle, rose, santal, ambre, musc, cuir). \u2022 Pegasus Purrino \u2013 100 mlComposition fra\u00eeche et moderne, aux notes fruit\u00e9es lumineuses reposant sur un fond bois\u00e9 \u00e9l\u00e9gant (mandarine, orange, baie de geni\u00e8vre, fraise, jasmin, pomelo, patchouli, santal).\" \/>\n<meta property=\"og:url\" content=\"https:\/\/arabian-mood.com\/es\/product\/coffret-pegasus-karim-benzema-assaf\/\" \/>\n<meta property=\"og:site_name\" content=\"Arabian Mood\" \/>\n<meta property=\"article:modified_time\" content=\"2026-03-01T13:40:10+00:00\" \/>\n<meta property=\"og:image\" content=\"https:\/\/arabian-mood.com\/wp-content\/uploads\/2026\/03\/32d9e06a-0124-4c9e-b414-5e53644e4267-1000x1000-igr6PF1wDjM53qYHk4eRmeRqysSwcLz70x6hMNYK.jpg\" \/>\n\t<meta property=\"og:image:width\" content=\"600\" \/>\n\t<meta property=\"og:image:height\" content=\"600\" \/>\n\t<meta property=\"og:image:type\" content=\"image\/jpeg\" \/>\n<meta name=\"twitter:card\" content=\"summary_large_image\" \/>\n<meta name=\"twitter:label1\" content=\"Tiempo de lectura\" \/>\n\t<meta name=\"twitter:data1\" content=\"1 minuto\" \/>\n<script type=\"application\/ld+json\" class=\"yoast-schema-graph\">{\"@context\":\"https:\\\/\\\/schema.org\",\"@graph\":[{\"@type\":\"WebPage\",\"@id\":\"https:\\\/\\\/arabian-mood.com\\\/produit\\\/coffret-pegasus-karim-benzema-assaf\\\/\",\"url\":\"https:\\\/\\\/arabian-mood.com\\\/produit\\\/coffret-pegasus-karim-benzema-assaf\\\/\",\"name\":\"Coffret Pegasus Karim Benzema - Assaf\",\"isPartOf\":{\"@id\":\"https:\\\/\\\/arabian-mood.com\\\/#website\"},\"primaryImageOfPage\":{\"@id\":\"https:\\\/\\\/arabian-mood.com\\\/produit\\\/coffret-pegasus-karim-benzema-assaf\\\/#primaryimage\"},\"image\":{\"@id\":\"https:\\\/\\\/arabian-mood.com\\\/produit\\\/coffret-pegasus-karim-benzema-assaf\\\/#primaryimage\"},\"thumbnailUrl\":\"https:\\\/\\\/arabian-mood.com\\\/wp-content\\\/uploads\\\/2026\\\/03\\\/32d9e06a-0124-4c9e-b414-5e53644e4267-1000x1000-igr6PF1wDjM53qYHk4eRmeRqysSwcLz70x6hMNYK.jpg\",\"datePublished\":\"2026-03-01T13:38:53+00:00\",\"dateModified\":\"2026-03-01T13:40:10+00:00\",\"breadcrumb\":{\"@id\":\"https:\\\/\\\/arabian-mood.com\\\/produit\\\/coffret-pegasus-karim-benzema-assaf\\\/#breadcrumb\"},\"inLanguage\":\"es\",\"potentialAction\":[{\"@type\":\"ReadAction\",\"target\":[\"https:\\\/\\\/arabian-mood.com\\\/produit\\\/coffret-pegasus-karim-benzema-assaf\\\/\"]}]},{\"@type\":\"ImageObject\",\"inLanguage\":\"es\",\"@id\":\"https:\\\/\\\/arabian-mood.com\\\/produit\\\/coffret-pegasus-karim-benzema-assaf\\\/#primaryimage\",\"url\":\"https:\\\/\\\/arabian-mood.com\\\/wp-content\\\/uploads\\\/2026\\\/03\\\/32d9e06a-0124-4c9e-b414-5e53644e4267-1000x1000-igr6PF1wDjM53qYHk4eRmeRqysSwcLz70x6hMNYK.jpg\",\"contentUrl\":\"https:\\\/\\\/arabian-mood.com\\\/wp-content\\\/uploads\\\/2026\\\/03\\\/32d9e06a-0124-4c9e-b414-5e53644e4267-1000x1000-igr6PF1wDjM53qYHk4eRmeRqysSwcLz70x6hMNYK.jpg\",\"width\":600,\"height\":600,\"caption\":\"coffret Pegasus Karim Benzema Assaf\"},{\"@type\":\"BreadcrumbList\",\"@id\":\"https:\\\/\\\/arabian-mood.com\\\/produit\\\/coffret-pegasus-karim-benzema-assaf\\\/#breadcrumb\",\"itemListElement\":[{\"@type\":\"ListItem\",\"position\":1,\"name\":\"Accueil\",\"item\":\"https:\\\/\\\/arabian-mood.com\\\/\"},{\"@type\":\"ListItem\",\"position\":2,\"name\":\"Boutique\",\"item\":\"https:\\\/\\\/arabian-mood.com\\\/boutique\\\/\"},{\"@type\":\"ListItem\",\"position\":3,\"name\":\"Coffret Pegasus Karim Benzema &#8211; Assaf\"}]},{\"@type\":\"WebSite\",\"@id\":\"https:\\\/\\\/arabian-mood.com\\\/#website\",\"url\":\"https:\\\/\\\/arabian-mood.com\\\/\",\"name\":\"Arabian Mood\",\"description\":\"\",\"publisher\":{\"@id\":\"https:\\\/\\\/arabian-mood.com\\\/#organization\"},\"potentialAction\":[{\"@type\":\"SearchAction\",\"target\":{\"@type\":\"EntryPoint\",\"urlTemplate\":\"https:\\\/\\\/arabian-mood.com\\\/?s={search_term_string}\"},\"query-input\":{\"@type\":\"PropertyValueSpecification\",\"valueRequired\":true,\"valueName\":\"search_term_string\"}}],\"inLanguage\":\"es\"},{\"@type\":\"Organization\",\"@id\":\"https:\\\/\\\/arabian-mood.com\\\/#organization\",\"name\":\"Arabian Mood\",\"url\":\"https:\\\/\\\/arabian-mood.com\\\/\",\"logo\":{\"@type\":\"ImageObject\",\"inLanguage\":\"es\",\"@id\":\"https:\\\/\\\/arabian-mood.com\\\/#\\\/schema\\\/logo\\\/image\\\/\",\"url\":\"https:\\\/\\\/arabian-mood.com\\\/wp-content\\\/uploads\\\/2024\\\/09\\\/Groupe-11304.svg\",\"contentUrl\":\"https:\\\/\\\/arabian-mood.com\\\/wp-content\\\/uploads\\\/2024\\\/09\\\/Groupe-11304.svg\",\"width\":214,\"height\":27,\"caption\":\"Arabian Mood\"},\"image\":{\"@id\":\"https:\\\/\\\/arabian-mood.com\\\/#\\\/schema\\\/logo\\\/image\\\/\"},\"sameAs\":[\"https:\\\/\\\/www.instagram.com\\\/arabianmoodofficiel\\\/\"]}]}<\/script>\n<!-- \/ Yoast SEO plugin. -->","yoast_head_json":{"title":"Coffret Pegasus Karim Benzema - Assaf","robots":{"index":"index","follow":"follow","max-snippet":"max-snippet:-1","max-image-preview":"max-image-preview:large","max-video-preview":"max-video-preview:-1"},"canonical":"https:\/\/arabian-mood.com\/es\/product\/coffret-pegasus-karim-benzema-assaf\/","og_locale":"es_ES","og_type":"article","og_title":"Coffret Pegasus Karim Benzema - Assaf","og_description":"Coffret parfum mixte compos\u00e9 de : \u2022 Pegasus Wild \u2013 100 mlParfum intense et \u00e9l\u00e9gant m\u00ealant fra\u00eecheur hesp\u00e9rid\u00e9e, c\u0153ur floral raffin\u00e9 et fond chaud bois\u00e9-vanill\u00e9 (bergamote, poivre rose, rose, jasmin, ambre, santal, patchouli, vanille). \u2022 Encens Pegasus \u2013 100 mlFragrance orientale profonde et luxueuse, aux \u00e9pices nobles et accords bois\u00e9s cuir\u00e9s (safran, cardamome, cannelle, rose, santal, ambre, musc, cuir). \u2022 Pegasus Purrino \u2013 100 mlComposition fra\u00eeche et moderne, aux notes fruit\u00e9es lumineuses reposant sur un fond bois\u00e9 \u00e9l\u00e9gant (mandarine, orange, baie de geni\u00e8vre, fraise, jasmin, pomelo, patchouli, santal).","og_url":"https:\/\/arabian-mood.com\/es\/product\/coffret-pegasus-karim-benzema-assaf\/","og_site_name":"Arabian Mood","article_modified_time":"2026-03-01T13:40:10+00:00","og_image":[{"width":600,"height":600,"url":"https:\/\/arabian-mood.com\/wp-content\/uploads\/2026\/03\/32d9e06a-0124-4c9e-b414-5e53644e4267-1000x1000-igr6PF1wDjM53qYHk4eRmeRqysSwcLz70x6hMNYK.jpg","type":"image\/jpeg"}],"twitter_card":"summary_large_image","twitter_misc":{"Tiempo de lectura":"1 minuto"},"schema":{"@context":"https:\/\/schema.org","@graph":[{"@type":"WebPage","@id":"https:\/\/arabian-mood.com\/produit\/coffret-pegasus-karim-benzema-assaf\/","url":"https:\/\/arabian-mood.com\/produit\/coffret-pegasus-karim-benzema-assaf\/","name":"Coffret Pegasus Karim Benzema - Assaf","isPartOf":{"@id":"https:\/\/arabian-mood.com\/#website"},"primaryImageOfPage":{"@id":"https:\/\/arabian-mood.com\/produit\/coffret-pegasus-karim-benzema-assaf\/#primaryimage"},"image":{"@id":"https:\/\/arabian-mood.com\/produit\/coffret-pegasus-karim-benzema-assaf\/#primaryimage"},"thumbnailUrl":"https:\/\/arabian-mood.com\/wp-content\/uploads\/2026\/03\/32d9e06a-0124-4c9e-b414-5e53644e4267-1000x1000-igr6PF1wDjM53qYHk4eRmeRqysSwcLz70x6hMNYK.jpg","datePublished":"2026-03-01T13:38:53+00:00","dateModified":"2026-03-01T13:40:10+00:00","breadcrumb":{"@id":"https:\/\/arabian-mood.com\/produit\/coffret-pegasus-karim-benzema-assaf\/#breadcrumb"},"inLanguage":"es","potentialAction":[{"@type":"ReadAction","target":["https:\/\/arabian-mood.com\/produit\/coffret-pegasus-karim-benzema-assaf\/"]}]},{"@type":"ImageObject","inLanguage":"es","@id":"https:\/\/arabian-mood.com\/produit\/coffret-pegasus-karim-benzema-assaf\/#primaryimage","url":"https:\/\/arabian-mood.com\/wp-content\/uploads\/2026\/03\/32d9e06a-0124-4c9e-b414-5e53644e4267-1000x1000-igr6PF1wDjM53qYHk4eRmeRqysSwcLz70x6hMNYK.jpg","contentUrl":"https:\/\/arabian-mood.com\/wp-content\/uploads\/2026\/03\/32d9e06a-0124-4c9e-b414-5e53644e4267-1000x1000-igr6PF1wDjM53qYHk4eRmeRqysSwcLz70x6hMNYK.jpg","width":600,"height":600,"caption":"coffret Pegasus Karim Benzema Assaf"},{"@type":"BreadcrumbList","@id":"https:\/\/arabian-mood.com\/produit\/coffret-pegasus-karim-benzema-assaf\/#breadcrumb","itemListElement":[{"@type":"ListItem","position":1,"name":"Accueil","item":"https:\/\/arabian-mood.com\/"},{"@type":"ListItem","position":2,"name":"Boutique","item":"https:\/\/arabian-mood.com\/boutique\/"},{"@type":"ListItem","position":3,"name":"Coffret Pegasus Karim Benzema &#8211; Assaf"}]},{"@type":"WebSite","@id":"https:\/\/arabian-mood.com\/#website","url":"https:\/\/arabian-mood.com\/","name":"Ambiente \u00e1rabe","description":"","publisher":{"@id":"https:\/\/arabian-mood.com\/#organization"},"potentialAction":[{"@type":"SearchAction","target":{"@type":"EntryPoint","urlTemplate":"https:\/\/arabian-mood.com\/?s={search_term_string}"},"query-input":{"@type":"PropertyValueSpecification","valueRequired":true,"valueName":"search_term_string"}}],"inLanguage":"es"},{"@type":"Organization","@id":"https:\/\/arabian-mood.com\/#organization","name":"Ambiente \u00e1rabe","url":"https:\/\/arabian-mood.com\/","logo":{"@type":"ImageObject","inLanguage":"es","@id":"https:\/\/arabian-mood.com\/#\/schema\/logo\/image\/","url":"https:\/\/arabian-mood.com\/wp-content\/uploads\/2024\/09\/Groupe-11304.svg","contentUrl":"https:\/\/arabian-mood.com\/wp-content\/uploads\/2024\/09\/Groupe-11304.svg","width":214,"height":27,"caption":"Arabian Mood"},"image":{"@id":"https:\/\/arabian-mood.com\/#\/schema\/logo\/image\/"},"sameAs":["https:\/\/www.instagram.com\/arabianmoodofficiel\/"]}]}},"_links":{"self":[{"href":"https:\/\/arabian-mood.com\/es\/wp-json\/wp\/v2\/product\/10628","targetHints":{"allow":["GET"]}}],"collection":[{"href":"https:\/\/arabian-mood.com\/es\/wp-json\/wp\/v2\/product"}],"about":[{"href":"https:\/\/arabian-mood.com\/es\/wp-json\/wp\/v2\/types\/product"}],"wp:featuredmedia":[{"embeddable":true,"href":"https:\/\/arabian-mood.com\/es\/wp-json\/wp\/v2\/media\/10629"}],"wp:attachment":[{"href":"https:\/\/arabian-mood.com\/es\/wp-json\/wp\/v2\/media?parent=10628"}],"wp:term":[{"taxonomy":"product_brand","embeddable":true,"href":"https:\/\/arabian-mood.com\/es\/wp-json\/wp\/v2\/product_brand?post=10628"},{"taxonomy":"product_cat","embeddable":true,"href":"https:\/\/arabian-mood.com\/es\/wp-json\/wp\/v2\/product_cat?post=10628"},{"taxonomy":"product_tag","embeddable":true,"href":"https:\/\/arabian-mood.com\/es\/wp-json\/wp\/v2\/product_tag?post=10628"}],"curies":[{"name":"wp","href":"https:\/\/api.w.org\/{rel}","templated":true}]}}