{"id":3915,"date":"2021-11-03T10:10:47","date_gmt":"2021-11-03T09:10:47","guid":{"rendered":"https:\/\/arabian-mood.com\/produit\/kalemat\/"},"modified":"2026-02-26T18:16:53","modified_gmt":"2026-02-26T17:16:53","slug":"kalemat-oud-arabe","status":"publish","type":"product","link":"https:\/\/arabian-mood.com\/es\/produit\/kalemat-arabian-oud\/","title":{"rendered":"Kalemat 100 ml \u2013 Arabian Oud"},"content":{"rendered":"<h2 style=\"text-align: center;\">Kalemat, la firma de Arabian Oud<\/h2>\n<p style=\"text-align: center;\">Dado que un perfume vale m\u00e1s que mil palabras, sucumbe al <strong>Kalemat Arabian Oud<\/strong>.<\/p>\n<p style=\"text-align: center;\">\u00c9lu \u00e0 plusieurs reprises <strong>Festival de los Premios FIFI de perfumer\u00eda<\/strong> como si\u201c<strong>el mejor perfume del mundo<\/strong>\u201cLa fragancia insignia de la marca dar\u00e1 que hablar.<\/p>\n<h3 style=\"text-align: center;\"><strong>Descripci\u00f3n\u00a0<\/strong><\/h3>\n<p style=\"text-align: center;\">El agua de perfume cobra vida en una sinfon\u00eda de notas c\u00e1lidas. Para empezar, el an\u00eds, la nuez moscada y la canela se hacen sentir en toda la nota de salida. La evoluci\u00f3n se presenta mucho m\u00e1s golosa con esta sutil mezcla de miel y romero. El aroma viene a cerrar este baile de notas apoy\u00e1ndose en materias primas excepcionales: el almizcle, el \u00e1mbar gris y la Oud.<\/p>\n<p style=\"text-align: center;\">La fragancia reside en un estuche elegante de estilo depurado. Con la voluntad de invitarnos a un mundo donde las palabras solo encuentran su sentido en un estilo olfativo, esta agua de perfume traduce a la perfecci\u00f3n el himno de Oriente Medio.<\/p>\n<h2 style=\"text-align: center;\"><b>\u00bfDe qu\u00e9 manera intensificar la estela de tu perfume Kalemat Arabian Oud?<\/b><\/h2>\n<p style=\"text-align: center;\">La t\u00e9cnica m\u00e1s conocida para intensificar tu fragancia es la t\u00e9cnica del <strong>superposici\u00f3n<\/strong>. El layering es un m\u00e9todo muy codiciado en el mundo de la <strong>perfumer\u00eda de nicho<\/strong>. Este m\u00e9todo procedente de Oriente Medio consiste en superponer varias fragancias para as\u00ed intensificar tu estela. En Arabian Mood, te recomendamos combinar tu Kalemat con una <strong>fragancia de vainilla<\/strong> como el muy c\u00e9lebre <strong><a href=\"https:\/\/arabian-mood.com\/es\/product\/parfum-rosewood-arabian-oud\/\">Palo de rosa<\/a><\/strong>.<\/p>\n<h2 style=\"text-align: center;\"><b>\u00bfA qui\u00e9n va dirigido el Eau de Parfum Kalemat de Arabian Oud?<\/b><\/h2>\n<p style=\"text-align: center;\">\u00a0Ya seas una mujer en busca de un viaje olfativo o un hombre de negocios moderno, este aroma satisfar\u00e1 tus expectativas. Dise\u00f1ado para ser usado tanto en el fr\u00edo invernal como bajo los c\u00e1lidos rayos del sol de verano, Kalemat By Arabian Oud no dejar\u00e1 de intrigarte.<\/p>\n<p>&nbsp;<\/p>\n<p>&nbsp;<\/p>","protected":false},"excerpt":{"rendered":"<p><strong>Nota de salida<\/strong> An\u00eds, Ar\u00e1ndano<br \/>\n<strong>Nota de coraz\u00f3n<\/strong> Bois de cachemira, Notas florales, Romero<br \/>\n<strong>Nota de antecedentes<\/strong> \u00c1mbar, Miel, Almizcle<\/p>\n<p><strong>G\u00e9nero:<\/strong> mixteco<\/p>","protected":false},"featured_media":7529,"template":"","meta":[],"product_brand":[],"product_cat":[519,152,433],"product_tag":[],"class_list":{"0":"post-3915","1":"product","2":"type-product","3":"status-publish","4":"has-post-thumbnail","6":"product_cat-arabian-oud","7":"product_cat-mixte","8":"product_cat-parfums-de-dubai","10":"first","11":"instock","12":"sale","13":"purchasable","14":"product-type-simple"},"yoast_head":"<!-- This site is optimized with the Yoast SEO plugin v27.4 - https:\/\/yoast.com\/product\/yoast-seo-wordpress\/ -->\n<title>Kalemat Arabian Oud | Eau de parfum 100 ml<\/title>\n<meta name=\"description\" content=\"Le parfum Kalemat By Arabian Oud a \u00e9t\u00e9 \u00e9lu \u00e0 plusieurs reprises \u00ab meilleurs parfums au monde \u00bb. La fragrance signature de la maison de parfum.\" \/>\n<meta name=\"robots\" content=\"index, follow, max-snippet:-1, max-image-preview:large, max-video-preview:-1\" \/>\n<link rel=\"canonical\" href=\"https:\/\/arabian-mood.com\/es\/product\/kalemat-oud-arabe\/\" \/>\n<meta property=\"og:locale\" content=\"es_ES\" \/>\n<meta property=\"og:type\" content=\"article\" \/>\n<meta property=\"og:title\" content=\"Kalemat Arabian Oud | Eau de parfum 100 ml\" \/>\n<meta property=\"og:description\" content=\"Le parfum Kalemat By Arabian Oud a \u00e9t\u00e9 \u00e9lu \u00e0 plusieurs reprises \u00ab meilleurs parfums au monde \u00bb. La fragrance signature de la maison de parfum.\" \/>\n<meta property=\"og:url\" content=\"https:\/\/arabian-mood.com\/es\/product\/kalemat-oud-arabe\/\" \/>\n<meta property=\"og:site_name\" content=\"Arabian Mood\" \/>\n<meta property=\"article:modified_time\" content=\"2026-02-26T17:16:53+00:00\" \/>\n<meta property=\"og:image\" content=\"https:\/\/arabian-mood.com\/wp-content\/uploads\/2021\/11\/KALEMAT-3.png\" \/>\n\t<meta property=\"og:image:width\" content=\"900\" \/>\n\t<meta property=\"og:image:height\" content=\"900\" \/>\n\t<meta property=\"og:image:type\" content=\"image\/png\" \/>\n<meta name=\"twitter:card\" content=\"summary_large_image\" \/>\n<meta name=\"twitter:label1\" content=\"Tiempo de lectura\" \/>\n\t<meta name=\"twitter:data1\" content=\"2 minutos\" \/>\n<script type=\"application\/ld+json\" class=\"yoast-schema-graph\">{\"@context\":\"https:\\\/\\\/schema.org\",\"@graph\":[{\"@type\":\"WebPage\",\"@id\":\"https:\\\/\\\/arabian-mood.com\\\/produit\\\/kalemat-arabian-oud\\\/\",\"url\":\"https:\\\/\\\/arabian-mood.com\\\/produit\\\/kalemat-arabian-oud\\\/\",\"name\":\"Kalemat Arabian Oud | Eau de parfum 100 ml\",\"isPartOf\":{\"@id\":\"https:\\\/\\\/arabian-mood.com\\\/#website\"},\"primaryImageOfPage\":{\"@id\":\"https:\\\/\\\/arabian-mood.com\\\/produit\\\/kalemat-arabian-oud\\\/#primaryimage\"},\"image\":{\"@id\":\"https:\\\/\\\/arabian-mood.com\\\/produit\\\/kalemat-arabian-oud\\\/#primaryimage\"},\"thumbnailUrl\":\"https:\\\/\\\/arabian-mood.com\\\/wp-content\\\/uploads\\\/2021\\\/11\\\/KALEMAT-3.png\",\"datePublished\":\"2021-11-03T09:10:47+00:00\",\"dateModified\":\"2026-02-26T17:16:53+00:00\",\"description\":\"Le parfum Kalemat By Arabian Oud a \u00e9t\u00e9 \u00e9lu \u00e0 plusieurs reprises \u00ab meilleurs parfums au monde \u00bb. La fragrance signature de la maison de parfum.\",\"breadcrumb\":{\"@id\":\"https:\\\/\\\/arabian-mood.com\\\/produit\\\/kalemat-arabian-oud\\\/#breadcrumb\"},\"inLanguage\":\"es\",\"potentialAction\":[{\"@type\":\"ReadAction\",\"target\":[\"https:\\\/\\\/arabian-mood.com\\\/produit\\\/kalemat-arabian-oud\\\/\"]}]},{\"@type\":\"ImageObject\",\"inLanguage\":\"es\",\"@id\":\"https:\\\/\\\/arabian-mood.com\\\/produit\\\/kalemat-arabian-oud\\\/#primaryimage\",\"url\":\"https:\\\/\\\/arabian-mood.com\\\/wp-content\\\/uploads\\\/2021\\\/11\\\/KALEMAT-3.png\",\"contentUrl\":\"https:\\\/\\\/arabian-mood.com\\\/wp-content\\\/uploads\\\/2021\\\/11\\\/KALEMAT-3.png\",\"width\":900,\"height\":900,\"caption\":\"PARFUM KALEMAT\"},{\"@type\":\"BreadcrumbList\",\"@id\":\"https:\\\/\\\/arabian-mood.com\\\/produit\\\/kalemat-arabian-oud\\\/#breadcrumb\",\"itemListElement\":[{\"@type\":\"ListItem\",\"position\":1,\"name\":\"Accueil\",\"item\":\"https:\\\/\\\/arabian-mood.com\\\/\"},{\"@type\":\"ListItem\",\"position\":2,\"name\":\"Boutique\",\"item\":\"https:\\\/\\\/arabian-mood.com\\\/boutique\\\/\"},{\"@type\":\"ListItem\",\"position\":3,\"name\":\"Kalemat 100 ml &#8211; Arabian Oud\"}]},{\"@type\":\"WebSite\",\"@id\":\"https:\\\/\\\/arabian-mood.com\\\/#website\",\"url\":\"https:\\\/\\\/arabian-mood.com\\\/\",\"name\":\"Arabian Mood\",\"description\":\"\",\"publisher\":{\"@id\":\"https:\\\/\\\/arabian-mood.com\\\/#organization\"},\"potentialAction\":[{\"@type\":\"SearchAction\",\"target\":{\"@type\":\"EntryPoint\",\"urlTemplate\":\"https:\\\/\\\/arabian-mood.com\\\/?s={search_term_string}\"},\"query-input\":{\"@type\":\"PropertyValueSpecification\",\"valueRequired\":true,\"valueName\":\"search_term_string\"}}],\"inLanguage\":\"es\"},{\"@type\":\"Organization\",\"@id\":\"https:\\\/\\\/arabian-mood.com\\\/#organization\",\"name\":\"Arabian Mood\",\"url\":\"https:\\\/\\\/arabian-mood.com\\\/\",\"logo\":{\"@type\":\"ImageObject\",\"inLanguage\":\"es\",\"@id\":\"https:\\\/\\\/arabian-mood.com\\\/#\\\/schema\\\/logo\\\/image\\\/\",\"url\":\"https:\\\/\\\/arabian-mood.com\\\/wp-content\\\/uploads\\\/2024\\\/09\\\/Groupe-11304.svg\",\"contentUrl\":\"https:\\\/\\\/arabian-mood.com\\\/wp-content\\\/uploads\\\/2024\\\/09\\\/Groupe-11304.svg\",\"width\":214,\"height\":27,\"caption\":\"Arabian Mood\"},\"image\":{\"@id\":\"https:\\\/\\\/arabian-mood.com\\\/#\\\/schema\\\/logo\\\/image\\\/\"},\"sameAs\":[\"https:\\\/\\\/www.instagram.com\\\/arabianmoodofficiel\\\/\"]}]}<\/script>\n<!-- \/ Yoast SEO plugin. -->","yoast_head_json":{"title":"Kalemat Arabian Oud | Eau de parfum 100 ml","description":"El perfume Kalemat de Arabian Oud ha sido elegido repetidamente como \u00abel mejor perfume del mundo\u00bb. La fragancia insignia de la casa de perfumes.","robots":{"index":"index","follow":"follow","max-snippet":"max-snippet:-1","max-image-preview":"max-image-preview:large","max-video-preview":"max-video-preview:-1"},"canonical":"https:\/\/arabian-mood.com\/es\/product\/kalemat-oud-arabe\/","og_locale":"es_ES","og_type":"article","og_title":"Kalemat Arabian Oud | Eau de parfum 100 ml","og_description":"Le parfum Kalemat By Arabian Oud a \u00e9t\u00e9 \u00e9lu \u00e0 plusieurs reprises \u00ab meilleurs parfums au monde \u00bb. La fragrance signature de la maison de parfum.","og_url":"https:\/\/arabian-mood.com\/es\/product\/kalemat-oud-arabe\/","og_site_name":"Arabian Mood","article_modified_time":"2026-02-26T17:16:53+00:00","og_image":[{"width":900,"height":900,"url":"https:\/\/arabian-mood.com\/wp-content\/uploads\/2021\/11\/KALEMAT-3.png","type":"image\/png"}],"twitter_card":"summary_large_image","twitter_misc":{"Tiempo de lectura":"2 minutos"},"schema":{"@context":"https:\/\/schema.org","@graph":[{"@type":"WebPage","@id":"https:\/\/arabian-mood.com\/produit\/kalemat-arabian-oud\/","url":"https:\/\/arabian-mood.com\/produit\/kalemat-arabian-oud\/","name":"Kalemat Arabian Oud | Eau de parfum 100 ml","isPartOf":{"@id":"https:\/\/arabian-mood.com\/#website"},"primaryImageOfPage":{"@id":"https:\/\/arabian-mood.com\/produit\/kalemat-arabian-oud\/#primaryimage"},"image":{"@id":"https:\/\/arabian-mood.com\/produit\/kalemat-arabian-oud\/#primaryimage"},"thumbnailUrl":"https:\/\/arabian-mood.com\/wp-content\/uploads\/2021\/11\/KALEMAT-3.png","datePublished":"2021-11-03T09:10:47+00:00","dateModified":"2026-02-26T17:16:53+00:00","description":"El perfume Kalemat de Arabian Oud ha sido elegido repetidamente como \u00abel mejor perfume del mundo\u00bb. La fragancia insignia de la casa de perfumes.","breadcrumb":{"@id":"https:\/\/arabian-mood.com\/produit\/kalemat-arabian-oud\/#breadcrumb"},"inLanguage":"es","potentialAction":[{"@type":"ReadAction","target":["https:\/\/arabian-mood.com\/produit\/kalemat-arabian-oud\/"]}]},{"@type":"ImageObject","inLanguage":"es","@id":"https:\/\/arabian-mood.com\/produit\/kalemat-arabian-oud\/#primaryimage","url":"https:\/\/arabian-mood.com\/wp-content\/uploads\/2021\/11\/KALEMAT-3.png","contentUrl":"https:\/\/arabian-mood.com\/wp-content\/uploads\/2021\/11\/KALEMAT-3.png","width":900,"height":900,"caption":"PARFUM KALEMAT"},{"@type":"BreadcrumbList","@id":"https:\/\/arabian-mood.com\/produit\/kalemat-arabian-oud\/#breadcrumb","itemListElement":[{"@type":"ListItem","position":1,"name":"Accueil","item":"https:\/\/arabian-mood.com\/"},{"@type":"ListItem","position":2,"name":"Boutique","item":"https:\/\/arabian-mood.com\/boutique\/"},{"@type":"ListItem","position":3,"name":"Kalemat 100 ml &#8211; Arabian Oud"}]},{"@type":"WebSite","@id":"https:\/\/arabian-mood.com\/#website","url":"https:\/\/arabian-mood.com\/","name":"Ambiente \u00e1rabe","description":"","publisher":{"@id":"https:\/\/arabian-mood.com\/#organization"},"potentialAction":[{"@type":"SearchAction","target":{"@type":"EntryPoint","urlTemplate":"https:\/\/arabian-mood.com\/?s={search_term_string}"},"query-input":{"@type":"PropertyValueSpecification","valueRequired":true,"valueName":"search_term_string"}}],"inLanguage":"es"},{"@type":"Organization","@id":"https:\/\/arabian-mood.com\/#organization","name":"Ambiente \u00e1rabe","url":"https:\/\/arabian-mood.com\/","logo":{"@type":"ImageObject","inLanguage":"es","@id":"https:\/\/arabian-mood.com\/#\/schema\/logo\/image\/","url":"https:\/\/arabian-mood.com\/wp-content\/uploads\/2024\/09\/Groupe-11304.svg","contentUrl":"https:\/\/arabian-mood.com\/wp-content\/uploads\/2024\/09\/Groupe-11304.svg","width":214,"height":27,"caption":"Arabian Mood"},"image":{"@id":"https:\/\/arabian-mood.com\/#\/schema\/logo\/image\/"},"sameAs":["https:\/\/www.instagram.com\/arabianmoodofficiel\/"]}]}},"_links":{"self":[{"href":"https:\/\/arabian-mood.com\/es\/wp-json\/wp\/v2\/product\/3915","targetHints":{"allow":["GET"]}}],"collection":[{"href":"https:\/\/arabian-mood.com\/es\/wp-json\/wp\/v2\/product"}],"about":[{"href":"https:\/\/arabian-mood.com\/es\/wp-json\/wp\/v2\/types\/product"}],"wp:featuredmedia":[{"embeddable":true,"href":"https:\/\/arabian-mood.com\/es\/wp-json\/wp\/v2\/media\/7529"}],"wp:attachment":[{"href":"https:\/\/arabian-mood.com\/es\/wp-json\/wp\/v2\/media?parent=3915"}],"wp:term":[{"taxonomy":"product_brand","embeddable":true,"href":"https:\/\/arabian-mood.com\/es\/wp-json\/wp\/v2\/product_brand?post=3915"},{"taxonomy":"product_cat","embeddable":true,"href":"https:\/\/arabian-mood.com\/es\/wp-json\/wp\/v2\/product_cat?post=3915"},{"taxonomy":"product_tag","embeddable":true,"href":"https:\/\/arabian-mood.com\/es\/wp-json\/wp\/v2\/product_tag?post=3915"}],"curies":[{"name":"wp","href":"https:\/\/api.w.org\/{rel}","templated":true}]}}