{"id":7821,"date":"2024-03-29T12:45:43","date_gmt":"2024-03-29T11:45:43","guid":{"rendered":"https:\/\/arabian-mood.com\/produit\/fakhar-women\/"},"modified":"2025-01-22T11:54:55","modified_gmt":"2025-01-22T10:54:55","slug":"fakhar-rose-lattafa-parfum-women","status":"publish","type":"product","link":"https:\/\/arabian-mood.com\/es\/produit\/fakhar-rose-lattafa-parfum-women\/","title":{"rendered":"FAKHAR LATTAFA ROSE GOLD WOMEN \u2013 LATTAFA"},"content":{"rendered":"<p>Fakhar Lattafa rose gold, la r\u00e9f\u00e9rence des parfums f\u00e9minins.<br \/>\nFakhar Lattafa Gold for Women est un parfum qui est \u00e0 la fois \u00e9l\u00e9gant, envo\u00fbtant et qui explore parfaitement la facette sombre de la rose. Associ\u00e9e avec ing\u00e9niosit\u00e9 \u00e0 la vanille et \u00e9voluant dans un registre plut\u00f4t gourmand, cette fragrance ne vous quittera plus.<\/p>\n<p>Fakhar Lattafa, une symphonie de note envoutante.<\/p>\n<p>L\u2019eau de parfum Fakhar Lattafa Rose Gold, s\u2019\u00e9lance sur des notes de t\u00eate p\u00e9tillantes et fruit\u00e9s de poire et de p\u00eache. Son c\u0153ur, quant \u00e0 lui, mise davantage sur le romantisme et la f\u00e9minit\u00e9 absolue. La combinaison de la sublime rose avec la fleur d\u2019oranger s\u2019oriente peu \u00e0 peu vers un fond beaucoup plus chaleureux. Les notes de fond de cette effluve f\u00e9erique regorge de bois de santal et de vanille gourmande.<\/p>\n<p>Son \u00e9crin sobre et raffin\u00e9 \u00e0 la forme tr\u00e8s \u00ab Girly \u00bb est en parfait accord avec l\u2019essence m\u00eame de la fragrance. L\u2019eau de parfum Fakhar Lattafa Rose Gold sera votre associ\u00e9 durant toutes les saisons de l\u2019ann\u00e9e. Parez-vous de son sillage sensuel et laissez vous emporter par cette composition magnifique.<\/p>\n<p>Comment accorder votre eau de parfum ?<\/p>\n<p>N\u2019h\u00e9sitez pas \u00e0 utiliser la technique du layering pour accorder votre Fakhar Lattafa de la plus belle des mani\u00e8res. Le layering est une m\u00e9thode tr\u00e8s utilis\u00e9e dans la p\u00e9ninsule arabique. Cette technique consiste \u00e0 combiner plusieurs fragrances ou \u00e0 utiliser une huile de parfum avant d\u2019appliquer votre effluve. Chez Arabian Mood, nous conseillons cette fa\u00e7on de se parfumer aux grands amoureux de la parfumerie. Le layering sublime votre fragrance et rend cette derni\u00e8re encore plus personnel. Combin\u00e9 \u00e0 la tr\u00e8s agr\u00e9able eau de parfum Nashwa de la maison de parfum WASAM, votre Fakhar for Women ne sera que plus captivant. Pour une tenue plus longue, nous vous invitons \u00e0 diffuser votre fragrance sur les zones chaudes de votre corps.<\/p>","protected":false},"excerpt":{"rendered":"<p>Notes de t\u00eate: Rose, Jasmin, P\u00eache, Poire, Pomme<\/p>\n<p>Notes de c\u0153ur: Ylang-Ylang, Patchouli, Agrume, Fleur d\u2019Oranger<\/p>\n<p>Notes de fond: V\u00e9tiver, Bois\u00e9, Vanille, Floral<\/p>","protected":false},"featured_media":7685,"template":"","meta":[],"product_brand":[],"product_cat":[518,433],"product_tag":[],"class_list":{"0":"post-7821","1":"product","2":"type-product","3":"status-publish","4":"has-post-thumbnail","6":"product_cat-lattafa","7":"product_cat-parfums-de-dubai","9":"first","10":"outofstock","11":"sale","12":"purchasable","13":"product-type-simple"},"yoast_head":"<!-- This site is optimized with the Yoast SEO plugin v27.6 - https:\/\/yoast.com\/product\/yoast-seo-wordpress\/ -->\n<title>FAKHAR LATTAFA ROSE GOLD WOMEN - LATTAFA - Arabian Mood<\/title>\n<meta name=\"robots\" content=\"index, follow, max-snippet:-1, max-image-preview:large, max-video-preview:-1\" \/>\n<link rel=\"canonical\" href=\"https:\/\/arabian-mood.com\/es\/product\/fakhar-rose-lattafa-parfum-women\/\" \/>\n<meta property=\"og:locale\" content=\"es_ES\" \/>\n<meta property=\"og:type\" content=\"article\" \/>\n<meta property=\"og:title\" content=\"FAKHAR LATTAFA ROSE GOLD WOMEN - LATTAFA - Arabian Mood\" \/>\n<meta property=\"og:description\" content=\"Notes de t\u00eate: Rose, Jasmin, P\u00eache, Poire, Pomme  Notes de c\u0153ur: Ylang-Ylang, Patchouli, Agrume, Fleur d\u2019Oranger  Notes de fond: V\u00e9tiver, Bois\u00e9, Vanille, Floral\" \/>\n<meta property=\"og:url\" content=\"https:\/\/arabian-mood.com\/es\/product\/fakhar-rose-lattafa-parfum-women\/\" \/>\n<meta property=\"og:site_name\" content=\"Arabian Mood\" \/>\n<meta property=\"article:modified_time\" content=\"2025-01-22T10:54:55+00:00\" \/>\n<meta property=\"og:image\" content=\"https:\/\/arabian-mood.com\/wp-content\/uploads\/2024\/03\/fakhar-rose-gold.png\" \/>\n\t<meta property=\"og:image:width\" content=\"900\" \/>\n\t<meta property=\"og:image:height\" content=\"900\" \/>\n\t<meta property=\"og:image:type\" content=\"image\/png\" \/>\n<meta name=\"twitter:card\" content=\"summary_large_image\" \/>\n<meta name=\"twitter:label1\" content=\"Tiempo de lectura\" \/>\n\t<meta name=\"twitter:data1\" content=\"2 minutos\" \/>\n<script type=\"application\/ld+json\" class=\"yoast-schema-graph\">{\"@context\":\"https:\\\/\\\/schema.org\",\"@graph\":[{\"@type\":\"WebPage\",\"@id\":\"https:\\\/\\\/arabian-mood.com\\\/produit\\\/fakhar-rose-lattafa-parfum-women\\\/\",\"url\":\"https:\\\/\\\/arabian-mood.com\\\/produit\\\/fakhar-rose-lattafa-parfum-women\\\/\",\"name\":\"FAKHAR LATTAFA ROSE GOLD WOMEN - LATTAFA - Arabian Mood\",\"isPartOf\":{\"@id\":\"https:\\\/\\\/arabian-mood.com\\\/#website\"},\"primaryImageOfPage\":{\"@id\":\"https:\\\/\\\/arabian-mood.com\\\/produit\\\/fakhar-rose-lattafa-parfum-women\\\/#primaryimage\"},\"image\":{\"@id\":\"https:\\\/\\\/arabian-mood.com\\\/produit\\\/fakhar-rose-lattafa-parfum-women\\\/#primaryimage\"},\"thumbnailUrl\":\"https:\\\/\\\/arabian-mood.com\\\/wp-content\\\/uploads\\\/2024\\\/03\\\/fakhar-rose-gold.png\",\"datePublished\":\"2024-03-29T11:45:43+00:00\",\"dateModified\":\"2025-01-22T10:54:55+00:00\",\"breadcrumb\":{\"@id\":\"https:\\\/\\\/arabian-mood.com\\\/produit\\\/fakhar-rose-lattafa-parfum-women\\\/#breadcrumb\"},\"inLanguage\":\"es\",\"potentialAction\":[{\"@type\":\"ReadAction\",\"target\":[\"https:\\\/\\\/arabian-mood.com\\\/produit\\\/fakhar-rose-lattafa-parfum-women\\\/\"]}]},{\"@type\":\"ImageObject\",\"inLanguage\":\"es\",\"@id\":\"https:\\\/\\\/arabian-mood.com\\\/produit\\\/fakhar-rose-lattafa-parfum-women\\\/#primaryimage\",\"url\":\"https:\\\/\\\/arabian-mood.com\\\/wp-content\\\/uploads\\\/2024\\\/03\\\/fakhar-rose-gold.png\",\"contentUrl\":\"https:\\\/\\\/arabian-mood.com\\\/wp-content\\\/uploads\\\/2024\\\/03\\\/fakhar-rose-gold.png\",\"width\":900,\"height\":900},{\"@type\":\"BreadcrumbList\",\"@id\":\"https:\\\/\\\/arabian-mood.com\\\/produit\\\/fakhar-rose-lattafa-parfum-women\\\/#breadcrumb\",\"itemListElement\":[{\"@type\":\"ListItem\",\"position\":1,\"name\":\"Accueil\",\"item\":\"https:\\\/\\\/arabian-mood.com\\\/\"},{\"@type\":\"ListItem\",\"position\":2,\"name\":\"Boutique\",\"item\":\"https:\\\/\\\/arabian-mood.com\\\/boutique\\\/\"},{\"@type\":\"ListItem\",\"position\":3,\"name\":\"FAKHAR LATTAFA ROSE GOLD WOMEN &#8211; LATTAFA\"}]},{\"@type\":\"WebSite\",\"@id\":\"https:\\\/\\\/arabian-mood.com\\\/#website\",\"url\":\"https:\\\/\\\/arabian-mood.com\\\/\",\"name\":\"Arabian Mood\",\"description\":\"\",\"publisher\":{\"@id\":\"https:\\\/\\\/arabian-mood.com\\\/#organization\"},\"potentialAction\":[{\"@type\":\"SearchAction\",\"target\":{\"@type\":\"EntryPoint\",\"urlTemplate\":\"https:\\\/\\\/arabian-mood.com\\\/?s={search_term_string}\"},\"query-input\":{\"@type\":\"PropertyValueSpecification\",\"valueRequired\":true,\"valueName\":\"search_term_string\"}}],\"inLanguage\":\"es\"},{\"@type\":\"Organization\",\"@id\":\"https:\\\/\\\/arabian-mood.com\\\/#organization\",\"name\":\"Arabian Mood\",\"url\":\"https:\\\/\\\/arabian-mood.com\\\/\",\"logo\":{\"@type\":\"ImageObject\",\"inLanguage\":\"es\",\"@id\":\"https:\\\/\\\/arabian-mood.com\\\/#\\\/schema\\\/logo\\\/image\\\/\",\"url\":\"https:\\\/\\\/arabian-mood.com\\\/wp-content\\\/uploads\\\/2024\\\/09\\\/Groupe-11304.svg\",\"contentUrl\":\"https:\\\/\\\/arabian-mood.com\\\/wp-content\\\/uploads\\\/2024\\\/09\\\/Groupe-11304.svg\",\"width\":214,\"height\":27,\"caption\":\"Arabian Mood\"},\"image\":{\"@id\":\"https:\\\/\\\/arabian-mood.com\\\/#\\\/schema\\\/logo\\\/image\\\/\"},\"sameAs\":[\"https:\\\/\\\/www.instagram.com\\\/arabianmoodofficiel\\\/\"]}]}<\/script>\n<!-- \/ Yoast SEO plugin. -->","yoast_head_json":{"title":"FAKHAR LATTAFA ROSE GOLD WOMEN - LATTAFA - Arabian Mood","robots":{"index":"index","follow":"follow","max-snippet":"max-snippet:-1","max-image-preview":"max-image-preview:large","max-video-preview":"max-video-preview:-1"},"canonical":"https:\/\/arabian-mood.com\/es\/product\/fakhar-rose-lattafa-parfum-women\/","og_locale":"es_ES","og_type":"article","og_title":"FAKHAR LATTAFA ROSE GOLD WOMEN - LATTAFA - Arabian Mood","og_description":"Notes de t\u00eate: Rose, Jasmin, P\u00eache, Poire, Pomme  Notes de c\u0153ur: Ylang-Ylang, Patchouli, Agrume, Fleur d\u2019Oranger  Notes de fond: V\u00e9tiver, Bois\u00e9, Vanille, Floral","og_url":"https:\/\/arabian-mood.com\/es\/product\/fakhar-rose-lattafa-parfum-women\/","og_site_name":"Arabian Mood","article_modified_time":"2025-01-22T10:54:55+00:00","og_image":[{"width":900,"height":900,"url":"https:\/\/arabian-mood.com\/wp-content\/uploads\/2024\/03\/fakhar-rose-gold.png","type":"image\/png"}],"twitter_card":"summary_large_image","twitter_misc":{"Tiempo de lectura":"2 minutos"},"schema":{"@context":"https:\/\/schema.org","@graph":[{"@type":"WebPage","@id":"https:\/\/arabian-mood.com\/produit\/fakhar-rose-lattafa-parfum-women\/","url":"https:\/\/arabian-mood.com\/produit\/fakhar-rose-lattafa-parfum-women\/","name":"FAKHAR LATTAFA ROSE GOLD WOMEN - LATTAFA - Arabian Mood","isPartOf":{"@id":"https:\/\/arabian-mood.com\/#website"},"primaryImageOfPage":{"@id":"https:\/\/arabian-mood.com\/produit\/fakhar-rose-lattafa-parfum-women\/#primaryimage"},"image":{"@id":"https:\/\/arabian-mood.com\/produit\/fakhar-rose-lattafa-parfum-women\/#primaryimage"},"thumbnailUrl":"https:\/\/arabian-mood.com\/wp-content\/uploads\/2024\/03\/fakhar-rose-gold.png","datePublished":"2024-03-29T11:45:43+00:00","dateModified":"2025-01-22T10:54:55+00:00","breadcrumb":{"@id":"https:\/\/arabian-mood.com\/produit\/fakhar-rose-lattafa-parfum-women\/#breadcrumb"},"inLanguage":"es","potentialAction":[{"@type":"ReadAction","target":["https:\/\/arabian-mood.com\/produit\/fakhar-rose-lattafa-parfum-women\/"]}]},{"@type":"ImageObject","inLanguage":"es","@id":"https:\/\/arabian-mood.com\/produit\/fakhar-rose-lattafa-parfum-women\/#primaryimage","url":"https:\/\/arabian-mood.com\/wp-content\/uploads\/2024\/03\/fakhar-rose-gold.png","contentUrl":"https:\/\/arabian-mood.com\/wp-content\/uploads\/2024\/03\/fakhar-rose-gold.png","width":900,"height":900},{"@type":"BreadcrumbList","@id":"https:\/\/arabian-mood.com\/produit\/fakhar-rose-lattafa-parfum-women\/#breadcrumb","itemListElement":[{"@type":"ListItem","position":1,"name":"Accueil","item":"https:\/\/arabian-mood.com\/"},{"@type":"ListItem","position":2,"name":"Boutique","item":"https:\/\/arabian-mood.com\/boutique\/"},{"@type":"ListItem","position":3,"name":"FAKHAR LATTAFA ROSE GOLD WOMEN &#8211; LATTAFA"}]},{"@type":"WebSite","@id":"https:\/\/arabian-mood.com\/#website","url":"https:\/\/arabian-mood.com\/","name":"Ambiente \u00e1rabe","description":"","publisher":{"@id":"https:\/\/arabian-mood.com\/#organization"},"potentialAction":[{"@type":"SearchAction","target":{"@type":"EntryPoint","urlTemplate":"https:\/\/arabian-mood.com\/?s={search_term_string}"},"query-input":{"@type":"PropertyValueSpecification","valueRequired":true,"valueName":"search_term_string"}}],"inLanguage":"es"},{"@type":"Organization","@id":"https:\/\/arabian-mood.com\/#organization","name":"Ambiente \u00e1rabe","url":"https:\/\/arabian-mood.com\/","logo":{"@type":"ImageObject","inLanguage":"es","@id":"https:\/\/arabian-mood.com\/#\/schema\/logo\/image\/","url":"https:\/\/arabian-mood.com\/wp-content\/uploads\/2024\/09\/Groupe-11304.svg","contentUrl":"https:\/\/arabian-mood.com\/wp-content\/uploads\/2024\/09\/Groupe-11304.svg","width":214,"height":27,"caption":"Arabian Mood"},"image":{"@id":"https:\/\/arabian-mood.com\/#\/schema\/logo\/image\/"},"sameAs":["https:\/\/www.instagram.com\/arabianmoodofficiel\/"]}]}},"_links":{"self":[{"href":"https:\/\/arabian-mood.com\/es\/wp-json\/wp\/v2\/product\/7821","targetHints":{"allow":["GET"]}}],"collection":[{"href":"https:\/\/arabian-mood.com\/es\/wp-json\/wp\/v2\/product"}],"about":[{"href":"https:\/\/arabian-mood.com\/es\/wp-json\/wp\/v2\/types\/product"}],"wp:featuredmedia":[{"embeddable":true,"href":"https:\/\/arabian-mood.com\/es\/wp-json\/wp\/v2\/media\/7685"}],"wp:attachment":[{"href":"https:\/\/arabian-mood.com\/es\/wp-json\/wp\/v2\/media?parent=7821"}],"wp:term":[{"taxonomy":"product_brand","embeddable":true,"href":"https:\/\/arabian-mood.com\/es\/wp-json\/wp\/v2\/product_brand?post=7821"},{"taxonomy":"product_cat","embeddable":true,"href":"https:\/\/arabian-mood.com\/es\/wp-json\/wp\/v2\/product_cat?post=7821"},{"taxonomy":"product_tag","embeddable":true,"href":"https:\/\/arabian-mood.com\/es\/wp-json\/wp\/v2\/product_tag?post=7821"}],"curies":[{"name":"wp","href":"https:\/\/api.w.org\/{rel}","templated":true}]}}