{"id":7826,"date":"2024-03-29T12:45:43","date_gmt":"2024-03-29T11:45:43","guid":{"rendered":"https:\/\/arabian-mood.com\/produit\/ajwad\/"},"modified":"2026-01-20T13:16:47","modified_gmt":"2026-01-20T12:16:47","slug":"ajwad","status":"publish","type":"product","link":"https:\/\/arabian-mood.com\/es\/produit\/ajwad\/","title":{"rendered":"AJWAD \u2013 LATTAFA"},"content":{"rendered":"<p>AJWAD BY LATTAFA<br \/>\nTu perfume AJWAD By Lattafa te quedar\u00e1 muy bien durante el fr\u00edo invernal y durante los hermosos d\u00edas de verano. Ad\u00f3rnate con su intensa estela para no dejar indiferente a tu entorno. De sobria elegancia y en su forma m\u00e1s seductora, el perfume AJWAD by Lattafa ser\u00e1 tu aliado para cada evento.<\/p>\n<p>Descripci\u00f3n olfativa<\/p>\n<p>Estas notas adictivas y golosas de mandarina, rosa y vainilla te transportar\u00e1n a las doradas playas de arena fina de la isla de Madagascar.<br \/>\nLa salida, muy fresca y afrutada de la fragancia recuerda los momentos de descanso de la brisa matutina. Estas notas de s\u00e1ndalo que se mezclan con el \u00e1mbar evocan de inmediato los c\u00e1lidos rayos del sol al cenit.<\/p>\n<p>Cierra los ojos y d\u00e9jate llevar en un verdadero viaje hacia lo desconocido. La fragancia est\u00e1 albergada en una refinada caja con motivos de mosaico y un tap\u00f3n con efecto de madera. Vestido de color dorado, el aroma te adentra en el mundo del lujo. D\u00e9jate cautivar por el perfume AJWAD de la casa Lattafa.<\/p>\n<p>Comment utiliser votre parfum Ajwad By Lattafa ?<\/p>\n<p> Puedes acompa\u00f1ar tu Ajwad By Lattafa con un aceite de perfume dulce o con la magn\u00edfica fragancia almizcle vainilla de la perfumer\u00eda Maison Alhambra; adem\u00e1s, su estela ser\u00e1 a\u00fan m\u00e1s intensa y embriagadora. La mezcla de dos fragancias crea una combinaci\u00f3n \u00fanica, lo que har\u00e1 que tu perfume Ajwad By Lattafa sea a\u00fan m\u00e1s personal.<\/p>\n<p>La historia de la casa del perfumista <\/p>\n<p>Fundada en los a\u00f1os 80, con una visi\u00f3n inicial de satisfacer a la clientela de los pa\u00edses del Golfo. D\u00e9cadas despu\u00e9s, Lattafa ha impuesto su visi\u00f3n a la perfumer\u00eda moderna. Desde el empaque hasta la fragancia, las creaciones no dejan lugar a la casualidad. Con varios \u00e9xitos en su haber, su inspiraci\u00f3n no deja de encantarnos. El objetivo de la casa es simple: hacerle viajar al c\u00edrculo cerrado de la perfumer\u00eda de lujo a menor precio. Entre cultura y modernidad, los best-sellers de la marca reflejan el saber hacer de los creadores de perfumes en Dub\u00e1i. Dise\u00f1os \u00fanicos a base de materias primas nobles, la Oud, el Almizcle, la vainilla y muchas otras.<\/p>","protected":false},"excerpt":{"rendered":"<p>Notas de salida: Bergamota, Lichi, Notas Frutales<\/p>\n<p>Notas de coraz\u00f3n: Jazm\u00edn, Rosas, Canela<\/p>\n<p>Notas de fondo: Cedro, S\u00e1ndalo, \u00c1mbar, Almizcle, Vainilla<\/p>","protected":false},"featured_media":3832,"template":"","meta":[],"product_brand":[],"product_cat":[591],"product_tag":[],"class_list":{"0":"post-7826","1":"product","2":"type-product","3":"status-publish","4":"has-post-thumbnail","6":"product_cat-rupture-de-stock","8":"first","9":"outofstock","10":"sale","11":"purchasable","12":"product-type-simple"},"yoast_head":"<!-- This site is optimized with the Yoast SEO plugin v27.5 - https:\/\/yoast.com\/product\/yoast-seo-wordpress\/ -->\n<title>AJWAD - LATTAFA - Arabian Mood<\/title>\n<meta name=\"robots\" content=\"index, follow, max-snippet:-1, max-image-preview:large, max-video-preview:-1\" \/>\n<link rel=\"canonical\" href=\"https:\/\/arabian-mood.com\/es\/product\/ajwad\/\" \/>\n<meta property=\"og:locale\" content=\"es_ES\" \/>\n<meta property=\"og:type\" content=\"article\" \/>\n<meta property=\"og:title\" content=\"AJWAD - LATTAFA - Arabian Mood\" \/>\n<meta property=\"og:description\" content=\"Notes de t\u00eate : Bergamote, Litchi, Notes Fruit\u00e9es Notes de c\u0153ur : Jasmin, Roses, Cannelle Notes de fond : C\u00e8dre, Santal, Ambre, Musc, Vanille\" \/>\n<meta property=\"og:url\" content=\"https:\/\/arabian-mood.com\/es\/product\/ajwad\/\" \/>\n<meta property=\"og:site_name\" content=\"Arabian Mood\" \/>\n<meta property=\"article:modified_time\" content=\"2026-01-20T12:16:47+00:00\" \/>\n<meta property=\"og:image\" content=\"https:\/\/arabian-mood.com\/wp-content\/uploads\/2021\/11\/AJWAD.png\" \/>\n\t<meta property=\"og:image:width\" content=\"570\" \/>\n\t<meta property=\"og:image:height\" content=\"730\" \/>\n\t<meta property=\"og:image:type\" content=\"image\/png\" \/>\n<meta name=\"twitter:card\" content=\"summary_large_image\" \/>\n<meta name=\"twitter:label1\" content=\"Tiempo de lectura\" \/>\n\t<meta name=\"twitter:data1\" content=\"2 minutos\" \/>\n<script type=\"application\/ld+json\" class=\"yoast-schema-graph\">{\"@context\":\"https:\\\/\\\/schema.org\",\"@graph\":[{\"@type\":\"WebPage\",\"@id\":\"https:\\\/\\\/arabian-mood.com\\\/produit\\\/ajwad\\\/\",\"url\":\"https:\\\/\\\/arabian-mood.com\\\/produit\\\/ajwad\\\/\",\"name\":\"AJWAD - LATTAFA - Arabian Mood\",\"isPartOf\":{\"@id\":\"https:\\\/\\\/arabian-mood.com\\\/#website\"},\"primaryImageOfPage\":{\"@id\":\"https:\\\/\\\/arabian-mood.com\\\/produit\\\/ajwad\\\/#primaryimage\"},\"image\":{\"@id\":\"https:\\\/\\\/arabian-mood.com\\\/produit\\\/ajwad\\\/#primaryimage\"},\"thumbnailUrl\":\"https:\\\/\\\/arabian-mood.com\\\/wp-content\\\/uploads\\\/2021\\\/11\\\/AJWAD.png\",\"datePublished\":\"2024-03-29T11:45:43+00:00\",\"dateModified\":\"2026-01-20T12:16:47+00:00\",\"breadcrumb\":{\"@id\":\"https:\\\/\\\/arabian-mood.com\\\/produit\\\/ajwad\\\/#breadcrumb\"},\"inLanguage\":\"es\",\"potentialAction\":[{\"@type\":\"ReadAction\",\"target\":[\"https:\\\/\\\/arabian-mood.com\\\/produit\\\/ajwad\\\/\"]}]},{\"@type\":\"ImageObject\",\"inLanguage\":\"es\",\"@id\":\"https:\\\/\\\/arabian-mood.com\\\/produit\\\/ajwad\\\/#primaryimage\",\"url\":\"https:\\\/\\\/arabian-mood.com\\\/wp-content\\\/uploads\\\/2021\\\/11\\\/AJWAD.png\",\"contentUrl\":\"https:\\\/\\\/arabian-mood.com\\\/wp-content\\\/uploads\\\/2021\\\/11\\\/AJWAD.png\",\"width\":570,\"height\":730},{\"@type\":\"BreadcrumbList\",\"@id\":\"https:\\\/\\\/arabian-mood.com\\\/produit\\\/ajwad\\\/#breadcrumb\",\"itemListElement\":[{\"@type\":\"ListItem\",\"position\":1,\"name\":\"Accueil\",\"item\":\"https:\\\/\\\/arabian-mood.com\\\/\"},{\"@type\":\"ListItem\",\"position\":2,\"name\":\"Boutique\",\"item\":\"https:\\\/\\\/arabian-mood.com\\\/boutique\\\/\"},{\"@type\":\"ListItem\",\"position\":3,\"name\":\"AJWAD &#8211; LATTAFA\"}]},{\"@type\":\"WebSite\",\"@id\":\"https:\\\/\\\/arabian-mood.com\\\/#website\",\"url\":\"https:\\\/\\\/arabian-mood.com\\\/\",\"name\":\"Arabian Mood\",\"description\":\"\",\"publisher\":{\"@id\":\"https:\\\/\\\/arabian-mood.com\\\/#organization\"},\"potentialAction\":[{\"@type\":\"SearchAction\",\"target\":{\"@type\":\"EntryPoint\",\"urlTemplate\":\"https:\\\/\\\/arabian-mood.com\\\/?s={search_term_string}\"},\"query-input\":{\"@type\":\"PropertyValueSpecification\",\"valueRequired\":true,\"valueName\":\"search_term_string\"}}],\"inLanguage\":\"es\"},{\"@type\":\"Organization\",\"@id\":\"https:\\\/\\\/arabian-mood.com\\\/#organization\",\"name\":\"Arabian Mood\",\"url\":\"https:\\\/\\\/arabian-mood.com\\\/\",\"logo\":{\"@type\":\"ImageObject\",\"inLanguage\":\"es\",\"@id\":\"https:\\\/\\\/arabian-mood.com\\\/#\\\/schema\\\/logo\\\/image\\\/\",\"url\":\"https:\\\/\\\/arabian-mood.com\\\/wp-content\\\/uploads\\\/2024\\\/09\\\/Groupe-11304.svg\",\"contentUrl\":\"https:\\\/\\\/arabian-mood.com\\\/wp-content\\\/uploads\\\/2024\\\/09\\\/Groupe-11304.svg\",\"width\":214,\"height\":27,\"caption\":\"Arabian Mood\"},\"image\":{\"@id\":\"https:\\\/\\\/arabian-mood.com\\\/#\\\/schema\\\/logo\\\/image\\\/\"},\"sameAs\":[\"https:\\\/\\\/www.instagram.com\\\/arabianmoodofficiel\\\/\"]}]}<\/script>\n<!-- \/ Yoast SEO plugin. -->","yoast_head_json":{"title":"AJWAD - LATTAFA - Humor \u00c1rabe","robots":{"index":"index","follow":"follow","max-snippet":"max-snippet:-1","max-image-preview":"max-image-preview:large","max-video-preview":"max-video-preview:-1"},"canonical":"https:\/\/arabian-mood.com\/es\/product\/ajwad\/","og_locale":"es_ES","og_type":"article","og_title":"AJWAD - LATTAFA - Arabian Mood","og_description":"Notes de t\u00eate : Bergamote, Litchi, Notes Fruit\u00e9es Notes de c\u0153ur : Jasmin, Roses, Cannelle Notes de fond : C\u00e8dre, Santal, Ambre, Musc, Vanille","og_url":"https:\/\/arabian-mood.com\/es\/product\/ajwad\/","og_site_name":"Arabian Mood","article_modified_time":"2026-01-20T12:16:47+00:00","og_image":[{"width":570,"height":730,"url":"https:\/\/arabian-mood.com\/wp-content\/uploads\/2021\/11\/AJWAD.png","type":"image\/png"}],"twitter_card":"summary_large_image","twitter_misc":{"Tiempo de lectura":"2 minutos"},"schema":{"@context":"https:\/\/schema.org","@graph":[{"@type":"WebPage","@id":"https:\/\/arabian-mood.com\/produit\/ajwad\/","url":"https:\/\/arabian-mood.com\/produit\/ajwad\/","name":"AJWAD - LATTAFA - Humor \u00c1rabe","isPartOf":{"@id":"https:\/\/arabian-mood.com\/#website"},"primaryImageOfPage":{"@id":"https:\/\/arabian-mood.com\/produit\/ajwad\/#primaryimage"},"image":{"@id":"https:\/\/arabian-mood.com\/produit\/ajwad\/#primaryimage"},"thumbnailUrl":"https:\/\/arabian-mood.com\/wp-content\/uploads\/2021\/11\/AJWAD.png","datePublished":"2024-03-29T11:45:43+00:00","dateModified":"2026-01-20T12:16:47+00:00","breadcrumb":{"@id":"https:\/\/arabian-mood.com\/produit\/ajwad\/#breadcrumb"},"inLanguage":"es","potentialAction":[{"@type":"ReadAction","target":["https:\/\/arabian-mood.com\/produit\/ajwad\/"]}]},{"@type":"ImageObject","inLanguage":"es","@id":"https:\/\/arabian-mood.com\/produit\/ajwad\/#primaryimage","url":"https:\/\/arabian-mood.com\/wp-content\/uploads\/2021\/11\/AJWAD.png","contentUrl":"https:\/\/arabian-mood.com\/wp-content\/uploads\/2021\/11\/AJWAD.png","width":570,"height":730},{"@type":"BreadcrumbList","@id":"https:\/\/arabian-mood.com\/produit\/ajwad\/#breadcrumb","itemListElement":[{"@type":"ListItem","position":1,"name":"Accueil","item":"https:\/\/arabian-mood.com\/"},{"@type":"ListItem","position":2,"name":"Boutique","item":"https:\/\/arabian-mood.com\/boutique\/"},{"@type":"ListItem","position":3,"name":"AJWAD &#8211; LATTAFA"}]},{"@type":"WebSite","@id":"https:\/\/arabian-mood.com\/#website","url":"https:\/\/arabian-mood.com\/","name":"Ambiente \u00e1rabe","description":"","publisher":{"@id":"https:\/\/arabian-mood.com\/#organization"},"potentialAction":[{"@type":"SearchAction","target":{"@type":"EntryPoint","urlTemplate":"https:\/\/arabian-mood.com\/?s={search_term_string}"},"query-input":{"@type":"PropertyValueSpecification","valueRequired":true,"valueName":"search_term_string"}}],"inLanguage":"es"},{"@type":"Organization","@id":"https:\/\/arabian-mood.com\/#organization","name":"Ambiente \u00e1rabe","url":"https:\/\/arabian-mood.com\/","logo":{"@type":"ImageObject","inLanguage":"es","@id":"https:\/\/arabian-mood.com\/#\/schema\/logo\/image\/","url":"https:\/\/arabian-mood.com\/wp-content\/uploads\/2024\/09\/Groupe-11304.svg","contentUrl":"https:\/\/arabian-mood.com\/wp-content\/uploads\/2024\/09\/Groupe-11304.svg","width":214,"height":27,"caption":"Arabian Mood"},"image":{"@id":"https:\/\/arabian-mood.com\/#\/schema\/logo\/image\/"},"sameAs":["https:\/\/www.instagram.com\/arabianmoodofficiel\/"]}]}},"_links":{"self":[{"href":"https:\/\/arabian-mood.com\/es\/wp-json\/wp\/v2\/product\/7826","targetHints":{"allow":["GET"]}}],"collection":[{"href":"https:\/\/arabian-mood.com\/es\/wp-json\/wp\/v2\/product"}],"about":[{"href":"https:\/\/arabian-mood.com\/es\/wp-json\/wp\/v2\/types\/product"}],"wp:featuredmedia":[{"embeddable":true,"href":"https:\/\/arabian-mood.com\/es\/wp-json\/wp\/v2\/media\/3832"}],"wp:attachment":[{"href":"https:\/\/arabian-mood.com\/es\/wp-json\/wp\/v2\/media?parent=7826"}],"wp:term":[{"taxonomy":"product_brand","embeddable":true,"href":"https:\/\/arabian-mood.com\/es\/wp-json\/wp\/v2\/product_brand?post=7826"},{"taxonomy":"product_cat","embeddable":true,"href":"https:\/\/arabian-mood.com\/es\/wp-json\/wp\/v2\/product_cat?post=7826"},{"taxonomy":"product_tag","embeddable":true,"href":"https:\/\/arabian-mood.com\/es\/wp-json\/wp\/v2\/product_tag?post=7826"}],"curies":[{"name":"wp","href":"https:\/\/api.w.org\/{rel}","templated":true}]}}