{"id":8271,"date":"2024-09-18T12:21:46","date_gmt":"2024-09-18T10:21:46","guid":{"rendered":"https:\/\/arabian-mood.com\/?post_type=product&#038;p=8271"},"modified":"2026-01-20T13:23:15","modified_gmt":"2026-01-20T12:23:15","slug":"kashaf-lattafa-parfum-mixte","status":"publish","type":"product","link":"https:\/\/arabian-mood.com\/es\/produit\/kashaf-lattafa-parfum-mixte\/","title":{"rendered":"Kashaf &#8211; Lattafa"},"content":{"rendered":"<p><strong>Kashaf de chez lattafa\u00a0<\/strong>offre un d\u00e9part doux et fruit\u00e9 gr\u00e2ce \u00e0 l&#8217;ar\u00f4me de fraises recouvertes de caramel et de p\u00eache.<br \/>\nDans sa note de c\u0153ur exquise, le plus beau pourpre de la rose et le piquant du gingembre se rencontrent. Parall\u00e8lement, le cuir le plus fin forme une enveloppe d\u00e9licate et donn \u00e0 la reine des fleurs une allure renversante. Enfin, le parfum s&#8217;ach\u00e8ve sur un ar\u00f4me dor\u00e9, chaud et \u00e9pic\u00e9 de safran d&#8217;Iran. Sa chaleur est soutenue par la v\u00e9ritable vanille bourbon, renforc\u00e9e par un soup\u00e7on de benjoin.<br \/>\nLe parfum donne une sensation de velours sur la peau.<\/p>\n<p>&nbsp;<\/p>\n<p>&nbsp;<\/p>\n<p><strong>inspiration : La capitale de Xerjoff<\/strong><\/p>","protected":false},"excerpt":{"rendered":"<p><strong>Notas de salida: <\/strong>fraise, caramel, p\u00eache,<br \/>\n<strong>Notas de coraz\u00f3n:<\/strong> ambre, rose, gingembre,<br \/>\n<strong>Notas de fondo:<\/strong> benjoin, vanille bourbon<\/p>","protected":false},"featured_media":8272,"template":"","meta":[],"product_brand":[],"product_cat":[591],"product_tag":[],"class_list":{"0":"post-8271","1":"product","2":"type-product","3":"status-publish","4":"has-post-thumbnail","6":"product_cat-rupture-de-stock","8":"first","9":"outofstock","10":"sale","11":"taxable","12":"shipping-taxable","13":"purchasable","14":"product-type-simple"},"yoast_head":"<!-- This site is optimized with the Yoast SEO plugin v27.5 - https:\/\/yoast.com\/product\/yoast-seo-wordpress\/ -->\n<title>Kashaf - Lattafa - Arabian Mood<\/title>\n<meta name=\"robots\" content=\"index, follow, max-snippet:-1, max-image-preview:large, max-video-preview:-1\" \/>\n<link rel=\"canonical\" href=\"https:\/\/arabian-mood.com\/es\/product\/kashaf-lattafa-parfum-mixte\/\" \/>\n<meta property=\"og:locale\" content=\"es_ES\" \/>\n<meta property=\"og:type\" content=\"article\" \/>\n<meta property=\"og:title\" content=\"Kashaf - Lattafa - Arabian Mood\" \/>\n<meta property=\"og:description\" content=\"Notes de t\u00eate : fraise, caramel, p\u00eache, Notes de c\u0153ur : ambre, rose, gingembre, Notes de fond : benjoin, vanille bourbon\" \/>\n<meta property=\"og:url\" content=\"https:\/\/arabian-mood.com\/es\/product\/kashaf-lattafa-parfum-mixte\/\" \/>\n<meta property=\"og:site_name\" content=\"Arabian Mood\" \/>\n<meta property=\"article:modified_time\" content=\"2026-01-20T12:23:15+00:00\" \/>\n<meta property=\"og:image\" content=\"https:\/\/arabian-mood.com\/wp-content\/uploads\/2024\/09\/kashaf-100ml.webp\" \/>\n\t<meta property=\"og:image:width\" content=\"1000\" \/>\n\t<meta property=\"og:image:height\" content=\"1000\" \/>\n\t<meta property=\"og:image:type\" content=\"image\/webp\" \/>\n<meta name=\"twitter:card\" content=\"summary_large_image\" \/>\n<meta name=\"twitter:label1\" content=\"Tiempo de lectura\" \/>\n\t<meta name=\"twitter:data1\" content=\"1 minuto\" \/>\n<script type=\"application\/ld+json\" class=\"yoast-schema-graph\">{\"@context\":\"https:\\\/\\\/schema.org\",\"@graph\":[{\"@type\":\"WebPage\",\"@id\":\"https:\\\/\\\/arabian-mood.com\\\/produit\\\/kashaf-lattafa-parfum-mixte\\\/\",\"url\":\"https:\\\/\\\/arabian-mood.com\\\/produit\\\/kashaf-lattafa-parfum-mixte\\\/\",\"name\":\"Kashaf - Lattafa - Arabian Mood\",\"isPartOf\":{\"@id\":\"https:\\\/\\\/arabian-mood.com\\\/#website\"},\"primaryImageOfPage\":{\"@id\":\"https:\\\/\\\/arabian-mood.com\\\/produit\\\/kashaf-lattafa-parfum-mixte\\\/#primaryimage\"},\"image\":{\"@id\":\"https:\\\/\\\/arabian-mood.com\\\/produit\\\/kashaf-lattafa-parfum-mixte\\\/#primaryimage\"},\"thumbnailUrl\":\"https:\\\/\\\/arabian-mood.com\\\/wp-content\\\/uploads\\\/2024\\\/09\\\/kashaf-100ml.webp\",\"datePublished\":\"2024-09-18T10:21:46+00:00\",\"dateModified\":\"2026-01-20T12:23:15+00:00\",\"breadcrumb\":{\"@id\":\"https:\\\/\\\/arabian-mood.com\\\/produit\\\/kashaf-lattafa-parfum-mixte\\\/#breadcrumb\"},\"inLanguage\":\"es\",\"potentialAction\":[{\"@type\":\"ReadAction\",\"target\":[\"https:\\\/\\\/arabian-mood.com\\\/produit\\\/kashaf-lattafa-parfum-mixte\\\/\"]}]},{\"@type\":\"ImageObject\",\"inLanguage\":\"es\",\"@id\":\"https:\\\/\\\/arabian-mood.com\\\/produit\\\/kashaf-lattafa-parfum-mixte\\\/#primaryimage\",\"url\":\"https:\\\/\\\/arabian-mood.com\\\/wp-content\\\/uploads\\\/2024\\\/09\\\/kashaf-100ml.webp\",\"contentUrl\":\"https:\\\/\\\/arabian-mood.com\\\/wp-content\\\/uploads\\\/2024\\\/09\\\/kashaf-100ml.webp\",\"width\":1000,\"height\":1000,\"caption\":\"Kashaf LATTAFA parfum\"},{\"@type\":\"BreadcrumbList\",\"@id\":\"https:\\\/\\\/arabian-mood.com\\\/produit\\\/kashaf-lattafa-parfum-mixte\\\/#breadcrumb\",\"itemListElement\":[{\"@type\":\"ListItem\",\"position\":1,\"name\":\"Accueil\",\"item\":\"https:\\\/\\\/arabian-mood.com\\\/\"},{\"@type\":\"ListItem\",\"position\":2,\"name\":\"Boutique\",\"item\":\"https:\\\/\\\/arabian-mood.com\\\/boutique\\\/\"},{\"@type\":\"ListItem\",\"position\":3,\"name\":\"Kashaf &#8211; Lattafa\"}]},{\"@type\":\"WebSite\",\"@id\":\"https:\\\/\\\/arabian-mood.com\\\/#website\",\"url\":\"https:\\\/\\\/arabian-mood.com\\\/\",\"name\":\"Arabian Mood\",\"description\":\"\",\"publisher\":{\"@id\":\"https:\\\/\\\/arabian-mood.com\\\/#organization\"},\"potentialAction\":[{\"@type\":\"SearchAction\",\"target\":{\"@type\":\"EntryPoint\",\"urlTemplate\":\"https:\\\/\\\/arabian-mood.com\\\/?s={search_term_string}\"},\"query-input\":{\"@type\":\"PropertyValueSpecification\",\"valueRequired\":true,\"valueName\":\"search_term_string\"}}],\"inLanguage\":\"es\"},{\"@type\":\"Organization\",\"@id\":\"https:\\\/\\\/arabian-mood.com\\\/#organization\",\"name\":\"Arabian Mood\",\"url\":\"https:\\\/\\\/arabian-mood.com\\\/\",\"logo\":{\"@type\":\"ImageObject\",\"inLanguage\":\"es\",\"@id\":\"https:\\\/\\\/arabian-mood.com\\\/#\\\/schema\\\/logo\\\/image\\\/\",\"url\":\"https:\\\/\\\/arabian-mood.com\\\/wp-content\\\/uploads\\\/2024\\\/09\\\/Groupe-11304.svg\",\"contentUrl\":\"https:\\\/\\\/arabian-mood.com\\\/wp-content\\\/uploads\\\/2024\\\/09\\\/Groupe-11304.svg\",\"width\":214,\"height\":27,\"caption\":\"Arabian Mood\"},\"image\":{\"@id\":\"https:\\\/\\\/arabian-mood.com\\\/#\\\/schema\\\/logo\\\/image\\\/\"},\"sameAs\":[\"https:\\\/\\\/www.instagram.com\\\/arabianmoodofficiel\\\/\"]}]}<\/script>\n<!-- \/ Yoast SEO plugin. -->","yoast_head_json":{"title":"Kashaf - Lattafa - Arabian Mood","robots":{"index":"index","follow":"follow","max-snippet":"max-snippet:-1","max-image-preview":"max-image-preview:large","max-video-preview":"max-video-preview:-1"},"canonical":"https:\/\/arabian-mood.com\/es\/product\/kashaf-lattafa-parfum-mixte\/","og_locale":"es_ES","og_type":"article","og_title":"Kashaf - Lattafa - Arabian Mood","og_description":"Notes de t\u00eate : fraise, caramel, p\u00eache, Notes de c\u0153ur : ambre, rose, gingembre, Notes de fond : benjoin, vanille bourbon","og_url":"https:\/\/arabian-mood.com\/es\/product\/kashaf-lattafa-parfum-mixte\/","og_site_name":"Arabian Mood","article_modified_time":"2026-01-20T12:23:15+00:00","og_image":[{"width":1000,"height":1000,"url":"https:\/\/arabian-mood.com\/wp-content\/uploads\/2024\/09\/kashaf-100ml.webp","type":"image\/webp"}],"twitter_card":"summary_large_image","twitter_misc":{"Tiempo de lectura":"1 minuto"},"schema":{"@context":"https:\/\/schema.org","@graph":[{"@type":"WebPage","@id":"https:\/\/arabian-mood.com\/produit\/kashaf-lattafa-parfum-mixte\/","url":"https:\/\/arabian-mood.com\/produit\/kashaf-lattafa-parfum-mixte\/","name":"Kashaf - Lattafa - Arabian Mood","isPartOf":{"@id":"https:\/\/arabian-mood.com\/#website"},"primaryImageOfPage":{"@id":"https:\/\/arabian-mood.com\/produit\/kashaf-lattafa-parfum-mixte\/#primaryimage"},"image":{"@id":"https:\/\/arabian-mood.com\/produit\/kashaf-lattafa-parfum-mixte\/#primaryimage"},"thumbnailUrl":"https:\/\/arabian-mood.com\/wp-content\/uploads\/2024\/09\/kashaf-100ml.webp","datePublished":"2024-09-18T10:21:46+00:00","dateModified":"2026-01-20T12:23:15+00:00","breadcrumb":{"@id":"https:\/\/arabian-mood.com\/produit\/kashaf-lattafa-parfum-mixte\/#breadcrumb"},"inLanguage":"es","potentialAction":[{"@type":"ReadAction","target":["https:\/\/arabian-mood.com\/produit\/kashaf-lattafa-parfum-mixte\/"]}]},{"@type":"ImageObject","inLanguage":"es","@id":"https:\/\/arabian-mood.com\/produit\/kashaf-lattafa-parfum-mixte\/#primaryimage","url":"https:\/\/arabian-mood.com\/wp-content\/uploads\/2024\/09\/kashaf-100ml.webp","contentUrl":"https:\/\/arabian-mood.com\/wp-content\/uploads\/2024\/09\/kashaf-100ml.webp","width":1000,"height":1000,"caption":"Kashaf LATTAFA parfum"},{"@type":"BreadcrumbList","@id":"https:\/\/arabian-mood.com\/produit\/kashaf-lattafa-parfum-mixte\/#breadcrumb","itemListElement":[{"@type":"ListItem","position":1,"name":"Accueil","item":"https:\/\/arabian-mood.com\/"},{"@type":"ListItem","position":2,"name":"Boutique","item":"https:\/\/arabian-mood.com\/boutique\/"},{"@type":"ListItem","position":3,"name":"Kashaf &#8211; Lattafa"}]},{"@type":"WebSite","@id":"https:\/\/arabian-mood.com\/#website","url":"https:\/\/arabian-mood.com\/","name":"Ambiente \u00e1rabe","description":"","publisher":{"@id":"https:\/\/arabian-mood.com\/#organization"},"potentialAction":[{"@type":"SearchAction","target":{"@type":"EntryPoint","urlTemplate":"https:\/\/arabian-mood.com\/?s={search_term_string}"},"query-input":{"@type":"PropertyValueSpecification","valueRequired":true,"valueName":"search_term_string"}}],"inLanguage":"es"},{"@type":"Organization","@id":"https:\/\/arabian-mood.com\/#organization","name":"Ambiente \u00e1rabe","url":"https:\/\/arabian-mood.com\/","logo":{"@type":"ImageObject","inLanguage":"es","@id":"https:\/\/arabian-mood.com\/#\/schema\/logo\/image\/","url":"https:\/\/arabian-mood.com\/wp-content\/uploads\/2024\/09\/Groupe-11304.svg","contentUrl":"https:\/\/arabian-mood.com\/wp-content\/uploads\/2024\/09\/Groupe-11304.svg","width":214,"height":27,"caption":"Arabian Mood"},"image":{"@id":"https:\/\/arabian-mood.com\/#\/schema\/logo\/image\/"},"sameAs":["https:\/\/www.instagram.com\/arabianmoodofficiel\/"]}]}},"_links":{"self":[{"href":"https:\/\/arabian-mood.com\/es\/wp-json\/wp\/v2\/product\/8271","targetHints":{"allow":["GET"]}}],"collection":[{"href":"https:\/\/arabian-mood.com\/es\/wp-json\/wp\/v2\/product"}],"about":[{"href":"https:\/\/arabian-mood.com\/es\/wp-json\/wp\/v2\/types\/product"}],"wp:featuredmedia":[{"embeddable":true,"href":"https:\/\/arabian-mood.com\/es\/wp-json\/wp\/v2\/media\/8272"}],"wp:attachment":[{"href":"https:\/\/arabian-mood.com\/es\/wp-json\/wp\/v2\/media?parent=8271"}],"wp:term":[{"taxonomy":"product_brand","embeddable":true,"href":"https:\/\/arabian-mood.com\/es\/wp-json\/wp\/v2\/product_brand?post=8271"},{"taxonomy":"product_cat","embeddable":true,"href":"https:\/\/arabian-mood.com\/es\/wp-json\/wp\/v2\/product_cat?post=8271"},{"taxonomy":"product_tag","embeddable":true,"href":"https:\/\/arabian-mood.com\/es\/wp-json\/wp\/v2\/product_tag?post=8271"}],"curies":[{"name":"wp","href":"https:\/\/api.w.org\/{rel}","templated":true}]}}