{"id":8469,"date":"2024-11-07T10:45:19","date_gmt":"2024-11-07T09:45:19","guid":{"rendered":"https:\/\/arabian-mood.com\/?post_type=product&#038;p=8469"},"modified":"2025-06-20T13:10:19","modified_gmt":"2025-06-20T11:10:19","slug":"coffret-bidun-esam-ahmed-al-maghribi","status":"publish","type":"product","link":"https:\/\/arabian-mood.com\/es\/produit\/coffret-bidun-esam-ahmed-al-maghribi\/","title":{"rendered":"Coffret Bidun Esam &#8211; Ahmed Al Maghribi"},"content":{"rendered":"<p class=\"a-spacing-base\">Le cadeau parfait pour vos proches, coffret cadeau <strong>Bidun esam<\/strong> de Ahmed al maghribi. Le coffret cadeau comprend : 1 x Bidun Esam Eau de <strong>Parfum<\/strong>, 1 x Bidun Esam Huile de Parfum 12 ml, 1 x Bidun Esam Gel Corps 30 ml.<\/p>\n<p><em>Bidun Esam<\/em> D\u2019<strong>Ahmed Al Maghribi<\/strong> Est Une \u0152uvre Parfum\u00e9e Exceptionnelle, Une Danse Enivrante Entre La Sophistication Florale, L\u2019\u00e9pice \u00c9nigmatique Et La Chaleur Bois\u00e9e. Cette Fragrance Captivante Est Une C\u00e9l\u00e9bration De L\u2019Orient, Un Hommage \u00c0 La Beaut\u00e9 Intemporelle Et \u00c0 La Mystique Envo\u00fbtante.<\/p>\n<p><em>Bidun Esam<\/em> Incarne L\u2019\u00e9l\u00e9gance Orientale Avec Un \u00c9quilibre Harmonieux Entre Les Notes Florales, \u00c9pic\u00e9es Et Bois\u00e9es. Cette Fragrance Est Un Symbole D\u2019affirmation Personnelle Et De Raffinement Intemporel.<\/p>\n<p>Un Voyage Olfactif Qui Transcende Les Fronti\u00e8res Du Temps, Capturant L\u2019esprit Enchanteur De L\u2019Orient Dans Chaque Goutte.<\/p>\n<p class=\"a-spacing-base\">","protected":false},"excerpt":{"rendered":"<p><strong>Notas de salida:<\/strong> Safran et rose.<\/p>\n<p><strong>Notas de coraz\u00f3n:<\/strong> Fleurs blanches.<\/p>\n<p><strong>Notas de fondo:<\/strong> Oud, musc et ambre du Cambodge.<\/p>","protected":false},"featured_media":8471,"template":"","meta":[],"product_brand":[],"product_cat":[521,433],"product_tag":[],"class_list":{"0":"post-8469","1":"product","2":"type-product","3":"status-publish","4":"has-post-thumbnail","6":"product_cat-ahmed-al-maghribi","7":"product_cat-parfums-de-dubai","9":"first","10":"instock","11":"taxable","12":"shipping-taxable","13":"purchasable","14":"product-type-simple"},"yoast_head":"<!-- This site is optimized with the Yoast SEO plugin v27.5 - https:\/\/yoast.com\/product\/yoast-seo-wordpress\/ -->\n<title>Coffret Bidun Esam - Ahmed Al Maghribi - Arabian Mood<\/title>\n<meta name=\"description\" content=\"Ce coffret Bidun esam de Ahmed Al maghiribi comprend un eau de parfum 50 ml + une huile \u00e9lixir ainsi qu&#039;une cr\u00e8me pour le corps.\" \/>\n<meta name=\"robots\" content=\"index, follow, max-snippet:-1, max-image-preview:large, max-video-preview:-1\" \/>\n<link rel=\"canonical\" href=\"https:\/\/arabian-mood.com\/es\/product\/coffret-bidun-esam-ahmed-al-maghribi\/\" \/>\n<meta property=\"og:locale\" content=\"es_ES\" \/>\n<meta property=\"og:type\" content=\"article\" \/>\n<meta property=\"og:title\" content=\"Coffret Bidun Esam - Ahmed Al Maghribi - Arabian Mood\" \/>\n<meta property=\"og:description\" content=\"Ce coffret Bidun esam de Ahmed Al maghiribi comprend un eau de parfum 50 ml + une huile \u00e9lixir ainsi qu&#039;une cr\u00e8me pour le corps.\" \/>\n<meta property=\"og:url\" content=\"https:\/\/arabian-mood.com\/es\/product\/coffret-bidun-esam-ahmed-al-maghribi\/\" \/>\n<meta property=\"og:site_name\" content=\"Arabian Mood\" \/>\n<meta property=\"article:modified_time\" content=\"2025-06-20T11:10:19+00:00\" \/>\n<meta property=\"og:image\" content=\"https:\/\/arabian-mood.com\/wp-content\/uploads\/2024\/11\/coffret-bidun-esam-ahmed-almaghribi.png\" \/>\n\t<meta property=\"og:image:width\" content=\"900\" \/>\n\t<meta property=\"og:image:height\" content=\"900\" \/>\n\t<meta property=\"og:image:type\" content=\"image\/png\" \/>\n<meta name=\"twitter:card\" content=\"summary_large_image\" \/>\n<meta name=\"twitter:label1\" content=\"Tiempo de lectura\" \/>\n\t<meta name=\"twitter:data1\" content=\"1 minuto\" \/>\n<script type=\"application\/ld+json\" class=\"yoast-schema-graph\">{\"@context\":\"https:\\\/\\\/schema.org\",\"@graph\":[{\"@type\":\"WebPage\",\"@id\":\"https:\\\/\\\/arabian-mood.com\\\/produit\\\/coffret-bidun-esam-ahmed-al-maghribi\\\/\",\"url\":\"https:\\\/\\\/arabian-mood.com\\\/produit\\\/coffret-bidun-esam-ahmed-al-maghribi\\\/\",\"name\":\"Coffret Bidun Esam - Ahmed Al Maghribi - Arabian Mood\",\"isPartOf\":{\"@id\":\"https:\\\/\\\/arabian-mood.com\\\/#website\"},\"primaryImageOfPage\":{\"@id\":\"https:\\\/\\\/arabian-mood.com\\\/produit\\\/coffret-bidun-esam-ahmed-al-maghribi\\\/#primaryimage\"},\"image\":{\"@id\":\"https:\\\/\\\/arabian-mood.com\\\/produit\\\/coffret-bidun-esam-ahmed-al-maghribi\\\/#primaryimage\"},\"thumbnailUrl\":\"https:\\\/\\\/arabian-mood.com\\\/wp-content\\\/uploads\\\/2024\\\/11\\\/coffret-bidun-esam-ahmed-almaghribi.png\",\"datePublished\":\"2024-11-07T09:45:19+00:00\",\"dateModified\":\"2025-06-20T11:10:19+00:00\",\"description\":\"Ce coffret Bidun esam de Ahmed Al maghiribi comprend un eau de parfum 50 ml + une huile \u00e9lixir ainsi qu'une cr\u00e8me pour le corps.\",\"breadcrumb\":{\"@id\":\"https:\\\/\\\/arabian-mood.com\\\/produit\\\/coffret-bidun-esam-ahmed-al-maghribi\\\/#breadcrumb\"},\"inLanguage\":\"es\",\"potentialAction\":[{\"@type\":\"ReadAction\",\"target\":[\"https:\\\/\\\/arabian-mood.com\\\/produit\\\/coffret-bidun-esam-ahmed-al-maghribi\\\/\"]}]},{\"@type\":\"ImageObject\",\"inLanguage\":\"es\",\"@id\":\"https:\\\/\\\/arabian-mood.com\\\/produit\\\/coffret-bidun-esam-ahmed-al-maghribi\\\/#primaryimage\",\"url\":\"https:\\\/\\\/arabian-mood.com\\\/wp-content\\\/uploads\\\/2024\\\/11\\\/coffret-bidun-esam-ahmed-almaghribi.png\",\"contentUrl\":\"https:\\\/\\\/arabian-mood.com\\\/wp-content\\\/uploads\\\/2024\\\/11\\\/coffret-bidun-esam-ahmed-almaghribi.png\",\"width\":900,\"height\":900,\"caption\":\"bidun esam ahmed al Maghribi coffret\"},{\"@type\":\"BreadcrumbList\",\"@id\":\"https:\\\/\\\/arabian-mood.com\\\/produit\\\/coffret-bidun-esam-ahmed-al-maghribi\\\/#breadcrumb\",\"itemListElement\":[{\"@type\":\"ListItem\",\"position\":1,\"name\":\"Accueil\",\"item\":\"https:\\\/\\\/arabian-mood.com\\\/\"},{\"@type\":\"ListItem\",\"position\":2,\"name\":\"Boutique\",\"item\":\"https:\\\/\\\/arabian-mood.com\\\/boutique\\\/\"},{\"@type\":\"ListItem\",\"position\":3,\"name\":\"Coffret Bidun Esam &#8211; Ahmed Al Maghribi\"}]},{\"@type\":\"WebSite\",\"@id\":\"https:\\\/\\\/arabian-mood.com\\\/#website\",\"url\":\"https:\\\/\\\/arabian-mood.com\\\/\",\"name\":\"Arabian Mood\",\"description\":\"\",\"publisher\":{\"@id\":\"https:\\\/\\\/arabian-mood.com\\\/#organization\"},\"potentialAction\":[{\"@type\":\"SearchAction\",\"target\":{\"@type\":\"EntryPoint\",\"urlTemplate\":\"https:\\\/\\\/arabian-mood.com\\\/?s={search_term_string}\"},\"query-input\":{\"@type\":\"PropertyValueSpecification\",\"valueRequired\":true,\"valueName\":\"search_term_string\"}}],\"inLanguage\":\"es\"},{\"@type\":\"Organization\",\"@id\":\"https:\\\/\\\/arabian-mood.com\\\/#organization\",\"name\":\"Arabian Mood\",\"url\":\"https:\\\/\\\/arabian-mood.com\\\/\",\"logo\":{\"@type\":\"ImageObject\",\"inLanguage\":\"es\",\"@id\":\"https:\\\/\\\/arabian-mood.com\\\/#\\\/schema\\\/logo\\\/image\\\/\",\"url\":\"https:\\\/\\\/arabian-mood.com\\\/wp-content\\\/uploads\\\/2024\\\/09\\\/Groupe-11304.svg\",\"contentUrl\":\"https:\\\/\\\/arabian-mood.com\\\/wp-content\\\/uploads\\\/2024\\\/09\\\/Groupe-11304.svg\",\"width\":214,\"height\":27,\"caption\":\"Arabian Mood\"},\"image\":{\"@id\":\"https:\\\/\\\/arabian-mood.com\\\/#\\\/schema\\\/logo\\\/image\\\/\"},\"sameAs\":[\"https:\\\/\\\/www.instagram.com\\\/arabianmoodofficiel\\\/\"]}]}<\/script>\n<!-- \/ Yoast SEO plugin. -->","yoast_head_json":{"title":"Coffret Bidun Esam - Ahmed Al Maghribi - Arabian Mood","description":"Ce coffret Bidun esam de Ahmed Al maghiribi comprend un eau de parfum 50 ml + une huile \u00e9lixir ainsi qu'une cr\u00e8me pour le corps.","robots":{"index":"index","follow":"follow","max-snippet":"max-snippet:-1","max-image-preview":"max-image-preview:large","max-video-preview":"max-video-preview:-1"},"canonical":"https:\/\/arabian-mood.com\/es\/product\/coffret-bidun-esam-ahmed-al-maghribi\/","og_locale":"es_ES","og_type":"article","og_title":"Coffret Bidun Esam - Ahmed Al Maghribi - Arabian Mood","og_description":"Ce coffret Bidun esam de Ahmed Al maghiribi comprend un eau de parfum 50 ml + une huile \u00e9lixir ainsi qu'une cr\u00e8me pour le corps.","og_url":"https:\/\/arabian-mood.com\/es\/product\/coffret-bidun-esam-ahmed-al-maghribi\/","og_site_name":"Arabian Mood","article_modified_time":"2025-06-20T11:10:19+00:00","og_image":[{"width":900,"height":900,"url":"https:\/\/arabian-mood.com\/wp-content\/uploads\/2024\/11\/coffret-bidun-esam-ahmed-almaghribi.png","type":"image\/png"}],"twitter_card":"summary_large_image","twitter_misc":{"Tiempo de lectura":"1 minuto"},"schema":{"@context":"https:\/\/schema.org","@graph":[{"@type":"WebPage","@id":"https:\/\/arabian-mood.com\/produit\/coffret-bidun-esam-ahmed-al-maghribi\/","url":"https:\/\/arabian-mood.com\/produit\/coffret-bidun-esam-ahmed-al-maghribi\/","name":"Coffret Bidun Esam - Ahmed Al Maghribi - Arabian Mood","isPartOf":{"@id":"https:\/\/arabian-mood.com\/#website"},"primaryImageOfPage":{"@id":"https:\/\/arabian-mood.com\/produit\/coffret-bidun-esam-ahmed-al-maghribi\/#primaryimage"},"image":{"@id":"https:\/\/arabian-mood.com\/produit\/coffret-bidun-esam-ahmed-al-maghribi\/#primaryimage"},"thumbnailUrl":"https:\/\/arabian-mood.com\/wp-content\/uploads\/2024\/11\/coffret-bidun-esam-ahmed-almaghribi.png","datePublished":"2024-11-07T09:45:19+00:00","dateModified":"2025-06-20T11:10:19+00:00","description":"Ce coffret Bidun esam de Ahmed Al maghiribi comprend un eau de parfum 50 ml + une huile \u00e9lixir ainsi qu'une cr\u00e8me pour le corps.","breadcrumb":{"@id":"https:\/\/arabian-mood.com\/produit\/coffret-bidun-esam-ahmed-al-maghribi\/#breadcrumb"},"inLanguage":"es","potentialAction":[{"@type":"ReadAction","target":["https:\/\/arabian-mood.com\/produit\/coffret-bidun-esam-ahmed-al-maghribi\/"]}]},{"@type":"ImageObject","inLanguage":"es","@id":"https:\/\/arabian-mood.com\/produit\/coffret-bidun-esam-ahmed-al-maghribi\/#primaryimage","url":"https:\/\/arabian-mood.com\/wp-content\/uploads\/2024\/11\/coffret-bidun-esam-ahmed-almaghribi.png","contentUrl":"https:\/\/arabian-mood.com\/wp-content\/uploads\/2024\/11\/coffret-bidun-esam-ahmed-almaghribi.png","width":900,"height":900,"caption":"bidun esam ahmed al Maghribi coffret"},{"@type":"BreadcrumbList","@id":"https:\/\/arabian-mood.com\/produit\/coffret-bidun-esam-ahmed-al-maghribi\/#breadcrumb","itemListElement":[{"@type":"ListItem","position":1,"name":"Accueil","item":"https:\/\/arabian-mood.com\/"},{"@type":"ListItem","position":2,"name":"Boutique","item":"https:\/\/arabian-mood.com\/boutique\/"},{"@type":"ListItem","position":3,"name":"Coffret Bidun Esam &#8211; Ahmed Al Maghribi"}]},{"@type":"WebSite","@id":"https:\/\/arabian-mood.com\/#website","url":"https:\/\/arabian-mood.com\/","name":"Ambiente \u00e1rabe","description":"","publisher":{"@id":"https:\/\/arabian-mood.com\/#organization"},"potentialAction":[{"@type":"SearchAction","target":{"@type":"EntryPoint","urlTemplate":"https:\/\/arabian-mood.com\/?s={search_term_string}"},"query-input":{"@type":"PropertyValueSpecification","valueRequired":true,"valueName":"search_term_string"}}],"inLanguage":"es"},{"@type":"Organization","@id":"https:\/\/arabian-mood.com\/#organization","name":"Ambiente \u00e1rabe","url":"https:\/\/arabian-mood.com\/","logo":{"@type":"ImageObject","inLanguage":"es","@id":"https:\/\/arabian-mood.com\/#\/schema\/logo\/image\/","url":"https:\/\/arabian-mood.com\/wp-content\/uploads\/2024\/09\/Groupe-11304.svg","contentUrl":"https:\/\/arabian-mood.com\/wp-content\/uploads\/2024\/09\/Groupe-11304.svg","width":214,"height":27,"caption":"Arabian Mood"},"image":{"@id":"https:\/\/arabian-mood.com\/#\/schema\/logo\/image\/"},"sameAs":["https:\/\/www.instagram.com\/arabianmoodofficiel\/"]}]}},"_links":{"self":[{"href":"https:\/\/arabian-mood.com\/es\/wp-json\/wp\/v2\/product\/8469","targetHints":{"allow":["GET"]}}],"collection":[{"href":"https:\/\/arabian-mood.com\/es\/wp-json\/wp\/v2\/product"}],"about":[{"href":"https:\/\/arabian-mood.com\/es\/wp-json\/wp\/v2\/types\/product"}],"wp:featuredmedia":[{"embeddable":true,"href":"https:\/\/arabian-mood.com\/es\/wp-json\/wp\/v2\/media\/8471"}],"wp:attachment":[{"href":"https:\/\/arabian-mood.com\/es\/wp-json\/wp\/v2\/media?parent=8469"}],"wp:term":[{"taxonomy":"product_brand","embeddable":true,"href":"https:\/\/arabian-mood.com\/es\/wp-json\/wp\/v2\/product_brand?post=8469"},{"taxonomy":"product_cat","embeddable":true,"href":"https:\/\/arabian-mood.com\/es\/wp-json\/wp\/v2\/product_cat?post=8469"},{"taxonomy":"product_tag","embeddable":true,"href":"https:\/\/arabian-mood.com\/es\/wp-json\/wp\/v2\/product_tag?post=8469"}],"curies":[{"name":"wp","href":"https:\/\/api.w.org\/{rel}","templated":true}]}}