{"id":8490,"date":"2024-11-07T19:10:25","date_gmt":"2024-11-07T18:10:25","guid":{"rendered":"https:\/\/arabian-mood.com\/?post_type=product&#038;p=8490"},"modified":"2025-11-05T17:05:31","modified_gmt":"2025-11-05T16:05:31","slug":"yara-candy-lattafa","status":"publish","type":"product","link":"https:\/\/arabian-mood.com\/es\/produit\/yara-candy-lattafa\/","title":{"rendered":"Yara Candy &#8211; Lattafa"},"content":{"rendered":"<p>Imaginez un parfum qui vous accompagne comme une confidence \u00e0 l&#8217;oreille. <strong>Yara Candy<\/strong> de <strong>Lattafa<\/strong> est pr\u00e9cis\u00e9ment cette fragrance qui promet de r\u00e9veiller vos \u00e9motions les plus sensuelles. Avant m\u00eame de succomber \u00e0 sa senteur addictive, vos yeux se laisseront hypnotiser par sa somptueuse bouteille qui ne laisse gu\u00e8re de doute quant au d\u00e9lice olfactif qu&#8217;elle renferme.<\/p>\n<h2>Yara Candy by Lattafa : une fragrance qui capture l&#8217;instant<\/h2>\n<p>D\u00e8s les premiers instants, ce <strong>parfum oriental pour femmes<\/strong> d\u00e9ploie ses pleins pouvoirs olfactifs. Il parvient \u00e0 \u00e9veiller vos sens gr\u00e2ce \u00e0 un duo fruit\u00e9 de <strong>cassis<\/strong> et de <strong>mandarine verte<\/strong> qui explosent en notes fra\u00eeches.<\/p>\n<p>Puis, le\u00a0<strong>Strawberry Fizz Candy<\/strong> fait son apparition au c\u0153ur de la fragrance. Un ingr\u00e9dient qui rappelle notamment les meilleurs souvenirs de gourmandise adolescente, mais avec le raffinement d&#8217;une femme accomplie. Le <strong>gard\u00e9nia<\/strong> s&#8217;invite ensuite, apportant une \u00e9l\u00e9gance florale qui transforme la simple fragrance en v\u00e9ritable \u0153uvre olfactive.<\/p>\n<p>Les notes de fond r\u00e9v\u00e8lent toute la profondeur de Yara Candy. La\u00a0<strong>vainilla<\/strong>, el\u2019<strong>\u00e1mbar<\/strong>, le <strong>s\u00e1ndalo<\/strong> y el <strong>m\u00fasculo<\/strong> se m\u00e9langent pour cr\u00e9er un accord unique. R\u00e9sultat ? Un parfum qui vous suivra comme une aura de s\u00e9duction.<\/p>\n<p>Le design de ce\u00a0<strong>perfume de mujer<\/strong> ne doit lui aussi rien au hasard. Color\u00e9, moderne, il sera autant un objet de d\u00e9sir sur votre table de toilette qu&#8217;un compagnon de vos soir\u00e9es les plus glamours.<\/p>\n<h3>Pourquoi succomber \u00e0 Yara Candy\u00a0?<\/h3>\n<p>Lattafa a cr\u00e9\u00e9 bien plus qu&#8217;un parfum. C&#8217;est une invitation au voyage, une promesse de moments exceptionnels. Peu importe le moment pour lequel vous avez choisi de faire confiance \u00e0 ce parfum, il saura \u00eatre un alli\u00e9 id\u00e9al.<\/p>\n<p>Ne laissez pas passer l&#8217;occasion unique de d\u00e9couvrir le parfum Yara Candy qui va transformer votre quotidien. Chaque flacon promet de vous rendre s\u00e9duisante. Offrez-vous donc l&#8217;exception olfactive et renouvelez votre confiance \u00e0 Lattafa, qui a d\u00e9j\u00e0 conquis les amateurs de parfums \u00e0 travers le monde avec des parfums comme\u00a0<a href=\"https:\/\/arabian-mood.com\/es\/product\/oud-mood\/\"><strong>Oud Mood<\/strong><\/a> par exemple.<\/p>\n<h3>Comment bien l&#8217;utiliser\u00a0?<\/h3>\n<p>Conseil des experts : vaporisez sur vos points de chaleur : poignets, nuque, derri\u00e8re les oreilles. Laissez donc le parfum r\u00e9v\u00e9ler son potentiel et capturez tous les regards. Ne tardez pas pour vous offrir Yara Candy, un parfum qui se vit, mais aussi qui se partage et vous ressemble.<\/p>","protected":false},"excerpt":{"rendered":"<p><strong>Notas de salida:<\/strong> Cassis et Mandarine verte;<\/p>\n<p><strong>Notes de coeur :<\/strong> Strawberry Fizz Candy et Gard\u00e9nia ,<\/p>\n<p><strong>Notas de fondo:<\/strong> sont Vanille, Ambre, Bois de santal et Musc.<\/p>","protected":false},"featured_media":8491,"template":"","meta":[],"product_brand":[],"product_cat":[518,584,433],"product_tag":[],"class_list":{"0":"post-8490","1":"product","2":"type-product","3":"status-publish","4":"has-post-thumbnail","6":"product_cat-lattafa","7":"product_cat-parfum-dubai-femme","8":"product_cat-parfums-de-dubai","10":"first","11":"instock","12":"sale","13":"taxable","14":"shipping-taxable","15":"purchasable","16":"product-type-simple"},"yoast_head":"<!-- This site is optimized with the Yoast SEO plugin v27.5 - https:\/\/yoast.com\/product\/yoast-seo-wordpress\/ -->\n<title>Yara Candy - Lattafa - Arabian Mood<\/title>\n<meta name=\"description\" content=\"D\u00e9couvrez Yara Candy de Lattafa, le parfum pour femmes gourmand qui transforme votre quotidien en moment de pure s\u00e9duction.\" \/>\n<meta name=\"robots\" content=\"index, follow, max-snippet:-1, max-image-preview:large, max-video-preview:-1\" \/>\n<link rel=\"canonical\" href=\"https:\/\/arabian-mood.com\/es\/product\/yara-candy-lattafa\/\" \/>\n<meta property=\"og:locale\" content=\"es_ES\" \/>\n<meta property=\"og:type\" content=\"article\" \/>\n<meta property=\"og:title\" content=\"Yara Candy - Lattafa - Arabian Mood\" \/>\n<meta property=\"og:description\" content=\"D\u00e9couvrez Yara Candy de Lattafa, le parfum pour femmes gourmand qui transforme votre quotidien en moment de pure s\u00e9duction.\" \/>\n<meta property=\"og:url\" content=\"https:\/\/arabian-mood.com\/es\/product\/yara-candy-lattafa\/\" \/>\n<meta property=\"og:site_name\" content=\"Arabian Mood\" \/>\n<meta property=\"article:modified_time\" content=\"2025-11-05T16:05:31+00:00\" \/>\n<meta property=\"og:image\" content=\"https:\/\/arabian-mood.com\/wp-content\/uploads\/2024\/11\/yara-candy-lattafa.png\" \/>\n\t<meta property=\"og:image:width\" content=\"900\" \/>\n\t<meta property=\"og:image:height\" content=\"900\" \/>\n\t<meta property=\"og:image:type\" content=\"image\/png\" \/>\n<meta name=\"twitter:card\" content=\"summary_large_image\" \/>\n<meta name=\"twitter:label1\" content=\"Tiempo de lectura\" \/>\n\t<meta name=\"twitter:data1\" content=\"3 minutos\" \/>\n<script type=\"application\/ld+json\" class=\"yoast-schema-graph\">{\"@context\":\"https:\\\/\\\/schema.org\",\"@graph\":[{\"@type\":\"WebPage\",\"@id\":\"https:\\\/\\\/arabian-mood.com\\\/produit\\\/yara-candy-lattafa\\\/\",\"url\":\"https:\\\/\\\/arabian-mood.com\\\/produit\\\/yara-candy-lattafa\\\/\",\"name\":\"Yara Candy - Lattafa - Arabian Mood\",\"isPartOf\":{\"@id\":\"https:\\\/\\\/arabian-mood.com\\\/#website\"},\"primaryImageOfPage\":{\"@id\":\"https:\\\/\\\/arabian-mood.com\\\/produit\\\/yara-candy-lattafa\\\/#primaryimage\"},\"image\":{\"@id\":\"https:\\\/\\\/arabian-mood.com\\\/produit\\\/yara-candy-lattafa\\\/#primaryimage\"},\"thumbnailUrl\":\"https:\\\/\\\/arabian-mood.com\\\/wp-content\\\/uploads\\\/2024\\\/11\\\/yara-candy-lattafa.png\",\"datePublished\":\"2024-11-07T18:10:25+00:00\",\"dateModified\":\"2025-11-05T16:05:31+00:00\",\"description\":\"D\u00e9couvrez Yara Candy de Lattafa, le parfum pour femmes gourmand qui transforme votre quotidien en moment de pure s\u00e9duction.\",\"breadcrumb\":{\"@id\":\"https:\\\/\\\/arabian-mood.com\\\/produit\\\/yara-candy-lattafa\\\/#breadcrumb\"},\"inLanguage\":\"es\",\"potentialAction\":[{\"@type\":\"ReadAction\",\"target\":[\"https:\\\/\\\/arabian-mood.com\\\/produit\\\/yara-candy-lattafa\\\/\"]}]},{\"@type\":\"ImageObject\",\"inLanguage\":\"es\",\"@id\":\"https:\\\/\\\/arabian-mood.com\\\/produit\\\/yara-candy-lattafa\\\/#primaryimage\",\"url\":\"https:\\\/\\\/arabian-mood.com\\\/wp-content\\\/uploads\\\/2024\\\/11\\\/yara-candy-lattafa.png\",\"contentUrl\":\"https:\\\/\\\/arabian-mood.com\\\/wp-content\\\/uploads\\\/2024\\\/11\\\/yara-candy-lattafa.png\",\"width\":900,\"height\":900,\"caption\":\"parfum yara candy lattafa\"},{\"@type\":\"BreadcrumbList\",\"@id\":\"https:\\\/\\\/arabian-mood.com\\\/produit\\\/yara-candy-lattafa\\\/#breadcrumb\",\"itemListElement\":[{\"@type\":\"ListItem\",\"position\":1,\"name\":\"Accueil\",\"item\":\"https:\\\/\\\/arabian-mood.com\\\/\"},{\"@type\":\"ListItem\",\"position\":2,\"name\":\"Boutique\",\"item\":\"https:\\\/\\\/arabian-mood.com\\\/boutique\\\/\"},{\"@type\":\"ListItem\",\"position\":3,\"name\":\"Yara Candy &#8211; Lattafa\"}]},{\"@type\":\"WebSite\",\"@id\":\"https:\\\/\\\/arabian-mood.com\\\/#website\",\"url\":\"https:\\\/\\\/arabian-mood.com\\\/\",\"name\":\"Arabian Mood\",\"description\":\"\",\"publisher\":{\"@id\":\"https:\\\/\\\/arabian-mood.com\\\/#organization\"},\"potentialAction\":[{\"@type\":\"SearchAction\",\"target\":{\"@type\":\"EntryPoint\",\"urlTemplate\":\"https:\\\/\\\/arabian-mood.com\\\/?s={search_term_string}\"},\"query-input\":{\"@type\":\"PropertyValueSpecification\",\"valueRequired\":true,\"valueName\":\"search_term_string\"}}],\"inLanguage\":\"es\"},{\"@type\":\"Organization\",\"@id\":\"https:\\\/\\\/arabian-mood.com\\\/#organization\",\"name\":\"Arabian Mood\",\"url\":\"https:\\\/\\\/arabian-mood.com\\\/\",\"logo\":{\"@type\":\"ImageObject\",\"inLanguage\":\"es\",\"@id\":\"https:\\\/\\\/arabian-mood.com\\\/#\\\/schema\\\/logo\\\/image\\\/\",\"url\":\"https:\\\/\\\/arabian-mood.com\\\/wp-content\\\/uploads\\\/2024\\\/09\\\/Groupe-11304.svg\",\"contentUrl\":\"https:\\\/\\\/arabian-mood.com\\\/wp-content\\\/uploads\\\/2024\\\/09\\\/Groupe-11304.svg\",\"width\":214,\"height\":27,\"caption\":\"Arabian Mood\"},\"image\":{\"@id\":\"https:\\\/\\\/arabian-mood.com\\\/#\\\/schema\\\/logo\\\/image\\\/\"},\"sameAs\":[\"https:\\\/\\\/www.instagram.com\\\/arabianmoodofficiel\\\/\"]}]}<\/script>\n<!-- \/ Yoast SEO plugin. -->","yoast_head_json":{"title":"Yara Candy - Lattafa - Arabian Mood","description":"D\u00e9couvrez Yara Candy de Lattafa, le parfum pour femmes gourmand qui transforme votre quotidien en moment de pure s\u00e9duction.","robots":{"index":"index","follow":"follow","max-snippet":"max-snippet:-1","max-image-preview":"max-image-preview:large","max-video-preview":"max-video-preview:-1"},"canonical":"https:\/\/arabian-mood.com\/es\/product\/yara-candy-lattafa\/","og_locale":"es_ES","og_type":"article","og_title":"Yara Candy - Lattafa - Arabian Mood","og_description":"D\u00e9couvrez Yara Candy de Lattafa, le parfum pour femmes gourmand qui transforme votre quotidien en moment de pure s\u00e9duction.","og_url":"https:\/\/arabian-mood.com\/es\/product\/yara-candy-lattafa\/","og_site_name":"Arabian Mood","article_modified_time":"2025-11-05T16:05:31+00:00","og_image":[{"width":900,"height":900,"url":"https:\/\/arabian-mood.com\/wp-content\/uploads\/2024\/11\/yara-candy-lattafa.png","type":"image\/png"}],"twitter_card":"summary_large_image","twitter_misc":{"Tiempo de lectura":"3 minutos"},"schema":{"@context":"https:\/\/schema.org","@graph":[{"@type":"WebPage","@id":"https:\/\/arabian-mood.com\/produit\/yara-candy-lattafa\/","url":"https:\/\/arabian-mood.com\/produit\/yara-candy-lattafa\/","name":"Yara Candy - Lattafa - Arabian Mood","isPartOf":{"@id":"https:\/\/arabian-mood.com\/#website"},"primaryImageOfPage":{"@id":"https:\/\/arabian-mood.com\/produit\/yara-candy-lattafa\/#primaryimage"},"image":{"@id":"https:\/\/arabian-mood.com\/produit\/yara-candy-lattafa\/#primaryimage"},"thumbnailUrl":"https:\/\/arabian-mood.com\/wp-content\/uploads\/2024\/11\/yara-candy-lattafa.png","datePublished":"2024-11-07T18:10:25+00:00","dateModified":"2025-11-05T16:05:31+00:00","description":"D\u00e9couvrez Yara Candy de Lattafa, le parfum pour femmes gourmand qui transforme votre quotidien en moment de pure s\u00e9duction.","breadcrumb":{"@id":"https:\/\/arabian-mood.com\/produit\/yara-candy-lattafa\/#breadcrumb"},"inLanguage":"es","potentialAction":[{"@type":"ReadAction","target":["https:\/\/arabian-mood.com\/produit\/yara-candy-lattafa\/"]}]},{"@type":"ImageObject","inLanguage":"es","@id":"https:\/\/arabian-mood.com\/produit\/yara-candy-lattafa\/#primaryimage","url":"https:\/\/arabian-mood.com\/wp-content\/uploads\/2024\/11\/yara-candy-lattafa.png","contentUrl":"https:\/\/arabian-mood.com\/wp-content\/uploads\/2024\/11\/yara-candy-lattafa.png","width":900,"height":900,"caption":"parfum yara candy lattafa"},{"@type":"BreadcrumbList","@id":"https:\/\/arabian-mood.com\/produit\/yara-candy-lattafa\/#breadcrumb","itemListElement":[{"@type":"ListItem","position":1,"name":"Accueil","item":"https:\/\/arabian-mood.com\/"},{"@type":"ListItem","position":2,"name":"Boutique","item":"https:\/\/arabian-mood.com\/boutique\/"},{"@type":"ListItem","position":3,"name":"Yara Candy &#8211; Lattafa"}]},{"@type":"WebSite","@id":"https:\/\/arabian-mood.com\/#website","url":"https:\/\/arabian-mood.com\/","name":"Ambiente \u00e1rabe","description":"","publisher":{"@id":"https:\/\/arabian-mood.com\/#organization"},"potentialAction":[{"@type":"SearchAction","target":{"@type":"EntryPoint","urlTemplate":"https:\/\/arabian-mood.com\/?s={search_term_string}"},"query-input":{"@type":"PropertyValueSpecification","valueRequired":true,"valueName":"search_term_string"}}],"inLanguage":"es"},{"@type":"Organization","@id":"https:\/\/arabian-mood.com\/#organization","name":"Ambiente \u00e1rabe","url":"https:\/\/arabian-mood.com\/","logo":{"@type":"ImageObject","inLanguage":"es","@id":"https:\/\/arabian-mood.com\/#\/schema\/logo\/image\/","url":"https:\/\/arabian-mood.com\/wp-content\/uploads\/2024\/09\/Groupe-11304.svg","contentUrl":"https:\/\/arabian-mood.com\/wp-content\/uploads\/2024\/09\/Groupe-11304.svg","width":214,"height":27,"caption":"Arabian Mood"},"image":{"@id":"https:\/\/arabian-mood.com\/#\/schema\/logo\/image\/"},"sameAs":["https:\/\/www.instagram.com\/arabianmoodofficiel\/"]}]}},"_links":{"self":[{"href":"https:\/\/arabian-mood.com\/es\/wp-json\/wp\/v2\/product\/8490","targetHints":{"allow":["GET"]}}],"collection":[{"href":"https:\/\/arabian-mood.com\/es\/wp-json\/wp\/v2\/product"}],"about":[{"href":"https:\/\/arabian-mood.com\/es\/wp-json\/wp\/v2\/types\/product"}],"wp:featuredmedia":[{"embeddable":true,"href":"https:\/\/arabian-mood.com\/es\/wp-json\/wp\/v2\/media\/8491"}],"wp:attachment":[{"href":"https:\/\/arabian-mood.com\/es\/wp-json\/wp\/v2\/media?parent=8490"}],"wp:term":[{"taxonomy":"product_brand","embeddable":true,"href":"https:\/\/arabian-mood.com\/es\/wp-json\/wp\/v2\/product_brand?post=8490"},{"taxonomy":"product_cat","embeddable":true,"href":"https:\/\/arabian-mood.com\/es\/wp-json\/wp\/v2\/product_cat?post=8490"},{"taxonomy":"product_tag","embeddable":true,"href":"https:\/\/arabian-mood.com\/es\/wp-json\/wp\/v2\/product_tag?post=8490"}],"curies":[{"name":"wp","href":"https:\/\/api.w.org\/{rel}","templated":true}]}}