{"id":8865,"date":"2025-01-25T12:58:09","date_gmt":"2025-01-25T11:58:09","guid":{"rendered":"https:\/\/arabian-mood.com\/?post_type=product&#038;p=8865"},"modified":"2025-12-03T17:25:39","modified_gmt":"2025-12-03T16:25:39","slug":"eau-de-parfum-cocoa-morado-french-avenue","status":"publish","type":"product","link":"https:\/\/arabian-mood.com\/es\/produit\/eau-de-parfum-cocoa-morado-french-avenue\/","title":{"rendered":"Eau de parfum Cocoa Morado 100 ml &#8211; French Avenue"},"content":{"rendered":"<p>Envie de d\u00e9couvrir un parfum qui ne ressemble \u00e0 aucun autre ? <strong>Cocoa Morado<\/strong> est la nouvelle cr\u00e9ation olfactive de <strong>Avenida de Francia<\/strong> qui fait tourner les t\u00eates. Cette <strong>eau de parfum pour homme<\/strong> capture l&#8217;essence m\u00eame de la s\u00e9duction. Prenez donc le temps de tester et d&#8217;appr\u00e9cier cette fragrance qui n&#8217;a que pour but de vous rendre irr\u00e9sistible.<\/p>\n<h2>Cocoa Morado de Franch Avenue : une fragrance qui marque les esprits<\/h2>\n<p>D\u00e8s la premi\u00e8re vaporisation, ce <strong>parfum oriental<\/strong> vous transporte dans un moment de pure indulgence. Imaginez la douceur des <strong>dattes fra\u00eeches<\/strong> mari\u00e9e au <strong>caramel fondant<\/strong>, puis relev\u00e9e d&#8217;<strong>\u00e9pices<\/strong> qui r\u00e9veillent les sens.<\/p>\n<p>A ces quelques mots, vous aurez l&#8217;impression qu&#8217;on fait r\u00e9f\u00e9rence \u00e0 une <strong>gourmandise<\/strong>. Pourtant, il s&#8217;agit bel et bien d&#8217;un parfum dont on parle ! Les <strong>parfums gourmands<\/strong> font votre bonheur olfactif ? Alors, <strong><a href=\"https:\/\/arabian-mood.com\/es\/product\/eau-de-parfum-eclair-affaire-french-avenue\/\">\u00c9clair Affaire<\/a><\/strong> devrait aussi s&#8217;ajouter \u00e0 votre panier\u00a0!<\/p>\n<p>Le m\u00e9lange myst\u00e9rieux d&#8217;<strong>encens<\/strong> et de <strong>cuir<\/strong> pr\u00e9sent dans cette partition affirme quant \u00e0 lui votre pr\u00e9sence sans un mot. Cocoa Morado est le parfum id\u00e9al pour l&#8217;homme qui sait ce qu&#8217;il veut et qui n&#8217;a pas peur de se d\u00e9marquer. Chaque note a d&#8217;ailleurs \u00e9t\u00e9 choisie pour cr\u00e9er une impression durable.<\/p>\n<p>Pour terminer, un m\u00e9lange de <strong>vanille de Madagascar<\/strong> et de <strong>cacao<\/strong> s&#8217;empare de vous telle une \u00e9treinte chaleureuse qui dure et dure encore. C&#8217;est ce genre de parfum qui pousse les gens \u00e0 vous interroger sur le parfum que vous portez en plus de regards intrigu\u00e9s.<\/p>\n<h3>Cocoa Morado : votre prochain atout s\u00e9duction<\/h3>\n<p>Avec son sillage captivant et sa tenue exceptionnelle, cette fragrance finira par devenir votre meilleur alli\u00e9 pour les soir\u00e9es d&#8217;hiver. Il ne vous l\u00e2che pas et reste fid\u00e8le \u00e0 sa promesse de s\u00e9duction tout au long de la journ\u00e9e. Voil\u00e0 pourquoi les hommes qui cherchent un parfum diff\u00e9rent, une fragrance qui ne passe pas inaper\u00e7ue, choisissent ce <strong>parfum oriental pour hommes<\/strong>.<\/p>\n<h3>Retrouvez confiance en soi<\/h3>\n<p>Cocoa Morado donne confiance d\u00e8s qu&#8217;on le porte et on a la conviction qu&#8217;il deviendra rapidement votre signature personnelle. Alors, pr\u00eat \u00e0 d\u00e9couvrir votre nouveau parfum signature\u00a0?<\/p>","protected":false},"excerpt":{"rendered":"<p>Notes de t\u00eate: Safran, cannelle, cardamome, gingembre, muscade<\/p>\n<p>Notes de c\u0153ur: Dattes, oud, caramel, bois d\u2019ambre, encens<\/p>\n<p>Notes de fond: Vanille de Madagascar, f\u00e8ve tonka, beurre de cacao, musc, cuir, benjoin, labdanum.<\/p>","protected":false},"featured_media":8866,"template":"","meta":[],"product_brand":[],"product_cat":[20,590,433],"product_tag":[],"class_list":{"0":"post-8865","1":"product","2":"type-product","3":"status-publish","4":"has-post-thumbnail","6":"product_cat-french-avenue","7":"product_cat-parfum-dubai-mixte","8":"product_cat-parfums-de-dubai","10":"first","11":"instock","12":"taxable","13":"shipping-taxable","14":"purchasable","15":"product-type-simple"},"yoast_head":"<!-- This site is optimized with the Yoast SEO plugin v27.5 - https:\/\/yoast.com\/product\/yoast-seo-wordpress\/ -->\n<title>Eau de parfum Cocoa Morado 100 ml - French Avenue - Arabian Mood<\/title>\n<meta name=\"robots\" content=\"index, follow, max-snippet:-1, max-image-preview:large, max-video-preview:-1\" \/>\n<link rel=\"canonical\" href=\"https:\/\/arabian-mood.com\/es\/product\/eau-de-parfum-cocoa-morado-french-avenue\/\" \/>\n<meta property=\"og:locale\" content=\"es_ES\" \/>\n<meta property=\"og:type\" content=\"article\" \/>\n<meta property=\"og:title\" content=\"Eau de parfum Cocoa Morado 100 ml - French Avenue - Arabian Mood\" \/>\n<meta property=\"og:description\" content=\"Notes de t\u00eate: Safran, cannelle, cardamome, gingembre, muscade  Notes de c\u0153ur: Dattes, oud, caramel, bois d\u2019ambre, encens  Notes de fond: Vanille de Madagascar, f\u00e8ve tonka, beurre de cacao, musc, cuir, benjoin, labdanum.\" \/>\n<meta property=\"og:url\" content=\"https:\/\/arabian-mood.com\/es\/product\/eau-de-parfum-cocoa-morado-french-avenue\/\" \/>\n<meta property=\"og:site_name\" content=\"Arabian Mood\" \/>\n<meta property=\"article:modified_time\" content=\"2025-12-03T16:25:39+00:00\" \/>\n<meta property=\"og:image\" content=\"https:\/\/arabian-mood.com\/wp-content\/uploads\/2025\/01\/cocoa-morado.jpg\" \/>\n\t<meta property=\"og:image:width\" content=\"600\" \/>\n\t<meta property=\"og:image:height\" content=\"600\" \/>\n\t<meta property=\"og:image:type\" content=\"image\/jpeg\" \/>\n<meta name=\"twitter:card\" content=\"summary_large_image\" \/>\n<meta name=\"twitter:label1\" content=\"Tiempo de lectura\" \/>\n\t<meta name=\"twitter:data1\" content=\"2 minutos\" \/>\n<script type=\"application\/ld+json\" class=\"yoast-schema-graph\">{\"@context\":\"https:\\\/\\\/schema.org\",\"@graph\":[{\"@type\":\"WebPage\",\"@id\":\"https:\\\/\\\/arabian-mood.com\\\/produit\\\/eau-de-parfum-cocoa-morado-french-avenue\\\/\",\"url\":\"https:\\\/\\\/arabian-mood.com\\\/produit\\\/eau-de-parfum-cocoa-morado-french-avenue\\\/\",\"name\":\"Eau de parfum Cocoa Morado 100 ml - French Avenue - Arabian Mood\",\"isPartOf\":{\"@id\":\"https:\\\/\\\/arabian-mood.com\\\/#website\"},\"primaryImageOfPage\":{\"@id\":\"https:\\\/\\\/arabian-mood.com\\\/produit\\\/eau-de-parfum-cocoa-morado-french-avenue\\\/#primaryimage\"},\"image\":{\"@id\":\"https:\\\/\\\/arabian-mood.com\\\/produit\\\/eau-de-parfum-cocoa-morado-french-avenue\\\/#primaryimage\"},\"thumbnailUrl\":\"https:\\\/\\\/arabian-mood.com\\\/wp-content\\\/uploads\\\/2025\\\/01\\\/cocoa-morado.jpg\",\"datePublished\":\"2025-01-25T11:58:09+00:00\",\"dateModified\":\"2025-12-03T16:25:39+00:00\",\"breadcrumb\":{\"@id\":\"https:\\\/\\\/arabian-mood.com\\\/produit\\\/eau-de-parfum-cocoa-morado-french-avenue\\\/#breadcrumb\"},\"inLanguage\":\"es\",\"potentialAction\":[{\"@type\":\"ReadAction\",\"target\":[\"https:\\\/\\\/arabian-mood.com\\\/produit\\\/eau-de-parfum-cocoa-morado-french-avenue\\\/\"]}]},{\"@type\":\"ImageObject\",\"inLanguage\":\"es\",\"@id\":\"https:\\\/\\\/arabian-mood.com\\\/produit\\\/eau-de-parfum-cocoa-morado-french-avenue\\\/#primaryimage\",\"url\":\"https:\\\/\\\/arabian-mood.com\\\/wp-content\\\/uploads\\\/2025\\\/01\\\/cocoa-morado.jpg\",\"contentUrl\":\"https:\\\/\\\/arabian-mood.com\\\/wp-content\\\/uploads\\\/2025\\\/01\\\/cocoa-morado.jpg\",\"width\":600,\"height\":600,\"caption\":\"Cocoa Morado French Avenue\"},{\"@type\":\"BreadcrumbList\",\"@id\":\"https:\\\/\\\/arabian-mood.com\\\/produit\\\/eau-de-parfum-cocoa-morado-french-avenue\\\/#breadcrumb\",\"itemListElement\":[{\"@type\":\"ListItem\",\"position\":1,\"name\":\"Accueil\",\"item\":\"https:\\\/\\\/arabian-mood.com\\\/\"},{\"@type\":\"ListItem\",\"position\":2,\"name\":\"Boutique\",\"item\":\"https:\\\/\\\/arabian-mood.com\\\/boutique\\\/\"},{\"@type\":\"ListItem\",\"position\":3,\"name\":\"Eau de parfum Cocoa Morado 100 ml &#8211; French Avenue\"}]},{\"@type\":\"WebSite\",\"@id\":\"https:\\\/\\\/arabian-mood.com\\\/#website\",\"url\":\"https:\\\/\\\/arabian-mood.com\\\/\",\"name\":\"Arabian Mood\",\"description\":\"\",\"publisher\":{\"@id\":\"https:\\\/\\\/arabian-mood.com\\\/#organization\"},\"potentialAction\":[{\"@type\":\"SearchAction\",\"target\":{\"@type\":\"EntryPoint\",\"urlTemplate\":\"https:\\\/\\\/arabian-mood.com\\\/?s={search_term_string}\"},\"query-input\":{\"@type\":\"PropertyValueSpecification\",\"valueRequired\":true,\"valueName\":\"search_term_string\"}}],\"inLanguage\":\"es\"},{\"@type\":\"Organization\",\"@id\":\"https:\\\/\\\/arabian-mood.com\\\/#organization\",\"name\":\"Arabian Mood\",\"url\":\"https:\\\/\\\/arabian-mood.com\\\/\",\"logo\":{\"@type\":\"ImageObject\",\"inLanguage\":\"es\",\"@id\":\"https:\\\/\\\/arabian-mood.com\\\/#\\\/schema\\\/logo\\\/image\\\/\",\"url\":\"https:\\\/\\\/arabian-mood.com\\\/wp-content\\\/uploads\\\/2024\\\/09\\\/Groupe-11304.svg\",\"contentUrl\":\"https:\\\/\\\/arabian-mood.com\\\/wp-content\\\/uploads\\\/2024\\\/09\\\/Groupe-11304.svg\",\"width\":214,\"height\":27,\"caption\":\"Arabian Mood\"},\"image\":{\"@id\":\"https:\\\/\\\/arabian-mood.com\\\/#\\\/schema\\\/logo\\\/image\\\/\"},\"sameAs\":[\"https:\\\/\\\/www.instagram.com\\\/arabianmoodofficiel\\\/\"]}]}<\/script>\n<!-- \/ Yoast SEO plugin. -->","yoast_head_json":{"title":"Eau de parfum Cocoa Morado 100 ml - French Avenue - Arabian Mood","robots":{"index":"index","follow":"follow","max-snippet":"max-snippet:-1","max-image-preview":"max-image-preview:large","max-video-preview":"max-video-preview:-1"},"canonical":"https:\/\/arabian-mood.com\/es\/product\/eau-de-parfum-cocoa-morado-french-avenue\/","og_locale":"es_ES","og_type":"article","og_title":"Eau de parfum Cocoa Morado 100 ml - French Avenue - Arabian Mood","og_description":"Notes de t\u00eate: Safran, cannelle, cardamome, gingembre, muscade  Notes de c\u0153ur: Dattes, oud, caramel, bois d\u2019ambre, encens  Notes de fond: Vanille de Madagascar, f\u00e8ve tonka, beurre de cacao, musc, cuir, benjoin, labdanum.","og_url":"https:\/\/arabian-mood.com\/es\/product\/eau-de-parfum-cocoa-morado-french-avenue\/","og_site_name":"Arabian Mood","article_modified_time":"2025-12-03T16:25:39+00:00","og_image":[{"width":600,"height":600,"url":"https:\/\/arabian-mood.com\/wp-content\/uploads\/2025\/01\/cocoa-morado.jpg","type":"image\/jpeg"}],"twitter_card":"summary_large_image","twitter_misc":{"Tiempo de lectura":"2 minutos"},"schema":{"@context":"https:\/\/schema.org","@graph":[{"@type":"WebPage","@id":"https:\/\/arabian-mood.com\/produit\/eau-de-parfum-cocoa-morado-french-avenue\/","url":"https:\/\/arabian-mood.com\/produit\/eau-de-parfum-cocoa-morado-french-avenue\/","name":"Eau de parfum Cocoa Morado 100 ml - French Avenue - Arabian Mood","isPartOf":{"@id":"https:\/\/arabian-mood.com\/#website"},"primaryImageOfPage":{"@id":"https:\/\/arabian-mood.com\/produit\/eau-de-parfum-cocoa-morado-french-avenue\/#primaryimage"},"image":{"@id":"https:\/\/arabian-mood.com\/produit\/eau-de-parfum-cocoa-morado-french-avenue\/#primaryimage"},"thumbnailUrl":"https:\/\/arabian-mood.com\/wp-content\/uploads\/2025\/01\/cocoa-morado.jpg","datePublished":"2025-01-25T11:58:09+00:00","dateModified":"2025-12-03T16:25:39+00:00","breadcrumb":{"@id":"https:\/\/arabian-mood.com\/produit\/eau-de-parfum-cocoa-morado-french-avenue\/#breadcrumb"},"inLanguage":"es","potentialAction":[{"@type":"ReadAction","target":["https:\/\/arabian-mood.com\/produit\/eau-de-parfum-cocoa-morado-french-avenue\/"]}]},{"@type":"ImageObject","inLanguage":"es","@id":"https:\/\/arabian-mood.com\/produit\/eau-de-parfum-cocoa-morado-french-avenue\/#primaryimage","url":"https:\/\/arabian-mood.com\/wp-content\/uploads\/2025\/01\/cocoa-morado.jpg","contentUrl":"https:\/\/arabian-mood.com\/wp-content\/uploads\/2025\/01\/cocoa-morado.jpg","width":600,"height":600,"caption":"Cocoa Morado French Avenue"},{"@type":"BreadcrumbList","@id":"https:\/\/arabian-mood.com\/produit\/eau-de-parfum-cocoa-morado-french-avenue\/#breadcrumb","itemListElement":[{"@type":"ListItem","position":1,"name":"Accueil","item":"https:\/\/arabian-mood.com\/"},{"@type":"ListItem","position":2,"name":"Boutique","item":"https:\/\/arabian-mood.com\/boutique\/"},{"@type":"ListItem","position":3,"name":"Eau de parfum Cocoa Morado 100 ml &#8211; French Avenue"}]},{"@type":"WebSite","@id":"https:\/\/arabian-mood.com\/#website","url":"https:\/\/arabian-mood.com\/","name":"Ambiente \u00e1rabe","description":"","publisher":{"@id":"https:\/\/arabian-mood.com\/#organization"},"potentialAction":[{"@type":"SearchAction","target":{"@type":"EntryPoint","urlTemplate":"https:\/\/arabian-mood.com\/?s={search_term_string}"},"query-input":{"@type":"PropertyValueSpecification","valueRequired":true,"valueName":"search_term_string"}}],"inLanguage":"es"},{"@type":"Organization","@id":"https:\/\/arabian-mood.com\/#organization","name":"Ambiente \u00e1rabe","url":"https:\/\/arabian-mood.com\/","logo":{"@type":"ImageObject","inLanguage":"es","@id":"https:\/\/arabian-mood.com\/#\/schema\/logo\/image\/","url":"https:\/\/arabian-mood.com\/wp-content\/uploads\/2024\/09\/Groupe-11304.svg","contentUrl":"https:\/\/arabian-mood.com\/wp-content\/uploads\/2024\/09\/Groupe-11304.svg","width":214,"height":27,"caption":"Arabian Mood"},"image":{"@id":"https:\/\/arabian-mood.com\/#\/schema\/logo\/image\/"},"sameAs":["https:\/\/www.instagram.com\/arabianmoodofficiel\/"]}]}},"_links":{"self":[{"href":"https:\/\/arabian-mood.com\/es\/wp-json\/wp\/v2\/product\/8865","targetHints":{"allow":["GET"]}}],"collection":[{"href":"https:\/\/arabian-mood.com\/es\/wp-json\/wp\/v2\/product"}],"about":[{"href":"https:\/\/arabian-mood.com\/es\/wp-json\/wp\/v2\/types\/product"}],"wp:featuredmedia":[{"embeddable":true,"href":"https:\/\/arabian-mood.com\/es\/wp-json\/wp\/v2\/media\/8866"}],"wp:attachment":[{"href":"https:\/\/arabian-mood.com\/es\/wp-json\/wp\/v2\/media?parent=8865"}],"wp:term":[{"taxonomy":"product_brand","embeddable":true,"href":"https:\/\/arabian-mood.com\/es\/wp-json\/wp\/v2\/product_brand?post=8865"},{"taxonomy":"product_cat","embeddable":true,"href":"https:\/\/arabian-mood.com\/es\/wp-json\/wp\/v2\/product_cat?post=8865"},{"taxonomy":"product_tag","embeddable":true,"href":"https:\/\/arabian-mood.com\/es\/wp-json\/wp\/v2\/product_tag?post=8865"}],"curies":[{"name":"wp","href":"https:\/\/api.w.org\/{rel}","templated":true}]}}