{"id":9212,"date":"2025-04-14T22:36:19","date_gmt":"2025-04-14T20:36:19","guid":{"rendered":"https:\/\/arabian-mood.com\/?post_type=product&#038;p=9212"},"modified":"2025-12-03T17:01:17","modified_gmt":"2025-12-03T16:01:17","slug":"eau-de-parfum-atheeri-lattafa","status":"publish","type":"product","link":"https:\/\/arabian-mood.com\/es\/produit\/eau-de-parfum-atheeri-lattafa\/","title":{"rendered":"Eau de parfum Atheeri 100 ml \u2013 Lattafa"},"content":{"rendered":"<p data-pm-slice=\"0 0 []\"><strong>Atheeri Lattafa<\/strong> offre une exp\u00e9rience olfactive \u00e0 la fois florale et gourmande, id\u00e9ale pour celles qui recherchent une <strong>fragrance f\u00e9minine<\/strong> et l\u00e9g\u00e8re \u00e0 la fois, \u00e0 porter au quotidien.<\/p>\n<h2>Description d&#8217;Atheeri Lattafa<\/h2>\n<p>Au premier contact, Atheeri lib\u00e8re des notes fra\u00eeches qui \u00e9voquent la ros\u00e9e du matin, d\u00e9licatement enrichies par la <strong>passiflore<\/strong>. Ce d\u00e9but l\u00e9ger apporte un vrai contraste avec les <strong>perfumes orientales<\/strong> plus puissants.<\/p>\n<p>Dans le c\u0153ur d\u2019Atheeri Lattafa, l\u2019<strong>orchid\u00e9e<\/strong> y el <strong>jazm\u00edn<\/strong> se rencontrent pour cr\u00e9er un duo floral \u00e9l\u00e9gant. Ces fleurs blanches apportent une \u00e9l\u00e9gance naturelle sans jamais basculer dans l&#8217;exc\u00e8s. C&#8217;est cette harmonie qui fait la signature particuli\u00e8re de ce parfum.<\/p>\n<p>Enfin, cette partition s&#8217;ach\u00e8ve avec la\u00a0<strong>vainilla<\/strong> y el <strong>bois d\u2019ambre<\/strong>. Lattafa a trouv\u00e9 le juste dosage pour ces notes gourmandes, \u00e9vitant le c\u00f4t\u00e9 trop sucr\u00e9 que l&#8217;on retrouve dans beaucoup de parfums similaires sur le march\u00e9.<\/p>\n<h3>Les performances d&#8217;Atheeri Lattafa<\/h3>\n<p>Les utilisatrices d&#8217;Atheeri appr\u00e9cient sa tenue sur la peau. Une application le matin reste perceptible jusqu&#8217;en fin de journ\u00e9e sans n\u00e9cessiter de retouches constantes. Son sillage est pr\u00e9sent mais discret, ce qui en fait un parfum id\u00e9al pour chacune de vos occasions, m\u00eame les plus importantes.<\/p>\n<p>Parce qu&#8217;il ne fatigue pas les sens, vous n&#8217;aurez aucune difficult\u00e9 \u00e0 l&#8217;utiliser chaque jour. D&#8217;ailleurs, les compliments ne vont cesser de pleuvoir. Avec ses nombreuses qualit\u00e9s, Atheeri Lattafa a tout pour conna\u00eetre un succ\u00e8s comparable \u00e0\u00a0<a href=\"https:\/\/arabian-mood.com\/es\/product\/mayar\/\"><strong>Mayar<\/strong><\/a>.<\/p>\n<p>Propos\u00e9 \u00e0 un prix abordable, ce\u00a0<strong>parfum oriental pour femme<\/strong> repr\u00e9sente un excellent rapport qualit\u00e9-prix dans l&#8217;univers des parfums orientaux. Le flacon simple mais fonctionnel contient 100 ml de parfum. Il garantit donc plusieurs mois d&#8217;utilisation m\u00eame en application quotidienne.<\/p>\n<h3>Un parfum f\u00e9minin plein de potentiel<\/h3>\n<p>Atheeri Lattafa s&#8217;appr\u00eate \u00e0 adoucir votre quotidien. Vous pourrez aussi bien le porter au printemps qu&#8217;en \u00e9t\u00e9. D\u00e9couvrez sans plus attendre cette <strong>fragrance florale<\/strong> gourmande accessible \u00e0 un prix plus que correct.<\/p>","protected":false},"excerpt":{"rendered":"<p><strong>Notas de salida:<\/strong> Passiflore, Goutte de ros\u00e9e.<\/p>\n<p><strong>Notas de coraz\u00f3n:<\/strong> Orchid\u00e9e, Jasmin.<\/p>\n<p><strong>Notas de fondo:<\/strong> Vanille, Bois d&#8217;ambre.<\/p>","protected":false},"featured_media":9213,"template":"","meta":[],"product_brand":[],"product_cat":[518,590,152,433],"product_tag":[],"class_list":{"0":"post-9212","1":"product","2":"type-product","3":"status-publish","4":"has-post-thumbnail","6":"product_cat-lattafa","7":"product_cat-parfum-dubai-mixte","8":"product_cat-mixte","9":"product_cat-parfums-de-dubai","11":"first","12":"instock","13":"taxable","14":"shipping-taxable","15":"purchasable","16":"product-type-simple"},"yoast_head":"<!-- This site is optimized with the Yoast SEO plugin v27.5 - https:\/\/yoast.com\/product\/yoast-seo-wordpress\/ -->\n<title>Eau de parfum Atheeri 100 ml - Lattafa<\/title>\n<meta name=\"description\" content=\"D\u00e9couvrez en exclusivit\u00e9 dans votre parfumerie orientale Atheeri Lattafa, un nouveau parfum de Duba\u00ef pour femmes \u00e0 la fois doux et floral.\" \/>\n<meta name=\"robots\" content=\"index, follow, max-snippet:-1, max-image-preview:large, max-video-preview:-1\" \/>\n<link rel=\"canonical\" href=\"https:\/\/arabian-mood.com\/es\/product\/eau-de-parfum-atheeri-lattafa\/\" \/>\n<meta property=\"og:locale\" content=\"es_ES\" \/>\n<meta property=\"og:type\" content=\"article\" \/>\n<meta property=\"og:title\" content=\"Eau de parfum Atheeri 100 ml - Lattafa\" \/>\n<meta property=\"og:description\" content=\"D\u00e9couvrez en exclusivit\u00e9 dans votre parfumerie orientale Atheeri Lattafa, un nouveau parfum de Duba\u00ef pour femmes \u00e0 la fois doux et floral.\" \/>\n<meta property=\"og:url\" content=\"https:\/\/arabian-mood.com\/es\/product\/eau-de-parfum-atheeri-lattafa\/\" \/>\n<meta property=\"og:site_name\" content=\"Arabian Mood\" \/>\n<meta property=\"article:modified_time\" content=\"2025-12-03T16:01:17+00:00\" \/>\n<meta property=\"og:image\" content=\"https:\/\/arabian-mood.com\/wp-content\/uploads\/2025\/04\/1_180fa5fd-3bea-42bf-82be-89d0cae0c5fd.jpg\" \/>\n\t<meta property=\"og:image:width\" content=\"600\" \/>\n\t<meta property=\"og:image:height\" content=\"600\" \/>\n\t<meta property=\"og:image:type\" content=\"image\/jpeg\" \/>\n<meta name=\"twitter:card\" content=\"summary_large_image\" \/>\n<meta name=\"twitter:label1\" content=\"Tiempo de lectura\" \/>\n\t<meta name=\"twitter:data1\" content=\"2 minutos\" \/>\n<script type=\"application\/ld+json\" class=\"yoast-schema-graph\">{\"@context\":\"https:\\\/\\\/schema.org\",\"@graph\":[{\"@type\":\"WebPage\",\"@id\":\"https:\\\/\\\/arabian-mood.com\\\/produit\\\/eau-de-parfum-atheeri-lattafa\\\/\",\"url\":\"https:\\\/\\\/arabian-mood.com\\\/produit\\\/eau-de-parfum-atheeri-lattafa\\\/\",\"name\":\"Eau de parfum Atheeri 100 ml - Lattafa\",\"isPartOf\":{\"@id\":\"https:\\\/\\\/arabian-mood.com\\\/#website\"},\"primaryImageOfPage\":{\"@id\":\"https:\\\/\\\/arabian-mood.com\\\/produit\\\/eau-de-parfum-atheeri-lattafa\\\/#primaryimage\"},\"image\":{\"@id\":\"https:\\\/\\\/arabian-mood.com\\\/produit\\\/eau-de-parfum-atheeri-lattafa\\\/#primaryimage\"},\"thumbnailUrl\":\"https:\\\/\\\/arabian-mood.com\\\/wp-content\\\/uploads\\\/2025\\\/04\\\/1_180fa5fd-3bea-42bf-82be-89d0cae0c5fd.jpg\",\"datePublished\":\"2025-04-14T20:36:19+00:00\",\"dateModified\":\"2025-12-03T16:01:17+00:00\",\"description\":\"D\u00e9couvrez en exclusivit\u00e9 dans votre parfumerie orientale Atheeri Lattafa, un nouveau parfum de Duba\u00ef pour femmes \u00e0 la fois doux et floral.\",\"breadcrumb\":{\"@id\":\"https:\\\/\\\/arabian-mood.com\\\/produit\\\/eau-de-parfum-atheeri-lattafa\\\/#breadcrumb\"},\"inLanguage\":\"es\",\"potentialAction\":[{\"@type\":\"ReadAction\",\"target\":[\"https:\\\/\\\/arabian-mood.com\\\/produit\\\/eau-de-parfum-atheeri-lattafa\\\/\"]}]},{\"@type\":\"ImageObject\",\"inLanguage\":\"es\",\"@id\":\"https:\\\/\\\/arabian-mood.com\\\/produit\\\/eau-de-parfum-atheeri-lattafa\\\/#primaryimage\",\"url\":\"https:\\\/\\\/arabian-mood.com\\\/wp-content\\\/uploads\\\/2025\\\/04\\\/1_180fa5fd-3bea-42bf-82be-89d0cae0c5fd.jpg\",\"contentUrl\":\"https:\\\/\\\/arabian-mood.com\\\/wp-content\\\/uploads\\\/2025\\\/04\\\/1_180fa5fd-3bea-42bf-82be-89d0cae0c5fd.jpg\",\"width\":600,\"height\":600,\"caption\":\"Atheeri Lattafa\"},{\"@type\":\"BreadcrumbList\",\"@id\":\"https:\\\/\\\/arabian-mood.com\\\/produit\\\/eau-de-parfum-atheeri-lattafa\\\/#breadcrumb\",\"itemListElement\":[{\"@type\":\"ListItem\",\"position\":1,\"name\":\"Accueil\",\"item\":\"https:\\\/\\\/arabian-mood.com\\\/\"},{\"@type\":\"ListItem\",\"position\":2,\"name\":\"Boutique\",\"item\":\"https:\\\/\\\/arabian-mood.com\\\/boutique\\\/\"},{\"@type\":\"ListItem\",\"position\":3,\"name\":\"Eau de parfum Atheeri 100 ml &#8211; Lattafa\"}]},{\"@type\":\"WebSite\",\"@id\":\"https:\\\/\\\/arabian-mood.com\\\/#website\",\"url\":\"https:\\\/\\\/arabian-mood.com\\\/\",\"name\":\"Arabian Mood\",\"description\":\"\",\"publisher\":{\"@id\":\"https:\\\/\\\/arabian-mood.com\\\/#organization\"},\"potentialAction\":[{\"@type\":\"SearchAction\",\"target\":{\"@type\":\"EntryPoint\",\"urlTemplate\":\"https:\\\/\\\/arabian-mood.com\\\/?s={search_term_string}\"},\"query-input\":{\"@type\":\"PropertyValueSpecification\",\"valueRequired\":true,\"valueName\":\"search_term_string\"}}],\"inLanguage\":\"es\"},{\"@type\":\"Organization\",\"@id\":\"https:\\\/\\\/arabian-mood.com\\\/#organization\",\"name\":\"Arabian Mood\",\"url\":\"https:\\\/\\\/arabian-mood.com\\\/\",\"logo\":{\"@type\":\"ImageObject\",\"inLanguage\":\"es\",\"@id\":\"https:\\\/\\\/arabian-mood.com\\\/#\\\/schema\\\/logo\\\/image\\\/\",\"url\":\"https:\\\/\\\/arabian-mood.com\\\/wp-content\\\/uploads\\\/2024\\\/09\\\/Groupe-11304.svg\",\"contentUrl\":\"https:\\\/\\\/arabian-mood.com\\\/wp-content\\\/uploads\\\/2024\\\/09\\\/Groupe-11304.svg\",\"width\":214,\"height\":27,\"caption\":\"Arabian Mood\"},\"image\":{\"@id\":\"https:\\\/\\\/arabian-mood.com\\\/#\\\/schema\\\/logo\\\/image\\\/\"},\"sameAs\":[\"https:\\\/\\\/www.instagram.com\\\/arabianmoodofficiel\\\/\"]}]}<\/script>\n<!-- \/ Yoast SEO plugin. -->","yoast_head_json":{"title":"Eau de parfum Atheeri 100 ml - Lattafa","description":"D\u00e9couvrez en exclusivit\u00e9 dans votre parfumerie orientale Atheeri Lattafa, un nouveau parfum de Duba\u00ef pour femmes \u00e0 la fois doux et floral.","robots":{"index":"index","follow":"follow","max-snippet":"max-snippet:-1","max-image-preview":"max-image-preview:large","max-video-preview":"max-video-preview:-1"},"canonical":"https:\/\/arabian-mood.com\/es\/product\/eau-de-parfum-atheeri-lattafa\/","og_locale":"es_ES","og_type":"article","og_title":"Eau de parfum Atheeri 100 ml - Lattafa","og_description":"D\u00e9couvrez en exclusivit\u00e9 dans votre parfumerie orientale Atheeri Lattafa, un nouveau parfum de Duba\u00ef pour femmes \u00e0 la fois doux et floral.","og_url":"https:\/\/arabian-mood.com\/es\/product\/eau-de-parfum-atheeri-lattafa\/","og_site_name":"Arabian Mood","article_modified_time":"2025-12-03T16:01:17+00:00","og_image":[{"width":600,"height":600,"url":"https:\/\/arabian-mood.com\/wp-content\/uploads\/2025\/04\/1_180fa5fd-3bea-42bf-82be-89d0cae0c5fd.jpg","type":"image\/jpeg"}],"twitter_card":"summary_large_image","twitter_misc":{"Tiempo de lectura":"2 minutos"},"schema":{"@context":"https:\/\/schema.org","@graph":[{"@type":"WebPage","@id":"https:\/\/arabian-mood.com\/produit\/eau-de-parfum-atheeri-lattafa\/","url":"https:\/\/arabian-mood.com\/produit\/eau-de-parfum-atheeri-lattafa\/","name":"Eau de parfum Atheeri 100 ml - Lattafa","isPartOf":{"@id":"https:\/\/arabian-mood.com\/#website"},"primaryImageOfPage":{"@id":"https:\/\/arabian-mood.com\/produit\/eau-de-parfum-atheeri-lattafa\/#primaryimage"},"image":{"@id":"https:\/\/arabian-mood.com\/produit\/eau-de-parfum-atheeri-lattafa\/#primaryimage"},"thumbnailUrl":"https:\/\/arabian-mood.com\/wp-content\/uploads\/2025\/04\/1_180fa5fd-3bea-42bf-82be-89d0cae0c5fd.jpg","datePublished":"2025-04-14T20:36:19+00:00","dateModified":"2025-12-03T16:01:17+00:00","description":"D\u00e9couvrez en exclusivit\u00e9 dans votre parfumerie orientale Atheeri Lattafa, un nouveau parfum de Duba\u00ef pour femmes \u00e0 la fois doux et floral.","breadcrumb":{"@id":"https:\/\/arabian-mood.com\/produit\/eau-de-parfum-atheeri-lattafa\/#breadcrumb"},"inLanguage":"es","potentialAction":[{"@type":"ReadAction","target":["https:\/\/arabian-mood.com\/produit\/eau-de-parfum-atheeri-lattafa\/"]}]},{"@type":"ImageObject","inLanguage":"es","@id":"https:\/\/arabian-mood.com\/produit\/eau-de-parfum-atheeri-lattafa\/#primaryimage","url":"https:\/\/arabian-mood.com\/wp-content\/uploads\/2025\/04\/1_180fa5fd-3bea-42bf-82be-89d0cae0c5fd.jpg","contentUrl":"https:\/\/arabian-mood.com\/wp-content\/uploads\/2025\/04\/1_180fa5fd-3bea-42bf-82be-89d0cae0c5fd.jpg","width":600,"height":600,"caption":"Atheeri Lattafa"},{"@type":"BreadcrumbList","@id":"https:\/\/arabian-mood.com\/produit\/eau-de-parfum-atheeri-lattafa\/#breadcrumb","itemListElement":[{"@type":"ListItem","position":1,"name":"Accueil","item":"https:\/\/arabian-mood.com\/"},{"@type":"ListItem","position":2,"name":"Boutique","item":"https:\/\/arabian-mood.com\/boutique\/"},{"@type":"ListItem","position":3,"name":"Eau de parfum Atheeri 100 ml &#8211; Lattafa"}]},{"@type":"WebSite","@id":"https:\/\/arabian-mood.com\/#website","url":"https:\/\/arabian-mood.com\/","name":"Ambiente \u00e1rabe","description":"","publisher":{"@id":"https:\/\/arabian-mood.com\/#organization"},"potentialAction":[{"@type":"SearchAction","target":{"@type":"EntryPoint","urlTemplate":"https:\/\/arabian-mood.com\/?s={search_term_string}"},"query-input":{"@type":"PropertyValueSpecification","valueRequired":true,"valueName":"search_term_string"}}],"inLanguage":"es"},{"@type":"Organization","@id":"https:\/\/arabian-mood.com\/#organization","name":"Ambiente \u00e1rabe","url":"https:\/\/arabian-mood.com\/","logo":{"@type":"ImageObject","inLanguage":"es","@id":"https:\/\/arabian-mood.com\/#\/schema\/logo\/image\/","url":"https:\/\/arabian-mood.com\/wp-content\/uploads\/2024\/09\/Groupe-11304.svg","contentUrl":"https:\/\/arabian-mood.com\/wp-content\/uploads\/2024\/09\/Groupe-11304.svg","width":214,"height":27,"caption":"Arabian Mood"},"image":{"@id":"https:\/\/arabian-mood.com\/#\/schema\/logo\/image\/"},"sameAs":["https:\/\/www.instagram.com\/arabianmoodofficiel\/"]}]}},"_links":{"self":[{"href":"https:\/\/arabian-mood.com\/es\/wp-json\/wp\/v2\/product\/9212","targetHints":{"allow":["GET"]}}],"collection":[{"href":"https:\/\/arabian-mood.com\/es\/wp-json\/wp\/v2\/product"}],"about":[{"href":"https:\/\/arabian-mood.com\/es\/wp-json\/wp\/v2\/types\/product"}],"wp:featuredmedia":[{"embeddable":true,"href":"https:\/\/arabian-mood.com\/es\/wp-json\/wp\/v2\/media\/9213"}],"wp:attachment":[{"href":"https:\/\/arabian-mood.com\/es\/wp-json\/wp\/v2\/media?parent=9212"}],"wp:term":[{"taxonomy":"product_brand","embeddable":true,"href":"https:\/\/arabian-mood.com\/es\/wp-json\/wp\/v2\/product_brand?post=9212"},{"taxonomy":"product_cat","embeddable":true,"href":"https:\/\/arabian-mood.com\/es\/wp-json\/wp\/v2\/product_cat?post=9212"},{"taxonomy":"product_tag","embeddable":true,"href":"https:\/\/arabian-mood.com\/es\/wp-json\/wp\/v2\/product_tag?post=9212"}],"curies":[{"name":"wp","href":"https:\/\/api.w.org\/{rel}","templated":true}]}}