{"id":9397,"date":"2025-06-28T17:52:57","date_gmt":"2025-06-28T15:52:57","guid":{"rendered":"https:\/\/arabian-mood.com\/?post_type=product&#038;p=9397"},"modified":"2026-04-08T18:59:56","modified_gmt":"2026-04-08T16:59:56","slug":"eau-de-parfum-mavro-200-ml-gissah","status":"publish","type":"product","link":"https:\/\/arabian-mood.com\/es\/produit\/eau-de-parfum-mavro-200-ml-gissah\/","title":{"rendered":"Eau de parfum Mavro 200 ml \u2013 Gissah"},"content":{"rendered":"<p>Il y a des parfums qu&#8217;on porte pour se fondre dans la masse. Et puis il y a <strong>Mavro<\/strong>. Lanc\u00e9 en 2024 par la maison <strong>Gissah<\/strong>, ce parfum oriental niche s&#8217;impose d&#8217;embl\u00e9e comme une fragrance de caract\u00e8re, pens\u00e9e pour ceux qui assument pleinement leur pr\u00e9sence.<\/p>\n<h3>D\u00e9couverte de Mavro, un parfum plein de caract\u00e8re sign\u00e9 Gissah<\/h3>\n<p>Ce <strong>parfum oriental pour hommes<\/strong> s&#8217;ouvre sur une explosion d&#8217;<strong>agrumes<\/strong> : <strong>bergamota<\/strong>, <strong>citron<\/strong> y <strong>pamplemousse <\/strong>relev\u00e9s par une touche de <strong>pimienta rosa<\/strong> qui apporte imm\u00e9diatement du piquant et de la personnalit\u00e9. C&#8217;est frais, \u00e9nergique, presque addictif. Une ouverture qui donne envie de conna\u00eetre la suite.<\/p>\n<p>C&#8217;est dans sa note de c\u0153ur l\u00e0 que Mavro r\u00e9v\u00e8le sa vraie signature. Le <strong>azafr\u00e1n<\/strong> monte en puissance, chaud et envo\u00fbtant, tandis que le <strong>pralin\u00e9<\/strong> installe une douceur gourmande \u00e9l\u00e9gante. Cet accord est la colonne vert\u00e9brale du parfum : oriental, moderne, irr\u00e9sistible. C&#8217;est pr\u00e9cis\u00e9ment ce qui le distingue des fragrances classiques et lui donne ce positionnement niche accessible si recherch\u00e9 aujourd&#8217;hui.<\/p>\n<p>En fond, le <strong>c\u00e8dre<\/strong>, le <strong>pachul\u00ed<\/strong> y la <strong>haba tonka<\/strong> prennent le relais pour installer une chaleur bois\u00e9e et l\u00e9g\u00e8rement vanill\u00e9e. Le parfum \u00e9volue naturellement vers quelque chose de plus profond, plus intime, sans jamais perdre son \u00e9l\u00e9gance.<\/p>\n<p>En ce qui concerne la tenue, elle est au-dessus de la moyenne, avec une projection assez forte en d\u00e9but de journ\u00e9e, typique des <strong>fragrances orientales de qualit\u00e9<\/strong>.<\/p>\n<h2>Mavro by Gissah, le parfum des hommes qui sont tout sauf discret<\/h2>\n<p>Mavro est taill\u00e9 pour l&#8217;homme au style affirm\u00e9 qui ne cherche pas \u00e0 passer inaper\u00e7u. Soir\u00e9e, rendez-vous, sortie : c&#8217;est un <strong>parfum de pr\u00e9sence<\/strong> qui marque les esprits. Id\u00e9al en automne et en hiver, il reste \u00e9galement redoutable en soir\u00e9e estivale. Un flacon, une signature. Mavro, c&#8217;est exactement \u00e7a. Affirmez votre caract\u00e8re en \u00e9largissant votre collection priv\u00e9e avec<a href=\"https:\/\/arabian-mood.com\/es\/product\/eau-de-parfum-qurashi-blend-noir-90-ml-abdul-samad-al-qurashi\/\"> <strong>Blend Noir<\/strong><\/a>, un parfum surpuissant.<\/p>\n<h3>A d\u00e9couvrir \u00e9galement chez Gissah&#8230;<\/h3>\n<p>Gissah, c\u2019est aussi des parfums ensoleill\u00e9s, ainsi que des cr\u00e9ations d\u00e9di\u00e9es aux femmes. Ainsi, prenez le temps d\u2019explorer ce catalogue riche, capable de r\u00e9pondre aux attentes olfactives les plus vari\u00e9es.<\/p>","protected":false},"excerpt":{"rendered":"<section class=\"elementor-section elementor-inner-section elementor-element elementor-element-bd10d66 elementor-section-boxed elementor-section-height-default elementor-section-height-default\" data-id=\"bd10d66\" data-element_type=\"section\">\n<div class=\"elementor-container elementor-column-gap-default\">\n<div class=\"elementor-column elementor-col-100 elementor-inner-column elementor-element elementor-element-40f0694\" data-id=\"40f0694\" data-element_type=\"column\">\n<div class=\"elementor-widget-wrap elementor-element-populated\">\n<div class=\"elementor-element elementor-element-c183d55 elementor-widget elementor-widget-woocommerce-product-short-description\" data-id=\"c183d55\" data-element_type=\"widget\" data-widget_type=\"woocommerce-product-short-description.default\">\n<div class=\"elementor-widget-container\">\n<div class=\"woocommerce-product-details__short-description\">\n<p><strong>Nota de salida<\/strong> : Bergamote, Citron, Poivre rose<br \/>\n<strong>Nota de coraz\u00f3n<\/strong> : Bois de c\u00e8dre, Safran, Pamplemousse<br \/>\n<strong>Nota de antecedentes<\/strong> : Patchouli, Tonka, Ambre<\/p>\n<p><strong>G\u00e9nero<\/strong> : masculin<\/p>\n<\/div>\n<\/div>\n<\/div>\n<\/div>\n<\/div>\n<\/div>\n<\/section>\n<section class=\"elementor-section elementor-inner-section elementor-element elementor-element-17b17a1 elementor-section-boxed elementor-section-height-default elementor-section-height-default\" data-id=\"17b17a1\" data-element_type=\"section\">\n<div class=\"elementor-container elementor-column-gap-default\">\n<div class=\"elementor-column elementor-col-100 elementor-inner-column elementor-element elementor-element-4db61de\" data-id=\"4db61de\" data-element_type=\"column\">\n<div class=\"elementor-widget-wrap elementor-element-populated\">\n<div class=\"elementor-element elementor-element-371ef5b elementor-widget elementor-widget-heading\" data-id=\"371ef5b\" data-element_type=\"widget\" data-settings=\"{&quot;ee_display_conditions_enable&quot;:&quot;yes&quot;,&quot;ee_display_conditions_output&quot;:&quot;yes&quot;}\" data-widget_type=\"heading.default\">\n<div class=\"elementor-widget-container\"><\/div>\n<\/div>\n<\/div>\n<\/div>\n<\/div>\n<\/section>","protected":false},"featured_media":9398,"template":"","meta":[],"product_brand":[],"product_cat":[580],"product_tag":[],"class_list":{"0":"post-9397","1":"product","2":"type-product","3":"status-publish","4":"has-post-thumbnail","6":"product_cat-gissah-perfumes","8":"first","9":"instock","10":"taxable","11":"shipping-taxable","12":"purchasable","13":"product-type-simple"},"yoast_head":"<!-- This site is optimized with the Yoast SEO plugin v27.5 - https:\/\/yoast.com\/product\/yoast-seo-wordpress\/ -->\n<title>Eau de parfum Mavro 200 ml - Gissah | Parfumpour hommes<\/title>\n<meta name=\"description\" content=\"D\u00e9couvrez Mavro de Gissah : un parfum puissant aux notes fra\u00eeches, sucr\u00e9es et bois\u00e9es. Une signature moderne et intense \u00e0 tester d\u00e8s maintenant.\" \/>\n<meta name=\"robots\" content=\"index, follow, max-snippet:-1, max-image-preview:large, max-video-preview:-1\" \/>\n<link rel=\"canonical\" href=\"https:\/\/arabian-mood.com\/es\/product\/eau-de-parfum-mavro-200-ml-gissah\/\" \/>\n<meta property=\"og:locale\" content=\"es_ES\" \/>\n<meta property=\"og:type\" content=\"article\" \/>\n<meta property=\"og:title\" content=\"Eau de parfum Mavro 200 ml - Gissah | Parfumpour hommes\" \/>\n<meta property=\"og:description\" content=\"D\u00e9couvrez Mavro de Gissah : un parfum puissant aux notes fra\u00eeches, sucr\u00e9es et bois\u00e9es. Une signature moderne et intense \u00e0 tester d\u00e8s maintenant.\" \/>\n<meta property=\"og:url\" content=\"https:\/\/arabian-mood.com\/es\/product\/eau-de-parfum-mavro-200-ml-gissah\/\" \/>\n<meta property=\"og:site_name\" content=\"Arabian Mood\" \/>\n<meta property=\"article:modified_time\" content=\"2026-04-08T16:59:56+00:00\" \/>\n<meta property=\"og:image\" content=\"https:\/\/arabian-mood.com\/wp-content\/uploads\/2025\/06\/Mavro-Gissah.jpg\" \/>\n\t<meta property=\"og:image:width\" content=\"600\" \/>\n\t<meta property=\"og:image:height\" content=\"600\" \/>\n\t<meta property=\"og:image:type\" content=\"image\/jpeg\" \/>\n<meta name=\"twitter:card\" content=\"summary_large_image\" \/>\n<meta name=\"twitter:label1\" content=\"Tiempo de lectura\" \/>\n\t<meta name=\"twitter:data1\" content=\"2 minutos\" \/>\n<script type=\"application\/ld+json\" class=\"yoast-schema-graph\">{\"@context\":\"https:\\\/\\\/schema.org\",\"@graph\":[{\"@type\":\"WebPage\",\"@id\":\"https:\\\/\\\/arabian-mood.com\\\/produit\\\/eau-de-parfum-mavro-200-ml-gissah\\\/\",\"url\":\"https:\\\/\\\/arabian-mood.com\\\/produit\\\/eau-de-parfum-mavro-200-ml-gissah\\\/\",\"name\":\"Eau de parfum Mavro 200 ml - Gissah | Parfumpour hommes\",\"isPartOf\":{\"@id\":\"https:\\\/\\\/arabian-mood.com\\\/#website\"},\"primaryImageOfPage\":{\"@id\":\"https:\\\/\\\/arabian-mood.com\\\/produit\\\/eau-de-parfum-mavro-200-ml-gissah\\\/#primaryimage\"},\"image\":{\"@id\":\"https:\\\/\\\/arabian-mood.com\\\/produit\\\/eau-de-parfum-mavro-200-ml-gissah\\\/#primaryimage\"},\"thumbnailUrl\":\"https:\\\/\\\/arabian-mood.com\\\/wp-content\\\/uploads\\\/2025\\\/06\\\/Mavro-Gissah.jpg\",\"datePublished\":\"2025-06-28T15:52:57+00:00\",\"dateModified\":\"2026-04-08T16:59:56+00:00\",\"description\":\"D\u00e9couvrez Mavro de Gissah : un parfum puissant aux notes fra\u00eeches, sucr\u00e9es et bois\u00e9es. Une signature moderne et intense \u00e0 tester d\u00e8s maintenant.\",\"breadcrumb\":{\"@id\":\"https:\\\/\\\/arabian-mood.com\\\/produit\\\/eau-de-parfum-mavro-200-ml-gissah\\\/#breadcrumb\"},\"inLanguage\":\"es\",\"potentialAction\":[{\"@type\":\"ReadAction\",\"target\":[\"https:\\\/\\\/arabian-mood.com\\\/produit\\\/eau-de-parfum-mavro-200-ml-gissah\\\/\"]}]},{\"@type\":\"ImageObject\",\"inLanguage\":\"es\",\"@id\":\"https:\\\/\\\/arabian-mood.com\\\/produit\\\/eau-de-parfum-mavro-200-ml-gissah\\\/#primaryimage\",\"url\":\"https:\\\/\\\/arabian-mood.com\\\/wp-content\\\/uploads\\\/2025\\\/06\\\/Mavro-Gissah.jpg\",\"contentUrl\":\"https:\\\/\\\/arabian-mood.com\\\/wp-content\\\/uploads\\\/2025\\\/06\\\/Mavro-Gissah.jpg\",\"width\":600,\"height\":600,\"caption\":\"Mavro Gissah\"},{\"@type\":\"BreadcrumbList\",\"@id\":\"https:\\\/\\\/arabian-mood.com\\\/produit\\\/eau-de-parfum-mavro-200-ml-gissah\\\/#breadcrumb\",\"itemListElement\":[{\"@type\":\"ListItem\",\"position\":1,\"name\":\"Accueil\",\"item\":\"https:\\\/\\\/arabian-mood.com\\\/\"},{\"@type\":\"ListItem\",\"position\":2,\"name\":\"Boutique\",\"item\":\"https:\\\/\\\/arabian-mood.com\\\/boutique\\\/\"},{\"@type\":\"ListItem\",\"position\":3,\"name\":\"Eau de parfum Mavro 200 ml &#8211; Gissah\"}]},{\"@type\":\"WebSite\",\"@id\":\"https:\\\/\\\/arabian-mood.com\\\/#website\",\"url\":\"https:\\\/\\\/arabian-mood.com\\\/\",\"name\":\"Arabian Mood\",\"description\":\"\",\"publisher\":{\"@id\":\"https:\\\/\\\/arabian-mood.com\\\/#organization\"},\"potentialAction\":[{\"@type\":\"SearchAction\",\"target\":{\"@type\":\"EntryPoint\",\"urlTemplate\":\"https:\\\/\\\/arabian-mood.com\\\/?s={search_term_string}\"},\"query-input\":{\"@type\":\"PropertyValueSpecification\",\"valueRequired\":true,\"valueName\":\"search_term_string\"}}],\"inLanguage\":\"es\"},{\"@type\":\"Organization\",\"@id\":\"https:\\\/\\\/arabian-mood.com\\\/#organization\",\"name\":\"Arabian Mood\",\"url\":\"https:\\\/\\\/arabian-mood.com\\\/\",\"logo\":{\"@type\":\"ImageObject\",\"inLanguage\":\"es\",\"@id\":\"https:\\\/\\\/arabian-mood.com\\\/#\\\/schema\\\/logo\\\/image\\\/\",\"url\":\"https:\\\/\\\/arabian-mood.com\\\/wp-content\\\/uploads\\\/2024\\\/09\\\/Groupe-11304.svg\",\"contentUrl\":\"https:\\\/\\\/arabian-mood.com\\\/wp-content\\\/uploads\\\/2024\\\/09\\\/Groupe-11304.svg\",\"width\":214,\"height\":27,\"caption\":\"Arabian Mood\"},\"image\":{\"@id\":\"https:\\\/\\\/arabian-mood.com\\\/#\\\/schema\\\/logo\\\/image\\\/\"},\"sameAs\":[\"https:\\\/\\\/www.instagram.com\\\/arabianmoodofficiel\\\/\"]}]}<\/script>\n<!-- \/ Yoast SEO plugin. -->","yoast_head_json":{"title":"Eau de parfum Mavro 200 ml - Gissah | Parfumpour hommes","description":"D\u00e9couvrez Mavro de Gissah : un parfum puissant aux notes fra\u00eeches, sucr\u00e9es et bois\u00e9es. Une signature moderne et intense \u00e0 tester d\u00e8s maintenant.","robots":{"index":"index","follow":"follow","max-snippet":"max-snippet:-1","max-image-preview":"max-image-preview:large","max-video-preview":"max-video-preview:-1"},"canonical":"https:\/\/arabian-mood.com\/es\/product\/eau-de-parfum-mavro-200-ml-gissah\/","og_locale":"es_ES","og_type":"article","og_title":"Eau de parfum Mavro 200 ml - Gissah | Parfumpour hommes","og_description":"D\u00e9couvrez Mavro de Gissah : un parfum puissant aux notes fra\u00eeches, sucr\u00e9es et bois\u00e9es. Une signature moderne et intense \u00e0 tester d\u00e8s maintenant.","og_url":"https:\/\/arabian-mood.com\/es\/product\/eau-de-parfum-mavro-200-ml-gissah\/","og_site_name":"Arabian Mood","article_modified_time":"2026-04-08T16:59:56+00:00","og_image":[{"width":600,"height":600,"url":"https:\/\/arabian-mood.com\/wp-content\/uploads\/2025\/06\/Mavro-Gissah.jpg","type":"image\/jpeg"}],"twitter_card":"summary_large_image","twitter_misc":{"Tiempo de lectura":"2 minutos"},"schema":{"@context":"https:\/\/schema.org","@graph":[{"@type":"WebPage","@id":"https:\/\/arabian-mood.com\/produit\/eau-de-parfum-mavro-200-ml-gissah\/","url":"https:\/\/arabian-mood.com\/produit\/eau-de-parfum-mavro-200-ml-gissah\/","name":"Eau de parfum Mavro 200 ml - Gissah | Parfumpour hommes","isPartOf":{"@id":"https:\/\/arabian-mood.com\/#website"},"primaryImageOfPage":{"@id":"https:\/\/arabian-mood.com\/produit\/eau-de-parfum-mavro-200-ml-gissah\/#primaryimage"},"image":{"@id":"https:\/\/arabian-mood.com\/produit\/eau-de-parfum-mavro-200-ml-gissah\/#primaryimage"},"thumbnailUrl":"https:\/\/arabian-mood.com\/wp-content\/uploads\/2025\/06\/Mavro-Gissah.jpg","datePublished":"2025-06-28T15:52:57+00:00","dateModified":"2026-04-08T16:59:56+00:00","description":"D\u00e9couvrez Mavro de Gissah : un parfum puissant aux notes fra\u00eeches, sucr\u00e9es et bois\u00e9es. Une signature moderne et intense \u00e0 tester d\u00e8s maintenant.","breadcrumb":{"@id":"https:\/\/arabian-mood.com\/produit\/eau-de-parfum-mavro-200-ml-gissah\/#breadcrumb"},"inLanguage":"es","potentialAction":[{"@type":"ReadAction","target":["https:\/\/arabian-mood.com\/produit\/eau-de-parfum-mavro-200-ml-gissah\/"]}]},{"@type":"ImageObject","inLanguage":"es","@id":"https:\/\/arabian-mood.com\/produit\/eau-de-parfum-mavro-200-ml-gissah\/#primaryimage","url":"https:\/\/arabian-mood.com\/wp-content\/uploads\/2025\/06\/Mavro-Gissah.jpg","contentUrl":"https:\/\/arabian-mood.com\/wp-content\/uploads\/2025\/06\/Mavro-Gissah.jpg","width":600,"height":600,"caption":"Mavro Gissah"},{"@type":"BreadcrumbList","@id":"https:\/\/arabian-mood.com\/produit\/eau-de-parfum-mavro-200-ml-gissah\/#breadcrumb","itemListElement":[{"@type":"ListItem","position":1,"name":"Accueil","item":"https:\/\/arabian-mood.com\/"},{"@type":"ListItem","position":2,"name":"Boutique","item":"https:\/\/arabian-mood.com\/boutique\/"},{"@type":"ListItem","position":3,"name":"Eau de parfum Mavro 200 ml &#8211; Gissah"}]},{"@type":"WebSite","@id":"https:\/\/arabian-mood.com\/#website","url":"https:\/\/arabian-mood.com\/","name":"Ambiente \u00e1rabe","description":"","publisher":{"@id":"https:\/\/arabian-mood.com\/#organization"},"potentialAction":[{"@type":"SearchAction","target":{"@type":"EntryPoint","urlTemplate":"https:\/\/arabian-mood.com\/?s={search_term_string}"},"query-input":{"@type":"PropertyValueSpecification","valueRequired":true,"valueName":"search_term_string"}}],"inLanguage":"es"},{"@type":"Organization","@id":"https:\/\/arabian-mood.com\/#organization","name":"Ambiente \u00e1rabe","url":"https:\/\/arabian-mood.com\/","logo":{"@type":"ImageObject","inLanguage":"es","@id":"https:\/\/arabian-mood.com\/#\/schema\/logo\/image\/","url":"https:\/\/arabian-mood.com\/wp-content\/uploads\/2024\/09\/Groupe-11304.svg","contentUrl":"https:\/\/arabian-mood.com\/wp-content\/uploads\/2024\/09\/Groupe-11304.svg","width":214,"height":27,"caption":"Arabian Mood"},"image":{"@id":"https:\/\/arabian-mood.com\/#\/schema\/logo\/image\/"},"sameAs":["https:\/\/www.instagram.com\/arabianmoodofficiel\/"]}]}},"_links":{"self":[{"href":"https:\/\/arabian-mood.com\/es\/wp-json\/wp\/v2\/product\/9397","targetHints":{"allow":["GET"]}}],"collection":[{"href":"https:\/\/arabian-mood.com\/es\/wp-json\/wp\/v2\/product"}],"about":[{"href":"https:\/\/arabian-mood.com\/es\/wp-json\/wp\/v2\/types\/product"}],"wp:featuredmedia":[{"embeddable":true,"href":"https:\/\/arabian-mood.com\/es\/wp-json\/wp\/v2\/media\/9398"}],"wp:attachment":[{"href":"https:\/\/arabian-mood.com\/es\/wp-json\/wp\/v2\/media?parent=9397"}],"wp:term":[{"taxonomy":"product_brand","embeddable":true,"href":"https:\/\/arabian-mood.com\/es\/wp-json\/wp\/v2\/product_brand?post=9397"},{"taxonomy":"product_cat","embeddable":true,"href":"https:\/\/arabian-mood.com\/es\/wp-json\/wp\/v2\/product_cat?post=9397"},{"taxonomy":"product_tag","embeddable":true,"href":"https:\/\/arabian-mood.com\/es\/wp-json\/wp\/v2\/product_tag?post=9397"}],"curies":[{"name":"wp","href":"https:\/\/api.w.org\/{rel}","templated":true}]}}