{"id":9642,"date":"2025-08-22T21:14:51","date_gmt":"2025-08-22T19:14:51","guid":{"rendered":"https:\/\/arabian-mood.com\/?post_type=product&#038;p=9642"},"modified":"2025-12-15T16:49:29","modified_gmt":"2025-12-15T15:49:29","slug":"berries-body-oud-100-ml-abdul-samad-al-qurashi","status":"publish","type":"product","link":"https:\/\/arabian-mood.com\/es\/produit\/berries-body-oud-100-ml-abdul-samad-al-qurashi\/","title":{"rendered":"Berries Body Oud 100 ml - Abdul Samad Al Qurashi"},"content":{"rendered":"<p>Dans <strong>Bayas Cuerpo Oud<\/strong>, <strong>Abdul Samad Al Qurashi<\/strong> a mis\u00e9 sur une association de <strong>oud<\/strong> et de <strong>fruits<\/strong>. Un m\u00e9lange qui donne lieu \u00e0 une exp\u00e9rience olfactive qui ne ressemble \u00e0 rien de ce que vous connaissez. Laissez-vous donc surprendre puis s\u00e9duire par cette fragrance qui prend de court.<\/p>\n<h2>La surprise du chef se trouve dans la note de t\u00eate de Berries Body Oud<\/h2>\n<p>Le sch\u00e9ma olfactif de cette <strong>eau de parfum unisexe<\/strong> commence avec une explosion de <strong>baies<\/strong> juteuses et de <strong>fruits sucr\u00e9s<\/strong>. Les <strong>agrumes<\/strong> viennent \u00e9quilibrer cette douceur fruit\u00e9e, tandis que les <strong>feuilles vertes<\/strong> ajoutent une touche de fra\u00eecheur naturelle. Cette entr\u00e9e p\u00e9tillante et vivante casse imm\u00e9diatement l&#8217;image aust\u00e8re qu&#8217;on se fait parfois des parfums au oud.<\/p>\n<p>Abdul Samad Al Qurashi a fond\u00e9 sa r\u00e9putation sur sa passion pour les <strong>notes bois\u00e9es<\/strong>. Mais l\u00e0, ce sont les fruits qui ont \u00e9t\u00e9 honor\u00e9s, tout comme dans <strong><a href=\"https:\/\/arabian-mood.com\/es\/product\/strawberry-musk-100-ml-abdul-samad-al-qurashi\/\">Strawberry Musc<\/a><\/strong>.<\/p>\n<p>Des <strong>notes \u00e9pic\u00e9es<\/strong> se glissent subtilement dans cette ouverture gourmande. Leur r\u00f4le ? Apporter cette <strong>chaleur orientale<\/strong> caract\u00e9ristique sans \u00e9craser les fruits. C&#8217;est d&#8217;ailleurs cet \u00e9quilibre entre fra\u00eecheur fruit\u00e9e et <strong>\u00e9pices orientales<\/strong> qui rend cette fragrance si addictive.<\/p>\n<h3>Le c\u0153ur floral et vanill\u00e9 de Berries Body Oud<\/h3>\n<p>Au fil des heures, le parfum \u00e9volue vers son c\u0153ur o\u00f9 la <strong>vainilla<\/strong> rejoint un bouquet de <strong>violettes<\/strong> et de <strong>roses<\/strong>. Ces <strong>notes florales<\/strong> d\u00e9licates adoucissent l&#8217;intensit\u00e9 de l&#8217;oud qui commence \u00e0 se r\u00e9v\u00e9ler progressivement. La vanille apporte de la douceur qui rend le parfum aussi s\u00e9duisant sur une femme que sur un homme.<\/p>\n<p>Les <strong>chips d&#8217;oud<\/strong>, immerg\u00e9es au c\u0153ur de la composition, diffusent lentement leurs facettes bois\u00e9es profondes. Contrairement aux <strong>parfums d&#8217;oud traditionnels<\/strong> qui peuvent \u00eatre \u00e9crasants, ici l&#8217;oud reste \u00e9l\u00e9gant et dos\u00e9, sublim\u00e9 par les <strong>notes sucr\u00e9es<\/strong> qui l&#8217;entourent.<\/p>\n<h3>Un fond oriental conforme \u00e0 la tradition<\/h3>\n<p>Le fond de Berries Body Oud r\u00e9v\u00e8le enfin toute la profondeur du oud royal. Ces notes bois\u00e9es riches et sensuelles cr\u00e9ent un sillage qui vous suit des heures durant. Mais m\u00eame en fond, la signature fruit\u00e9e-\u00e9pic\u00e9e reste pr\u00e9sente, rappelant que ce n&#8217;est pas un oud classique, mais bien une fragrance unique.<\/p>\n<p>Cette <strong>base orientale<\/strong> puissante assure une tenue exceptionnelle : facilement 8 \u00e0 10 heures sur la peau, et bien plus sur les v\u00eatements. Un vrai <strong>parfum oriental<\/strong> qui ne dispara\u00eet pas apr\u00e8s deux heures.<\/p>\n<p>En ce qui concerne le flacon du parfum Berries Body Oud, il est \u00e9l\u00e9gant et sobre. Il refl\u00e8te notamment la philosophie d&#8217;Abdul Samad Al Qurashi, \u00e0 savoir une pr\u00e9sentation qui laisse le parfum parler de lui-m\u00eame. D\u00e9couvrez-le et laissez-le donc devenir votre nouvelle signature olfactive. Parce qu&#8217;on peut aimer l&#8217;oud ET la fra\u00eecheur fruit\u00e9e.<\/p>","protected":false},"excerpt":{"rendered":"<p><strong>Nota de salida<\/strong> : Baies, Citron, Fruits sucr\u00e9s.<br \/>\n<strong>Nota de coraz\u00f3n<\/strong> : Citron vert, Vanille.<br \/>\n<strong>Nota de antecedentes<\/strong> : Lactonique, Romarin.<\/p>","protected":false},"featured_media":9643,"template":"","meta":[],"product_brand":[],"product_cat":[581],"product_tag":[],"class_list":{"0":"post-9642","1":"product","2":"type-product","3":"status-publish","4":"has-post-thumbnail","6":"product_cat-abdul-samad-al-qurashi","8":"first","9":"instock","10":"taxable","11":"shipping-taxable","12":"purchasable","13":"product-type-simple"},"yoast_head":"<!-- This site is optimized with the Yoast SEO plugin v27.4 - https:\/\/yoast.com\/product\/yoast-seo-wordpress\/ -->\n<title>Berries Body Oud 100 ml - Abdul Samad Al Qurashi<\/title>\n<meta name=\"robots\" content=\"index, follow, max-snippet:-1, max-image-preview:large, max-video-preview:-1\" \/>\n<link rel=\"canonical\" href=\"https:\/\/arabian-mood.com\/es\/product\/berries-body-oud-100-ml-abdul-samad-al-qurashi\/\" \/>\n<meta property=\"og:locale\" content=\"es_ES\" \/>\n<meta property=\"og:type\" content=\"article\" \/>\n<meta property=\"og:title\" content=\"Berries Body Oud 100 ml - Abdul Samad Al Qurashi\" \/>\n<meta property=\"og:description\" content=\"Note de t\u00eate : Baies, Citron, Fruits sucr\u00e9s. Note de c\u0153ur : Citron vert, Vanille. Note de fond : Lactonique, Romarin.\" \/>\n<meta property=\"og:url\" content=\"https:\/\/arabian-mood.com\/es\/product\/berries-body-oud-100-ml-abdul-samad-al-qurashi\/\" \/>\n<meta property=\"og:site_name\" content=\"Arabian Mood\" \/>\n<meta property=\"article:modified_time\" content=\"2025-12-15T15:49:29+00:00\" \/>\n<meta property=\"og:image\" content=\"https:\/\/arabian-mood.com\/wp-content\/uploads\/2025\/08\/Berries-Body-oud.jpg\" \/>\n\t<meta property=\"og:image:width\" content=\"600\" \/>\n\t<meta property=\"og:image:height\" content=\"600\" \/>\n\t<meta property=\"og:image:type\" content=\"image\/jpeg\" \/>\n<meta name=\"twitter:card\" content=\"summary_large_image\" \/>\n<meta name=\"twitter:label1\" content=\"Tiempo de lectura\" \/>\n\t<meta name=\"twitter:data1\" content=\"1 minuto\" \/>\n<script type=\"application\/ld+json\" class=\"yoast-schema-graph\">{\"@context\":\"https:\\\/\\\/schema.org\",\"@graph\":[{\"@type\":\"WebPage\",\"@id\":\"https:\\\/\\\/arabian-mood.com\\\/produit\\\/berries-body-oud-100-ml-abdul-samad-al-qurashi\\\/\",\"url\":\"https:\\\/\\\/arabian-mood.com\\\/produit\\\/berries-body-oud-100-ml-abdul-samad-al-qurashi\\\/\",\"name\":\"Berries Body Oud 100 ml - Abdul Samad Al Qurashi\",\"isPartOf\":{\"@id\":\"https:\\\/\\\/arabian-mood.com\\\/#website\"},\"primaryImageOfPage\":{\"@id\":\"https:\\\/\\\/arabian-mood.com\\\/produit\\\/berries-body-oud-100-ml-abdul-samad-al-qurashi\\\/#primaryimage\"},\"image\":{\"@id\":\"https:\\\/\\\/arabian-mood.com\\\/produit\\\/berries-body-oud-100-ml-abdul-samad-al-qurashi\\\/#primaryimage\"},\"thumbnailUrl\":\"https:\\\/\\\/arabian-mood.com\\\/wp-content\\\/uploads\\\/2025\\\/08\\\/Berries-Body-oud.jpg\",\"datePublished\":\"2025-08-22T19:14:51+00:00\",\"dateModified\":\"2025-12-15T15:49:29+00:00\",\"breadcrumb\":{\"@id\":\"https:\\\/\\\/arabian-mood.com\\\/produit\\\/berries-body-oud-100-ml-abdul-samad-al-qurashi\\\/#breadcrumb\"},\"inLanguage\":\"es\",\"potentialAction\":[{\"@type\":\"ReadAction\",\"target\":[\"https:\\\/\\\/arabian-mood.com\\\/produit\\\/berries-body-oud-100-ml-abdul-samad-al-qurashi\\\/\"]}]},{\"@type\":\"ImageObject\",\"inLanguage\":\"es\",\"@id\":\"https:\\\/\\\/arabian-mood.com\\\/produit\\\/berries-body-oud-100-ml-abdul-samad-al-qurashi\\\/#primaryimage\",\"url\":\"https:\\\/\\\/arabian-mood.com\\\/wp-content\\\/uploads\\\/2025\\\/08\\\/Berries-Body-oud.jpg\",\"contentUrl\":\"https:\\\/\\\/arabian-mood.com\\\/wp-content\\\/uploads\\\/2025\\\/08\\\/Berries-Body-oud.jpg\",\"width\":600,\"height\":600,\"caption\":\"Berries Body Oud\"},{\"@type\":\"BreadcrumbList\",\"@id\":\"https:\\\/\\\/arabian-mood.com\\\/produit\\\/berries-body-oud-100-ml-abdul-samad-al-qurashi\\\/#breadcrumb\",\"itemListElement\":[{\"@type\":\"ListItem\",\"position\":1,\"name\":\"Accueil\",\"item\":\"https:\\\/\\\/arabian-mood.com\\\/\"},{\"@type\":\"ListItem\",\"position\":2,\"name\":\"Boutique\",\"item\":\"https:\\\/\\\/arabian-mood.com\\\/boutique\\\/\"},{\"@type\":\"ListItem\",\"position\":3,\"name\":\"Berries Body Oud 100 ml &#8211; Abdul Samad Al Qurashi\"}]},{\"@type\":\"WebSite\",\"@id\":\"https:\\\/\\\/arabian-mood.com\\\/#website\",\"url\":\"https:\\\/\\\/arabian-mood.com\\\/\",\"name\":\"Arabian Mood\",\"description\":\"\",\"publisher\":{\"@id\":\"https:\\\/\\\/arabian-mood.com\\\/#organization\"},\"potentialAction\":[{\"@type\":\"SearchAction\",\"target\":{\"@type\":\"EntryPoint\",\"urlTemplate\":\"https:\\\/\\\/arabian-mood.com\\\/?s={search_term_string}\"},\"query-input\":{\"@type\":\"PropertyValueSpecification\",\"valueRequired\":true,\"valueName\":\"search_term_string\"}}],\"inLanguage\":\"es\"},{\"@type\":\"Organization\",\"@id\":\"https:\\\/\\\/arabian-mood.com\\\/#organization\",\"name\":\"Arabian Mood\",\"url\":\"https:\\\/\\\/arabian-mood.com\\\/\",\"logo\":{\"@type\":\"ImageObject\",\"inLanguage\":\"es\",\"@id\":\"https:\\\/\\\/arabian-mood.com\\\/#\\\/schema\\\/logo\\\/image\\\/\",\"url\":\"https:\\\/\\\/arabian-mood.com\\\/wp-content\\\/uploads\\\/2024\\\/09\\\/Groupe-11304.svg\",\"contentUrl\":\"https:\\\/\\\/arabian-mood.com\\\/wp-content\\\/uploads\\\/2024\\\/09\\\/Groupe-11304.svg\",\"width\":214,\"height\":27,\"caption\":\"Arabian Mood\"},\"image\":{\"@id\":\"https:\\\/\\\/arabian-mood.com\\\/#\\\/schema\\\/logo\\\/image\\\/\"},\"sameAs\":[\"https:\\\/\\\/www.instagram.com\\\/arabianmoodofficiel\\\/\"]}]}<\/script>\n<!-- \/ Yoast SEO plugin. -->","yoast_head_json":{"title":"Baya Oud Corporal 100 ml - Abdul Samad Al Qurashi","robots":{"index":"index","follow":"follow","max-snippet":"max-snippet:-1","max-image-preview":"max-image-preview:large","max-video-preview":"max-video-preview:-1"},"canonical":"https:\/\/arabian-mood.com\/es\/product\/berries-body-oud-100-ml-abdul-samad-al-qurashi\/","og_locale":"es_ES","og_type":"article","og_title":"Berries Body Oud 100 ml - Abdul Samad Al Qurashi","og_description":"Note de t\u00eate : Baies, Citron, Fruits sucr\u00e9s. Note de c\u0153ur : Citron vert, Vanille. Note de fond : Lactonique, Romarin.","og_url":"https:\/\/arabian-mood.com\/es\/product\/berries-body-oud-100-ml-abdul-samad-al-qurashi\/","og_site_name":"Arabian Mood","article_modified_time":"2025-12-15T15:49:29+00:00","og_image":[{"width":600,"height":600,"url":"https:\/\/arabian-mood.com\/wp-content\/uploads\/2025\/08\/Berries-Body-oud.jpg","type":"image\/jpeg"}],"twitter_card":"summary_large_image","twitter_misc":{"Tiempo de lectura":"1 minuto"},"schema":{"@context":"https:\/\/schema.org","@graph":[{"@type":"WebPage","@id":"https:\/\/arabian-mood.com\/produit\/berries-body-oud-100-ml-abdul-samad-al-qurashi\/","url":"https:\/\/arabian-mood.com\/produit\/berries-body-oud-100-ml-abdul-samad-al-qurashi\/","name":"Baya Oud Corporal 100 ml - Abdul Samad Al Qurashi","isPartOf":{"@id":"https:\/\/arabian-mood.com\/#website"},"primaryImageOfPage":{"@id":"https:\/\/arabian-mood.com\/produit\/berries-body-oud-100-ml-abdul-samad-al-qurashi\/#primaryimage"},"image":{"@id":"https:\/\/arabian-mood.com\/produit\/berries-body-oud-100-ml-abdul-samad-al-qurashi\/#primaryimage"},"thumbnailUrl":"https:\/\/arabian-mood.com\/wp-content\/uploads\/2025\/08\/Berries-Body-oud.jpg","datePublished":"2025-08-22T19:14:51+00:00","dateModified":"2025-12-15T15:49:29+00:00","breadcrumb":{"@id":"https:\/\/arabian-mood.com\/produit\/berries-body-oud-100-ml-abdul-samad-al-qurashi\/#breadcrumb"},"inLanguage":"es","potentialAction":[{"@type":"ReadAction","target":["https:\/\/arabian-mood.com\/produit\/berries-body-oud-100-ml-abdul-samad-al-qurashi\/"]}]},{"@type":"ImageObject","inLanguage":"es","@id":"https:\/\/arabian-mood.com\/produit\/berries-body-oud-100-ml-abdul-samad-al-qurashi\/#primaryimage","url":"https:\/\/arabian-mood.com\/wp-content\/uploads\/2025\/08\/Berries-Body-oud.jpg","contentUrl":"https:\/\/arabian-mood.com\/wp-content\/uploads\/2025\/08\/Berries-Body-oud.jpg","width":600,"height":600,"caption":"Berries Body Oud"},{"@type":"BreadcrumbList","@id":"https:\/\/arabian-mood.com\/produit\/berries-body-oud-100-ml-abdul-samad-al-qurashi\/#breadcrumb","itemListElement":[{"@type":"ListItem","position":1,"name":"Accueil","item":"https:\/\/arabian-mood.com\/"},{"@type":"ListItem","position":2,"name":"Boutique","item":"https:\/\/arabian-mood.com\/boutique\/"},{"@type":"ListItem","position":3,"name":"Berries Body Oud 100 ml &#8211; Abdul Samad Al Qurashi"}]},{"@type":"WebSite","@id":"https:\/\/arabian-mood.com\/#website","url":"https:\/\/arabian-mood.com\/","name":"Ambiente \u00e1rabe","description":"","publisher":{"@id":"https:\/\/arabian-mood.com\/#organization"},"potentialAction":[{"@type":"SearchAction","target":{"@type":"EntryPoint","urlTemplate":"https:\/\/arabian-mood.com\/?s={search_term_string}"},"query-input":{"@type":"PropertyValueSpecification","valueRequired":true,"valueName":"search_term_string"}}],"inLanguage":"es"},{"@type":"Organization","@id":"https:\/\/arabian-mood.com\/#organization","name":"Ambiente \u00e1rabe","url":"https:\/\/arabian-mood.com\/","logo":{"@type":"ImageObject","inLanguage":"es","@id":"https:\/\/arabian-mood.com\/#\/schema\/logo\/image\/","url":"https:\/\/arabian-mood.com\/wp-content\/uploads\/2024\/09\/Groupe-11304.svg","contentUrl":"https:\/\/arabian-mood.com\/wp-content\/uploads\/2024\/09\/Groupe-11304.svg","width":214,"height":27,"caption":"Arabian Mood"},"image":{"@id":"https:\/\/arabian-mood.com\/#\/schema\/logo\/image\/"},"sameAs":["https:\/\/www.instagram.com\/arabianmoodofficiel\/"]}]}},"_links":{"self":[{"href":"https:\/\/arabian-mood.com\/es\/wp-json\/wp\/v2\/product\/9642","targetHints":{"allow":["GET"]}}],"collection":[{"href":"https:\/\/arabian-mood.com\/es\/wp-json\/wp\/v2\/product"}],"about":[{"href":"https:\/\/arabian-mood.com\/es\/wp-json\/wp\/v2\/types\/product"}],"wp:featuredmedia":[{"embeddable":true,"href":"https:\/\/arabian-mood.com\/es\/wp-json\/wp\/v2\/media\/9643"}],"wp:attachment":[{"href":"https:\/\/arabian-mood.com\/es\/wp-json\/wp\/v2\/media?parent=9642"}],"wp:term":[{"taxonomy":"product_brand","embeddable":true,"href":"https:\/\/arabian-mood.com\/es\/wp-json\/wp\/v2\/product_brand?post=9642"},{"taxonomy":"product_cat","embeddable":true,"href":"https:\/\/arabian-mood.com\/es\/wp-json\/wp\/v2\/product_cat?post=9642"},{"taxonomy":"product_tag","embeddable":true,"href":"https:\/\/arabian-mood.com\/es\/wp-json\/wp\/v2\/product_tag?post=9642"}],"curies":[{"name":"wp","href":"https:\/\/api.w.org\/{rel}","templated":true}]}}