{"id":9712,"date":"2025-09-15T11:05:09","date_gmt":"2025-09-15T09:05:09","guid":{"rendered":"https:\/\/arabian-mood.com\/?post_type=product&#038;p=9712"},"modified":"2025-12-03T17:01:17","modified_gmt":"2025-12-03T16:01:17","slug":"eau-de-parfum-eclaire-pistache-100-ml-lattafa","status":"publish","type":"product","link":"https:\/\/arabian-mood.com\/es\/produit\/eau-de-parfum-eclaire-pistache-100-ml-lattafa\/","title":{"rendered":"Eau de parfum \u00c9claire Pistache 100 ml \u2013 Lattafa"},"content":{"rendered":"<p>\u00bfFan\u00e1tico de los perfumes dulces? <strong>\u00c9claire Pistache Lattafa<\/strong> te volver\u00e1 adicto. Esta fragancia hace de la pistacia una golosina incre\u00edble que huele literalmente a <strong>pasteler\u00eda oriental<\/strong>. Desde la primera pulverizaci\u00f3n, te transportas a una tienda de postres refinados.<\/p>\n<h2>La identidad olfativa de \u00c9claire Pistache Lattafa<\/h2>\n<p>La <strong>pistacho en perfumer\u00eda<\/strong> explotando en este momento, y con raz\u00f3n. Aporta algo \u00fanico: un lado tostado, cremoso y ligeramente amaderado que ninguna otra nota golosa puede ofrecer. Lattafa ha capturado perfectamente esta tendencia con esta novedad olfativa disponible en exclusiva en <strong>Ambiente \u00e1rabe<\/strong>.<\/p>\n<p>A diferencia de <strong>perfumes vainilla-caramelo<\/strong> que se ve en todas partes, este realmente destaca. El <strong>pistacho a la plancha<\/strong> recuerda a los pasteles reci\u00e9n horneados, mientras que la versi\u00f3n cremosa suaviza todo con clase.<\/p>\n<h3>Las notas del perfume \u00c9claire Pistache de Lattafa son:<\/h3>\n<p>Desde el principio, la <strong>crema de pistacho<\/strong> se impone fuertemente con las pistaches tostadas. Huele realmente a reposter\u00eda, sin ninguna nota artificial.<\/p>\n<p>En el coraz\u00f3n, el <strong>crema pastelera<\/strong> encuentra la <strong>coco<\/strong> y el <strong>cacao<\/strong>. Estas notas l\u00e1cteas crean una dulzura reconfortante sin ser demasiado pesada. Es cremoso y goloso justo lo necesario.<\/p>\n<p>Para terminar, la vainilla combina con <strong>leche azucarada<\/strong> y al <strong>almizcle blanco<\/strong>. Este tr\u00edo hace que la fragancia perdure horas en la piel con una estela suave, pero presente. El almizcle, por su parte, aporta el toque de elegancia necesario para evitar que caiga en lo demasiado dulce.<\/p>\n<h3>Lo que te har\u00e1 adicto<\/h3>\n<p>\u00c9claire Pistache Lattafa es adecuado para los amantes de <strong>fragancias gourmand<\/strong> asumidos. Tanto hombres como mujeres pueden llevarlo, aunque su perfil suave generalmente agrada m\u00e1s a las mujeres.<\/p>\n<p>Perfecto para oto\u00f1o e invierno cuando buscas calidez y confort. Su dulzura lo convierte tambi\u00e9n en una excelente elecci\u00f3n para momentos de relajaci\u00f3n y noches tranquilas. Por otro lado, \u00a1no te excedas! Dos o tres pulverizaciones son m\u00e1s que suficientes. <strong>perfume gourmand<\/strong> a una estela generosa, por lo que no necesitas usar mucha cantidad. En las mu\u00f1ecas y el cuello, se difunde perfectamente durante todo el d\u00eda.<\/p>\n<p>En cuanto al vial, es exactamente el mismo que\u2019<a href=\"https:\/\/arabian-mood.com\/es\/product\/eau-de-parfum-eclaire-banoffi-lattafa\/\"><strong>\u00c9claire Banoffee<\/strong><\/a>, salvo este bonito color verde que recuerda directamente a la pistacha. Dise\u00f1o elegante y moderno, encuentra f\u00e1cilmente su lugar en tu colecci\u00f3n de <strong>Perfumes Lattafa<\/strong>.<\/p>\n<h3>\u00c9claire Pistache Lattafa, la tendencia olfativa del momento<\/h3>\n<p>Claramente, el pistacho es LA nota golosa del momento en perfumer\u00eda. Su \u00e9xito se debe a su originalidad: ofrece la gourmandise de otra manera. Lattafa capt\u00f3 esta tendencia y cre\u00f3 una fragancia moderna destinada a un \u00e9xito deslumbrante. Tras a\u00f1os de notas frutales cl\u00e1sicas, el pistacho aporta una verdadera renovaci\u00f3n. Es fresco, diferente y, sobre todo, delicioso.<\/p>\n<p>En Arabian Mood, encuentra aut\u00e9nticos perfumes Lattafa con <strong>entrega r\u00e1pida desde Francia<\/strong>. Cada frasco, adem\u00e1s, se controla para garantizar su origen.<\/p>\n<p>Nuestra experiencia en <strong>perfumer\u00eda oriental<\/strong> le assure de descubrir las mejores referencias. \u00c9claire Pistache Lattafa es uno de nuestros best-sellers gracias a su loca originalidad.<\/p>","protected":false},"excerpt":{"rendered":"<section class=\"elementor-section elementor-inner-section elementor-element elementor-element-bd10d66 elementor-section-boxed elementor-section-height-default elementor-section-height-default\" data-id=\"bd10d66\" data-element_type=\"section\">\n<div class=\"elementor-container elementor-column-gap-default\">\n<div class=\"elementor-column elementor-col-100 elementor-inner-column elementor-element elementor-element-40f0694\" data-id=\"40f0694\" data-element_type=\"column\">\n<div class=\"elementor-widget-wrap elementor-element-populated\">\n<div class=\"elementor-element elementor-element-c183d55 elementor-widget elementor-widget-woocommerce-product-short-description\" data-id=\"c183d55\" data-element_type=\"widget\" data-widget_type=\"woocommerce-product-short-description.default\">\n<div class=\"elementor-widget-container\">\n<div class=\"woocommerce-product-details__short-description\">\n<section class=\"elementor-section elementor-inner-section elementor-element elementor-element-bd10d66 elementor-section-boxed elementor-section-height-default elementor-section-height-default\" data-id=\"bd10d66\" data-element_type=\"section\">\n<div class=\"elementor-container elementor-column-gap-default\">\n<div class=\"elementor-column elementor-col-100 elementor-inner-column elementor-element elementor-element-40f0694\" data-id=\"40f0694\" data-element_type=\"column\">\n<div class=\"elementor-widget-wrap elementor-element-populated\">\n<div class=\"elementor-element elementor-element-c183d55 elementor-widget elementor-widget-woocommerce-product-short-description\" data-id=\"c183d55\" data-element_type=\"widget\" data-widget_type=\"woocommerce-product-short-description.default\">\n<div class=\"elementor-widget-container\">\n<div class=\"woocommerce-product-details__short-description\">\n<p><strong>Nota de salida<\/strong> Crema de pistacho, Pistacho.<br \/>\n<strong>Nota de coraz\u00f3n<\/strong> Cacao, crema batida, coco.<br \/>\n<strong>Nota de antecedentes<\/strong> Leche Musk vainilla.<\/p>\n<\/div>\n<\/div>\n<\/div>\n<\/div>\n<\/div>\n<\/div>\n<\/section>\n<\/div>\n<\/div>\n<\/div>\n<\/div>\n<\/div>\n<\/div>\n<\/section>","protected":false},"featured_media":9713,"template":"","meta":[],"product_brand":[],"product_cat":[518,584,590,433],"product_tag":[],"class_list":{"0":"post-9712","1":"product","2":"type-product","3":"status-publish","4":"has-post-thumbnail","6":"product_cat-lattafa","7":"product_cat-parfum-dubai-femme","8":"product_cat-parfum-dubai-mixte","9":"product_cat-parfums-de-dubai","11":"first","12":"instock","13":"sale","14":"taxable","15":"shipping-taxable","16":"purchasable","17":"product-type-simple"},"yoast_head":"<!-- This site is optimized with the Yoast SEO plugin v27.5 - https:\/\/yoast.com\/product\/yoast-seo-wordpress\/ -->\n<title>Eau de parfum \u00c9claire Pistache 100 ml - Lattafa<\/title>\n<meta name=\"description\" content=\"Parfum \u00c9claire Pistache Lattafa : la note pistache qui cartonne. Gourmand, cr\u00e9meux, addictif. Commandez votre eau de parfum chez Arabian Mood.\" \/>\n<meta name=\"robots\" content=\"index, follow, max-snippet:-1, max-image-preview:large, max-video-preview:-1\" \/>\n<link rel=\"canonical\" href=\"https:\/\/arabian-mood.com\/es\/product\/eau-de-parfum-eclaire-pistache-100-ml-lattafa\/\" \/>\n<meta property=\"og:locale\" content=\"es_ES\" \/>\n<meta property=\"og:type\" content=\"article\" \/>\n<meta property=\"og:title\" content=\"Eau de parfum \u00c9claire Pistache 100 ml - Lattafa\" \/>\n<meta property=\"og:description\" content=\"Parfum \u00c9claire Pistache Lattafa : la note pistache qui cartonne. Gourmand, cr\u00e9meux, addictif. Commandez votre eau de parfum chez Arabian Mood.\" \/>\n<meta property=\"og:url\" content=\"https:\/\/arabian-mood.com\/es\/product\/eau-de-parfum-eclaire-pistache-100-ml-lattafa\/\" \/>\n<meta property=\"og:site_name\" content=\"Arabian Mood\" \/>\n<meta property=\"article:modified_time\" content=\"2025-12-03T16:01:17+00:00\" \/>\n<meta property=\"og:image\" content=\"https:\/\/arabian-mood.com\/wp-content\/uploads\/2025\/09\/Eclaire-Pistache-Lattafa.jpg\" \/>\n\t<meta property=\"og:image:width\" content=\"600\" \/>\n\t<meta property=\"og:image:height\" content=\"600\" \/>\n\t<meta property=\"og:image:type\" content=\"image\/jpeg\" \/>\n<meta name=\"twitter:card\" content=\"summary_large_image\" \/>\n<meta name=\"twitter:label1\" content=\"Tiempo de lectura\" \/>\n\t<meta name=\"twitter:data1\" content=\"3 minutos\" \/>\n<script type=\"application\/ld+json\" class=\"yoast-schema-graph\">{\"@context\":\"https:\\\/\\\/schema.org\",\"@graph\":[{\"@type\":\"WebPage\",\"@id\":\"https:\\\/\\\/arabian-mood.com\\\/produit\\\/eau-de-parfum-eclaire-pistache-100-ml-lattafa\\\/\",\"url\":\"https:\\\/\\\/arabian-mood.com\\\/produit\\\/eau-de-parfum-eclaire-pistache-100-ml-lattafa\\\/\",\"name\":\"Eau de parfum \u00c9claire Pistache 100 ml - Lattafa\",\"isPartOf\":{\"@id\":\"https:\\\/\\\/arabian-mood.com\\\/#website\"},\"primaryImageOfPage\":{\"@id\":\"https:\\\/\\\/arabian-mood.com\\\/produit\\\/eau-de-parfum-eclaire-pistache-100-ml-lattafa\\\/#primaryimage\"},\"image\":{\"@id\":\"https:\\\/\\\/arabian-mood.com\\\/produit\\\/eau-de-parfum-eclaire-pistache-100-ml-lattafa\\\/#primaryimage\"},\"thumbnailUrl\":\"https:\\\/\\\/arabian-mood.com\\\/wp-content\\\/uploads\\\/2025\\\/09\\\/Eclaire-Pistache-Lattafa.jpg\",\"datePublished\":\"2025-09-15T09:05:09+00:00\",\"dateModified\":\"2025-12-03T16:01:17+00:00\",\"description\":\"Parfum \u00c9claire Pistache Lattafa : la note pistache qui cartonne. Gourmand, cr\u00e9meux, addictif. Commandez votre eau de parfum chez Arabian Mood.\",\"breadcrumb\":{\"@id\":\"https:\\\/\\\/arabian-mood.com\\\/produit\\\/eau-de-parfum-eclaire-pistache-100-ml-lattafa\\\/#breadcrumb\"},\"inLanguage\":\"es\",\"potentialAction\":[{\"@type\":\"ReadAction\",\"target\":[\"https:\\\/\\\/arabian-mood.com\\\/produit\\\/eau-de-parfum-eclaire-pistache-100-ml-lattafa\\\/\"]}]},{\"@type\":\"ImageObject\",\"inLanguage\":\"es\",\"@id\":\"https:\\\/\\\/arabian-mood.com\\\/produit\\\/eau-de-parfum-eclaire-pistache-100-ml-lattafa\\\/#primaryimage\",\"url\":\"https:\\\/\\\/arabian-mood.com\\\/wp-content\\\/uploads\\\/2025\\\/09\\\/Eclaire-Pistache-Lattafa.jpg\",\"contentUrl\":\"https:\\\/\\\/arabian-mood.com\\\/wp-content\\\/uploads\\\/2025\\\/09\\\/Eclaire-Pistache-Lattafa.jpg\",\"width\":600,\"height\":600,\"caption\":\"Eclaire Pistache Lattafa\"},{\"@type\":\"BreadcrumbList\",\"@id\":\"https:\\\/\\\/arabian-mood.com\\\/produit\\\/eau-de-parfum-eclaire-pistache-100-ml-lattafa\\\/#breadcrumb\",\"itemListElement\":[{\"@type\":\"ListItem\",\"position\":1,\"name\":\"Accueil\",\"item\":\"https:\\\/\\\/arabian-mood.com\\\/\"},{\"@type\":\"ListItem\",\"position\":2,\"name\":\"Boutique\",\"item\":\"https:\\\/\\\/arabian-mood.com\\\/boutique\\\/\"},{\"@type\":\"ListItem\",\"position\":3,\"name\":\"Eau de parfum \u00c9claire Pistache 100 ml &#8211; Lattafa\"}]},{\"@type\":\"WebSite\",\"@id\":\"https:\\\/\\\/arabian-mood.com\\\/#website\",\"url\":\"https:\\\/\\\/arabian-mood.com\\\/\",\"name\":\"Arabian Mood\",\"description\":\"\",\"publisher\":{\"@id\":\"https:\\\/\\\/arabian-mood.com\\\/#organization\"},\"potentialAction\":[{\"@type\":\"SearchAction\",\"target\":{\"@type\":\"EntryPoint\",\"urlTemplate\":\"https:\\\/\\\/arabian-mood.com\\\/?s={search_term_string}\"},\"query-input\":{\"@type\":\"PropertyValueSpecification\",\"valueRequired\":true,\"valueName\":\"search_term_string\"}}],\"inLanguage\":\"es\"},{\"@type\":\"Organization\",\"@id\":\"https:\\\/\\\/arabian-mood.com\\\/#organization\",\"name\":\"Arabian Mood\",\"url\":\"https:\\\/\\\/arabian-mood.com\\\/\",\"logo\":{\"@type\":\"ImageObject\",\"inLanguage\":\"es\",\"@id\":\"https:\\\/\\\/arabian-mood.com\\\/#\\\/schema\\\/logo\\\/image\\\/\",\"url\":\"https:\\\/\\\/arabian-mood.com\\\/wp-content\\\/uploads\\\/2024\\\/09\\\/Groupe-11304.svg\",\"contentUrl\":\"https:\\\/\\\/arabian-mood.com\\\/wp-content\\\/uploads\\\/2024\\\/09\\\/Groupe-11304.svg\",\"width\":214,\"height\":27,\"caption\":\"Arabian Mood\"},\"image\":{\"@id\":\"https:\\\/\\\/arabian-mood.com\\\/#\\\/schema\\\/logo\\\/image\\\/\"},\"sameAs\":[\"https:\\\/\\\/www.instagram.com\\\/arabianmoodofficiel\\\/\"]}]}<\/script>\n<!-- \/ Yoast SEO plugin. -->","yoast_head_json":{"title":"Eau de parfum \u00c9claire Pistache 100 ml - Lattafa","description":"Parfum \u00c9claire Pistache Lattafa: la nota de pistacho que arrasa. Goloso, cremoso, adictivo. Pide tu agua de perfume en Arabian Mood.","robots":{"index":"index","follow":"follow","max-snippet":"max-snippet:-1","max-image-preview":"max-image-preview:large","max-video-preview":"max-video-preview:-1"},"canonical":"https:\/\/arabian-mood.com\/es\/product\/eau-de-parfum-eclaire-pistache-100-ml-lattafa\/","og_locale":"es_ES","og_type":"article","og_title":"Eau de parfum \u00c9claire Pistache 100 ml - Lattafa","og_description":"Parfum \u00c9claire Pistache Lattafa : la note pistache qui cartonne. Gourmand, cr\u00e9meux, addictif. Commandez votre eau de parfum chez Arabian Mood.","og_url":"https:\/\/arabian-mood.com\/es\/product\/eau-de-parfum-eclaire-pistache-100-ml-lattafa\/","og_site_name":"Arabian Mood","article_modified_time":"2025-12-03T16:01:17+00:00","og_image":[{"width":600,"height":600,"url":"https:\/\/arabian-mood.com\/wp-content\/uploads\/2025\/09\/Eclaire-Pistache-Lattafa.jpg","type":"image\/jpeg"}],"twitter_card":"summary_large_image","twitter_misc":{"Tiempo de lectura":"3 minutos"},"schema":{"@context":"https:\/\/schema.org","@graph":[{"@type":"WebPage","@id":"https:\/\/arabian-mood.com\/produit\/eau-de-parfum-eclaire-pistache-100-ml-lattafa\/","url":"https:\/\/arabian-mood.com\/produit\/eau-de-parfum-eclaire-pistache-100-ml-lattafa\/","name":"Eau de parfum \u00c9claire Pistache 100 ml - Lattafa","isPartOf":{"@id":"https:\/\/arabian-mood.com\/#website"},"primaryImageOfPage":{"@id":"https:\/\/arabian-mood.com\/produit\/eau-de-parfum-eclaire-pistache-100-ml-lattafa\/#primaryimage"},"image":{"@id":"https:\/\/arabian-mood.com\/produit\/eau-de-parfum-eclaire-pistache-100-ml-lattafa\/#primaryimage"},"thumbnailUrl":"https:\/\/arabian-mood.com\/wp-content\/uploads\/2025\/09\/Eclaire-Pistache-Lattafa.jpg","datePublished":"2025-09-15T09:05:09+00:00","dateModified":"2025-12-03T16:01:17+00:00","description":"Parfum \u00c9claire Pistache Lattafa: la nota de pistacho que arrasa. Goloso, cremoso, adictivo. Pide tu agua de perfume en Arabian Mood.","breadcrumb":{"@id":"https:\/\/arabian-mood.com\/produit\/eau-de-parfum-eclaire-pistache-100-ml-lattafa\/#breadcrumb"},"inLanguage":"es","potentialAction":[{"@type":"ReadAction","target":["https:\/\/arabian-mood.com\/produit\/eau-de-parfum-eclaire-pistache-100-ml-lattafa\/"]}]},{"@type":"ImageObject","inLanguage":"es","@id":"https:\/\/arabian-mood.com\/produit\/eau-de-parfum-eclaire-pistache-100-ml-lattafa\/#primaryimage","url":"https:\/\/arabian-mood.com\/wp-content\/uploads\/2025\/09\/Eclaire-Pistache-Lattafa.jpg","contentUrl":"https:\/\/arabian-mood.com\/wp-content\/uploads\/2025\/09\/Eclaire-Pistache-Lattafa.jpg","width":600,"height":600,"caption":"Eclaire Pistache Lattafa"},{"@type":"BreadcrumbList","@id":"https:\/\/arabian-mood.com\/produit\/eau-de-parfum-eclaire-pistache-100-ml-lattafa\/#breadcrumb","itemListElement":[{"@type":"ListItem","position":1,"name":"Accueil","item":"https:\/\/arabian-mood.com\/"},{"@type":"ListItem","position":2,"name":"Boutique","item":"https:\/\/arabian-mood.com\/boutique\/"},{"@type":"ListItem","position":3,"name":"Eau de parfum \u00c9claire Pistache 100 ml &#8211; Lattafa"}]},{"@type":"WebSite","@id":"https:\/\/arabian-mood.com\/#website","url":"https:\/\/arabian-mood.com\/","name":"Ambiente \u00e1rabe","description":"","publisher":{"@id":"https:\/\/arabian-mood.com\/#organization"},"potentialAction":[{"@type":"SearchAction","target":{"@type":"EntryPoint","urlTemplate":"https:\/\/arabian-mood.com\/?s={search_term_string}"},"query-input":{"@type":"PropertyValueSpecification","valueRequired":true,"valueName":"search_term_string"}}],"inLanguage":"es"},{"@type":"Organization","@id":"https:\/\/arabian-mood.com\/#organization","name":"Ambiente \u00e1rabe","url":"https:\/\/arabian-mood.com\/","logo":{"@type":"ImageObject","inLanguage":"es","@id":"https:\/\/arabian-mood.com\/#\/schema\/logo\/image\/","url":"https:\/\/arabian-mood.com\/wp-content\/uploads\/2024\/09\/Groupe-11304.svg","contentUrl":"https:\/\/arabian-mood.com\/wp-content\/uploads\/2024\/09\/Groupe-11304.svg","width":214,"height":27,"caption":"Arabian Mood"},"image":{"@id":"https:\/\/arabian-mood.com\/#\/schema\/logo\/image\/"},"sameAs":["https:\/\/www.instagram.com\/arabianmoodofficiel\/"]}]}},"_links":{"self":[{"href":"https:\/\/arabian-mood.com\/es\/wp-json\/wp\/v2\/product\/9712","targetHints":{"allow":["GET"]}}],"collection":[{"href":"https:\/\/arabian-mood.com\/es\/wp-json\/wp\/v2\/product"}],"about":[{"href":"https:\/\/arabian-mood.com\/es\/wp-json\/wp\/v2\/types\/product"}],"wp:featuredmedia":[{"embeddable":true,"href":"https:\/\/arabian-mood.com\/es\/wp-json\/wp\/v2\/media\/9713"}],"wp:attachment":[{"href":"https:\/\/arabian-mood.com\/es\/wp-json\/wp\/v2\/media?parent=9712"}],"wp:term":[{"taxonomy":"product_brand","embeddable":true,"href":"https:\/\/arabian-mood.com\/es\/wp-json\/wp\/v2\/product_brand?post=9712"},{"taxonomy":"product_cat","embeddable":true,"href":"https:\/\/arabian-mood.com\/es\/wp-json\/wp\/v2\/product_cat?post=9712"},{"taxonomy":"product_tag","embeddable":true,"href":"https:\/\/arabian-mood.com\/es\/wp-json\/wp\/v2\/product_tag?post=9712"}],"curies":[{"name":"wp","href":"https:\/\/api.w.org\/{rel}","templated":true}]}}