{"id":9736,"date":"2025-09-22T14:50:03","date_gmt":"2025-09-22T12:50:03","guid":{"rendered":"https:\/\/arabian-mood.com\/?post_type=product&#038;p=9736"},"modified":"2026-01-06T11:55:35","modified_gmt":"2026-01-06T10:55:35","slug":"eau-de-parfum-azm-100ml-paris-corner","status":"publish","type":"product","link":"https:\/\/arabian-mood.com\/es\/produit\/eau-de-parfum-azm-100ml-paris-corner\/","title":{"rendered":"Eau de parfum AZM 100ml \u2013 Paris Corner"},"content":{"rendered":"<section class=\"about-us\">La marca Paris Corner acaba de dar un gran golpe con <strong>AZM Paris Corner<\/strong>, es el perfume m\u00e1s nuevo que ya est\u00e1 causando furor. Lanzado en 2025, este <strong>perfume unisex<\/strong> Promete una experiencia olfativa original a un precio asequible. \u00bfPero realmente cumple sus promesas? Te lo contamos todo.<\/p>\n<h2>\u00bfPor qu\u00e9 el perfume AZM Paris Corner causa tanto furor?<\/h2>\n<p>Desde su lanzamiento, AZM de Paris Corner est\u00e1 triunfando en las redes sociales. \u00bfLa raz\u00f3n? Este <strong>eau de parfum unisex<\/strong> combina notas que rara vez se encuentran juntas: frutas jugosas, flores delicadas y madera c\u00e1lida. Todo en una botella de 100 ml que no cuesta un ojo de la cara.<\/p>\n<p>Paris Corner no es nuevo en esto. Esta casa con sede en <strong>Dub\u00e1i<\/strong> es de hecho conocida por crear <strong>perfumes orientales<\/strong> de calidad sin los precios desorbitados. Con AZM, la marca apunta claramente a un p\u00fablico joven que quiere destacar sin arruinarse.<\/p>\n<h3>\u00bfA qu\u00e9 huele exactamente el nuevo perfume AZM Paris Corner?<\/h3>\n<p>Desde el primer uso, te cautiva con sus notas afrutadas ultrarrefrescantes. <strong>Pesca<\/strong>, <strong>pera<\/strong> y <strong>mandarina<\/strong> crea una apertura energ\u00e9tica impulsada por un toque de <strong>ron<\/strong> Sorprendente, pero no desagradable.<\/p>\n<p>Despu\u00e9s de unos minutos, las cosas se vuelven m\u00e1s suaves. La <strong>nardo<\/strong> y el <strong>jazm\u00edn<\/strong> tomando el relevo con sus sensuales fragancias florales. Aqu\u00ed es donde el Eau de Parfum AZM Paris Corner muestra su lado unisex: ni demasiado femenino, ni demasiado masculino.<\/p>\n<p>Para terminar, <strong>s\u00e1ndalo<\/strong>, <strong>vainilla<\/strong>, <strong>m\u00fasculo<\/strong> y <strong>vetiver<\/strong> se unen para dar lugar a un rastro que realmente dura todo el d\u00eda. No est\u00e1 mal para un perfume asequible.<\/p>\n<h3>AZM Paris Corner se adapta a la piel de cada uno<\/h3>\n<p>Sepa tambi\u00e9n que este perfume huele diferente seg\u00fan quien lo lleve. En algunas pieles, predominan las notas afrutadas. En otras, es m\u00e1s bien el lado amaderado el que resalta. Esta adaptabilidad es, de hecho, todo el encanto de las fragancias unisex modernas.<\/p>\n<p>Hombre o mujer, no importa. AZM Paris Corner apuesta por la inclusividad total. Incluso puedes compartirlo con tu media naranja o regalarlo sin estr\u00e9s, ya que realmente sienta bien a todo el mundo. Pr\u00e1ctico y econ\u00f3mico.<\/p>\n<h2>\u00bfCu\u00e1nto tiempo dura en la piel?<\/h2>\n<p>Pero, \u00bfeste perfume unisex desaparece en dos horas como algunos? <strong>perfumes baratos<\/strong> Buena noticia: el atuendo es bastante aceptable. Tardar\u00e1 entre 6 y 9 horas seg\u00fan su tipo de piel.<\/p>\n<p>Por el contrario, en piel grasa o seca, durar\u00e1 menos tiempo. \u00a1Pero sigue siendo bastante eficaz! Su gran longevidad se justifica por las notas de fondo s\u00faper tenaces. El almizcle y el s\u00e1ndalo se adhieren realmente a la piel y contin\u00faan difundi\u00e9ndose incluso al final del d\u00eda. Un buen punto para el nuevo perfume AZM Paris Corner.<\/p>\n<p>Esta vuelta a clases es, por lo tanto, una oportunidad para que usted renueve su <strong>colecci\u00f3n personal de perfumes<\/strong>. Y lo menos que se puede decir es que Paris Corner no se ha quedado de brazos cruzados. De hecho, sus novedades no se limitan a AZM. Por ejemplo, se\u00f1oras, tambi\u00e9n pueden descubrir\u00a0<a href=\"https:\/\/arabian-mood.com\/es\/product\/eau-de-parfum-qissa-gala-paris-corner\/\"><strong>Qissa Gala<\/strong><\/a>, \u00a1el perfume que ilumina tus d\u00edas!<\/p>\n<h3>\u00a1C\u00f3mpralo al mejor precio en Arabian Mood!<\/h3>\n<p>\u00a1Cuidado con <strong>R\u00e9plicas<\/strong> que ya est\u00e1n empezando a circular. Para comprar la versi\u00f3n real, prioriza\u00a0<a href=\"https:\/\/arabian-mood.com\/es\/\"><strong>Ambiente \u00e1rabe<\/strong><\/a>, la <strong>perfumer\u00eda especializada en perfumes orientales de confianza<\/strong>.<\/p>\n<p>El formato de 100 ml es generoso y deber\u00eda durarte varios meses incluso con uso diario. La botella es sobria pero elegante, con un pulverizador que dosifica bien. Nada llamativo, pero s\u00ed s\u00f3lido.<\/p>\n<h3>Veredicto Final en AZM Paris Corner, novedad de la temporada 2025<\/h3>\n<p>Ce <strong>perfume de Dub\u00e1i<\/strong> cumple su contrato. Para quienes buscan una fragancia original, vers\u00e1til y asequible, es una excelente elecci\u00f3n. La composici\u00f3n est\u00e1 equilibrada, la duraci\u00f3n es satisfactoria y el enfoque unisex cumple sus promesas.<\/p>\n<p>El \u00fanico peque\u00f1o inconveniente: en algunas pieles, los <strong>notas afrutadas<\/strong> pueden dominar un poco demasiado al principio. Pero se equilibra r\u00e1pido. En general, Paris Corner firma aqu\u00ed un lanzamiento exitoso que merece claramente tu atenci\u00f3n. \u00bfGanas de probar AZM Paris Corner? \u00a1Adelante, tu nariz no se decepcionar\u00e1.<\/p>\n<\/section>","protected":false},"excerpt":{"rendered":"<p><strong>Nota de salida<\/strong> Mandarina, Melocot\u00f3n, Pera, Ron.<br \/>\n<strong>Nota de coraz\u00f3n<\/strong> : Jazm\u00edn, Tuberosas.<br \/>\n<strong>Nota de antecedentes<\/strong> S\u00e1ndalo, Almizcle, Vainilla, Vetiver.<\/p>","protected":false},"featured_media":9750,"template":"","meta":[],"product_brand":[],"product_cat":[590,433,523],"product_tag":[],"class_list":{"0":"post-9736","1":"product","2":"type-product","3":"status-publish","4":"has-post-thumbnail","6":"product_cat-parfum-dubai-mixte","7":"product_cat-parfums-de-dubai","8":"product_cat-paris-corner","10":"first","11":"instock","12":"sale","13":"taxable","14":"shipping-taxable","15":"purchasable","16":"product-type-simple"},"yoast_head":"<!-- This site is optimized with the Yoast SEO plugin v27.6 - https:\/\/yoast.com\/product\/yoast-seo-wordpress\/ -->\n<title>Eau de parfum AZM 100ml \u2013 Paris Corner<\/title>\n<meta name=\"description\" content=\"D\u00e9couvrez AZM Paris Corner, un parfum mixte floral fruit\u00e9 lanc\u00e9 en 2025, id\u00e9al pour ceux qui aiment les senteurs fra\u00eeches et raffin\u00e9es.\" \/>\n<meta name=\"robots\" content=\"index, follow, max-snippet:-1, max-image-preview:large, max-video-preview:-1\" \/>\n<link rel=\"canonical\" href=\"https:\/\/arabian-mood.com\/es\/product\/eau-de-parfum-azm-100ml-paris-corner\/\" \/>\n<meta property=\"og:locale\" content=\"es_ES\" \/>\n<meta property=\"og:type\" content=\"article\" \/>\n<meta property=\"og:title\" content=\"Eau de parfum AZM 100ml \u2013 Paris Corner\" \/>\n<meta property=\"og:description\" content=\"D\u00e9couvrez AZM Paris Corner, un parfum mixte floral fruit\u00e9 lanc\u00e9 en 2025, id\u00e9al pour ceux qui aiment les senteurs fra\u00eeches et raffin\u00e9es.\" \/>\n<meta property=\"og:url\" content=\"https:\/\/arabian-mood.com\/es\/product\/eau-de-parfum-azm-100ml-paris-corner\/\" \/>\n<meta property=\"og:site_name\" content=\"Arabian Mood\" \/>\n<meta property=\"article:modified_time\" content=\"2026-01-06T10:55:35+00:00\" \/>\n<meta property=\"og:image\" content=\"https:\/\/arabian-mood.com\/wp-content\/uploads\/2025\/09\/AZM-paris-corner.jpg\" \/>\n\t<meta property=\"og:image:width\" content=\"600\" \/>\n\t<meta property=\"og:image:height\" content=\"600\" \/>\n\t<meta property=\"og:image:type\" content=\"image\/jpeg\" \/>\n<meta name=\"twitter:card\" content=\"summary_large_image\" \/>\n<meta name=\"twitter:label1\" content=\"Tiempo de lectura\" \/>\n\t<meta name=\"twitter:data1\" content=\"4 minutos\" \/>\n<script type=\"application\/ld+json\" class=\"yoast-schema-graph\">{\"@context\":\"https:\\\/\\\/schema.org\",\"@graph\":[{\"@type\":\"WebPage\",\"@id\":\"https:\\\/\\\/arabian-mood.com\\\/produit\\\/eau-de-parfum-azm-100ml-paris-corner\\\/\",\"url\":\"https:\\\/\\\/arabian-mood.com\\\/produit\\\/eau-de-parfum-azm-100ml-paris-corner\\\/\",\"name\":\"Eau de parfum AZM 100ml \u2013 Paris Corner\",\"isPartOf\":{\"@id\":\"https:\\\/\\\/arabian-mood.com\\\/#website\"},\"primaryImageOfPage\":{\"@id\":\"https:\\\/\\\/arabian-mood.com\\\/produit\\\/eau-de-parfum-azm-100ml-paris-corner\\\/#primaryimage\"},\"image\":{\"@id\":\"https:\\\/\\\/arabian-mood.com\\\/produit\\\/eau-de-parfum-azm-100ml-paris-corner\\\/#primaryimage\"},\"thumbnailUrl\":\"https:\\\/\\\/arabian-mood.com\\\/wp-content\\\/uploads\\\/2025\\\/09\\\/AZM-paris-corner.jpg\",\"datePublished\":\"2025-09-22T12:50:03+00:00\",\"dateModified\":\"2026-01-06T10:55:35+00:00\",\"description\":\"D\u00e9couvrez AZM Paris Corner, un parfum mixte floral fruit\u00e9 lanc\u00e9 en 2025, id\u00e9al pour ceux qui aiment les senteurs fra\u00eeches et raffin\u00e9es.\",\"breadcrumb\":{\"@id\":\"https:\\\/\\\/arabian-mood.com\\\/produit\\\/eau-de-parfum-azm-100ml-paris-corner\\\/#breadcrumb\"},\"inLanguage\":\"es\",\"potentialAction\":[{\"@type\":\"ReadAction\",\"target\":[\"https:\\\/\\\/arabian-mood.com\\\/produit\\\/eau-de-parfum-azm-100ml-paris-corner\\\/\"]}]},{\"@type\":\"ImageObject\",\"inLanguage\":\"es\",\"@id\":\"https:\\\/\\\/arabian-mood.com\\\/produit\\\/eau-de-parfum-azm-100ml-paris-corner\\\/#primaryimage\",\"url\":\"https:\\\/\\\/arabian-mood.com\\\/wp-content\\\/uploads\\\/2025\\\/09\\\/AZM-paris-corner.jpg\",\"contentUrl\":\"https:\\\/\\\/arabian-mood.com\\\/wp-content\\\/uploads\\\/2025\\\/09\\\/AZM-paris-corner.jpg\",\"width\":600,\"height\":600,\"caption\":\"AZM paris corner\"},{\"@type\":\"BreadcrumbList\",\"@id\":\"https:\\\/\\\/arabian-mood.com\\\/produit\\\/eau-de-parfum-azm-100ml-paris-corner\\\/#breadcrumb\",\"itemListElement\":[{\"@type\":\"ListItem\",\"position\":1,\"name\":\"Accueil\",\"item\":\"https:\\\/\\\/arabian-mood.com\\\/\"},{\"@type\":\"ListItem\",\"position\":2,\"name\":\"Boutique\",\"item\":\"https:\\\/\\\/arabian-mood.com\\\/boutique\\\/\"},{\"@type\":\"ListItem\",\"position\":3,\"name\":\"Eau de parfum AZM 100ml \u2013 Paris Corner\"}]},{\"@type\":\"WebSite\",\"@id\":\"https:\\\/\\\/arabian-mood.com\\\/#website\",\"url\":\"https:\\\/\\\/arabian-mood.com\\\/\",\"name\":\"Arabian Mood\",\"description\":\"\",\"publisher\":{\"@id\":\"https:\\\/\\\/arabian-mood.com\\\/#organization\"},\"potentialAction\":[{\"@type\":\"SearchAction\",\"target\":{\"@type\":\"EntryPoint\",\"urlTemplate\":\"https:\\\/\\\/arabian-mood.com\\\/?s={search_term_string}\"},\"query-input\":{\"@type\":\"PropertyValueSpecification\",\"valueRequired\":true,\"valueName\":\"search_term_string\"}}],\"inLanguage\":\"es\"},{\"@type\":\"Organization\",\"@id\":\"https:\\\/\\\/arabian-mood.com\\\/#organization\",\"name\":\"Arabian Mood\",\"url\":\"https:\\\/\\\/arabian-mood.com\\\/\",\"logo\":{\"@type\":\"ImageObject\",\"inLanguage\":\"es\",\"@id\":\"https:\\\/\\\/arabian-mood.com\\\/#\\\/schema\\\/logo\\\/image\\\/\",\"url\":\"https:\\\/\\\/arabian-mood.com\\\/wp-content\\\/uploads\\\/2024\\\/09\\\/Groupe-11304.svg\",\"contentUrl\":\"https:\\\/\\\/arabian-mood.com\\\/wp-content\\\/uploads\\\/2024\\\/09\\\/Groupe-11304.svg\",\"width\":214,\"height\":27,\"caption\":\"Arabian Mood\"},\"image\":{\"@id\":\"https:\\\/\\\/arabian-mood.com\\\/#\\\/schema\\\/logo\\\/image\\\/\"},\"sameAs\":[\"https:\\\/\\\/www.instagram.com\\\/arabianmoodofficiel\\\/\"]}]}<\/script>\n<!-- \/ Yoast SEO plugin. -->","yoast_head_json":{"title":"Eau de parfum AZM 100ml \u2013 Paris Corner","description":"Descubre AZM Paris Corner, una fragancia mixta floral frutal lanzada en 2025, ideal para quienes aman los aromas frescos y refinados.","robots":{"index":"index","follow":"follow","max-snippet":"max-snippet:-1","max-image-preview":"max-image-preview:large","max-video-preview":"max-video-preview:-1"},"canonical":"https:\/\/arabian-mood.com\/es\/product\/eau-de-parfum-azm-100ml-paris-corner\/","og_locale":"es_ES","og_type":"article","og_title":"Eau de parfum AZM 100ml \u2013 Paris Corner","og_description":"D\u00e9couvrez AZM Paris Corner, un parfum mixte floral fruit\u00e9 lanc\u00e9 en 2025, id\u00e9al pour ceux qui aiment les senteurs fra\u00eeches et raffin\u00e9es.","og_url":"https:\/\/arabian-mood.com\/es\/product\/eau-de-parfum-azm-100ml-paris-corner\/","og_site_name":"Arabian Mood","article_modified_time":"2026-01-06T10:55:35+00:00","og_image":[{"width":600,"height":600,"url":"https:\/\/arabian-mood.com\/wp-content\/uploads\/2025\/09\/AZM-paris-corner.jpg","type":"image\/jpeg"}],"twitter_card":"summary_large_image","twitter_misc":{"Tiempo de lectura":"4 minutos"},"schema":{"@context":"https:\/\/schema.org","@graph":[{"@type":"WebPage","@id":"https:\/\/arabian-mood.com\/produit\/eau-de-parfum-azm-100ml-paris-corner\/","url":"https:\/\/arabian-mood.com\/produit\/eau-de-parfum-azm-100ml-paris-corner\/","name":"Eau de parfum AZM 100ml \u2013 Paris Corner","isPartOf":{"@id":"https:\/\/arabian-mood.com\/#website"},"primaryImageOfPage":{"@id":"https:\/\/arabian-mood.com\/produit\/eau-de-parfum-azm-100ml-paris-corner\/#primaryimage"},"image":{"@id":"https:\/\/arabian-mood.com\/produit\/eau-de-parfum-azm-100ml-paris-corner\/#primaryimage"},"thumbnailUrl":"https:\/\/arabian-mood.com\/wp-content\/uploads\/2025\/09\/AZM-paris-corner.jpg","datePublished":"2025-09-22T12:50:03+00:00","dateModified":"2026-01-06T10:55:35+00:00","description":"Descubre AZM Paris Corner, una fragancia mixta floral frutal lanzada en 2025, ideal para quienes aman los aromas frescos y refinados.","breadcrumb":{"@id":"https:\/\/arabian-mood.com\/produit\/eau-de-parfum-azm-100ml-paris-corner\/#breadcrumb"},"inLanguage":"es","potentialAction":[{"@type":"ReadAction","target":["https:\/\/arabian-mood.com\/produit\/eau-de-parfum-azm-100ml-paris-corner\/"]}]},{"@type":"ImageObject","inLanguage":"es","@id":"https:\/\/arabian-mood.com\/produit\/eau-de-parfum-azm-100ml-paris-corner\/#primaryimage","url":"https:\/\/arabian-mood.com\/wp-content\/uploads\/2025\/09\/AZM-paris-corner.jpg","contentUrl":"https:\/\/arabian-mood.com\/wp-content\/uploads\/2025\/09\/AZM-paris-corner.jpg","width":600,"height":600,"caption":"AZM paris corner"},{"@type":"BreadcrumbList","@id":"https:\/\/arabian-mood.com\/produit\/eau-de-parfum-azm-100ml-paris-corner\/#breadcrumb","itemListElement":[{"@type":"ListItem","position":1,"name":"Accueil","item":"https:\/\/arabian-mood.com\/"},{"@type":"ListItem","position":2,"name":"Boutique","item":"https:\/\/arabian-mood.com\/boutique\/"},{"@type":"ListItem","position":3,"name":"Eau de parfum AZM 100ml \u2013 Paris Corner"}]},{"@type":"WebSite","@id":"https:\/\/arabian-mood.com\/#website","url":"https:\/\/arabian-mood.com\/","name":"Ambiente \u00e1rabe","description":"","publisher":{"@id":"https:\/\/arabian-mood.com\/#organization"},"potentialAction":[{"@type":"SearchAction","target":{"@type":"EntryPoint","urlTemplate":"https:\/\/arabian-mood.com\/?s={search_term_string}"},"query-input":{"@type":"PropertyValueSpecification","valueRequired":true,"valueName":"search_term_string"}}],"inLanguage":"es"},{"@type":"Organization","@id":"https:\/\/arabian-mood.com\/#organization","name":"Ambiente \u00e1rabe","url":"https:\/\/arabian-mood.com\/","logo":{"@type":"ImageObject","inLanguage":"es","@id":"https:\/\/arabian-mood.com\/#\/schema\/logo\/image\/","url":"https:\/\/arabian-mood.com\/wp-content\/uploads\/2024\/09\/Groupe-11304.svg","contentUrl":"https:\/\/arabian-mood.com\/wp-content\/uploads\/2024\/09\/Groupe-11304.svg","width":214,"height":27,"caption":"Arabian Mood"},"image":{"@id":"https:\/\/arabian-mood.com\/#\/schema\/logo\/image\/"},"sameAs":["https:\/\/www.instagram.com\/arabianmoodofficiel\/"]}]}},"_links":{"self":[{"href":"https:\/\/arabian-mood.com\/es\/wp-json\/wp\/v2\/product\/9736","targetHints":{"allow":["GET"]}}],"collection":[{"href":"https:\/\/arabian-mood.com\/es\/wp-json\/wp\/v2\/product"}],"about":[{"href":"https:\/\/arabian-mood.com\/es\/wp-json\/wp\/v2\/types\/product"}],"wp:featuredmedia":[{"embeddable":true,"href":"https:\/\/arabian-mood.com\/es\/wp-json\/wp\/v2\/media\/9750"}],"wp:attachment":[{"href":"https:\/\/arabian-mood.com\/es\/wp-json\/wp\/v2\/media?parent=9736"}],"wp:term":[{"taxonomy":"product_brand","embeddable":true,"href":"https:\/\/arabian-mood.com\/es\/wp-json\/wp\/v2\/product_brand?post=9736"},{"taxonomy":"product_cat","embeddable":true,"href":"https:\/\/arabian-mood.com\/es\/wp-json\/wp\/v2\/product_cat?post=9736"},{"taxonomy":"product_tag","embeddable":true,"href":"https:\/\/arabian-mood.com\/es\/wp-json\/wp\/v2\/product_tag?post=9736"}],"curies":[{"name":"wp","href":"https:\/\/api.w.org\/{rel}","templated":true}]}}