{"id":3926,"date":"2021-11-03T10:10:47","date_gmt":"2021-11-03T09:10:47","guid":{"rendered":"https:\/\/arabian-mood.com\/produit\/aseel-special-edition\/"},"modified":"2026-02-23T13:49:55","modified_gmt":"2026-02-23T12:49:55","slug":"aseel-edizione-speciale","status":"publish","type":"product","link":"https:\/\/arabian-mood.com\/it\/produit\/aseel-special-edition\/","title":{"rendered":"Edizione Speciale Aseel 100 ml \u2013 Arabian Oud"},"content":{"rendered":"<p style=\"text-align: center;\">Aseel Special Edition della casa Arabian Oud \u00e8 una fragranza seducente, che non smetter\u00e0 di stupirvi. Dolce e complessa, si adatta perfettamente sia a lui che a lei.<\/p>\n<p style=\"text-align: center;\">In apertura, mandarino e nota ozonica interpretano una sinfonia frizzante per i sensi. Seguito da un cuore dolce di rosa e fiori d'arancio. Infine, la golosit\u00e0 prende forma con questo perfetto mix di pralina e vaniglia. Vera arma di seduzione, il profumo Aseel Special Edition By Arabian Oud non smetter\u00e0 di stupirti.<\/p>\n<p style=\"text-align: center;\">Come al solito, la casa Arabian Oud ha il senso del dettaglio nel suo DNA. Qui, il profumo non \u00e8 una semplice fragranza, ma una storia che si vive. Con il suo lussuoso scrigno a forma di ferro di cavallo,<span class=\"Apple-converted-space\">\u00a0 <\/span>Aseel Special Edition ci ricorda la passione equestre nella cultura araba.<span class=\"Apple-converted-space\">\u00a0<\/span><\/p>\n<p style=\"text-align: center;\">La casa di profumi Arabian Oud inizia la sua storia negli anni \u00ab80 nel regno dell'Arabia Saudita. Tra tradizione e modernit\u00e0, il marchio si distingue rapidamente con il suo famoso ingrediente millenario, l\u00bb\"OUD\".<\/p>\n<p style=\"text-align: center;\">Dal New-work a Kuala Lumpur passando per la citt\u00e0 della luce, questi profumieri hanno saputo cambiare i codici della profumeria. Premiato pi\u00f9 volte al famoso festival dei FIFI AWARDS. .<\/p>","protected":false},"excerpt":{"rendered":"<div class=\"woocommerce-product-details__short-description\">\n<p><strong>Note di testa<\/strong> Mandarine, Note d'ozono<br \/>\n<strong>Note di cuore<\/strong> Fiori d'arancio, Rosa<br \/>\n<strong>Nota di fondo<\/strong> Ambra grigia, Note legnose, Pralina, Vaniglia<\/p>\n<p><strong>Genere :<\/strong> maschile<\/p>\n<\/div>","protected":false},"featured_media":7540,"template":"","meta":[],"product_brand":[],"product_cat":[519,152,433],"product_tag":[],"class_list":{"0":"post-3926","1":"product","2":"type-product","3":"status-publish","4":"has-post-thumbnail","6":"product_cat-arabian-oud","7":"product_cat-mixte","8":"product_cat-parfums-de-dubai","10":"first","11":"instock","12":"sale","13":"purchasable","14":"product-type-simple"},"yoast_head":"<!-- This site is optimized with the Yoast SEO plugin v27.6 - https:\/\/yoast.com\/product\/yoast-seo-wordpress\/ -->\n<title>Aseel Special Edition 100 ml | Arabian Oud<\/title>\n<meta name=\"description\" content=\"Un parfum cr\u00e9\u00e9 pour incarner le luxe selon Arabian Oud. Aseel Special Edition , d\u00e9peint une beaut\u00e9 olfactive qui vous envoutera.\" \/>\n<meta name=\"robots\" content=\"index, follow, max-snippet:-1, max-image-preview:large, max-video-preview:-1\" \/>\n<link rel=\"canonical\" href=\"https:\/\/arabian-mood.com\/it\/product\/aseel-edizione-speciale\/\" \/>\n<meta property=\"og:locale\" content=\"it_IT\" \/>\n<meta property=\"og:type\" content=\"article\" \/>\n<meta property=\"og:title\" content=\"Aseel Special Edition 100 ml | Arabian Oud\" \/>\n<meta property=\"og:description\" content=\"Un parfum cr\u00e9\u00e9 pour incarner le luxe selon Arabian Oud. Aseel Special Edition , d\u00e9peint une beaut\u00e9 olfactive qui vous envoutera.\" \/>\n<meta property=\"og:url\" content=\"https:\/\/arabian-mood.com\/it\/product\/aseel-edizione-speciale\/\" \/>\n<meta property=\"og:site_name\" content=\"Arabian Mood\" \/>\n<meta property=\"article:modified_time\" content=\"2026-02-23T12:49:55+00:00\" \/>\n<meta property=\"og:image\" content=\"https:\/\/arabian-mood.com\/wp-content\/uploads\/2021\/11\/ASEEL-SPECIAL-EDITION-3.png\" \/>\n\t<meta property=\"og:image:width\" content=\"900\" \/>\n\t<meta property=\"og:image:height\" content=\"900\" \/>\n\t<meta property=\"og:image:type\" content=\"image\/png\" \/>\n<meta name=\"twitter:card\" content=\"summary_large_image\" \/>\n<meta name=\"twitter:label1\" content=\"Tempo di lettura stimato\" \/>\n\t<meta name=\"twitter:data1\" content=\"2 minuti\" \/>\n<script type=\"application\/ld+json\" class=\"yoast-schema-graph\">{\"@context\":\"https:\\\/\\\/schema.org\",\"@graph\":[{\"@type\":\"WebPage\",\"@id\":\"https:\\\/\\\/arabian-mood.com\\\/produit\\\/aseel-special-edition\\\/\",\"url\":\"https:\\\/\\\/arabian-mood.com\\\/produit\\\/aseel-special-edition\\\/\",\"name\":\"Aseel Special Edition 100 ml | Arabian Oud\",\"isPartOf\":{\"@id\":\"https:\\\/\\\/arabian-mood.com\\\/#website\"},\"primaryImageOfPage\":{\"@id\":\"https:\\\/\\\/arabian-mood.com\\\/produit\\\/aseel-special-edition\\\/#primaryimage\"},\"image\":{\"@id\":\"https:\\\/\\\/arabian-mood.com\\\/produit\\\/aseel-special-edition\\\/#primaryimage\"},\"thumbnailUrl\":\"https:\\\/\\\/arabian-mood.com\\\/wp-content\\\/uploads\\\/2021\\\/11\\\/ASEEL-SPECIAL-EDITION-3.png\",\"datePublished\":\"2021-11-03T09:10:47+00:00\",\"dateModified\":\"2026-02-23T12:49:55+00:00\",\"description\":\"Un parfum cr\u00e9\u00e9 pour incarner le luxe selon Arabian Oud. Aseel Special Edition , d\u00e9peint une beaut\u00e9 olfactive qui vous envoutera.\",\"breadcrumb\":{\"@id\":\"https:\\\/\\\/arabian-mood.com\\\/produit\\\/aseel-special-edition\\\/#breadcrumb\"},\"inLanguage\":\"it-IT\",\"potentialAction\":[{\"@type\":\"ReadAction\",\"target\":[\"https:\\\/\\\/arabian-mood.com\\\/produit\\\/aseel-special-edition\\\/\"]}]},{\"@type\":\"ImageObject\",\"inLanguage\":\"it-IT\",\"@id\":\"https:\\\/\\\/arabian-mood.com\\\/produit\\\/aseel-special-edition\\\/#primaryimage\",\"url\":\"https:\\\/\\\/arabian-mood.com\\\/wp-content\\\/uploads\\\/2021\\\/11\\\/ASEEL-SPECIAL-EDITION-3.png\",\"contentUrl\":\"https:\\\/\\\/arabian-mood.com\\\/wp-content\\\/uploads\\\/2021\\\/11\\\/ASEEL-SPECIAL-EDITION-3.png\",\"width\":900,\"height\":900,\"caption\":\"PARFUM ASEEL SPECIAL EDITION\"},{\"@type\":\"BreadcrumbList\",\"@id\":\"https:\\\/\\\/arabian-mood.com\\\/produit\\\/aseel-special-edition\\\/#breadcrumb\",\"itemListElement\":[{\"@type\":\"ListItem\",\"position\":1,\"name\":\"Accueil\",\"item\":\"https:\\\/\\\/arabian-mood.com\\\/\"},{\"@type\":\"ListItem\",\"position\":2,\"name\":\"Boutique\",\"item\":\"https:\\\/\\\/arabian-mood.com\\\/boutique\\\/\"},{\"@type\":\"ListItem\",\"position\":3,\"name\":\"Aseel Special Edition 100 ml &#8211; Arabian Oud\"}]},{\"@type\":\"WebSite\",\"@id\":\"https:\\\/\\\/arabian-mood.com\\\/#website\",\"url\":\"https:\\\/\\\/arabian-mood.com\\\/\",\"name\":\"Arabian Mood\",\"description\":\"\",\"publisher\":{\"@id\":\"https:\\\/\\\/arabian-mood.com\\\/#organization\"},\"potentialAction\":[{\"@type\":\"SearchAction\",\"target\":{\"@type\":\"EntryPoint\",\"urlTemplate\":\"https:\\\/\\\/arabian-mood.com\\\/?s={search_term_string}\"},\"query-input\":{\"@type\":\"PropertyValueSpecification\",\"valueRequired\":true,\"valueName\":\"search_term_string\"}}],\"inLanguage\":\"it-IT\"},{\"@type\":\"Organization\",\"@id\":\"https:\\\/\\\/arabian-mood.com\\\/#organization\",\"name\":\"Arabian Mood\",\"url\":\"https:\\\/\\\/arabian-mood.com\\\/\",\"logo\":{\"@type\":\"ImageObject\",\"inLanguage\":\"it-IT\",\"@id\":\"https:\\\/\\\/arabian-mood.com\\\/#\\\/schema\\\/logo\\\/image\\\/\",\"url\":\"https:\\\/\\\/arabian-mood.com\\\/wp-content\\\/uploads\\\/2024\\\/09\\\/Groupe-11304.svg\",\"contentUrl\":\"https:\\\/\\\/arabian-mood.com\\\/wp-content\\\/uploads\\\/2024\\\/09\\\/Groupe-11304.svg\",\"width\":214,\"height\":27,\"caption\":\"Arabian Mood\"},\"image\":{\"@id\":\"https:\\\/\\\/arabian-mood.com\\\/#\\\/schema\\\/logo\\\/image\\\/\"},\"sameAs\":[\"https:\\\/\\\/www.instagram.com\\\/arabianmoodofficiel\\\/\"]}]}<\/script>\n<!-- \/ Yoast SEO plugin. -->","yoast_head_json":{"title":"Aseel Special Edition 100 ml | Arabian Oud","description":"Un profumo creato per incarnare il lusso secondo Arabian Oud. Aseel Special Edition, ritrae una bellezza olfattiva che ti incanter\u00e0.","robots":{"index":"index","follow":"follow","max-snippet":"max-snippet:-1","max-image-preview":"max-image-preview:large","max-video-preview":"max-video-preview:-1"},"canonical":"https:\/\/arabian-mood.com\/it\/product\/aseel-edizione-speciale\/","og_locale":"it_IT","og_type":"article","og_title":"Aseel Special Edition 100 ml | Arabian Oud","og_description":"Un parfum cr\u00e9\u00e9 pour incarner le luxe selon Arabian Oud. Aseel Special Edition , d\u00e9peint une beaut\u00e9 olfactive qui vous envoutera.","og_url":"https:\/\/arabian-mood.com\/it\/product\/aseel-edizione-speciale\/","og_site_name":"Arabian Mood","article_modified_time":"2026-02-23T12:49:55+00:00","og_image":[{"width":900,"height":900,"url":"https:\/\/arabian-mood.com\/wp-content\/uploads\/2021\/11\/ASEEL-SPECIAL-EDITION-3.png","type":"image\/png"}],"twitter_card":"summary_large_image","twitter_misc":{"Tempo di lettura stimato":"2 minuti"},"schema":{"@context":"https:\/\/schema.org","@graph":[{"@type":"WebPage","@id":"https:\/\/arabian-mood.com\/produit\/aseel-special-edition\/","url":"https:\/\/arabian-mood.com\/produit\/aseel-special-edition\/","name":"Aseel Special Edition 100 ml | Arabian Oud","isPartOf":{"@id":"https:\/\/arabian-mood.com\/#website"},"primaryImageOfPage":{"@id":"https:\/\/arabian-mood.com\/produit\/aseel-special-edition\/#primaryimage"},"image":{"@id":"https:\/\/arabian-mood.com\/produit\/aseel-special-edition\/#primaryimage"},"thumbnailUrl":"https:\/\/arabian-mood.com\/wp-content\/uploads\/2021\/11\/ASEEL-SPECIAL-EDITION-3.png","datePublished":"2021-11-03T09:10:47+00:00","dateModified":"2026-02-23T12:49:55+00:00","description":"Un profumo creato per incarnare il lusso secondo Arabian Oud. Aseel Special Edition, ritrae una bellezza olfattiva che ti incanter\u00e0.","breadcrumb":{"@id":"https:\/\/arabian-mood.com\/produit\/aseel-special-edition\/#breadcrumb"},"inLanguage":"it-IT","potentialAction":[{"@type":"ReadAction","target":["https:\/\/arabian-mood.com\/produit\/aseel-special-edition\/"]}]},{"@type":"ImageObject","inLanguage":"it-IT","@id":"https:\/\/arabian-mood.com\/produit\/aseel-special-edition\/#primaryimage","url":"https:\/\/arabian-mood.com\/wp-content\/uploads\/2021\/11\/ASEEL-SPECIAL-EDITION-3.png","contentUrl":"https:\/\/arabian-mood.com\/wp-content\/uploads\/2021\/11\/ASEEL-SPECIAL-EDITION-3.png","width":900,"height":900,"caption":"PARFUM ASEEL SPECIAL EDITION"},{"@type":"BreadcrumbList","@id":"https:\/\/arabian-mood.com\/produit\/aseel-special-edition\/#breadcrumb","itemListElement":[{"@type":"ListItem","position":1,"name":"Accueil","item":"https:\/\/arabian-mood.com\/"},{"@type":"ListItem","position":2,"name":"Boutique","item":"https:\/\/arabian-mood.com\/boutique\/"},{"@type":"ListItem","position":3,"name":"Aseel Special Edition 100 ml &#8211; Arabian Oud"}]},{"@type":"WebSite","@id":"https:\/\/arabian-mood.com\/#website","url":"https:\/\/arabian-mood.com\/","name":"Atmosfera Araba","description":"","publisher":{"@id":"https:\/\/arabian-mood.com\/#organization"},"potentialAction":[{"@type":"SearchAction","target":{"@type":"EntryPoint","urlTemplate":"https:\/\/arabian-mood.com\/?s={search_term_string}"},"query-input":{"@type":"PropertyValueSpecification","valueRequired":true,"valueName":"search_term_string"}}],"inLanguage":"it-IT"},{"@type":"Organization","@id":"https:\/\/arabian-mood.com\/#organization","name":"Atmosfera Araba","url":"https:\/\/arabian-mood.com\/","logo":{"@type":"ImageObject","inLanguage":"it-IT","@id":"https:\/\/arabian-mood.com\/#\/schema\/logo\/image\/","url":"https:\/\/arabian-mood.com\/wp-content\/uploads\/2024\/09\/Groupe-11304.svg","contentUrl":"https:\/\/arabian-mood.com\/wp-content\/uploads\/2024\/09\/Groupe-11304.svg","width":214,"height":27,"caption":"Arabian Mood"},"image":{"@id":"https:\/\/arabian-mood.com\/#\/schema\/logo\/image\/"},"sameAs":["https:\/\/www.instagram.com\/arabianmoodofficiel\/"]}]}},"_links":{"self":[{"href":"https:\/\/arabian-mood.com\/it\/wp-json\/wp\/v2\/product\/3926","targetHints":{"allow":["GET"]}}],"collection":[{"href":"https:\/\/arabian-mood.com\/it\/wp-json\/wp\/v2\/product"}],"about":[{"href":"https:\/\/arabian-mood.com\/it\/wp-json\/wp\/v2\/types\/product"}],"wp:featuredmedia":[{"embeddable":true,"href":"https:\/\/arabian-mood.com\/it\/wp-json\/wp\/v2\/media\/7540"}],"wp:attachment":[{"href":"https:\/\/arabian-mood.com\/it\/wp-json\/wp\/v2\/media?parent=3926"}],"wp:term":[{"taxonomy":"product_brand","embeddable":true,"href":"https:\/\/arabian-mood.com\/it\/wp-json\/wp\/v2\/product_brand?post=3926"},{"taxonomy":"product_cat","embeddable":true,"href":"https:\/\/arabian-mood.com\/it\/wp-json\/wp\/v2\/product_cat?post=3926"},{"taxonomy":"product_tag","embeddable":true,"href":"https:\/\/arabian-mood.com\/it\/wp-json\/wp\/v2\/product_tag?post=3926"}],"curies":[{"name":"wp","href":"https:\/\/api.w.org\/{rel}","templated":true}]}}